{"id":987680,"date":"2024-04-12T15:21:56","date_gmt":"2024-04-12T13:21:56","guid":{"rendered":"https:\/\/hubsch-interior.com\/product\/product\/"},"modified":"2026-04-14T04:54:19","modified_gmt":"2026-04-14T02:54:19","slug":"attract-magnete-naturfarben-2","status":"publish","type":"product","link":"https:\/\/hubsch-interior.com\/de\/produkt\/attract-magnete-naturfarben-2\/","title":{"rendered":"Attract Magnete Naturfarben"},"content":{"rendered":"<p>Entdecken Sie den Charme der Attract Magnete, gefertigt aus feinstem Eichenholz f\u00fcr ein quintessentiell minimalistisches Design. Diese Magnete \u00fcberzeugen mit einer starken Haftkraft, die sicherstellt, dass Ihre gesch\u00e4tzten Notizen und Fotos sicher an ihrem Platz bleiben. Mit ihrem eleganten, nat\u00fcrlichen Aussehen f\u00fcgen sie sich nahtlos in Ihre Wohnkultur ein und bereichern jeden Arbeitsplatz oder jede K\u00fcche. Genie\u00dfen Sie die Einfachheit und Funktionalit\u00e4t der Attract Magnete und bringen Sie einen Hauch von nat\u00fcrlicher Sch\u00f6nheit in Ihren Alltag.<\/p>\n","protected":false},"excerpt":{"rendered":"<p>Entdecken Sie den Charme der Attract Magnete, gefertigt aus feinstem Eichenholz f\u00fcr ein quintessentiell minimalistisches Design. Diese Magnete \u00fcberzeugen mit einer starken Haftkraft, die sicherstellt, dass Ihre gesch\u00e4tzten Notizen und Fotos sicher an ihrem Platz bleiben. Mit ihrem eleganten, nat\u00fcrlichen Aussehen f\u00fcgen sie sich nahtlos in Ihre Wohnkultur ein und bereichern jeden Arbeitsplatz oder jede [&hellip;]<\/p>\n","protected":false},"featured_media":1104057,"template":"","meta":{"_acf_changed":false,"inline_featured_image":false},"product_brand":[],"product_cat":[4155,4156,5027],"product_tag":[],"class_list":{"0":"post-987680","1":"product","2":"type-product","3":"status-publish","4":"has-post-thumbnail","6":"product_cat-buero-de","7":"product_cat-bueroartikel-de","8":"product_cat-bestsellers-de","9":"product_shipping_class-pk","11":"pa_color-naturfarben-2","12":"pa_material-eichenholz","14":"first","15":"instock","16":"featured","17":"taxable","18":"shipping-taxable","19":"purchasable","20":"product-type-simple"},"exclude_global_add_ons":[],"addons":[],"acf":[],"yoast_head":"<!-- This site is optimized with the Yoast SEO plugin v26.4 - https:\/\/yoast.com\/wordpress\/plugins\/seo\/ -->\n<title>Attract Magnete Naturfarben - H\u00fcbsch<\/title>\n<meta name=\"description\" content=\"Entdecken Sie den Charme der Attract Magnete, gefertigt aus feinstem Eichenholz f\u00fcr ein quintessentiell minimalistisches Design. Diese Magnete \u00fcberzeugen\" \/>\n<meta name=\"robots\" content=\"index, follow, max-snippet:-1, max-image-preview:large, max-video-preview:-1\" \/>\n<link rel=\"canonical\" href=\"https:\/\/hubsch-interior.com\/de\/wp-json\/wp\/v2\/product\/987680\" \/>\n<meta property=\"og:locale\" content=\"de_DE\" \/>\n<meta property=\"og:type\" content=\"article\" \/>\n<meta property=\"og:title\" content=\"Attract Magnete Naturfarben - H\u00fcbsch\" \/>\n<meta property=\"og:description\" content=\"Entdecken Sie den Charme der Attract Magnete, gefertigt aus feinstem Eichenholz f\u00fcr ein quintessentiell minimalistisches Design. Diese Magnete \u00fcberzeugen\" \/>\n<meta property=\"og:url\" content=\"https:\/\/hubsch-interior.com\/de\/produkt\/attract-magnete-naturfarben-2\/\" \/>\n<meta property=\"og:site_name\" content=\"H\u00fcbsch\" \/>\n<meta property=\"article:modified_time\" content=\"2026-04-14T02:54:19+00:00\" \/>\n<meta property=\"og:image\" content=\"https:\/\/hubsch-interior.com\/wp-content\/uploads\/2026\/02\/attract-magnets-natural-f846072f1c9f85707971a9e48d6ba7fb.jpg\" \/>\n\t<meta property=\"og:image:width\" content=\"1024\" \/>\n\t<meta property=\"og:image:height\" content=\"1024\" \/>\n\t<meta property=\"og:image:type\" content=\"image\/jpeg\" \/>\n<meta name=\"twitter:card\" content=\"summary_large_image\" \/>\n<script type=\"application\/ld+json\" class=\"yoast-schema-graph\">{\"@context\":\"https:\/\/schema.org\",\"@graph\":[{\"@type\":\"WebPage\",\"@id\":\"https:\/\/hubsch-interior.com\/de\/produkt\/attract-magnete-naturfarben-2\/\",\"url\":\"https:\/\/hubsch-interior.com\/de\/produkt\/attract-magnete-naturfarben-2\/\",\"name\":\"Attract Magnete Naturfarben - H\u00fcbsch\",\"isPartOf\":{\"@id\":\"https:\/\/hubsch-interior.com\/de\/#website\"},\"primaryImageOfPage\":{\"@id\":\"https:\/\/hubsch-interior.com\/de\/produkt\/attract-magnete-naturfarben-2\/#primaryimage\"},\"image\":{\"@id\":\"https:\/\/hubsch-interior.com\/de\/produkt\/attract-magnete-naturfarben-2\/#primaryimage\"},\"thumbnailUrl\":\"https:\/\/hubsch-interior.com\/wp-content\/uploads\/2026\/02\/attract-magnets-natural-f846072f1c9f85707971a9e48d6ba7fb.jpg\",\"datePublished\":\"2024-04-12T13:21:56+00:00\",\"dateModified\":\"2026-04-14T02:54:19+00:00\",\"description\":\"Entdecken Sie den Charme der Attract Magnete, gefertigt aus feinstem Eichenholz f\u00fcr ein quintessentiell minimalistisches Design. Diese Magnete \u00fcberzeugen\",\"breadcrumb\":{\"@id\":\"https:\/\/hubsch-interior.com\/de\/produkt\/attract-magnete-naturfarben-2\/#breadcrumb\"},\"inLanguage\":\"de\",\"potentialAction\":[{\"@type\":\"ReadAction\",\"target\":[\"https:\/\/hubsch-interior.com\/de\/produkt\/attract-magnete-naturfarben-2\/\"]}]},{\"@type\":\"ImageObject\",\"inLanguage\":\"de\",\"@id\":\"https:\/\/hubsch-interior.com\/de\/produkt\/attract-magnete-naturfarben-2\/#primaryimage\",\"url\":\"https:\/\/hubsch-interior.com\/wp-content\/uploads\/2026\/02\/attract-magnets-natural-f846072f1c9f85707971a9e48d6ba7fb.jpg\",\"contentUrl\":\"https:\/\/hubsch-interior.com\/wp-content\/uploads\/2026\/02\/attract-magnets-natural-f846072f1c9f85707971a9e48d6ba7fb.jpg\",\"width\":1024,\"height\":1024},{\"@type\":\"BreadcrumbList\",\"@id\":\"https:\/\/hubsch-interior.com\/de\/produkt\/attract-magnete-naturfarben-2\/#breadcrumb\",\"itemListElement\":[{\"@type\":\"ListItem\",\"position\":1,\"name\":\"Startseite\",\"item\":\"https:\/\/hubsch-interior.com\/de\/\"},{\"@type\":\"ListItem\",\"position\":2,\"name\":\"Produkte\",\"item\":\"https:\/\/hubsch-interior.com\/de\/shop-2\/\"},{\"@type\":\"ListItem\",\"position\":3,\"name\":\"Wohnaccessoires\",\"item\":\"https:\/\/hubsch-interior.com\/de\/produkt-kategorie\/wohnaccessoires\/\"},{\"@type\":\"ListItem\",\"position\":4,\"name\":\"B&uuml;ro\",\"item\":\"https:\/\/hubsch-interior.com\/de\/produkt-kategorie\/wohnaccessoires\/buero-de\/\"},{\"@type\":\"ListItem\",\"position\":5,\"name\":\"B&uuml;roartikel\",\"item\":\"https:\/\/hubsch-interior.com\/de\/produkt-kategorie\/wohnaccessoires\/buero-de\/bueroartikel-de\/\"},{\"@type\":\"ListItem\",\"position\":6,\"name\":\"Attract Magnete Naturfarben\"}]},{\"@type\":\"WebSite\",\"@id\":\"https:\/\/hubsch-interior.com\/de\/#website\",\"url\":\"https:\/\/hubsch-interior.com\/de\/\",\"name\":\"H\u00fcbsch\",\"description\":\"Danish Home Interior and Design\",\"publisher\":{\"@id\":\"https:\/\/hubsch-interior.com\/de\/#organization\"},\"potentialAction\":[{\"@type\":\"SearchAction\",\"target\":{\"@type\":\"EntryPoint\",\"urlTemplate\":\"https:\/\/hubsch-interior.com\/de\/?s={search_term_string}\"},\"query-input\":{\"@type\":\"PropertyValueSpecification\",\"valueRequired\":true,\"valueName\":\"search_term_string\"}}],\"inLanguage\":\"de\"},{\"@type\":\"Organization\",\"@id\":\"https:\/\/hubsch-interior.com\/de\/#organization\",\"name\":\"H\u00fcbsch\",\"url\":\"https:\/\/hubsch-interior.com\/de\/\",\"logo\":{\"@type\":\"ImageObject\",\"inLanguage\":\"de\",\"@id\":\"https:\/\/hubsch-interior.com\/de\/#\/schema\/logo\/image\/\",\"url\":\"https:\/\/hubsch-interior.com\/wp-content\/uploads\/2022\/12\/Hubsch_logo_black_one_line.svg\",\"contentUrl\":\"https:\/\/hubsch-interior.com\/wp-content\/uploads\/2022\/12\/Hubsch_logo_black_one_line.svg\",\"caption\":\"H\u00fcbsch\"},\"image\":{\"@id\":\"https:\/\/hubsch-interior.com\/de\/#\/schema\/logo\/image\/\"}}]}<\/script>\n<!-- \/ Yoast SEO plugin. -->","yoast_head_json":{"title":"Attract Magnete Naturfarben - H\u00fcbsch","description":"Entdecken Sie den Charme der Attract Magnete, gefertigt aus feinstem Eichenholz f\u00fcr ein quintessentiell minimalistisches Design. Diese Magnete \u00fcberzeugen","robots":{"index":"index","follow":"follow","max-snippet":"max-snippet:-1","max-image-preview":"max-image-preview:large","max-video-preview":"max-video-preview:-1"},"canonical":"https:\/\/hubsch-interior.com\/de\/wp-json\/wp\/v2\/product\/987680","og_locale":"de_DE","og_type":"article","og_title":"Attract Magnete Naturfarben - H\u00fcbsch","og_description":"Entdecken Sie den Charme der Attract Magnete, gefertigt aus feinstem Eichenholz f\u00fcr ein quintessentiell minimalistisches Design. Diese Magnete \u00fcberzeugen","og_url":"https:\/\/hubsch-interior.com\/de\/produkt\/attract-magnete-naturfarben-2\/","og_site_name":"H\u00fcbsch","article_modified_time":"2026-04-14T02:54:19+00:00","og_image":[{"width":1024,"height":1024,"url":"https:\/\/hubsch-interior.com\/wp-content\/uploads\/2026\/02\/attract-magnets-natural-f846072f1c9f85707971a9e48d6ba7fb.jpg","type":"image\/jpeg"}],"twitter_card":"summary_large_image","schema":{"@context":"https:\/\/schema.org","@graph":[{"@type":"WebPage","@id":"https:\/\/hubsch-interior.com\/de\/produkt\/attract-magnete-naturfarben-2\/","url":"https:\/\/hubsch-interior.com\/de\/produkt\/attract-magnete-naturfarben-2\/","name":"Attract Magnete Naturfarben - H\u00fcbsch","isPartOf":{"@id":"https:\/\/hubsch-interior.com\/de\/#website"},"primaryImageOfPage":{"@id":"https:\/\/hubsch-interior.com\/de\/produkt\/attract-magnete-naturfarben-2\/#primaryimage"},"image":{"@id":"https:\/\/hubsch-interior.com\/de\/produkt\/attract-magnete-naturfarben-2\/#primaryimage"},"thumbnailUrl":"https:\/\/hubsch-interior.com\/wp-content\/uploads\/2026\/02\/attract-magnets-natural-f846072f1c9f85707971a9e48d6ba7fb.jpg","datePublished":"2024-04-12T13:21:56+00:00","dateModified":"2026-04-14T02:54:19+00:00","description":"Entdecken Sie den Charme der Attract Magnete, gefertigt aus feinstem Eichenholz f\u00fcr ein quintessentiell minimalistisches Design. Diese Magnete \u00fcberzeugen","breadcrumb":{"@id":"https:\/\/hubsch-interior.com\/de\/produkt\/attract-magnete-naturfarben-2\/#breadcrumb"},"inLanguage":"de","potentialAction":[{"@type":"ReadAction","target":["https:\/\/hubsch-interior.com\/de\/produkt\/attract-magnete-naturfarben-2\/"]}]},{"@type":"ImageObject","inLanguage":"de","@id":"https:\/\/hubsch-interior.com\/de\/produkt\/attract-magnete-naturfarben-2\/#primaryimage","url":"https:\/\/hubsch-interior.com\/wp-content\/uploads\/2026\/02\/attract-magnets-natural-f846072f1c9f85707971a9e48d6ba7fb.jpg","contentUrl":"https:\/\/hubsch-interior.com\/wp-content\/uploads\/2026\/02\/attract-magnets-natural-f846072f1c9f85707971a9e48d6ba7fb.jpg","width":1024,"height":1024},{"@type":"BreadcrumbList","@id":"https:\/\/hubsch-interior.com\/de\/produkt\/attract-magnete-naturfarben-2\/#breadcrumb","itemListElement":[{"@type":"ListItem","position":1,"name":"Startseite","item":"https:\/\/hubsch-interior.com\/de\/"},{"@type":"ListItem","position":2,"name":"Produkte","item":"https:\/\/hubsch-interior.com\/de\/shop-2\/"},{"@type":"ListItem","position":3,"name":"Wohnaccessoires","item":"https:\/\/hubsch-interior.com\/de\/produkt-kategorie\/wohnaccessoires\/"},{"@type":"ListItem","position":4,"name":"B&uuml;ro","item":"https:\/\/hubsch-interior.com\/de\/produkt-kategorie\/wohnaccessoires\/buero-de\/"},{"@type":"ListItem","position":5,"name":"B&uuml;roartikel","item":"https:\/\/hubsch-interior.com\/de\/produkt-kategorie\/wohnaccessoires\/buero-de\/bueroartikel-de\/"},{"@type":"ListItem","position":6,"name":"Attract Magnete Naturfarben"}]},{"@type":"WebSite","@id":"https:\/\/hubsch-interior.com\/de\/#website","url":"https:\/\/hubsch-interior.com\/de\/","name":"H\u00fcbsch","description":"Danish Home Interior and Design","publisher":{"@id":"https:\/\/hubsch-interior.com\/de\/#organization"},"potentialAction":[{"@type":"SearchAction","target":{"@type":"EntryPoint","urlTemplate":"https:\/\/hubsch-interior.com\/de\/?s={search_term_string}"},"query-input":{"@type":"PropertyValueSpecification","valueRequired":true,"valueName":"search_term_string"}}],"inLanguage":"de"},{"@type":"Organization","@id":"https:\/\/hubsch-interior.com\/de\/#organization","name":"H\u00fcbsch","url":"https:\/\/hubsch-interior.com\/de\/","logo":{"@type":"ImageObject","inLanguage":"de","@id":"https:\/\/hubsch-interior.com\/de\/#\/schema\/logo\/image\/","url":"https:\/\/hubsch-interior.com\/wp-content\/uploads\/2022\/12\/Hubsch_logo_black_one_line.svg","contentUrl":"https:\/\/hubsch-interior.com\/wp-content\/uploads\/2022\/12\/Hubsch_logo_black_one_line.svg","caption":"H\u00fcbsch"},"image":{"@id":"https:\/\/hubsch-interior.com\/de\/#\/schema\/logo\/image\/"}}]}},"_links":{"self":[{"href":"https:\/\/hubsch-interior.com\/de\/wp-json\/wp\/v2\/product\/987680","targetHints":{"allow":["GET"]}}],"collection":[{"href":"https:\/\/hubsch-interior.com\/de\/wp-json\/wp\/v2\/product"}],"about":[{"href":"https:\/\/hubsch-interior.com\/de\/wp-json\/wp\/v2\/types\/product"}],"wp:featuredmedia":[{"embeddable":true,"href":"https:\/\/hubsch-interior.com\/de\/wp-json\/wp\/v2\/media\/1104057"}],"wp:attachment":[{"href":"https:\/\/hubsch-interior.com\/de\/wp-json\/wp\/v2\/media?parent=987680"}],"wp:term":[{"taxonomy":"product_brand","embeddable":true,"href":"https:\/\/hubsch-interior.com\/de\/wp-json\/wp\/v2\/product_brand?post=987680"},{"taxonomy":"product_cat","embeddable":true,"href":"https:\/\/hubsch-interior.com\/de\/wp-json\/wp\/v2\/product_cat?post=987680"},{"taxonomy":"product_tag","embeddable":true,"href":"https:\/\/hubsch-interior.com\/de\/wp-json\/wp\/v2\/product_tag?post=987680"}],"curies":[{"name":"wp","href":"https:\/\/api.w.org\/{rel}","templated":true}]}}