{"id":994304,"date":"2024-07-09T15:02:44","date_gmt":"2024-07-09T13:02:44","guid":{"rendered":"https:\/\/hubsch-interior.com\/product\/product\/"},"modified":"2026-04-11T05:07:29","modified_gmt":"2026-04-11T03:07:29","slug":"moving-hangelampe-weis","status":"publish","type":"product","link":"https:\/\/hubsch-interior.com\/de\/produkt\/moving-hangelampe-weis\/","title":{"rendered":"Moving H\u00e4ngelampe Wei\u00df"},"content":{"rendered":"<p>Die Moving H\u00e4ngelampe Wei\u00df ist ideal f\u00fcr Ihr Wohnzimmer. Sie besteht aus robustem Metall und hat ein schlichtes, aber elegantes Design. Durch die Wei\u00dfe Farbe passt sie sich perfekt in jedes Wohnambiente an. Sie bringt helle und warme Licht in Ihr Zuhause und verleiht Ihrem Wohnzimmer eine besondere Atmosph\u00e4re. Mit dieser H\u00e4ngelampe k\u00f6nnen Sie Ihr Wohnzimmer stilvoll aufwerten.<\/p>\n","protected":false},"excerpt":{"rendered":"<p>Die Moving H\u00e4ngelampe Wei\u00df ist ideal f\u00fcr Ihr Wohnzimmer. Sie besteht aus robustem Metall und hat ein schlichtes, aber elegantes Design. Durch die Wei\u00dfe Farbe passt sie sich perfekt in jedes Wohnambiente an. Sie bringt helle und warme Licht in Ihr Zuhause und verleiht Ihrem Wohnzimmer eine besondere Atmosph\u00e4re. Mit dieser H\u00e4ngelampe k\u00f6nnen Sie Ihr [&hellip;]<\/p>\n","protected":false},"featured_media":1108520,"template":"","meta":{"_acf_changed":false,"inline_featured_image":false},"product_brand":[],"product_cat":[3809,4148],"product_tag":[],"class_list":{"0":"post-994304","1":"product","2":"type-product","3":"status-publish","4":"has-post-thumbnail","6":"product_cat-beleuchtung","7":"product_cat-haengelampen-de","8":"product_shipping_class-pk","10":"pa_color-wei","11":"pa_material-eisen-de","13":"first","14":"instock","15":"taxable","16":"shipping-taxable","17":"purchasable","18":"product-type-simple"},"exclude_global_add_ons":[],"addons":[],"acf":[],"yoast_head":"<!-- This site is optimized with the Yoast SEO plugin v26.4 - https:\/\/yoast.com\/wordpress\/plugins\/seo\/ -->\n<title>Moving H\u00e4ngelampe Wei\u00df - H\u00fcbsch<\/title>\n<meta name=\"description\" content=\"Die Moving H\u00e4ngelampe Wei\u00df ist ideal f\u00fcr Ihr Wohnzimmer. Sie besteht aus robustem Metall und hat ein schlichtes, aber elegantes Design. Durch die Wei\u00dfe\" \/>\n<meta name=\"robots\" content=\"index, follow, max-snippet:-1, max-image-preview:large, max-video-preview:-1\" \/>\n<link rel=\"canonical\" href=\"https:\/\/hubsch-interior.com\/de\/wp-json\/wp\/v2\/product\/994304\" \/>\n<meta property=\"og:locale\" content=\"de_DE\" \/>\n<meta property=\"og:type\" content=\"article\" \/>\n<meta property=\"og:title\" content=\"Moving H\u00e4ngelampe Wei\u00df - H\u00fcbsch\" \/>\n<meta property=\"og:description\" content=\"Die Moving H\u00e4ngelampe Wei\u00df ist ideal f\u00fcr Ihr Wohnzimmer. Sie besteht aus robustem Metall und hat ein schlichtes, aber elegantes Design. Durch die Wei\u00dfe\" \/>\n<meta property=\"og:url\" content=\"https:\/\/hubsch-interior.com\/de\/produkt\/moving-hangelampe-weis\/\" \/>\n<meta property=\"og:site_name\" content=\"H\u00fcbsch\" \/>\n<meta property=\"article:modified_time\" content=\"2026-04-11T03:07:29+00:00\" \/>\n<meta property=\"og:image\" content=\"https:\/\/hubsch-interior.com\/wp-content\/uploads\/2024\/07\/moving-ceiling-lamp-white-9290d1087a56b46177aba5f698f58d29.jpg\" \/>\n\t<meta property=\"og:image:width\" content=\"1200\" \/>\n\t<meta property=\"og:image:height\" content=\"1200\" \/>\n\t<meta property=\"og:image:type\" content=\"image\/jpeg\" \/>\n<meta name=\"twitter:card\" content=\"summary_large_image\" \/>\n<script type=\"application\/ld+json\" class=\"yoast-schema-graph\">{\"@context\":\"https:\/\/schema.org\",\"@graph\":[{\"@type\":\"WebPage\",\"@id\":\"https:\/\/hubsch-interior.com\/de\/produkt\/moving-hangelampe-weis\/\",\"url\":\"https:\/\/hubsch-interior.com\/de\/produkt\/moving-hangelampe-weis\/\",\"name\":\"Moving H\u00e4ngelampe Wei\u00df - H\u00fcbsch\",\"isPartOf\":{\"@id\":\"https:\/\/hubsch-interior.com\/de\/#website\"},\"primaryImageOfPage\":{\"@id\":\"https:\/\/hubsch-interior.com\/de\/produkt\/moving-hangelampe-weis\/#primaryimage\"},\"image\":{\"@id\":\"https:\/\/hubsch-interior.com\/de\/produkt\/moving-hangelampe-weis\/#primaryimage\"},\"thumbnailUrl\":\"https:\/\/hubsch-interior.com\/wp-content\/uploads\/2026\/02\/moving-pendant-white-a92568729706809217ca47910bbad8f4.jpg\",\"datePublished\":\"2024-07-09T13:02:44+00:00\",\"dateModified\":\"2026-04-11T03:07:29+00:00\",\"description\":\"Die Moving H\u00e4ngelampe Wei\u00df ist ideal f\u00fcr Ihr Wohnzimmer. Sie besteht aus robustem Metall und hat ein schlichtes, aber elegantes Design. Durch die Wei\u00dfe\",\"breadcrumb\":{\"@id\":\"https:\/\/hubsch-interior.com\/de\/produkt\/moving-hangelampe-weis\/#breadcrumb\"},\"inLanguage\":\"de\",\"potentialAction\":[{\"@type\":\"ReadAction\",\"target\":[\"https:\/\/hubsch-interior.com\/de\/produkt\/moving-hangelampe-weis\/\"]}]},{\"@type\":\"ImageObject\",\"inLanguage\":\"de\",\"@id\":\"https:\/\/hubsch-interior.com\/de\/produkt\/moving-hangelampe-weis\/#primaryimage\",\"url\":\"https:\/\/hubsch-interior.com\/wp-content\/uploads\/2026\/02\/moving-pendant-white-a92568729706809217ca47910bbad8f4.jpg\",\"contentUrl\":\"https:\/\/hubsch-interior.com\/wp-content\/uploads\/2026\/02\/moving-pendant-white-a92568729706809217ca47910bbad8f4.jpg\",\"width\":1024,\"height\":1024},{\"@type\":\"BreadcrumbList\",\"@id\":\"https:\/\/hubsch-interior.com\/de\/produkt\/moving-hangelampe-weis\/#breadcrumb\",\"itemListElement\":[{\"@type\":\"ListItem\",\"position\":1,\"name\":\"Startseite\",\"item\":\"https:\/\/hubsch-interior.com\/de\/\"},{\"@type\":\"ListItem\",\"position\":2,\"name\":\"Produkte\",\"item\":\"https:\/\/hubsch-interior.com\/de\/shop-2\/\"},{\"@type\":\"ListItem\",\"position\":3,\"name\":\"Beleuchtung\",\"item\":\"https:\/\/hubsch-interior.com\/de\/produkt-kategorie\/beleuchtung\/\"},{\"@type\":\"ListItem\",\"position\":4,\"name\":\"H&auml;ngelampen\",\"item\":\"https:\/\/hubsch-interior.com\/de\/produkt-kategorie\/beleuchtung\/haengelampen-de\/\"},{\"@type\":\"ListItem\",\"position\":5,\"name\":\"Moving H\u00e4ngelampe Wei\u00df\"}]},{\"@type\":\"WebSite\",\"@id\":\"https:\/\/hubsch-interior.com\/de\/#website\",\"url\":\"https:\/\/hubsch-interior.com\/de\/\",\"name\":\"H\u00fcbsch\",\"description\":\"Danish Home Interior and Design\",\"publisher\":{\"@id\":\"https:\/\/hubsch-interior.com\/de\/#organization\"},\"potentialAction\":[{\"@type\":\"SearchAction\",\"target\":{\"@type\":\"EntryPoint\",\"urlTemplate\":\"https:\/\/hubsch-interior.com\/de\/?s={search_term_string}\"},\"query-input\":{\"@type\":\"PropertyValueSpecification\",\"valueRequired\":true,\"valueName\":\"search_term_string\"}}],\"inLanguage\":\"de\"},{\"@type\":\"Organization\",\"@id\":\"https:\/\/hubsch-interior.com\/de\/#organization\",\"name\":\"H\u00fcbsch\",\"url\":\"https:\/\/hubsch-interior.com\/de\/\",\"logo\":{\"@type\":\"ImageObject\",\"inLanguage\":\"de\",\"@id\":\"https:\/\/hubsch-interior.com\/de\/#\/schema\/logo\/image\/\",\"url\":\"https:\/\/hubsch-interior.com\/wp-content\/uploads\/2022\/12\/Hubsch_logo_black_one_line.svg\",\"contentUrl\":\"https:\/\/hubsch-interior.com\/wp-content\/uploads\/2022\/12\/Hubsch_logo_black_one_line.svg\",\"caption\":\"H\u00fcbsch\"},\"image\":{\"@id\":\"https:\/\/hubsch-interior.com\/de\/#\/schema\/logo\/image\/\"}}]}<\/script>\n<!-- \/ Yoast SEO plugin. -->","yoast_head_json":{"title":"Moving H\u00e4ngelampe Wei\u00df - H\u00fcbsch","description":"Die Moving H\u00e4ngelampe Wei\u00df ist ideal f\u00fcr Ihr Wohnzimmer. Sie besteht aus robustem Metall und hat ein schlichtes, aber elegantes Design. Durch die Wei\u00dfe","robots":{"index":"index","follow":"follow","max-snippet":"max-snippet:-1","max-image-preview":"max-image-preview:large","max-video-preview":"max-video-preview:-1"},"canonical":"https:\/\/hubsch-interior.com\/de\/wp-json\/wp\/v2\/product\/994304","og_locale":"de_DE","og_type":"article","og_title":"Moving H\u00e4ngelampe Wei\u00df - H\u00fcbsch","og_description":"Die Moving H\u00e4ngelampe Wei\u00df ist ideal f\u00fcr Ihr Wohnzimmer. Sie besteht aus robustem Metall und hat ein schlichtes, aber elegantes Design. Durch die Wei\u00dfe","og_url":"https:\/\/hubsch-interior.com\/de\/produkt\/moving-hangelampe-weis\/","og_site_name":"H\u00fcbsch","article_modified_time":"2026-04-11T03:07:29+00:00","og_image":[{"width":1200,"height":1200,"url":"https:\/\/hubsch-interior.com\/wp-content\/uploads\/2024\/07\/moving-ceiling-lamp-white-9290d1087a56b46177aba5f698f58d29.jpg","type":"image\/jpeg"}],"twitter_card":"summary_large_image","schema":{"@context":"https:\/\/schema.org","@graph":[{"@type":"WebPage","@id":"https:\/\/hubsch-interior.com\/de\/produkt\/moving-hangelampe-weis\/","url":"https:\/\/hubsch-interior.com\/de\/produkt\/moving-hangelampe-weis\/","name":"Moving H\u00e4ngelampe Wei\u00df - H\u00fcbsch","isPartOf":{"@id":"https:\/\/hubsch-interior.com\/de\/#website"},"primaryImageOfPage":{"@id":"https:\/\/hubsch-interior.com\/de\/produkt\/moving-hangelampe-weis\/#primaryimage"},"image":{"@id":"https:\/\/hubsch-interior.com\/de\/produkt\/moving-hangelampe-weis\/#primaryimage"},"thumbnailUrl":"https:\/\/hubsch-interior.com\/wp-content\/uploads\/2026\/02\/moving-pendant-white-a92568729706809217ca47910bbad8f4.jpg","datePublished":"2024-07-09T13:02:44+00:00","dateModified":"2026-04-11T03:07:29+00:00","description":"Die Moving H\u00e4ngelampe Wei\u00df ist ideal f\u00fcr Ihr Wohnzimmer. Sie besteht aus robustem Metall und hat ein schlichtes, aber elegantes Design. Durch die Wei\u00dfe","breadcrumb":{"@id":"https:\/\/hubsch-interior.com\/de\/produkt\/moving-hangelampe-weis\/#breadcrumb"},"inLanguage":"de","potentialAction":[{"@type":"ReadAction","target":["https:\/\/hubsch-interior.com\/de\/produkt\/moving-hangelampe-weis\/"]}]},{"@type":"ImageObject","inLanguage":"de","@id":"https:\/\/hubsch-interior.com\/de\/produkt\/moving-hangelampe-weis\/#primaryimage","url":"https:\/\/hubsch-interior.com\/wp-content\/uploads\/2026\/02\/moving-pendant-white-a92568729706809217ca47910bbad8f4.jpg","contentUrl":"https:\/\/hubsch-interior.com\/wp-content\/uploads\/2026\/02\/moving-pendant-white-a92568729706809217ca47910bbad8f4.jpg","width":1024,"height":1024},{"@type":"BreadcrumbList","@id":"https:\/\/hubsch-interior.com\/de\/produkt\/moving-hangelampe-weis\/#breadcrumb","itemListElement":[{"@type":"ListItem","position":1,"name":"Startseite","item":"https:\/\/hubsch-interior.com\/de\/"},{"@type":"ListItem","position":2,"name":"Produkte","item":"https:\/\/hubsch-interior.com\/de\/shop-2\/"},{"@type":"ListItem","position":3,"name":"Beleuchtung","item":"https:\/\/hubsch-interior.com\/de\/produkt-kategorie\/beleuchtung\/"},{"@type":"ListItem","position":4,"name":"H&auml;ngelampen","item":"https:\/\/hubsch-interior.com\/de\/produkt-kategorie\/beleuchtung\/haengelampen-de\/"},{"@type":"ListItem","position":5,"name":"Moving H\u00e4ngelampe Wei\u00df"}]},{"@type":"WebSite","@id":"https:\/\/hubsch-interior.com\/de\/#website","url":"https:\/\/hubsch-interior.com\/de\/","name":"H\u00fcbsch","description":"Danish Home Interior and Design","publisher":{"@id":"https:\/\/hubsch-interior.com\/de\/#organization"},"potentialAction":[{"@type":"SearchAction","target":{"@type":"EntryPoint","urlTemplate":"https:\/\/hubsch-interior.com\/de\/?s={search_term_string}"},"query-input":{"@type":"PropertyValueSpecification","valueRequired":true,"valueName":"search_term_string"}}],"inLanguage":"de"},{"@type":"Organization","@id":"https:\/\/hubsch-interior.com\/de\/#organization","name":"H\u00fcbsch","url":"https:\/\/hubsch-interior.com\/de\/","logo":{"@type":"ImageObject","inLanguage":"de","@id":"https:\/\/hubsch-interior.com\/de\/#\/schema\/logo\/image\/","url":"https:\/\/hubsch-interior.com\/wp-content\/uploads\/2022\/12\/Hubsch_logo_black_one_line.svg","contentUrl":"https:\/\/hubsch-interior.com\/wp-content\/uploads\/2022\/12\/Hubsch_logo_black_one_line.svg","caption":"H\u00fcbsch"},"image":{"@id":"https:\/\/hubsch-interior.com\/de\/#\/schema\/logo\/image\/"}}]}},"_links":{"self":[{"href":"https:\/\/hubsch-interior.com\/de\/wp-json\/wp\/v2\/product\/994304","targetHints":{"allow":["GET"]}}],"collection":[{"href":"https:\/\/hubsch-interior.com\/de\/wp-json\/wp\/v2\/product"}],"about":[{"href":"https:\/\/hubsch-interior.com\/de\/wp-json\/wp\/v2\/types\/product"}],"wp:featuredmedia":[{"embeddable":true,"href":"https:\/\/hubsch-interior.com\/de\/wp-json\/wp\/v2\/media\/1108520"}],"wp:attachment":[{"href":"https:\/\/hubsch-interior.com\/de\/wp-json\/wp\/v2\/media?parent=994304"}],"wp:term":[{"taxonomy":"product_brand","embeddable":true,"href":"https:\/\/hubsch-interior.com\/de\/wp-json\/wp\/v2\/product_brand?post=994304"},{"taxonomy":"product_cat","embeddable":true,"href":"https:\/\/hubsch-interior.com\/de\/wp-json\/wp\/v2\/product_cat?post=994304"},{"taxonomy":"product_tag","embeddable":true,"href":"https:\/\/hubsch-interior.com\/de\/wp-json\/wp\/v2\/product_tag?post=994304"}],"curies":[{"name":"wp","href":"https:\/\/api.w.org\/{rel}","templated":true}]}}