{"id":995503,"date":"2024-08-05T10:19:27","date_gmt":"2024-08-05T08:19:27","guid":{"rendered":"https:\/\/hubsch-interior.com\/product\/product\/"},"modified":"2026-04-04T04:54:37","modified_gmt":"2026-04-04T02:54:37","slug":"studio-rahmen-297x42-naturfarben","status":"publish","type":"product","link":"https:\/\/hubsch-interior.com\/de\/produkt\/studio-rahmen-297x42-naturfarben\/","title":{"rendered":"Studio Rahmen 29,7&#215;42 Naturfarben"},"content":{"rendered":"<p>Stellen Sie sich die perfekte Erg\u00e4nzung f\u00fcr Ihre Inneneinrichtung vor &#8211; der Studio Rahmen in nat\u00fcrlicher Eiche. Hergestellt aus hochwertigem FSC-zertifiziertem Holz mit sch\u00f6ner Eichenfurnier, strahlt dieser Rahmen Eleganz und Raffinesse aus. Das robuste Plexiglas bietet einen lang anhaltenden Schutz f\u00fcr Ihren zarten und minimalistischen Kunstdruck. Mit der M\u00f6glichkeit, ihn vertikal oder horizontal zu pr\u00e4sentieren, kann dieser vielseitige Rahmen mit anderen Gr\u00f6\u00dfen und Farben kombiniert werden, um einen einzigartigen und stilvollen Look zu schaffen. Versch\u00f6nern Sie Ihren Raum mit dem Studio Rahmen in nat\u00fcrlicher Eiche.<\/p>\n","protected":false},"excerpt":{"rendered":"<p>Stellen Sie sich die perfekte Erg\u00e4nzung f\u00fcr Ihre Inneneinrichtung vor &#8211; der Studio Rahmen in nat\u00fcrlicher Eiche. Hergestellt aus hochwertigem FSC-zertifiziertem Holz mit sch\u00f6ner Eichenfurnier, strahlt dieser Rahmen Eleganz und Raffinesse aus. Das robuste Plexiglas bietet einen lang anhaltenden Schutz f\u00fcr Ihren zarten und minimalistischen Kunstdruck. Mit der M\u00f6glichkeit, ihn vertikal oder horizontal zu pr\u00e4sentieren, [&hellip;]<\/p>\n","protected":false},"featured_media":1114746,"template":"","meta":{"_acf_changed":false,"inline_featured_image":false},"product_brand":[],"product_cat":[6884,6323,3118,4937,5027],"product_tag":[],"class_list":{"0":"post-995503","1":"product","2":"type-product","3":"status-publish","4":"has-post-thumbnail","6":"product_cat-elevating-nostalgia-de","7":"product_cat-fsc-de","8":"product_cat-wanddekoration-de","9":"product_cat-rahmen-de","10":"product_cat-bestsellers-de","11":"product_shipping_class-pk","12":"pa_color-naturfarben-2","13":"pa_material-mdf-de","14":"pa_material-plexiglas-3","15":"pa_material-eichenfurnier","17":"first","18":"instock","19":"featured","20":"taxable","21":"shipping-taxable","22":"purchasable","23":"product-type-simple"},"exclude_global_add_ons":[],"addons":[],"acf":[],"yoast_head":"<!-- This site is optimized with the Yoast SEO plugin v26.4 - https:\/\/yoast.com\/wordpress\/plugins\/seo\/ -->\n<title>Studio Rahmen 29,7x42 Naturfarben - H\u00fcbsch<\/title>\n<meta name=\"description\" content=\"Stellen Sie sich die perfekte Erg\u00e4nzung f\u00fcr Ihre Inneneinrichtung vor - der Studio Rahmen in nat\u00fcrlicher Eiche. Hergestellt aus hochwertigem\" \/>\n<meta name=\"robots\" content=\"index, follow, max-snippet:-1, max-image-preview:large, max-video-preview:-1\" \/>\n<link rel=\"canonical\" href=\"https:\/\/hubsch-interior.com\/de\/wp-json\/wp\/v2\/product\/995503\" \/>\n<meta property=\"og:locale\" content=\"de_DE\" \/>\n<meta property=\"og:type\" content=\"article\" \/>\n<meta property=\"og:title\" content=\"Studio Rahmen 29,7x42 Naturfarben - H\u00fcbsch\" \/>\n<meta property=\"og:description\" content=\"Stellen Sie sich die perfekte Erg\u00e4nzung f\u00fcr Ihre Inneneinrichtung vor - der Studio Rahmen in nat\u00fcrlicher Eiche. Hergestellt aus hochwertigem\" \/>\n<meta property=\"og:url\" content=\"https:\/\/hubsch-interior.com\/de\/produkt\/studio-rahmen-297x42-naturfarben\/\" \/>\n<meta property=\"og:site_name\" content=\"H\u00fcbsch\" \/>\n<meta property=\"article:modified_time\" content=\"2026-04-04T02:54:37+00:00\" \/>\n<meta property=\"og:image\" content=\"https:\/\/hubsch-interior.com\/wp-content\/uploads\/2024\/08\/studio-frame-297x42-natural-426f4448f689cdc4cd6cb28745dd6c85.jpg\" \/>\n\t<meta property=\"og:image:width\" content=\"1200\" \/>\n\t<meta property=\"og:image:height\" content=\"1200\" \/>\n\t<meta property=\"og:image:type\" content=\"image\/jpeg\" \/>\n<meta name=\"twitter:card\" content=\"summary_large_image\" \/>\n<script type=\"application\/ld+json\" class=\"yoast-schema-graph\">{\"@context\":\"https:\/\/schema.org\",\"@graph\":[{\"@type\":\"WebPage\",\"@id\":\"https:\/\/hubsch-interior.com\/de\/produkt\/studio-rahmen-297x42-naturfarben\/\",\"url\":\"https:\/\/hubsch-interior.com\/de\/produkt\/studio-rahmen-297x42-naturfarben\/\",\"name\":\"Studio Rahmen 29,7x42 Naturfarben - H\u00fcbsch\",\"isPartOf\":{\"@id\":\"https:\/\/hubsch-interior.com\/de\/#website\"},\"primaryImageOfPage\":{\"@id\":\"https:\/\/hubsch-interior.com\/de\/produkt\/studio-rahmen-297x42-naturfarben\/#primaryimage\"},\"image\":{\"@id\":\"https:\/\/hubsch-interior.com\/de\/produkt\/studio-rahmen-297x42-naturfarben\/#primaryimage\"},\"thumbnailUrl\":\"https:\/\/hubsch-interior.com\/wp-content\/uploads\/2026\/02\/studio-frame-297x42-natural-662247d109946726637c0e2f2fc09a2f.jpg\",\"datePublished\":\"2024-08-05T08:19:27+00:00\",\"dateModified\":\"2026-04-04T02:54:37+00:00\",\"description\":\"Stellen Sie sich die perfekte Erg\u00e4nzung f\u00fcr Ihre Inneneinrichtung vor - der Studio Rahmen in nat\u00fcrlicher Eiche. Hergestellt aus hochwertigem\",\"breadcrumb\":{\"@id\":\"https:\/\/hubsch-interior.com\/de\/produkt\/studio-rahmen-297x42-naturfarben\/#breadcrumb\"},\"inLanguage\":\"de\",\"potentialAction\":[{\"@type\":\"ReadAction\",\"target\":[\"https:\/\/hubsch-interior.com\/de\/produkt\/studio-rahmen-297x42-naturfarben\/\"]}]},{\"@type\":\"ImageObject\",\"inLanguage\":\"de\",\"@id\":\"https:\/\/hubsch-interior.com\/de\/produkt\/studio-rahmen-297x42-naturfarben\/#primaryimage\",\"url\":\"https:\/\/hubsch-interior.com\/wp-content\/uploads\/2026\/02\/studio-frame-297x42-natural-662247d109946726637c0e2f2fc09a2f.jpg\",\"contentUrl\":\"https:\/\/hubsch-interior.com\/wp-content\/uploads\/2026\/02\/studio-frame-297x42-natural-662247d109946726637c0e2f2fc09a2f.jpg\",\"width\":1024,\"height\":1024},{\"@type\":\"BreadcrumbList\",\"@id\":\"https:\/\/hubsch-interior.com\/de\/produkt\/studio-rahmen-297x42-naturfarben\/#breadcrumb\",\"itemListElement\":[{\"@type\":\"ListItem\",\"position\":1,\"name\":\"Startseite\",\"item\":\"https:\/\/hubsch-interior.com\/de\/\"},{\"@type\":\"ListItem\",\"position\":2,\"name\":\"Produkte\",\"item\":\"https:\/\/hubsch-interior.com\/de\/shop-2\/\"},{\"@type\":\"ListItem\",\"position\":3,\"name\":\"Wohnaccessoires\",\"item\":\"https:\/\/hubsch-interior.com\/de\/produkt-kategorie\/wohnaccessoires\/\"},{\"@type\":\"ListItem\",\"position\":4,\"name\":\"Wanddekoration\",\"item\":\"https:\/\/hubsch-interior.com\/de\/produkt-kategorie\/wohnaccessoires\/wanddekoration-de\/\"},{\"@type\":\"ListItem\",\"position\":5,\"name\":\"Rahmen\",\"item\":\"https:\/\/hubsch-interior.com\/de\/produkt-kategorie\/wohnaccessoires\/wanddekoration-de\/rahmen-de\/\"},{\"@type\":\"ListItem\",\"position\":6,\"name\":\"Studio Rahmen 29,7&#215;42 Naturfarben\"}]},{\"@type\":\"WebSite\",\"@id\":\"https:\/\/hubsch-interior.com\/de\/#website\",\"url\":\"https:\/\/hubsch-interior.com\/de\/\",\"name\":\"H\u00fcbsch\",\"description\":\"Danish Home Interior and Design\",\"publisher\":{\"@id\":\"https:\/\/hubsch-interior.com\/de\/#organization\"},\"potentialAction\":[{\"@type\":\"SearchAction\",\"target\":{\"@type\":\"EntryPoint\",\"urlTemplate\":\"https:\/\/hubsch-interior.com\/de\/?s={search_term_string}\"},\"query-input\":{\"@type\":\"PropertyValueSpecification\",\"valueRequired\":true,\"valueName\":\"search_term_string\"}}],\"inLanguage\":\"de\"},{\"@type\":\"Organization\",\"@id\":\"https:\/\/hubsch-interior.com\/de\/#organization\",\"name\":\"H\u00fcbsch\",\"url\":\"https:\/\/hubsch-interior.com\/de\/\",\"logo\":{\"@type\":\"ImageObject\",\"inLanguage\":\"de\",\"@id\":\"https:\/\/hubsch-interior.com\/de\/#\/schema\/logo\/image\/\",\"url\":\"https:\/\/hubsch-interior.com\/wp-content\/uploads\/2022\/12\/Hubsch_logo_black_one_line.svg\",\"contentUrl\":\"https:\/\/hubsch-interior.com\/wp-content\/uploads\/2022\/12\/Hubsch_logo_black_one_line.svg\",\"caption\":\"H\u00fcbsch\"},\"image\":{\"@id\":\"https:\/\/hubsch-interior.com\/de\/#\/schema\/logo\/image\/\"}}]}<\/script>\n<!-- \/ Yoast SEO plugin. -->","yoast_head_json":{"title":"Studio Rahmen 29,7x42 Naturfarben - H\u00fcbsch","description":"Stellen Sie sich die perfekte Erg\u00e4nzung f\u00fcr Ihre Inneneinrichtung vor - der Studio Rahmen in nat\u00fcrlicher Eiche. Hergestellt aus hochwertigem","robots":{"index":"index","follow":"follow","max-snippet":"max-snippet:-1","max-image-preview":"max-image-preview:large","max-video-preview":"max-video-preview:-1"},"canonical":"https:\/\/hubsch-interior.com\/de\/wp-json\/wp\/v2\/product\/995503","og_locale":"de_DE","og_type":"article","og_title":"Studio Rahmen 29,7x42 Naturfarben - H\u00fcbsch","og_description":"Stellen Sie sich die perfekte Erg\u00e4nzung f\u00fcr Ihre Inneneinrichtung vor - der Studio Rahmen in nat\u00fcrlicher Eiche. Hergestellt aus hochwertigem","og_url":"https:\/\/hubsch-interior.com\/de\/produkt\/studio-rahmen-297x42-naturfarben\/","og_site_name":"H\u00fcbsch","article_modified_time":"2026-04-04T02:54:37+00:00","og_image":[{"width":1200,"height":1200,"url":"https:\/\/hubsch-interior.com\/wp-content\/uploads\/2024\/08\/studio-frame-297x42-natural-426f4448f689cdc4cd6cb28745dd6c85.jpg","type":"image\/jpeg"}],"twitter_card":"summary_large_image","schema":{"@context":"https:\/\/schema.org","@graph":[{"@type":"WebPage","@id":"https:\/\/hubsch-interior.com\/de\/produkt\/studio-rahmen-297x42-naturfarben\/","url":"https:\/\/hubsch-interior.com\/de\/produkt\/studio-rahmen-297x42-naturfarben\/","name":"Studio Rahmen 29,7x42 Naturfarben - H\u00fcbsch","isPartOf":{"@id":"https:\/\/hubsch-interior.com\/de\/#website"},"primaryImageOfPage":{"@id":"https:\/\/hubsch-interior.com\/de\/produkt\/studio-rahmen-297x42-naturfarben\/#primaryimage"},"image":{"@id":"https:\/\/hubsch-interior.com\/de\/produkt\/studio-rahmen-297x42-naturfarben\/#primaryimage"},"thumbnailUrl":"https:\/\/hubsch-interior.com\/wp-content\/uploads\/2026\/02\/studio-frame-297x42-natural-662247d109946726637c0e2f2fc09a2f.jpg","datePublished":"2024-08-05T08:19:27+00:00","dateModified":"2026-04-04T02:54:37+00:00","description":"Stellen Sie sich die perfekte Erg\u00e4nzung f\u00fcr Ihre Inneneinrichtung vor - der Studio Rahmen in nat\u00fcrlicher Eiche. Hergestellt aus hochwertigem","breadcrumb":{"@id":"https:\/\/hubsch-interior.com\/de\/produkt\/studio-rahmen-297x42-naturfarben\/#breadcrumb"},"inLanguage":"de","potentialAction":[{"@type":"ReadAction","target":["https:\/\/hubsch-interior.com\/de\/produkt\/studio-rahmen-297x42-naturfarben\/"]}]},{"@type":"ImageObject","inLanguage":"de","@id":"https:\/\/hubsch-interior.com\/de\/produkt\/studio-rahmen-297x42-naturfarben\/#primaryimage","url":"https:\/\/hubsch-interior.com\/wp-content\/uploads\/2026\/02\/studio-frame-297x42-natural-662247d109946726637c0e2f2fc09a2f.jpg","contentUrl":"https:\/\/hubsch-interior.com\/wp-content\/uploads\/2026\/02\/studio-frame-297x42-natural-662247d109946726637c0e2f2fc09a2f.jpg","width":1024,"height":1024},{"@type":"BreadcrumbList","@id":"https:\/\/hubsch-interior.com\/de\/produkt\/studio-rahmen-297x42-naturfarben\/#breadcrumb","itemListElement":[{"@type":"ListItem","position":1,"name":"Startseite","item":"https:\/\/hubsch-interior.com\/de\/"},{"@type":"ListItem","position":2,"name":"Produkte","item":"https:\/\/hubsch-interior.com\/de\/shop-2\/"},{"@type":"ListItem","position":3,"name":"Wohnaccessoires","item":"https:\/\/hubsch-interior.com\/de\/produkt-kategorie\/wohnaccessoires\/"},{"@type":"ListItem","position":4,"name":"Wanddekoration","item":"https:\/\/hubsch-interior.com\/de\/produkt-kategorie\/wohnaccessoires\/wanddekoration-de\/"},{"@type":"ListItem","position":5,"name":"Rahmen","item":"https:\/\/hubsch-interior.com\/de\/produkt-kategorie\/wohnaccessoires\/wanddekoration-de\/rahmen-de\/"},{"@type":"ListItem","position":6,"name":"Studio Rahmen 29,7&#215;42 Naturfarben"}]},{"@type":"WebSite","@id":"https:\/\/hubsch-interior.com\/de\/#website","url":"https:\/\/hubsch-interior.com\/de\/","name":"H\u00fcbsch","description":"Danish Home Interior and Design","publisher":{"@id":"https:\/\/hubsch-interior.com\/de\/#organization"},"potentialAction":[{"@type":"SearchAction","target":{"@type":"EntryPoint","urlTemplate":"https:\/\/hubsch-interior.com\/de\/?s={search_term_string}"},"query-input":{"@type":"PropertyValueSpecification","valueRequired":true,"valueName":"search_term_string"}}],"inLanguage":"de"},{"@type":"Organization","@id":"https:\/\/hubsch-interior.com\/de\/#organization","name":"H\u00fcbsch","url":"https:\/\/hubsch-interior.com\/de\/","logo":{"@type":"ImageObject","inLanguage":"de","@id":"https:\/\/hubsch-interior.com\/de\/#\/schema\/logo\/image\/","url":"https:\/\/hubsch-interior.com\/wp-content\/uploads\/2022\/12\/Hubsch_logo_black_one_line.svg","contentUrl":"https:\/\/hubsch-interior.com\/wp-content\/uploads\/2022\/12\/Hubsch_logo_black_one_line.svg","caption":"H\u00fcbsch"},"image":{"@id":"https:\/\/hubsch-interior.com\/de\/#\/schema\/logo\/image\/"}}]}},"_links":{"self":[{"href":"https:\/\/hubsch-interior.com\/de\/wp-json\/wp\/v2\/product\/995503","targetHints":{"allow":["GET"]}}],"collection":[{"href":"https:\/\/hubsch-interior.com\/de\/wp-json\/wp\/v2\/product"}],"about":[{"href":"https:\/\/hubsch-interior.com\/de\/wp-json\/wp\/v2\/types\/product"}],"wp:featuredmedia":[{"embeddable":true,"href":"https:\/\/hubsch-interior.com\/de\/wp-json\/wp\/v2\/media\/1114746"}],"wp:attachment":[{"href":"https:\/\/hubsch-interior.com\/de\/wp-json\/wp\/v2\/media?parent=995503"}],"wp:term":[{"taxonomy":"product_brand","embeddable":true,"href":"https:\/\/hubsch-interior.com\/de\/wp-json\/wp\/v2\/product_brand?post=995503"},{"taxonomy":"product_cat","embeddable":true,"href":"https:\/\/hubsch-interior.com\/de\/wp-json\/wp\/v2\/product_cat?post=995503"},{"taxonomy":"product_tag","embeddable":true,"href":"https:\/\/hubsch-interior.com\/de\/wp-json\/wp\/v2\/product_tag?post=995503"}],"curies":[{"name":"wp","href":"https:\/\/api.w.org\/{rel}","templated":true}]}}