{"id":995519,"date":"2024-08-05T10:35:43","date_gmt":"2024-08-05T08:35:43","guid":{"rendered":"https:\/\/hubsch-interior.com\/product\/product\/"},"modified":"2026-04-05T05:03:21","modified_gmt":"2026-04-05T03:03:21","slug":"balance-stehlampe-messingfarben","status":"publish","type":"product","link":"https:\/\/hubsch-interior.com\/de\/produkt\/balance-stehlampe-messingfarben\/","title":{"rendered":"Balance Stehlampe Messingfarben"},"content":{"rendered":"<p>Die Balance Stehlampe vereint ein klares Design mit einem warmen Messing-Finish und ist damit eine stilvolle Erg\u00e4nzung f\u00fcr jedes Zuhause. Aus strapazierf\u00e4higem Metall gefertigt, ist sie langlebig und spendet ein weiches, einladendes Licht. Ihre schlanke, elegante Form passt sowohl in eine gem\u00fctliche Ecke als auch in ein belebtes Wohnzimmer. Bitte beachten Sie: Gl\u00fchbirnen sind nicht im Lieferumfang enthalten.<\/p>\n","protected":false},"excerpt":{"rendered":"<p>Die Balance Stehlampe vereint ein klares Design mit einem warmen Messing-Finish und ist damit eine stilvolle Erg\u00e4nzung f\u00fcr jedes Zuhause. Aus strapazierf\u00e4higem Metall gefertigt, ist sie langlebig und spendet ein weiches, einladendes Licht. Ihre schlanke, elegante Form passt sowohl in eine gem\u00fctliche Ecke als auch in ein belebtes Wohnzimmer. Bitte beachten Sie: Gl\u00fchbirnen sind nicht [&hellip;]<\/p>\n","protected":false},"featured_media":1105818,"template":"","meta":{"_acf_changed":false,"inline_featured_image":false},"product_brand":[],"product_cat":[3809,3497,5027],"product_tag":[],"class_list":{"0":"post-995519","1":"product","2":"type-product","3":"status-publish","4":"has-post-thumbnail","6":"product_cat-beleuchtung","7":"product_cat-stehlampen-de","8":"product_cat-bestsellers-de","9":"product_shipping_class-pk","11":"pa_color-messingfarben","12":"pa_material-eisen-de","14":"first","15":"instock","16":"featured","17":"taxable","18":"shipping-taxable","19":"purchasable","20":"product-type-simple"},"exclude_global_add_ons":[],"addons":[],"acf":[],"yoast_head":"<!-- This site is optimized with the Yoast SEO plugin v26.4 - https:\/\/yoast.com\/wordpress\/plugins\/seo\/ -->\n<title>Balance Stehlampe Messingfarben - H\u00fcbsch<\/title>\n<meta name=\"description\" content=\"Die Balance Stehlampe vereint ein klares Design mit einem warmen Messing-Finish und ist damit eine stilvolle Erg\u00e4nzung f\u00fcr jedes Zuhause. Aus\" \/>\n<meta name=\"robots\" content=\"index, follow, max-snippet:-1, max-image-preview:large, max-video-preview:-1\" \/>\n<link rel=\"canonical\" href=\"https:\/\/hubsch-interior.com\/de\/wp-json\/wp\/v2\/product\/995519\" \/>\n<meta property=\"og:locale\" content=\"de_DE\" \/>\n<meta property=\"og:type\" content=\"article\" \/>\n<meta property=\"og:title\" content=\"Balance Stehlampe Messingfarben - H\u00fcbsch\" \/>\n<meta property=\"og:description\" content=\"Die Balance Stehlampe vereint ein klares Design mit einem warmen Messing-Finish und ist damit eine stilvolle Erg\u00e4nzung f\u00fcr jedes Zuhause. Aus\" \/>\n<meta property=\"og:url\" content=\"https:\/\/hubsch-interior.com\/de\/produkt\/balance-stehlampe-messingfarben\/\" \/>\n<meta property=\"og:site_name\" content=\"H\u00fcbsch\" \/>\n<meta property=\"article:modified_time\" content=\"2026-04-05T03:03:21+00:00\" \/>\n<meta property=\"og:image\" content=\"https:\/\/hubsch-interior.com\/wp-content\/uploads\/2026\/02\/balance-floor-lamp-brass-4e7d81151d7b7cd816a89bbc3e9ce5be.jpg\" \/>\n\t<meta property=\"og:image:width\" content=\"1024\" \/>\n\t<meta property=\"og:image:height\" content=\"1024\" \/>\n\t<meta property=\"og:image:type\" content=\"image\/jpeg\" \/>\n<meta name=\"twitter:card\" content=\"summary_large_image\" \/>\n<script type=\"application\/ld+json\" class=\"yoast-schema-graph\">{\"@context\":\"https:\/\/schema.org\",\"@graph\":[{\"@type\":\"WebPage\",\"@id\":\"https:\/\/hubsch-interior.com\/de\/produkt\/balance-stehlampe-messingfarben\/\",\"url\":\"https:\/\/hubsch-interior.com\/de\/produkt\/balance-stehlampe-messingfarben\/\",\"name\":\"Balance Stehlampe Messingfarben - H\u00fcbsch\",\"isPartOf\":{\"@id\":\"https:\/\/hubsch-interior.com\/de\/#website\"},\"primaryImageOfPage\":{\"@id\":\"https:\/\/hubsch-interior.com\/de\/produkt\/balance-stehlampe-messingfarben\/#primaryimage\"},\"image\":{\"@id\":\"https:\/\/hubsch-interior.com\/de\/produkt\/balance-stehlampe-messingfarben\/#primaryimage\"},\"thumbnailUrl\":\"https:\/\/hubsch-interior.com\/wp-content\/uploads\/2026\/02\/balance-floor-lamp-brass-4e7d81151d7b7cd816a89bbc3e9ce5be.jpg\",\"datePublished\":\"2024-08-05T08:35:43+00:00\",\"dateModified\":\"2026-04-05T03:03:21+00:00\",\"description\":\"Die Balance Stehlampe vereint ein klares Design mit einem warmen Messing-Finish und ist damit eine stilvolle Erg\u00e4nzung f\u00fcr jedes Zuhause. Aus\",\"breadcrumb\":{\"@id\":\"https:\/\/hubsch-interior.com\/de\/produkt\/balance-stehlampe-messingfarben\/#breadcrumb\"},\"inLanguage\":\"de\",\"potentialAction\":[{\"@type\":\"ReadAction\",\"target\":[\"https:\/\/hubsch-interior.com\/de\/produkt\/balance-stehlampe-messingfarben\/\"]}]},{\"@type\":\"ImageObject\",\"inLanguage\":\"de\",\"@id\":\"https:\/\/hubsch-interior.com\/de\/produkt\/balance-stehlampe-messingfarben\/#primaryimage\",\"url\":\"https:\/\/hubsch-interior.com\/wp-content\/uploads\/2026\/02\/balance-floor-lamp-brass-4e7d81151d7b7cd816a89bbc3e9ce5be.jpg\",\"contentUrl\":\"https:\/\/hubsch-interior.com\/wp-content\/uploads\/2026\/02\/balance-floor-lamp-brass-4e7d81151d7b7cd816a89bbc3e9ce5be.jpg\",\"width\":1024,\"height\":1024},{\"@type\":\"BreadcrumbList\",\"@id\":\"https:\/\/hubsch-interior.com\/de\/produkt\/balance-stehlampe-messingfarben\/#breadcrumb\",\"itemListElement\":[{\"@type\":\"ListItem\",\"position\":1,\"name\":\"Startseite\",\"item\":\"https:\/\/hubsch-interior.com\/de\/\"},{\"@type\":\"ListItem\",\"position\":2,\"name\":\"Produkte\",\"item\":\"https:\/\/hubsch-interior.com\/de\/shop-2\/\"},{\"@type\":\"ListItem\",\"position\":3,\"name\":\"Beleuchtung\",\"item\":\"https:\/\/hubsch-interior.com\/de\/produkt-kategorie\/beleuchtung\/\"},{\"@type\":\"ListItem\",\"position\":4,\"name\":\"Stehlampen\",\"item\":\"https:\/\/hubsch-interior.com\/de\/produkt-kategorie\/beleuchtung\/stehlampen-de\/\"},{\"@type\":\"ListItem\",\"position\":5,\"name\":\"Balance Stehlampe Messingfarben\"}]},{\"@type\":\"WebSite\",\"@id\":\"https:\/\/hubsch-interior.com\/de\/#website\",\"url\":\"https:\/\/hubsch-interior.com\/de\/\",\"name\":\"H\u00fcbsch\",\"description\":\"Danish Home Interior and Design\",\"publisher\":{\"@id\":\"https:\/\/hubsch-interior.com\/de\/#organization\"},\"potentialAction\":[{\"@type\":\"SearchAction\",\"target\":{\"@type\":\"EntryPoint\",\"urlTemplate\":\"https:\/\/hubsch-interior.com\/de\/?s={search_term_string}\"},\"query-input\":{\"@type\":\"PropertyValueSpecification\",\"valueRequired\":true,\"valueName\":\"search_term_string\"}}],\"inLanguage\":\"de\"},{\"@type\":\"Organization\",\"@id\":\"https:\/\/hubsch-interior.com\/de\/#organization\",\"name\":\"H\u00fcbsch\",\"url\":\"https:\/\/hubsch-interior.com\/de\/\",\"logo\":{\"@type\":\"ImageObject\",\"inLanguage\":\"de\",\"@id\":\"https:\/\/hubsch-interior.com\/de\/#\/schema\/logo\/image\/\",\"url\":\"https:\/\/hubsch-interior.com\/wp-content\/uploads\/2022\/12\/Hubsch_logo_black_one_line.svg\",\"contentUrl\":\"https:\/\/hubsch-interior.com\/wp-content\/uploads\/2022\/12\/Hubsch_logo_black_one_line.svg\",\"caption\":\"H\u00fcbsch\"},\"image\":{\"@id\":\"https:\/\/hubsch-interior.com\/de\/#\/schema\/logo\/image\/\"}}]}<\/script>\n<!-- \/ Yoast SEO plugin. -->","yoast_head_json":{"title":"Balance Stehlampe Messingfarben - H\u00fcbsch","description":"Die Balance Stehlampe vereint ein klares Design mit einem warmen Messing-Finish und ist damit eine stilvolle Erg\u00e4nzung f\u00fcr jedes Zuhause. Aus","robots":{"index":"index","follow":"follow","max-snippet":"max-snippet:-1","max-image-preview":"max-image-preview:large","max-video-preview":"max-video-preview:-1"},"canonical":"https:\/\/hubsch-interior.com\/de\/wp-json\/wp\/v2\/product\/995519","og_locale":"de_DE","og_type":"article","og_title":"Balance Stehlampe Messingfarben - H\u00fcbsch","og_description":"Die Balance Stehlampe vereint ein klares Design mit einem warmen Messing-Finish und ist damit eine stilvolle Erg\u00e4nzung f\u00fcr jedes Zuhause. Aus","og_url":"https:\/\/hubsch-interior.com\/de\/produkt\/balance-stehlampe-messingfarben\/","og_site_name":"H\u00fcbsch","article_modified_time":"2026-04-05T03:03:21+00:00","og_image":[{"width":1024,"height":1024,"url":"https:\/\/hubsch-interior.com\/wp-content\/uploads\/2026\/02\/balance-floor-lamp-brass-4e7d81151d7b7cd816a89bbc3e9ce5be.jpg","type":"image\/jpeg"}],"twitter_card":"summary_large_image","schema":{"@context":"https:\/\/schema.org","@graph":[{"@type":"WebPage","@id":"https:\/\/hubsch-interior.com\/de\/produkt\/balance-stehlampe-messingfarben\/","url":"https:\/\/hubsch-interior.com\/de\/produkt\/balance-stehlampe-messingfarben\/","name":"Balance Stehlampe Messingfarben - H\u00fcbsch","isPartOf":{"@id":"https:\/\/hubsch-interior.com\/de\/#website"},"primaryImageOfPage":{"@id":"https:\/\/hubsch-interior.com\/de\/produkt\/balance-stehlampe-messingfarben\/#primaryimage"},"image":{"@id":"https:\/\/hubsch-interior.com\/de\/produkt\/balance-stehlampe-messingfarben\/#primaryimage"},"thumbnailUrl":"https:\/\/hubsch-interior.com\/wp-content\/uploads\/2026\/02\/balance-floor-lamp-brass-4e7d81151d7b7cd816a89bbc3e9ce5be.jpg","datePublished":"2024-08-05T08:35:43+00:00","dateModified":"2026-04-05T03:03:21+00:00","description":"Die Balance Stehlampe vereint ein klares Design mit einem warmen Messing-Finish und ist damit eine stilvolle Erg\u00e4nzung f\u00fcr jedes Zuhause. Aus","breadcrumb":{"@id":"https:\/\/hubsch-interior.com\/de\/produkt\/balance-stehlampe-messingfarben\/#breadcrumb"},"inLanguage":"de","potentialAction":[{"@type":"ReadAction","target":["https:\/\/hubsch-interior.com\/de\/produkt\/balance-stehlampe-messingfarben\/"]}]},{"@type":"ImageObject","inLanguage":"de","@id":"https:\/\/hubsch-interior.com\/de\/produkt\/balance-stehlampe-messingfarben\/#primaryimage","url":"https:\/\/hubsch-interior.com\/wp-content\/uploads\/2026\/02\/balance-floor-lamp-brass-4e7d81151d7b7cd816a89bbc3e9ce5be.jpg","contentUrl":"https:\/\/hubsch-interior.com\/wp-content\/uploads\/2026\/02\/balance-floor-lamp-brass-4e7d81151d7b7cd816a89bbc3e9ce5be.jpg","width":1024,"height":1024},{"@type":"BreadcrumbList","@id":"https:\/\/hubsch-interior.com\/de\/produkt\/balance-stehlampe-messingfarben\/#breadcrumb","itemListElement":[{"@type":"ListItem","position":1,"name":"Startseite","item":"https:\/\/hubsch-interior.com\/de\/"},{"@type":"ListItem","position":2,"name":"Produkte","item":"https:\/\/hubsch-interior.com\/de\/shop-2\/"},{"@type":"ListItem","position":3,"name":"Beleuchtung","item":"https:\/\/hubsch-interior.com\/de\/produkt-kategorie\/beleuchtung\/"},{"@type":"ListItem","position":4,"name":"Stehlampen","item":"https:\/\/hubsch-interior.com\/de\/produkt-kategorie\/beleuchtung\/stehlampen-de\/"},{"@type":"ListItem","position":5,"name":"Balance Stehlampe Messingfarben"}]},{"@type":"WebSite","@id":"https:\/\/hubsch-interior.com\/de\/#website","url":"https:\/\/hubsch-interior.com\/de\/","name":"H\u00fcbsch","description":"Danish Home Interior and Design","publisher":{"@id":"https:\/\/hubsch-interior.com\/de\/#organization"},"potentialAction":[{"@type":"SearchAction","target":{"@type":"EntryPoint","urlTemplate":"https:\/\/hubsch-interior.com\/de\/?s={search_term_string}"},"query-input":{"@type":"PropertyValueSpecification","valueRequired":true,"valueName":"search_term_string"}}],"inLanguage":"de"},{"@type":"Organization","@id":"https:\/\/hubsch-interior.com\/de\/#organization","name":"H\u00fcbsch","url":"https:\/\/hubsch-interior.com\/de\/","logo":{"@type":"ImageObject","inLanguage":"de","@id":"https:\/\/hubsch-interior.com\/de\/#\/schema\/logo\/image\/","url":"https:\/\/hubsch-interior.com\/wp-content\/uploads\/2022\/12\/Hubsch_logo_black_one_line.svg","contentUrl":"https:\/\/hubsch-interior.com\/wp-content\/uploads\/2022\/12\/Hubsch_logo_black_one_line.svg","caption":"H\u00fcbsch"},"image":{"@id":"https:\/\/hubsch-interior.com\/de\/#\/schema\/logo\/image\/"}}]}},"_links":{"self":[{"href":"https:\/\/hubsch-interior.com\/de\/wp-json\/wp\/v2\/product\/995519","targetHints":{"allow":["GET"]}}],"collection":[{"href":"https:\/\/hubsch-interior.com\/de\/wp-json\/wp\/v2\/product"}],"about":[{"href":"https:\/\/hubsch-interior.com\/de\/wp-json\/wp\/v2\/types\/product"}],"wp:featuredmedia":[{"embeddable":true,"href":"https:\/\/hubsch-interior.com\/de\/wp-json\/wp\/v2\/media\/1105818"}],"wp:attachment":[{"href":"https:\/\/hubsch-interior.com\/de\/wp-json\/wp\/v2\/media?parent=995519"}],"wp:term":[{"taxonomy":"product_brand","embeddable":true,"href":"https:\/\/hubsch-interior.com\/de\/wp-json\/wp\/v2\/product_brand?post=995519"},{"taxonomy":"product_cat","embeddable":true,"href":"https:\/\/hubsch-interior.com\/de\/wp-json\/wp\/v2\/product_cat?post=995519"},{"taxonomy":"product_tag","embeddable":true,"href":"https:\/\/hubsch-interior.com\/de\/wp-json\/wp\/v2\/product_tag?post=995519"}],"curies":[{"name":"wp","href":"https:\/\/api.w.org\/{rel}","templated":true}]}}