{"id":998977,"date":"2024-10-08T10:25:47","date_gmt":"2024-10-08T08:25:47","guid":{"rendered":"https:\/\/hubsch-interior.com\/product\/product\/"},"modified":"2026-04-12T05:08:02","modified_gmt":"2026-04-12T03:08:02","slug":"mush-tragbare-lampe-grun","status":"publish","type":"product","link":"https:\/\/hubsch-interior.com\/de\/produkt\/mush-tragbare-lampe-grun\/","title":{"rendered":"Mush Tragbare Lampe Gr\u00fcn"},"content":{"rendered":"<p>Die Mush Portable Lamp ist eine Neuinterpretation eines Kultdesigns \u2013 jetzt ohne Kabel f\u00fcr ultimativen Komfort. Die Lampe, die die minimalistische Eleganz des skandinavischen Designs widerspiegelt, ist in sechs exquisiten Farben erh\u00e4ltlich: drei beliebte Klassiker und drei neue, moderne T\u00f6ne.<\/p>\n<p>Ob in der gem\u00fctlichen Leseecke, auf dem Nachttisch oder bei einem Treffen im Freien, die Mush Portable Lamp ist der perfekte Begleiter. Sie passt sich Ihren Bed\u00fcrfnissen an und verleiht Ihrer Einrichtung einen Hauch von Raffinesse und Charme. Ihre Lieblingslampe ist immer in Reichweite und verwandelt mit ihrem warmen und gem\u00fctlichen Licht jeden Raum. Suchen Sie sich Ihre Lieblingsfarbe aus und genie\u00dfen Sie die perfekte Mischung aus kultigem Design und moderner Funktionalit\u00e4t.<\/p>\n","protected":false},"excerpt":{"rendered":"<p>Die Mush Portable Lamp ist eine Neuinterpretation eines Kultdesigns \u2013 jetzt ohne Kabel f\u00fcr ultimativen Komfort. Die Lampe, die die minimalistische Eleganz des skandinavischen Designs widerspiegelt, ist in sechs exquisiten Farben erh\u00e4ltlich: drei beliebte Klassiker und drei neue, moderne T\u00f6ne. Ob in der gem\u00fctlichen Leseecke, auf dem Nachttisch oder bei einem Treffen im Freien, die [&hellip;]<\/p>\n","protected":false},"featured_media":1107820,"template":"","meta":{"_acf_changed":false,"inline_featured_image":false},"product_brand":[],"product_cat":[3809,5027,6972,6519,3501,6963],"product_tag":[],"class_list":{"0":"post-998977","1":"product","2":"type-product","3":"status-publish","4":"has-post-thumbnail","6":"product_cat-beleuchtung","7":"product_cat-bestsellers-de","8":"product_cat-oster-sale","9":"product_cat-outlet-de","10":"product_cat-tischlampen-de","11":"product_cat-tragbare-lampen-de","12":"product_shipping_class-pk","14":"pa_color-grn-2","15":"pa_material-eisen-de","16":"pa_material-polycarbonat-2","18":"first","19":"instock","20":"sale","21":"featured","22":"taxable","23":"shipping-taxable","24":"purchasable","25":"product-type-simple"},"exclude_global_add_ons":[],"addons":[],"acf":[],"yoast_head":"<!-- This site is optimized with the Yoast SEO plugin v26.4 - https:\/\/yoast.com\/wordpress\/plugins\/seo\/ -->\n<title>Mush Tragbare Lampe Gr\u00fcn - H\u00fcbsch<\/title>\n<meta name=\"description\" content=\"Die Mush Portable Lamp ist eine Neuinterpretation eines Kultdesigns \u2013 jetzt ohne Kabel f\u00fcr ultimativen Komfort. Die Lampe, die die minimalistische Eleganz\" \/>\n<meta name=\"robots\" content=\"index, follow, max-snippet:-1, max-image-preview:large, max-video-preview:-1\" \/>\n<link rel=\"canonical\" href=\"https:\/\/hubsch-interior.com\/de\/wp-json\/wp\/v2\/product\/998977\" \/>\n<meta property=\"og:locale\" content=\"de_DE\" \/>\n<meta property=\"og:type\" content=\"article\" \/>\n<meta property=\"og:title\" content=\"Mush Tragbare Lampe Gr\u00fcn - H\u00fcbsch\" \/>\n<meta property=\"og:description\" content=\"Die Mush Portable Lamp ist eine Neuinterpretation eines Kultdesigns \u2013 jetzt ohne Kabel f\u00fcr ultimativen Komfort. Die Lampe, die die minimalistische Eleganz\" \/>\n<meta property=\"og:url\" content=\"https:\/\/hubsch-interior.com\/de\/produkt\/mush-tragbare-lampe-grun\/\" \/>\n<meta property=\"og:site_name\" content=\"H\u00fcbsch\" \/>\n<meta property=\"article:modified_time\" content=\"2026-04-12T03:08:02+00:00\" \/>\n<meta property=\"og:image\" content=\"https:\/\/hubsch-interior.com\/wp-content\/uploads\/2025\/04\/mush-portable-lamp-green-9f62635ed69420ddc5fc07dc18bb244b.jpg\" \/>\n\t<meta property=\"og:image:width\" content=\"1200\" \/>\n\t<meta property=\"og:image:height\" content=\"1200\" \/>\n\t<meta property=\"og:image:type\" content=\"image\/jpeg\" \/>\n<meta name=\"twitter:card\" content=\"summary_large_image\" \/>\n<meta name=\"twitter:label1\" content=\"Gesch\u00e4tzte Lesezeit\" \/>\n\t<meta name=\"twitter:data1\" content=\"1\u00a0Minute\" \/>\n<script type=\"application\/ld+json\" class=\"yoast-schema-graph\">{\"@context\":\"https:\/\/schema.org\",\"@graph\":[{\"@type\":\"WebPage\",\"@id\":\"https:\/\/hubsch-interior.com\/de\/produkt\/mush-tragbare-lampe-grun\/\",\"url\":\"https:\/\/hubsch-interior.com\/de\/produkt\/mush-tragbare-lampe-grun\/\",\"name\":\"Mush Tragbare Lampe Gr\u00fcn - H\u00fcbsch\",\"isPartOf\":{\"@id\":\"https:\/\/hubsch-interior.com\/de\/#website\"},\"primaryImageOfPage\":{\"@id\":\"https:\/\/hubsch-interior.com\/de\/produkt\/mush-tragbare-lampe-grun\/#primaryimage\"},\"image\":{\"@id\":\"https:\/\/hubsch-interior.com\/de\/produkt\/mush-tragbare-lampe-grun\/#primaryimage\"},\"thumbnailUrl\":\"https:\/\/hubsch-interior.com\/wp-content\/uploads\/2026\/02\/mush-portable-lamp-green-b83395dd05bd1de31599c0f58e999ef0.jpg\",\"datePublished\":\"2024-10-08T08:25:47+00:00\",\"dateModified\":\"2026-04-12T03:08:02+00:00\",\"description\":\"Die Mush Portable Lamp ist eine Neuinterpretation eines Kultdesigns \u2013 jetzt ohne Kabel f\u00fcr ultimativen Komfort. Die Lampe, die die minimalistische Eleganz\",\"breadcrumb\":{\"@id\":\"https:\/\/hubsch-interior.com\/de\/produkt\/mush-tragbare-lampe-grun\/#breadcrumb\"},\"inLanguage\":\"de\",\"potentialAction\":[{\"@type\":\"ReadAction\",\"target\":[\"https:\/\/hubsch-interior.com\/de\/produkt\/mush-tragbare-lampe-grun\/\"]}]},{\"@type\":\"ImageObject\",\"inLanguage\":\"de\",\"@id\":\"https:\/\/hubsch-interior.com\/de\/produkt\/mush-tragbare-lampe-grun\/#primaryimage\",\"url\":\"https:\/\/hubsch-interior.com\/wp-content\/uploads\/2026\/02\/mush-portable-lamp-green-b83395dd05bd1de31599c0f58e999ef0.jpg\",\"contentUrl\":\"https:\/\/hubsch-interior.com\/wp-content\/uploads\/2026\/02\/mush-portable-lamp-green-b83395dd05bd1de31599c0f58e999ef0.jpg\",\"width\":1024,\"height\":1024},{\"@type\":\"BreadcrumbList\",\"@id\":\"https:\/\/hubsch-interior.com\/de\/produkt\/mush-tragbare-lampe-grun\/#breadcrumb\",\"itemListElement\":[{\"@type\":\"ListItem\",\"position\":1,\"name\":\"Startseite\",\"item\":\"https:\/\/hubsch-interior.com\/de\/\"},{\"@type\":\"ListItem\",\"position\":2,\"name\":\"Produkte\",\"item\":\"https:\/\/hubsch-interior.com\/de\/shop-2\/\"},{\"@type\":\"ListItem\",\"position\":3,\"name\":\"Beleuchtung\",\"item\":\"https:\/\/hubsch-interior.com\/de\/produkt-kategorie\/beleuchtung\/\"},{\"@type\":\"ListItem\",\"position\":4,\"name\":\"Tragbare Lampen\",\"item\":\"https:\/\/hubsch-interior.com\/de\/produkt-kategorie\/beleuchtung\/tragbare-lampen-de\/\"},{\"@type\":\"ListItem\",\"position\":5,\"name\":\"Mush Tragbare Lampe Gr\u00fcn\"}]},{\"@type\":\"WebSite\",\"@id\":\"https:\/\/hubsch-interior.com\/de\/#website\",\"url\":\"https:\/\/hubsch-interior.com\/de\/\",\"name\":\"H\u00fcbsch\",\"description\":\"Danish Home Interior and Design\",\"publisher\":{\"@id\":\"https:\/\/hubsch-interior.com\/de\/#organization\"},\"potentialAction\":[{\"@type\":\"SearchAction\",\"target\":{\"@type\":\"EntryPoint\",\"urlTemplate\":\"https:\/\/hubsch-interior.com\/de\/?s={search_term_string}\"},\"query-input\":{\"@type\":\"PropertyValueSpecification\",\"valueRequired\":true,\"valueName\":\"search_term_string\"}}],\"inLanguage\":\"de\"},{\"@type\":\"Organization\",\"@id\":\"https:\/\/hubsch-interior.com\/de\/#organization\",\"name\":\"H\u00fcbsch\",\"url\":\"https:\/\/hubsch-interior.com\/de\/\",\"logo\":{\"@type\":\"ImageObject\",\"inLanguage\":\"de\",\"@id\":\"https:\/\/hubsch-interior.com\/de\/#\/schema\/logo\/image\/\",\"url\":\"https:\/\/hubsch-interior.com\/wp-content\/uploads\/2022\/12\/Hubsch_logo_black_one_line.svg\",\"contentUrl\":\"https:\/\/hubsch-interior.com\/wp-content\/uploads\/2022\/12\/Hubsch_logo_black_one_line.svg\",\"caption\":\"H\u00fcbsch\"},\"image\":{\"@id\":\"https:\/\/hubsch-interior.com\/de\/#\/schema\/logo\/image\/\"}}]}<\/script>\n<!-- \/ Yoast SEO plugin. -->","yoast_head_json":{"title":"Mush Tragbare Lampe Gr\u00fcn - H\u00fcbsch","description":"Die Mush Portable Lamp ist eine Neuinterpretation eines Kultdesigns \u2013 jetzt ohne Kabel f\u00fcr ultimativen Komfort. Die Lampe, die die minimalistische Eleganz","robots":{"index":"index","follow":"follow","max-snippet":"max-snippet:-1","max-image-preview":"max-image-preview:large","max-video-preview":"max-video-preview:-1"},"canonical":"https:\/\/hubsch-interior.com\/de\/wp-json\/wp\/v2\/product\/998977","og_locale":"de_DE","og_type":"article","og_title":"Mush Tragbare Lampe Gr\u00fcn - H\u00fcbsch","og_description":"Die Mush Portable Lamp ist eine Neuinterpretation eines Kultdesigns \u2013 jetzt ohne Kabel f\u00fcr ultimativen Komfort. Die Lampe, die die minimalistische Eleganz","og_url":"https:\/\/hubsch-interior.com\/de\/produkt\/mush-tragbare-lampe-grun\/","og_site_name":"H\u00fcbsch","article_modified_time":"2026-04-12T03:08:02+00:00","og_image":[{"width":1200,"height":1200,"url":"https:\/\/hubsch-interior.com\/wp-content\/uploads\/2025\/04\/mush-portable-lamp-green-9f62635ed69420ddc5fc07dc18bb244b.jpg","type":"image\/jpeg"}],"twitter_card":"summary_large_image","twitter_misc":{"Gesch\u00e4tzte Lesezeit":"1\u00a0Minute"},"schema":{"@context":"https:\/\/schema.org","@graph":[{"@type":"WebPage","@id":"https:\/\/hubsch-interior.com\/de\/produkt\/mush-tragbare-lampe-grun\/","url":"https:\/\/hubsch-interior.com\/de\/produkt\/mush-tragbare-lampe-grun\/","name":"Mush Tragbare Lampe Gr\u00fcn - H\u00fcbsch","isPartOf":{"@id":"https:\/\/hubsch-interior.com\/de\/#website"},"primaryImageOfPage":{"@id":"https:\/\/hubsch-interior.com\/de\/produkt\/mush-tragbare-lampe-grun\/#primaryimage"},"image":{"@id":"https:\/\/hubsch-interior.com\/de\/produkt\/mush-tragbare-lampe-grun\/#primaryimage"},"thumbnailUrl":"https:\/\/hubsch-interior.com\/wp-content\/uploads\/2026\/02\/mush-portable-lamp-green-b83395dd05bd1de31599c0f58e999ef0.jpg","datePublished":"2024-10-08T08:25:47+00:00","dateModified":"2026-04-12T03:08:02+00:00","description":"Die Mush Portable Lamp ist eine Neuinterpretation eines Kultdesigns \u2013 jetzt ohne Kabel f\u00fcr ultimativen Komfort. Die Lampe, die die minimalistische Eleganz","breadcrumb":{"@id":"https:\/\/hubsch-interior.com\/de\/produkt\/mush-tragbare-lampe-grun\/#breadcrumb"},"inLanguage":"de","potentialAction":[{"@type":"ReadAction","target":["https:\/\/hubsch-interior.com\/de\/produkt\/mush-tragbare-lampe-grun\/"]}]},{"@type":"ImageObject","inLanguage":"de","@id":"https:\/\/hubsch-interior.com\/de\/produkt\/mush-tragbare-lampe-grun\/#primaryimage","url":"https:\/\/hubsch-interior.com\/wp-content\/uploads\/2026\/02\/mush-portable-lamp-green-b83395dd05bd1de31599c0f58e999ef0.jpg","contentUrl":"https:\/\/hubsch-interior.com\/wp-content\/uploads\/2026\/02\/mush-portable-lamp-green-b83395dd05bd1de31599c0f58e999ef0.jpg","width":1024,"height":1024},{"@type":"BreadcrumbList","@id":"https:\/\/hubsch-interior.com\/de\/produkt\/mush-tragbare-lampe-grun\/#breadcrumb","itemListElement":[{"@type":"ListItem","position":1,"name":"Startseite","item":"https:\/\/hubsch-interior.com\/de\/"},{"@type":"ListItem","position":2,"name":"Produkte","item":"https:\/\/hubsch-interior.com\/de\/shop-2\/"},{"@type":"ListItem","position":3,"name":"Beleuchtung","item":"https:\/\/hubsch-interior.com\/de\/produkt-kategorie\/beleuchtung\/"},{"@type":"ListItem","position":4,"name":"Tragbare Lampen","item":"https:\/\/hubsch-interior.com\/de\/produkt-kategorie\/beleuchtung\/tragbare-lampen-de\/"},{"@type":"ListItem","position":5,"name":"Mush Tragbare Lampe Gr\u00fcn"}]},{"@type":"WebSite","@id":"https:\/\/hubsch-interior.com\/de\/#website","url":"https:\/\/hubsch-interior.com\/de\/","name":"H\u00fcbsch","description":"Danish Home Interior and Design","publisher":{"@id":"https:\/\/hubsch-interior.com\/de\/#organization"},"potentialAction":[{"@type":"SearchAction","target":{"@type":"EntryPoint","urlTemplate":"https:\/\/hubsch-interior.com\/de\/?s={search_term_string}"},"query-input":{"@type":"PropertyValueSpecification","valueRequired":true,"valueName":"search_term_string"}}],"inLanguage":"de"},{"@type":"Organization","@id":"https:\/\/hubsch-interior.com\/de\/#organization","name":"H\u00fcbsch","url":"https:\/\/hubsch-interior.com\/de\/","logo":{"@type":"ImageObject","inLanguage":"de","@id":"https:\/\/hubsch-interior.com\/de\/#\/schema\/logo\/image\/","url":"https:\/\/hubsch-interior.com\/wp-content\/uploads\/2022\/12\/Hubsch_logo_black_one_line.svg","contentUrl":"https:\/\/hubsch-interior.com\/wp-content\/uploads\/2022\/12\/Hubsch_logo_black_one_line.svg","caption":"H\u00fcbsch"},"image":{"@id":"https:\/\/hubsch-interior.com\/de\/#\/schema\/logo\/image\/"}}]}},"_links":{"self":[{"href":"https:\/\/hubsch-interior.com\/de\/wp-json\/wp\/v2\/product\/998977","targetHints":{"allow":["GET"]}}],"collection":[{"href":"https:\/\/hubsch-interior.com\/de\/wp-json\/wp\/v2\/product"}],"about":[{"href":"https:\/\/hubsch-interior.com\/de\/wp-json\/wp\/v2\/types\/product"}],"wp:featuredmedia":[{"embeddable":true,"href":"https:\/\/hubsch-interior.com\/de\/wp-json\/wp\/v2\/media\/1107820"}],"wp:attachment":[{"href":"https:\/\/hubsch-interior.com\/de\/wp-json\/wp\/v2\/media?parent=998977"}],"wp:term":[{"taxonomy":"product_brand","embeddable":true,"href":"https:\/\/hubsch-interior.com\/de\/wp-json\/wp\/v2\/product_brand?post=998977"},{"taxonomy":"product_cat","embeddable":true,"href":"https:\/\/hubsch-interior.com\/de\/wp-json\/wp\/v2\/product_cat?post=998977"},{"taxonomy":"product_tag","embeddable":true,"href":"https:\/\/hubsch-interior.com\/de\/wp-json\/wp\/v2\/product_tag?post=998977"}],"curies":[{"name":"wp","href":"https:\/\/api.w.org\/{rel}","templated":true}]}}