{"id":998997,"date":"2024-10-08T10:27:05","date_gmt":"2024-10-08T08:27:05","guid":{"rendered":"https:\/\/hubsch-interior.com\/product\/product\/"},"modified":"2026-04-07T05:04:02","modified_gmt":"2026-04-07T03:04:02","slug":"bringme-tragbare-lampe-mini-metallic-turkis","status":"publish","type":"product","link":"https:\/\/hubsch-interior.com\/de\/produkt\/bringme-tragbare-lampe-mini-metallic-turkis\/","title":{"rendered":"BringMe Tragbare Lampe Mini Metallic-T\u00fcrkis"},"content":{"rendered":"<p>Die BringMe Mini Portable Lamp ist die kompakte Weiterentwicklung eines beliebten Designs \u2013 jetzt in einem kleineren Format f\u00fcr m\u00fchelosen Transport. Diese kompakte und dennoch leistungsstarke Lampe passt \u00fcberall hin und erhellt jeden Raum mit ihrem eleganten, modernen Stil. Sie ist in drei atemberaubenden Farben erh\u00e4ltlich: ein beliebter Klassiker und zwei frische neue T\u00f6ne.<\/p>\n<p>Sie eignet sich perfekt f\u00fcr drinnen und drau\u00dfen, ist dimmbar und verf\u00fcgt \u00fcber einen wiederaufladbaren Akku f\u00fcr stundenlanges Dauerlicht. Ob beim Lesen im Bett, beim Arbeiten am Schreibtisch oder abends im Freien, die BringMe Mini Portable Lamp ist die perfekte L\u00f6sung. Mit ihrer kompakten Gr\u00f6\u00dfe, dem eleganten Design und den praktischen Funktionen f\u00fcgt sich die Lampe nahtlos in Ihren Lebensstil ein und bietet die ideale Mischung aus Stil, Funktionalit\u00e4t und Komfort. W\u00e4hlen Sie Ihre Lieblingsfarbe und freuen Sie sich \u00fcber die BringMe Mini Portable Lamp.<\/p>\n","protected":false},"excerpt":{"rendered":"<p>Die BringMe Mini Portable Lamp ist die kompakte Weiterentwicklung eines beliebten Designs \u2013 jetzt in einem kleineren Format f\u00fcr m\u00fchelosen Transport. Diese kompakte und dennoch leistungsstarke Lampe passt \u00fcberall hin und erhellt jeden Raum mit ihrem eleganten, modernen Stil. Sie ist in drei atemberaubenden Farben erh\u00e4ltlich: ein beliebter Klassiker und zwei frische neue T\u00f6ne. Sie [&hellip;]<\/p>\n","protected":false},"featured_media":1107844,"template":"","meta":{"_acf_changed":false,"inline_featured_image":false},"product_brand":[],"product_cat":[6972,6963,3809,3501,6519],"product_tag":[],"class_list":{"0":"post-998997","1":"product","2":"type-product","3":"status-publish","4":"has-post-thumbnail","6":"product_cat-oster-sale","7":"product_cat-tragbare-lampen-de","8":"product_cat-beleuchtung","9":"product_cat-tischlampen-de","10":"product_cat-outlet-de","11":"product_shipping_class-pk","13":"pa_color-metallic-trkis","14":"pa_material-eisen-de","15":"pa_material-polycarbonat-2","17":"first","18":"instock","19":"sale","20":"taxable","21":"shipping-taxable","22":"purchasable","23":"product-type-simple"},"exclude_global_add_ons":[],"addons":[],"acf":[],"yoast_head":"<!-- This site is optimized with the Yoast SEO plugin v26.4 - https:\/\/yoast.com\/wordpress\/plugins\/seo\/ -->\n<title>BringMe Tragbare Lampe Mini Metallic-T\u00fcrkis - H\u00fcbsch<\/title>\n<meta name=\"description\" content=\"Die BringMe Mini Portable Lamp ist die kompakte Weiterentwicklung eines beliebten Designs \u2013 jetzt in einem kleineren Format f\u00fcr m\u00fchelosen Transport. Diese\" \/>\n<meta name=\"robots\" content=\"index, follow, max-snippet:-1, max-image-preview:large, max-video-preview:-1\" \/>\n<link rel=\"canonical\" href=\"https:\/\/hubsch-interior.com\/de\/wp-json\/wp\/v2\/product\/998997\" \/>\n<meta property=\"og:locale\" content=\"de_DE\" \/>\n<meta property=\"og:type\" content=\"article\" \/>\n<meta property=\"og:title\" content=\"BringMe Tragbare Lampe Mini Metallic-T\u00fcrkis - H\u00fcbsch\" \/>\n<meta property=\"og:description\" content=\"Die BringMe Mini Portable Lamp ist die kompakte Weiterentwicklung eines beliebten Designs \u2013 jetzt in einem kleineren Format f\u00fcr m\u00fchelosen Transport. Diese\" \/>\n<meta property=\"og:url\" content=\"https:\/\/hubsch-interior.com\/de\/produkt\/bringme-tragbare-lampe-mini-metallic-turkis\/\" \/>\n<meta property=\"og:site_name\" content=\"H\u00fcbsch\" \/>\n<meta property=\"article:modified_time\" content=\"2026-04-07T03:04:02+00:00\" \/>\n<meta property=\"og:image\" content=\"https:\/\/hubsch-interior.com\/wp-content\/uploads\/2026\/02\/bringme-portable-lamp-mini-metallic-turquoise-c876844252c77a508321ca5681248214.jpg\" \/>\n\t<meta property=\"og:image:width\" content=\"1024\" \/>\n\t<meta property=\"og:image:height\" content=\"1024\" \/>\n\t<meta property=\"og:image:type\" content=\"image\/jpeg\" \/>\n<meta name=\"twitter:card\" content=\"summary_large_image\" \/>\n<meta name=\"twitter:label1\" content=\"Gesch\u00e4tzte Lesezeit\" \/>\n\t<meta name=\"twitter:data1\" content=\"1\u00a0Minute\" \/>\n<script type=\"application\/ld+json\" class=\"yoast-schema-graph\">{\"@context\":\"https:\/\/schema.org\",\"@graph\":[{\"@type\":\"WebPage\",\"@id\":\"https:\/\/hubsch-interior.com\/de\/produkt\/bringme-tragbare-lampe-mini-metallic-turkis\/\",\"url\":\"https:\/\/hubsch-interior.com\/de\/produkt\/bringme-tragbare-lampe-mini-metallic-turkis\/\",\"name\":\"BringMe Tragbare Lampe Mini Metallic-T\u00fcrkis - H\u00fcbsch\",\"isPartOf\":{\"@id\":\"https:\/\/hubsch-interior.com\/de\/#website\"},\"primaryImageOfPage\":{\"@id\":\"https:\/\/hubsch-interior.com\/de\/produkt\/bringme-tragbare-lampe-mini-metallic-turkis\/#primaryimage\"},\"image\":{\"@id\":\"https:\/\/hubsch-interior.com\/de\/produkt\/bringme-tragbare-lampe-mini-metallic-turkis\/#primaryimage\"},\"thumbnailUrl\":\"https:\/\/hubsch-interior.com\/wp-content\/uploads\/2026\/02\/bringme-portable-lamp-mini-metallic-turquoise-c876844252c77a508321ca5681248214.jpg\",\"datePublished\":\"2024-10-08T08:27:05+00:00\",\"dateModified\":\"2026-04-07T03:04:02+00:00\",\"description\":\"Die BringMe Mini Portable Lamp ist die kompakte Weiterentwicklung eines beliebten Designs \u2013 jetzt in einem kleineren Format f\u00fcr m\u00fchelosen Transport. Diese\",\"breadcrumb\":{\"@id\":\"https:\/\/hubsch-interior.com\/de\/produkt\/bringme-tragbare-lampe-mini-metallic-turkis\/#breadcrumb\"},\"inLanguage\":\"de\",\"potentialAction\":[{\"@type\":\"ReadAction\",\"target\":[\"https:\/\/hubsch-interior.com\/de\/produkt\/bringme-tragbare-lampe-mini-metallic-turkis\/\"]}]},{\"@type\":\"ImageObject\",\"inLanguage\":\"de\",\"@id\":\"https:\/\/hubsch-interior.com\/de\/produkt\/bringme-tragbare-lampe-mini-metallic-turkis\/#primaryimage\",\"url\":\"https:\/\/hubsch-interior.com\/wp-content\/uploads\/2026\/02\/bringme-portable-lamp-mini-metallic-turquoise-c876844252c77a508321ca5681248214.jpg\",\"contentUrl\":\"https:\/\/hubsch-interior.com\/wp-content\/uploads\/2026\/02\/bringme-portable-lamp-mini-metallic-turquoise-c876844252c77a508321ca5681248214.jpg\",\"width\":1024,\"height\":1024},{\"@type\":\"BreadcrumbList\",\"@id\":\"https:\/\/hubsch-interior.com\/de\/produkt\/bringme-tragbare-lampe-mini-metallic-turkis\/#breadcrumb\",\"itemListElement\":[{\"@type\":\"ListItem\",\"position\":1,\"name\":\"Startseite\",\"item\":\"https:\/\/hubsch-interior.com\/de\/\"},{\"@type\":\"ListItem\",\"position\":2,\"name\":\"Produkte\",\"item\":\"https:\/\/hubsch-interior.com\/de\/shop-2\/\"},{\"@type\":\"ListItem\",\"position\":3,\"name\":\"Beleuchtung\",\"item\":\"https:\/\/hubsch-interior.com\/de\/produkt-kategorie\/beleuchtung\/\"},{\"@type\":\"ListItem\",\"position\":4,\"name\":\"Tragbare Lampen\",\"item\":\"https:\/\/hubsch-interior.com\/de\/produkt-kategorie\/beleuchtung\/tragbare-lampen-de\/\"},{\"@type\":\"ListItem\",\"position\":5,\"name\":\"BringMe Tragbare Lampe Mini Metallic-T\u00fcrkis\"}]},{\"@type\":\"WebSite\",\"@id\":\"https:\/\/hubsch-interior.com\/de\/#website\",\"url\":\"https:\/\/hubsch-interior.com\/de\/\",\"name\":\"H\u00fcbsch\",\"description\":\"Danish Home Interior and Design\",\"publisher\":{\"@id\":\"https:\/\/hubsch-interior.com\/de\/#organization\"},\"potentialAction\":[{\"@type\":\"SearchAction\",\"target\":{\"@type\":\"EntryPoint\",\"urlTemplate\":\"https:\/\/hubsch-interior.com\/de\/?s={search_term_string}\"},\"query-input\":{\"@type\":\"PropertyValueSpecification\",\"valueRequired\":true,\"valueName\":\"search_term_string\"}}],\"inLanguage\":\"de\"},{\"@type\":\"Organization\",\"@id\":\"https:\/\/hubsch-interior.com\/de\/#organization\",\"name\":\"H\u00fcbsch\",\"url\":\"https:\/\/hubsch-interior.com\/de\/\",\"logo\":{\"@type\":\"ImageObject\",\"inLanguage\":\"de\",\"@id\":\"https:\/\/hubsch-interior.com\/de\/#\/schema\/logo\/image\/\",\"url\":\"https:\/\/hubsch-interior.com\/wp-content\/uploads\/2022\/12\/Hubsch_logo_black_one_line.svg\",\"contentUrl\":\"https:\/\/hubsch-interior.com\/wp-content\/uploads\/2022\/12\/Hubsch_logo_black_one_line.svg\",\"caption\":\"H\u00fcbsch\"},\"image\":{\"@id\":\"https:\/\/hubsch-interior.com\/de\/#\/schema\/logo\/image\/\"}}]}<\/script>\n<!-- \/ Yoast SEO plugin. -->","yoast_head_json":{"title":"BringMe Tragbare Lampe Mini Metallic-T\u00fcrkis - H\u00fcbsch","description":"Die BringMe Mini Portable Lamp ist die kompakte Weiterentwicklung eines beliebten Designs \u2013 jetzt in einem kleineren Format f\u00fcr m\u00fchelosen Transport. Diese","robots":{"index":"index","follow":"follow","max-snippet":"max-snippet:-1","max-image-preview":"max-image-preview:large","max-video-preview":"max-video-preview:-1"},"canonical":"https:\/\/hubsch-interior.com\/de\/wp-json\/wp\/v2\/product\/998997","og_locale":"de_DE","og_type":"article","og_title":"BringMe Tragbare Lampe Mini Metallic-T\u00fcrkis - H\u00fcbsch","og_description":"Die BringMe Mini Portable Lamp ist die kompakte Weiterentwicklung eines beliebten Designs \u2013 jetzt in einem kleineren Format f\u00fcr m\u00fchelosen Transport. Diese","og_url":"https:\/\/hubsch-interior.com\/de\/produkt\/bringme-tragbare-lampe-mini-metallic-turkis\/","og_site_name":"H\u00fcbsch","article_modified_time":"2026-04-07T03:04:02+00:00","og_image":[{"width":1024,"height":1024,"url":"https:\/\/hubsch-interior.com\/wp-content\/uploads\/2026\/02\/bringme-portable-lamp-mini-metallic-turquoise-c876844252c77a508321ca5681248214.jpg","type":"image\/jpeg"}],"twitter_card":"summary_large_image","twitter_misc":{"Gesch\u00e4tzte Lesezeit":"1\u00a0Minute"},"schema":{"@context":"https:\/\/schema.org","@graph":[{"@type":"WebPage","@id":"https:\/\/hubsch-interior.com\/de\/produkt\/bringme-tragbare-lampe-mini-metallic-turkis\/","url":"https:\/\/hubsch-interior.com\/de\/produkt\/bringme-tragbare-lampe-mini-metallic-turkis\/","name":"BringMe Tragbare Lampe Mini Metallic-T\u00fcrkis - H\u00fcbsch","isPartOf":{"@id":"https:\/\/hubsch-interior.com\/de\/#website"},"primaryImageOfPage":{"@id":"https:\/\/hubsch-interior.com\/de\/produkt\/bringme-tragbare-lampe-mini-metallic-turkis\/#primaryimage"},"image":{"@id":"https:\/\/hubsch-interior.com\/de\/produkt\/bringme-tragbare-lampe-mini-metallic-turkis\/#primaryimage"},"thumbnailUrl":"https:\/\/hubsch-interior.com\/wp-content\/uploads\/2026\/02\/bringme-portable-lamp-mini-metallic-turquoise-c876844252c77a508321ca5681248214.jpg","datePublished":"2024-10-08T08:27:05+00:00","dateModified":"2026-04-07T03:04:02+00:00","description":"Die BringMe Mini Portable Lamp ist die kompakte Weiterentwicklung eines beliebten Designs \u2013 jetzt in einem kleineren Format f\u00fcr m\u00fchelosen Transport. Diese","breadcrumb":{"@id":"https:\/\/hubsch-interior.com\/de\/produkt\/bringme-tragbare-lampe-mini-metallic-turkis\/#breadcrumb"},"inLanguage":"de","potentialAction":[{"@type":"ReadAction","target":["https:\/\/hubsch-interior.com\/de\/produkt\/bringme-tragbare-lampe-mini-metallic-turkis\/"]}]},{"@type":"ImageObject","inLanguage":"de","@id":"https:\/\/hubsch-interior.com\/de\/produkt\/bringme-tragbare-lampe-mini-metallic-turkis\/#primaryimage","url":"https:\/\/hubsch-interior.com\/wp-content\/uploads\/2026\/02\/bringme-portable-lamp-mini-metallic-turquoise-c876844252c77a508321ca5681248214.jpg","contentUrl":"https:\/\/hubsch-interior.com\/wp-content\/uploads\/2026\/02\/bringme-portable-lamp-mini-metallic-turquoise-c876844252c77a508321ca5681248214.jpg","width":1024,"height":1024},{"@type":"BreadcrumbList","@id":"https:\/\/hubsch-interior.com\/de\/produkt\/bringme-tragbare-lampe-mini-metallic-turkis\/#breadcrumb","itemListElement":[{"@type":"ListItem","position":1,"name":"Startseite","item":"https:\/\/hubsch-interior.com\/de\/"},{"@type":"ListItem","position":2,"name":"Produkte","item":"https:\/\/hubsch-interior.com\/de\/shop-2\/"},{"@type":"ListItem","position":3,"name":"Beleuchtung","item":"https:\/\/hubsch-interior.com\/de\/produkt-kategorie\/beleuchtung\/"},{"@type":"ListItem","position":4,"name":"Tragbare Lampen","item":"https:\/\/hubsch-interior.com\/de\/produkt-kategorie\/beleuchtung\/tragbare-lampen-de\/"},{"@type":"ListItem","position":5,"name":"BringMe Tragbare Lampe Mini Metallic-T\u00fcrkis"}]},{"@type":"WebSite","@id":"https:\/\/hubsch-interior.com\/de\/#website","url":"https:\/\/hubsch-interior.com\/de\/","name":"H\u00fcbsch","description":"Danish Home Interior and Design","publisher":{"@id":"https:\/\/hubsch-interior.com\/de\/#organization"},"potentialAction":[{"@type":"SearchAction","target":{"@type":"EntryPoint","urlTemplate":"https:\/\/hubsch-interior.com\/de\/?s={search_term_string}"},"query-input":{"@type":"PropertyValueSpecification","valueRequired":true,"valueName":"search_term_string"}}],"inLanguage":"de"},{"@type":"Organization","@id":"https:\/\/hubsch-interior.com\/de\/#organization","name":"H\u00fcbsch","url":"https:\/\/hubsch-interior.com\/de\/","logo":{"@type":"ImageObject","inLanguage":"de","@id":"https:\/\/hubsch-interior.com\/de\/#\/schema\/logo\/image\/","url":"https:\/\/hubsch-interior.com\/wp-content\/uploads\/2022\/12\/Hubsch_logo_black_one_line.svg","contentUrl":"https:\/\/hubsch-interior.com\/wp-content\/uploads\/2022\/12\/Hubsch_logo_black_one_line.svg","caption":"H\u00fcbsch"},"image":{"@id":"https:\/\/hubsch-interior.com\/de\/#\/schema\/logo\/image\/"}}]}},"_links":{"self":[{"href":"https:\/\/hubsch-interior.com\/de\/wp-json\/wp\/v2\/product\/998997","targetHints":{"allow":["GET"]}}],"collection":[{"href":"https:\/\/hubsch-interior.com\/de\/wp-json\/wp\/v2\/product"}],"about":[{"href":"https:\/\/hubsch-interior.com\/de\/wp-json\/wp\/v2\/types\/product"}],"wp:featuredmedia":[{"embeddable":true,"href":"https:\/\/hubsch-interior.com\/de\/wp-json\/wp\/v2\/media\/1107844"}],"wp:attachment":[{"href":"https:\/\/hubsch-interior.com\/de\/wp-json\/wp\/v2\/media?parent=998997"}],"wp:term":[{"taxonomy":"product_brand","embeddable":true,"href":"https:\/\/hubsch-interior.com\/de\/wp-json\/wp\/v2\/product_brand?post=998997"},{"taxonomy":"product_cat","embeddable":true,"href":"https:\/\/hubsch-interior.com\/de\/wp-json\/wp\/v2\/product_cat?post=998997"},{"taxonomy":"product_tag","embeddable":true,"href":"https:\/\/hubsch-interior.com\/de\/wp-json\/wp\/v2\/product_tag?post=998997"}],"curies":[{"name":"wp","href":"https:\/\/api.w.org\/{rel}","templated":true}]}}