{"id":383300,"date":"2021-05-11T14:14:17","date_gmt":"2021-05-11T12:14:17","guid":{"rendered":"https:\/\/hubsch-interior.com\/shop-b2c\/showroom-virtuel\/"},"modified":"2022-01-24T14:24:16","modified_gmt":"2022-01-24T13:24:16","slug":"showroom-virtuel","status":"publish","type":"page","link":"https:\/\/hubsch-interior.com\/fr\/showroom-virtuel\/","title":{"rendered":"Showroom virtuel"},"content":{"rendered":"\t\t<div data-elementor-type=\"wp-page\" data-elementor-id=\"383300\" class=\"elementor elementor-383300 elementor-93976\" data-elementor-post-type=\"page\">\n\t\t\t\t\t\t<section class=\"elementor-section elementor-top-section elementor-element elementor-element-a2f203d elementor-section-full_width elementor-section-height-default elementor-section-height-default\" data-id=\"a2f203d\" data-element_type=\"section\" data-e-type=\"section\">\n\t\t\t\t\t\t<div class=\"elementor-container elementor-column-gap-default\">\n\t\t\t\t\t<div class=\"elementor-column elementor-col-100 elementor-top-column elementor-element elementor-element-b1f5b04\" data-id=\"b1f5b04\" data-element_type=\"column\" data-e-type=\"column\">\n\t\t\t<div class=\"elementor-widget-wrap elementor-element-populated\">\n\t\t\t\t\t\t<div class=\"elementor-element elementor-element-35ad864 elementor-align-center elementor-widget elementor-widget-global elementor-global-719647 elementor-widget-breadcrumbs\" data-id=\"35ad864\" data-element_type=\"widget\" data-e-type=\"widget\" data-widget_type=\"breadcrumbs.default\">\n\t\t\t\t<div class=\"elementor-widget-container\">\n\t\t\t\t\t<p id=\"breadcrumbs\"><span><span><a href=\"https:\/\/hubsch-interior.com\/fr\/\">Page d'accueil<\/a><\/span><\/span><\/p>\t\t\t\t<\/div>\n\t\t\t\t<\/div>\n\t\t\t\t\t<\/div>\n\t\t<\/div>\n\t\t\t\t\t<\/div>\n\t\t<\/section>\n\t\t\t\t<section class=\"elementor-section elementor-top-section elementor-element elementor-element-63db6ad elementor-section-boxed elementor-section-height-default elementor-section-height-default\" data-id=\"63db6ad\" data-element_type=\"section\" data-e-type=\"section\">\n\t\t\t\t\t\t<div class=\"elementor-container elementor-column-gap-default\">\n\t\t\t\t\t<div class=\"elementor-column elementor-col-50 elementor-top-column elementor-element elementor-element-a2ead9f\" data-id=\"a2ead9f\" data-element_type=\"column\" data-e-type=\"column\">\n\t\t\t<div class=\"elementor-widget-wrap elementor-element-populated\">\n\t\t\t\t\t\t<div class=\"elementor-element elementor-element-dc6ce91 elementor-widget elementor-widget-heading\" data-id=\"dc6ce91\" data-element_type=\"widget\" data-e-type=\"widget\" data-widget_type=\"heading.default\">\n\t\t\t\t<div class=\"elementor-widget-container\">\n\t\t\t\t\t<h1 class=\"elementor-heading-title elementor-size-default\">Faites une visite virtuelle de la salle d'exposition<\/h1>\t\t\t\t<\/div>\n\t\t\t\t<\/div>\n\t\t\t\t<div class=\"elementor-element elementor-element-5244507 elementor-widget elementor-widget-text-editor\" data-id=\"5244507\" data-element_type=\"widget\" data-e-type=\"widget\" data-widget_type=\"text-editor.default\">\n\t\t\t\t<div class=\"elementor-widget-container\">\n\t\t\t\t\t\t\t\t\t<p>Dans notre si\u00e8ge social nouvellement construit \u00e0 Herning, au Danemark, vous trouverez notre magnifique salle d&#8217;exposition phare. C&#8217;est un impressionnant duplex de 450 m\u00e8tres carr\u00e9s o\u00f9 vous pouvez voir, toucher et acqu\u00e9rir une connaissance approfondie de nos produits. Ici, vous pouvez d\u00e9couvrir l&#8217;ensemble de notre univers de marque et voir nos ic\u00f4nes de design classiques aux c\u00f4t\u00e9s de nos nouveaux designs modernes. Faites une promenade virtuelle, jetez un \u0153il et cliquez sur les produits pour trouver le prix et les sp\u00e9cifications. Nous esp\u00e9rons que vous appr\u00e9cierez.<\/p>\n\t\t\t\t\t\t\t\t<\/div>\n\t\t\t\t<\/div>\n\t\t\t\t\t<\/div>\n\t\t<\/div>\n\t\t\t\t<div class=\"elementor-column elementor-col-50 elementor-top-column elementor-element elementor-element-0a40d55 elementor-hidden-tablet elementor-hidden-mobile\" data-id=\"0a40d55\" data-element_type=\"column\" data-e-type=\"column\">\n\t\t\t<div class=\"elementor-widget-wrap\">\n\t\t\t\t\t\t\t<\/div>\n\t\t<\/div>\n\t\t\t\t\t<\/div>\n\t\t<\/section>\n\t\t\t\t<section class=\"elementor-section elementor-top-section elementor-element elementor-element-e0e3581 elementor-section-boxed elementor-section-height-default elementor-section-height-default\" data-id=\"e0e3581\" data-element_type=\"section\" data-e-type=\"section\">\n\t\t\t\t\t\t<div class=\"elementor-container elementor-column-gap-default\">\n\t\t\t\t\t<div class=\"elementor-column elementor-col-100 elementor-top-column elementor-element elementor-element-b5bc6c2\" data-id=\"b5bc6c2\" data-element_type=\"column\" data-e-type=\"column\">\n\t\t\t<div class=\"elementor-widget-wrap elementor-element-populated\">\n\t\t\t\t\t\t<div class=\"elementor-element elementor-element-15e9ee8 elementor-widget__width-auto elementor-hidden-desktop elementor-hidden-tablet elementor-hidden-mobile elementor-widget elementor-widget-heading\" data-id=\"15e9ee8\" data-element_type=\"widget\" data-e-type=\"widget\" data-widget_type=\"heading.default\">\n\t\t\t\t<div class=\"elementor-widget-container\">\n\t\t\t\t\t<span class=\"elementor-heading-title elementor-size-default\">Pi\u00e8ces:<\/span>\t\t\t\t<\/div>\n\t\t\t\t<\/div>\n\t\t\t\t<div class=\"elementor-element elementor-element-deb610f elementor-nav-menu--dropdown-none style-menu elementor-widget__width-auto elementor-widget elementor-widget-global elementor-global-383129 elementor-global-94013 elementor-widget-nav-menu\" data-id=\"deb610f\" data-element_type=\"widget\" data-e-type=\"widget\" data-settings=\"{&quot;submenu_icon&quot;:{&quot;value&quot;:&quot;&quot;,&quot;library&quot;:&quot;&quot;},&quot;layout&quot;:&quot;horizontal&quot;}\" data-widget_type=\"nav-menu.default\">\n\t\t\t\t<div class=\"elementor-widget-container\">\n\t\t\t\t\t\t\t\t<nav aria-label=\"Menu\" class=\"elementor-nav-menu--main elementor-nav-menu__container elementor-nav-menu--layout-horizontal e--pointer-background e--animation-fade\">\n\t\t\t\t<ul id=\"menu-1-deb610f\" class=\"elementor-nav-menu\"><li class=\"menu-item menu-item-type-post_type menu-item-object-page menu-item-984209\"><a href=\"https:\/\/hubsch-interior.com\/b2b-terms-conditions\/\" class=\"elementor-item\">B2B-Termes et conditions<\/a><\/li>\n<li class=\"menu-item menu-item-type-post_type menu-item-object-page menu-item-984214\"><a href=\"https:\/\/hubsch-interior.com\/b2b-terms-conditions\/b2b-delivery-an-returns\/\" class=\"elementor-item\">B2B-Retours et Remboursements<\/a><\/li>\n<li class=\"menu-item menu-item-type-post_type menu-item-object-page menu-item-1065951\"><a href=\"https:\/\/hubsch-interior.com\/b2b-terms-claims-guidelines\/\" class=\"elementor-item\">B2B-Terms-Claims Guidelines<\/a><\/li>\n<li class=\"menu-item menu-item-type-post_type menu-item-object-page menu-item-984213\"><a href=\"https:\/\/hubsch-interior.com\/b2b-terms-conditions\/b2b-privacy-policy\/\" class=\"elementor-item\">B2B-Politique de confidentialit\u00e9<\/a><\/li>\n<li class=\"menu-item menu-item-type-post_type menu-item-object-page menu-item-984212\"><a href=\"https:\/\/hubsch-interior.com\/b2b-terms-conditions\/b2b-cookie-policy\/\" class=\"elementor-item\">B2B-Gestion des cookies<\/a><\/li>\n<li class=\"menu-item menu-item-type-post_type menu-item-object-page menu-item-984210\"><a href=\"https:\/\/hubsch-interior.com\/b2b-terms-conditions\/b2b-faq\/\" class=\"elementor-item\">B2B-FAQ<\/a><\/li>\n<\/ul>\t\t\t<\/nav>\n\t\t\t\t\t\t<nav class=\"elementor-nav-menu--dropdown elementor-nav-menu__container\" aria-hidden=\"true\">\n\t\t\t\t<ul id=\"menu-1-deb610f\" class=\"elementor-nav-menu\"><li class=\"menu-item menu-item-type-post_type menu-item-object-page menu-item-984209\"><a href=\"https:\/\/hubsch-interior.com\/b2b-terms-conditions\/\" class=\"elementor-item\">B2B-Termes et conditions<\/a><\/li>\n<li class=\"menu-item menu-item-type-post_type menu-item-object-page menu-item-984214\"><a href=\"https:\/\/hubsch-interior.com\/b2b-terms-conditions\/b2b-delivery-an-returns\/\" class=\"elementor-item\">B2B-Retours et Remboursements<\/a><\/li>\n<li class=\"menu-item menu-item-type-post_type menu-item-object-page menu-item-1065951\"><a href=\"https:\/\/hubsch-interior.com\/b2b-terms-claims-guidelines\/\" class=\"elementor-item\">B2B-Terms-Claims Guidelines<\/a><\/li>\n<li class=\"menu-item menu-item-type-post_type menu-item-object-page menu-item-984213\"><a href=\"https:\/\/hubsch-interior.com\/b2b-terms-conditions\/b2b-privacy-policy\/\" class=\"elementor-item\">B2B-Politique de confidentialit\u00e9<\/a><\/li>\n<li class=\"menu-item menu-item-type-post_type menu-item-object-page menu-item-984212\"><a href=\"https:\/\/hubsch-interior.com\/b2b-terms-conditions\/b2b-cookie-policy\/\" class=\"elementor-item\">B2B-Gestion des cookies<\/a><\/li>\n<li class=\"menu-item menu-item-type-post_type menu-item-object-page menu-item-984210\"><a href=\"https:\/\/hubsch-interior.com\/b2b-terms-conditions\/b2b-faq\/\" class=\"elementor-item\">B2B-FAQ<\/a><\/li>\n<\/ul>\t\t\t<\/nav>\n\t\t\t\t\t\t<\/div>\n\t\t\t\t<\/div>\n\t\t\t\t\t<\/div>\n\t\t<\/div>\n\t\t\t\t\t<\/div>\n\t\t<\/section>\n\t\t\t\t<section class=\"elementor-section elementor-top-section elementor-element elementor-element-7b147c8 elementor-section-content-middle elementor-section-boxed elementor-section-height-default elementor-section-height-default\" data-id=\"7b147c8\" data-element_type=\"section\" data-e-type=\"section\">\n\t\t\t\t\t\t<div class=\"elementor-container elementor-column-gap-default\">\n\t\t\t\t\t<div class=\"elementor-column elementor-col-100 elementor-top-column elementor-element elementor-element-cf9ed44\" data-id=\"cf9ed44\" data-element_type=\"column\" data-e-type=\"column\">\n\t\t\t<div class=\"elementor-widget-wrap elementor-element-populated\">\n\t\t\t\t\t\t<section class=\"elementor-section elementor-inner-section elementor-element elementor-element-32d0ef0 elementor-section-height-min-height elementor-section-content-middle elementor-hidden-tablet elementor-hidden-phone elementor-section-boxed elementor-section-height-default\" data-id=\"32d0ef0\" data-element_type=\"section\" data-e-type=\"section\" data-settings=\"{&quot;background_background&quot;:&quot;classic&quot;}\">\n\t\t\t\t\t\t<div class=\"elementor-container elementor-column-gap-default\">\n\t\t\t\t\t<div class=\"elementor-column elementor-col-100 elementor-inner-column elementor-element elementor-element-dcaba38\" data-id=\"dcaba38\" data-element_type=\"column\" data-e-type=\"column\" data-settings=\"{&quot;background_background&quot;:&quot;classic&quot;}\">\n\t\t\t<div class=\"elementor-widget-wrap elementor-element-populated\">\n\t\t\t\t\t\t<div class=\"elementor-element elementor-element-6cd4bf0 elementor-invisible elementor-widget elementor-widget-text-editor\" data-id=\"6cd4bf0\" data-element_type=\"widget\" data-e-type=\"widget\" data-settings=\"{&quot;_animation&quot;:&quot;fadeIn&quot;}\" data-widget_type=\"text-editor.default\">\n\t\t\t\t<div class=\"elementor-widget-container\">\n\t\t\t\t\t\t\t\t\t<p><iframe src=\"https:\/\/my.matterport.com\/show\/?m=nD1we1gbDGe\" width=\"100%\" height=\"880\" frameborder=\"0\" allowfullscreen=\"allowfullscreen\"><\/iframe><\/p>\n\t\t\t\t\t\t\t\t<\/div>\n\t\t\t\t<\/div>\n\t\t\t\t\t<\/div>\n\t\t<\/div>\n\t\t\t\t\t<\/div>\n\t\t<\/section>\n\t\t\t\t<section class=\"elementor-section elementor-inner-section elementor-element elementor-element-5bbd614 elementor-section-height-min-height elementor-section-content-middle elementor-hidden-desktop elementor-hidden-phone elementor-section-boxed elementor-section-height-default\" data-id=\"5bbd614\" data-element_type=\"section\" data-e-type=\"section\">\n\t\t\t\t\t\t<div class=\"elementor-container elementor-column-gap-default\">\n\t\t\t\t\t<div class=\"elementor-column elementor-col-100 elementor-inner-column elementor-element elementor-element-0ad43ee\" data-id=\"0ad43ee\" data-element_type=\"column\" data-e-type=\"column\">\n\t\t\t<div class=\"elementor-widget-wrap elementor-element-populated\">\n\t\t\t\t\t\t<div class=\"elementor-element elementor-element-a29689e elementor-widget elementor-widget-text-editor\" data-id=\"a29689e\" data-element_type=\"widget\" data-e-type=\"widget\" data-widget_type=\"text-editor.default\">\n\t\t\t\t<div class=\"elementor-widget-container\">\n\t\t\t\t\t\t\t\t\t<p><iframe src=\"https:\/\/my.matterport.com\/show\/?m=nD1we1gbDGe\" width=\"100%\" height=\"400\" frameborder=\"0\" allowfullscreen=\"allowfullscreen\"><\/iframe><\/p>\n\t\t\t\t\t\t\t\t<\/div>\n\t\t\t\t<\/div>\n\t\t\t\t\t<\/div>\n\t\t<\/div>\n\t\t\t\t\t<\/div>\n\t\t<\/section>\n\t\t\t\t<section class=\"elementor-section elementor-inner-section elementor-element elementor-element-dfc8e70 elementor-section-height-min-height elementor-section-content-middle elementor-hidden-desktop elementor-hidden-tablet elementor-section-boxed elementor-section-height-default\" data-id=\"dfc8e70\" data-element_type=\"section\" data-e-type=\"section\">\n\t\t\t\t\t\t<div class=\"elementor-container elementor-column-gap-default\">\n\t\t\t\t\t<div class=\"elementor-column elementor-col-100 elementor-inner-column elementor-element elementor-element-d2cc334\" data-id=\"d2cc334\" data-element_type=\"column\" data-e-type=\"column\">\n\t\t\t<div class=\"elementor-widget-wrap elementor-element-populated\">\n\t\t\t\t\t\t<div class=\"elementor-element elementor-element-d28999b elementor-widget elementor-widget-text-editor\" data-id=\"d28999b\" data-element_type=\"widget\" data-e-type=\"widget\" data-widget_type=\"text-editor.default\">\n\t\t\t\t<div class=\"elementor-widget-container\">\n\t\t\t\t\t\t\t\t\t<p><iframe src=\"https:\/\/my.matterport.com\/show\/?m=nD1we1gbDGe\" width=\"100%\" height=\"220\" frameborder=\"0\" allowfullscreen=\"allowfullscreen\"><\/iframe><\/p>\n\t\t\t\t\t\t\t\t<\/div>\n\t\t\t\t<\/div>\n\t\t\t\t\t<\/div>\n\t\t<\/div>\n\t\t\t\t\t<\/div>\n\t\t<\/section>\n\t\t\t\t\t<\/div>\n\t\t<\/div>\n\t\t\t\t\t<\/div>\n\t\t<\/section>\n\t\t\t\t<\/div>\n\t\t","protected":false},"excerpt":{"rendered":"<p>Faites une visite virtuelle de la salle d&#8217;exposition Dans notre si\u00e8ge social nouvellement construit \u00e0 Herning, au Danemark, vous trouverez notre magnifique salle d&#8217;exposition phare. C&#8217;est un impressionnant duplex de 450 m\u00e8tres carr\u00e9s o\u00f9 vous pouvez voir, toucher et acqu\u00e9rir une connaissance approfondie de nos produits. Ici, vous pouvez d\u00e9couvrir l&#8217;ensemble de notre univers de [&hellip;]<\/p>\n","protected":false},"author":2,"featured_media":0,"parent":0,"menu_order":0,"comment_status":"closed","ping_status":"closed","template":"","meta":{"_acf_changed":false,"inline_featured_image":false,"footnotes":""},"class_list":["post-383300","page","type-page","status-publish","hentry"],"acf":[],"yoast_head":"<!-- This site is optimized with the Yoast SEO plugin v26.4 - https:\/\/yoast.com\/wordpress\/plugins\/seo\/ -->\n<title>Showroom virtuel - Visite en ligne de notre derni\u00e8re collection | Int\u00e9rieur H\u00fcbsch<\/title>\n<meta name=\"description\" content=\"Showroom virtuel pour les collections de design d&#039;int\u00e9rieur H\u00fcbsch. Obtenez une visite virtuelle gratuite et rep\u00e9rez les derniers produits de notre nouvelle collection.\" \/>\n<meta name=\"robots\" content=\"index, follow, max-snippet:-1, max-image-preview:large, max-video-preview:-1\" \/>\n<link rel=\"canonical\" href=\"https:\/\/hubsch-interior.com\/fr\/wp-json\/wp\/v2\/pages\/383300\" \/>\n<meta property=\"og:locale\" content=\"fr_FR\" \/>\n<meta property=\"og:type\" content=\"article\" \/>\n<meta property=\"og:title\" content=\"Showroom virtuel - Visite en ligne de notre derni\u00e8re collection | Int\u00e9rieur H\u00fcbsch\" \/>\n<meta property=\"og:description\" content=\"Showroom virtuel pour les collections de design d&#039;int\u00e9rieur H\u00fcbsch. Obtenez une visite virtuelle gratuite et rep\u00e9rez les derniers produits de notre nouvelle collection.\" \/>\n<meta property=\"og:url\" content=\"https:\/\/hubsch-interior.com\/fr\/showroom-virtuel\/\" \/>\n<meta property=\"og:site_name\" content=\"H\u00fcbsch\" \/>\n<meta property=\"article:modified_time\" content=\"2022-01-24T13:24:16+00:00\" \/>\n<meta name=\"twitter:card\" content=\"summary_large_image\" \/>\n<meta name=\"twitter:label1\" content=\"Dur\u00e9e de lecture estim\u00e9e\" \/>\n\t<meta name=\"twitter:data1\" content=\"1 minute\" \/>\n<script type=\"application\/ld+json\" class=\"yoast-schema-graph\">{\"@context\":\"https:\/\/schema.org\",\"@graph\":[{\"@type\":\"WebPage\",\"@id\":\"https:\/\/hubsch-interior.com\/fr\/showroom-virtuel\/\",\"url\":\"https:\/\/hubsch-interior.com\/fr\/showroom-virtuel\/\",\"name\":\"Showroom virtuel - Visite en ligne de notre derni\u00e8re collection | Int\u00e9rieur H\u00fcbsch\",\"isPartOf\":{\"@id\":\"https:\/\/hubsch-interior.com\/fr\/#website\"},\"datePublished\":\"2021-05-11T12:14:17+00:00\",\"dateModified\":\"2022-01-24T13:24:16+00:00\",\"description\":\"Showroom virtuel pour les collections de design d'int\u00e9rieur H\u00fcbsch. Obtenez une visite virtuelle gratuite et rep\u00e9rez les derniers produits de notre nouvelle collection.\",\"breadcrumb\":{\"@id\":\"https:\/\/hubsch-interior.com\/fr\/showroom-virtuel\/#breadcrumb\"},\"inLanguage\":\"fr-FR\",\"potentialAction\":[{\"@type\":\"ReadAction\",\"target\":[\"https:\/\/hubsch-interior.com\/fr\/showroom-virtuel\/\"]}]},{\"@type\":\"BreadcrumbList\",\"@id\":\"https:\/\/hubsch-interior.com\/fr\/showroom-virtuel\/#breadcrumb\",\"itemListElement\":[{\"@type\":\"ListItem\",\"position\":1,\"name\":\"Page d'accueil\",\"item\":\"https:\/\/hubsch-interior.com\/fr\/\"},{\"@type\":\"ListItem\",\"position\":2,\"name\":\"Showroom virtuel\"}]},{\"@type\":\"WebSite\",\"@id\":\"https:\/\/hubsch-interior.com\/fr\/#website\",\"url\":\"https:\/\/hubsch-interior.com\/fr\/\",\"name\":\"H\u00fcbsch\",\"description\":\"Danish Home Interior and Design\",\"publisher\":{\"@id\":\"https:\/\/hubsch-interior.com\/fr\/#organization\"},\"potentialAction\":[{\"@type\":\"SearchAction\",\"target\":{\"@type\":\"EntryPoint\",\"urlTemplate\":\"https:\/\/hubsch-interior.com\/fr\/?s={search_term_string}\"},\"query-input\":{\"@type\":\"PropertyValueSpecification\",\"valueRequired\":true,\"valueName\":\"search_term_string\"}}],\"inLanguage\":\"fr-FR\"},{\"@type\":\"Organization\",\"@id\":\"https:\/\/hubsch-interior.com\/fr\/#organization\",\"name\":\"H\u00fcbsch\",\"url\":\"https:\/\/hubsch-interior.com\/fr\/\",\"logo\":{\"@type\":\"ImageObject\",\"inLanguage\":\"fr-FR\",\"@id\":\"https:\/\/hubsch-interior.com\/fr\/#\/schema\/logo\/image\/\",\"url\":\"https:\/\/hubsch-interior.com\/wp-content\/uploads\/2022\/12\/Hubsch_logo_black_one_line.svg\",\"contentUrl\":\"https:\/\/hubsch-interior.com\/wp-content\/uploads\/2022\/12\/Hubsch_logo_black_one_line.svg\",\"caption\":\"H\u00fcbsch\"},\"image\":{\"@id\":\"https:\/\/hubsch-interior.com\/fr\/#\/schema\/logo\/image\/\"}}]}<\/script>\n<!-- \/ Yoast SEO plugin. -->","yoast_head_json":{"title":"Showroom virtuel - Visite en ligne de notre derni\u00e8re collection | Int\u00e9rieur H\u00fcbsch","description":"Showroom virtuel pour les collections de design d'int\u00e9rieur H\u00fcbsch. Obtenez une visite virtuelle gratuite et rep\u00e9rez les derniers produits de notre nouvelle collection.","robots":{"index":"index","follow":"follow","max-snippet":"max-snippet:-1","max-image-preview":"max-image-preview:large","max-video-preview":"max-video-preview:-1"},"canonical":"https:\/\/hubsch-interior.com\/fr\/wp-json\/wp\/v2\/pages\/383300","og_locale":"fr_FR","og_type":"article","og_title":"Showroom virtuel - Visite en ligne de notre derni\u00e8re collection | Int\u00e9rieur H\u00fcbsch","og_description":"Showroom virtuel pour les collections de design d'int\u00e9rieur H\u00fcbsch. Obtenez une visite virtuelle gratuite et rep\u00e9rez les derniers produits de notre nouvelle collection.","og_url":"https:\/\/hubsch-interior.com\/fr\/showroom-virtuel\/","og_site_name":"H\u00fcbsch","article_modified_time":"2022-01-24T13:24:16+00:00","twitter_card":"summary_large_image","twitter_misc":{"Dur\u00e9e de lecture estim\u00e9e":"1 minute"},"schema":{"@context":"https:\/\/schema.org","@graph":[{"@type":"WebPage","@id":"https:\/\/hubsch-interior.com\/fr\/showroom-virtuel\/","url":"https:\/\/hubsch-interior.com\/fr\/showroom-virtuel\/","name":"Showroom virtuel - Visite en ligne de notre derni\u00e8re collection | Int\u00e9rieur H\u00fcbsch","isPartOf":{"@id":"https:\/\/hubsch-interior.com\/fr\/#website"},"datePublished":"2021-05-11T12:14:17+00:00","dateModified":"2022-01-24T13:24:16+00:00","description":"Showroom virtuel pour les collections de design d'int\u00e9rieur H\u00fcbsch. Obtenez une visite virtuelle gratuite et rep\u00e9rez les derniers produits de notre nouvelle collection.","breadcrumb":{"@id":"https:\/\/hubsch-interior.com\/fr\/showroom-virtuel\/#breadcrumb"},"inLanguage":"fr-FR","potentialAction":[{"@type":"ReadAction","target":["https:\/\/hubsch-interior.com\/fr\/showroom-virtuel\/"]}]},{"@type":"BreadcrumbList","@id":"https:\/\/hubsch-interior.com\/fr\/showroom-virtuel\/#breadcrumb","itemListElement":[{"@type":"ListItem","position":1,"name":"Page d'accueil","item":"https:\/\/hubsch-interior.com\/fr\/"},{"@type":"ListItem","position":2,"name":"Showroom virtuel"}]},{"@type":"WebSite","@id":"https:\/\/hubsch-interior.com\/fr\/#website","url":"https:\/\/hubsch-interior.com\/fr\/","name":"H\u00fcbsch","description":"Danish Home Interior and Design","publisher":{"@id":"https:\/\/hubsch-interior.com\/fr\/#organization"},"potentialAction":[{"@type":"SearchAction","target":{"@type":"EntryPoint","urlTemplate":"https:\/\/hubsch-interior.com\/fr\/?s={search_term_string}"},"query-input":{"@type":"PropertyValueSpecification","valueRequired":true,"valueName":"search_term_string"}}],"inLanguage":"fr-FR"},{"@type":"Organization","@id":"https:\/\/hubsch-interior.com\/fr\/#organization","name":"H\u00fcbsch","url":"https:\/\/hubsch-interior.com\/fr\/","logo":{"@type":"ImageObject","inLanguage":"fr-FR","@id":"https:\/\/hubsch-interior.com\/fr\/#\/schema\/logo\/image\/","url":"https:\/\/hubsch-interior.com\/wp-content\/uploads\/2022\/12\/Hubsch_logo_black_one_line.svg","contentUrl":"https:\/\/hubsch-interior.com\/wp-content\/uploads\/2022\/12\/Hubsch_logo_black_one_line.svg","caption":"H\u00fcbsch"},"image":{"@id":"https:\/\/hubsch-interior.com\/fr\/#\/schema\/logo\/image\/"}}]}},"_links":{"self":[{"href":"https:\/\/hubsch-interior.com\/fr\/wp-json\/wp\/v2\/pages\/383300","targetHints":{"allow":["GET"]}}],"collection":[{"href":"https:\/\/hubsch-interior.com\/fr\/wp-json\/wp\/v2\/pages"}],"about":[{"href":"https:\/\/hubsch-interior.com\/fr\/wp-json\/wp\/v2\/types\/page"}],"author":[{"embeddable":true,"href":"https:\/\/hubsch-interior.com\/fr\/wp-json\/wp\/v2\/users\/2"}],"replies":[{"embeddable":true,"href":"https:\/\/hubsch-interior.com\/fr\/wp-json\/wp\/v2\/comments?post=383300"}],"version-history":[{"count":0,"href":"https:\/\/hubsch-interior.com\/fr\/wp-json\/wp\/v2\/pages\/383300\/revisions"}],"wp:attachment":[{"href":"https:\/\/hubsch-interior.com\/fr\/wp-json\/wp\/v2\/media?parent=383300"}],"curies":[{"name":"wp","href":"https:\/\/api.w.org\/{rel}","templated":true}]}}