{"id":67336,"date":"2021-01-08T08:38:33","date_gmt":"2021-01-08T07:38:33","guid":{"rendered":"https:\/\/hubsch-interior.com\/ma-page-personnel\/"},"modified":"2021-05-11T09:40:02","modified_gmt":"2021-05-11T07:40:02","slug":"ma-page-personnel","status":"publish","type":"page","link":"https:\/\/hubsch-interior.com\/fr\/ma-page-personnel\/","title":{"rendered":"MA PAGE PERSONNEL"},"content":{"rendered":"<div class=\"woocommerce\"><\/div>\n","protected":false},"excerpt":{"rendered":"","protected":false},"author":1,"featured_media":0,"parent":0,"menu_order":0,"comment_status":"closed","ping_status":"closed","template":"","meta":{"_acf_changed":false,"inline_featured_image":false,"footnotes":""},"class_list":["post-67336","page","type-page","status-publish","hentry"],"acf":[],"yoast_head":"<!-- This site is optimized with the Yoast SEO plugin v26.4 - https:\/\/yoast.com\/wordpress\/plugins\/seo\/ -->\n<title>MA PAGE PERSONNEL | Connectez-vous \u00e0 votre compte - H\u00fcbsch<\/title>\n<meta name=\"description\" content=\"Ici, vous pouvez vous connecter \u00e0 votre propre compte et voir vos derni\u00e8res commandes, etc. Ceci est votre compte personnel avec toutes vos informations client.\" \/>\n<meta name=\"robots\" content=\"index, follow, max-snippet:-1, max-image-preview:large, max-video-preview:-1\" \/>\n<link rel=\"canonical\" href=\"https:\/\/hubsch-interior.com\/fr\/wp-json\/wp\/v2\/pages\/67336\" \/>\n<meta property=\"og:locale\" content=\"fr_FR\" \/>\n<meta property=\"og:type\" content=\"article\" \/>\n<meta property=\"og:title\" content=\"MA PAGE PERSONNEL | Connectez-vous \u00e0 votre compte - H\u00fcbsch\" \/>\n<meta property=\"og:description\" content=\"Ici, vous pouvez vous connecter \u00e0 votre propre compte et voir vos derni\u00e8res commandes, etc. Ceci est votre compte personnel avec toutes vos informations client.\" \/>\n<meta property=\"og:url\" content=\"https:\/\/hubsch-interior.com\/fr\/ma-page-personnel\/\" \/>\n<meta property=\"og:site_name\" content=\"H\u00fcbsch\" \/>\n<meta property=\"article:modified_time\" content=\"2021-05-11T07:40:02+00:00\" \/>\n<meta name=\"twitter:card\" content=\"summary_large_image\" \/>\n<script type=\"application\/ld+json\" class=\"yoast-schema-graph\">{\"@context\":\"https:\/\/schema.org\",\"@graph\":[{\"@type\":\"WebPage\",\"@id\":\"https:\/\/hubsch-interior.com\/fr\/ma-page-personnel\/\",\"url\":\"https:\/\/hubsch-interior.com\/fr\/ma-page-personnel\/\",\"name\":\"MA PAGE PERSONNEL | Connectez-vous \u00e0 votre compte - H\u00fcbsch\",\"isPartOf\":{\"@id\":\"https:\/\/hubsch-interior.com\/fr\/#website\"},\"datePublished\":\"2021-01-08T07:38:33+00:00\",\"dateModified\":\"2021-05-11T07:40:02+00:00\",\"description\":\"Ici, vous pouvez vous connecter \u00e0 votre propre compte et voir vos derni\u00e8res commandes, etc. Ceci est votre compte personnel avec toutes vos informations client.\",\"breadcrumb\":{\"@id\":\"https:\/\/hubsch-interior.com\/fr\/ma-page-personnel\/#breadcrumb\"},\"inLanguage\":\"fr-FR\",\"potentialAction\":[{\"@type\":\"ReadAction\",\"target\":[\"https:\/\/hubsch-interior.com\/fr\/ma-page-personnel\/\"]}]},{\"@type\":\"BreadcrumbList\",\"@id\":\"https:\/\/hubsch-interior.com\/fr\/ma-page-personnel\/#breadcrumb\",\"itemListElement\":[{\"@type\":\"ListItem\",\"position\":1,\"name\":\"Page d'accueil\",\"item\":\"https:\/\/hubsch-interior.com\/fr\/\"},{\"@type\":\"ListItem\",\"position\":2,\"name\":\"MA PAGE PERSONNEL\"}]},{\"@type\":\"WebSite\",\"@id\":\"https:\/\/hubsch-interior.com\/fr\/#website\",\"url\":\"https:\/\/hubsch-interior.com\/fr\/\",\"name\":\"H\u00fcbsch\",\"description\":\"Danish Home Interior and Design\",\"publisher\":{\"@id\":\"https:\/\/hubsch-interior.com\/fr\/#organization\"},\"potentialAction\":[{\"@type\":\"SearchAction\",\"target\":{\"@type\":\"EntryPoint\",\"urlTemplate\":\"https:\/\/hubsch-interior.com\/fr\/?s={search_term_string}\"},\"query-input\":{\"@type\":\"PropertyValueSpecification\",\"valueRequired\":true,\"valueName\":\"search_term_string\"}}],\"inLanguage\":\"fr-FR\"},{\"@type\":\"Organization\",\"@id\":\"https:\/\/hubsch-interior.com\/fr\/#organization\",\"name\":\"H\u00fcbsch\",\"url\":\"https:\/\/hubsch-interior.com\/fr\/\",\"logo\":{\"@type\":\"ImageObject\",\"inLanguage\":\"fr-FR\",\"@id\":\"https:\/\/hubsch-interior.com\/fr\/#\/schema\/logo\/image\/\",\"url\":\"https:\/\/hubsch-interior.com\/wp-content\/uploads\/2022\/12\/Hubsch_logo_black_one_line.svg\",\"contentUrl\":\"https:\/\/hubsch-interior.com\/wp-content\/uploads\/2022\/12\/Hubsch_logo_black_one_line.svg\",\"caption\":\"H\u00fcbsch\"},\"image\":{\"@id\":\"https:\/\/hubsch-interior.com\/fr\/#\/schema\/logo\/image\/\"}}]}<\/script>\n<!-- \/ Yoast SEO plugin. -->","yoast_head_json":{"title":"MA PAGE PERSONNEL | Connectez-vous \u00e0 votre compte - H\u00fcbsch","description":"Ici, vous pouvez vous connecter \u00e0 votre propre compte et voir vos derni\u00e8res commandes, etc. Ceci est votre compte personnel avec toutes vos informations client.","robots":{"index":"index","follow":"follow","max-snippet":"max-snippet:-1","max-image-preview":"max-image-preview:large","max-video-preview":"max-video-preview:-1"},"canonical":"https:\/\/hubsch-interior.com\/fr\/wp-json\/wp\/v2\/pages\/67336","og_locale":"fr_FR","og_type":"article","og_title":"MA PAGE PERSONNEL | Connectez-vous \u00e0 votre compte - H\u00fcbsch","og_description":"Ici, vous pouvez vous connecter \u00e0 votre propre compte et voir vos derni\u00e8res commandes, etc. Ceci est votre compte personnel avec toutes vos informations client.","og_url":"https:\/\/hubsch-interior.com\/fr\/ma-page-personnel\/","og_site_name":"H\u00fcbsch","article_modified_time":"2021-05-11T07:40:02+00:00","twitter_card":"summary_large_image","schema":{"@context":"https:\/\/schema.org","@graph":[{"@type":"WebPage","@id":"https:\/\/hubsch-interior.com\/fr\/ma-page-personnel\/","url":"https:\/\/hubsch-interior.com\/fr\/ma-page-personnel\/","name":"MA PAGE PERSONNEL | Connectez-vous \u00e0 votre compte - H\u00fcbsch","isPartOf":{"@id":"https:\/\/hubsch-interior.com\/fr\/#website"},"datePublished":"2021-01-08T07:38:33+00:00","dateModified":"2021-05-11T07:40:02+00:00","description":"Ici, vous pouvez vous connecter \u00e0 votre propre compte et voir vos derni\u00e8res commandes, etc. Ceci est votre compte personnel avec toutes vos informations client.","breadcrumb":{"@id":"https:\/\/hubsch-interior.com\/fr\/ma-page-personnel\/#breadcrumb"},"inLanguage":"fr-FR","potentialAction":[{"@type":"ReadAction","target":["https:\/\/hubsch-interior.com\/fr\/ma-page-personnel\/"]}]},{"@type":"BreadcrumbList","@id":"https:\/\/hubsch-interior.com\/fr\/ma-page-personnel\/#breadcrumb","itemListElement":[{"@type":"ListItem","position":1,"name":"Page d'accueil","item":"https:\/\/hubsch-interior.com\/fr\/"},{"@type":"ListItem","position":2,"name":"MA PAGE PERSONNEL"}]},{"@type":"WebSite","@id":"https:\/\/hubsch-interior.com\/fr\/#website","url":"https:\/\/hubsch-interior.com\/fr\/","name":"H\u00fcbsch","description":"Danish Home Interior and Design","publisher":{"@id":"https:\/\/hubsch-interior.com\/fr\/#organization"},"potentialAction":[{"@type":"SearchAction","target":{"@type":"EntryPoint","urlTemplate":"https:\/\/hubsch-interior.com\/fr\/?s={search_term_string}"},"query-input":{"@type":"PropertyValueSpecification","valueRequired":true,"valueName":"search_term_string"}}],"inLanguage":"fr-FR"},{"@type":"Organization","@id":"https:\/\/hubsch-interior.com\/fr\/#organization","name":"H\u00fcbsch","url":"https:\/\/hubsch-interior.com\/fr\/","logo":{"@type":"ImageObject","inLanguage":"fr-FR","@id":"https:\/\/hubsch-interior.com\/fr\/#\/schema\/logo\/image\/","url":"https:\/\/hubsch-interior.com\/wp-content\/uploads\/2022\/12\/Hubsch_logo_black_one_line.svg","contentUrl":"https:\/\/hubsch-interior.com\/wp-content\/uploads\/2022\/12\/Hubsch_logo_black_one_line.svg","caption":"H\u00fcbsch"},"image":{"@id":"https:\/\/hubsch-interior.com\/fr\/#\/schema\/logo\/image\/"}}]}},"_links":{"self":[{"href":"https:\/\/hubsch-interior.com\/fr\/wp-json\/wp\/v2\/pages\/67336","targetHints":{"allow":["GET"]}}],"collection":[{"href":"https:\/\/hubsch-interior.com\/fr\/wp-json\/wp\/v2\/pages"}],"about":[{"href":"https:\/\/hubsch-interior.com\/fr\/wp-json\/wp\/v2\/types\/page"}],"author":[{"embeddable":true,"href":"https:\/\/hubsch-interior.com\/fr\/wp-json\/wp\/v2\/users\/1"}],"replies":[{"embeddable":true,"href":"https:\/\/hubsch-interior.com\/fr\/wp-json\/wp\/v2\/comments?post=67336"}],"version-history":[{"count":0,"href":"https:\/\/hubsch-interior.com\/fr\/wp-json\/wp\/v2\/pages\/67336\/revisions"}],"wp:attachment":[{"href":"https:\/\/hubsch-interior.com\/fr\/wp-json\/wp\/v2\/media?parent=67336"}],"curies":[{"name":"wp","href":"https:\/\/api.w.org\/{rel}","templated":true}]}}