{"id":900515,"date":"2023-07-07T13:19:13","date_gmt":"2023-07-07T11:19:13","guid":{"rendered":"https:\/\/hubsch-interior.com\/salons\/"},"modified":"2026-02-18T15:25:03","modified_gmt":"2026-02-18T14:25:03","slug":"salons","status":"publish","type":"page","link":"https:\/\/hubsch-interior.com\/fr\/salons\/","title":{"rendered":"Salons et \u00e9v\u00e9nements"},"content":{"rendered":"\t\t<div data-elementor-type=\"wp-page\" data-elementor-id=\"900515\" class=\"elementor elementor-900515 elementor-900422\" data-elementor-post-type=\"page\">\n\t\t\t\t\t\t<section class=\"elementor-section elementor-top-section elementor-element elementor-element-2fefe602 elementor-section-boxed elementor-section-height-default elementor-section-height-default\" data-id=\"2fefe602\" data-element_type=\"section\" data-e-type=\"section\">\n\t\t\t\t\t\t<div class=\"elementor-container elementor-column-gap-default\">\n\t\t\t\t\t<div class=\"elementor-column elementor-col-100 elementor-top-column elementor-element elementor-element-24ca4c66\" data-id=\"24ca4c66\" data-element_type=\"column\" data-e-type=\"column\">\n\t\t\t<div class=\"elementor-widget-wrap elementor-element-populated\">\n\t\t\t\t\t\t<div class=\"elementor-element elementor-element-1a7f9c57 elementor-widget elementor-widget-woocommerce-breadcrumb\" data-id=\"1a7f9c57\" data-element_type=\"widget\" data-e-type=\"widget\" data-widget_type=\"woocommerce-breadcrumb.default\">\n\t\t\t\t<div class=\"elementor-widget-container\">\n\t\t\t\t\t<nav class=\"woocommerce-breadcrumb\" aria-label=\"Breadcrumb\">Accueil<\/nav>\t\t\t\t<\/div>\n\t\t\t\t<\/div>\n\t\t\t\t\t<\/div>\n\t\t<\/div>\n\t\t\t\t\t<\/div>\n\t\t<\/section>\n\t\t\t\t<section class=\"elementor-section elementor-top-section elementor-element elementor-element-536f8ba elementor-section-boxed elementor-section-height-default elementor-section-height-default\" data-id=\"536f8ba\" data-element_type=\"section\" data-e-type=\"section\">\n\t\t\t\t\t\t<div class=\"elementor-container elementor-column-gap-default\">\n\t\t\t\t\t<div class=\"elementor-column elementor-col-100 elementor-top-column elementor-element elementor-element-cf456c7\" data-id=\"cf456c7\" data-element_type=\"column\" data-e-type=\"column\">\n\t\t\t<div class=\"elementor-widget-wrap elementor-element-populated\">\n\t\t\t\t\t\t<div class=\"elementor-element elementor-element-84849e3 elementor-widget-tablet__width-initial elementor-widget elementor-widget-heading\" data-id=\"84849e3\" data-element_type=\"widget\" data-e-type=\"widget\" data-widget_type=\"heading.default\">\n\t\t\t\t<div class=\"elementor-widget-container\">\n\t\t\t\t\t<h1 class=\"elementor-heading-title elementor-size-default\">Salons et \u00e9v\u00e9nements<\/h1>\t\t\t\t<\/div>\n\t\t\t\t<\/div>\n\t\t\t\t<div class=\"elementor-element elementor-element-9ea651a elementor-widget__width-initial elementor-widget-tablet__width-initial elementor-widget-mobile__width-inherit elementor-widget elementor-widget-text-editor\" data-id=\"9ea651a\" data-element_type=\"widget\" data-e-type=\"widget\" data-widget_type=\"text-editor.default\">\n\t\t\t\t<div class=\"elementor-widget-container\">\n\t\t\t\t\t\t\t\t\t<p>Tout au long de l&#8217;ann\u00e9e, nous participerons \u00e0 divers salons et organiserons nos propres \u00e9v\u00e9nements. Nous avons h\u00e2te de rencontrer nos clients en personne et esp\u00e9rons vous y voir. Pour votre commodit\u00e9, nous avons r\u00e9pertori\u00e9 les dates et \u00e9v\u00e9nements ci-dessous, pour vous permettre de nous retrouver facilement et de rester en contact.<\/p>\n\t\t\t\t\t\t\t\t<\/div>\n\t\t\t\t<\/div>\n\t\t\t\t\t<\/div>\n\t\t<\/div>\n\t\t\t\t\t<\/div>\n\t\t<\/section>\n\t\t<div class=\"elementor-element elementor-element-80423a9 e-flex e-con-boxed e-con e-parent\" data-id=\"80423a9\" data-element_type=\"container\" data-e-type=\"container\">\n\t\t\t\t\t<div class=\"e-con-inner\">\n\t\t<a class=\"elementor-element elementor-element-9093a2d e-con-full e-flex e-con e-child\" data-id=\"9093a2d\" data-element_type=\"container\" data-e-type=\"container\" href=\"https:\/\/hubsch-interior.com\/fr\/salons\/#booking\">\n\t\t\t\t<div class=\"elementor-element elementor-element-1a413e1 elementor-cta--skin-cover elementor-cta--valign-bottom elementor-animated-content elementor-widget elementor-widget-call-to-action\" data-id=\"1a413e1\" data-element_type=\"widget\" data-e-type=\"widget\" data-widget_type=\"call-to-action.default\">\n\t\t\t\t<div class=\"elementor-widget-container\">\n\t\t\t\t\t\t\t<div class=\"elementor-cta\">\n\t\t\t\t\t<div class=\"elementor-cta__bg-wrapper\">\n\t\t\t\t<div class=\"elementor-cta__bg elementor-bg\" style=\"background-image: url(https:\/\/hubsch-interior.com\/wp-content\/uploads\/2026\/01\/messe-1.jpg);\" role=\"img\" aria-label=\"messe-1.jpg\"><\/div>\n\t\t\t\t<div class=\"elementor-cta__bg-overlay\"><\/div>\n\t\t\t<\/div>\n\t\t\t\t\t\t\t<div class=\"elementor-cta__content\">\n\t\t\t\t\n\t\t\t\t\n\t\t\t\t\t\t\t\t\t<div class=\"elementor-cta__description elementor-cta__content-item elementor-content-item elementor-animated-item--move-up\">\n\t\t\t\t\t\t<p>Paris<\/p>\n<p>10 - 14 sept. 2026<br \/>Hall ? \u2013 Stand ???<\/p>\n<p style=\"padding-top: 5px\"><b><u>R\u00e9server une r\u00e9union<\/u><\/b><\/p>\n\t\t\t\t\t<\/div>\n\t\t\t\t\n\t\t\t\t\t\t\t<\/div>\n\t\t\t\t\t\t<\/div>\n\t\t\t\t\t\t<\/div>\n\t\t\t\t<\/div>\n\t\t\t\t<\/a>\n\t\t<a class=\"elementor-element elementor-element-71f0eff e-con-full e-flex e-con e-child\" data-id=\"71f0eff\" data-element_type=\"container\" data-e-type=\"container\" href=\"https:\/\/hubsch-interior.com\/fr\/salons\/#booking\">\n\t\t\t\t<div class=\"elementor-element elementor-element-5a7b286 elementor-cta--skin-cover elementor-cta--valign-bottom elementor-animated-content elementor-widget elementor-widget-call-to-action\" data-id=\"5a7b286\" data-element_type=\"widget\" data-e-type=\"widget\" data-widget_type=\"call-to-action.default\">\n\t\t\t\t<div class=\"elementor-widget-container\">\n\t\t\t\t\t\t\t<div class=\"elementor-cta\">\n\t\t\t\t\t<div class=\"elementor-cta__bg-wrapper\">\n\t\t\t\t<div class=\"elementor-cta__bg elementor-bg\" style=\"background-image: url(https:\/\/hubsch-interior.com\/wp-content\/uploads\/2026\/01\/messe-12.jpg);\" role=\"img\" aria-label=\"messe-12.jpg\"><\/div>\n\t\t\t\t<div class=\"elementor-cta__bg-overlay\"><\/div>\n\t\t\t<\/div>\n\t\t\t\t\t\t\t<div class=\"elementor-cta__content\">\n\t\t\t\t\n\t\t\t\t\n\t\t\t\t\t\t\t\t\t<div class=\"elementor-cta__description elementor-cta__content-item elementor-content-item elementor-animated-item--move-up\">\n\t\t\t\t\t\t<p>Frankfurt<\/p>\n<p>29 janv. - 2 f\u00e9vr. 2027<br \/>Hall ? - Stand ???<\/p>\n<p style=\"padding-top: 5px\"><b><u>R\u00e9server une r\u00e9union<\/u><\/b><\/p>\n\t\t\t\t\t<\/div>\n\t\t\t\t\n\t\t\t\t\t\t\t<\/div>\n\t\t\t\t\t\t<\/div>\n\t\t\t\t\t\t<\/div>\n\t\t\t\t<\/div>\n\t\t\t\t<\/a>\n\t\t<a class=\"elementor-element elementor-element-525a9cf e-con-full e-flex e-con e-child\" data-id=\"525a9cf\" data-element_type=\"container\" data-e-type=\"container\" href=\"https:\/\/hubsch-interior.com\/fr\/salons\/#booking\">\n\t\t\t\t<div class=\"elementor-element elementor-element-7aa744e elementor-cta--skin-cover elementor-cta--valign-bottom elementor-animated-content elementor-widget elementor-widget-call-to-action\" data-id=\"7aa744e\" data-element_type=\"widget\" data-e-type=\"widget\" data-widget_type=\"call-to-action.default\">\n\t\t\t\t<div class=\"elementor-widget-container\">\n\t\t\t\t\t\t\t<div class=\"elementor-cta\">\n\t\t\t\t\t<div class=\"elementor-cta__bg-wrapper\">\n\t\t\t\t<div class=\"elementor-cta__bg elementor-bg\" style=\"background-image: url(https:\/\/hubsch-interior.com\/wp-content\/uploads\/2026\/01\/messe-13.jpg);\" role=\"img\" aria-label=\"messe-13.jpg\"><\/div>\n\t\t\t\t<div class=\"elementor-cta__bg-overlay\"><\/div>\n\t\t\t<\/div>\n\t\t\t\t\t\t\t<div class=\"elementor-cta__content\">\n\t\t\t\t\n\t\t\t\t\n\t\t\t\t\t\t\t\t\t<div class=\"elementor-cta__description elementor-cta__content-item elementor-content-item elementor-animated-item--move-up\">\n\t\t\t\t\t\t<p>Herning<\/p>\n<p>16 - 18 ao\u00fbt 2026<br data-start=\"57\" data-end=\"60\" \/>Hall ? - Stand ???<\/p>\n<p style=\"padding-top: 5px\"><b><u>R\u00e9server une r\u00e9union<\/u><\/b><\/p>\n\t\t\t\t\t<\/div>\n\t\t\t\t\n\t\t\t\t\t\t\t<\/div>\n\t\t\t\t\t\t<\/div>\n\t\t\t\t\t\t<\/div>\n\t\t\t\t<\/div>\n\t\t\t\t<\/a>\n\t\t<a class=\"elementor-element elementor-element-e3f6c39 e-con-full e-flex e-con e-child\" data-id=\"e3f6c39\" data-element_type=\"container\" data-e-type=\"container\" href=\"https:\/\/hubsch-interior.com\/fr\/salons\/#booking\">\n\t\t\t\t<div class=\"elementor-element elementor-element-f906d0c elementor-cta--skin-cover elementor-cta--valign-bottom elementor-animated-content elementor-widget elementor-widget-call-to-action\" data-id=\"f906d0c\" data-element_type=\"widget\" data-e-type=\"widget\" data-widget_type=\"call-to-action.default\">\n\t\t\t\t<div class=\"elementor-widget-container\">\n\t\t\t\t\t\t\t<div class=\"elementor-cta\">\n\t\t\t\t\t<div class=\"elementor-cta__bg-wrapper\">\n\t\t\t\t<div class=\"elementor-cta__bg elementor-bg\" style=\"background-image: url(https:\/\/hubsch-interior.com\/wp-content\/uploads\/2026\/01\/messe-14.jpg);\" role=\"img\" aria-label=\"messe-14.jpg\"><\/div>\n\t\t\t\t<div class=\"elementor-cta__bg-overlay\"><\/div>\n\t\t\t<\/div>\n\t\t\t\t\t\t\t<div class=\"elementor-cta__content\">\n\t\t\t\t\n\t\t\t\t\n\t\t\t\t\t\t\t\t\t<div class=\"elementor-cta__description elementor-cta__content-item elementor-content-item elementor-animated-item--move-up\">\n\t\t\t\t\t\t<p>Si\u00e8ge de H\u00fcbsch<\/p>\n<p>16 - 18 ao\u00fbt 2026<br \/>Hi-Park 381, 7400 Herning<\/p>\n<p style=\"padding-top: 5px\"><b><u>R\u00e9server une r\u00e9union<\/u><\/b><\/p>\n\t\t\t\t\t<\/div>\n\t\t\t\t\n\t\t\t\t\t\t\t<\/div>\n\t\t\t\t\t\t<\/div>\n\t\t\t\t\t\t<\/div>\n\t\t\t\t<\/div>\n\t\t\t\t<\/a>\n\t\t\t\t\t<\/div>\n\t\t\t\t<\/div>\n\t\t\t\t<section class=\"elementor-section elementor-top-section elementor-element elementor-element-54860cc elementor-section-content-middle elementor-section-boxed elementor-section-height-default elementor-section-height-default\" data-id=\"54860cc\" data-element_type=\"section\" data-e-type=\"section\" id=\"booking\">\n\t\t\t\t\t\t<div class=\"elementor-container elementor-column-gap-default\">\n\t\t\t\t\t<div class=\"elementor-column elementor-col-100 elementor-top-column elementor-element elementor-element-22880fd\" data-id=\"22880fd\" data-element_type=\"column\" data-e-type=\"column\">\n\t\t\t<div class=\"elementor-widget-wrap elementor-element-populated\">\n\t\t\t\t\t\t<div class=\"elementor-element elementor-element-7ec0f21 elementor-widget elementor-widget-heading\" data-id=\"7ec0f21\" data-element_type=\"widget\" data-e-type=\"widget\" data-widget_type=\"heading.default\">\n\t\t\t\t<div class=\"elementor-widget-container\">\n\t\t\t\t\t<h2 class=\"elementor-heading-title elementor-size-default\">Prendre rendez-vous sur les salons<\/h2>\t\t\t\t<\/div>\n\t\t\t\t<\/div>\n\t\t\t\t<div class=\"elementor-element elementor-element-c578253 elementor-widget__width-initial elementor-widget elementor-widget-text-editor\" data-id=\"c578253\" data-element_type=\"widget\" data-e-type=\"widget\" data-widget_type=\"text-editor.default\">\n\t\t\t\t<div class=\"elementor-widget-container\">\n\t\t\t\t\t\t\t\t\t<p>Nous vous invitons \u00e0 pr\u00e9-r\u00e9server une rencontre avec nous lors de nos prochains salons ! Cela nous permet de vous offrir le meilleur service et toute notre attention pendant votre visite, ainsi qu\u2019une introduction exclusive \u00e0 notre univers de produits. Nous avons h\u00e2te de vous rencontrer !<\/p>\n\t\t\t\t\t\t\t\t<\/div>\n\t\t\t\t<\/div>\n\t\t\t\t<div class=\"elementor-element elementor-element-369c811 no-bg become-retailer-form elementor-button-align-center elementor-widget elementor-widget-form\" data-id=\"369c811\" data-element_type=\"widget\" data-e-type=\"widget\" data-settings=\"{&quot;step_next_label&quot;:&quot; Suivante&quot;,&quot;step_previous_label&quot;:&quot;Pr\\u00e9c\\u00e9dente&quot;,&quot;step_type&quot;:&quot;number_text&quot;,&quot;step_icon_shape&quot;:&quot;circle&quot;}\" data-widget_type=\"form.default\">\n\t\t\t\t<div class=\"elementor-widget-container\">\n\t\t\t\t\t\t\t<form class=\"elementor-form\" method=\"post\" name=\"Foires et \u00e9v\u00e9nements\" aria-label=\"Foires et \u00e9v\u00e9nements\">\n\t\t\t<input type=\"hidden\" name=\"post_id\" value=\"900515\"\/>\n\t\t\t<input type=\"hidden\" name=\"form_id\" value=\"369c811\"\/>\n\t\t\t<input type=\"hidden\" name=\"referer_title\" value=\"Salons et \u00e9v\u00e9nements - H\u00fcbsch\" \/>\n\n\t\t\t\t\t\t\t<input type=\"hidden\" name=\"queried_id\" value=\"900515\"\/>\n\t\t\t\n\t\t\t<div class=\"elementor-form-fields-wrapper elementor-labels-above\">\n\t\t\t\t\t\t\t\t<div class=\"elementor-field-type-text elementor-field-group elementor-column elementor-field-group-field_22822d4 elementor-col-50\">\n\t\t\t\t\t\t\t\t\t\t\t\t<label for=\"form-field-field_22822d4\" class=\"elementor-field-label\">\n\t\t\t\t\t\t\t\tNom de l'entreprise\t\t\t\t\t\t\t<\/label>\n\t\t\t\t\t\t\t\t\t\t\t\t\t\t<input size=\"1\" type=\"text\" name=\"form_fields[field_22822d4]\" id=\"form-field-field_22822d4\" class=\"elementor-field elementor-size-sm  elementor-field-textual\">\n\t\t\t\t\t\t\t\t\t\t\t<\/div>\n\t\t\t\t\t\t\t\t<div class=\"elementor-field-type-email elementor-field-group elementor-column elementor-field-group-email elementor-col-50\">\n\t\t\t\t\t\t\t\t\t\t\t\t<label for=\"form-field-email\" class=\"elementor-field-label\">\n\t\t\t\t\t\t\t\tE-mail\t\t\t\t\t\t\t<\/label>\n\t\t\t\t\t\t\t\t\t\t\t\t\t\t<input size=\"1\" type=\"email\" name=\"form_fields[email]\" id=\"form-field-email\" class=\"elementor-field elementor-size-sm  elementor-field-textual\">\n\t\t\t\t\t\t\t\t\t\t\t<\/div>\n\t\t\t\t\t\t\t\t<div class=\"elementor-field-type-radio elementor-field-group elementor-column elementor-field-group-selectFair elementor-col-50 elementor-field-required elementor-mark-required\">\n\t\t\t\t\t\t\t\t\t\t\t\t<label for=\"form-field-selectFair\" class=\"elementor-field-label\">\n\t\t\t\t\t\t\t\tS\u00e9lectionnez un salon pour votre rendez-vous.\t\t\t\t\t\t\t<\/label>\n\t\t\t\t\t\t<div class=\"elementor-field-subgroup  elementor-subgroup-inline\"><span class=\"elementor-field-option\"><input type=\"radio\" value=\"Maison &amp; Objet\" id=\"form-field-selectFair-0\" name=\"form_fields[selectFair]\" required=\"required\"> <label for=\"form-field-selectFair-0\">Maison & Objet<\/label><\/span><span class=\"elementor-field-option\"><input type=\"radio\" value=\"Ambiente\" id=\"form-field-selectFair-1\" name=\"form_fields[selectFair]\" required=\"required\"> <label for=\"form-field-selectFair-1\">Ambiente<\/label><\/span><span class=\"elementor-field-option\"><input type=\"radio\" value=\"Formland\" id=\"form-field-selectFair-2\" name=\"form_fields[selectFair]\" required=\"required\"> <label for=\"form-field-selectFair-2\">Formland<\/label><\/span><span class=\"elementor-field-option\"><input type=\"radio\" value=\"H\u00fcbsch Open House (salle d\u2019exposition)\" id=\"form-field-selectFair-3\" name=\"form_fields[selectFair]\" required=\"required\"> <label for=\"form-field-selectFair-3\">H\u00fcbsch Open House (salle d\u2019exposition)<\/label><\/span><\/div>\t\t\t\t<\/div>\n\t\t\t\t\t\t\t\t<div class=\"elementor-field-type-textarea elementor-field-group elementor-column elementor-field-group-message elementor-col-100\">\n\t\t\t\t\t\t\t\t\t\t\t\t<label for=\"form-field-message\" class=\"elementor-field-label\">\n\t\t\t\t\t\t\t\tAjouter des informations sur la date et l'heure\t\t\t\t\t\t\t<\/label>\n\t\t\t\t\t\t<textarea class=\"elementor-field-textual elementor-field  elementor-size-sm\" name=\"form_fields[message]\" id=\"form-field-message\" rows=\"5\"><\/textarea>\t\t\t\t<\/div>\n\t\t\t\t\t\t\t\t<div class=\"elementor-field-group elementor-column elementor-field-type-submit elementor-col-100 e-form__buttons\">\n\t\t\t\t\t<button class=\"elementor-button elementor-size-sm\" type=\"submit\" id=\"send-request-btn\">\n\t\t\t\t\t\t<span class=\"elementor-button-content-wrapper\">\n\t\t\t\t\t\t\t\t\t\t\t\t\t\t\t\t\t\t\t\t\t\t<span class=\"elementor-button-text\"> Envoyer la demande<\/span>\n\t\t\t\t\t\t\t\t\t\t\t\t\t<\/span>\n\t\t\t\t\t<\/button>\n\t\t\t\t<\/div>\n\t\t\t<\/div>\n\t\t<\/form>\n\t\t\t\t\t\t<\/div>\n\t\t\t\t<\/div>\n\t\t\t\t\t<\/div>\n\t\t<\/div>\n\t\t\t\t\t<\/div>\n\t\t<\/section>\n\t\t\t\t<\/div>\n\t\t","protected":false},"excerpt":{"rendered":"<p>Salons et \u00e9v\u00e9nements Tout au long de l&#8217;ann\u00e9e, nous participerons \u00e0 divers salons et organiserons nos propres \u00e9v\u00e9nements. Nous avons h\u00e2te de rencontrer nos clients en personne et esp\u00e9rons vous y voir. Pour votre commodit\u00e9, nous avons r\u00e9pertori\u00e9 les dates et \u00e9v\u00e9nements ci-dessous, pour vous permettre de nous retrouver facilement et de rester en contact. [&hellip;]<\/p>\n","protected":false},"author":395,"featured_media":0,"parent":0,"menu_order":0,"comment_status":"closed","ping_status":"closed","template":"","meta":{"_acf_changed":false,"inline_featured_image":false,"footnotes":""},"class_list":["post-900515","page","type-page","status-publish","hentry"],"acf":[],"yoast_head":"<!-- This site is optimized with the Yoast SEO plugin v26.4 - https:\/\/yoast.com\/wordpress\/plugins\/seo\/ -->\n<title>Salons et \u00e9v\u00e9nements - H\u00fcbsch<\/title>\n<meta name=\"robots\" content=\"index, follow, max-snippet:-1, max-image-preview:large, max-video-preview:-1\" \/>\n<link rel=\"canonical\" href=\"https:\/\/hubsch-interior.com\/fr\/wp-json\/wp\/v2\/pages\/900515\" \/>\n<meta property=\"og:locale\" content=\"fr_FR\" \/>\n<meta property=\"og:type\" content=\"article\" \/>\n<meta property=\"og:title\" content=\"Salons et \u00e9v\u00e9nements - H\u00fcbsch\" \/>\n<meta property=\"og:description\" content=\"Salons et \u00e9v\u00e9nements Tout au long de l&#8217;ann\u00e9e, nous participerons \u00e0 divers salons et organiserons nos propres \u00e9v\u00e9nements. Nous avons h\u00e2te de rencontrer nos clients en personne et esp\u00e9rons vous y voir. Pour votre commodit\u00e9, nous avons r\u00e9pertori\u00e9 les dates et \u00e9v\u00e9nements ci-dessous, pour vous permettre de nous retrouver facilement et de rester en contact. [&hellip;]\" \/>\n<meta property=\"og:url\" content=\"https:\/\/hubsch-interior.com\/fr\/salons\/\" \/>\n<meta property=\"og:site_name\" content=\"H\u00fcbsch\" \/>\n<meta property=\"article:modified_time\" content=\"2026-02-18T14:25:03+00:00\" \/>\n<meta name=\"twitter:card\" content=\"summary_large_image\" \/>\n<meta name=\"twitter:label1\" content=\"Dur\u00e9e de lecture estim\u00e9e\" \/>\n\t<meta name=\"twitter:data1\" content=\"2 minutes\" \/>\n<script type=\"application\/ld+json\" class=\"yoast-schema-graph\">{\"@context\":\"https:\/\/schema.org\",\"@graph\":[{\"@type\":\"WebPage\",\"@id\":\"https:\/\/hubsch-interior.com\/fr\/salons\/\",\"url\":\"https:\/\/hubsch-interior.com\/fr\/salons\/\",\"name\":\"Salons et \u00e9v\u00e9nements - H\u00fcbsch\",\"isPartOf\":{\"@id\":\"https:\/\/hubsch-interior.com\/fr\/#website\"},\"datePublished\":\"2023-07-07T11:19:13+00:00\",\"dateModified\":\"2026-02-18T14:25:03+00:00\",\"breadcrumb\":{\"@id\":\"https:\/\/hubsch-interior.com\/fr\/salons\/#breadcrumb\"},\"inLanguage\":\"fr-FR\",\"potentialAction\":[{\"@type\":\"ReadAction\",\"target\":[\"https:\/\/hubsch-interior.com\/fr\/salons\/\"]}]},{\"@type\":\"BreadcrumbList\",\"@id\":\"https:\/\/hubsch-interior.com\/fr\/salons\/#breadcrumb\",\"itemListElement\":[{\"@type\":\"ListItem\",\"position\":1,\"name\":\"Page d'accueil\",\"item\":\"https:\/\/hubsch-interior.com\/fr\/\"},{\"@type\":\"ListItem\",\"position\":2,\"name\":\"Salons et \u00e9v\u00e9nements\"}]},{\"@type\":\"WebSite\",\"@id\":\"https:\/\/hubsch-interior.com\/fr\/#website\",\"url\":\"https:\/\/hubsch-interior.com\/fr\/\",\"name\":\"H\u00fcbsch\",\"description\":\"Danish Home Interior and Design\",\"publisher\":{\"@id\":\"https:\/\/hubsch-interior.com\/fr\/#organization\"},\"potentialAction\":[{\"@type\":\"SearchAction\",\"target\":{\"@type\":\"EntryPoint\",\"urlTemplate\":\"https:\/\/hubsch-interior.com\/fr\/?s={search_term_string}\"},\"query-input\":{\"@type\":\"PropertyValueSpecification\",\"valueRequired\":true,\"valueName\":\"search_term_string\"}}],\"inLanguage\":\"fr-FR\"},{\"@type\":\"Organization\",\"@id\":\"https:\/\/hubsch-interior.com\/fr\/#organization\",\"name\":\"H\u00fcbsch\",\"url\":\"https:\/\/hubsch-interior.com\/fr\/\",\"logo\":{\"@type\":\"ImageObject\",\"inLanguage\":\"fr-FR\",\"@id\":\"https:\/\/hubsch-interior.com\/fr\/#\/schema\/logo\/image\/\",\"url\":\"https:\/\/hubsch-interior.com\/wp-content\/uploads\/2022\/12\/Hubsch_logo_black_one_line.svg\",\"contentUrl\":\"https:\/\/hubsch-interior.com\/wp-content\/uploads\/2022\/12\/Hubsch_logo_black_one_line.svg\",\"caption\":\"H\u00fcbsch\"},\"image\":{\"@id\":\"https:\/\/hubsch-interior.com\/fr\/#\/schema\/logo\/image\/\"}}]}<\/script>\n<!-- \/ Yoast SEO plugin. -->","yoast_head_json":{"title":"Salons et \u00e9v\u00e9nements - H\u00fcbsch","robots":{"index":"index","follow":"follow","max-snippet":"max-snippet:-1","max-image-preview":"max-image-preview:large","max-video-preview":"max-video-preview:-1"},"canonical":"https:\/\/hubsch-interior.com\/fr\/wp-json\/wp\/v2\/pages\/900515","og_locale":"fr_FR","og_type":"article","og_title":"Salons et \u00e9v\u00e9nements - H\u00fcbsch","og_description":"Salons et \u00e9v\u00e9nements Tout au long de l&#8217;ann\u00e9e, nous participerons \u00e0 divers salons et organiserons nos propres \u00e9v\u00e9nements. Nous avons h\u00e2te de rencontrer nos clients en personne et esp\u00e9rons vous y voir. Pour votre commodit\u00e9, nous avons r\u00e9pertori\u00e9 les dates et \u00e9v\u00e9nements ci-dessous, pour vous permettre de nous retrouver facilement et de rester en contact. [&hellip;]","og_url":"https:\/\/hubsch-interior.com\/fr\/salons\/","og_site_name":"H\u00fcbsch","article_modified_time":"2026-02-18T14:25:03+00:00","twitter_card":"summary_large_image","twitter_misc":{"Dur\u00e9e de lecture estim\u00e9e":"2 minutes"},"schema":{"@context":"https:\/\/schema.org","@graph":[{"@type":"WebPage","@id":"https:\/\/hubsch-interior.com\/fr\/salons\/","url":"https:\/\/hubsch-interior.com\/fr\/salons\/","name":"Salons et \u00e9v\u00e9nements - H\u00fcbsch","isPartOf":{"@id":"https:\/\/hubsch-interior.com\/fr\/#website"},"datePublished":"2023-07-07T11:19:13+00:00","dateModified":"2026-02-18T14:25:03+00:00","breadcrumb":{"@id":"https:\/\/hubsch-interior.com\/fr\/salons\/#breadcrumb"},"inLanguage":"fr-FR","potentialAction":[{"@type":"ReadAction","target":["https:\/\/hubsch-interior.com\/fr\/salons\/"]}]},{"@type":"BreadcrumbList","@id":"https:\/\/hubsch-interior.com\/fr\/salons\/#breadcrumb","itemListElement":[{"@type":"ListItem","position":1,"name":"Page d'accueil","item":"https:\/\/hubsch-interior.com\/fr\/"},{"@type":"ListItem","position":2,"name":"Salons et \u00e9v\u00e9nements"}]},{"@type":"WebSite","@id":"https:\/\/hubsch-interior.com\/fr\/#website","url":"https:\/\/hubsch-interior.com\/fr\/","name":"H\u00fcbsch","description":"Danish Home Interior and Design","publisher":{"@id":"https:\/\/hubsch-interior.com\/fr\/#organization"},"potentialAction":[{"@type":"SearchAction","target":{"@type":"EntryPoint","urlTemplate":"https:\/\/hubsch-interior.com\/fr\/?s={search_term_string}"},"query-input":{"@type":"PropertyValueSpecification","valueRequired":true,"valueName":"search_term_string"}}],"inLanguage":"fr-FR"},{"@type":"Organization","@id":"https:\/\/hubsch-interior.com\/fr\/#organization","name":"H\u00fcbsch","url":"https:\/\/hubsch-interior.com\/fr\/","logo":{"@type":"ImageObject","inLanguage":"fr-FR","@id":"https:\/\/hubsch-interior.com\/fr\/#\/schema\/logo\/image\/","url":"https:\/\/hubsch-interior.com\/wp-content\/uploads\/2022\/12\/Hubsch_logo_black_one_line.svg","contentUrl":"https:\/\/hubsch-interior.com\/wp-content\/uploads\/2022\/12\/Hubsch_logo_black_one_line.svg","caption":"H\u00fcbsch"},"image":{"@id":"https:\/\/hubsch-interior.com\/fr\/#\/schema\/logo\/image\/"}}]}},"_links":{"self":[{"href":"https:\/\/hubsch-interior.com\/fr\/wp-json\/wp\/v2\/pages\/900515","targetHints":{"allow":["GET"]}}],"collection":[{"href":"https:\/\/hubsch-interior.com\/fr\/wp-json\/wp\/v2\/pages"}],"about":[{"href":"https:\/\/hubsch-interior.com\/fr\/wp-json\/wp\/v2\/types\/page"}],"author":[{"embeddable":true,"href":"https:\/\/hubsch-interior.com\/fr\/wp-json\/wp\/v2\/users\/395"}],"replies":[{"embeddable":true,"href":"https:\/\/hubsch-interior.com\/fr\/wp-json\/wp\/v2\/comments?post=900515"}],"version-history":[{"count":34,"href":"https:\/\/hubsch-interior.com\/fr\/wp-json\/wp\/v2\/pages\/900515\/revisions"}],"predecessor-version":[{"id":1114852,"href":"https:\/\/hubsch-interior.com\/fr\/wp-json\/wp\/v2\/pages\/900515\/revisions\/1114852"}],"wp:attachment":[{"href":"https:\/\/hubsch-interior.com\/fr\/wp-json\/wp\/v2\/media?parent=900515"}],"curies":[{"name":"wp","href":"https:\/\/api.w.org\/{rel}","templated":true}]}}