{"id":900525,"date":"2023-07-07T13:26:55","date_gmt":"2023-07-07T11:26:55","guid":{"rendered":"https:\/\/hubsch-interior.com\/showroom\/"},"modified":"2023-07-07T13:26:55","modified_gmt":"2023-07-07T11:26:55","slug":"showroom","status":"publish","type":"page","link":"https:\/\/hubsch-interior.com\/fr\/showroom\/","title":{"rendered":"Showroom"},"content":{"rendered":"\t\t<div data-elementor-type=\"wp-page\" data-elementor-id=\"900525\" class=\"elementor elementor-900525 elementor-900482\" data-elementor-post-type=\"page\">\n\t\t\t\t\t\t<section class=\"elementor-section elementor-top-section elementor-element elementor-element-5602d1ae elementor-section-boxed elementor-section-height-default elementor-section-height-default\" data-id=\"5602d1ae\" data-element_type=\"section\" data-e-type=\"section\">\n\t\t\t\t\t\t<div class=\"elementor-container elementor-column-gap-default\">\n\t\t\t\t\t<div class=\"elementor-column elementor-col-100 elementor-top-column elementor-element elementor-element-65201b81\" data-id=\"65201b81\" data-element_type=\"column\" data-e-type=\"column\">\n\t\t\t<div class=\"elementor-widget-wrap elementor-element-populated\">\n\t\t\t\t\t\t<div class=\"elementor-element elementor-element-4cae6b32 elementor-widget elementor-widget-woocommerce-breadcrumb\" data-id=\"4cae6b32\" data-element_type=\"widget\" data-e-type=\"widget\" data-widget_type=\"woocommerce-breadcrumb.default\">\n\t\t\t\t<div class=\"elementor-widget-container\">\n\t\t\t\t\t<nav class=\"woocommerce-breadcrumb\" aria-label=\"Breadcrumb\">Accueil<\/nav>\t\t\t\t<\/div>\n\t\t\t\t<\/div>\n\t\t\t\t\t<\/div>\n\t\t<\/div>\n\t\t\t\t\t<\/div>\n\t\t<\/section>\n\t\t\t\t<section class=\"elementor-section elementor-top-section elementor-element elementor-element-2d5e528f elementor-section-boxed elementor-section-height-default elementor-section-height-default\" data-id=\"2d5e528f\" data-element_type=\"section\" data-e-type=\"section\">\n\t\t\t\t\t\t<div class=\"elementor-container elementor-column-gap-default\">\n\t\t\t\t\t<div class=\"elementor-column elementor-col-50 elementor-top-column elementor-element elementor-element-5be81811\" data-id=\"5be81811\" data-element_type=\"column\" data-e-type=\"column\">\n\t\t\t<div class=\"elementor-widget-wrap elementor-element-populated\">\n\t\t\t\t\t\t<div class=\"elementor-element elementor-element-16070667 elementor-widget__width-initial elementor-widget-tablet__width-initial elementor-widget elementor-widget-heading\" data-id=\"16070667\" data-element_type=\"widget\" data-e-type=\"widget\" data-widget_type=\"heading.default\">\n\t\t\t\t<div class=\"elementor-widget-container\">\n\t\t\t\t\t<h1 class=\"elementor-heading-title elementor-size-default\">Showroom<\/h1>\t\t\t\t<\/div>\n\t\t\t\t<\/div>\n\t\t\t\t<div class=\"elementor-element elementor-element-505fbad8 elementor-widget__width-initial elementor-widget-tablet__width-initial elementor-widget elementor-widget-text-editor\" data-id=\"505fbad8\" data-element_type=\"widget\" data-e-type=\"widget\" data-widget_type=\"text-editor.default\">\n\t\t\t\t<div class=\"elementor-widget-container\">\n\t\t\t\t\t\t\t\t\t<p>Si vous cherchez l\u2019inspiration, pensez \u00e0 nous rendre visite dans notre showroom qui vous emm\u00e8nera directement vers l\u2019ADN de notre marque H\u00fcbsch ! C\u2019est l\u2019endroit id\u00e9al pour d\u00e9couvrir les derni\u00e8res collections ! R\u00e9servez votre venue afin de d\u00e9couvrir la marque tous les jours ouvr\u00e9s.<\/p>\n\t\t\t\t\t\t\t\t<\/div>\n\t\t\t\t<\/div>\n\t\t\t\t<div class=\"elementor-element elementor-element-1c24b1c7 elementor-widget elementor-widget-spacer\" data-id=\"1c24b1c7\" data-element_type=\"widget\" data-e-type=\"widget\" data-widget_type=\"spacer.default\">\n\t\t\t\t<div class=\"elementor-widget-container\">\n\t\t\t\t\t\t\t<div class=\"elementor-spacer\">\n\t\t\t<div class=\"elementor-spacer-inner\"><\/div>\n\t\t<\/div>\n\t\t\t\t\t\t<\/div>\n\t\t\t\t<\/div>\n\t\t\t\t<div class=\"elementor-element elementor-element-53530684 elementor-widget elementor-widget-image\" data-id=\"53530684\" data-element_type=\"widget\" data-e-type=\"widget\" data-widget_type=\"image.default\">\n\t\t\t\t<div class=\"elementor-widget-container\">\n\t\t\t\t\t\t\t\t\t\t\t\t\t\t\t<img fetchpriority=\"high\" decoding=\"async\" width=\"800\" height=\"1000\" src=\"https:\/\/hubsch-interior.com\/wp-content\/uploads\/2023\/07\/Showroom-banner-1.jpg\" class=\"attachment-full size-full wp-image-900485\" alt=\"\" \/>\t\t\t\t\t\t\t\t\t\t\t\t\t\t\t<\/div>\n\t\t\t\t<\/div>\n\t\t\t\t\t<\/div>\n\t\t<\/div>\n\t\t\t\t<div class=\"elementor-column elementor-col-50 elementor-top-column elementor-element elementor-element-672d59b0\" data-id=\"672d59b0\" data-element_type=\"column\" data-e-type=\"column\">\n\t\t\t<div class=\"elementor-widget-wrap elementor-element-populated\">\n\t\t\t\t\t\t<div class=\"elementor-element elementor-element-752c51a7 elementor-widget elementor-widget-image\" data-id=\"752c51a7\" data-element_type=\"widget\" data-e-type=\"widget\" data-widget_type=\"image.default\">\n\t\t\t\t<div class=\"elementor-widget-container\">\n\t\t\t\t\t\t\t\t\t\t\t\t\t\t\t<img decoding=\"async\" width=\"800\" height=\"1000\" src=\"https:\/\/hubsch-interior.com\/wp-content\/uploads\/2023\/07\/Showroom-banner4-1.jpg\" class=\"attachment-full size-full wp-image-900489\" alt=\"\" \/>\t\t\t\t\t\t\t\t\t\t\t\t\t\t\t<\/div>\n\t\t\t\t<\/div>\n\t\t\t\t\t<\/div>\n\t\t<\/div>\n\t\t\t\t\t<\/div>\n\t\t<\/section>\n\t\t\t\t<section class=\"elementor-section elementor-top-section elementor-element elementor-element-1fe73fe8 elementor-section-boxed elementor-section-height-default elementor-section-height-default\" data-id=\"1fe73fe8\" data-element_type=\"section\" data-e-type=\"section\" data-settings=\"{&quot;background_background&quot;:&quot;classic&quot;}\">\n\t\t\t\t\t\t<div class=\"elementor-container elementor-column-gap-default\">\n\t\t\t\t\t<div class=\"elementor-column elementor-col-100 elementor-top-column elementor-element elementor-element-79a31904\" data-id=\"79a31904\" data-element_type=\"column\" data-e-type=\"column\">\n\t\t\t<div class=\"elementor-widget-wrap elementor-element-populated\">\n\t\t\t\t\t\t<div class=\"elementor-element elementor-element-5ee53263 elementor-widget__width-initial elementor-widget-mobile__width-inherit elementor-widget elementor-widget-toggle\" data-id=\"5ee53263\" data-element_type=\"widget\" data-e-type=\"widget\" data-widget_type=\"toggle.default\">\n\t\t\t\t<div class=\"elementor-widget-container\">\n\t\t\t\t\t\t\t<div class=\"elementor-toggle\">\n\t\t\t\t\t\t\t<div class=\"elementor-toggle-item\">\n\t\t\t\t\t<div id=\"elementor-tab-title-1591\" class=\"elementor-tab-title\" data-tab=\"1\" role=\"button\" aria-controls=\"elementor-tab-content-1591\" aria-expanded=\"false\">\n\t\t\t\t\t\t\t\t\t\t\t\t<span class=\"elementor-toggle-icon elementor-toggle-icon-right\" aria-hidden=\"true\">\n\t\t\t\t\t\t\t\t\t\t\t\t\t\t\t<span class=\"elementor-toggle-icon-closed\"><svg xmlns=\"http:\/\/www.w3.org\/2000\/svg\" id=\"Layer_1\" data-name=\"Layer 1\" viewBox=\"0 0 63.4 63.4\"><defs><style> .cls-1 { fill: #010101; } <\/style><\/defs><path class=\"cls-1\" d=\"m28.3,63.4v-28.3H0v-6.79h28.3V0h6.79v28.3h28.3v6.79h-28.3v28.3h-6.79Z\"><\/path><\/svg><\/span>\n\t\t\t\t\t\t\t\t<span class=\"elementor-toggle-icon-opened\"><svg xmlns=\"http:\/\/www.w3.org\/2000\/svg\" id=\"Layer_1\" data-name=\"Layer 1\" viewBox=\"0 0 63.4 6.79\"><defs><style> .cls-1 { fill: #010101; } <\/style><\/defs><polygon class=\"cls-1\" points=\"38.66 0 38.66 0 24.31 0 24.31 0 0 0 0 6.79 27.64 6.79 27.64 6.79 36.07 6.79 36.07 6.79 63.4 6.79 63.4 0 38.66 0\"><\/polygon><\/svg><\/span>\n\t\t\t\t\t\t\t\t\t\t\t\t\t<\/span>\n\t\t\t\t\t\t\t\t\t\t\t\t<a class=\"elementor-toggle-title\" tabindex=\"0\">Visite physique<\/a>\n\t\t\t\t\t<\/div>\n\n\t\t\t\t\t<div id=\"elementor-tab-content-1591\" class=\"elementor-tab-content elementor-clearfix\" data-tab=\"1\" role=\"region\" aria-labelledby=\"elementor-tab-title-1591\"><p>Nous pr\u00e9f\u00e9rons dans l\u2019id\u00e9al vous immerger dans notre univers design en vous rencontrant dans nos bureaux pour vous faire ressentir une r\u00e9elle exp\u00e9rience et vous transporter dans l\u2019ambiance de notre marque. Ainsi, nous pouvons vous montrer les produits qui peuvent vous correspondre pour vous et votre entreprise.<\/p>\n<p>N\u2019h\u00e9sitez pas \u00e0 nous contacter pour r\u00e9server un cr\u00e9neau pour une visite, et SVP, nous pouvons vous aider \u00e0 organiser votre s\u00e9jour ici. Nous en serions ravis.<\/p>\n<\/div>\n\t\t\t\t<\/div>\n\t\t\t\t\t\t\t<div class=\"elementor-toggle-item\">\n\t\t\t\t\t<div id=\"elementor-tab-title-1592\" class=\"elementor-tab-title\" data-tab=\"2\" role=\"button\" aria-controls=\"elementor-tab-content-1592\" aria-expanded=\"false\">\n\t\t\t\t\t\t\t\t\t\t\t\t<span class=\"elementor-toggle-icon elementor-toggle-icon-right\" aria-hidden=\"true\">\n\t\t\t\t\t\t\t\t\t\t\t\t\t\t\t<span class=\"elementor-toggle-icon-closed\"><svg xmlns=\"http:\/\/www.w3.org\/2000\/svg\" id=\"Layer_1\" data-name=\"Layer 1\" viewBox=\"0 0 63.4 63.4\"><defs><style> .cls-1 { fill: #010101; } <\/style><\/defs><path class=\"cls-1\" d=\"m28.3,63.4v-28.3H0v-6.79h28.3V0h6.79v28.3h28.3v6.79h-28.3v28.3h-6.79Z\"><\/path><\/svg><\/span>\n\t\t\t\t\t\t\t\t<span class=\"elementor-toggle-icon-opened\"><svg xmlns=\"http:\/\/www.w3.org\/2000\/svg\" id=\"Layer_1\" data-name=\"Layer 1\" viewBox=\"0 0 63.4 6.79\"><defs><style> .cls-1 { fill: #010101; } <\/style><\/defs><polygon class=\"cls-1\" points=\"38.66 0 38.66 0 24.31 0 24.31 0 0 0 0 6.79 27.64 6.79 27.64 6.79 36.07 6.79 36.07 6.79 63.4 6.79 63.4 0 38.66 0\"><\/polygon><\/svg><\/span>\n\t\t\t\t\t\t\t\t\t\t\t\t\t<\/span>\n\t\t\t\t\t\t\t\t\t\t\t\t<a class=\"elementor-toggle-title\" tabindex=\"0\">Visite virtuelle<\/a>\n\t\t\t\t\t<\/div>\n\n\t\t\t\t\t<div id=\"elementor-tab-content-1592\" class=\"elementor-tab-content elementor-clearfix\" data-tab=\"2\" role=\"region\" aria-labelledby=\"elementor-tab-title-1592\"><p>Si vous n\u2019avez pas l\u2019opportunit\u00e9 de visiter notre showroom de fa\u00e7on physique, vous pouvez choisir l\u2019option de la visite virtuelle. Vous pouvez visiter notre showroom en r\u00e9servant un cr\u00e9neau avec votre contact d\u00e9di\u00e9 H\u00fcbsch du service commercial.<\/p>\n<p>La visite virtuelle sera organis\u00e9e comme une r\u00e9union en ligne, et sera film\u00e9e en direct de notre show room en nous arr\u00eatant sur vos envies et besoins.<\/p>\n<\/div>\n\t\t\t\t<\/div>\n\t\t\t\t\t\t\t\t<\/div>\n\t\t\t\t\t\t<\/div>\n\t\t\t\t<\/div>\n\t\t\t\t\t<\/div>\n\t\t<\/div>\n\t\t\t\t\t<\/div>\n\t\t<\/section>\n\t\t\t\t<section class=\"elementor-section elementor-top-section elementor-element elementor-element-5db81296 elementor-section-boxed elementor-section-height-default elementor-section-height-default\" data-id=\"5db81296\" data-element_type=\"section\" data-e-type=\"section\" data-settings=\"{&quot;background_background&quot;:&quot;classic&quot;}\">\n\t\t\t\t\t\t<div class=\"elementor-container elementor-column-gap-default\">\n\t\t\t\t\t<div class=\"elementor-column elementor-col-50 elementor-top-column elementor-element elementor-element-7b4f1069\" data-id=\"7b4f1069\" data-element_type=\"column\" data-e-type=\"column\">\n\t\t\t<div class=\"elementor-widget-wrap elementor-element-populated\">\n\t\t\t\t\t\t<div class=\"elementor-element elementor-element-677dece5 elementor-widget elementor-widget-image\" data-id=\"677dece5\" data-element_type=\"widget\" data-e-type=\"widget\" data-widget_type=\"image.default\">\n\t\t\t\t<div class=\"elementor-widget-container\">\n\t\t\t\t\t\t\t\t\t\t\t\t\t\t\t<img decoding=\"async\" width=\"800\" height=\"500\" src=\"https:\/\/hubsch-interior.com\/wp-content\/uploads\/2023\/07\/VisitUsSectionbanner-1.jpg\" class=\"attachment-large size-large wp-image-900493\" alt=\"\" \/>\t\t\t\t\t\t\t\t\t\t\t\t\t\t\t<\/div>\n\t\t\t\t<\/div>\n\t\t\t\t\t<\/div>\n\t\t<\/div>\n\t\t\t\t<div class=\"elementor-column elementor-col-50 elementor-top-column elementor-element elementor-element-234f8a14\" data-id=\"234f8a14\" data-element_type=\"column\" data-e-type=\"column\" data-settings=\"{&quot;background_background&quot;:&quot;classic&quot;}\">\n\t\t\t<div class=\"elementor-widget-wrap elementor-element-populated\">\n\t\t\t\t\t\t<div class=\"elementor-element elementor-element-61525e35 elementor-widget__width-initial elementor-widget-tablet__width-initial elementor-widget-mobile__width-initial elementor-widget elementor-widget-heading\" data-id=\"61525e35\" data-element_type=\"widget\" data-e-type=\"widget\" data-widget_type=\"heading.default\">\n\t\t\t\t<div class=\"elementor-widget-container\">\n\t\t\t\t\t<h1 class=\"elementor-heading-title elementor-size-default\">Nous rencontrer<\/h1>\t\t\t\t<\/div>\n\t\t\t\t<\/div>\n\t\t\t\t<div class=\"elementor-element elementor-element-1e79dc3b elementor-widget__width-initial elementor-widget elementor-widget-text-editor\" data-id=\"1e79dc3b\" data-element_type=\"widget\" data-e-type=\"widget\" data-widget_type=\"text-editor.default\">\n\t\t\t\t<div class=\"elementor-widget-container\">\n\t\t\t\t\t\t\t\t\t<div class=\"elementor-element elementor-element-04f8b9c elementor-widget__width-initial elementor-widget elementor-widget-text-editor\" data-id=\"04f8b9c\" data-element_type=\"widget\" data-widget_type=\"text-editor.default\">\n<div class=\"elementor-widget-container\">\n<div class=\"elementor-text-editor elementor-clearfix\">\n<p>Nous participons \u00e0 de nombreux salons professionnels en Europe. C\u2019est l\u00e0 que vous pouvez trouver l\u2019inspiration et d\u00e9couvrir les derni\u00e8res collections et les nouveaut\u00e9s produits. Nous serions ravis de vous rencontrer pour partager un caf\u00e9 et pour vous faire visiter notre stand H\u00fcbsch.<\/p>\n<\/div>\n<\/div>\n<\/div>\n\t\t\t\t\t\t\t\t<\/div>\n\t\t\t\t<\/div>\n\t\t\t\t<div class=\"elementor-element elementor-element-2a53aa17 elementor-widget__width-initial text-button elementor-widget elementor-widget-button\" data-id=\"2a53aa17\" data-element_type=\"widget\" data-e-type=\"widget\" data-settings=\"{&quot;_animation&quot;:&quot;none&quot;}\" data-widget_type=\"button.default\">\n\t\t\t\t<div class=\"elementor-widget-container\">\n\t\t\t\t\t\t\t\t\t<div class=\"elementor-button-wrapper\">\n\t\t\t\t\t<a class=\"elementor-button elementor-button-link elementor-size-sm\" href=\"https:\/\/hubsch-interior.com\/fr\/salons\/\">\n\t\t\t\t\t\t<span class=\"elementor-button-content-wrapper\">\n\t\t\t\t\t\t\t\t\t<span class=\"elementor-button-text\">Salons &amp; Evenements<\/span>\n\t\t\t\t\t<\/span>\n\t\t\t\t\t<\/a>\n\t\t\t\t<\/div>\n\t\t\t\t\t\t\t\t<\/div>\n\t\t\t\t<\/div>\n\t\t\t\t\t<\/div>\n\t\t<\/div>\n\t\t\t\t\t<\/div>\n\t\t<\/section>\n\t\t\t\t<\/div>\n\t\t","protected":false},"excerpt":{"rendered":"<p>Showroom Si vous cherchez l\u2019inspiration, pensez \u00e0 nous rendre visite dans notre showroom qui vous emm\u00e8nera directement vers l\u2019ADN de notre marque H\u00fcbsch ! C\u2019est l\u2019endroit id\u00e9al pour d\u00e9couvrir les derni\u00e8res collections ! R\u00e9servez votre venue afin de d\u00e9couvrir la marque tous les jours ouvr\u00e9s. Visite physique Nous pr\u00e9f\u00e9rons dans l\u2019id\u00e9al vous immerger dans notre [&hellip;]<\/p>\n","protected":false},"author":395,"featured_media":0,"parent":0,"menu_order":0,"comment_status":"closed","ping_status":"closed","template":"","meta":{"_acf_changed":false,"inline_featured_image":false,"footnotes":""},"class_list":["post-900525","page","type-page","status-publish","hentry"],"acf":[],"yoast_head":"<!-- This site is optimized with the Yoast SEO plugin v26.4 - https:\/\/yoast.com\/wordpress\/plugins\/seo\/ -->\n<title>Showroom - H\u00fcbsch<\/title>\n<meta name=\"robots\" content=\"index, follow, max-snippet:-1, max-image-preview:large, max-video-preview:-1\" \/>\n<link rel=\"canonical\" href=\"https:\/\/hubsch-interior.com\/fr\/wp-json\/wp\/v2\/pages\/900525\" \/>\n<meta property=\"og:locale\" content=\"fr_FR\" \/>\n<meta property=\"og:type\" content=\"article\" \/>\n<meta property=\"og:title\" content=\"Showroom - H\u00fcbsch\" \/>\n<meta property=\"og:description\" content=\"Showroom Si vous cherchez l\u2019inspiration, pensez \u00e0 nous rendre visite dans notre showroom qui vous emm\u00e8nera directement vers l\u2019ADN de notre marque H\u00fcbsch ! C\u2019est l\u2019endroit id\u00e9al pour d\u00e9couvrir les derni\u00e8res collections ! R\u00e9servez votre venue afin de d\u00e9couvrir la marque tous les jours ouvr\u00e9s. Visite physique Nous pr\u00e9f\u00e9rons dans l\u2019id\u00e9al vous immerger dans notre [&hellip;]\" \/>\n<meta property=\"og:url\" content=\"https:\/\/hubsch-interior.com\/fr\/showroom\/\" \/>\n<meta property=\"og:site_name\" content=\"H\u00fcbsch\" \/>\n<meta property=\"og:image\" content=\"https:\/\/hubsch-interior.com\/wp-content\/uploads\/2023\/07\/Showroom-banner-1.jpg\" \/>\n<meta name=\"twitter:card\" content=\"summary_large_image\" \/>\n<meta name=\"twitter:label1\" content=\"Dur\u00e9e de lecture estim\u00e9e\" \/>\n\t<meta name=\"twitter:data1\" content=\"1 minute\" \/>\n<script type=\"application\/ld+json\" class=\"yoast-schema-graph\">{\"@context\":\"https:\/\/schema.org\",\"@graph\":[{\"@type\":\"WebPage\",\"@id\":\"https:\/\/hubsch-interior.com\/fr\/showroom\/\",\"url\":\"https:\/\/hubsch-interior.com\/fr\/showroom\/\",\"name\":\"Showroom - H\u00fcbsch\",\"isPartOf\":{\"@id\":\"https:\/\/hubsch-interior.com\/fr\/#website\"},\"primaryImageOfPage\":{\"@id\":\"https:\/\/hubsch-interior.com\/fr\/showroom\/#primaryimage\"},\"image\":{\"@id\":\"https:\/\/hubsch-interior.com\/fr\/showroom\/#primaryimage\"},\"thumbnailUrl\":\"https:\/\/hubsch-interior.com\/wp-content\/uploads\/2023\/07\/Showroom-banner-1.jpg\",\"datePublished\":\"2023-07-07T11:26:55+00:00\",\"breadcrumb\":{\"@id\":\"https:\/\/hubsch-interior.com\/fr\/showroom\/#breadcrumb\"},\"inLanguage\":\"fr-FR\",\"potentialAction\":[{\"@type\":\"ReadAction\",\"target\":[\"https:\/\/hubsch-interior.com\/fr\/showroom\/\"]}]},{\"@type\":\"ImageObject\",\"inLanguage\":\"fr-FR\",\"@id\":\"https:\/\/hubsch-interior.com\/fr\/showroom\/#primaryimage\",\"url\":\"https:\/\/hubsch-interior.com\/wp-content\/uploads\/2023\/07\/Showroom-banner-1.jpg\",\"contentUrl\":\"https:\/\/hubsch-interior.com\/wp-content\/uploads\/2023\/07\/Showroom-banner-1.jpg\"},{\"@type\":\"BreadcrumbList\",\"@id\":\"https:\/\/hubsch-interior.com\/fr\/showroom\/#breadcrumb\",\"itemListElement\":[{\"@type\":\"ListItem\",\"position\":1,\"name\":\"Page d'accueil\",\"item\":\"https:\/\/hubsch-interior.com\/fr\/\"},{\"@type\":\"ListItem\",\"position\":2,\"name\":\"Showroom\"}]},{\"@type\":\"WebSite\",\"@id\":\"https:\/\/hubsch-interior.com\/fr\/#website\",\"url\":\"https:\/\/hubsch-interior.com\/fr\/\",\"name\":\"H\u00fcbsch\",\"description\":\"Danish Home Interior and Design\",\"publisher\":{\"@id\":\"https:\/\/hubsch-interior.com\/fr\/#organization\"},\"potentialAction\":[{\"@type\":\"SearchAction\",\"target\":{\"@type\":\"EntryPoint\",\"urlTemplate\":\"https:\/\/hubsch-interior.com\/fr\/?s={search_term_string}\"},\"query-input\":{\"@type\":\"PropertyValueSpecification\",\"valueRequired\":true,\"valueName\":\"search_term_string\"}}],\"inLanguage\":\"fr-FR\"},{\"@type\":\"Organization\",\"@id\":\"https:\/\/hubsch-interior.com\/fr\/#organization\",\"name\":\"H\u00fcbsch\",\"url\":\"https:\/\/hubsch-interior.com\/fr\/\",\"logo\":{\"@type\":\"ImageObject\",\"inLanguage\":\"fr-FR\",\"@id\":\"https:\/\/hubsch-interior.com\/fr\/#\/schema\/logo\/image\/\",\"url\":\"https:\/\/hubsch-interior.com\/wp-content\/uploads\/2022\/12\/Hubsch_logo_black_one_line.svg\",\"contentUrl\":\"https:\/\/hubsch-interior.com\/wp-content\/uploads\/2022\/12\/Hubsch_logo_black_one_line.svg\",\"caption\":\"H\u00fcbsch\"},\"image\":{\"@id\":\"https:\/\/hubsch-interior.com\/fr\/#\/schema\/logo\/image\/\"}}]}<\/script>\n<!-- \/ Yoast SEO plugin. -->","yoast_head_json":{"title":"Showroom - H\u00fcbsch","robots":{"index":"index","follow":"follow","max-snippet":"max-snippet:-1","max-image-preview":"max-image-preview:large","max-video-preview":"max-video-preview:-1"},"canonical":"https:\/\/hubsch-interior.com\/fr\/wp-json\/wp\/v2\/pages\/900525","og_locale":"fr_FR","og_type":"article","og_title":"Showroom - H\u00fcbsch","og_description":"Showroom Si vous cherchez l\u2019inspiration, pensez \u00e0 nous rendre visite dans notre showroom qui vous emm\u00e8nera directement vers l\u2019ADN de notre marque H\u00fcbsch ! C\u2019est l\u2019endroit id\u00e9al pour d\u00e9couvrir les derni\u00e8res collections ! R\u00e9servez votre venue afin de d\u00e9couvrir la marque tous les jours ouvr\u00e9s. Visite physique Nous pr\u00e9f\u00e9rons dans l\u2019id\u00e9al vous immerger dans notre [&hellip;]","og_url":"https:\/\/hubsch-interior.com\/fr\/showroom\/","og_site_name":"H\u00fcbsch","og_image":[{"url":"https:\/\/hubsch-interior.com\/wp-content\/uploads\/2023\/07\/Showroom-banner-1.jpg","type":"","width":"","height":""}],"twitter_card":"summary_large_image","twitter_misc":{"Dur\u00e9e de lecture estim\u00e9e":"1 minute"},"schema":{"@context":"https:\/\/schema.org","@graph":[{"@type":"WebPage","@id":"https:\/\/hubsch-interior.com\/fr\/showroom\/","url":"https:\/\/hubsch-interior.com\/fr\/showroom\/","name":"Showroom - H\u00fcbsch","isPartOf":{"@id":"https:\/\/hubsch-interior.com\/fr\/#website"},"primaryImageOfPage":{"@id":"https:\/\/hubsch-interior.com\/fr\/showroom\/#primaryimage"},"image":{"@id":"https:\/\/hubsch-interior.com\/fr\/showroom\/#primaryimage"},"thumbnailUrl":"https:\/\/hubsch-interior.com\/wp-content\/uploads\/2023\/07\/Showroom-banner-1.jpg","datePublished":"2023-07-07T11:26:55+00:00","breadcrumb":{"@id":"https:\/\/hubsch-interior.com\/fr\/showroom\/#breadcrumb"},"inLanguage":"fr-FR","potentialAction":[{"@type":"ReadAction","target":["https:\/\/hubsch-interior.com\/fr\/showroom\/"]}]},{"@type":"ImageObject","inLanguage":"fr-FR","@id":"https:\/\/hubsch-interior.com\/fr\/showroom\/#primaryimage","url":"https:\/\/hubsch-interior.com\/wp-content\/uploads\/2023\/07\/Showroom-banner-1.jpg","contentUrl":"https:\/\/hubsch-interior.com\/wp-content\/uploads\/2023\/07\/Showroom-banner-1.jpg"},{"@type":"BreadcrumbList","@id":"https:\/\/hubsch-interior.com\/fr\/showroom\/#breadcrumb","itemListElement":[{"@type":"ListItem","position":1,"name":"Page d'accueil","item":"https:\/\/hubsch-interior.com\/fr\/"},{"@type":"ListItem","position":2,"name":"Showroom"}]},{"@type":"WebSite","@id":"https:\/\/hubsch-interior.com\/fr\/#website","url":"https:\/\/hubsch-interior.com\/fr\/","name":"H\u00fcbsch","description":"Danish Home Interior and Design","publisher":{"@id":"https:\/\/hubsch-interior.com\/fr\/#organization"},"potentialAction":[{"@type":"SearchAction","target":{"@type":"EntryPoint","urlTemplate":"https:\/\/hubsch-interior.com\/fr\/?s={search_term_string}"},"query-input":{"@type":"PropertyValueSpecification","valueRequired":true,"valueName":"search_term_string"}}],"inLanguage":"fr-FR"},{"@type":"Organization","@id":"https:\/\/hubsch-interior.com\/fr\/#organization","name":"H\u00fcbsch","url":"https:\/\/hubsch-interior.com\/fr\/","logo":{"@type":"ImageObject","inLanguage":"fr-FR","@id":"https:\/\/hubsch-interior.com\/fr\/#\/schema\/logo\/image\/","url":"https:\/\/hubsch-interior.com\/wp-content\/uploads\/2022\/12\/Hubsch_logo_black_one_line.svg","contentUrl":"https:\/\/hubsch-interior.com\/wp-content\/uploads\/2022\/12\/Hubsch_logo_black_one_line.svg","caption":"H\u00fcbsch"},"image":{"@id":"https:\/\/hubsch-interior.com\/fr\/#\/schema\/logo\/image\/"}}]}},"_links":{"self":[{"href":"https:\/\/hubsch-interior.com\/fr\/wp-json\/wp\/v2\/pages\/900525","targetHints":{"allow":["GET"]}}],"collection":[{"href":"https:\/\/hubsch-interior.com\/fr\/wp-json\/wp\/v2\/pages"}],"about":[{"href":"https:\/\/hubsch-interior.com\/fr\/wp-json\/wp\/v2\/types\/page"}],"author":[{"embeddable":true,"href":"https:\/\/hubsch-interior.com\/fr\/wp-json\/wp\/v2\/users\/395"}],"replies":[{"embeddable":true,"href":"https:\/\/hubsch-interior.com\/fr\/wp-json\/wp\/v2\/comments?post=900525"}],"version-history":[{"count":1,"href":"https:\/\/hubsch-interior.com\/fr\/wp-json\/wp\/v2\/pages\/900525\/revisions"}],"predecessor-version":[{"id":900526,"href":"https:\/\/hubsch-interior.com\/fr\/wp-json\/wp\/v2\/pages\/900525\/revisions\/900526"}],"wp:attachment":[{"href":"https:\/\/hubsch-interior.com\/fr\/wp-json\/wp\/v2\/media?parent=900525"}],"curies":[{"name":"wp","href":"https:\/\/api.w.org\/{rel}","templated":true}]}}