{"id":92252,"date":"2021-02-01T14:09:31","date_gmt":"2021-02-01T13:09:31","guid":{"rendered":"https:\/\/hubsch-interior.com\/politique-de-cookie\/"},"modified":"2023-02-21T15:36:46","modified_gmt":"2023-02-21T14:36:46","slug":"politique-de-cookie","status":"publish","type":"page","link":"https:\/\/hubsch-interior.com\/fr\/politique-de-cookie\/","title":{"rendered":"Politique de cookie"},"content":{"rendered":"\t\t<div data-elementor-type=\"wp-page\" data-elementor-id=\"92252\" class=\"elementor elementor-92252 elementor-73405\" data-elementor-post-type=\"page\">\n\t\t\t\t\t\t<section class=\"elementor-section elementor-top-section elementor-element elementor-element-4e9bf5f elementor-section-full_width elementor-section-height-default elementor-section-height-default\" data-id=\"4e9bf5f\" data-element_type=\"section\" data-e-type=\"section\">\n\t\t\t\t\t\t<div class=\"elementor-container elementor-column-gap-default\">\n\t\t\t\t\t<div class=\"elementor-column elementor-col-100 elementor-top-column elementor-element elementor-element-ce6a0e2\" data-id=\"ce6a0e2\" data-element_type=\"column\" data-e-type=\"column\">\n\t\t\t<div class=\"elementor-widget-wrap elementor-element-populated\">\n\t\t\t\t\t\t<div class=\"elementor-element elementor-element-f7d5bee elementor-align-center elementor-widget elementor-widget-global elementor-global-719647 elementor-widget-breadcrumbs\" data-id=\"f7d5bee\" data-element_type=\"widget\" data-e-type=\"widget\" data-widget_type=\"breadcrumbs.default\">\n\t\t\t\t<div class=\"elementor-widget-container\">\n\t\t\t\t\t<p id=\"breadcrumbs\"><span><span><a href=\"https:\/\/hubsch-interior.com\/fr\/\">Page d'accueil<\/a><\/span><\/span><\/p>\t\t\t\t<\/div>\n\t\t\t\t<\/div>\n\t\t\t\t\t<\/div>\n\t\t<\/div>\n\t\t\t\t\t<\/div>\n\t\t<\/section>\n\t\t\t\t<section class=\"elementor-section elementor-top-section elementor-element elementor-element-8cad501 elementor-section-boxed elementor-section-height-default elementor-section-height-default\" data-id=\"8cad501\" data-element_type=\"section\" data-e-type=\"section\">\n\t\t\t\t\t\t<div class=\"elementor-container elementor-column-gap-default\">\n\t\t\t\t\t<div class=\"elementor-column elementor-col-100 elementor-top-column elementor-element elementor-element-34b75b8\" data-id=\"34b75b8\" data-element_type=\"column\" data-e-type=\"column\">\n\t\t\t<div class=\"elementor-widget-wrap elementor-element-populated\">\n\t\t\t\t\t\t<div class=\"elementor-element elementor-element-834b427 elementor-widget elementor-widget-heading\" data-id=\"834b427\" data-element_type=\"widget\" data-e-type=\"widget\" data-widget_type=\"heading.default\">\n\t\t\t\t<div class=\"elementor-widget-container\">\n\t\t\t\t\t<h1 class=\"elementor-heading-title elementor-size-default\">Politique de cookie <\/h1>\t\t\t\t<\/div>\n\t\t\t\t<\/div>\n\t\t\t\t<div class=\"elementor-element elementor-element-2586131 elementor-widget elementor-widget-heading\" data-id=\"2586131\" data-element_type=\"widget\" data-e-type=\"widget\" data-widget_type=\"heading.default\">\n\t\t\t\t<div class=\"elementor-widget-container\">\n\t\t\t\t\t<h2 class=\"elementor-heading-title elementor-size-default\">En g\u00e9n\u00e9ral<\/h2>\t\t\t\t<\/div>\n\t\t\t\t<\/div>\n\t\t\t\t<div class=\"elementor-element elementor-element-f2d864b elementor-widget elementor-widget-text-editor\" data-id=\"f2d864b\" data-element_type=\"widget\" data-e-type=\"widget\" data-widget_type=\"text-editor.default\">\n\t\t\t\t<div class=\"elementor-widget-container\">\n\t\t\t\t\t\t\t\t\t<p>Ce site web est exploit\u00e9 et d\u00e9tenu par:<br \/>\nH\u00fcbsch Retail ApS<br \/>\nCVR: 41732350<br \/>\nE-mail: shop@hubsch-interior.com<br \/>\nT\u00e9l\u00e9phone: +45 44226888 <\/p>\n\t\t\t\t\t\t\t\t<\/div>\n\t\t\t\t<\/div>\n\t\t\t\t<div class=\"elementor-element elementor-element-6dc41b7 elementor-widget elementor-widget-heading\" data-id=\"6dc41b7\" data-element_type=\"widget\" data-e-type=\"widget\" data-widget_type=\"heading.default\">\n\t\t\t\t<div class=\"elementor-widget-container\">\n\t\t\t\t\t<h2 class=\"elementor-heading-title elementor-size-default\">Qu\u2019est-ce qu\u2019un cookie?<\/h2>\t\t\t\t<\/div>\n\t\t\t\t<\/div>\n\t\t\t\t<div class=\"elementor-element elementor-element-b1d14e5 elementor-widget elementor-widget-text-editor\" data-id=\"b1d14e5\" data-element_type=\"widget\" data-e-type=\"widget\" data-widget_type=\"text-editor.default\">\n\t\t\t\t<div class=\"elementor-widget-container\">\n\t\t\t\t\t\t\t\t\t<p>Un cookie est un petit fichier texte sur le terminal de votre ordinateur, de votre smartphone ou de tout autre appareil \u00e9lectronique. Le cookie nous permet de reconna\u00eetre votre ordinateur\/adresse IP et de recueillir des informations sur les pages que vous visitez.<\/p>\n\t\t\t\t\t\t\t\t<\/div>\n\t\t\t\t<\/div>\n\t\t\t\t<div class=\"elementor-element elementor-element-d069e81 elementor-widget elementor-widget-heading\" data-id=\"d069e81\" data-element_type=\"widget\" data-e-type=\"widget\" data-widget_type=\"heading.default\">\n\t\t\t\t<div class=\"elementor-widget-container\">\n\t\t\t\t\t<h3 class=\"elementor-heading-title elementor-size-default\">Consentement aux cookies<\/h3>\t\t\t\t<\/div>\n\t\t\t\t<\/div>\n\t\t\t\t<div class=\"elementor-element elementor-element-9b55adf elementor-widget elementor-widget-text-editor\" data-id=\"9b55adf\" data-element_type=\"widget\" data-e-type=\"widget\" data-widget_type=\"text-editor.default\">\n\t\t\t\t<div class=\"elementor-widget-container\">\n\t\t\t\t\t\t\t\t\t<p>Lorsque vous cliquez sur &#8220;Accepter tout&#8221; dans la banni\u00e8re des cookies, vous acceptez que les cookies soient utilis\u00e9s dans le but sp\u00e9cifi\u00e9 par la banni\u00e8re. Si vous ne souhaitez donner votre consentement qu&#8217;\u00e0 certains cookies, vous pouvez activer et d\u00e9sactiver les cookies souhait\u00e9s, puis cliquer sur &#8220;Accepter la s\u00e9lection&#8221;. Si, en revanche, vous ne souhaitez pas donner votre consentement \u00e0 certains cookies, vous pouvez en s\u00e9lectionner certains ou &#8220;Rejeter tout&#8221;. Dans la banni\u00e8re des cookies, vous pouvez \u00e9galement retirer un consentement qui prendra effet dans le futur. Cependant, sachez que vous ne pouvez pas supprimer les &#8220;cookies n\u00e9cessaires&#8221; car ils sont une condition pr\u00e9alable au fonctionnement du site.<\/p>\n\t\t\t\t\t\t\t\t<\/div>\n\t\t\t\t<\/div>\n\t\t\t\t<div class=\"elementor-element elementor-element-217be8d elementor-widget elementor-widget-heading\" data-id=\"217be8d\" data-element_type=\"widget\" data-e-type=\"widget\" data-widget_type=\"heading.default\">\n\t\t\t\t<div class=\"elementor-widget-container\">\n\t\t\t\t\t<h3 class=\"elementor-heading-title elementor-size-default\">Quels sont les cookies mis en place?<\/h3>\t\t\t\t<\/div>\n\t\t\t\t<\/div>\n\t\t\t\t<div class=\"elementor-element elementor-element-0445997 elementor-widget elementor-widget-text-editor\" data-id=\"0445997\" data-element_type=\"widget\" data-e-type=\"widget\" data-widget_type=\"text-editor.default\">\n\t\t\t\t<div class=\"elementor-widget-container\">\n\t\t\t\t\t\t\t\t\t<p>H\u00fcbsch utilise des cookies de tiers. Un cookie tiers est un cookie plac\u00e9 par d&#8217;autres que H\u00fcbsch, par exemple par d&#8217;autres sites web qui proposent du contenu sur notre site web, des revendeurs de certaines fonctionnalit\u00e9s de notre site web ou des programmes d&#8217;analyse. Les cookies tiers nous aident \u00e0 am\u00e9liorer votre exp\u00e9rience sur notre site web.<\/p>\n\t\t\t\t\t\t\t\t<\/div>\n\t\t\t\t<\/div>\n\t\t\t\t<div class=\"elementor-element elementor-element-071e144 elementor-widget elementor-widget-heading\" data-id=\"071e144\" data-element_type=\"widget\" data-e-type=\"widget\" data-widget_type=\"heading.default\">\n\t\t\t\t<div class=\"elementor-widget-container\">\n\t\t\t\t\t<h3 class=\"elementor-heading-title elementor-size-default\">Pourquoi nous utilisons des cookies?<\/h3>\t\t\t\t<\/div>\n\t\t\t\t<\/div>\n\t\t\t\t<div class=\"elementor-element elementor-element-87e49d0 elementor-widget elementor-widget-text-editor\" data-id=\"87e49d0\" data-element_type=\"widget\" data-e-type=\"widget\" data-widget_type=\"text-editor.default\">\n\t\t\t\t<div class=\"elementor-widget-container\">\n\t\t\t\t\t\t\t\t\t<p>Chez H\u00fcbsch, nous utilisons des cookies pour am\u00e9liorer votre exp\u00e9rience sur notre site web, pour nous aider \u00e0 cr\u00e9er le meilleur contenu possible pour vous. En outre, les cookies nous permettent de stocker les choix que vous faites lorsque vous utilisez notre site web &#8211; par exemple, votre choix de pays et de langue. Nous utilisons \u00e9galement les cookies pour cibler notre marketing en fonction de vos besoins et de vos demandes.<\/p>\n\t\t\t\t\t\t\t\t<\/div>\n\t\t\t\t<\/div>\n\t\t\t\t<div class=\"elementor-element elementor-element-9b38f83 elementor-widget elementor-widget-heading\" data-id=\"9b38f83\" data-element_type=\"widget\" data-e-type=\"widget\" data-widget_type=\"heading.default\">\n\t\t\t\t<div class=\"elementor-widget-container\">\n\t\t\t\t\t<h3 class=\"elementor-heading-title elementor-size-default\">Comment rejeter, supprimer les cookies ou enlever le consentement<\/h3>\t\t\t\t<\/div>\n\t\t\t\t<\/div>\n\t\t\t\t<div class=\"elementor-element elementor-element-b97bc94 elementor-widget elementor-widget-text-editor\" data-id=\"b97bc94\" data-element_type=\"widget\" data-e-type=\"widget\" data-widget_type=\"text-editor.default\">\n\t\t\t\t<div class=\"elementor-widget-container\">\n\t\t\t\t\t\t\t\t\t<p>Vous pouvez \u00e0 tout moment annuler votre consentement aux cookies pour l&#8217;avenir en cliquant sur l&#8217;ic\u00f4ne &#8220;empreinte&#8221; dans le coin inf\u00e9rieur gauche de l&#8217;\u00e9cran, qui ouvre \u00e0 nouveau la banni\u00e8re et visible sur toutes les pages du site web. En bas de la banni\u00e8re, vous pouvez d\u00e9sactiver tous les cookies qui ne sont pas n\u00e9cessaires au fonctionnement de la page. Si vous en avez s\u00e9lectionn\u00e9 que quelques-uns, appuyez sur &#8220;accepter la s\u00e9lection&#8221; ; si vous avez s\u00e9lectionn\u00e9 tous les cookies, appuyez sur &#8220;refuser tout&#8221;. Votre consentement sera alors mis \u00e0 jour.<\/p>\n<p>Vous pouvez \u00e9galement supprimer les cookies qui ont d\u00e9j\u00e0 \u00e9t\u00e9 d\u00e9finis et retirer votre consentement :<br \/>\nSi vous utilisez un PC \u00e9quip\u00e9 d&#8217;un navigateur plus r\u00e9cent, vous pouvez supprimer vos cookies \u00e0 l&#8217;aide des touches de raccourci : CTRL + MAJUSCULE + EFFACER.<br \/>\nSi les touches de raccourci ne fonctionnent pas et\/ou si vous utilisez un MAC, vous devez d&#8217;abord trouver quel navigateur vous utilisez et ensuite cliquer sur le lien correspondant :<br \/>\nInternet Explorer<br \/>\nMozilla Firefox<br \/>\nGoogle Chrome<br \/>\nOpera<br \/>\nSafari Flash cookies (tous les navigateurs)<\/p>\n<p>iPhone, iPad et autres produits Apple<br \/>\nT\u00e9l\u00e9phones avec un syst\u00e8me d&#8217;exploitation Android<br \/>\nT\u00e9l\u00e9phones avec Windows 7<\/p>\n<p>Vous pouvez \u00e9galement refuser les cookies sur votre ordinateur en modifiant les param\u00e8tres de votre navigateur. L&#8217;emplacement des param\u00e8tres d\u00e9pend du navigateur que vous utilisez. Toutefois, vous devez savoir que si vous le faites, il existe de nombreuses fonctions et services que vous ne pouvez pas utiliser car ils supposent que le site web peut se souvenir des choix que vous faites.<\/p>\n\t\t\t\t\t\t\t\t<\/div>\n\t\t\t\t<\/div>\n\t\t\t\t<div class=\"elementor-element elementor-element-627c568 elementor-widget elementor-widget-heading\" data-id=\"627c568\" data-element_type=\"widget\" data-e-type=\"widget\" data-widget_type=\"heading.default\">\n\t\t\t\t<div class=\"elementor-widget-container\">\n\t\t\t\t\t<h3 class=\"elementor-heading-title elementor-size-default\">Questions et r\u00e9clamations<\/h3>\t\t\t\t<\/div>\n\t\t\t\t<\/div>\n\t\t\t\t<div class=\"elementor-element elementor-element-f6c3b85 elementor-widget elementor-widget-text-editor\" data-id=\"f6c3b85\" data-element_type=\"widget\" data-e-type=\"widget\" data-widget_type=\"text-editor.default\">\n\t\t\t\t<div class=\"elementor-widget-container\">\n\t\t\t\t\t\t\t\t\t<p>Si vous avez des questions concernant nos informations ou le traitement des informations personnelles, vous pouvez toujours nous contacter par e-mail : shop@hubsch-interior.com<\/p>\n<p>Si vous pensez que le site web ne respecte pas les r\u00e8gles relatives \u00e0 la politique de cookies, vous pouvez contacter H\u00fcbsch Retail ApS par e-mail: shop@hubsch-interior.com<\/p>\n<p>La demande doit contenir :<br \/>\n&#8211; Votre nom<br \/>\n&#8211; Votre adresse<br \/>\n&#8211; Votre e-mail<br \/>\n&#8211; Votre num\u00e9ro de t\u00e9l\u00e9phone<br \/>\n&#8211; Site web : www.shop.hubsch-interior.com<br \/>\n&#8211; Une description d\u00e9taill\u00e9e de la r\u00e9clamations ou de la question<\/p>\n<p>Nous traiterons ensuite votre demande sous un d\u00e9lai raisonnable.<\/p>\n\t\t\t\t\t\t\t\t<\/div>\n\t\t\t\t<\/div>\n\t\t\t\t\t<\/div>\n\t\t<\/div>\n\t\t\t\t\t<\/div>\n\t\t<\/section>\n\t\t\t\t<\/div>\n\t\t","protected":false},"excerpt":{"rendered":"<p>Politique de cookie En g\u00e9n\u00e9ral Ce site web est exploit\u00e9 et d\u00e9tenu par: H\u00fcbsch Retail ApS CVR: 41732350 E-mail: shop@hubsch-interior.com T\u00e9l\u00e9phone: +45 44226888 Qu\u2019est-ce qu\u2019un cookie? Un cookie est un petit fichier texte sur le terminal de votre ordinateur, de votre smartphone ou de tout autre appareil \u00e9lectronique. Le cookie nous permet de reconna\u00eetre votre [&hellip;]<\/p>\n","protected":false},"author":2,"featured_media":0,"parent":0,"menu_order":0,"comment_status":"closed","ping_status":"closed","template":"","meta":{"_acf_changed":false,"inline_featured_image":false,"footnotes":""},"class_list":["post-92252","page","type-page","status-publish","hentry"],"acf":[],"yoast_head":"<!-- This site is optimized with the Yoast SEO plugin v26.4 - https:\/\/yoast.com\/wordpress\/plugins\/seo\/ -->\n<title>Politique de cookie - H\u00fcbsch<\/title>\n<meta name=\"robots\" content=\"index, follow, max-snippet:-1, max-image-preview:large, max-video-preview:-1\" \/>\n<link rel=\"canonical\" href=\"https:\/\/hubsch-interior.com\/fr\/wp-json\/wp\/v2\/pages\/92252\" \/>\n<meta property=\"og:locale\" content=\"fr_FR\" \/>\n<meta property=\"og:type\" content=\"article\" \/>\n<meta property=\"og:title\" content=\"Politique de cookie - H\u00fcbsch\" \/>\n<meta property=\"og:description\" content=\"Politique de cookie En g\u00e9n\u00e9ral Ce site web est exploit\u00e9 et d\u00e9tenu par: H\u00fcbsch Retail ApS CVR: 41732350 E-mail: shop@hubsch-interior.com T\u00e9l\u00e9phone: +45 44226888 Qu\u2019est-ce qu\u2019un cookie? Un cookie est un petit fichier texte sur le terminal de votre ordinateur, de votre smartphone ou de tout autre appareil \u00e9lectronique. Le cookie nous permet de reconna\u00eetre votre [&hellip;]\" \/>\n<meta property=\"og:url\" content=\"https:\/\/hubsch-interior.com\/fr\/politique-de-cookie\/\" \/>\n<meta property=\"og:site_name\" content=\"H\u00fcbsch\" \/>\n<meta property=\"article:modified_time\" content=\"2023-02-21T14:36:46+00:00\" \/>\n<meta name=\"twitter:card\" content=\"summary_large_image\" \/>\n<meta name=\"twitter:label1\" content=\"Dur\u00e9e de lecture estim\u00e9e\" \/>\n\t<meta name=\"twitter:data1\" content=\"4 minutes\" \/>\n<script type=\"application\/ld+json\" class=\"yoast-schema-graph\">{\"@context\":\"https:\/\/schema.org\",\"@graph\":[{\"@type\":\"WebPage\",\"@id\":\"https:\/\/hubsch-interior.com\/fr\/politique-de-cookie\/\",\"url\":\"https:\/\/hubsch-interior.com\/fr\/politique-de-cookie\/\",\"name\":\"Politique de cookie - H\u00fcbsch\",\"isPartOf\":{\"@id\":\"https:\/\/hubsch-interior.com\/fr\/#website\"},\"datePublished\":\"2021-02-01T13:09:31+00:00\",\"dateModified\":\"2023-02-21T14:36:46+00:00\",\"breadcrumb\":{\"@id\":\"https:\/\/hubsch-interior.com\/fr\/politique-de-cookie\/#breadcrumb\"},\"inLanguage\":\"fr-FR\",\"potentialAction\":[{\"@type\":\"ReadAction\",\"target\":[\"https:\/\/hubsch-interior.com\/fr\/politique-de-cookie\/\"]}]},{\"@type\":\"BreadcrumbList\",\"@id\":\"https:\/\/hubsch-interior.com\/fr\/politique-de-cookie\/#breadcrumb\",\"itemListElement\":[{\"@type\":\"ListItem\",\"position\":1,\"name\":\"Page d'accueil\",\"item\":\"https:\/\/hubsch-interior.com\/fr\/\"},{\"@type\":\"ListItem\",\"position\":2,\"name\":\"Politique de cookie\"}]},{\"@type\":\"WebSite\",\"@id\":\"https:\/\/hubsch-interior.com\/fr\/#website\",\"url\":\"https:\/\/hubsch-interior.com\/fr\/\",\"name\":\"H\u00fcbsch\",\"description\":\"Danish Home Interior and Design\",\"publisher\":{\"@id\":\"https:\/\/hubsch-interior.com\/fr\/#organization\"},\"potentialAction\":[{\"@type\":\"SearchAction\",\"target\":{\"@type\":\"EntryPoint\",\"urlTemplate\":\"https:\/\/hubsch-interior.com\/fr\/?s={search_term_string}\"},\"query-input\":{\"@type\":\"PropertyValueSpecification\",\"valueRequired\":true,\"valueName\":\"search_term_string\"}}],\"inLanguage\":\"fr-FR\"},{\"@type\":\"Organization\",\"@id\":\"https:\/\/hubsch-interior.com\/fr\/#organization\",\"name\":\"H\u00fcbsch\",\"url\":\"https:\/\/hubsch-interior.com\/fr\/\",\"logo\":{\"@type\":\"ImageObject\",\"inLanguage\":\"fr-FR\",\"@id\":\"https:\/\/hubsch-interior.com\/fr\/#\/schema\/logo\/image\/\",\"url\":\"https:\/\/hubsch-interior.com\/wp-content\/uploads\/2022\/12\/Hubsch_logo_black_one_line.svg\",\"contentUrl\":\"https:\/\/hubsch-interior.com\/wp-content\/uploads\/2022\/12\/Hubsch_logo_black_one_line.svg\",\"caption\":\"H\u00fcbsch\"},\"image\":{\"@id\":\"https:\/\/hubsch-interior.com\/fr\/#\/schema\/logo\/image\/\"}}]}<\/script>\n<!-- \/ Yoast SEO plugin. -->","yoast_head_json":{"title":"Politique de cookie - H\u00fcbsch","robots":{"index":"index","follow":"follow","max-snippet":"max-snippet:-1","max-image-preview":"max-image-preview:large","max-video-preview":"max-video-preview:-1"},"canonical":"https:\/\/hubsch-interior.com\/fr\/wp-json\/wp\/v2\/pages\/92252","og_locale":"fr_FR","og_type":"article","og_title":"Politique de cookie - H\u00fcbsch","og_description":"Politique de cookie En g\u00e9n\u00e9ral Ce site web est exploit\u00e9 et d\u00e9tenu par: H\u00fcbsch Retail ApS CVR: 41732350 E-mail: shop@hubsch-interior.com T\u00e9l\u00e9phone: +45 44226888 Qu\u2019est-ce qu\u2019un cookie? Un cookie est un petit fichier texte sur le terminal de votre ordinateur, de votre smartphone ou de tout autre appareil \u00e9lectronique. Le cookie nous permet de reconna\u00eetre votre [&hellip;]","og_url":"https:\/\/hubsch-interior.com\/fr\/politique-de-cookie\/","og_site_name":"H\u00fcbsch","article_modified_time":"2023-02-21T14:36:46+00:00","twitter_card":"summary_large_image","twitter_misc":{"Dur\u00e9e de lecture estim\u00e9e":"4 minutes"},"schema":{"@context":"https:\/\/schema.org","@graph":[{"@type":"WebPage","@id":"https:\/\/hubsch-interior.com\/fr\/politique-de-cookie\/","url":"https:\/\/hubsch-interior.com\/fr\/politique-de-cookie\/","name":"Politique de cookie - H\u00fcbsch","isPartOf":{"@id":"https:\/\/hubsch-interior.com\/fr\/#website"},"datePublished":"2021-02-01T13:09:31+00:00","dateModified":"2023-02-21T14:36:46+00:00","breadcrumb":{"@id":"https:\/\/hubsch-interior.com\/fr\/politique-de-cookie\/#breadcrumb"},"inLanguage":"fr-FR","potentialAction":[{"@type":"ReadAction","target":["https:\/\/hubsch-interior.com\/fr\/politique-de-cookie\/"]}]},{"@type":"BreadcrumbList","@id":"https:\/\/hubsch-interior.com\/fr\/politique-de-cookie\/#breadcrumb","itemListElement":[{"@type":"ListItem","position":1,"name":"Page d'accueil","item":"https:\/\/hubsch-interior.com\/fr\/"},{"@type":"ListItem","position":2,"name":"Politique de cookie"}]},{"@type":"WebSite","@id":"https:\/\/hubsch-interior.com\/fr\/#website","url":"https:\/\/hubsch-interior.com\/fr\/","name":"H\u00fcbsch","description":"Danish Home Interior and Design","publisher":{"@id":"https:\/\/hubsch-interior.com\/fr\/#organization"},"potentialAction":[{"@type":"SearchAction","target":{"@type":"EntryPoint","urlTemplate":"https:\/\/hubsch-interior.com\/fr\/?s={search_term_string}"},"query-input":{"@type":"PropertyValueSpecification","valueRequired":true,"valueName":"search_term_string"}}],"inLanguage":"fr-FR"},{"@type":"Organization","@id":"https:\/\/hubsch-interior.com\/fr\/#organization","name":"H\u00fcbsch","url":"https:\/\/hubsch-interior.com\/fr\/","logo":{"@type":"ImageObject","inLanguage":"fr-FR","@id":"https:\/\/hubsch-interior.com\/fr\/#\/schema\/logo\/image\/","url":"https:\/\/hubsch-interior.com\/wp-content\/uploads\/2022\/12\/Hubsch_logo_black_one_line.svg","contentUrl":"https:\/\/hubsch-interior.com\/wp-content\/uploads\/2022\/12\/Hubsch_logo_black_one_line.svg","caption":"H\u00fcbsch"},"image":{"@id":"https:\/\/hubsch-interior.com\/fr\/#\/schema\/logo\/image\/"}}]}},"_links":{"self":[{"href":"https:\/\/hubsch-interior.com\/fr\/wp-json\/wp\/v2\/pages\/92252","targetHints":{"allow":["GET"]}}],"collection":[{"href":"https:\/\/hubsch-interior.com\/fr\/wp-json\/wp\/v2\/pages"}],"about":[{"href":"https:\/\/hubsch-interior.com\/fr\/wp-json\/wp\/v2\/types\/page"}],"author":[{"embeddable":true,"href":"https:\/\/hubsch-interior.com\/fr\/wp-json\/wp\/v2\/users\/2"}],"replies":[{"embeddable":true,"href":"https:\/\/hubsch-interior.com\/fr\/wp-json\/wp\/v2\/comments?post=92252"}],"version-history":[{"count":1,"href":"https:\/\/hubsch-interior.com\/fr\/wp-json\/wp\/v2\/pages\/92252\/revisions"}],"predecessor-version":[{"id":887491,"href":"https:\/\/hubsch-interior.com\/fr\/wp-json\/wp\/v2\/pages\/92252\/revisions\/887491"}],"wp:attachment":[{"href":"https:\/\/hubsch-interior.com\/fr\/wp-json\/wp\/v2\/media?parent=92252"}],"curies":[{"name":"wp","href":"https:\/\/api.w.org\/{rel}","templated":true}]}}