{"id":1003265,"date":"2024-12-02T16:32:15","date_gmt":"2024-12-02T15:32:15","guid":{"rendered":"https:\/\/hubsch-interior.com\/product\/product\/"},"modified":"2026-04-09T05:04:44","modified_gmt":"2026-04-09T03:04:44","slug":"ido-lampadaire-gris-clair","status":"publish","type":"product","link":"https:\/\/hubsch-interior.com\/fr\/produit\/ido-lampadaire-gris-clair\/","title":{"rendered":"Ido Lampadaire Gris clair"},"content":{"rendered":"<p>D\u00e9couvrez l&#8217;Ido Lampadaire, une fusion captivante de chic industriel et de fonctionnalit\u00e9 astucieuse. Con\u00e7u en m\u00e9tal robuste et en verre \u00e9l\u00e9gant dans un apaisant gris clair, ce lampadaire est sans aucun doute un choix amusant pour tout int\u00e9rieur. Ses roues solides glissent sans effort sur votre sol, vous permettant de diriger la lumi\u00e8re exactement o\u00f9 vous le souhaitez, que ce soit \u00e0 c\u00f4t\u00e9 de votre confortable fauteuil de lecture ou au-dessus d&#8217;un espace de travail anim\u00e9. Son look industriel et son expression inattendue font de l&#8217;Ido Lampadaire une pi\u00e8ce phare dans n&#8217;importe quelle pi\u00e8ce.<\/p>\n","protected":false},"excerpt":{"rendered":"<p>D\u00e9couvrez l&#8217;Ido Lampadaire, une fusion captivante de chic industriel et de fonctionnalit\u00e9 astucieuse. Con\u00e7u en m\u00e9tal robuste et en verre \u00e9l\u00e9gant dans un apaisant gris clair, ce lampadaire est sans aucun doute un choix amusant pour tout int\u00e9rieur. Ses roues solides glissent sans effort sur votre sol, vous permettant de diriger la lumi\u00e8re exactement o\u00f9 [&hellip;]<\/p>\n","protected":false},"featured_media":1107295,"template":"","meta":{"_acf_changed":false,"inline_featured_image":false},"product_brand":[],"product_cat":[6997,3810,3496],"product_tag":[],"class_list":{"0":"post-1003265","1":"product","2":"type-product","3":"status-publish","4":"has-post-thumbnail","6":"product_cat-the-buzz-fr","7":"product_cat-luminaires","8":"product_cat-lampadaires-fr","9":"product_shipping_class-pk","11":"pa_color-gris-clair-2","12":"pa_material-fer-fr","13":"pa_material-verre-fr","15":"first","16":"instock","17":"taxable","18":"shipping-taxable","19":"purchasable","20":"product-type-simple"},"exclude_global_add_ons":[],"addons":[],"acf":[],"yoast_head":"<!-- This site is optimized with the Yoast SEO plugin v26.4 - https:\/\/yoast.com\/wordpress\/plugins\/seo\/ -->\n<title>Ido Lampadaire Gris clair - H\u00fcbsch<\/title>\n<meta name=\"description\" content=\"D\u00e9couvrez l&#039;Ido Lampadaire, une fusion captivante de chic industriel et de fonctionnalit\u00e9 astucieuse. Con\u00e7u en m\u00e9tal robuste et en verre \u00e9l\u00e9gant dans un\" \/>\n<meta name=\"robots\" content=\"index, follow, max-snippet:-1, max-image-preview:large, max-video-preview:-1\" \/>\n<link rel=\"canonical\" href=\"https:\/\/hubsch-interior.com\/fr\/wp-json\/wp\/v2\/product\/1003265\" \/>\n<meta property=\"og:locale\" content=\"fr_FR\" \/>\n<meta property=\"og:type\" content=\"article\" \/>\n<meta property=\"og:title\" content=\"Ido Lampadaire Gris clair - H\u00fcbsch\" \/>\n<meta property=\"og:description\" content=\"D\u00e9couvrez l&#039;Ido Lampadaire, une fusion captivante de chic industriel et de fonctionnalit\u00e9 astucieuse. Con\u00e7u en m\u00e9tal robuste et en verre \u00e9l\u00e9gant dans un\" \/>\n<meta property=\"og:url\" content=\"https:\/\/hubsch-interior.com\/fr\/produit\/ido-lampadaire-gris-clair\/\" \/>\n<meta property=\"og:site_name\" content=\"H\u00fcbsch\" \/>\n<meta property=\"article:modified_time\" content=\"2026-04-09T03:04:44+00:00\" \/>\n<meta property=\"og:image\" content=\"https:\/\/hubsch-interior.com\/wp-content\/uploads\/2024\/12\/ido-floor-lamp-light-grey-0c67218c73bc2e081274d84a6c651a0a.jpg\" \/>\n\t<meta property=\"og:image:width\" content=\"1200\" \/>\n\t<meta property=\"og:image:height\" content=\"1200\" \/>\n\t<meta property=\"og:image:type\" content=\"image\/jpeg\" \/>\n<meta name=\"twitter:card\" content=\"summary_large_image\" \/>\n<meta name=\"twitter:label1\" content=\"Dur\u00e9e de lecture estim\u00e9e\" \/>\n\t<meta name=\"twitter:data1\" content=\"1 minute\" \/>\n<script type=\"application\/ld+json\" class=\"yoast-schema-graph\">{\"@context\":\"https:\/\/schema.org\",\"@graph\":[{\"@type\":\"WebPage\",\"@id\":\"https:\/\/hubsch-interior.com\/fr\/produit\/ido-lampadaire-gris-clair\/\",\"url\":\"https:\/\/hubsch-interior.com\/fr\/produit\/ido-lampadaire-gris-clair\/\",\"name\":\"Ido Lampadaire Gris clair - H\u00fcbsch\",\"isPartOf\":{\"@id\":\"https:\/\/hubsch-interior.com\/fr\/#website\"},\"primaryImageOfPage\":{\"@id\":\"https:\/\/hubsch-interior.com\/fr\/produit\/ido-lampadaire-gris-clair\/#primaryimage\"},\"image\":{\"@id\":\"https:\/\/hubsch-interior.com\/fr\/produit\/ido-lampadaire-gris-clair\/#primaryimage\"},\"thumbnailUrl\":\"https:\/\/hubsch-interior.com\/wp-content\/uploads\/2026\/02\/ido-floor-lamp-light-grey-e51d2891fbf4c39a45d09ff67990f633.jpg\",\"datePublished\":\"2024-12-02T15:32:15+00:00\",\"dateModified\":\"2026-04-09T03:04:44+00:00\",\"description\":\"D\u00e9couvrez l'Ido Lampadaire, une fusion captivante de chic industriel et de fonctionnalit\u00e9 astucieuse. Con\u00e7u en m\u00e9tal robuste et en verre \u00e9l\u00e9gant dans un\",\"breadcrumb\":{\"@id\":\"https:\/\/hubsch-interior.com\/fr\/produit\/ido-lampadaire-gris-clair\/#breadcrumb\"},\"inLanguage\":\"fr-FR\",\"potentialAction\":[{\"@type\":\"ReadAction\",\"target\":[\"https:\/\/hubsch-interior.com\/fr\/produit\/ido-lampadaire-gris-clair\/\"]}]},{\"@type\":\"ImageObject\",\"inLanguage\":\"fr-FR\",\"@id\":\"https:\/\/hubsch-interior.com\/fr\/produit\/ido-lampadaire-gris-clair\/#primaryimage\",\"url\":\"https:\/\/hubsch-interior.com\/wp-content\/uploads\/2026\/02\/ido-floor-lamp-light-grey-e51d2891fbf4c39a45d09ff67990f633.jpg\",\"contentUrl\":\"https:\/\/hubsch-interior.com\/wp-content\/uploads\/2026\/02\/ido-floor-lamp-light-grey-e51d2891fbf4c39a45d09ff67990f633.jpg\",\"width\":1024,\"height\":1024},{\"@type\":\"BreadcrumbList\",\"@id\":\"https:\/\/hubsch-interior.com\/fr\/produit\/ido-lampadaire-gris-clair\/#breadcrumb\",\"itemListElement\":[{\"@type\":\"ListItem\",\"position\":1,\"name\":\"Page d'accueil\",\"item\":\"https:\/\/hubsch-interior.com\/fr\/\"},{\"@type\":\"ListItem\",\"position\":2,\"name\":\"Produits\",\"item\":\"https:\/\/hubsch-interior.com\/fr\/shop-2\/\"},{\"@type\":\"ListItem\",\"position\":3,\"name\":\"Luminaires\",\"item\":\"https:\/\/hubsch-interior.com\/fr\/categorie-produit\/luminaires\/\"},{\"@type\":\"ListItem\",\"position\":4,\"name\":\"Lampadaires\",\"item\":\"https:\/\/hubsch-interior.com\/fr\/categorie-produit\/luminaires\/lampadaires-fr\/\"},{\"@type\":\"ListItem\",\"position\":5,\"name\":\"Ido Lampadaire Gris clair\"}]},{\"@type\":\"WebSite\",\"@id\":\"https:\/\/hubsch-interior.com\/fr\/#website\",\"url\":\"https:\/\/hubsch-interior.com\/fr\/\",\"name\":\"H\u00fcbsch\",\"description\":\"Danish Home Interior and Design\",\"publisher\":{\"@id\":\"https:\/\/hubsch-interior.com\/fr\/#organization\"},\"potentialAction\":[{\"@type\":\"SearchAction\",\"target\":{\"@type\":\"EntryPoint\",\"urlTemplate\":\"https:\/\/hubsch-interior.com\/fr\/?s={search_term_string}\"},\"query-input\":{\"@type\":\"PropertyValueSpecification\",\"valueRequired\":true,\"valueName\":\"search_term_string\"}}],\"inLanguage\":\"fr-FR\"},{\"@type\":\"Organization\",\"@id\":\"https:\/\/hubsch-interior.com\/fr\/#organization\",\"name\":\"H\u00fcbsch\",\"url\":\"https:\/\/hubsch-interior.com\/fr\/\",\"logo\":{\"@type\":\"ImageObject\",\"inLanguage\":\"fr-FR\",\"@id\":\"https:\/\/hubsch-interior.com\/fr\/#\/schema\/logo\/image\/\",\"url\":\"https:\/\/hubsch-interior.com\/wp-content\/uploads\/2022\/12\/Hubsch_logo_black_one_line.svg\",\"contentUrl\":\"https:\/\/hubsch-interior.com\/wp-content\/uploads\/2022\/12\/Hubsch_logo_black_one_line.svg\",\"caption\":\"H\u00fcbsch\"},\"image\":{\"@id\":\"https:\/\/hubsch-interior.com\/fr\/#\/schema\/logo\/image\/\"}}]}<\/script>\n<!-- \/ Yoast SEO plugin. -->","yoast_head_json":{"title":"Ido Lampadaire Gris clair - H\u00fcbsch","description":"D\u00e9couvrez l'Ido Lampadaire, une fusion captivante de chic industriel et de fonctionnalit\u00e9 astucieuse. Con\u00e7u en m\u00e9tal robuste et en verre \u00e9l\u00e9gant dans un","robots":{"index":"index","follow":"follow","max-snippet":"max-snippet:-1","max-image-preview":"max-image-preview:large","max-video-preview":"max-video-preview:-1"},"canonical":"https:\/\/hubsch-interior.com\/fr\/wp-json\/wp\/v2\/product\/1003265","og_locale":"fr_FR","og_type":"article","og_title":"Ido Lampadaire Gris clair - H\u00fcbsch","og_description":"D\u00e9couvrez l'Ido Lampadaire, une fusion captivante de chic industriel et de fonctionnalit\u00e9 astucieuse. Con\u00e7u en m\u00e9tal robuste et en verre \u00e9l\u00e9gant dans un","og_url":"https:\/\/hubsch-interior.com\/fr\/produit\/ido-lampadaire-gris-clair\/","og_site_name":"H\u00fcbsch","article_modified_time":"2026-04-09T03:04:44+00:00","og_image":[{"width":1200,"height":1200,"url":"https:\/\/hubsch-interior.com\/wp-content\/uploads\/2024\/12\/ido-floor-lamp-light-grey-0c67218c73bc2e081274d84a6c651a0a.jpg","type":"image\/jpeg"}],"twitter_card":"summary_large_image","twitter_misc":{"Dur\u00e9e de lecture estim\u00e9e":"1 minute"},"schema":{"@context":"https:\/\/schema.org","@graph":[{"@type":"WebPage","@id":"https:\/\/hubsch-interior.com\/fr\/produit\/ido-lampadaire-gris-clair\/","url":"https:\/\/hubsch-interior.com\/fr\/produit\/ido-lampadaire-gris-clair\/","name":"Ido Lampadaire Gris clair - H\u00fcbsch","isPartOf":{"@id":"https:\/\/hubsch-interior.com\/fr\/#website"},"primaryImageOfPage":{"@id":"https:\/\/hubsch-interior.com\/fr\/produit\/ido-lampadaire-gris-clair\/#primaryimage"},"image":{"@id":"https:\/\/hubsch-interior.com\/fr\/produit\/ido-lampadaire-gris-clair\/#primaryimage"},"thumbnailUrl":"https:\/\/hubsch-interior.com\/wp-content\/uploads\/2026\/02\/ido-floor-lamp-light-grey-e51d2891fbf4c39a45d09ff67990f633.jpg","datePublished":"2024-12-02T15:32:15+00:00","dateModified":"2026-04-09T03:04:44+00:00","description":"D\u00e9couvrez l'Ido Lampadaire, une fusion captivante de chic industriel et de fonctionnalit\u00e9 astucieuse. Con\u00e7u en m\u00e9tal robuste et en verre \u00e9l\u00e9gant dans un","breadcrumb":{"@id":"https:\/\/hubsch-interior.com\/fr\/produit\/ido-lampadaire-gris-clair\/#breadcrumb"},"inLanguage":"fr-FR","potentialAction":[{"@type":"ReadAction","target":["https:\/\/hubsch-interior.com\/fr\/produit\/ido-lampadaire-gris-clair\/"]}]},{"@type":"ImageObject","inLanguage":"fr-FR","@id":"https:\/\/hubsch-interior.com\/fr\/produit\/ido-lampadaire-gris-clair\/#primaryimage","url":"https:\/\/hubsch-interior.com\/wp-content\/uploads\/2026\/02\/ido-floor-lamp-light-grey-e51d2891fbf4c39a45d09ff67990f633.jpg","contentUrl":"https:\/\/hubsch-interior.com\/wp-content\/uploads\/2026\/02\/ido-floor-lamp-light-grey-e51d2891fbf4c39a45d09ff67990f633.jpg","width":1024,"height":1024},{"@type":"BreadcrumbList","@id":"https:\/\/hubsch-interior.com\/fr\/produit\/ido-lampadaire-gris-clair\/#breadcrumb","itemListElement":[{"@type":"ListItem","position":1,"name":"Page d'accueil","item":"https:\/\/hubsch-interior.com\/fr\/"},{"@type":"ListItem","position":2,"name":"Produits","item":"https:\/\/hubsch-interior.com\/fr\/shop-2\/"},{"@type":"ListItem","position":3,"name":"Luminaires","item":"https:\/\/hubsch-interior.com\/fr\/categorie-produit\/luminaires\/"},{"@type":"ListItem","position":4,"name":"Lampadaires","item":"https:\/\/hubsch-interior.com\/fr\/categorie-produit\/luminaires\/lampadaires-fr\/"},{"@type":"ListItem","position":5,"name":"Ido Lampadaire Gris clair"}]},{"@type":"WebSite","@id":"https:\/\/hubsch-interior.com\/fr\/#website","url":"https:\/\/hubsch-interior.com\/fr\/","name":"H\u00fcbsch","description":"Danish Home Interior and Design","publisher":{"@id":"https:\/\/hubsch-interior.com\/fr\/#organization"},"potentialAction":[{"@type":"SearchAction","target":{"@type":"EntryPoint","urlTemplate":"https:\/\/hubsch-interior.com\/fr\/?s={search_term_string}"},"query-input":{"@type":"PropertyValueSpecification","valueRequired":true,"valueName":"search_term_string"}}],"inLanguage":"fr-FR"},{"@type":"Organization","@id":"https:\/\/hubsch-interior.com\/fr\/#organization","name":"H\u00fcbsch","url":"https:\/\/hubsch-interior.com\/fr\/","logo":{"@type":"ImageObject","inLanguage":"fr-FR","@id":"https:\/\/hubsch-interior.com\/fr\/#\/schema\/logo\/image\/","url":"https:\/\/hubsch-interior.com\/wp-content\/uploads\/2022\/12\/Hubsch_logo_black_one_line.svg","contentUrl":"https:\/\/hubsch-interior.com\/wp-content\/uploads\/2022\/12\/Hubsch_logo_black_one_line.svg","caption":"H\u00fcbsch"},"image":{"@id":"https:\/\/hubsch-interior.com\/fr\/#\/schema\/logo\/image\/"}}]}},"_links":{"self":[{"href":"https:\/\/hubsch-interior.com\/fr\/wp-json\/wp\/v2\/product\/1003265","targetHints":{"allow":["GET"]}}],"collection":[{"href":"https:\/\/hubsch-interior.com\/fr\/wp-json\/wp\/v2\/product"}],"about":[{"href":"https:\/\/hubsch-interior.com\/fr\/wp-json\/wp\/v2\/types\/product"}],"wp:featuredmedia":[{"embeddable":true,"href":"https:\/\/hubsch-interior.com\/fr\/wp-json\/wp\/v2\/media\/1107295"}],"wp:attachment":[{"href":"https:\/\/hubsch-interior.com\/fr\/wp-json\/wp\/v2\/media?parent=1003265"}],"wp:term":[{"taxonomy":"product_brand","embeddable":true,"href":"https:\/\/hubsch-interior.com\/fr\/wp-json\/wp\/v2\/product_brand?post=1003265"},{"taxonomy":"product_cat","embeddable":true,"href":"https:\/\/hubsch-interior.com\/fr\/wp-json\/wp\/v2\/product_cat?post=1003265"},{"taxonomy":"product_tag","embeddable":true,"href":"https:\/\/hubsch-interior.com\/fr\/wp-json\/wp\/v2\/product_tag?post=1003265"}],"curies":[{"name":"wp","href":"https:\/\/api.w.org\/{rel}","templated":true}]}}