{"id":1003305,"date":"2024-12-02T16:33:21","date_gmt":"2024-12-02T15:33:21","guid":{"rendered":"https:\/\/hubsch-interior.com\/product\/product\/"},"modified":"2026-04-08T05:05:14","modified_gmt":"2026-04-08T03:05:14","slug":"soothe-lampe-de-table-gris-clair","status":"publish","type":"product","link":"https:\/\/hubsch-interior.com\/fr\/produit\/soothe-lampe-de-table-gris-clair\/","title":{"rendered":"Soothe Lampe de table Gris clair"},"content":{"rendered":"<p>Pr\u00e9sentation de la Soothe Lampe de table, un ajout fantaisiste \u00e0 votre petit coin douillet. Fabriqu\u00e9e en m\u00e9tal et en polycarbonate, cette lampe de table graphique est disponible en gris clair, \u00e9voquant l&#8217;esprit joyeux des jeux d&#8217;enfance. Sa forme rappelant les dessins anim\u00e9s ajoute un \u00e9l\u00e9ment sculptural, transformant la lumi\u00e8re en une forme d&#8217;art. Parfaite pour cr\u00e9er une ambiance, la fonction dimmable vous permet d&#8217;ajuster la luminosit\u00e9 selon vos pr\u00e9f\u00e9rences, faisant de chaque coin un havre de d\u00e9lice nostalgique.<\/p>\n","protected":false},"excerpt":{"rendered":"<p>Pr\u00e9sentation de la Soothe Lampe de table, un ajout fantaisiste \u00e0 votre petit coin douillet. Fabriqu\u00e9e en m\u00e9tal et en polycarbonate, cette lampe de table graphique est disponible en gris clair, \u00e9voquant l&#8217;esprit joyeux des jeux d&#8217;enfance. Sa forme rappelant les dessins anim\u00e9s ajoute un \u00e9l\u00e9ment sculptural, transformant la lumi\u00e8re en une forme d&#8217;art. Parfaite [&hellip;]<\/p>\n","protected":false},"featured_media":1107555,"template":"","meta":{"_acf_changed":false,"inline_featured_image":false},"product_brand":[],"product_cat":[6997,3810,3500,5026],"product_tag":[],"class_list":{"0":"post-1003305","1":"product","2":"type-product","3":"status-publish","4":"has-post-thumbnail","6":"product_cat-the-buzz-fr","7":"product_cat-luminaires","8":"product_cat-lampes-a-poser-fr","9":"product_cat-bestsellers-fr","10":"product_shipping_class-pk","11":"pa_color-gris-clair-2","12":"pa_material-fer-fr","13":"pa_material-polycarbonate-2","15":"first","16":"instock","17":"featured","18":"taxable","19":"shipping-taxable","20":"purchasable","21":"product-type-simple"},"exclude_global_add_ons":[],"addons":[],"acf":[],"yoast_head":"<!-- This site is optimized with the Yoast SEO plugin v26.4 - https:\/\/yoast.com\/wordpress\/plugins\/seo\/ -->\n<title>Soothe Lampe de table Gris clair - H\u00fcbsch<\/title>\n<meta name=\"description\" content=\"Pr\u00e9sentation de la Soothe Lampe de table, un ajout fantaisiste \u00e0 votre petit coin douillet. Fabriqu\u00e9e en m\u00e9tal et en polycarbonate, cette lampe de table\" \/>\n<meta name=\"robots\" content=\"index, follow, max-snippet:-1, max-image-preview:large, max-video-preview:-1\" \/>\n<link rel=\"canonical\" href=\"https:\/\/hubsch-interior.com\/fr\/wp-json\/wp\/v2\/product\/1003305\" \/>\n<meta property=\"og:locale\" content=\"fr_FR\" \/>\n<meta property=\"og:type\" content=\"article\" \/>\n<meta property=\"og:title\" content=\"Soothe Lampe de table Gris clair - H\u00fcbsch\" \/>\n<meta property=\"og:description\" content=\"Pr\u00e9sentation de la Soothe Lampe de table, un ajout fantaisiste \u00e0 votre petit coin douillet. Fabriqu\u00e9e en m\u00e9tal et en polycarbonate, cette lampe de table\" \/>\n<meta property=\"og:url\" content=\"https:\/\/hubsch-interior.com\/fr\/produit\/soothe-lampe-de-table-gris-clair\/\" \/>\n<meta property=\"og:site_name\" content=\"H\u00fcbsch\" \/>\n<meta property=\"article:modified_time\" content=\"2026-04-08T03:05:14+00:00\" \/>\n<meta property=\"og:image\" content=\"https:\/\/hubsch-interior.com\/wp-content\/uploads\/2025\/03\/soothe-table-lamp-light-grey-524cf0a31f3d406e0819f9cb135f2069.jpg\" \/>\n\t<meta property=\"og:image:width\" content=\"1200\" \/>\n\t<meta property=\"og:image:height\" content=\"1200\" \/>\n\t<meta property=\"og:image:type\" content=\"image\/jpeg\" \/>\n<meta name=\"twitter:card\" content=\"summary_large_image\" \/>\n<script type=\"application\/ld+json\" class=\"yoast-schema-graph\">{\"@context\":\"https:\/\/schema.org\",\"@graph\":[{\"@type\":\"WebPage\",\"@id\":\"https:\/\/hubsch-interior.com\/fr\/produit\/soothe-lampe-de-table-gris-clair\/\",\"url\":\"https:\/\/hubsch-interior.com\/fr\/produit\/soothe-lampe-de-table-gris-clair\/\",\"name\":\"Soothe Lampe de table Gris clair - H\u00fcbsch\",\"isPartOf\":{\"@id\":\"https:\/\/hubsch-interior.com\/fr\/#website\"},\"primaryImageOfPage\":{\"@id\":\"https:\/\/hubsch-interior.com\/fr\/produit\/soothe-lampe-de-table-gris-clair\/#primaryimage\"},\"image\":{\"@id\":\"https:\/\/hubsch-interior.com\/fr\/produit\/soothe-lampe-de-table-gris-clair\/#primaryimage\"},\"thumbnailUrl\":\"https:\/\/hubsch-interior.com\/wp-content\/uploads\/2026\/02\/soothe-table-lamp-light-grey-6882f374915f26e1dbb026f1af38cfd9.jpg\",\"datePublished\":\"2024-12-02T15:33:21+00:00\",\"dateModified\":\"2026-04-08T03:05:14+00:00\",\"description\":\"Pr\u00e9sentation de la Soothe Lampe de table, un ajout fantaisiste \u00e0 votre petit coin douillet. Fabriqu\u00e9e en m\u00e9tal et en polycarbonate, cette lampe de table\",\"breadcrumb\":{\"@id\":\"https:\/\/hubsch-interior.com\/fr\/produit\/soothe-lampe-de-table-gris-clair\/#breadcrumb\"},\"inLanguage\":\"fr-FR\",\"potentialAction\":[{\"@type\":\"ReadAction\",\"target\":[\"https:\/\/hubsch-interior.com\/fr\/produit\/soothe-lampe-de-table-gris-clair\/\"]}]},{\"@type\":\"ImageObject\",\"inLanguage\":\"fr-FR\",\"@id\":\"https:\/\/hubsch-interior.com\/fr\/produit\/soothe-lampe-de-table-gris-clair\/#primaryimage\",\"url\":\"https:\/\/hubsch-interior.com\/wp-content\/uploads\/2026\/02\/soothe-table-lamp-light-grey-6882f374915f26e1dbb026f1af38cfd9.jpg\",\"contentUrl\":\"https:\/\/hubsch-interior.com\/wp-content\/uploads\/2026\/02\/soothe-table-lamp-light-grey-6882f374915f26e1dbb026f1af38cfd9.jpg\",\"width\":1024,\"height\":1024},{\"@type\":\"BreadcrumbList\",\"@id\":\"https:\/\/hubsch-interior.com\/fr\/produit\/soothe-lampe-de-table-gris-clair\/#breadcrumb\",\"itemListElement\":[{\"@type\":\"ListItem\",\"position\":1,\"name\":\"Page d'accueil\",\"item\":\"https:\/\/hubsch-interior.com\/fr\/\"},{\"@type\":\"ListItem\",\"position\":2,\"name\":\"Produits\",\"item\":\"https:\/\/hubsch-interior.com\/fr\/shop-2\/\"},{\"@type\":\"ListItem\",\"position\":3,\"name\":\"Luminaires\",\"item\":\"https:\/\/hubsch-interior.com\/fr\/categorie-produit\/luminaires\/\"},{\"@type\":\"ListItem\",\"position\":4,\"name\":\"Lampes &agrave; poser\",\"item\":\"https:\/\/hubsch-interior.com\/fr\/categorie-produit\/luminaires\/lampes-a-poser-fr\/\"},{\"@type\":\"ListItem\",\"position\":5,\"name\":\"Soothe Lampe de table Gris clair\"}]},{\"@type\":\"WebSite\",\"@id\":\"https:\/\/hubsch-interior.com\/fr\/#website\",\"url\":\"https:\/\/hubsch-interior.com\/fr\/\",\"name\":\"H\u00fcbsch\",\"description\":\"Danish Home Interior and Design\",\"publisher\":{\"@id\":\"https:\/\/hubsch-interior.com\/fr\/#organization\"},\"potentialAction\":[{\"@type\":\"SearchAction\",\"target\":{\"@type\":\"EntryPoint\",\"urlTemplate\":\"https:\/\/hubsch-interior.com\/fr\/?s={search_term_string}\"},\"query-input\":{\"@type\":\"PropertyValueSpecification\",\"valueRequired\":true,\"valueName\":\"search_term_string\"}}],\"inLanguage\":\"fr-FR\"},{\"@type\":\"Organization\",\"@id\":\"https:\/\/hubsch-interior.com\/fr\/#organization\",\"name\":\"H\u00fcbsch\",\"url\":\"https:\/\/hubsch-interior.com\/fr\/\",\"logo\":{\"@type\":\"ImageObject\",\"inLanguage\":\"fr-FR\",\"@id\":\"https:\/\/hubsch-interior.com\/fr\/#\/schema\/logo\/image\/\",\"url\":\"https:\/\/hubsch-interior.com\/wp-content\/uploads\/2022\/12\/Hubsch_logo_black_one_line.svg\",\"contentUrl\":\"https:\/\/hubsch-interior.com\/wp-content\/uploads\/2022\/12\/Hubsch_logo_black_one_line.svg\",\"caption\":\"H\u00fcbsch\"},\"image\":{\"@id\":\"https:\/\/hubsch-interior.com\/fr\/#\/schema\/logo\/image\/\"}}]}<\/script>\n<!-- \/ Yoast SEO plugin. -->","yoast_head_json":{"title":"Soothe Lampe de table Gris clair - H\u00fcbsch","description":"Pr\u00e9sentation de la Soothe Lampe de table, un ajout fantaisiste \u00e0 votre petit coin douillet. Fabriqu\u00e9e en m\u00e9tal et en polycarbonate, cette lampe de table","robots":{"index":"index","follow":"follow","max-snippet":"max-snippet:-1","max-image-preview":"max-image-preview:large","max-video-preview":"max-video-preview:-1"},"canonical":"https:\/\/hubsch-interior.com\/fr\/wp-json\/wp\/v2\/product\/1003305","og_locale":"fr_FR","og_type":"article","og_title":"Soothe Lampe de table Gris clair - H\u00fcbsch","og_description":"Pr\u00e9sentation de la Soothe Lampe de table, un ajout fantaisiste \u00e0 votre petit coin douillet. Fabriqu\u00e9e en m\u00e9tal et en polycarbonate, cette lampe de table","og_url":"https:\/\/hubsch-interior.com\/fr\/produit\/soothe-lampe-de-table-gris-clair\/","og_site_name":"H\u00fcbsch","article_modified_time":"2026-04-08T03:05:14+00:00","og_image":[{"width":1200,"height":1200,"url":"https:\/\/hubsch-interior.com\/wp-content\/uploads\/2025\/03\/soothe-table-lamp-light-grey-524cf0a31f3d406e0819f9cb135f2069.jpg","type":"image\/jpeg"}],"twitter_card":"summary_large_image","schema":{"@context":"https:\/\/schema.org","@graph":[{"@type":"WebPage","@id":"https:\/\/hubsch-interior.com\/fr\/produit\/soothe-lampe-de-table-gris-clair\/","url":"https:\/\/hubsch-interior.com\/fr\/produit\/soothe-lampe-de-table-gris-clair\/","name":"Soothe Lampe de table Gris clair - H\u00fcbsch","isPartOf":{"@id":"https:\/\/hubsch-interior.com\/fr\/#website"},"primaryImageOfPage":{"@id":"https:\/\/hubsch-interior.com\/fr\/produit\/soothe-lampe-de-table-gris-clair\/#primaryimage"},"image":{"@id":"https:\/\/hubsch-interior.com\/fr\/produit\/soothe-lampe-de-table-gris-clair\/#primaryimage"},"thumbnailUrl":"https:\/\/hubsch-interior.com\/wp-content\/uploads\/2026\/02\/soothe-table-lamp-light-grey-6882f374915f26e1dbb026f1af38cfd9.jpg","datePublished":"2024-12-02T15:33:21+00:00","dateModified":"2026-04-08T03:05:14+00:00","description":"Pr\u00e9sentation de la Soothe Lampe de table, un ajout fantaisiste \u00e0 votre petit coin douillet. Fabriqu\u00e9e en m\u00e9tal et en polycarbonate, cette lampe de table","breadcrumb":{"@id":"https:\/\/hubsch-interior.com\/fr\/produit\/soothe-lampe-de-table-gris-clair\/#breadcrumb"},"inLanguage":"fr-FR","potentialAction":[{"@type":"ReadAction","target":["https:\/\/hubsch-interior.com\/fr\/produit\/soothe-lampe-de-table-gris-clair\/"]}]},{"@type":"ImageObject","inLanguage":"fr-FR","@id":"https:\/\/hubsch-interior.com\/fr\/produit\/soothe-lampe-de-table-gris-clair\/#primaryimage","url":"https:\/\/hubsch-interior.com\/wp-content\/uploads\/2026\/02\/soothe-table-lamp-light-grey-6882f374915f26e1dbb026f1af38cfd9.jpg","contentUrl":"https:\/\/hubsch-interior.com\/wp-content\/uploads\/2026\/02\/soothe-table-lamp-light-grey-6882f374915f26e1dbb026f1af38cfd9.jpg","width":1024,"height":1024},{"@type":"BreadcrumbList","@id":"https:\/\/hubsch-interior.com\/fr\/produit\/soothe-lampe-de-table-gris-clair\/#breadcrumb","itemListElement":[{"@type":"ListItem","position":1,"name":"Page d'accueil","item":"https:\/\/hubsch-interior.com\/fr\/"},{"@type":"ListItem","position":2,"name":"Produits","item":"https:\/\/hubsch-interior.com\/fr\/shop-2\/"},{"@type":"ListItem","position":3,"name":"Luminaires","item":"https:\/\/hubsch-interior.com\/fr\/categorie-produit\/luminaires\/"},{"@type":"ListItem","position":4,"name":"Lampes &agrave; poser","item":"https:\/\/hubsch-interior.com\/fr\/categorie-produit\/luminaires\/lampes-a-poser-fr\/"},{"@type":"ListItem","position":5,"name":"Soothe Lampe de table Gris clair"}]},{"@type":"WebSite","@id":"https:\/\/hubsch-interior.com\/fr\/#website","url":"https:\/\/hubsch-interior.com\/fr\/","name":"H\u00fcbsch","description":"Danish Home Interior and Design","publisher":{"@id":"https:\/\/hubsch-interior.com\/fr\/#organization"},"potentialAction":[{"@type":"SearchAction","target":{"@type":"EntryPoint","urlTemplate":"https:\/\/hubsch-interior.com\/fr\/?s={search_term_string}"},"query-input":{"@type":"PropertyValueSpecification","valueRequired":true,"valueName":"search_term_string"}}],"inLanguage":"fr-FR"},{"@type":"Organization","@id":"https:\/\/hubsch-interior.com\/fr\/#organization","name":"H\u00fcbsch","url":"https:\/\/hubsch-interior.com\/fr\/","logo":{"@type":"ImageObject","inLanguage":"fr-FR","@id":"https:\/\/hubsch-interior.com\/fr\/#\/schema\/logo\/image\/","url":"https:\/\/hubsch-interior.com\/wp-content\/uploads\/2022\/12\/Hubsch_logo_black_one_line.svg","contentUrl":"https:\/\/hubsch-interior.com\/wp-content\/uploads\/2022\/12\/Hubsch_logo_black_one_line.svg","caption":"H\u00fcbsch"},"image":{"@id":"https:\/\/hubsch-interior.com\/fr\/#\/schema\/logo\/image\/"}}]}},"_links":{"self":[{"href":"https:\/\/hubsch-interior.com\/fr\/wp-json\/wp\/v2\/product\/1003305","targetHints":{"allow":["GET"]}}],"collection":[{"href":"https:\/\/hubsch-interior.com\/fr\/wp-json\/wp\/v2\/product"}],"about":[{"href":"https:\/\/hubsch-interior.com\/fr\/wp-json\/wp\/v2\/types\/product"}],"wp:featuredmedia":[{"embeddable":true,"href":"https:\/\/hubsch-interior.com\/fr\/wp-json\/wp\/v2\/media\/1107555"}],"wp:attachment":[{"href":"https:\/\/hubsch-interior.com\/fr\/wp-json\/wp\/v2\/media?parent=1003305"}],"wp:term":[{"taxonomy":"product_brand","embeddable":true,"href":"https:\/\/hubsch-interior.com\/fr\/wp-json\/wp\/v2\/product_brand?post=1003305"},{"taxonomy":"product_cat","embeddable":true,"href":"https:\/\/hubsch-interior.com\/fr\/wp-json\/wp\/v2\/product_cat?post=1003305"},{"taxonomy":"product_tag","embeddable":true,"href":"https:\/\/hubsch-interior.com\/fr\/wp-json\/wp\/v2\/product_tag?post=1003305"}],"curies":[{"name":"wp","href":"https:\/\/api.w.org\/{rel}","templated":true}]}}