{"id":1003444,"date":"2024-12-03T14:25:28","date_gmt":"2024-12-03T13:25:28","guid":{"rendered":"https:\/\/hubsch-interior.com\/product\/product\/"},"modified":"2026-04-11T05:01:34","modified_gmt":"2026-04-11T03:01:34","slug":"luminary-pendule-bleu-vert-clair","status":"publish","type":"product","link":"https:\/\/hubsch-interior.com\/fr\/produit\/luminary-pendule-bleu-vert-clair\/","title":{"rendered":"Luminary Pendule Bleu\/Vert Clair"},"content":{"rendered":"<p>Luminary Pendule, une fusion charmante du design r\u00e9tro et moderne qui c\u00e9l\u00e8bre \u00e0 la fois l&#8217;esth\u00e9tique et la fonctionnalit\u00e9. Drap\u00e9 dans des teintes captivantes de bleu et de vert clair, ce prodige m\u00e9tallique s&#8217;adapte sans effort \u00e0 toute pi\u00e8ce, diffusant une lumi\u00e8re chaleureuse et accueillante. Choisissez de le suspendre seul pour une d\u00e9claration subtile, ou regroupez plusieurs pendules pour cr\u00e9er une symphonie visuelle impactante. La belle combinaison de couleurs assure une compl\u00e9mentarit\u00e9 harmonieuse avec votre d\u00e9coration existante, ajoutant une touche unique de charme et de caract\u00e8re \u00e0 votre espace personnel.<\/p>\n","protected":false},"excerpt":{"rendered":"<p>Luminary Pendule, une fusion charmante du design r\u00e9tro et moderne qui c\u00e9l\u00e8bre \u00e0 la fois l&#8217;esth\u00e9tique et la fonctionnalit\u00e9. Drap\u00e9 dans des teintes captivantes de bleu et de vert clair, ce prodige m\u00e9tallique s&#8217;adapte sans effort \u00e0 toute pi\u00e8ce, diffusant une lumi\u00e8re chaleureuse et accueillante. Choisissez de le suspendre seul pour une d\u00e9claration subtile, ou [&hellip;]<\/p>\n","protected":false},"featured_media":1107335,"template":"","meta":{"_acf_changed":false,"inline_featured_image":false},"product_brand":[],"product_cat":[6997,3810,4147,5026],"product_tag":[],"class_list":{"0":"post-1003444","1":"product","2":"type-product","3":"status-publish","4":"has-post-thumbnail","6":"product_cat-the-buzz-fr","7":"product_cat-luminaires","8":"product_cat-suspensions-fr","9":"product_cat-bestsellers-fr","10":"product_shipping_class-pk","12":"pa_color-bleu-2","13":"pa_color-vert-clair-2","14":"pa_material-fer-fr","16":"first","17":"instock","18":"featured","19":"taxable","20":"shipping-taxable","21":"purchasable","22":"product-type-simple"},"exclude_global_add_ons":[],"addons":[],"acf":[],"yoast_head":"<!-- This site is optimized with the Yoast SEO plugin v26.4 - https:\/\/yoast.com\/wordpress\/plugins\/seo\/ -->\n<title>Luminary Pendule Bleu\/Vert Clair - H\u00fcbsch<\/title>\n<meta name=\"description\" content=\"Luminary Pendule, une fusion charmante du design r\u00e9tro et moderne qui c\u00e9l\u00e8bre \u00e0 la fois l&#039;esth\u00e9tique et la fonctionnalit\u00e9. Drap\u00e9 dans des teintes\" \/>\n<meta name=\"robots\" content=\"index, follow, max-snippet:-1, max-image-preview:large, max-video-preview:-1\" \/>\n<link rel=\"canonical\" href=\"https:\/\/hubsch-interior.com\/fr\/wp-json\/wp\/v2\/product\/1003444\" \/>\n<meta property=\"og:locale\" content=\"fr_FR\" \/>\n<meta property=\"og:type\" content=\"article\" \/>\n<meta property=\"og:title\" content=\"Luminary Pendule Bleu\/Vert Clair - H\u00fcbsch\" \/>\n<meta property=\"og:description\" content=\"Luminary Pendule, une fusion charmante du design r\u00e9tro et moderne qui c\u00e9l\u00e8bre \u00e0 la fois l&#039;esth\u00e9tique et la fonctionnalit\u00e9. Drap\u00e9 dans des teintes\" \/>\n<meta property=\"og:url\" content=\"https:\/\/hubsch-interior.com\/fr\/produit\/luminary-pendule-bleu-vert-clair\/\" \/>\n<meta property=\"og:site_name\" content=\"H\u00fcbsch\" \/>\n<meta property=\"article:modified_time\" content=\"2026-04-11T03:01:34+00:00\" \/>\n<meta property=\"og:image\" content=\"https:\/\/hubsch-interior.com\/wp-content\/uploads\/2024\/12\/luminary-pendant-bluelight-green-00c7c7804ba64a458db5b094c59a7f9d.jpg\" \/>\n\t<meta property=\"og:image:width\" content=\"1200\" \/>\n\t<meta property=\"og:image:height\" content=\"1200\" \/>\n\t<meta property=\"og:image:type\" content=\"image\/jpeg\" \/>\n<meta name=\"twitter:card\" content=\"summary_large_image\" \/>\n<script type=\"application\/ld+json\" class=\"yoast-schema-graph\">{\"@context\":\"https:\/\/schema.org\",\"@graph\":[{\"@type\":\"WebPage\",\"@id\":\"https:\/\/hubsch-interior.com\/fr\/produit\/luminary-pendule-bleu-vert-clair\/\",\"url\":\"https:\/\/hubsch-interior.com\/fr\/produit\/luminary-pendule-bleu-vert-clair\/\",\"name\":\"Luminary Pendule Bleu\/Vert Clair - H\u00fcbsch\",\"isPartOf\":{\"@id\":\"https:\/\/hubsch-interior.com\/fr\/#website\"},\"primaryImageOfPage\":{\"@id\":\"https:\/\/hubsch-interior.com\/fr\/produit\/luminary-pendule-bleu-vert-clair\/#primaryimage\"},\"image\":{\"@id\":\"https:\/\/hubsch-interior.com\/fr\/produit\/luminary-pendule-bleu-vert-clair\/#primaryimage\"},\"thumbnailUrl\":\"https:\/\/hubsch-interior.com\/wp-content\/uploads\/2026\/02\/luminary-pendant-bluelight-green-ed77dc0ac3285d28122470a101c776a8.jpg\",\"datePublished\":\"2024-12-03T13:25:28+00:00\",\"dateModified\":\"2026-04-11T03:01:34+00:00\",\"description\":\"Luminary Pendule, une fusion charmante du design r\u00e9tro et moderne qui c\u00e9l\u00e8bre \u00e0 la fois l'esth\u00e9tique et la fonctionnalit\u00e9. Drap\u00e9 dans des teintes\",\"breadcrumb\":{\"@id\":\"https:\/\/hubsch-interior.com\/fr\/produit\/luminary-pendule-bleu-vert-clair\/#breadcrumb\"},\"inLanguage\":\"fr-FR\",\"potentialAction\":[{\"@type\":\"ReadAction\",\"target\":[\"https:\/\/hubsch-interior.com\/fr\/produit\/luminary-pendule-bleu-vert-clair\/\"]}]},{\"@type\":\"ImageObject\",\"inLanguage\":\"fr-FR\",\"@id\":\"https:\/\/hubsch-interior.com\/fr\/produit\/luminary-pendule-bleu-vert-clair\/#primaryimage\",\"url\":\"https:\/\/hubsch-interior.com\/wp-content\/uploads\/2026\/02\/luminary-pendant-bluelight-green-ed77dc0ac3285d28122470a101c776a8.jpg\",\"contentUrl\":\"https:\/\/hubsch-interior.com\/wp-content\/uploads\/2026\/02\/luminary-pendant-bluelight-green-ed77dc0ac3285d28122470a101c776a8.jpg\",\"width\":1024,\"height\":1024},{\"@type\":\"BreadcrumbList\",\"@id\":\"https:\/\/hubsch-interior.com\/fr\/produit\/luminary-pendule-bleu-vert-clair\/#breadcrumb\",\"itemListElement\":[{\"@type\":\"ListItem\",\"position\":1,\"name\":\"Page d'accueil\",\"item\":\"https:\/\/hubsch-interior.com\/fr\/\"},{\"@type\":\"ListItem\",\"position\":2,\"name\":\"Produits\",\"item\":\"https:\/\/hubsch-interior.com\/fr\/shop-2\/\"},{\"@type\":\"ListItem\",\"position\":3,\"name\":\"Luminaires\",\"item\":\"https:\/\/hubsch-interior.com\/fr\/categorie-produit\/luminaires\/\"},{\"@type\":\"ListItem\",\"position\":4,\"name\":\"Suspensions\",\"item\":\"https:\/\/hubsch-interior.com\/fr\/categorie-produit\/luminaires\/suspensions-fr\/\"},{\"@type\":\"ListItem\",\"position\":5,\"name\":\"Luminary Pendule Bleu\/Vert Clair\"}]},{\"@type\":\"WebSite\",\"@id\":\"https:\/\/hubsch-interior.com\/fr\/#website\",\"url\":\"https:\/\/hubsch-interior.com\/fr\/\",\"name\":\"H\u00fcbsch\",\"description\":\"Danish Home Interior and Design\",\"publisher\":{\"@id\":\"https:\/\/hubsch-interior.com\/fr\/#organization\"},\"potentialAction\":[{\"@type\":\"SearchAction\",\"target\":{\"@type\":\"EntryPoint\",\"urlTemplate\":\"https:\/\/hubsch-interior.com\/fr\/?s={search_term_string}\"},\"query-input\":{\"@type\":\"PropertyValueSpecification\",\"valueRequired\":true,\"valueName\":\"search_term_string\"}}],\"inLanguage\":\"fr-FR\"},{\"@type\":\"Organization\",\"@id\":\"https:\/\/hubsch-interior.com\/fr\/#organization\",\"name\":\"H\u00fcbsch\",\"url\":\"https:\/\/hubsch-interior.com\/fr\/\",\"logo\":{\"@type\":\"ImageObject\",\"inLanguage\":\"fr-FR\",\"@id\":\"https:\/\/hubsch-interior.com\/fr\/#\/schema\/logo\/image\/\",\"url\":\"https:\/\/hubsch-interior.com\/wp-content\/uploads\/2022\/12\/Hubsch_logo_black_one_line.svg\",\"contentUrl\":\"https:\/\/hubsch-interior.com\/wp-content\/uploads\/2022\/12\/Hubsch_logo_black_one_line.svg\",\"caption\":\"H\u00fcbsch\"},\"image\":{\"@id\":\"https:\/\/hubsch-interior.com\/fr\/#\/schema\/logo\/image\/\"}}]}<\/script>\n<!-- \/ Yoast SEO plugin. -->","yoast_head_json":{"title":"Luminary Pendule Bleu\/Vert Clair - H\u00fcbsch","description":"Luminary Pendule, une fusion charmante du design r\u00e9tro et moderne qui c\u00e9l\u00e8bre \u00e0 la fois l'esth\u00e9tique et la fonctionnalit\u00e9. Drap\u00e9 dans des teintes","robots":{"index":"index","follow":"follow","max-snippet":"max-snippet:-1","max-image-preview":"max-image-preview:large","max-video-preview":"max-video-preview:-1"},"canonical":"https:\/\/hubsch-interior.com\/fr\/wp-json\/wp\/v2\/product\/1003444","og_locale":"fr_FR","og_type":"article","og_title":"Luminary Pendule Bleu\/Vert Clair - H\u00fcbsch","og_description":"Luminary Pendule, une fusion charmante du design r\u00e9tro et moderne qui c\u00e9l\u00e8bre \u00e0 la fois l'esth\u00e9tique et la fonctionnalit\u00e9. Drap\u00e9 dans des teintes","og_url":"https:\/\/hubsch-interior.com\/fr\/produit\/luminary-pendule-bleu-vert-clair\/","og_site_name":"H\u00fcbsch","article_modified_time":"2026-04-11T03:01:34+00:00","og_image":[{"width":1200,"height":1200,"url":"https:\/\/hubsch-interior.com\/wp-content\/uploads\/2024\/12\/luminary-pendant-bluelight-green-00c7c7804ba64a458db5b094c59a7f9d.jpg","type":"image\/jpeg"}],"twitter_card":"summary_large_image","schema":{"@context":"https:\/\/schema.org","@graph":[{"@type":"WebPage","@id":"https:\/\/hubsch-interior.com\/fr\/produit\/luminary-pendule-bleu-vert-clair\/","url":"https:\/\/hubsch-interior.com\/fr\/produit\/luminary-pendule-bleu-vert-clair\/","name":"Luminary Pendule Bleu\/Vert Clair - H\u00fcbsch","isPartOf":{"@id":"https:\/\/hubsch-interior.com\/fr\/#website"},"primaryImageOfPage":{"@id":"https:\/\/hubsch-interior.com\/fr\/produit\/luminary-pendule-bleu-vert-clair\/#primaryimage"},"image":{"@id":"https:\/\/hubsch-interior.com\/fr\/produit\/luminary-pendule-bleu-vert-clair\/#primaryimage"},"thumbnailUrl":"https:\/\/hubsch-interior.com\/wp-content\/uploads\/2026\/02\/luminary-pendant-bluelight-green-ed77dc0ac3285d28122470a101c776a8.jpg","datePublished":"2024-12-03T13:25:28+00:00","dateModified":"2026-04-11T03:01:34+00:00","description":"Luminary Pendule, une fusion charmante du design r\u00e9tro et moderne qui c\u00e9l\u00e8bre \u00e0 la fois l'esth\u00e9tique et la fonctionnalit\u00e9. Drap\u00e9 dans des teintes","breadcrumb":{"@id":"https:\/\/hubsch-interior.com\/fr\/produit\/luminary-pendule-bleu-vert-clair\/#breadcrumb"},"inLanguage":"fr-FR","potentialAction":[{"@type":"ReadAction","target":["https:\/\/hubsch-interior.com\/fr\/produit\/luminary-pendule-bleu-vert-clair\/"]}]},{"@type":"ImageObject","inLanguage":"fr-FR","@id":"https:\/\/hubsch-interior.com\/fr\/produit\/luminary-pendule-bleu-vert-clair\/#primaryimage","url":"https:\/\/hubsch-interior.com\/wp-content\/uploads\/2026\/02\/luminary-pendant-bluelight-green-ed77dc0ac3285d28122470a101c776a8.jpg","contentUrl":"https:\/\/hubsch-interior.com\/wp-content\/uploads\/2026\/02\/luminary-pendant-bluelight-green-ed77dc0ac3285d28122470a101c776a8.jpg","width":1024,"height":1024},{"@type":"BreadcrumbList","@id":"https:\/\/hubsch-interior.com\/fr\/produit\/luminary-pendule-bleu-vert-clair\/#breadcrumb","itemListElement":[{"@type":"ListItem","position":1,"name":"Page d'accueil","item":"https:\/\/hubsch-interior.com\/fr\/"},{"@type":"ListItem","position":2,"name":"Produits","item":"https:\/\/hubsch-interior.com\/fr\/shop-2\/"},{"@type":"ListItem","position":3,"name":"Luminaires","item":"https:\/\/hubsch-interior.com\/fr\/categorie-produit\/luminaires\/"},{"@type":"ListItem","position":4,"name":"Suspensions","item":"https:\/\/hubsch-interior.com\/fr\/categorie-produit\/luminaires\/suspensions-fr\/"},{"@type":"ListItem","position":5,"name":"Luminary Pendule Bleu\/Vert Clair"}]},{"@type":"WebSite","@id":"https:\/\/hubsch-interior.com\/fr\/#website","url":"https:\/\/hubsch-interior.com\/fr\/","name":"H\u00fcbsch","description":"Danish Home Interior and Design","publisher":{"@id":"https:\/\/hubsch-interior.com\/fr\/#organization"},"potentialAction":[{"@type":"SearchAction","target":{"@type":"EntryPoint","urlTemplate":"https:\/\/hubsch-interior.com\/fr\/?s={search_term_string}"},"query-input":{"@type":"PropertyValueSpecification","valueRequired":true,"valueName":"search_term_string"}}],"inLanguage":"fr-FR"},{"@type":"Organization","@id":"https:\/\/hubsch-interior.com\/fr\/#organization","name":"H\u00fcbsch","url":"https:\/\/hubsch-interior.com\/fr\/","logo":{"@type":"ImageObject","inLanguage":"fr-FR","@id":"https:\/\/hubsch-interior.com\/fr\/#\/schema\/logo\/image\/","url":"https:\/\/hubsch-interior.com\/wp-content\/uploads\/2022\/12\/Hubsch_logo_black_one_line.svg","contentUrl":"https:\/\/hubsch-interior.com\/wp-content\/uploads\/2022\/12\/Hubsch_logo_black_one_line.svg","caption":"H\u00fcbsch"},"image":{"@id":"https:\/\/hubsch-interior.com\/fr\/#\/schema\/logo\/image\/"}}]}},"_links":{"self":[{"href":"https:\/\/hubsch-interior.com\/fr\/wp-json\/wp\/v2\/product\/1003444","targetHints":{"allow":["GET"]}}],"collection":[{"href":"https:\/\/hubsch-interior.com\/fr\/wp-json\/wp\/v2\/product"}],"about":[{"href":"https:\/\/hubsch-interior.com\/fr\/wp-json\/wp\/v2\/types\/product"}],"wp:featuredmedia":[{"embeddable":true,"href":"https:\/\/hubsch-interior.com\/fr\/wp-json\/wp\/v2\/media\/1107335"}],"wp:attachment":[{"href":"https:\/\/hubsch-interior.com\/fr\/wp-json\/wp\/v2\/media?parent=1003444"}],"wp:term":[{"taxonomy":"product_brand","embeddable":true,"href":"https:\/\/hubsch-interior.com\/fr\/wp-json\/wp\/v2\/product_brand?post=1003444"},{"taxonomy":"product_cat","embeddable":true,"href":"https:\/\/hubsch-interior.com\/fr\/wp-json\/wp\/v2\/product_cat?post=1003444"},{"taxonomy":"product_tag","embeddable":true,"href":"https:\/\/hubsch-interior.com\/fr\/wp-json\/wp\/v2\/product_tag?post=1003444"}],"curies":[{"name":"wp","href":"https:\/\/api.w.org\/{rel}","templated":true}]}}