{"id":1003460,"date":"2024-12-03T14:26:04","date_gmt":"2024-12-03T13:26:04","guid":{"rendered":"https:\/\/hubsch-interior.com\/product\/product\/"},"modified":"2026-04-11T05:01:38","modified_gmt":"2026-04-11T03:01:38","slug":"luminary-pendule-burgundy-bleu","status":"publish","type":"product","link":"https:\/\/hubsch-interior.com\/fr\/produit\/luminary-pendule-burgundy-bleu\/","title":{"rendered":"Luminary Pendule Burgundy\/Bleu"},"content":{"rendered":"<p>D\u00e9couvrez une touche d&#8217;\u00e9l\u00e9gance avec le Luminary Pendule, une fusion charmante de styles r\u00e9tro et moderne. Con\u00e7u en m\u00e9tal raffin\u00e9 et par\u00e9 d&#8217;une combinaison color\u00e9e de bourgogne et de bleu, ce chic pendule est parfait pour personnaliser votre coin pr\u00e9f\u00e9r\u00e9. Que vous choisissiez de le suspendre seul pour une d\u00e9claration subtile ou de regrouper plusieurs pour un affichage captivant, le Luminary Pendule transforme tout espace en un lieu enchanteur pour la d\u00e9tente et le plaisir.<\/p>\n","protected":false},"excerpt":{"rendered":"<p>D\u00e9couvrez une touche d&#8217;\u00e9l\u00e9gance avec le Luminary Pendule, une fusion charmante de styles r\u00e9tro et moderne. Con\u00e7u en m\u00e9tal raffin\u00e9 et par\u00e9 d&#8217;une combinaison color\u00e9e de bourgogne et de bleu, ce chic pendule est parfait pour personnaliser votre coin pr\u00e9f\u00e9r\u00e9. Que vous choisissiez de le suspendre seul pour une d\u00e9claration subtile ou de regrouper plusieurs [&hellip;]<\/p>\n","protected":false},"featured_media":1107351,"template":"","meta":{"_acf_changed":false,"inline_featured_image":false},"product_brand":[],"product_cat":[3810,5026,4147,6997],"product_tag":[],"class_list":{"0":"post-1003460","1":"product","2":"type-product","3":"status-publish","4":"has-post-thumbnail","6":"product_cat-luminaires","7":"product_cat-bestsellers-fr","8":"product_cat-suspensions-fr","9":"product_cat-the-buzz-fr","10":"product_shipping_class-pk","12":"pa_color-bleu-2","13":"pa_color-burgundy-fr","14":"pa_material-fer-fr","16":"first","17":"instock","18":"featured","19":"taxable","20":"shipping-taxable","21":"purchasable","22":"product-type-simple"},"exclude_global_add_ons":[],"addons":[],"acf":[],"yoast_head":"<!-- This site is optimized with the Yoast SEO plugin v26.4 - https:\/\/yoast.com\/wordpress\/plugins\/seo\/ -->\n<title>Luminary Pendule Burgundy\/Bleu - H\u00fcbsch<\/title>\n<meta name=\"description\" content=\"D\u00e9couvrez une touche d&#039;\u00e9l\u00e9gance avec le Luminary Pendule, une fusion charmante de styles r\u00e9tro et moderne. Con\u00e7u en m\u00e9tal raffin\u00e9 et par\u00e9 d&#039;une\" \/>\n<meta name=\"robots\" content=\"index, follow, max-snippet:-1, max-image-preview:large, max-video-preview:-1\" \/>\n<link rel=\"canonical\" href=\"https:\/\/hubsch-interior.com\/fr\/wp-json\/wp\/v2\/product\/1003460\" \/>\n<meta property=\"og:locale\" content=\"fr_FR\" \/>\n<meta property=\"og:type\" content=\"article\" \/>\n<meta property=\"og:title\" content=\"Luminary Pendule Burgundy\/Bleu - H\u00fcbsch\" \/>\n<meta property=\"og:description\" content=\"D\u00e9couvrez une touche d&#039;\u00e9l\u00e9gance avec le Luminary Pendule, une fusion charmante de styles r\u00e9tro et moderne. Con\u00e7u en m\u00e9tal raffin\u00e9 et par\u00e9 d&#039;une\" \/>\n<meta property=\"og:url\" content=\"https:\/\/hubsch-interior.com\/fr\/produit\/luminary-pendule-burgundy-bleu\/\" \/>\n<meta property=\"og:site_name\" content=\"H\u00fcbsch\" \/>\n<meta property=\"article:modified_time\" content=\"2026-04-11T03:01:38+00:00\" \/>\n<meta property=\"og:image\" content=\"https:\/\/hubsch-interior.com\/wp-content\/uploads\/2024\/12\/luminary-pendant-burgundyblue-c350296c463f1fed9056c17e768bba9b.jpg\" \/>\n\t<meta property=\"og:image:width\" content=\"1200\" \/>\n\t<meta property=\"og:image:height\" content=\"1200\" \/>\n\t<meta property=\"og:image:type\" content=\"image\/jpeg\" \/>\n<meta name=\"twitter:card\" content=\"summary_large_image\" \/>\n<script type=\"application\/ld+json\" class=\"yoast-schema-graph\">{\"@context\":\"https:\/\/schema.org\",\"@graph\":[{\"@type\":\"WebPage\",\"@id\":\"https:\/\/hubsch-interior.com\/fr\/produit\/luminary-pendule-burgundy-bleu\/\",\"url\":\"https:\/\/hubsch-interior.com\/fr\/produit\/luminary-pendule-burgundy-bleu\/\",\"name\":\"Luminary Pendule Burgundy\/Bleu - H\u00fcbsch\",\"isPartOf\":{\"@id\":\"https:\/\/hubsch-interior.com\/fr\/#website\"},\"primaryImageOfPage\":{\"@id\":\"https:\/\/hubsch-interior.com\/fr\/produit\/luminary-pendule-burgundy-bleu\/#primaryimage\"},\"image\":{\"@id\":\"https:\/\/hubsch-interior.com\/fr\/produit\/luminary-pendule-burgundy-bleu\/#primaryimage\"},\"thumbnailUrl\":\"https:\/\/hubsch-interior.com\/wp-content\/uploads\/2026\/02\/luminary-pendant-burgundyblue-b5cdef5151d11b47162370ce763ee096.jpg\",\"datePublished\":\"2024-12-03T13:26:04+00:00\",\"dateModified\":\"2026-04-11T03:01:38+00:00\",\"description\":\"D\u00e9couvrez une touche d'\u00e9l\u00e9gance avec le Luminary Pendule, une fusion charmante de styles r\u00e9tro et moderne. Con\u00e7u en m\u00e9tal raffin\u00e9 et par\u00e9 d'une\",\"breadcrumb\":{\"@id\":\"https:\/\/hubsch-interior.com\/fr\/produit\/luminary-pendule-burgundy-bleu\/#breadcrumb\"},\"inLanguage\":\"fr-FR\",\"potentialAction\":[{\"@type\":\"ReadAction\",\"target\":[\"https:\/\/hubsch-interior.com\/fr\/produit\/luminary-pendule-burgundy-bleu\/\"]}]},{\"@type\":\"ImageObject\",\"inLanguage\":\"fr-FR\",\"@id\":\"https:\/\/hubsch-interior.com\/fr\/produit\/luminary-pendule-burgundy-bleu\/#primaryimage\",\"url\":\"https:\/\/hubsch-interior.com\/wp-content\/uploads\/2026\/02\/luminary-pendant-burgundyblue-b5cdef5151d11b47162370ce763ee096.jpg\",\"contentUrl\":\"https:\/\/hubsch-interior.com\/wp-content\/uploads\/2026\/02\/luminary-pendant-burgundyblue-b5cdef5151d11b47162370ce763ee096.jpg\",\"width\":1024,\"height\":1024},{\"@type\":\"BreadcrumbList\",\"@id\":\"https:\/\/hubsch-interior.com\/fr\/produit\/luminary-pendule-burgundy-bleu\/#breadcrumb\",\"itemListElement\":[{\"@type\":\"ListItem\",\"position\":1,\"name\":\"Page d'accueil\",\"item\":\"https:\/\/hubsch-interior.com\/fr\/\"},{\"@type\":\"ListItem\",\"position\":2,\"name\":\"Produits\",\"item\":\"https:\/\/hubsch-interior.com\/fr\/shop-2\/\"},{\"@type\":\"ListItem\",\"position\":3,\"name\":\"Luminaires\",\"item\":\"https:\/\/hubsch-interior.com\/fr\/categorie-produit\/luminaires\/\"},{\"@type\":\"ListItem\",\"position\":4,\"name\":\"Suspensions\",\"item\":\"https:\/\/hubsch-interior.com\/fr\/categorie-produit\/luminaires\/suspensions-fr\/\"},{\"@type\":\"ListItem\",\"position\":5,\"name\":\"Luminary Pendule Burgundy\/Bleu\"}]},{\"@type\":\"WebSite\",\"@id\":\"https:\/\/hubsch-interior.com\/fr\/#website\",\"url\":\"https:\/\/hubsch-interior.com\/fr\/\",\"name\":\"H\u00fcbsch\",\"description\":\"Danish Home Interior and Design\",\"publisher\":{\"@id\":\"https:\/\/hubsch-interior.com\/fr\/#organization\"},\"potentialAction\":[{\"@type\":\"SearchAction\",\"target\":{\"@type\":\"EntryPoint\",\"urlTemplate\":\"https:\/\/hubsch-interior.com\/fr\/?s={search_term_string}\"},\"query-input\":{\"@type\":\"PropertyValueSpecification\",\"valueRequired\":true,\"valueName\":\"search_term_string\"}}],\"inLanguage\":\"fr-FR\"},{\"@type\":\"Organization\",\"@id\":\"https:\/\/hubsch-interior.com\/fr\/#organization\",\"name\":\"H\u00fcbsch\",\"url\":\"https:\/\/hubsch-interior.com\/fr\/\",\"logo\":{\"@type\":\"ImageObject\",\"inLanguage\":\"fr-FR\",\"@id\":\"https:\/\/hubsch-interior.com\/fr\/#\/schema\/logo\/image\/\",\"url\":\"https:\/\/hubsch-interior.com\/wp-content\/uploads\/2022\/12\/Hubsch_logo_black_one_line.svg\",\"contentUrl\":\"https:\/\/hubsch-interior.com\/wp-content\/uploads\/2022\/12\/Hubsch_logo_black_one_line.svg\",\"caption\":\"H\u00fcbsch\"},\"image\":{\"@id\":\"https:\/\/hubsch-interior.com\/fr\/#\/schema\/logo\/image\/\"}}]}<\/script>\n<!-- \/ Yoast SEO plugin. -->","yoast_head_json":{"title":"Luminary Pendule Burgundy\/Bleu - H\u00fcbsch","description":"D\u00e9couvrez une touche d'\u00e9l\u00e9gance avec le Luminary Pendule, une fusion charmante de styles r\u00e9tro et moderne. Con\u00e7u en m\u00e9tal raffin\u00e9 et par\u00e9 d'une","robots":{"index":"index","follow":"follow","max-snippet":"max-snippet:-1","max-image-preview":"max-image-preview:large","max-video-preview":"max-video-preview:-1"},"canonical":"https:\/\/hubsch-interior.com\/fr\/wp-json\/wp\/v2\/product\/1003460","og_locale":"fr_FR","og_type":"article","og_title":"Luminary Pendule Burgundy\/Bleu - H\u00fcbsch","og_description":"D\u00e9couvrez une touche d'\u00e9l\u00e9gance avec le Luminary Pendule, une fusion charmante de styles r\u00e9tro et moderne. Con\u00e7u en m\u00e9tal raffin\u00e9 et par\u00e9 d'une","og_url":"https:\/\/hubsch-interior.com\/fr\/produit\/luminary-pendule-burgundy-bleu\/","og_site_name":"H\u00fcbsch","article_modified_time":"2026-04-11T03:01:38+00:00","og_image":[{"width":1200,"height":1200,"url":"https:\/\/hubsch-interior.com\/wp-content\/uploads\/2024\/12\/luminary-pendant-burgundyblue-c350296c463f1fed9056c17e768bba9b.jpg","type":"image\/jpeg"}],"twitter_card":"summary_large_image","schema":{"@context":"https:\/\/schema.org","@graph":[{"@type":"WebPage","@id":"https:\/\/hubsch-interior.com\/fr\/produit\/luminary-pendule-burgundy-bleu\/","url":"https:\/\/hubsch-interior.com\/fr\/produit\/luminary-pendule-burgundy-bleu\/","name":"Luminary Pendule Burgundy\/Bleu - H\u00fcbsch","isPartOf":{"@id":"https:\/\/hubsch-interior.com\/fr\/#website"},"primaryImageOfPage":{"@id":"https:\/\/hubsch-interior.com\/fr\/produit\/luminary-pendule-burgundy-bleu\/#primaryimage"},"image":{"@id":"https:\/\/hubsch-interior.com\/fr\/produit\/luminary-pendule-burgundy-bleu\/#primaryimage"},"thumbnailUrl":"https:\/\/hubsch-interior.com\/wp-content\/uploads\/2026\/02\/luminary-pendant-burgundyblue-b5cdef5151d11b47162370ce763ee096.jpg","datePublished":"2024-12-03T13:26:04+00:00","dateModified":"2026-04-11T03:01:38+00:00","description":"D\u00e9couvrez une touche d'\u00e9l\u00e9gance avec le Luminary Pendule, une fusion charmante de styles r\u00e9tro et moderne. Con\u00e7u en m\u00e9tal raffin\u00e9 et par\u00e9 d'une","breadcrumb":{"@id":"https:\/\/hubsch-interior.com\/fr\/produit\/luminary-pendule-burgundy-bleu\/#breadcrumb"},"inLanguage":"fr-FR","potentialAction":[{"@type":"ReadAction","target":["https:\/\/hubsch-interior.com\/fr\/produit\/luminary-pendule-burgundy-bleu\/"]}]},{"@type":"ImageObject","inLanguage":"fr-FR","@id":"https:\/\/hubsch-interior.com\/fr\/produit\/luminary-pendule-burgundy-bleu\/#primaryimage","url":"https:\/\/hubsch-interior.com\/wp-content\/uploads\/2026\/02\/luminary-pendant-burgundyblue-b5cdef5151d11b47162370ce763ee096.jpg","contentUrl":"https:\/\/hubsch-interior.com\/wp-content\/uploads\/2026\/02\/luminary-pendant-burgundyblue-b5cdef5151d11b47162370ce763ee096.jpg","width":1024,"height":1024},{"@type":"BreadcrumbList","@id":"https:\/\/hubsch-interior.com\/fr\/produit\/luminary-pendule-burgundy-bleu\/#breadcrumb","itemListElement":[{"@type":"ListItem","position":1,"name":"Page d'accueil","item":"https:\/\/hubsch-interior.com\/fr\/"},{"@type":"ListItem","position":2,"name":"Produits","item":"https:\/\/hubsch-interior.com\/fr\/shop-2\/"},{"@type":"ListItem","position":3,"name":"Luminaires","item":"https:\/\/hubsch-interior.com\/fr\/categorie-produit\/luminaires\/"},{"@type":"ListItem","position":4,"name":"Suspensions","item":"https:\/\/hubsch-interior.com\/fr\/categorie-produit\/luminaires\/suspensions-fr\/"},{"@type":"ListItem","position":5,"name":"Luminary Pendule Burgundy\/Bleu"}]},{"@type":"WebSite","@id":"https:\/\/hubsch-interior.com\/fr\/#website","url":"https:\/\/hubsch-interior.com\/fr\/","name":"H\u00fcbsch","description":"Danish Home Interior and Design","publisher":{"@id":"https:\/\/hubsch-interior.com\/fr\/#organization"},"potentialAction":[{"@type":"SearchAction","target":{"@type":"EntryPoint","urlTemplate":"https:\/\/hubsch-interior.com\/fr\/?s={search_term_string}"},"query-input":{"@type":"PropertyValueSpecification","valueRequired":true,"valueName":"search_term_string"}}],"inLanguage":"fr-FR"},{"@type":"Organization","@id":"https:\/\/hubsch-interior.com\/fr\/#organization","name":"H\u00fcbsch","url":"https:\/\/hubsch-interior.com\/fr\/","logo":{"@type":"ImageObject","inLanguage":"fr-FR","@id":"https:\/\/hubsch-interior.com\/fr\/#\/schema\/logo\/image\/","url":"https:\/\/hubsch-interior.com\/wp-content\/uploads\/2022\/12\/Hubsch_logo_black_one_line.svg","contentUrl":"https:\/\/hubsch-interior.com\/wp-content\/uploads\/2022\/12\/Hubsch_logo_black_one_line.svg","caption":"H\u00fcbsch"},"image":{"@id":"https:\/\/hubsch-interior.com\/fr\/#\/schema\/logo\/image\/"}}]}},"_links":{"self":[{"href":"https:\/\/hubsch-interior.com\/fr\/wp-json\/wp\/v2\/product\/1003460","targetHints":{"allow":["GET"]}}],"collection":[{"href":"https:\/\/hubsch-interior.com\/fr\/wp-json\/wp\/v2\/product"}],"about":[{"href":"https:\/\/hubsch-interior.com\/fr\/wp-json\/wp\/v2\/types\/product"}],"wp:featuredmedia":[{"embeddable":true,"href":"https:\/\/hubsch-interior.com\/fr\/wp-json\/wp\/v2\/media\/1107351"}],"wp:attachment":[{"href":"https:\/\/hubsch-interior.com\/fr\/wp-json\/wp\/v2\/media?parent=1003460"}],"wp:term":[{"taxonomy":"product_brand","embeddable":true,"href":"https:\/\/hubsch-interior.com\/fr\/wp-json\/wp\/v2\/product_brand?post=1003460"},{"taxonomy":"product_cat","embeddable":true,"href":"https:\/\/hubsch-interior.com\/fr\/wp-json\/wp\/v2\/product_cat?post=1003460"},{"taxonomy":"product_tag","embeddable":true,"href":"https:\/\/hubsch-interior.com\/fr\/wp-json\/wp\/v2\/product_tag?post=1003460"}],"curies":[{"name":"wp","href":"https:\/\/api.w.org\/{rel}","templated":true}]}}