{"id":1003481,"date":"2024-12-03T14:27:00","date_gmt":"2024-12-03T13:27:00","guid":{"rendered":"https:\/\/hubsch-interior.com\/product\/product\/"},"modified":"2026-04-07T05:02:30","modified_gmt":"2026-04-07T03:02:30","slug":"muse-pendule-triangulaire-blanc","status":"publish","type":"product","link":"https:\/\/hubsch-interior.com\/fr\/produit\/muse-pendule-triangulaire-blanc\/","title":{"rendered":"Muse Pendule Triangulaire Blanc"},"content":{"rendered":"<p>D\u00e9couvrez le Pendule Muse, une pi\u00e8ce ma\u00eetresse intemporelle fabriqu\u00e9e en verre opale avec de d\u00e9licats d\u00e9tails en laiton. Sa forme organique diffuse une lumi\u00e8re chaude et accueillante, parfaite pour illuminer n&#8217;importe quelle pi\u00e8ce. Le design classique du pendule en blanc immacul\u00e9 se marie aussi bien avec un d\u00e9cor contemporain que traditionnel, le rendant id\u00e9al pour \u00e9clairer des d\u00eeners intimes ou des soir\u00e9es cosy \u00e0 la maison. Rehaussez votre espace de vie avec le charme et l&#8217;\u00e9l\u00e9gance du Pendule Muse.<\/p>\n","protected":false},"excerpt":{"rendered":"<p>D\u00e9couvrez le Pendule Muse, une pi\u00e8ce ma\u00eetresse intemporelle fabriqu\u00e9e en verre opale avec de d\u00e9licats d\u00e9tails en laiton. Sa forme organique diffuse une lumi\u00e8re chaude et accueillante, parfaite pour illuminer n&#8217;importe quelle pi\u00e8ce. Le design classique du pendule en blanc immacul\u00e9 se marie aussi bien avec un d\u00e9cor contemporain que traditionnel, le rendant id\u00e9al pour [&hellip;]<\/p>\n","protected":false},"featured_media":1107399,"template":"","meta":{"_acf_changed":false,"inline_featured_image":false},"product_brand":[],"product_cat":[3810,5026,4147,6997],"product_tag":[],"class_list":{"0":"post-1003481","1":"product","2":"type-product","3":"status-publish","4":"has-post-thumbnail","6":"product_cat-luminaires","7":"product_cat-bestsellers-fr","8":"product_cat-suspensions-fr","9":"product_cat-the-buzz-fr","10":"product_shipping_class-pk","12":"pa_color-blanc","13":"pa_material-fer-fr","14":"pa_material-verre-fr","16":"first","17":"instock","18":"featured","19":"taxable","20":"shipping-taxable","21":"purchasable","22":"product-type-simple"},"exclude_global_add_ons":[],"addons":[],"acf":[],"yoast_head":"<!-- This site is optimized with the Yoast SEO plugin v26.4 - https:\/\/yoast.com\/wordpress\/plugins\/seo\/ -->\n<title>Muse Pendule Triangulaire Blanc - H\u00fcbsch<\/title>\n<meta name=\"description\" content=\"D\u00e9couvrez le Pendule Muse, une pi\u00e8ce ma\u00eetresse intemporelle fabriqu\u00e9e en verre opale avec de d\u00e9licats d\u00e9tails en laiton. Sa forme organique diffuse une\" \/>\n<meta name=\"robots\" content=\"index, follow, max-snippet:-1, max-image-preview:large, max-video-preview:-1\" \/>\n<link rel=\"canonical\" href=\"https:\/\/hubsch-interior.com\/fr\/wp-json\/wp\/v2\/product\/1003481\" \/>\n<meta property=\"og:locale\" content=\"fr_FR\" \/>\n<meta property=\"og:type\" content=\"article\" \/>\n<meta property=\"og:title\" content=\"Muse Pendule Triangulaire Blanc - H\u00fcbsch\" \/>\n<meta property=\"og:description\" content=\"D\u00e9couvrez le Pendule Muse, une pi\u00e8ce ma\u00eetresse intemporelle fabriqu\u00e9e en verre opale avec de d\u00e9licats d\u00e9tails en laiton. Sa forme organique diffuse une\" \/>\n<meta property=\"og:url\" content=\"https:\/\/hubsch-interior.com\/fr\/produit\/muse-pendule-triangulaire-blanc\/\" \/>\n<meta property=\"og:site_name\" content=\"H\u00fcbsch\" \/>\n<meta property=\"article:modified_time\" content=\"2026-04-07T03:02:30+00:00\" \/>\n<meta property=\"og:image\" content=\"https:\/\/hubsch-interior.com\/wp-content\/uploads\/2025\/01\/muse-pendant-triangular-white-12df18422d01f3c2a01eec8880a1b8b9.jpg\" \/>\n\t<meta property=\"og:image:width\" content=\"1200\" \/>\n\t<meta property=\"og:image:height\" content=\"1200\" \/>\n\t<meta property=\"og:image:type\" content=\"image\/jpeg\" \/>\n<meta name=\"twitter:card\" content=\"summary_large_image\" \/>\n<script type=\"application\/ld+json\" class=\"yoast-schema-graph\">{\"@context\":\"https:\/\/schema.org\",\"@graph\":[{\"@type\":\"WebPage\",\"@id\":\"https:\/\/hubsch-interior.com\/fr\/produit\/muse-pendule-triangulaire-blanc\/\",\"url\":\"https:\/\/hubsch-interior.com\/fr\/produit\/muse-pendule-triangulaire-blanc\/\",\"name\":\"Muse Pendule Triangulaire Blanc - H\u00fcbsch\",\"isPartOf\":{\"@id\":\"https:\/\/hubsch-interior.com\/fr\/#website\"},\"primaryImageOfPage\":{\"@id\":\"https:\/\/hubsch-interior.com\/fr\/produit\/muse-pendule-triangulaire-blanc\/#primaryimage\"},\"image\":{\"@id\":\"https:\/\/hubsch-interior.com\/fr\/produit\/muse-pendule-triangulaire-blanc\/#primaryimage\"},\"thumbnailUrl\":\"https:\/\/hubsch-interior.com\/wp-content\/uploads\/2026\/02\/muse-pendant-triangular-white-c59a4c0f63998b8c21e418b051a9cd79.jpg\",\"datePublished\":\"2024-12-03T13:27:00+00:00\",\"dateModified\":\"2026-04-07T03:02:30+00:00\",\"description\":\"D\u00e9couvrez le Pendule Muse, une pi\u00e8ce ma\u00eetresse intemporelle fabriqu\u00e9e en verre opale avec de d\u00e9licats d\u00e9tails en laiton. Sa forme organique diffuse une\",\"breadcrumb\":{\"@id\":\"https:\/\/hubsch-interior.com\/fr\/produit\/muse-pendule-triangulaire-blanc\/#breadcrumb\"},\"inLanguage\":\"fr-FR\",\"potentialAction\":[{\"@type\":\"ReadAction\",\"target\":[\"https:\/\/hubsch-interior.com\/fr\/produit\/muse-pendule-triangulaire-blanc\/\"]}]},{\"@type\":\"ImageObject\",\"inLanguage\":\"fr-FR\",\"@id\":\"https:\/\/hubsch-interior.com\/fr\/produit\/muse-pendule-triangulaire-blanc\/#primaryimage\",\"url\":\"https:\/\/hubsch-interior.com\/wp-content\/uploads\/2026\/02\/muse-pendant-triangular-white-c59a4c0f63998b8c21e418b051a9cd79.jpg\",\"contentUrl\":\"https:\/\/hubsch-interior.com\/wp-content\/uploads\/2026\/02\/muse-pendant-triangular-white-c59a4c0f63998b8c21e418b051a9cd79.jpg\",\"width\":1024,\"height\":1024},{\"@type\":\"BreadcrumbList\",\"@id\":\"https:\/\/hubsch-interior.com\/fr\/produit\/muse-pendule-triangulaire-blanc\/#breadcrumb\",\"itemListElement\":[{\"@type\":\"ListItem\",\"position\":1,\"name\":\"Page d'accueil\",\"item\":\"https:\/\/hubsch-interior.com\/fr\/\"},{\"@type\":\"ListItem\",\"position\":2,\"name\":\"Produits\",\"item\":\"https:\/\/hubsch-interior.com\/fr\/shop-2\/\"},{\"@type\":\"ListItem\",\"position\":3,\"name\":\"Luminaires\",\"item\":\"https:\/\/hubsch-interior.com\/fr\/categorie-produit\/luminaires\/\"},{\"@type\":\"ListItem\",\"position\":4,\"name\":\"Suspensions\",\"item\":\"https:\/\/hubsch-interior.com\/fr\/categorie-produit\/luminaires\/suspensions-fr\/\"},{\"@type\":\"ListItem\",\"position\":5,\"name\":\"Muse Pendule Triangulaire Blanc\"}]},{\"@type\":\"WebSite\",\"@id\":\"https:\/\/hubsch-interior.com\/fr\/#website\",\"url\":\"https:\/\/hubsch-interior.com\/fr\/\",\"name\":\"H\u00fcbsch\",\"description\":\"Danish Home Interior and Design\",\"publisher\":{\"@id\":\"https:\/\/hubsch-interior.com\/fr\/#organization\"},\"potentialAction\":[{\"@type\":\"SearchAction\",\"target\":{\"@type\":\"EntryPoint\",\"urlTemplate\":\"https:\/\/hubsch-interior.com\/fr\/?s={search_term_string}\"},\"query-input\":{\"@type\":\"PropertyValueSpecification\",\"valueRequired\":true,\"valueName\":\"search_term_string\"}}],\"inLanguage\":\"fr-FR\"},{\"@type\":\"Organization\",\"@id\":\"https:\/\/hubsch-interior.com\/fr\/#organization\",\"name\":\"H\u00fcbsch\",\"url\":\"https:\/\/hubsch-interior.com\/fr\/\",\"logo\":{\"@type\":\"ImageObject\",\"inLanguage\":\"fr-FR\",\"@id\":\"https:\/\/hubsch-interior.com\/fr\/#\/schema\/logo\/image\/\",\"url\":\"https:\/\/hubsch-interior.com\/wp-content\/uploads\/2022\/12\/Hubsch_logo_black_one_line.svg\",\"contentUrl\":\"https:\/\/hubsch-interior.com\/wp-content\/uploads\/2022\/12\/Hubsch_logo_black_one_line.svg\",\"caption\":\"H\u00fcbsch\"},\"image\":{\"@id\":\"https:\/\/hubsch-interior.com\/fr\/#\/schema\/logo\/image\/\"}}]}<\/script>\n<!-- \/ Yoast SEO plugin. -->","yoast_head_json":{"title":"Muse Pendule Triangulaire Blanc - H\u00fcbsch","description":"D\u00e9couvrez le Pendule Muse, une pi\u00e8ce ma\u00eetresse intemporelle fabriqu\u00e9e en verre opale avec de d\u00e9licats d\u00e9tails en laiton. Sa forme organique diffuse une","robots":{"index":"index","follow":"follow","max-snippet":"max-snippet:-1","max-image-preview":"max-image-preview:large","max-video-preview":"max-video-preview:-1"},"canonical":"https:\/\/hubsch-interior.com\/fr\/wp-json\/wp\/v2\/product\/1003481","og_locale":"fr_FR","og_type":"article","og_title":"Muse Pendule Triangulaire Blanc - H\u00fcbsch","og_description":"D\u00e9couvrez le Pendule Muse, une pi\u00e8ce ma\u00eetresse intemporelle fabriqu\u00e9e en verre opale avec de d\u00e9licats d\u00e9tails en laiton. Sa forme organique diffuse une","og_url":"https:\/\/hubsch-interior.com\/fr\/produit\/muse-pendule-triangulaire-blanc\/","og_site_name":"H\u00fcbsch","article_modified_time":"2026-04-07T03:02:30+00:00","og_image":[{"width":1200,"height":1200,"url":"https:\/\/hubsch-interior.com\/wp-content\/uploads\/2025\/01\/muse-pendant-triangular-white-12df18422d01f3c2a01eec8880a1b8b9.jpg","type":"image\/jpeg"}],"twitter_card":"summary_large_image","schema":{"@context":"https:\/\/schema.org","@graph":[{"@type":"WebPage","@id":"https:\/\/hubsch-interior.com\/fr\/produit\/muse-pendule-triangulaire-blanc\/","url":"https:\/\/hubsch-interior.com\/fr\/produit\/muse-pendule-triangulaire-blanc\/","name":"Muse Pendule Triangulaire Blanc - H\u00fcbsch","isPartOf":{"@id":"https:\/\/hubsch-interior.com\/fr\/#website"},"primaryImageOfPage":{"@id":"https:\/\/hubsch-interior.com\/fr\/produit\/muse-pendule-triangulaire-blanc\/#primaryimage"},"image":{"@id":"https:\/\/hubsch-interior.com\/fr\/produit\/muse-pendule-triangulaire-blanc\/#primaryimage"},"thumbnailUrl":"https:\/\/hubsch-interior.com\/wp-content\/uploads\/2026\/02\/muse-pendant-triangular-white-c59a4c0f63998b8c21e418b051a9cd79.jpg","datePublished":"2024-12-03T13:27:00+00:00","dateModified":"2026-04-07T03:02:30+00:00","description":"D\u00e9couvrez le Pendule Muse, une pi\u00e8ce ma\u00eetresse intemporelle fabriqu\u00e9e en verre opale avec de d\u00e9licats d\u00e9tails en laiton. Sa forme organique diffuse une","breadcrumb":{"@id":"https:\/\/hubsch-interior.com\/fr\/produit\/muse-pendule-triangulaire-blanc\/#breadcrumb"},"inLanguage":"fr-FR","potentialAction":[{"@type":"ReadAction","target":["https:\/\/hubsch-interior.com\/fr\/produit\/muse-pendule-triangulaire-blanc\/"]}]},{"@type":"ImageObject","inLanguage":"fr-FR","@id":"https:\/\/hubsch-interior.com\/fr\/produit\/muse-pendule-triangulaire-blanc\/#primaryimage","url":"https:\/\/hubsch-interior.com\/wp-content\/uploads\/2026\/02\/muse-pendant-triangular-white-c59a4c0f63998b8c21e418b051a9cd79.jpg","contentUrl":"https:\/\/hubsch-interior.com\/wp-content\/uploads\/2026\/02\/muse-pendant-triangular-white-c59a4c0f63998b8c21e418b051a9cd79.jpg","width":1024,"height":1024},{"@type":"BreadcrumbList","@id":"https:\/\/hubsch-interior.com\/fr\/produit\/muse-pendule-triangulaire-blanc\/#breadcrumb","itemListElement":[{"@type":"ListItem","position":1,"name":"Page d'accueil","item":"https:\/\/hubsch-interior.com\/fr\/"},{"@type":"ListItem","position":2,"name":"Produits","item":"https:\/\/hubsch-interior.com\/fr\/shop-2\/"},{"@type":"ListItem","position":3,"name":"Luminaires","item":"https:\/\/hubsch-interior.com\/fr\/categorie-produit\/luminaires\/"},{"@type":"ListItem","position":4,"name":"Suspensions","item":"https:\/\/hubsch-interior.com\/fr\/categorie-produit\/luminaires\/suspensions-fr\/"},{"@type":"ListItem","position":5,"name":"Muse Pendule Triangulaire Blanc"}]},{"@type":"WebSite","@id":"https:\/\/hubsch-interior.com\/fr\/#website","url":"https:\/\/hubsch-interior.com\/fr\/","name":"H\u00fcbsch","description":"Danish Home Interior and Design","publisher":{"@id":"https:\/\/hubsch-interior.com\/fr\/#organization"},"potentialAction":[{"@type":"SearchAction","target":{"@type":"EntryPoint","urlTemplate":"https:\/\/hubsch-interior.com\/fr\/?s={search_term_string}"},"query-input":{"@type":"PropertyValueSpecification","valueRequired":true,"valueName":"search_term_string"}}],"inLanguage":"fr-FR"},{"@type":"Organization","@id":"https:\/\/hubsch-interior.com\/fr\/#organization","name":"H\u00fcbsch","url":"https:\/\/hubsch-interior.com\/fr\/","logo":{"@type":"ImageObject","inLanguage":"fr-FR","@id":"https:\/\/hubsch-interior.com\/fr\/#\/schema\/logo\/image\/","url":"https:\/\/hubsch-interior.com\/wp-content\/uploads\/2022\/12\/Hubsch_logo_black_one_line.svg","contentUrl":"https:\/\/hubsch-interior.com\/wp-content\/uploads\/2022\/12\/Hubsch_logo_black_one_line.svg","caption":"H\u00fcbsch"},"image":{"@id":"https:\/\/hubsch-interior.com\/fr\/#\/schema\/logo\/image\/"}}]}},"_links":{"self":[{"href":"https:\/\/hubsch-interior.com\/fr\/wp-json\/wp\/v2\/product\/1003481","targetHints":{"allow":["GET"]}}],"collection":[{"href":"https:\/\/hubsch-interior.com\/fr\/wp-json\/wp\/v2\/product"}],"about":[{"href":"https:\/\/hubsch-interior.com\/fr\/wp-json\/wp\/v2\/types\/product"}],"wp:featuredmedia":[{"embeddable":true,"href":"https:\/\/hubsch-interior.com\/fr\/wp-json\/wp\/v2\/media\/1107399"}],"wp:attachment":[{"href":"https:\/\/hubsch-interior.com\/fr\/wp-json\/wp\/v2\/media?parent=1003481"}],"wp:term":[{"taxonomy":"product_brand","embeddable":true,"href":"https:\/\/hubsch-interior.com\/fr\/wp-json\/wp\/v2\/product_brand?post=1003481"},{"taxonomy":"product_cat","embeddable":true,"href":"https:\/\/hubsch-interior.com\/fr\/wp-json\/wp\/v2\/product_cat?post=1003481"},{"taxonomy":"product_tag","embeddable":true,"href":"https:\/\/hubsch-interior.com\/fr\/wp-json\/wp\/v2\/product_tag?post=1003481"}],"curies":[{"name":"wp","href":"https:\/\/api.w.org\/{rel}","templated":true}]}}