{"id":1003525,"date":"2024-12-03T14:27:49","date_gmt":"2024-12-03T13:27:49","guid":{"rendered":"https:\/\/hubsch-interior.com\/product\/product\/"},"modified":"2026-04-11T05:02:39","modified_gmt":"2026-04-11T03:02:39","slug":"orbit-lampe-de-table-metallic-silver","status":"publish","type":"product","link":"https:\/\/hubsch-interior.com\/fr\/produit\/orbit-lampe-de-table-metallic-silver\/","title":{"rendered":"Orbit Lampe de table Metallic silver"},"content":{"rendered":"<p>Nous vous pr\u00e9sentons la Lampe de Table Orbit, d\u00e9sormais disponible dans une nouvelle couleur captivante : argent m\u00e9tallique. Cette pi\u00e8ce associe un abat-jour en opale \u00e0 une base argent m\u00e9tallique, d\u00e9gageant une \u00e9l\u00e9gance intemporelle qui enrichit chaque pi\u00e8ce. Fabriqu\u00e9e \u00e0 partir des meilleurs verres et m\u00e9taux, sa forme \u00e9l\u00e9gante projette une lumi\u00e8re chaude et accueillante, parfaite pour cr\u00e9er une ambiance apaisante dans votre espace personnel. Id\u00e9ale pour les coins lecture ou comme lampe de chevet, la Lampe Orbit est un t\u00e9moignage du go\u00fbt raffin\u00e9 et du design sophistiqu\u00e9.<br \/>\nPour cette lampe, utilisez une ampoule LED dimmable.<\/p>\n","protected":false},"excerpt":{"rendered":"<p>Nous vous pr\u00e9sentons la Lampe de Table Orbit, d\u00e9sormais disponible dans une nouvelle couleur captivante : argent m\u00e9tallique. Cette pi\u00e8ce associe un abat-jour en opale \u00e0 une base argent m\u00e9tallique, d\u00e9gageant une \u00e9l\u00e9gance intemporelle qui enrichit chaque pi\u00e8ce. Fabriqu\u00e9e \u00e0 partir des meilleurs verres et m\u00e9taux, sa forme \u00e9l\u00e9gante projette une lumi\u00e8re chaude et accueillante, [&hellip;]<\/p>\n","protected":false},"featured_media":1107647,"template":"","meta":{"_acf_changed":false,"inline_featured_image":false},"product_brand":[],"product_cat":[6997,3810,3500],"product_tag":[],"class_list":{"0":"post-1003525","1":"product","2":"type-product","3":"status-publish","4":"has-post-thumbnail","6":"product_cat-the-buzz-fr","7":"product_cat-luminaires","8":"product_cat-lampes-a-poser-fr","9":"product_shipping_class-pk","11":"pa_material-fer-fr","12":"pa_material-verre-fr","14":"first","15":"instock","16":"taxable","17":"shipping-taxable","18":"purchasable","19":"product-type-simple"},"exclude_global_add_ons":[],"addons":[],"acf":[],"yoast_head":"<!-- This site is optimized with the Yoast SEO plugin v26.4 - https:\/\/yoast.com\/wordpress\/plugins\/seo\/ -->\n<title>Orbit Lampe de table Metallic silver - H\u00fcbsch<\/title>\n<meta name=\"description\" content=\"Nous vous pr\u00e9sentons la Lampe de Table Orbit, d\u00e9sormais disponible dans une nouvelle couleur captivante : argent m\u00e9tallique. Cette pi\u00e8ce associe un\" \/>\n<meta name=\"robots\" content=\"index, follow, max-snippet:-1, max-image-preview:large, max-video-preview:-1\" \/>\n<link rel=\"canonical\" href=\"https:\/\/hubsch-interior.com\/fr\/wp-json\/wp\/v2\/product\/1003525\" \/>\n<meta property=\"og:locale\" content=\"fr_FR\" \/>\n<meta property=\"og:type\" content=\"article\" \/>\n<meta property=\"og:title\" content=\"Orbit Lampe de table Metallic silver - H\u00fcbsch\" \/>\n<meta property=\"og:description\" content=\"Nous vous pr\u00e9sentons la Lampe de Table Orbit, d\u00e9sormais disponible dans une nouvelle couleur captivante : argent m\u00e9tallique. Cette pi\u00e8ce associe un\" \/>\n<meta property=\"og:url\" content=\"https:\/\/hubsch-interior.com\/fr\/produit\/orbit-lampe-de-table-metallic-silver\/\" \/>\n<meta property=\"og:site_name\" content=\"H\u00fcbsch\" \/>\n<meta property=\"article:modified_time\" content=\"2026-04-11T03:02:39+00:00\" \/>\n<meta property=\"og:image\" content=\"https:\/\/hubsch-interior.com\/wp-content\/uploads\/2026\/02\/orbit-table-lamp-metallic-silver-c985a1717ec1a79ec41867d397311262.jpg\" \/>\n\t<meta property=\"og:image:width\" content=\"1024\" \/>\n\t<meta property=\"og:image:height\" content=\"1024\" \/>\n\t<meta property=\"og:image:type\" content=\"image\/jpeg\" \/>\n<meta name=\"twitter:card\" content=\"summary_large_image\" \/>\n<meta name=\"twitter:label1\" content=\"Dur\u00e9e de lecture estim\u00e9e\" \/>\n\t<meta name=\"twitter:data1\" content=\"1 minute\" \/>\n<script type=\"application\/ld+json\" class=\"yoast-schema-graph\">{\"@context\":\"https:\/\/schema.org\",\"@graph\":[{\"@type\":\"WebPage\",\"@id\":\"https:\/\/hubsch-interior.com\/fr\/produit\/orbit-lampe-de-table-metallic-silver\/\",\"url\":\"https:\/\/hubsch-interior.com\/fr\/produit\/orbit-lampe-de-table-metallic-silver\/\",\"name\":\"Orbit Lampe de table Metallic silver - H\u00fcbsch\",\"isPartOf\":{\"@id\":\"https:\/\/hubsch-interior.com\/fr\/#website\"},\"primaryImageOfPage\":{\"@id\":\"https:\/\/hubsch-interior.com\/fr\/produit\/orbit-lampe-de-table-metallic-silver\/#primaryimage\"},\"image\":{\"@id\":\"https:\/\/hubsch-interior.com\/fr\/produit\/orbit-lampe-de-table-metallic-silver\/#primaryimage\"},\"thumbnailUrl\":\"https:\/\/hubsch-interior.com\/wp-content\/uploads\/2026\/02\/orbit-table-lamp-metallic-silver-c985a1717ec1a79ec41867d397311262.jpg\",\"datePublished\":\"2024-12-03T13:27:49+00:00\",\"dateModified\":\"2026-04-11T03:02:39+00:00\",\"description\":\"Nous vous pr\u00e9sentons la Lampe de Table Orbit, d\u00e9sormais disponible dans une nouvelle couleur captivante : argent m\u00e9tallique. Cette pi\u00e8ce associe un\",\"breadcrumb\":{\"@id\":\"https:\/\/hubsch-interior.com\/fr\/produit\/orbit-lampe-de-table-metallic-silver\/#breadcrumb\"},\"inLanguage\":\"fr-FR\",\"potentialAction\":[{\"@type\":\"ReadAction\",\"target\":[\"https:\/\/hubsch-interior.com\/fr\/produit\/orbit-lampe-de-table-metallic-silver\/\"]}]},{\"@type\":\"ImageObject\",\"inLanguage\":\"fr-FR\",\"@id\":\"https:\/\/hubsch-interior.com\/fr\/produit\/orbit-lampe-de-table-metallic-silver\/#primaryimage\",\"url\":\"https:\/\/hubsch-interior.com\/wp-content\/uploads\/2026\/02\/orbit-table-lamp-metallic-silver-c985a1717ec1a79ec41867d397311262.jpg\",\"contentUrl\":\"https:\/\/hubsch-interior.com\/wp-content\/uploads\/2026\/02\/orbit-table-lamp-metallic-silver-c985a1717ec1a79ec41867d397311262.jpg\",\"width\":1024,\"height\":1024},{\"@type\":\"BreadcrumbList\",\"@id\":\"https:\/\/hubsch-interior.com\/fr\/produit\/orbit-lampe-de-table-metallic-silver\/#breadcrumb\",\"itemListElement\":[{\"@type\":\"ListItem\",\"position\":1,\"name\":\"Page d'accueil\",\"item\":\"https:\/\/hubsch-interior.com\/fr\/\"},{\"@type\":\"ListItem\",\"position\":2,\"name\":\"Produits\",\"item\":\"https:\/\/hubsch-interior.com\/fr\/shop-2\/\"},{\"@type\":\"ListItem\",\"position\":3,\"name\":\"Luminaires\",\"item\":\"https:\/\/hubsch-interior.com\/fr\/categorie-produit\/luminaires\/\"},{\"@type\":\"ListItem\",\"position\":4,\"name\":\"Lampes &agrave; poser\",\"item\":\"https:\/\/hubsch-interior.com\/fr\/categorie-produit\/luminaires\/lampes-a-poser-fr\/\"},{\"@type\":\"ListItem\",\"position\":5,\"name\":\"Orbit Lampe de table Metallic silver\"}]},{\"@type\":\"WebSite\",\"@id\":\"https:\/\/hubsch-interior.com\/fr\/#website\",\"url\":\"https:\/\/hubsch-interior.com\/fr\/\",\"name\":\"H\u00fcbsch\",\"description\":\"Danish Home Interior and Design\",\"publisher\":{\"@id\":\"https:\/\/hubsch-interior.com\/fr\/#organization\"},\"potentialAction\":[{\"@type\":\"SearchAction\",\"target\":{\"@type\":\"EntryPoint\",\"urlTemplate\":\"https:\/\/hubsch-interior.com\/fr\/?s={search_term_string}\"},\"query-input\":{\"@type\":\"PropertyValueSpecification\",\"valueRequired\":true,\"valueName\":\"search_term_string\"}}],\"inLanguage\":\"fr-FR\"},{\"@type\":\"Organization\",\"@id\":\"https:\/\/hubsch-interior.com\/fr\/#organization\",\"name\":\"H\u00fcbsch\",\"url\":\"https:\/\/hubsch-interior.com\/fr\/\",\"logo\":{\"@type\":\"ImageObject\",\"inLanguage\":\"fr-FR\",\"@id\":\"https:\/\/hubsch-interior.com\/fr\/#\/schema\/logo\/image\/\",\"url\":\"https:\/\/hubsch-interior.com\/wp-content\/uploads\/2022\/12\/Hubsch_logo_black_one_line.svg\",\"contentUrl\":\"https:\/\/hubsch-interior.com\/wp-content\/uploads\/2022\/12\/Hubsch_logo_black_one_line.svg\",\"caption\":\"H\u00fcbsch\"},\"image\":{\"@id\":\"https:\/\/hubsch-interior.com\/fr\/#\/schema\/logo\/image\/\"}}]}<\/script>\n<!-- \/ Yoast SEO plugin. -->","yoast_head_json":{"title":"Orbit Lampe de table Metallic silver - H\u00fcbsch","description":"Nous vous pr\u00e9sentons la Lampe de Table Orbit, d\u00e9sormais disponible dans une nouvelle couleur captivante : argent m\u00e9tallique. Cette pi\u00e8ce associe un","robots":{"index":"index","follow":"follow","max-snippet":"max-snippet:-1","max-image-preview":"max-image-preview:large","max-video-preview":"max-video-preview:-1"},"canonical":"https:\/\/hubsch-interior.com\/fr\/wp-json\/wp\/v2\/product\/1003525","og_locale":"fr_FR","og_type":"article","og_title":"Orbit Lampe de table Metallic silver - H\u00fcbsch","og_description":"Nous vous pr\u00e9sentons la Lampe de Table Orbit, d\u00e9sormais disponible dans une nouvelle couleur captivante : argent m\u00e9tallique. Cette pi\u00e8ce associe un","og_url":"https:\/\/hubsch-interior.com\/fr\/produit\/orbit-lampe-de-table-metallic-silver\/","og_site_name":"H\u00fcbsch","article_modified_time":"2026-04-11T03:02:39+00:00","og_image":[{"width":1024,"height":1024,"url":"https:\/\/hubsch-interior.com\/wp-content\/uploads\/2026\/02\/orbit-table-lamp-metallic-silver-c985a1717ec1a79ec41867d397311262.jpg","type":"image\/jpeg"}],"twitter_card":"summary_large_image","twitter_misc":{"Dur\u00e9e de lecture estim\u00e9e":"1 minute"},"schema":{"@context":"https:\/\/schema.org","@graph":[{"@type":"WebPage","@id":"https:\/\/hubsch-interior.com\/fr\/produit\/orbit-lampe-de-table-metallic-silver\/","url":"https:\/\/hubsch-interior.com\/fr\/produit\/orbit-lampe-de-table-metallic-silver\/","name":"Orbit Lampe de table Metallic silver - H\u00fcbsch","isPartOf":{"@id":"https:\/\/hubsch-interior.com\/fr\/#website"},"primaryImageOfPage":{"@id":"https:\/\/hubsch-interior.com\/fr\/produit\/orbit-lampe-de-table-metallic-silver\/#primaryimage"},"image":{"@id":"https:\/\/hubsch-interior.com\/fr\/produit\/orbit-lampe-de-table-metallic-silver\/#primaryimage"},"thumbnailUrl":"https:\/\/hubsch-interior.com\/wp-content\/uploads\/2026\/02\/orbit-table-lamp-metallic-silver-c985a1717ec1a79ec41867d397311262.jpg","datePublished":"2024-12-03T13:27:49+00:00","dateModified":"2026-04-11T03:02:39+00:00","description":"Nous vous pr\u00e9sentons la Lampe de Table Orbit, d\u00e9sormais disponible dans une nouvelle couleur captivante : argent m\u00e9tallique. Cette pi\u00e8ce associe un","breadcrumb":{"@id":"https:\/\/hubsch-interior.com\/fr\/produit\/orbit-lampe-de-table-metallic-silver\/#breadcrumb"},"inLanguage":"fr-FR","potentialAction":[{"@type":"ReadAction","target":["https:\/\/hubsch-interior.com\/fr\/produit\/orbit-lampe-de-table-metallic-silver\/"]}]},{"@type":"ImageObject","inLanguage":"fr-FR","@id":"https:\/\/hubsch-interior.com\/fr\/produit\/orbit-lampe-de-table-metallic-silver\/#primaryimage","url":"https:\/\/hubsch-interior.com\/wp-content\/uploads\/2026\/02\/orbit-table-lamp-metallic-silver-c985a1717ec1a79ec41867d397311262.jpg","contentUrl":"https:\/\/hubsch-interior.com\/wp-content\/uploads\/2026\/02\/orbit-table-lamp-metallic-silver-c985a1717ec1a79ec41867d397311262.jpg","width":1024,"height":1024},{"@type":"BreadcrumbList","@id":"https:\/\/hubsch-interior.com\/fr\/produit\/orbit-lampe-de-table-metallic-silver\/#breadcrumb","itemListElement":[{"@type":"ListItem","position":1,"name":"Page d'accueil","item":"https:\/\/hubsch-interior.com\/fr\/"},{"@type":"ListItem","position":2,"name":"Produits","item":"https:\/\/hubsch-interior.com\/fr\/shop-2\/"},{"@type":"ListItem","position":3,"name":"Luminaires","item":"https:\/\/hubsch-interior.com\/fr\/categorie-produit\/luminaires\/"},{"@type":"ListItem","position":4,"name":"Lampes &agrave; poser","item":"https:\/\/hubsch-interior.com\/fr\/categorie-produit\/luminaires\/lampes-a-poser-fr\/"},{"@type":"ListItem","position":5,"name":"Orbit Lampe de table Metallic silver"}]},{"@type":"WebSite","@id":"https:\/\/hubsch-interior.com\/fr\/#website","url":"https:\/\/hubsch-interior.com\/fr\/","name":"H\u00fcbsch","description":"Danish Home Interior and Design","publisher":{"@id":"https:\/\/hubsch-interior.com\/fr\/#organization"},"potentialAction":[{"@type":"SearchAction","target":{"@type":"EntryPoint","urlTemplate":"https:\/\/hubsch-interior.com\/fr\/?s={search_term_string}"},"query-input":{"@type":"PropertyValueSpecification","valueRequired":true,"valueName":"search_term_string"}}],"inLanguage":"fr-FR"},{"@type":"Organization","@id":"https:\/\/hubsch-interior.com\/fr\/#organization","name":"H\u00fcbsch","url":"https:\/\/hubsch-interior.com\/fr\/","logo":{"@type":"ImageObject","inLanguage":"fr-FR","@id":"https:\/\/hubsch-interior.com\/fr\/#\/schema\/logo\/image\/","url":"https:\/\/hubsch-interior.com\/wp-content\/uploads\/2022\/12\/Hubsch_logo_black_one_line.svg","contentUrl":"https:\/\/hubsch-interior.com\/wp-content\/uploads\/2022\/12\/Hubsch_logo_black_one_line.svg","caption":"H\u00fcbsch"},"image":{"@id":"https:\/\/hubsch-interior.com\/fr\/#\/schema\/logo\/image\/"}}]}},"_links":{"self":[{"href":"https:\/\/hubsch-interior.com\/fr\/wp-json\/wp\/v2\/product\/1003525","targetHints":{"allow":["GET"]}}],"collection":[{"href":"https:\/\/hubsch-interior.com\/fr\/wp-json\/wp\/v2\/product"}],"about":[{"href":"https:\/\/hubsch-interior.com\/fr\/wp-json\/wp\/v2\/types\/product"}],"wp:featuredmedia":[{"embeddable":true,"href":"https:\/\/hubsch-interior.com\/fr\/wp-json\/wp\/v2\/media\/1107647"}],"wp:attachment":[{"href":"https:\/\/hubsch-interior.com\/fr\/wp-json\/wp\/v2\/media?parent=1003525"}],"wp:term":[{"taxonomy":"product_brand","embeddable":true,"href":"https:\/\/hubsch-interior.com\/fr\/wp-json\/wp\/v2\/product_brand?post=1003525"},{"taxonomy":"product_cat","embeddable":true,"href":"https:\/\/hubsch-interior.com\/fr\/wp-json\/wp\/v2\/product_cat?post=1003525"},{"taxonomy":"product_tag","embeddable":true,"href":"https:\/\/hubsch-interior.com\/fr\/wp-json\/wp\/v2\/product_tag?post=1003525"}],"curies":[{"name":"wp","href":"https:\/\/api.w.org\/{rel}","templated":true}]}}