{"id":1003549,"date":"2024-12-03T14:28:23","date_gmt":"2024-12-03T13:28:23","guid":{"rendered":"https:\/\/hubsch-interior.com\/product\/product\/"},"modified":"2026-04-14T05:07:15","modified_gmt":"2026-04-14T03:07:15","slug":"ateliers-lampe-de-table-sable-blanc","status":"publish","type":"product","link":"https:\/\/hubsch-interior.com\/fr\/produit\/ateliers-lampe-de-table-sable-blanc\/","title":{"rendered":"Ateliers Lampe de table Sable\/Blanc"},"content":{"rendered":"<p>Nous sommes heureux de vous pr\u00e9senter la Lampe de table Ateliers, une fusion charmante de forme et de fonctionnalit\u00e9, dans une nouvelle couleur ajout\u00e9e \u00e0 notre mod\u00e8le d\u00e9j\u00e0 appr\u00e9ci\u00e9. Avec sa base de couleur sable et sa forme amusante de champignon, cette lampe de table classique apporte une touche de fantaisie et de chaleur dans n&#8217;importe quel espace. Fabriqu\u00e9e en verre \u00e9l\u00e9gant et en m\u00e9tal robuste, elle est dot\u00e9e d&#8217;un abat-jour en opale doux qui diffuse la lumi\u00e8re de mani\u00e8re sublime, cr\u00e9ant une atmosph\u00e8re cosy et accueillante. Parfaite pour \u00e9clairer vos lectures nocturnes ou pour ajouter une lueur sereine \u00e0 vos moments de d\u00e9tente en soir\u00e9e. Un chef-d&#8217;\u0153uvre minimaliste qui s&#8217;int\u00e8gre harmonieusement \u00e0 votre d\u00e9coration int\u00e9rieure.<\/p>\n","protected":false},"excerpt":{"rendered":"<p>Nous sommes heureux de vous pr\u00e9senter la Lampe de table Ateliers, une fusion charmante de forme et de fonctionnalit\u00e9, dans une nouvelle couleur ajout\u00e9e \u00e0 notre mod\u00e8le d\u00e9j\u00e0 appr\u00e9ci\u00e9. Avec sa base de couleur sable et sa forme amusante de champignon, cette lampe de table classique apporte une touche de fantaisie et de chaleur dans [&hellip;]<\/p>\n","protected":false},"featured_media":1107683,"template":"","meta":{"_acf_changed":false,"inline_featured_image":false},"product_brand":[],"product_cat":[6997,3810,3500,5026],"product_tag":[],"class_list":{"0":"post-1003549","1":"product","2":"type-product","3":"status-publish","4":"has-post-thumbnail","6":"product_cat-the-buzz-fr","7":"product_cat-luminaires","8":"product_cat-lampes-a-poser-fr","9":"product_cat-bestsellers-fr","10":"product_shipping_class-pk","12":"pa_color-blanc","13":"pa_color-sable","14":"pa_material-fer-fr","15":"pa_material-verre-fr","17":"first","18":"instock","19":"featured","20":"taxable","21":"shipping-taxable","22":"purchasable","23":"product-type-simple"},"exclude_global_add_ons":[],"addons":[],"acf":[],"yoast_head":"<!-- This site is optimized with the Yoast SEO plugin v26.4 - https:\/\/yoast.com\/wordpress\/plugins\/seo\/ -->\n<title>Ateliers Lampe de table Sable\/Blanc - H\u00fcbsch<\/title>\n<meta name=\"description\" content=\"Nous sommes heureux de vous pr\u00e9senter la Lampe de table Ateliers, une fusion charmante de forme et de fonctionnalit\u00e9, dans une nouvelle couleur ajout\u00e9e \u00e0\" \/>\n<meta name=\"robots\" content=\"index, follow, max-snippet:-1, max-image-preview:large, max-video-preview:-1\" \/>\n<link rel=\"canonical\" href=\"https:\/\/hubsch-interior.com\/fr\/wp-json\/wp\/v2\/product\/1003549\" \/>\n<meta property=\"og:locale\" content=\"fr_FR\" \/>\n<meta property=\"og:type\" content=\"article\" \/>\n<meta property=\"og:title\" content=\"Ateliers Lampe de table Sable\/Blanc - H\u00fcbsch\" \/>\n<meta property=\"og:description\" content=\"Nous sommes heureux de vous pr\u00e9senter la Lampe de table Ateliers, une fusion charmante de forme et de fonctionnalit\u00e9, dans une nouvelle couleur ajout\u00e9e \u00e0\" \/>\n<meta property=\"og:url\" content=\"https:\/\/hubsch-interior.com\/fr\/produit\/ateliers-lampe-de-table-sable-blanc\/\" \/>\n<meta property=\"og:site_name\" content=\"H\u00fcbsch\" \/>\n<meta property=\"article:modified_time\" content=\"2026-04-14T03:07:15+00:00\" \/>\n<meta property=\"og:image\" content=\"https:\/\/hubsch-interior.com\/wp-content\/uploads\/2024\/12\/ateliers-table-lamp-sandwhite-6022bb70a37789bcf161e91ca7c992c8.jpg\" \/>\n\t<meta property=\"og:image:width\" content=\"1200\" \/>\n\t<meta property=\"og:image:height\" content=\"1200\" \/>\n\t<meta property=\"og:image:type\" content=\"image\/jpeg\" \/>\n<meta name=\"twitter:card\" content=\"summary_large_image\" \/>\n<meta name=\"twitter:label1\" content=\"Dur\u00e9e de lecture estim\u00e9e\" \/>\n\t<meta name=\"twitter:data1\" content=\"1 minute\" \/>\n<script type=\"application\/ld+json\" class=\"yoast-schema-graph\">{\"@context\":\"https:\/\/schema.org\",\"@graph\":[{\"@type\":\"WebPage\",\"@id\":\"https:\/\/hubsch-interior.com\/fr\/produit\/ateliers-lampe-de-table-sable-blanc\/\",\"url\":\"https:\/\/hubsch-interior.com\/fr\/produit\/ateliers-lampe-de-table-sable-blanc\/\",\"name\":\"Ateliers Lampe de table Sable\/Blanc - H\u00fcbsch\",\"isPartOf\":{\"@id\":\"https:\/\/hubsch-interior.com\/fr\/#website\"},\"primaryImageOfPage\":{\"@id\":\"https:\/\/hubsch-interior.com\/fr\/produit\/ateliers-lampe-de-table-sable-blanc\/#primaryimage\"},\"image\":{\"@id\":\"https:\/\/hubsch-interior.com\/fr\/produit\/ateliers-lampe-de-table-sable-blanc\/#primaryimage\"},\"thumbnailUrl\":\"https:\/\/hubsch-interior.com\/wp-content\/uploads\/2026\/02\/ateliers-table-lamp-sandwhite-a0f16e767dac653fb7e3ad81399da36d.jpg\",\"datePublished\":\"2024-12-03T13:28:23+00:00\",\"dateModified\":\"2026-04-14T03:07:15+00:00\",\"description\":\"Nous sommes heureux de vous pr\u00e9senter la Lampe de table Ateliers, une fusion charmante de forme et de fonctionnalit\u00e9, dans une nouvelle couleur ajout\u00e9e \u00e0\",\"breadcrumb\":{\"@id\":\"https:\/\/hubsch-interior.com\/fr\/produit\/ateliers-lampe-de-table-sable-blanc\/#breadcrumb\"},\"inLanguage\":\"fr-FR\",\"potentialAction\":[{\"@type\":\"ReadAction\",\"target\":[\"https:\/\/hubsch-interior.com\/fr\/produit\/ateliers-lampe-de-table-sable-blanc\/\"]}]},{\"@type\":\"ImageObject\",\"inLanguage\":\"fr-FR\",\"@id\":\"https:\/\/hubsch-interior.com\/fr\/produit\/ateliers-lampe-de-table-sable-blanc\/#primaryimage\",\"url\":\"https:\/\/hubsch-interior.com\/wp-content\/uploads\/2026\/02\/ateliers-table-lamp-sandwhite-a0f16e767dac653fb7e3ad81399da36d.jpg\",\"contentUrl\":\"https:\/\/hubsch-interior.com\/wp-content\/uploads\/2026\/02\/ateliers-table-lamp-sandwhite-a0f16e767dac653fb7e3ad81399da36d.jpg\",\"width\":1024,\"height\":1024},{\"@type\":\"BreadcrumbList\",\"@id\":\"https:\/\/hubsch-interior.com\/fr\/produit\/ateliers-lampe-de-table-sable-blanc\/#breadcrumb\",\"itemListElement\":[{\"@type\":\"ListItem\",\"position\":1,\"name\":\"Page d'accueil\",\"item\":\"https:\/\/hubsch-interior.com\/fr\/\"},{\"@type\":\"ListItem\",\"position\":2,\"name\":\"Produits\",\"item\":\"https:\/\/hubsch-interior.com\/fr\/shop-2\/\"},{\"@type\":\"ListItem\",\"position\":3,\"name\":\"Luminaires\",\"item\":\"https:\/\/hubsch-interior.com\/fr\/categorie-produit\/luminaires\/\"},{\"@type\":\"ListItem\",\"position\":4,\"name\":\"Lampes &agrave; poser\",\"item\":\"https:\/\/hubsch-interior.com\/fr\/categorie-produit\/luminaires\/lampes-a-poser-fr\/\"},{\"@type\":\"ListItem\",\"position\":5,\"name\":\"Ateliers Lampe de table Sable\/Blanc\"}]},{\"@type\":\"WebSite\",\"@id\":\"https:\/\/hubsch-interior.com\/fr\/#website\",\"url\":\"https:\/\/hubsch-interior.com\/fr\/\",\"name\":\"H\u00fcbsch\",\"description\":\"Danish Home Interior and Design\",\"publisher\":{\"@id\":\"https:\/\/hubsch-interior.com\/fr\/#organization\"},\"potentialAction\":[{\"@type\":\"SearchAction\",\"target\":{\"@type\":\"EntryPoint\",\"urlTemplate\":\"https:\/\/hubsch-interior.com\/fr\/?s={search_term_string}\"},\"query-input\":{\"@type\":\"PropertyValueSpecification\",\"valueRequired\":true,\"valueName\":\"search_term_string\"}}],\"inLanguage\":\"fr-FR\"},{\"@type\":\"Organization\",\"@id\":\"https:\/\/hubsch-interior.com\/fr\/#organization\",\"name\":\"H\u00fcbsch\",\"url\":\"https:\/\/hubsch-interior.com\/fr\/\",\"logo\":{\"@type\":\"ImageObject\",\"inLanguage\":\"fr-FR\",\"@id\":\"https:\/\/hubsch-interior.com\/fr\/#\/schema\/logo\/image\/\",\"url\":\"https:\/\/hubsch-interior.com\/wp-content\/uploads\/2022\/12\/Hubsch_logo_black_one_line.svg\",\"contentUrl\":\"https:\/\/hubsch-interior.com\/wp-content\/uploads\/2022\/12\/Hubsch_logo_black_one_line.svg\",\"caption\":\"H\u00fcbsch\"},\"image\":{\"@id\":\"https:\/\/hubsch-interior.com\/fr\/#\/schema\/logo\/image\/\"}}]}<\/script>\n<!-- \/ Yoast SEO plugin. -->","yoast_head_json":{"title":"Ateliers Lampe de table Sable\/Blanc - H\u00fcbsch","description":"Nous sommes heureux de vous pr\u00e9senter la Lampe de table Ateliers, une fusion charmante de forme et de fonctionnalit\u00e9, dans une nouvelle couleur ajout\u00e9e \u00e0","robots":{"index":"index","follow":"follow","max-snippet":"max-snippet:-1","max-image-preview":"max-image-preview:large","max-video-preview":"max-video-preview:-1"},"canonical":"https:\/\/hubsch-interior.com\/fr\/wp-json\/wp\/v2\/product\/1003549","og_locale":"fr_FR","og_type":"article","og_title":"Ateliers Lampe de table Sable\/Blanc - H\u00fcbsch","og_description":"Nous sommes heureux de vous pr\u00e9senter la Lampe de table Ateliers, une fusion charmante de forme et de fonctionnalit\u00e9, dans une nouvelle couleur ajout\u00e9e \u00e0","og_url":"https:\/\/hubsch-interior.com\/fr\/produit\/ateliers-lampe-de-table-sable-blanc\/","og_site_name":"H\u00fcbsch","article_modified_time":"2026-04-14T03:07:15+00:00","og_image":[{"width":1200,"height":1200,"url":"https:\/\/hubsch-interior.com\/wp-content\/uploads\/2024\/12\/ateliers-table-lamp-sandwhite-6022bb70a37789bcf161e91ca7c992c8.jpg","type":"image\/jpeg"}],"twitter_card":"summary_large_image","twitter_misc":{"Dur\u00e9e de lecture estim\u00e9e":"1 minute"},"schema":{"@context":"https:\/\/schema.org","@graph":[{"@type":"WebPage","@id":"https:\/\/hubsch-interior.com\/fr\/produit\/ateliers-lampe-de-table-sable-blanc\/","url":"https:\/\/hubsch-interior.com\/fr\/produit\/ateliers-lampe-de-table-sable-blanc\/","name":"Ateliers Lampe de table Sable\/Blanc - H\u00fcbsch","isPartOf":{"@id":"https:\/\/hubsch-interior.com\/fr\/#website"},"primaryImageOfPage":{"@id":"https:\/\/hubsch-interior.com\/fr\/produit\/ateliers-lampe-de-table-sable-blanc\/#primaryimage"},"image":{"@id":"https:\/\/hubsch-interior.com\/fr\/produit\/ateliers-lampe-de-table-sable-blanc\/#primaryimage"},"thumbnailUrl":"https:\/\/hubsch-interior.com\/wp-content\/uploads\/2026\/02\/ateliers-table-lamp-sandwhite-a0f16e767dac653fb7e3ad81399da36d.jpg","datePublished":"2024-12-03T13:28:23+00:00","dateModified":"2026-04-14T03:07:15+00:00","description":"Nous sommes heureux de vous pr\u00e9senter la Lampe de table Ateliers, une fusion charmante de forme et de fonctionnalit\u00e9, dans une nouvelle couleur ajout\u00e9e \u00e0","breadcrumb":{"@id":"https:\/\/hubsch-interior.com\/fr\/produit\/ateliers-lampe-de-table-sable-blanc\/#breadcrumb"},"inLanguage":"fr-FR","potentialAction":[{"@type":"ReadAction","target":["https:\/\/hubsch-interior.com\/fr\/produit\/ateliers-lampe-de-table-sable-blanc\/"]}]},{"@type":"ImageObject","inLanguage":"fr-FR","@id":"https:\/\/hubsch-interior.com\/fr\/produit\/ateliers-lampe-de-table-sable-blanc\/#primaryimage","url":"https:\/\/hubsch-interior.com\/wp-content\/uploads\/2026\/02\/ateliers-table-lamp-sandwhite-a0f16e767dac653fb7e3ad81399da36d.jpg","contentUrl":"https:\/\/hubsch-interior.com\/wp-content\/uploads\/2026\/02\/ateliers-table-lamp-sandwhite-a0f16e767dac653fb7e3ad81399da36d.jpg","width":1024,"height":1024},{"@type":"BreadcrumbList","@id":"https:\/\/hubsch-interior.com\/fr\/produit\/ateliers-lampe-de-table-sable-blanc\/#breadcrumb","itemListElement":[{"@type":"ListItem","position":1,"name":"Page d'accueil","item":"https:\/\/hubsch-interior.com\/fr\/"},{"@type":"ListItem","position":2,"name":"Produits","item":"https:\/\/hubsch-interior.com\/fr\/shop-2\/"},{"@type":"ListItem","position":3,"name":"Luminaires","item":"https:\/\/hubsch-interior.com\/fr\/categorie-produit\/luminaires\/"},{"@type":"ListItem","position":4,"name":"Lampes &agrave; poser","item":"https:\/\/hubsch-interior.com\/fr\/categorie-produit\/luminaires\/lampes-a-poser-fr\/"},{"@type":"ListItem","position":5,"name":"Ateliers Lampe de table Sable\/Blanc"}]},{"@type":"WebSite","@id":"https:\/\/hubsch-interior.com\/fr\/#website","url":"https:\/\/hubsch-interior.com\/fr\/","name":"H\u00fcbsch","description":"Danish Home Interior and Design","publisher":{"@id":"https:\/\/hubsch-interior.com\/fr\/#organization"},"potentialAction":[{"@type":"SearchAction","target":{"@type":"EntryPoint","urlTemplate":"https:\/\/hubsch-interior.com\/fr\/?s={search_term_string}"},"query-input":{"@type":"PropertyValueSpecification","valueRequired":true,"valueName":"search_term_string"}}],"inLanguage":"fr-FR"},{"@type":"Organization","@id":"https:\/\/hubsch-interior.com\/fr\/#organization","name":"H\u00fcbsch","url":"https:\/\/hubsch-interior.com\/fr\/","logo":{"@type":"ImageObject","inLanguage":"fr-FR","@id":"https:\/\/hubsch-interior.com\/fr\/#\/schema\/logo\/image\/","url":"https:\/\/hubsch-interior.com\/wp-content\/uploads\/2022\/12\/Hubsch_logo_black_one_line.svg","contentUrl":"https:\/\/hubsch-interior.com\/wp-content\/uploads\/2022\/12\/Hubsch_logo_black_one_line.svg","caption":"H\u00fcbsch"},"image":{"@id":"https:\/\/hubsch-interior.com\/fr\/#\/schema\/logo\/image\/"}}]}},"_links":{"self":[{"href":"https:\/\/hubsch-interior.com\/fr\/wp-json\/wp\/v2\/product\/1003549","targetHints":{"allow":["GET"]}}],"collection":[{"href":"https:\/\/hubsch-interior.com\/fr\/wp-json\/wp\/v2\/product"}],"about":[{"href":"https:\/\/hubsch-interior.com\/fr\/wp-json\/wp\/v2\/types\/product"}],"wp:featuredmedia":[{"embeddable":true,"href":"https:\/\/hubsch-interior.com\/fr\/wp-json\/wp\/v2\/media\/1107683"}],"wp:attachment":[{"href":"https:\/\/hubsch-interior.com\/fr\/wp-json\/wp\/v2\/media?parent=1003549"}],"wp:term":[{"taxonomy":"product_brand","embeddable":true,"href":"https:\/\/hubsch-interior.com\/fr\/wp-json\/wp\/v2\/product_brand?post=1003549"},{"taxonomy":"product_cat","embeddable":true,"href":"https:\/\/hubsch-interior.com\/fr\/wp-json\/wp\/v2\/product_cat?post=1003549"},{"taxonomy":"product_tag","embeddable":true,"href":"https:\/\/hubsch-interior.com\/fr\/wp-json\/wp\/v2\/product_tag?post=1003549"}],"curies":[{"name":"wp","href":"https:\/\/api.w.org\/{rel}","templated":true}]}}