{"id":1003680,"date":"2024-12-03T16:22:06","date_gmt":"2024-12-03T15:22:06","guid":{"rendered":"https:\/\/hubsch-interior.com\/product\/product\/"},"modified":"2026-04-05T05:09:06","modified_gmt":"2026-04-05T03:09:06","slug":"hues-lampe-de-table-vert-clair","status":"publish","type":"product","link":"https:\/\/hubsch-interior.com\/fr\/produit\/hues-lampe-de-table-vert-clair\/","title":{"rendered":"Hues Lampe de table Vert Clair"},"content":{"rendered":"<p>D\u00e9couvrez la Hues Lampe de table, un phare de tranquillit\u00e9 en vert opale lumineux. Enti\u00e8rement fabriqu\u00e9e en verre, cette lampe n&#8217;est pas seulement une source de lumi\u00e8re, mais \u00e9galement une pi\u00e8ce de d\u00e9claration qui enrichit votre espace personnel. Elle diffuse une lumi\u00e8re ambiante douce, id\u00e9ale pour ces soir\u00e9es tranquilles avec un livre ou un doux verre de nuit. Le fil color\u00e9 ajoute une touche charmante, garantissant que cette lampe ne passe pas inaper\u00e7ue. Invitez la s\u00e9r\u00e9nit\u00e9 chez vous avec la Hues Lampe de table.<\/p>\n","protected":false},"excerpt":{"rendered":"<p>D\u00e9couvrez la Hues Lampe de table, un phare de tranquillit\u00e9 en vert opale lumineux. Enti\u00e8rement fabriqu\u00e9e en verre, cette lampe n&#8217;est pas seulement une source de lumi\u00e8re, mais \u00e9galement une pi\u00e8ce de d\u00e9claration qui enrichit votre espace personnel. Elle diffuse une lumi\u00e8re ambiante douce, id\u00e9ale pour ces soir\u00e9es tranquilles avec un livre ou un doux [&hellip;]<\/p>\n","protected":false},"featured_media":1107531,"template":"","meta":{"_acf_changed":false,"inline_featured_image":false},"product_brand":[],"product_cat":[6997,3810,3500,5026,5030],"product_tag":[],"class_list":{"0":"post-1003680","1":"product","2":"type-product","3":"status-publish","4":"has-post-thumbnail","6":"product_cat-the-buzz-fr","7":"product_cat-luminaires","8":"product_cat-lampes-a-poser-fr","9":"product_cat-bestsellers-fr","10":"product_cat-de-nouveau-en-stock-fr","11":"product_shipping_class-pk","13":"pa_color-vert-clair-2","14":"pa_material-verre-fr","16":"first","17":"instock","18":"featured","19":"taxable","20":"shipping-taxable","21":"purchasable","22":"product-type-simple"},"exclude_global_add_ons":[],"addons":[],"acf":[],"yoast_head":"<!-- This site is optimized with the Yoast SEO plugin v26.4 - https:\/\/yoast.com\/wordpress\/plugins\/seo\/ -->\n<title>Hues Lampe de table Vert Clair - H\u00fcbsch<\/title>\n<meta name=\"description\" content=\"D\u00e9couvrez la Hues Lampe de table, un phare de tranquillit\u00e9 en vert opale lumineux. Enti\u00e8rement fabriqu\u00e9e en verre, cette lampe n&#039;est pas seulement une\" \/>\n<meta name=\"robots\" content=\"index, follow, max-snippet:-1, max-image-preview:large, max-video-preview:-1\" \/>\n<link rel=\"canonical\" href=\"https:\/\/hubsch-interior.com\/fr\/wp-json\/wp\/v2\/product\/1003680\" \/>\n<meta property=\"og:locale\" content=\"fr_FR\" \/>\n<meta property=\"og:type\" content=\"article\" \/>\n<meta property=\"og:title\" content=\"Hues Lampe de table Vert Clair - H\u00fcbsch\" \/>\n<meta property=\"og:description\" content=\"D\u00e9couvrez la Hues Lampe de table, un phare de tranquillit\u00e9 en vert opale lumineux. Enti\u00e8rement fabriqu\u00e9e en verre, cette lampe n&#039;est pas seulement une\" \/>\n<meta property=\"og:url\" content=\"https:\/\/hubsch-interior.com\/fr\/produit\/hues-lampe-de-table-vert-clair\/\" \/>\n<meta property=\"og:site_name\" content=\"H\u00fcbsch\" \/>\n<meta property=\"article:modified_time\" content=\"2026-04-05T03:09:06+00:00\" \/>\n<meta property=\"og:image\" content=\"https:\/\/hubsch-interior.com\/wp-content\/uploads\/2024\/12\/hues-table-lamp-light-green-726a8d70eb081553a9a91d0046c36a33.jpg\" \/>\n\t<meta property=\"og:image:width\" content=\"1200\" \/>\n\t<meta property=\"og:image:height\" content=\"1200\" \/>\n\t<meta property=\"og:image:type\" content=\"image\/jpeg\" \/>\n<meta name=\"twitter:card\" content=\"summary_large_image\" \/>\n<script type=\"application\/ld+json\" class=\"yoast-schema-graph\">{\"@context\":\"https:\/\/schema.org\",\"@graph\":[{\"@type\":\"WebPage\",\"@id\":\"https:\/\/hubsch-interior.com\/fr\/produit\/hues-lampe-de-table-vert-clair\/\",\"url\":\"https:\/\/hubsch-interior.com\/fr\/produit\/hues-lampe-de-table-vert-clair\/\",\"name\":\"Hues Lampe de table Vert Clair - H\u00fcbsch\",\"isPartOf\":{\"@id\":\"https:\/\/hubsch-interior.com\/fr\/#website\"},\"primaryImageOfPage\":{\"@id\":\"https:\/\/hubsch-interior.com\/fr\/produit\/hues-lampe-de-table-vert-clair\/#primaryimage\"},\"image\":{\"@id\":\"https:\/\/hubsch-interior.com\/fr\/produit\/hues-lampe-de-table-vert-clair\/#primaryimage\"},\"thumbnailUrl\":\"https:\/\/hubsch-interior.com\/wp-content\/uploads\/2026\/02\/hues-table-lamp-light-green-663dd6844a5640a71f0552033cb331b5.jpg\",\"datePublished\":\"2024-12-03T15:22:06+00:00\",\"dateModified\":\"2026-04-05T03:09:06+00:00\",\"description\":\"D\u00e9couvrez la Hues Lampe de table, un phare de tranquillit\u00e9 en vert opale lumineux. Enti\u00e8rement fabriqu\u00e9e en verre, cette lampe n'est pas seulement une\",\"breadcrumb\":{\"@id\":\"https:\/\/hubsch-interior.com\/fr\/produit\/hues-lampe-de-table-vert-clair\/#breadcrumb\"},\"inLanguage\":\"fr-FR\",\"potentialAction\":[{\"@type\":\"ReadAction\",\"target\":[\"https:\/\/hubsch-interior.com\/fr\/produit\/hues-lampe-de-table-vert-clair\/\"]}]},{\"@type\":\"ImageObject\",\"inLanguage\":\"fr-FR\",\"@id\":\"https:\/\/hubsch-interior.com\/fr\/produit\/hues-lampe-de-table-vert-clair\/#primaryimage\",\"url\":\"https:\/\/hubsch-interior.com\/wp-content\/uploads\/2026\/02\/hues-table-lamp-light-green-663dd6844a5640a71f0552033cb331b5.jpg\",\"contentUrl\":\"https:\/\/hubsch-interior.com\/wp-content\/uploads\/2026\/02\/hues-table-lamp-light-green-663dd6844a5640a71f0552033cb331b5.jpg\",\"width\":1024,\"height\":1024},{\"@type\":\"BreadcrumbList\",\"@id\":\"https:\/\/hubsch-interior.com\/fr\/produit\/hues-lampe-de-table-vert-clair\/#breadcrumb\",\"itemListElement\":[{\"@type\":\"ListItem\",\"position\":1,\"name\":\"Page d'accueil\",\"item\":\"https:\/\/hubsch-interior.com\/fr\/\"},{\"@type\":\"ListItem\",\"position\":2,\"name\":\"Produits\",\"item\":\"https:\/\/hubsch-interior.com\/fr\/shop-2\/\"},{\"@type\":\"ListItem\",\"position\":3,\"name\":\"Luminaires\",\"item\":\"https:\/\/hubsch-interior.com\/fr\/categorie-produit\/luminaires\/\"},{\"@type\":\"ListItem\",\"position\":4,\"name\":\"Lampes &agrave; poser\",\"item\":\"https:\/\/hubsch-interior.com\/fr\/categorie-produit\/luminaires\/lampes-a-poser-fr\/\"},{\"@type\":\"ListItem\",\"position\":5,\"name\":\"Hues Lampe de table Vert Clair\"}]},{\"@type\":\"WebSite\",\"@id\":\"https:\/\/hubsch-interior.com\/fr\/#website\",\"url\":\"https:\/\/hubsch-interior.com\/fr\/\",\"name\":\"H\u00fcbsch\",\"description\":\"Danish Home Interior and Design\",\"publisher\":{\"@id\":\"https:\/\/hubsch-interior.com\/fr\/#organization\"},\"potentialAction\":[{\"@type\":\"SearchAction\",\"target\":{\"@type\":\"EntryPoint\",\"urlTemplate\":\"https:\/\/hubsch-interior.com\/fr\/?s={search_term_string}\"},\"query-input\":{\"@type\":\"PropertyValueSpecification\",\"valueRequired\":true,\"valueName\":\"search_term_string\"}}],\"inLanguage\":\"fr-FR\"},{\"@type\":\"Organization\",\"@id\":\"https:\/\/hubsch-interior.com\/fr\/#organization\",\"name\":\"H\u00fcbsch\",\"url\":\"https:\/\/hubsch-interior.com\/fr\/\",\"logo\":{\"@type\":\"ImageObject\",\"inLanguage\":\"fr-FR\",\"@id\":\"https:\/\/hubsch-interior.com\/fr\/#\/schema\/logo\/image\/\",\"url\":\"https:\/\/hubsch-interior.com\/wp-content\/uploads\/2022\/12\/Hubsch_logo_black_one_line.svg\",\"contentUrl\":\"https:\/\/hubsch-interior.com\/wp-content\/uploads\/2022\/12\/Hubsch_logo_black_one_line.svg\",\"caption\":\"H\u00fcbsch\"},\"image\":{\"@id\":\"https:\/\/hubsch-interior.com\/fr\/#\/schema\/logo\/image\/\"}}]}<\/script>\n<!-- \/ Yoast SEO plugin. -->","yoast_head_json":{"title":"Hues Lampe de table Vert Clair - H\u00fcbsch","description":"D\u00e9couvrez la Hues Lampe de table, un phare de tranquillit\u00e9 en vert opale lumineux. Enti\u00e8rement fabriqu\u00e9e en verre, cette lampe n'est pas seulement une","robots":{"index":"index","follow":"follow","max-snippet":"max-snippet:-1","max-image-preview":"max-image-preview:large","max-video-preview":"max-video-preview:-1"},"canonical":"https:\/\/hubsch-interior.com\/fr\/wp-json\/wp\/v2\/product\/1003680","og_locale":"fr_FR","og_type":"article","og_title":"Hues Lampe de table Vert Clair - H\u00fcbsch","og_description":"D\u00e9couvrez la Hues Lampe de table, un phare de tranquillit\u00e9 en vert opale lumineux. Enti\u00e8rement fabriqu\u00e9e en verre, cette lampe n'est pas seulement une","og_url":"https:\/\/hubsch-interior.com\/fr\/produit\/hues-lampe-de-table-vert-clair\/","og_site_name":"H\u00fcbsch","article_modified_time":"2026-04-05T03:09:06+00:00","og_image":[{"width":1200,"height":1200,"url":"https:\/\/hubsch-interior.com\/wp-content\/uploads\/2024\/12\/hues-table-lamp-light-green-726a8d70eb081553a9a91d0046c36a33.jpg","type":"image\/jpeg"}],"twitter_card":"summary_large_image","schema":{"@context":"https:\/\/schema.org","@graph":[{"@type":"WebPage","@id":"https:\/\/hubsch-interior.com\/fr\/produit\/hues-lampe-de-table-vert-clair\/","url":"https:\/\/hubsch-interior.com\/fr\/produit\/hues-lampe-de-table-vert-clair\/","name":"Hues Lampe de table Vert Clair - H\u00fcbsch","isPartOf":{"@id":"https:\/\/hubsch-interior.com\/fr\/#website"},"primaryImageOfPage":{"@id":"https:\/\/hubsch-interior.com\/fr\/produit\/hues-lampe-de-table-vert-clair\/#primaryimage"},"image":{"@id":"https:\/\/hubsch-interior.com\/fr\/produit\/hues-lampe-de-table-vert-clair\/#primaryimage"},"thumbnailUrl":"https:\/\/hubsch-interior.com\/wp-content\/uploads\/2026\/02\/hues-table-lamp-light-green-663dd6844a5640a71f0552033cb331b5.jpg","datePublished":"2024-12-03T15:22:06+00:00","dateModified":"2026-04-05T03:09:06+00:00","description":"D\u00e9couvrez la Hues Lampe de table, un phare de tranquillit\u00e9 en vert opale lumineux. Enti\u00e8rement fabriqu\u00e9e en verre, cette lampe n'est pas seulement une","breadcrumb":{"@id":"https:\/\/hubsch-interior.com\/fr\/produit\/hues-lampe-de-table-vert-clair\/#breadcrumb"},"inLanguage":"fr-FR","potentialAction":[{"@type":"ReadAction","target":["https:\/\/hubsch-interior.com\/fr\/produit\/hues-lampe-de-table-vert-clair\/"]}]},{"@type":"ImageObject","inLanguage":"fr-FR","@id":"https:\/\/hubsch-interior.com\/fr\/produit\/hues-lampe-de-table-vert-clair\/#primaryimage","url":"https:\/\/hubsch-interior.com\/wp-content\/uploads\/2026\/02\/hues-table-lamp-light-green-663dd6844a5640a71f0552033cb331b5.jpg","contentUrl":"https:\/\/hubsch-interior.com\/wp-content\/uploads\/2026\/02\/hues-table-lamp-light-green-663dd6844a5640a71f0552033cb331b5.jpg","width":1024,"height":1024},{"@type":"BreadcrumbList","@id":"https:\/\/hubsch-interior.com\/fr\/produit\/hues-lampe-de-table-vert-clair\/#breadcrumb","itemListElement":[{"@type":"ListItem","position":1,"name":"Page d'accueil","item":"https:\/\/hubsch-interior.com\/fr\/"},{"@type":"ListItem","position":2,"name":"Produits","item":"https:\/\/hubsch-interior.com\/fr\/shop-2\/"},{"@type":"ListItem","position":3,"name":"Luminaires","item":"https:\/\/hubsch-interior.com\/fr\/categorie-produit\/luminaires\/"},{"@type":"ListItem","position":4,"name":"Lampes &agrave; poser","item":"https:\/\/hubsch-interior.com\/fr\/categorie-produit\/luminaires\/lampes-a-poser-fr\/"},{"@type":"ListItem","position":5,"name":"Hues Lampe de table Vert Clair"}]},{"@type":"WebSite","@id":"https:\/\/hubsch-interior.com\/fr\/#website","url":"https:\/\/hubsch-interior.com\/fr\/","name":"H\u00fcbsch","description":"Danish Home Interior and Design","publisher":{"@id":"https:\/\/hubsch-interior.com\/fr\/#organization"},"potentialAction":[{"@type":"SearchAction","target":{"@type":"EntryPoint","urlTemplate":"https:\/\/hubsch-interior.com\/fr\/?s={search_term_string}"},"query-input":{"@type":"PropertyValueSpecification","valueRequired":true,"valueName":"search_term_string"}}],"inLanguage":"fr-FR"},{"@type":"Organization","@id":"https:\/\/hubsch-interior.com\/fr\/#organization","name":"H\u00fcbsch","url":"https:\/\/hubsch-interior.com\/fr\/","logo":{"@type":"ImageObject","inLanguage":"fr-FR","@id":"https:\/\/hubsch-interior.com\/fr\/#\/schema\/logo\/image\/","url":"https:\/\/hubsch-interior.com\/wp-content\/uploads\/2022\/12\/Hubsch_logo_black_one_line.svg","contentUrl":"https:\/\/hubsch-interior.com\/wp-content\/uploads\/2022\/12\/Hubsch_logo_black_one_line.svg","caption":"H\u00fcbsch"},"image":{"@id":"https:\/\/hubsch-interior.com\/fr\/#\/schema\/logo\/image\/"}}]}},"_links":{"self":[{"href":"https:\/\/hubsch-interior.com\/fr\/wp-json\/wp\/v2\/product\/1003680","targetHints":{"allow":["GET"]}}],"collection":[{"href":"https:\/\/hubsch-interior.com\/fr\/wp-json\/wp\/v2\/product"}],"about":[{"href":"https:\/\/hubsch-interior.com\/fr\/wp-json\/wp\/v2\/types\/product"}],"wp:featuredmedia":[{"embeddable":true,"href":"https:\/\/hubsch-interior.com\/fr\/wp-json\/wp\/v2\/media\/1107531"}],"wp:attachment":[{"href":"https:\/\/hubsch-interior.com\/fr\/wp-json\/wp\/v2\/media?parent=1003680"}],"wp:term":[{"taxonomy":"product_brand","embeddable":true,"href":"https:\/\/hubsch-interior.com\/fr\/wp-json\/wp\/v2\/product_brand?post=1003680"},{"taxonomy":"product_cat","embeddable":true,"href":"https:\/\/hubsch-interior.com\/fr\/wp-json\/wp\/v2\/product_cat?post=1003680"},{"taxonomy":"product_tag","embeddable":true,"href":"https:\/\/hubsch-interior.com\/fr\/wp-json\/wp\/v2\/product_tag?post=1003680"}],"curies":[{"name":"wp","href":"https:\/\/api.w.org\/{rel}","templated":true}]}}