{"id":1004641,"date":"2024-12-16T16:29:37","date_gmt":"2024-12-16T15:29:37","guid":{"rendered":"https:\/\/hubsch-interior.com\/product\/product\/"},"modified":"2026-04-05T04:33:24","modified_gmt":"2026-04-05T02:33:24","slug":"koi-chaises-de-salle-a-manger-bleu-marron-noir-2","status":"publish","type":"product","link":"https:\/\/hubsch-interior.com\/fr\/produit\/koi-chaises-de-salle-a-manger-bleu-marron-noir-2\/","title":{"rendered":"Koi Chaises de salle \u00e0 manger Bleu\/Marron\/Noir"},"content":{"rendered":"<p>Rehaussez votre exp\u00e9rience de d\u00eener avec les chaises de salle \u00e0 manger Koi. Fabriqu\u00e9es \u00e0 partir de bois certifi\u00e9 FSC, ces chaises pr\u00e9sentent un m\u00e9lange unique de placage fr\u00eane, de m\u00e9tal et de contreplaqu\u00e9 pour un design moderne et durable. Disponibles en bleu, marron et noir, chaque variante apporte une touche de couleur \u00e0 votre espace repas. Le m\u00e9lange de couleurs ajoute non seulement une touche ludique, mais permet \u00e9galement un style simple et polyvalent. Ajoutez une touche d&#8217;\u00e9l\u00e9gance \u00e0 votre salle \u00e0 manger avec ces chaises de salle \u00e0 manger Koi, le parfait m\u00e9lange entre esth\u00e9tique de d\u00eener \u00e9lev\u00e9e et design moderne.<\/p>\n","protected":false},"excerpt":{"rendered":"<p>Rehaussez votre exp\u00e9rience de d\u00eener avec les chaises de salle \u00e0 manger Koi. Fabriqu\u00e9es \u00e0 partir de bois certifi\u00e9 FSC, ces chaises pr\u00e9sentent un m\u00e9lange unique de placage fr\u00eane, de m\u00e9tal et de contreplaqu\u00e9 pour un design moderne et durable. Disponibles en bleu, marron et noir, chaque variante apporte une touche de couleur \u00e0 votre [&hellip;]<\/p>\n","protected":false},"featured_media":1097806,"template":"","meta":{"_acf_changed":false,"inline_featured_image":false},"product_brand":[],"product_cat":[2843,2844,6322,3041],"product_tag":[],"class_list":{"0":"post-1004641","1":"product","2":"type-product","3":"status-publish","4":"has-post-thumbnail","6":"product_cat-assises-fr","7":"product_cat-chaises-de-salle-a-manger-fr","8":"product_cat-fsc-fr","9":"product_cat-tabouret-fr","10":"product_shipping_class-pk","12":"pa_color-bleu-2","13":"pa_color-marron","14":"pa_color-noir","15":"pa_material-contre-plaqu","16":"pa_material-fer-fr","17":"pa_material-placage-de-frne","19":"first","20":"instock","21":"taxable","22":"shipping-taxable","23":"purchasable","24":"product-type-simple"},"exclude_global_add_ons":[],"addons":[],"acf":[],"yoast_head":"<!-- This site is optimized with the Yoast SEO plugin v26.4 - https:\/\/yoast.com\/wordpress\/plugins\/seo\/ -->\n<title>Koi Chaises de salle \u00e0 manger Bleu\/Marron\/Noir - H\u00fcbsch<\/title>\n<meta name=\"description\" content=\"Rehaussez votre exp\u00e9rience de d\u00eener avec les chaises de salle \u00e0 manger Koi. Fabriqu\u00e9es \u00e0 partir de bois certifi\u00e9 FSC, ces chaises pr\u00e9sentent un m\u00e9lange\" \/>\n<meta name=\"robots\" content=\"index, follow, max-snippet:-1, max-image-preview:large, max-video-preview:-1\" \/>\n<link rel=\"canonical\" href=\"https:\/\/hubsch-interior.com\/fr\/wp-json\/wp\/v2\/product\/1004641\" \/>\n<meta property=\"og:locale\" content=\"fr_FR\" \/>\n<meta property=\"og:type\" content=\"article\" \/>\n<meta property=\"og:title\" content=\"Koi Chaises de salle \u00e0 manger Bleu\/Marron\/Noir - H\u00fcbsch\" \/>\n<meta property=\"og:description\" content=\"Rehaussez votre exp\u00e9rience de d\u00eener avec les chaises de salle \u00e0 manger Koi. Fabriqu\u00e9es \u00e0 partir de bois certifi\u00e9 FSC, ces chaises pr\u00e9sentent un m\u00e9lange\" \/>\n<meta property=\"og:url\" content=\"https:\/\/hubsch-interior.com\/fr\/produit\/koi-chaises-de-salle-a-manger-bleu-marron-noir-2\/\" \/>\n<meta property=\"og:site_name\" content=\"H\u00fcbsch\" \/>\n<meta property=\"article:modified_time\" content=\"2026-04-05T02:33:24+00:00\" \/>\n<meta property=\"og:image\" content=\"https:\/\/hubsch-interior.com\/wp-content\/uploads\/2026\/02\/koi-dining-chair-bluebrownblack-848ef2faef7fa0b150638fe7e5e163df.jpg\" \/>\n\t<meta property=\"og:image:width\" content=\"1024\" \/>\n\t<meta property=\"og:image:height\" content=\"1024\" \/>\n\t<meta property=\"og:image:type\" content=\"image\/jpeg\" \/>\n<meta name=\"twitter:card\" content=\"summary_large_image\" \/>\n<meta name=\"twitter:label1\" content=\"Dur\u00e9e de lecture estim\u00e9e\" \/>\n\t<meta name=\"twitter:data1\" content=\"1 minute\" \/>\n<script type=\"application\/ld+json\" class=\"yoast-schema-graph\">{\"@context\":\"https:\/\/schema.org\",\"@graph\":[{\"@type\":\"WebPage\",\"@id\":\"https:\/\/hubsch-interior.com\/fr\/produit\/koi-chaises-de-salle-a-manger-bleu-marron-noir-2\/\",\"url\":\"https:\/\/hubsch-interior.com\/fr\/produit\/koi-chaises-de-salle-a-manger-bleu-marron-noir-2\/\",\"name\":\"Koi Chaises de salle \u00e0 manger Bleu\/Marron\/Noir - H\u00fcbsch\",\"isPartOf\":{\"@id\":\"https:\/\/hubsch-interior.com\/fr\/#website\"},\"primaryImageOfPage\":{\"@id\":\"https:\/\/hubsch-interior.com\/fr\/produit\/koi-chaises-de-salle-a-manger-bleu-marron-noir-2\/#primaryimage\"},\"image\":{\"@id\":\"https:\/\/hubsch-interior.com\/fr\/produit\/koi-chaises-de-salle-a-manger-bleu-marron-noir-2\/#primaryimage\"},\"thumbnailUrl\":\"https:\/\/hubsch-interior.com\/wp-content\/uploads\/2026\/02\/koi-dining-chair-bluebrownblack-848ef2faef7fa0b150638fe7e5e163df.jpg\",\"datePublished\":\"2024-12-16T15:29:37+00:00\",\"dateModified\":\"2026-04-05T02:33:24+00:00\",\"description\":\"Rehaussez votre exp\u00e9rience de d\u00eener avec les chaises de salle \u00e0 manger Koi. Fabriqu\u00e9es \u00e0 partir de bois certifi\u00e9 FSC, ces chaises pr\u00e9sentent un m\u00e9lange\",\"breadcrumb\":{\"@id\":\"https:\/\/hubsch-interior.com\/fr\/produit\/koi-chaises-de-salle-a-manger-bleu-marron-noir-2\/#breadcrumb\"},\"inLanguage\":\"fr-FR\",\"potentialAction\":[{\"@type\":\"ReadAction\",\"target\":[\"https:\/\/hubsch-interior.com\/fr\/produit\/koi-chaises-de-salle-a-manger-bleu-marron-noir-2\/\"]}]},{\"@type\":\"ImageObject\",\"inLanguage\":\"fr-FR\",\"@id\":\"https:\/\/hubsch-interior.com\/fr\/produit\/koi-chaises-de-salle-a-manger-bleu-marron-noir-2\/#primaryimage\",\"url\":\"https:\/\/hubsch-interior.com\/wp-content\/uploads\/2026\/02\/koi-dining-chair-bluebrownblack-848ef2faef7fa0b150638fe7e5e163df.jpg\",\"contentUrl\":\"https:\/\/hubsch-interior.com\/wp-content\/uploads\/2026\/02\/koi-dining-chair-bluebrownblack-848ef2faef7fa0b150638fe7e5e163df.jpg\",\"width\":1024,\"height\":1024},{\"@type\":\"BreadcrumbList\",\"@id\":\"https:\/\/hubsch-interior.com\/fr\/produit\/koi-chaises-de-salle-a-manger-bleu-marron-noir-2\/#breadcrumb\",\"itemListElement\":[{\"@type\":\"ListItem\",\"position\":1,\"name\":\"Page d'accueil\",\"item\":\"https:\/\/hubsch-interior.com\/fr\/\"},{\"@type\":\"ListItem\",\"position\":2,\"name\":\"Produits\",\"item\":\"https:\/\/hubsch-interior.com\/fr\/shop-2\/\"},{\"@type\":\"ListItem\",\"position\":3,\"name\":\"Meubles\",\"item\":\"https:\/\/hubsch-interior.com\/fr\/categorie-produit\/meubles\/\"},{\"@type\":\"ListItem\",\"position\":4,\"name\":\"Assises\",\"item\":\"https:\/\/hubsch-interior.com\/fr\/categorie-produit\/meubles\/assises-fr\/\"},{\"@type\":\"ListItem\",\"position\":5,\"name\":\"Tabouret\",\"item\":\"https:\/\/hubsch-interior.com\/fr\/categorie-produit\/meubles\/assises-fr\/tabouret-fr\/\"},{\"@type\":\"ListItem\",\"position\":6,\"name\":\"Koi Chaises de salle \u00e0 manger Bleu\/Marron\/Noir\"}]},{\"@type\":\"WebSite\",\"@id\":\"https:\/\/hubsch-interior.com\/fr\/#website\",\"url\":\"https:\/\/hubsch-interior.com\/fr\/\",\"name\":\"H\u00fcbsch\",\"description\":\"Danish Home Interior and Design\",\"publisher\":{\"@id\":\"https:\/\/hubsch-interior.com\/fr\/#organization\"},\"potentialAction\":[{\"@type\":\"SearchAction\",\"target\":{\"@type\":\"EntryPoint\",\"urlTemplate\":\"https:\/\/hubsch-interior.com\/fr\/?s={search_term_string}\"},\"query-input\":{\"@type\":\"PropertyValueSpecification\",\"valueRequired\":true,\"valueName\":\"search_term_string\"}}],\"inLanguage\":\"fr-FR\"},{\"@type\":\"Organization\",\"@id\":\"https:\/\/hubsch-interior.com\/fr\/#organization\",\"name\":\"H\u00fcbsch\",\"url\":\"https:\/\/hubsch-interior.com\/fr\/\",\"logo\":{\"@type\":\"ImageObject\",\"inLanguage\":\"fr-FR\",\"@id\":\"https:\/\/hubsch-interior.com\/fr\/#\/schema\/logo\/image\/\",\"url\":\"https:\/\/hubsch-interior.com\/wp-content\/uploads\/2022\/12\/Hubsch_logo_black_one_line.svg\",\"contentUrl\":\"https:\/\/hubsch-interior.com\/wp-content\/uploads\/2022\/12\/Hubsch_logo_black_one_line.svg\",\"caption\":\"H\u00fcbsch\"},\"image\":{\"@id\":\"https:\/\/hubsch-interior.com\/fr\/#\/schema\/logo\/image\/\"}}]}<\/script>\n<!-- \/ Yoast SEO plugin. -->","yoast_head_json":{"title":"Koi Chaises de salle \u00e0 manger Bleu\/Marron\/Noir - H\u00fcbsch","description":"Rehaussez votre exp\u00e9rience de d\u00eener avec les chaises de salle \u00e0 manger Koi. Fabriqu\u00e9es \u00e0 partir de bois certifi\u00e9 FSC, ces chaises pr\u00e9sentent un m\u00e9lange","robots":{"index":"index","follow":"follow","max-snippet":"max-snippet:-1","max-image-preview":"max-image-preview:large","max-video-preview":"max-video-preview:-1"},"canonical":"https:\/\/hubsch-interior.com\/fr\/wp-json\/wp\/v2\/product\/1004641","og_locale":"fr_FR","og_type":"article","og_title":"Koi Chaises de salle \u00e0 manger Bleu\/Marron\/Noir - H\u00fcbsch","og_description":"Rehaussez votre exp\u00e9rience de d\u00eener avec les chaises de salle \u00e0 manger Koi. Fabriqu\u00e9es \u00e0 partir de bois certifi\u00e9 FSC, ces chaises pr\u00e9sentent un m\u00e9lange","og_url":"https:\/\/hubsch-interior.com\/fr\/produit\/koi-chaises-de-salle-a-manger-bleu-marron-noir-2\/","og_site_name":"H\u00fcbsch","article_modified_time":"2026-04-05T02:33:24+00:00","og_image":[{"width":1024,"height":1024,"url":"https:\/\/hubsch-interior.com\/wp-content\/uploads\/2026\/02\/koi-dining-chair-bluebrownblack-848ef2faef7fa0b150638fe7e5e163df.jpg","type":"image\/jpeg"}],"twitter_card":"summary_large_image","twitter_misc":{"Dur\u00e9e de lecture estim\u00e9e":"1 minute"},"schema":{"@context":"https:\/\/schema.org","@graph":[{"@type":"WebPage","@id":"https:\/\/hubsch-interior.com\/fr\/produit\/koi-chaises-de-salle-a-manger-bleu-marron-noir-2\/","url":"https:\/\/hubsch-interior.com\/fr\/produit\/koi-chaises-de-salle-a-manger-bleu-marron-noir-2\/","name":"Koi Chaises de salle \u00e0 manger Bleu\/Marron\/Noir - H\u00fcbsch","isPartOf":{"@id":"https:\/\/hubsch-interior.com\/fr\/#website"},"primaryImageOfPage":{"@id":"https:\/\/hubsch-interior.com\/fr\/produit\/koi-chaises-de-salle-a-manger-bleu-marron-noir-2\/#primaryimage"},"image":{"@id":"https:\/\/hubsch-interior.com\/fr\/produit\/koi-chaises-de-salle-a-manger-bleu-marron-noir-2\/#primaryimage"},"thumbnailUrl":"https:\/\/hubsch-interior.com\/wp-content\/uploads\/2026\/02\/koi-dining-chair-bluebrownblack-848ef2faef7fa0b150638fe7e5e163df.jpg","datePublished":"2024-12-16T15:29:37+00:00","dateModified":"2026-04-05T02:33:24+00:00","description":"Rehaussez votre exp\u00e9rience de d\u00eener avec les chaises de salle \u00e0 manger Koi. Fabriqu\u00e9es \u00e0 partir de bois certifi\u00e9 FSC, ces chaises pr\u00e9sentent un m\u00e9lange","breadcrumb":{"@id":"https:\/\/hubsch-interior.com\/fr\/produit\/koi-chaises-de-salle-a-manger-bleu-marron-noir-2\/#breadcrumb"},"inLanguage":"fr-FR","potentialAction":[{"@type":"ReadAction","target":["https:\/\/hubsch-interior.com\/fr\/produit\/koi-chaises-de-salle-a-manger-bleu-marron-noir-2\/"]}]},{"@type":"ImageObject","inLanguage":"fr-FR","@id":"https:\/\/hubsch-interior.com\/fr\/produit\/koi-chaises-de-salle-a-manger-bleu-marron-noir-2\/#primaryimage","url":"https:\/\/hubsch-interior.com\/wp-content\/uploads\/2026\/02\/koi-dining-chair-bluebrownblack-848ef2faef7fa0b150638fe7e5e163df.jpg","contentUrl":"https:\/\/hubsch-interior.com\/wp-content\/uploads\/2026\/02\/koi-dining-chair-bluebrownblack-848ef2faef7fa0b150638fe7e5e163df.jpg","width":1024,"height":1024},{"@type":"BreadcrumbList","@id":"https:\/\/hubsch-interior.com\/fr\/produit\/koi-chaises-de-salle-a-manger-bleu-marron-noir-2\/#breadcrumb","itemListElement":[{"@type":"ListItem","position":1,"name":"Page d'accueil","item":"https:\/\/hubsch-interior.com\/fr\/"},{"@type":"ListItem","position":2,"name":"Produits","item":"https:\/\/hubsch-interior.com\/fr\/shop-2\/"},{"@type":"ListItem","position":3,"name":"Meubles","item":"https:\/\/hubsch-interior.com\/fr\/categorie-produit\/meubles\/"},{"@type":"ListItem","position":4,"name":"Assises","item":"https:\/\/hubsch-interior.com\/fr\/categorie-produit\/meubles\/assises-fr\/"},{"@type":"ListItem","position":5,"name":"Tabouret","item":"https:\/\/hubsch-interior.com\/fr\/categorie-produit\/meubles\/assises-fr\/tabouret-fr\/"},{"@type":"ListItem","position":6,"name":"Koi Chaises de salle \u00e0 manger Bleu\/Marron\/Noir"}]},{"@type":"WebSite","@id":"https:\/\/hubsch-interior.com\/fr\/#website","url":"https:\/\/hubsch-interior.com\/fr\/","name":"H\u00fcbsch","description":"Danish Home Interior and Design","publisher":{"@id":"https:\/\/hubsch-interior.com\/fr\/#organization"},"potentialAction":[{"@type":"SearchAction","target":{"@type":"EntryPoint","urlTemplate":"https:\/\/hubsch-interior.com\/fr\/?s={search_term_string}"},"query-input":{"@type":"PropertyValueSpecification","valueRequired":true,"valueName":"search_term_string"}}],"inLanguage":"fr-FR"},{"@type":"Organization","@id":"https:\/\/hubsch-interior.com\/fr\/#organization","name":"H\u00fcbsch","url":"https:\/\/hubsch-interior.com\/fr\/","logo":{"@type":"ImageObject","inLanguage":"fr-FR","@id":"https:\/\/hubsch-interior.com\/fr\/#\/schema\/logo\/image\/","url":"https:\/\/hubsch-interior.com\/wp-content\/uploads\/2022\/12\/Hubsch_logo_black_one_line.svg","contentUrl":"https:\/\/hubsch-interior.com\/wp-content\/uploads\/2022\/12\/Hubsch_logo_black_one_line.svg","caption":"H\u00fcbsch"},"image":{"@id":"https:\/\/hubsch-interior.com\/fr\/#\/schema\/logo\/image\/"}}]}},"_links":{"self":[{"href":"https:\/\/hubsch-interior.com\/fr\/wp-json\/wp\/v2\/product\/1004641","targetHints":{"allow":["GET"]}}],"collection":[{"href":"https:\/\/hubsch-interior.com\/fr\/wp-json\/wp\/v2\/product"}],"about":[{"href":"https:\/\/hubsch-interior.com\/fr\/wp-json\/wp\/v2\/types\/product"}],"wp:featuredmedia":[{"embeddable":true,"href":"https:\/\/hubsch-interior.com\/fr\/wp-json\/wp\/v2\/media\/1097806"}],"wp:attachment":[{"href":"https:\/\/hubsch-interior.com\/fr\/wp-json\/wp\/v2\/media?parent=1004641"}],"wp:term":[{"taxonomy":"product_brand","embeddable":true,"href":"https:\/\/hubsch-interior.com\/fr\/wp-json\/wp\/v2\/product_brand?post=1004641"},{"taxonomy":"product_cat","embeddable":true,"href":"https:\/\/hubsch-interior.com\/fr\/wp-json\/wp\/v2\/product_cat?post=1004641"},{"taxonomy":"product_tag","embeddable":true,"href":"https:\/\/hubsch-interior.com\/fr\/wp-json\/wp\/v2\/product_tag?post=1004641"}],"curies":[{"name":"wp","href":"https:\/\/api.w.org\/{rel}","templated":true}]}}