{"id":1006442,"date":"2025-01-14T12:12:51","date_gmt":"2025-01-14T11:12:51","guid":{"rendered":"https:\/\/hubsch-interior.com\/product\/product\/"},"modified":"2026-04-09T05:05:50","modified_gmt":"2026-04-09T03:05:50","slug":"lure-applique-murale-metallic-blue","status":"publish","type":"product","link":"https:\/\/hubsch-interior.com\/fr\/produit\/lure-applique-murale-metallic-blue\/","title":{"rendered":"Lure Applique murale Metallic Blue"},"content":{"rendered":"<p>D\u00e9couvrez le charme de notre Lure Lampe murale, un v\u00e9ritable enchantement en bleu m\u00e9tallique avec un abat-jour opale qui apporte une touche de sophistication \u00e0 toute pi\u00e8ce. Cette variante, fabriqu\u00e9e en verre et en m\u00e9tal de haute qualit\u00e9, offre flexibilit\u00e9 et style. Facile \u00e0 installer l\u00e0 o\u00f9 vous avez besoin de lumi\u00e8re, elle se fixe sans effort \u00e0 n&#8217;importe quel recoin, \u00e9tag\u00e8re ou table, parfaite pour cr\u00e9er des ambiances changeantes dans vos coins douillets. Choisissez parmi trois variantes \u00e9l\u00e9gantes pour correspondre \u00e0 votre go\u00fbt unique et transformez l&#8217;ambiance de votre int\u00e9rieur avec une touche de couleur.<\/p>\n","protected":false},"excerpt":{"rendered":"<p>D\u00e9couvrez le charme de notre Lure Lampe murale, un v\u00e9ritable enchantement en bleu m\u00e9tallique avec un abat-jour opale qui apporte une touche de sophistication \u00e0 toute pi\u00e8ce. Cette variante, fabriqu\u00e9e en verre et en m\u00e9tal de haute qualit\u00e9, offre flexibilit\u00e9 et style. Facile \u00e0 installer l\u00e0 o\u00f9 vous avez besoin de lumi\u00e8re, elle se fixe [&hellip;]<\/p>\n","protected":false},"featured_media":1107615,"template":"","meta":{"_acf_changed":false,"inline_featured_image":false},"product_brand":[],"product_cat":[6997,3810,3407],"product_tag":[],"class_list":{"0":"post-1006442","1":"product","2":"type-product","3":"status-publish","4":"has-post-thumbnail","6":"product_cat-the-buzz-fr","7":"product_cat-luminaires","8":"product_cat-appliques-murales-fr","9":"product_shipping_class-pk","11":"pa_material-fer-fr","12":"pa_material-verre-fr","14":"first","15":"instock","16":"taxable","17":"shipping-taxable","18":"purchasable","19":"product-type-simple"},"exclude_global_add_ons":[],"addons":[],"acf":[],"yoast_head":"<!-- This site is optimized with the Yoast SEO plugin v26.4 - https:\/\/yoast.com\/wordpress\/plugins\/seo\/ -->\n<title>Lure Applique murale Metallic Blue - H\u00fcbsch<\/title>\n<meta name=\"description\" content=\"D\u00e9couvrez le charme de notre Lure Lampe murale, un v\u00e9ritable enchantement en bleu m\u00e9tallique avec un abat-jour opale qui apporte une touche de\" \/>\n<meta name=\"robots\" content=\"index, follow, max-snippet:-1, max-image-preview:large, max-video-preview:-1\" \/>\n<link rel=\"canonical\" href=\"https:\/\/hubsch-interior.com\/fr\/wp-json\/wp\/v2\/product\/1006442\" \/>\n<meta property=\"og:locale\" content=\"fr_FR\" \/>\n<meta property=\"og:type\" content=\"article\" \/>\n<meta property=\"og:title\" content=\"Lure Applique murale Metallic Blue - H\u00fcbsch\" \/>\n<meta property=\"og:description\" content=\"D\u00e9couvrez le charme de notre Lure Lampe murale, un v\u00e9ritable enchantement en bleu m\u00e9tallique avec un abat-jour opale qui apporte une touche de\" \/>\n<meta property=\"og:url\" content=\"https:\/\/hubsch-interior.com\/fr\/produit\/lure-applique-murale-metallic-blue\/\" \/>\n<meta property=\"og:site_name\" content=\"H\u00fcbsch\" \/>\n<meta property=\"article:modified_time\" content=\"2026-04-09T03:05:50+00:00\" \/>\n<meta property=\"og:image\" content=\"https:\/\/hubsch-interior.com\/wp-content\/uploads\/2025\/01\/lure-wall-light-metallic-blue-0eb9d5086bd6a171e573ee23eade0b5e.jpg\" \/>\n\t<meta property=\"og:image:width\" content=\"1200\" \/>\n\t<meta property=\"og:image:height\" content=\"1200\" \/>\n\t<meta property=\"og:image:type\" content=\"image\/jpeg\" \/>\n<meta name=\"twitter:card\" content=\"summary_large_image\" \/>\n<meta name=\"twitter:label1\" content=\"Dur\u00e9e de lecture estim\u00e9e\" \/>\n\t<meta name=\"twitter:data1\" content=\"1 minute\" \/>\n<script type=\"application\/ld+json\" class=\"yoast-schema-graph\">{\"@context\":\"https:\/\/schema.org\",\"@graph\":[{\"@type\":\"WebPage\",\"@id\":\"https:\/\/hubsch-interior.com\/fr\/produit\/lure-applique-murale-metallic-blue\/\",\"url\":\"https:\/\/hubsch-interior.com\/fr\/produit\/lure-applique-murale-metallic-blue\/\",\"name\":\"Lure Applique murale Metallic Blue - H\u00fcbsch\",\"isPartOf\":{\"@id\":\"https:\/\/hubsch-interior.com\/fr\/#website\"},\"primaryImageOfPage\":{\"@id\":\"https:\/\/hubsch-interior.com\/fr\/produit\/lure-applique-murale-metallic-blue\/#primaryimage\"},\"image\":{\"@id\":\"https:\/\/hubsch-interior.com\/fr\/produit\/lure-applique-murale-metallic-blue\/#primaryimage\"},\"thumbnailUrl\":\"https:\/\/hubsch-interior.com\/wp-content\/uploads\/2026\/02\/lure-wall-light-metallic-blue-84772ecc0bd4d17ef81f8bb8a81818fc.jpg\",\"datePublished\":\"2025-01-14T11:12:51+00:00\",\"dateModified\":\"2026-04-09T03:05:50+00:00\",\"description\":\"D\u00e9couvrez le charme de notre Lure Lampe murale, un v\u00e9ritable enchantement en bleu m\u00e9tallique avec un abat-jour opale qui apporte une touche de\",\"breadcrumb\":{\"@id\":\"https:\/\/hubsch-interior.com\/fr\/produit\/lure-applique-murale-metallic-blue\/#breadcrumb\"},\"inLanguage\":\"fr-FR\",\"potentialAction\":[{\"@type\":\"ReadAction\",\"target\":[\"https:\/\/hubsch-interior.com\/fr\/produit\/lure-applique-murale-metallic-blue\/\"]}]},{\"@type\":\"ImageObject\",\"inLanguage\":\"fr-FR\",\"@id\":\"https:\/\/hubsch-interior.com\/fr\/produit\/lure-applique-murale-metallic-blue\/#primaryimage\",\"url\":\"https:\/\/hubsch-interior.com\/wp-content\/uploads\/2026\/02\/lure-wall-light-metallic-blue-84772ecc0bd4d17ef81f8bb8a81818fc.jpg\",\"contentUrl\":\"https:\/\/hubsch-interior.com\/wp-content\/uploads\/2026\/02\/lure-wall-light-metallic-blue-84772ecc0bd4d17ef81f8bb8a81818fc.jpg\",\"width\":1024,\"height\":1024},{\"@type\":\"BreadcrumbList\",\"@id\":\"https:\/\/hubsch-interior.com\/fr\/produit\/lure-applique-murale-metallic-blue\/#breadcrumb\",\"itemListElement\":[{\"@type\":\"ListItem\",\"position\":1,\"name\":\"Page d'accueil\",\"item\":\"https:\/\/hubsch-interior.com\/fr\/\"},{\"@type\":\"ListItem\",\"position\":2,\"name\":\"Produits\",\"item\":\"https:\/\/hubsch-interior.com\/fr\/shop-2\/\"},{\"@type\":\"ListItem\",\"position\":3,\"name\":\"Luminaires\",\"item\":\"https:\/\/hubsch-interior.com\/fr\/categorie-produit\/luminaires\/\"},{\"@type\":\"ListItem\",\"position\":4,\"name\":\"Appliques murales\",\"item\":\"https:\/\/hubsch-interior.com\/fr\/categorie-produit\/luminaires\/appliques-murales-fr\/\"},{\"@type\":\"ListItem\",\"position\":5,\"name\":\"Lure Applique murale Metallic Blue\"}]},{\"@type\":\"WebSite\",\"@id\":\"https:\/\/hubsch-interior.com\/fr\/#website\",\"url\":\"https:\/\/hubsch-interior.com\/fr\/\",\"name\":\"H\u00fcbsch\",\"description\":\"Danish Home Interior and Design\",\"publisher\":{\"@id\":\"https:\/\/hubsch-interior.com\/fr\/#organization\"},\"potentialAction\":[{\"@type\":\"SearchAction\",\"target\":{\"@type\":\"EntryPoint\",\"urlTemplate\":\"https:\/\/hubsch-interior.com\/fr\/?s={search_term_string}\"},\"query-input\":{\"@type\":\"PropertyValueSpecification\",\"valueRequired\":true,\"valueName\":\"search_term_string\"}}],\"inLanguage\":\"fr-FR\"},{\"@type\":\"Organization\",\"@id\":\"https:\/\/hubsch-interior.com\/fr\/#organization\",\"name\":\"H\u00fcbsch\",\"url\":\"https:\/\/hubsch-interior.com\/fr\/\",\"logo\":{\"@type\":\"ImageObject\",\"inLanguage\":\"fr-FR\",\"@id\":\"https:\/\/hubsch-interior.com\/fr\/#\/schema\/logo\/image\/\",\"url\":\"https:\/\/hubsch-interior.com\/wp-content\/uploads\/2022\/12\/Hubsch_logo_black_one_line.svg\",\"contentUrl\":\"https:\/\/hubsch-interior.com\/wp-content\/uploads\/2022\/12\/Hubsch_logo_black_one_line.svg\",\"caption\":\"H\u00fcbsch\"},\"image\":{\"@id\":\"https:\/\/hubsch-interior.com\/fr\/#\/schema\/logo\/image\/\"}}]}<\/script>\n<!-- \/ Yoast SEO plugin. -->","yoast_head_json":{"title":"Lure Applique murale Metallic Blue - H\u00fcbsch","description":"D\u00e9couvrez le charme de notre Lure Lampe murale, un v\u00e9ritable enchantement en bleu m\u00e9tallique avec un abat-jour opale qui apporte une touche de","robots":{"index":"index","follow":"follow","max-snippet":"max-snippet:-1","max-image-preview":"max-image-preview:large","max-video-preview":"max-video-preview:-1"},"canonical":"https:\/\/hubsch-interior.com\/fr\/wp-json\/wp\/v2\/product\/1006442","og_locale":"fr_FR","og_type":"article","og_title":"Lure Applique murale Metallic Blue - H\u00fcbsch","og_description":"D\u00e9couvrez le charme de notre Lure Lampe murale, un v\u00e9ritable enchantement en bleu m\u00e9tallique avec un abat-jour opale qui apporte une touche de","og_url":"https:\/\/hubsch-interior.com\/fr\/produit\/lure-applique-murale-metallic-blue\/","og_site_name":"H\u00fcbsch","article_modified_time":"2026-04-09T03:05:50+00:00","og_image":[{"width":1200,"height":1200,"url":"https:\/\/hubsch-interior.com\/wp-content\/uploads\/2025\/01\/lure-wall-light-metallic-blue-0eb9d5086bd6a171e573ee23eade0b5e.jpg","type":"image\/jpeg"}],"twitter_card":"summary_large_image","twitter_misc":{"Dur\u00e9e de lecture estim\u00e9e":"1 minute"},"schema":{"@context":"https:\/\/schema.org","@graph":[{"@type":"WebPage","@id":"https:\/\/hubsch-interior.com\/fr\/produit\/lure-applique-murale-metallic-blue\/","url":"https:\/\/hubsch-interior.com\/fr\/produit\/lure-applique-murale-metallic-blue\/","name":"Lure Applique murale Metallic Blue - H\u00fcbsch","isPartOf":{"@id":"https:\/\/hubsch-interior.com\/fr\/#website"},"primaryImageOfPage":{"@id":"https:\/\/hubsch-interior.com\/fr\/produit\/lure-applique-murale-metallic-blue\/#primaryimage"},"image":{"@id":"https:\/\/hubsch-interior.com\/fr\/produit\/lure-applique-murale-metallic-blue\/#primaryimage"},"thumbnailUrl":"https:\/\/hubsch-interior.com\/wp-content\/uploads\/2026\/02\/lure-wall-light-metallic-blue-84772ecc0bd4d17ef81f8bb8a81818fc.jpg","datePublished":"2025-01-14T11:12:51+00:00","dateModified":"2026-04-09T03:05:50+00:00","description":"D\u00e9couvrez le charme de notre Lure Lampe murale, un v\u00e9ritable enchantement en bleu m\u00e9tallique avec un abat-jour opale qui apporte une touche de","breadcrumb":{"@id":"https:\/\/hubsch-interior.com\/fr\/produit\/lure-applique-murale-metallic-blue\/#breadcrumb"},"inLanguage":"fr-FR","potentialAction":[{"@type":"ReadAction","target":["https:\/\/hubsch-interior.com\/fr\/produit\/lure-applique-murale-metallic-blue\/"]}]},{"@type":"ImageObject","inLanguage":"fr-FR","@id":"https:\/\/hubsch-interior.com\/fr\/produit\/lure-applique-murale-metallic-blue\/#primaryimage","url":"https:\/\/hubsch-interior.com\/wp-content\/uploads\/2026\/02\/lure-wall-light-metallic-blue-84772ecc0bd4d17ef81f8bb8a81818fc.jpg","contentUrl":"https:\/\/hubsch-interior.com\/wp-content\/uploads\/2026\/02\/lure-wall-light-metallic-blue-84772ecc0bd4d17ef81f8bb8a81818fc.jpg","width":1024,"height":1024},{"@type":"BreadcrumbList","@id":"https:\/\/hubsch-interior.com\/fr\/produit\/lure-applique-murale-metallic-blue\/#breadcrumb","itemListElement":[{"@type":"ListItem","position":1,"name":"Page d'accueil","item":"https:\/\/hubsch-interior.com\/fr\/"},{"@type":"ListItem","position":2,"name":"Produits","item":"https:\/\/hubsch-interior.com\/fr\/shop-2\/"},{"@type":"ListItem","position":3,"name":"Luminaires","item":"https:\/\/hubsch-interior.com\/fr\/categorie-produit\/luminaires\/"},{"@type":"ListItem","position":4,"name":"Appliques murales","item":"https:\/\/hubsch-interior.com\/fr\/categorie-produit\/luminaires\/appliques-murales-fr\/"},{"@type":"ListItem","position":5,"name":"Lure Applique murale Metallic Blue"}]},{"@type":"WebSite","@id":"https:\/\/hubsch-interior.com\/fr\/#website","url":"https:\/\/hubsch-interior.com\/fr\/","name":"H\u00fcbsch","description":"Danish Home Interior and Design","publisher":{"@id":"https:\/\/hubsch-interior.com\/fr\/#organization"},"potentialAction":[{"@type":"SearchAction","target":{"@type":"EntryPoint","urlTemplate":"https:\/\/hubsch-interior.com\/fr\/?s={search_term_string}"},"query-input":{"@type":"PropertyValueSpecification","valueRequired":true,"valueName":"search_term_string"}}],"inLanguage":"fr-FR"},{"@type":"Organization","@id":"https:\/\/hubsch-interior.com\/fr\/#organization","name":"H\u00fcbsch","url":"https:\/\/hubsch-interior.com\/fr\/","logo":{"@type":"ImageObject","inLanguage":"fr-FR","@id":"https:\/\/hubsch-interior.com\/fr\/#\/schema\/logo\/image\/","url":"https:\/\/hubsch-interior.com\/wp-content\/uploads\/2022\/12\/Hubsch_logo_black_one_line.svg","contentUrl":"https:\/\/hubsch-interior.com\/wp-content\/uploads\/2022\/12\/Hubsch_logo_black_one_line.svg","caption":"H\u00fcbsch"},"image":{"@id":"https:\/\/hubsch-interior.com\/fr\/#\/schema\/logo\/image\/"}}]}},"_links":{"self":[{"href":"https:\/\/hubsch-interior.com\/fr\/wp-json\/wp\/v2\/product\/1006442","targetHints":{"allow":["GET"]}}],"collection":[{"href":"https:\/\/hubsch-interior.com\/fr\/wp-json\/wp\/v2\/product"}],"about":[{"href":"https:\/\/hubsch-interior.com\/fr\/wp-json\/wp\/v2\/types\/product"}],"wp:featuredmedia":[{"embeddable":true,"href":"https:\/\/hubsch-interior.com\/fr\/wp-json\/wp\/v2\/media\/1107615"}],"wp:attachment":[{"href":"https:\/\/hubsch-interior.com\/fr\/wp-json\/wp\/v2\/media?parent=1006442"}],"wp:term":[{"taxonomy":"product_brand","embeddable":true,"href":"https:\/\/hubsch-interior.com\/fr\/wp-json\/wp\/v2\/product_brand?post=1006442"},{"taxonomy":"product_cat","embeddable":true,"href":"https:\/\/hubsch-interior.com\/fr\/wp-json\/wp\/v2\/product_cat?post=1006442"},{"taxonomy":"product_tag","embeddable":true,"href":"https:\/\/hubsch-interior.com\/fr\/wp-json\/wp\/v2\/product_tag?post=1006442"}],"curies":[{"name":"wp","href":"https:\/\/api.w.org\/{rel}","templated":true}]}}