{"id":1006458,"date":"2025-01-14T12:13:49","date_gmt":"2025-01-14T11:13:49","guid":{"rendered":"https:\/\/hubsch-interior.com\/product\/product\/"},"modified":"2026-04-06T05:03:10","modified_gmt":"2026-04-06T03:03:10","slug":"interplay-pendule-marron-bleu-orange","status":"publish","type":"product","link":"https:\/\/hubsch-interior.com\/fr\/produit\/interplay-pendule-marron-bleu-orange\/","title":{"rendered":"Interplay Pendule  Marron\/Bleu\/Orange"},"content":{"rendered":"<p>D\u00e9couvrez le charme de la Pendule Interplay, o\u00f9 le r\u00e9tro rencontre la modernit\u00e9 dans une combinaison de couleurs frappante de brun, bleu et orange. Fabriqu\u00e9e avec du fin aluminium et du verre, cette pendule \u00e9met une lumi\u00e8re chaude et accueillante, parfaite pour \u00eatre suspendue au-dessus de votre table \u00e0 manger ou de votre espace de travail. Sa fonctionnalit\u00e9 dimmable vous permet d&#8217;ajuster l&#8217;ambiance en toute simplicit\u00e9, que vous organisiez un d\u00eener ou que vous vous concentriez sur votre dernier projet. \u00c9clairez votre int\u00e9rieur avec une touche de flair artistique et une excellente lumi\u00e8re.<\/p>\n","protected":false},"excerpt":{"rendered":"<p>D\u00e9couvrez le charme de la Pendule Interplay, o\u00f9 le r\u00e9tro rencontre la modernit\u00e9 dans une combinaison de couleurs frappante de brun, bleu et orange. Fabriqu\u00e9e avec du fin aluminium et du verre, cette pendule \u00e9met une lumi\u00e8re chaude et accueillante, parfaite pour \u00eatre suspendue au-dessus de votre table \u00e0 manger ou de votre espace de [&hellip;]<\/p>\n","protected":false},"featured_media":1107671,"template":"","meta":{"_acf_changed":false,"inline_featured_image":false},"product_brand":[],"product_cat":[6997,3810,4147,5026,5030],"product_tag":[],"class_list":{"0":"post-1006458","1":"product","2":"type-product","3":"status-publish","4":"has-post-thumbnail","6":"product_cat-the-buzz-fr","7":"product_cat-luminaires","8":"product_cat-suspensions-fr","9":"product_cat-bestsellers-fr","10":"product_cat-de-nouveau-en-stock-fr","11":"product_shipping_class-pk","13":"pa_color-marron","14":"pa_color-orange-fr","15":"pa_color-bleu-2","16":"pa_material-aluminium-fr","17":"pa_material-verre-fr","19":"first","20":"instock","21":"featured","22":"taxable","23":"shipping-taxable","24":"purchasable","25":"product-type-simple"},"exclude_global_add_ons":[],"addons":[],"acf":[],"yoast_head":"<!-- This site is optimized with the Yoast SEO plugin v26.4 - https:\/\/yoast.com\/wordpress\/plugins\/seo\/ -->\n<title>Interplay Pendule Marron\/Bleu\/Orange - H\u00fcbsch<\/title>\n<meta name=\"description\" content=\"D\u00e9couvrez le charme de la Pendule Interplay, o\u00f9 le r\u00e9tro rencontre la modernit\u00e9 dans une combinaison de couleurs frappante de brun, bleu et orange.\" \/>\n<meta name=\"robots\" content=\"index, follow, max-snippet:-1, max-image-preview:large, max-video-preview:-1\" \/>\n<link rel=\"canonical\" href=\"https:\/\/hubsch-interior.com\/fr\/wp-json\/wp\/v2\/product\/1006458\" \/>\n<meta property=\"og:locale\" content=\"fr_FR\" \/>\n<meta property=\"og:type\" content=\"article\" \/>\n<meta property=\"og:title\" content=\"Interplay Pendule Marron\/Bleu\/Orange - H\u00fcbsch\" \/>\n<meta property=\"og:description\" content=\"D\u00e9couvrez le charme de la Pendule Interplay, o\u00f9 le r\u00e9tro rencontre la modernit\u00e9 dans une combinaison de couleurs frappante de brun, bleu et orange.\" \/>\n<meta property=\"og:url\" content=\"https:\/\/hubsch-interior.com\/fr\/produit\/interplay-pendule-marron-bleu-orange\/\" \/>\n<meta property=\"og:site_name\" content=\"H\u00fcbsch\" \/>\n<meta property=\"article:modified_time\" content=\"2026-04-06T03:03:10+00:00\" \/>\n<meta property=\"og:image\" content=\"https:\/\/hubsch-interior.com\/wp-content\/uploads\/2025\/01\/interplay-pendant-l-85cm-brownblueorange-14e29d3469b796278e9ef261c1428da7.jpg\" \/>\n\t<meta property=\"og:image:width\" content=\"1200\" \/>\n\t<meta property=\"og:image:height\" content=\"1200\" \/>\n\t<meta property=\"og:image:type\" content=\"image\/jpeg\" \/>\n<meta name=\"twitter:card\" content=\"summary_large_image\" \/>\n<script type=\"application\/ld+json\" class=\"yoast-schema-graph\">{\"@context\":\"https:\/\/schema.org\",\"@graph\":[{\"@type\":\"WebPage\",\"@id\":\"https:\/\/hubsch-interior.com\/fr\/produit\/interplay-pendule-marron-bleu-orange\/\",\"url\":\"https:\/\/hubsch-interior.com\/fr\/produit\/interplay-pendule-marron-bleu-orange\/\",\"name\":\"Interplay Pendule Marron\/Bleu\/Orange - H\u00fcbsch\",\"isPartOf\":{\"@id\":\"https:\/\/hubsch-interior.com\/fr\/#website\"},\"primaryImageOfPage\":{\"@id\":\"https:\/\/hubsch-interior.com\/fr\/produit\/interplay-pendule-marron-bleu-orange\/#primaryimage\"},\"image\":{\"@id\":\"https:\/\/hubsch-interior.com\/fr\/produit\/interplay-pendule-marron-bleu-orange\/#primaryimage\"},\"thumbnailUrl\":\"https:\/\/hubsch-interior.com\/wp-content\/uploads\/2026\/02\/interplay-pendant-l-85cm-brownblueorange-46aa093d2bb3c65523eadb8095ba1bfc.jpg\",\"datePublished\":\"2025-01-14T11:13:49+00:00\",\"dateModified\":\"2026-04-06T03:03:10+00:00\",\"description\":\"D\u00e9couvrez le charme de la Pendule Interplay, o\u00f9 le r\u00e9tro rencontre la modernit\u00e9 dans une combinaison de couleurs frappante de brun, bleu et orange.\",\"breadcrumb\":{\"@id\":\"https:\/\/hubsch-interior.com\/fr\/produit\/interplay-pendule-marron-bleu-orange\/#breadcrumb\"},\"inLanguage\":\"fr-FR\",\"potentialAction\":[{\"@type\":\"ReadAction\",\"target\":[\"https:\/\/hubsch-interior.com\/fr\/produit\/interplay-pendule-marron-bleu-orange\/\"]}]},{\"@type\":\"ImageObject\",\"inLanguage\":\"fr-FR\",\"@id\":\"https:\/\/hubsch-interior.com\/fr\/produit\/interplay-pendule-marron-bleu-orange\/#primaryimage\",\"url\":\"https:\/\/hubsch-interior.com\/wp-content\/uploads\/2026\/02\/interplay-pendant-l-85cm-brownblueorange-46aa093d2bb3c65523eadb8095ba1bfc.jpg\",\"contentUrl\":\"https:\/\/hubsch-interior.com\/wp-content\/uploads\/2026\/02\/interplay-pendant-l-85cm-brownblueorange-46aa093d2bb3c65523eadb8095ba1bfc.jpg\",\"width\":1024,\"height\":1024},{\"@type\":\"BreadcrumbList\",\"@id\":\"https:\/\/hubsch-interior.com\/fr\/produit\/interplay-pendule-marron-bleu-orange\/#breadcrumb\",\"itemListElement\":[{\"@type\":\"ListItem\",\"position\":1,\"name\":\"Page d'accueil\",\"item\":\"https:\/\/hubsch-interior.com\/fr\/\"},{\"@type\":\"ListItem\",\"position\":2,\"name\":\"Produits\",\"item\":\"https:\/\/hubsch-interior.com\/fr\/shop-2\/\"},{\"@type\":\"ListItem\",\"position\":3,\"name\":\"Luminaires\",\"item\":\"https:\/\/hubsch-interior.com\/fr\/categorie-produit\/luminaires\/\"},{\"@type\":\"ListItem\",\"position\":4,\"name\":\"Suspensions\",\"item\":\"https:\/\/hubsch-interior.com\/fr\/categorie-produit\/luminaires\/suspensions-fr\/\"},{\"@type\":\"ListItem\",\"position\":5,\"name\":\"Interplay Pendule Marron\/Bleu\/Orange\"}]},{\"@type\":\"WebSite\",\"@id\":\"https:\/\/hubsch-interior.com\/fr\/#website\",\"url\":\"https:\/\/hubsch-interior.com\/fr\/\",\"name\":\"H\u00fcbsch\",\"description\":\"Danish Home Interior and Design\",\"publisher\":{\"@id\":\"https:\/\/hubsch-interior.com\/fr\/#organization\"},\"potentialAction\":[{\"@type\":\"SearchAction\",\"target\":{\"@type\":\"EntryPoint\",\"urlTemplate\":\"https:\/\/hubsch-interior.com\/fr\/?s={search_term_string}\"},\"query-input\":{\"@type\":\"PropertyValueSpecification\",\"valueRequired\":true,\"valueName\":\"search_term_string\"}}],\"inLanguage\":\"fr-FR\"},{\"@type\":\"Organization\",\"@id\":\"https:\/\/hubsch-interior.com\/fr\/#organization\",\"name\":\"H\u00fcbsch\",\"url\":\"https:\/\/hubsch-interior.com\/fr\/\",\"logo\":{\"@type\":\"ImageObject\",\"inLanguage\":\"fr-FR\",\"@id\":\"https:\/\/hubsch-interior.com\/fr\/#\/schema\/logo\/image\/\",\"url\":\"https:\/\/hubsch-interior.com\/wp-content\/uploads\/2022\/12\/Hubsch_logo_black_one_line.svg\",\"contentUrl\":\"https:\/\/hubsch-interior.com\/wp-content\/uploads\/2022\/12\/Hubsch_logo_black_one_line.svg\",\"caption\":\"H\u00fcbsch\"},\"image\":{\"@id\":\"https:\/\/hubsch-interior.com\/fr\/#\/schema\/logo\/image\/\"}}]}<\/script>\n<!-- \/ Yoast SEO plugin. -->","yoast_head_json":{"title":"Interplay Pendule Marron\/Bleu\/Orange - H\u00fcbsch","description":"D\u00e9couvrez le charme de la Pendule Interplay, o\u00f9 le r\u00e9tro rencontre la modernit\u00e9 dans une combinaison de couleurs frappante de brun, bleu et orange.","robots":{"index":"index","follow":"follow","max-snippet":"max-snippet:-1","max-image-preview":"max-image-preview:large","max-video-preview":"max-video-preview:-1"},"canonical":"https:\/\/hubsch-interior.com\/fr\/wp-json\/wp\/v2\/product\/1006458","og_locale":"fr_FR","og_type":"article","og_title":"Interplay Pendule Marron\/Bleu\/Orange - H\u00fcbsch","og_description":"D\u00e9couvrez le charme de la Pendule Interplay, o\u00f9 le r\u00e9tro rencontre la modernit\u00e9 dans une combinaison de couleurs frappante de brun, bleu et orange.","og_url":"https:\/\/hubsch-interior.com\/fr\/produit\/interplay-pendule-marron-bleu-orange\/","og_site_name":"H\u00fcbsch","article_modified_time":"2026-04-06T03:03:10+00:00","og_image":[{"width":1200,"height":1200,"url":"https:\/\/hubsch-interior.com\/wp-content\/uploads\/2025\/01\/interplay-pendant-l-85cm-brownblueorange-14e29d3469b796278e9ef261c1428da7.jpg","type":"image\/jpeg"}],"twitter_card":"summary_large_image","schema":{"@context":"https:\/\/schema.org","@graph":[{"@type":"WebPage","@id":"https:\/\/hubsch-interior.com\/fr\/produit\/interplay-pendule-marron-bleu-orange\/","url":"https:\/\/hubsch-interior.com\/fr\/produit\/interplay-pendule-marron-bleu-orange\/","name":"Interplay Pendule Marron\/Bleu\/Orange - H\u00fcbsch","isPartOf":{"@id":"https:\/\/hubsch-interior.com\/fr\/#website"},"primaryImageOfPage":{"@id":"https:\/\/hubsch-interior.com\/fr\/produit\/interplay-pendule-marron-bleu-orange\/#primaryimage"},"image":{"@id":"https:\/\/hubsch-interior.com\/fr\/produit\/interplay-pendule-marron-bleu-orange\/#primaryimage"},"thumbnailUrl":"https:\/\/hubsch-interior.com\/wp-content\/uploads\/2026\/02\/interplay-pendant-l-85cm-brownblueorange-46aa093d2bb3c65523eadb8095ba1bfc.jpg","datePublished":"2025-01-14T11:13:49+00:00","dateModified":"2026-04-06T03:03:10+00:00","description":"D\u00e9couvrez le charme de la Pendule Interplay, o\u00f9 le r\u00e9tro rencontre la modernit\u00e9 dans une combinaison de couleurs frappante de brun, bleu et orange.","breadcrumb":{"@id":"https:\/\/hubsch-interior.com\/fr\/produit\/interplay-pendule-marron-bleu-orange\/#breadcrumb"},"inLanguage":"fr-FR","potentialAction":[{"@type":"ReadAction","target":["https:\/\/hubsch-interior.com\/fr\/produit\/interplay-pendule-marron-bleu-orange\/"]}]},{"@type":"ImageObject","inLanguage":"fr-FR","@id":"https:\/\/hubsch-interior.com\/fr\/produit\/interplay-pendule-marron-bleu-orange\/#primaryimage","url":"https:\/\/hubsch-interior.com\/wp-content\/uploads\/2026\/02\/interplay-pendant-l-85cm-brownblueorange-46aa093d2bb3c65523eadb8095ba1bfc.jpg","contentUrl":"https:\/\/hubsch-interior.com\/wp-content\/uploads\/2026\/02\/interplay-pendant-l-85cm-brownblueorange-46aa093d2bb3c65523eadb8095ba1bfc.jpg","width":1024,"height":1024},{"@type":"BreadcrumbList","@id":"https:\/\/hubsch-interior.com\/fr\/produit\/interplay-pendule-marron-bleu-orange\/#breadcrumb","itemListElement":[{"@type":"ListItem","position":1,"name":"Page d'accueil","item":"https:\/\/hubsch-interior.com\/fr\/"},{"@type":"ListItem","position":2,"name":"Produits","item":"https:\/\/hubsch-interior.com\/fr\/shop-2\/"},{"@type":"ListItem","position":3,"name":"Luminaires","item":"https:\/\/hubsch-interior.com\/fr\/categorie-produit\/luminaires\/"},{"@type":"ListItem","position":4,"name":"Suspensions","item":"https:\/\/hubsch-interior.com\/fr\/categorie-produit\/luminaires\/suspensions-fr\/"},{"@type":"ListItem","position":5,"name":"Interplay Pendule Marron\/Bleu\/Orange"}]},{"@type":"WebSite","@id":"https:\/\/hubsch-interior.com\/fr\/#website","url":"https:\/\/hubsch-interior.com\/fr\/","name":"H\u00fcbsch","description":"Danish Home Interior and Design","publisher":{"@id":"https:\/\/hubsch-interior.com\/fr\/#organization"},"potentialAction":[{"@type":"SearchAction","target":{"@type":"EntryPoint","urlTemplate":"https:\/\/hubsch-interior.com\/fr\/?s={search_term_string}"},"query-input":{"@type":"PropertyValueSpecification","valueRequired":true,"valueName":"search_term_string"}}],"inLanguage":"fr-FR"},{"@type":"Organization","@id":"https:\/\/hubsch-interior.com\/fr\/#organization","name":"H\u00fcbsch","url":"https:\/\/hubsch-interior.com\/fr\/","logo":{"@type":"ImageObject","inLanguage":"fr-FR","@id":"https:\/\/hubsch-interior.com\/fr\/#\/schema\/logo\/image\/","url":"https:\/\/hubsch-interior.com\/wp-content\/uploads\/2022\/12\/Hubsch_logo_black_one_line.svg","contentUrl":"https:\/\/hubsch-interior.com\/wp-content\/uploads\/2022\/12\/Hubsch_logo_black_one_line.svg","caption":"H\u00fcbsch"},"image":{"@id":"https:\/\/hubsch-interior.com\/fr\/#\/schema\/logo\/image\/"}}]}},"_links":{"self":[{"href":"https:\/\/hubsch-interior.com\/fr\/wp-json\/wp\/v2\/product\/1006458","targetHints":{"allow":["GET"]}}],"collection":[{"href":"https:\/\/hubsch-interior.com\/fr\/wp-json\/wp\/v2\/product"}],"about":[{"href":"https:\/\/hubsch-interior.com\/fr\/wp-json\/wp\/v2\/types\/product"}],"wp:featuredmedia":[{"embeddable":true,"href":"https:\/\/hubsch-interior.com\/fr\/wp-json\/wp\/v2\/media\/1107671"}],"wp:attachment":[{"href":"https:\/\/hubsch-interior.com\/fr\/wp-json\/wp\/v2\/media?parent=1006458"}],"wp:term":[{"taxonomy":"product_brand","embeddable":true,"href":"https:\/\/hubsch-interior.com\/fr\/wp-json\/wp\/v2\/product_brand?post=1006458"},{"taxonomy":"product_cat","embeddable":true,"href":"https:\/\/hubsch-interior.com\/fr\/wp-json\/wp\/v2\/product_cat?post=1006458"},{"taxonomy":"product_tag","embeddable":true,"href":"https:\/\/hubsch-interior.com\/fr\/wp-json\/wp\/v2\/product_tag?post=1006458"}],"curies":[{"name":"wp","href":"https:\/\/api.w.org\/{rel}","templated":true}]}}