{"id":1006523,"date":"2025-01-14T12:57:00","date_gmt":"2025-01-14T11:57:00","guid":{"rendered":"https:\/\/hubsch-interior.com\/product\/product\/"},"modified":"2026-04-09T05:19:31","modified_gmt":"2026-04-09T03:19:31","slug":"kindred-bougeoir-gris-clair-set-de-2","status":"publish","type":"product","link":"https:\/\/hubsch-interior.com\/fr\/produit\/kindred-bougeoir-gris-clair-set-de-2\/","title":{"rendered":"Kindred Bougeoir Gris clair (set de 2)"},"content":{"rendered":"<p>D\u00e9couvrez le charme de notre Bougeoir Kindred, un ensemble classique dans une douce couleur gris clair. Cette variante, \u00e9labor\u00e9e avec \u00e9l\u00e9gance en m\u00e9tal, pr\u00e9sente un attrait \u00e0 la fois minimaliste et r\u00e9tro. Id\u00e9al pour des soir\u00e9es intimes, allumez une bougie et profitez d&#8217;un moment H\u00fcbsch. Disponible en trois variantes diff\u00e9rentes, il est facile de l&#8217;associer \u00e0 vos autres bougeoirs \u00e0 la maison, cr\u00e9ant ainsi une harmonieuse fusion de lumi\u00e8re douce et de style dans n&#8217;importe quelle pi\u00e8ce.<\/p>\n","protected":false},"excerpt":{"rendered":"<p>D\u00e9couvrez le charme de notre Bougeoir Kindred, un ensemble classique dans une douce couleur gris clair. Cette variante, \u00e9labor\u00e9e avec \u00e9l\u00e9gance en m\u00e9tal, pr\u00e9sente un attrait \u00e0 la fois minimaliste et r\u00e9tro. Id\u00e9al pour des soir\u00e9es intimes, allumez une bougie et profitez d&#8217;un moment H\u00fcbsch. Disponible en trois variantes diff\u00e9rentes, il est facile de l&#8217;associer [&hellip;]<\/p>\n","protected":false},"featured_media":1111176,"template":"","meta":{"_acf_changed":false,"inline_featured_image":false},"product_brand":[],"product_cat":[4065,4066,5026,6535,6971,6997],"product_tag":[],"class_list":{"0":"post-1006523","1":"product","2":"type-product","3":"status-publish","4":"has-post-thumbnail","6":"product_cat-bougeoirs-lanternes-fr","7":"product_cat-bougeoirs-et-photophores-fr","8":"product_cat-bestsellers-fr","9":"product_cat-outlet-fr","10":"product_cat-paques","11":"product_cat-the-buzz-fr","12":"product_shipping_class-pk","14":"pa_color-gris-clair-2","15":"pa_material-fer-fr","17":"first","18":"instock","19":"sale","20":"featured","21":"taxable","22":"shipping-taxable","23":"purchasable","24":"product-type-simple"},"exclude_global_add_ons":[],"addons":[],"acf":[],"yoast_head":"<!-- This site is optimized with the Yoast SEO plugin v26.4 - https:\/\/yoast.com\/wordpress\/plugins\/seo\/ -->\n<title>Kindred Bougeoir Gris clair (set de 2) - H\u00fcbsch<\/title>\n<meta name=\"description\" content=\"D\u00e9couvrez le charme de notre Bougeoir Kindred, un ensemble classique dans une douce couleur gris clair. Cette variante, \u00e9labor\u00e9e avec \u00e9l\u00e9gance en m\u00e9tal,\" \/>\n<meta name=\"robots\" content=\"index, follow, max-snippet:-1, max-image-preview:large, max-video-preview:-1\" \/>\n<link rel=\"canonical\" href=\"https:\/\/hubsch-interior.com\/fr\/wp-json\/wp\/v2\/product\/1006523\" \/>\n<meta property=\"og:locale\" content=\"fr_FR\" \/>\n<meta property=\"og:type\" content=\"article\" \/>\n<meta property=\"og:title\" content=\"Kindred Bougeoir Gris clair (set de 2) - H\u00fcbsch\" \/>\n<meta property=\"og:description\" content=\"D\u00e9couvrez le charme de notre Bougeoir Kindred, un ensemble classique dans une douce couleur gris clair. Cette variante, \u00e9labor\u00e9e avec \u00e9l\u00e9gance en m\u00e9tal,\" \/>\n<meta property=\"og:url\" content=\"https:\/\/hubsch-interior.com\/fr\/produit\/kindred-bougeoir-gris-clair-set-de-2\/\" \/>\n<meta property=\"og:site_name\" content=\"H\u00fcbsch\" \/>\n<meta property=\"article:modified_time\" content=\"2026-04-09T03:19:31+00:00\" \/>\n<meta property=\"og:image\" content=\"https:\/\/hubsch-interior.com\/wp-content\/uploads\/2025\/01\/kindred-candleholder-light-grey-set-of-2-de816e8ef0a2fd202b9166ad3e3beaba.jpg\" \/>\n\t<meta property=\"og:image:width\" content=\"1200\" \/>\n\t<meta property=\"og:image:height\" content=\"1200\" \/>\n\t<meta property=\"og:image:type\" content=\"image\/jpeg\" \/>\n<meta name=\"twitter:card\" content=\"summary_large_image\" \/>\n<script type=\"application\/ld+json\" class=\"yoast-schema-graph\">{\"@context\":\"https:\/\/schema.org\",\"@graph\":[{\"@type\":\"WebPage\",\"@id\":\"https:\/\/hubsch-interior.com\/fr\/produit\/kindred-bougeoir-gris-clair-set-de-2\/\",\"url\":\"https:\/\/hubsch-interior.com\/fr\/produit\/kindred-bougeoir-gris-clair-set-de-2\/\",\"name\":\"Kindred Bougeoir Gris clair (set de 2) - H\u00fcbsch\",\"isPartOf\":{\"@id\":\"https:\/\/hubsch-interior.com\/fr\/#website\"},\"primaryImageOfPage\":{\"@id\":\"https:\/\/hubsch-interior.com\/fr\/produit\/kindred-bougeoir-gris-clair-set-de-2\/#primaryimage\"},\"image\":{\"@id\":\"https:\/\/hubsch-interior.com\/fr\/produit\/kindred-bougeoir-gris-clair-set-de-2\/#primaryimage\"},\"thumbnailUrl\":\"https:\/\/hubsch-interior.com\/wp-content\/uploads\/2026\/02\/kindred-candleholder-light-grey-set-of-2-2c6fdbfcab0144b597dc2da2ef9e9c68.jpg\",\"datePublished\":\"2025-01-14T11:57:00+00:00\",\"dateModified\":\"2026-04-09T03:19:31+00:00\",\"description\":\"D\u00e9couvrez le charme de notre Bougeoir Kindred, un ensemble classique dans une douce couleur gris clair. Cette variante, \u00e9labor\u00e9e avec \u00e9l\u00e9gance en m\u00e9tal,\",\"breadcrumb\":{\"@id\":\"https:\/\/hubsch-interior.com\/fr\/produit\/kindred-bougeoir-gris-clair-set-de-2\/#breadcrumb\"},\"inLanguage\":\"fr-FR\",\"potentialAction\":[{\"@type\":\"ReadAction\",\"target\":[\"https:\/\/hubsch-interior.com\/fr\/produit\/kindred-bougeoir-gris-clair-set-de-2\/\"]}]},{\"@type\":\"ImageObject\",\"inLanguage\":\"fr-FR\",\"@id\":\"https:\/\/hubsch-interior.com\/fr\/produit\/kindred-bougeoir-gris-clair-set-de-2\/#primaryimage\",\"url\":\"https:\/\/hubsch-interior.com\/wp-content\/uploads\/2026\/02\/kindred-candleholder-light-grey-set-of-2-2c6fdbfcab0144b597dc2da2ef9e9c68.jpg\",\"contentUrl\":\"https:\/\/hubsch-interior.com\/wp-content\/uploads\/2026\/02\/kindred-candleholder-light-grey-set-of-2-2c6fdbfcab0144b597dc2da2ef9e9c68.jpg\",\"width\":1024,\"height\":1024},{\"@type\":\"BreadcrumbList\",\"@id\":\"https:\/\/hubsch-interior.com\/fr\/produit\/kindred-bougeoir-gris-clair-set-de-2\/#breadcrumb\",\"itemListElement\":[{\"@type\":\"ListItem\",\"position\":1,\"name\":\"Page d'accueil\",\"item\":\"https:\/\/hubsch-interior.com\/fr\/\"},{\"@type\":\"ListItem\",\"position\":2,\"name\":\"Produits\",\"item\":\"https:\/\/hubsch-interior.com\/fr\/shop-2\/\"},{\"@type\":\"ListItem\",\"position\":3,\"name\":\"Accessoires maison\",\"item\":\"https:\/\/hubsch-interior.com\/fr\/categorie-produit\/accessoires-maison\/\"},{\"@type\":\"ListItem\",\"position\":4,\"name\":\"Bougeoirs &amp; lanternes\",\"item\":\"https:\/\/hubsch-interior.com\/fr\/categorie-produit\/accessoires-maison\/bougeoirs-lanternes-fr\/\"},{\"@type\":\"ListItem\",\"position\":5,\"name\":\"Bougeoirs et photophores\",\"item\":\"https:\/\/hubsch-interior.com\/fr\/categorie-produit\/accessoires-maison\/bougeoirs-lanternes-fr\/bougeoirs-et-photophores-fr\/\"},{\"@type\":\"ListItem\",\"position\":6,\"name\":\"Kindred Bougeoir Gris clair (set de 2)\"}]},{\"@type\":\"WebSite\",\"@id\":\"https:\/\/hubsch-interior.com\/fr\/#website\",\"url\":\"https:\/\/hubsch-interior.com\/fr\/\",\"name\":\"H\u00fcbsch\",\"description\":\"Danish Home Interior and Design\",\"publisher\":{\"@id\":\"https:\/\/hubsch-interior.com\/fr\/#organization\"},\"potentialAction\":[{\"@type\":\"SearchAction\",\"target\":{\"@type\":\"EntryPoint\",\"urlTemplate\":\"https:\/\/hubsch-interior.com\/fr\/?s={search_term_string}\"},\"query-input\":{\"@type\":\"PropertyValueSpecification\",\"valueRequired\":true,\"valueName\":\"search_term_string\"}}],\"inLanguage\":\"fr-FR\"},{\"@type\":\"Organization\",\"@id\":\"https:\/\/hubsch-interior.com\/fr\/#organization\",\"name\":\"H\u00fcbsch\",\"url\":\"https:\/\/hubsch-interior.com\/fr\/\",\"logo\":{\"@type\":\"ImageObject\",\"inLanguage\":\"fr-FR\",\"@id\":\"https:\/\/hubsch-interior.com\/fr\/#\/schema\/logo\/image\/\",\"url\":\"https:\/\/hubsch-interior.com\/wp-content\/uploads\/2022\/12\/Hubsch_logo_black_one_line.svg\",\"contentUrl\":\"https:\/\/hubsch-interior.com\/wp-content\/uploads\/2022\/12\/Hubsch_logo_black_one_line.svg\",\"caption\":\"H\u00fcbsch\"},\"image\":{\"@id\":\"https:\/\/hubsch-interior.com\/fr\/#\/schema\/logo\/image\/\"}}]}<\/script>\n<!-- \/ Yoast SEO plugin. -->","yoast_head_json":{"title":"Kindred Bougeoir Gris clair (set de 2) - H\u00fcbsch","description":"D\u00e9couvrez le charme de notre Bougeoir Kindred, un ensemble classique dans une douce couleur gris clair. Cette variante, \u00e9labor\u00e9e avec \u00e9l\u00e9gance en m\u00e9tal,","robots":{"index":"index","follow":"follow","max-snippet":"max-snippet:-1","max-image-preview":"max-image-preview:large","max-video-preview":"max-video-preview:-1"},"canonical":"https:\/\/hubsch-interior.com\/fr\/wp-json\/wp\/v2\/product\/1006523","og_locale":"fr_FR","og_type":"article","og_title":"Kindred Bougeoir Gris clair (set de 2) - H\u00fcbsch","og_description":"D\u00e9couvrez le charme de notre Bougeoir Kindred, un ensemble classique dans une douce couleur gris clair. Cette variante, \u00e9labor\u00e9e avec \u00e9l\u00e9gance en m\u00e9tal,","og_url":"https:\/\/hubsch-interior.com\/fr\/produit\/kindred-bougeoir-gris-clair-set-de-2\/","og_site_name":"H\u00fcbsch","article_modified_time":"2026-04-09T03:19:31+00:00","og_image":[{"width":1200,"height":1200,"url":"https:\/\/hubsch-interior.com\/wp-content\/uploads\/2025\/01\/kindred-candleholder-light-grey-set-of-2-de816e8ef0a2fd202b9166ad3e3beaba.jpg","type":"image\/jpeg"}],"twitter_card":"summary_large_image","schema":{"@context":"https:\/\/schema.org","@graph":[{"@type":"WebPage","@id":"https:\/\/hubsch-interior.com\/fr\/produit\/kindred-bougeoir-gris-clair-set-de-2\/","url":"https:\/\/hubsch-interior.com\/fr\/produit\/kindred-bougeoir-gris-clair-set-de-2\/","name":"Kindred Bougeoir Gris clair (set de 2) - H\u00fcbsch","isPartOf":{"@id":"https:\/\/hubsch-interior.com\/fr\/#website"},"primaryImageOfPage":{"@id":"https:\/\/hubsch-interior.com\/fr\/produit\/kindred-bougeoir-gris-clair-set-de-2\/#primaryimage"},"image":{"@id":"https:\/\/hubsch-interior.com\/fr\/produit\/kindred-bougeoir-gris-clair-set-de-2\/#primaryimage"},"thumbnailUrl":"https:\/\/hubsch-interior.com\/wp-content\/uploads\/2026\/02\/kindred-candleholder-light-grey-set-of-2-2c6fdbfcab0144b597dc2da2ef9e9c68.jpg","datePublished":"2025-01-14T11:57:00+00:00","dateModified":"2026-04-09T03:19:31+00:00","description":"D\u00e9couvrez le charme de notre Bougeoir Kindred, un ensemble classique dans une douce couleur gris clair. Cette variante, \u00e9labor\u00e9e avec \u00e9l\u00e9gance en m\u00e9tal,","breadcrumb":{"@id":"https:\/\/hubsch-interior.com\/fr\/produit\/kindred-bougeoir-gris-clair-set-de-2\/#breadcrumb"},"inLanguage":"fr-FR","potentialAction":[{"@type":"ReadAction","target":["https:\/\/hubsch-interior.com\/fr\/produit\/kindred-bougeoir-gris-clair-set-de-2\/"]}]},{"@type":"ImageObject","inLanguage":"fr-FR","@id":"https:\/\/hubsch-interior.com\/fr\/produit\/kindred-bougeoir-gris-clair-set-de-2\/#primaryimage","url":"https:\/\/hubsch-interior.com\/wp-content\/uploads\/2026\/02\/kindred-candleholder-light-grey-set-of-2-2c6fdbfcab0144b597dc2da2ef9e9c68.jpg","contentUrl":"https:\/\/hubsch-interior.com\/wp-content\/uploads\/2026\/02\/kindred-candleholder-light-grey-set-of-2-2c6fdbfcab0144b597dc2da2ef9e9c68.jpg","width":1024,"height":1024},{"@type":"BreadcrumbList","@id":"https:\/\/hubsch-interior.com\/fr\/produit\/kindred-bougeoir-gris-clair-set-de-2\/#breadcrumb","itemListElement":[{"@type":"ListItem","position":1,"name":"Page d'accueil","item":"https:\/\/hubsch-interior.com\/fr\/"},{"@type":"ListItem","position":2,"name":"Produits","item":"https:\/\/hubsch-interior.com\/fr\/shop-2\/"},{"@type":"ListItem","position":3,"name":"Accessoires maison","item":"https:\/\/hubsch-interior.com\/fr\/categorie-produit\/accessoires-maison\/"},{"@type":"ListItem","position":4,"name":"Bougeoirs &amp; lanternes","item":"https:\/\/hubsch-interior.com\/fr\/categorie-produit\/accessoires-maison\/bougeoirs-lanternes-fr\/"},{"@type":"ListItem","position":5,"name":"Bougeoirs et photophores","item":"https:\/\/hubsch-interior.com\/fr\/categorie-produit\/accessoires-maison\/bougeoirs-lanternes-fr\/bougeoirs-et-photophores-fr\/"},{"@type":"ListItem","position":6,"name":"Kindred Bougeoir Gris clair (set de 2)"}]},{"@type":"WebSite","@id":"https:\/\/hubsch-interior.com\/fr\/#website","url":"https:\/\/hubsch-interior.com\/fr\/","name":"H\u00fcbsch","description":"Danish Home Interior and Design","publisher":{"@id":"https:\/\/hubsch-interior.com\/fr\/#organization"},"potentialAction":[{"@type":"SearchAction","target":{"@type":"EntryPoint","urlTemplate":"https:\/\/hubsch-interior.com\/fr\/?s={search_term_string}"},"query-input":{"@type":"PropertyValueSpecification","valueRequired":true,"valueName":"search_term_string"}}],"inLanguage":"fr-FR"},{"@type":"Organization","@id":"https:\/\/hubsch-interior.com\/fr\/#organization","name":"H\u00fcbsch","url":"https:\/\/hubsch-interior.com\/fr\/","logo":{"@type":"ImageObject","inLanguage":"fr-FR","@id":"https:\/\/hubsch-interior.com\/fr\/#\/schema\/logo\/image\/","url":"https:\/\/hubsch-interior.com\/wp-content\/uploads\/2022\/12\/Hubsch_logo_black_one_line.svg","contentUrl":"https:\/\/hubsch-interior.com\/wp-content\/uploads\/2022\/12\/Hubsch_logo_black_one_line.svg","caption":"H\u00fcbsch"},"image":{"@id":"https:\/\/hubsch-interior.com\/fr\/#\/schema\/logo\/image\/"}}]}},"_links":{"self":[{"href":"https:\/\/hubsch-interior.com\/fr\/wp-json\/wp\/v2\/product\/1006523","targetHints":{"allow":["GET"]}}],"collection":[{"href":"https:\/\/hubsch-interior.com\/fr\/wp-json\/wp\/v2\/product"}],"about":[{"href":"https:\/\/hubsch-interior.com\/fr\/wp-json\/wp\/v2\/types\/product"}],"wp:featuredmedia":[{"embeddable":true,"href":"https:\/\/hubsch-interior.com\/fr\/wp-json\/wp\/v2\/media\/1111176"}],"wp:attachment":[{"href":"https:\/\/hubsch-interior.com\/fr\/wp-json\/wp\/v2\/media?parent=1006523"}],"wp:term":[{"taxonomy":"product_brand","embeddable":true,"href":"https:\/\/hubsch-interior.com\/fr\/wp-json\/wp\/v2\/product_brand?post=1006523"},{"taxonomy":"product_cat","embeddable":true,"href":"https:\/\/hubsch-interior.com\/fr\/wp-json\/wp\/v2\/product_cat?post=1006523"},{"taxonomy":"product_tag","embeddable":true,"href":"https:\/\/hubsch-interior.com\/fr\/wp-json\/wp\/v2\/product_tag?post=1006523"}],"curies":[{"name":"wp","href":"https:\/\/api.w.org\/{rel}","templated":true}]}}