{"id":1006551,"date":"2025-01-14T12:57:49","date_gmt":"2025-01-14T11:57:49","guid":{"rendered":"https:\/\/hubsch-interior.com\/product\/product\/"},"modified":"2026-04-09T05:19:35","modified_gmt":"2026-04-09T03:19:35","slug":"fold-table-d-bleu-petrole","status":"publish","type":"product","link":"https:\/\/hubsch-interior.com\/fr\/produit\/fold-table-d-bleu-petrole\/","title":{"rendered":"Fold Table d Bleu p\u00e9trole"},"content":{"rendered":"<p>D\u00e9couvrez la Fold Table d&#8217;appoint, un charmant accessoire pour votre espace de vie qui \u00e9voque astucieusement une feuille de papier pli\u00e9e. Con\u00e7ue en acier rev\u00eatu de poudre dans une teinte p\u00e9trole, cette table garantit durabilit\u00e9 tout en arborant un design captivant. Disponible en deux variantes distinctes, chaque mod\u00e8le \u00e9voque une nostalgie, rappelant presque les travaux manuels de l&#8217;\u00e9poque scolaire. Sa construction robuste et tr\u00e8s lourde en fait un compagnon fiable \u00e0 c\u00f4t\u00e9 de votre fauteuil pr\u00e9f\u00e9r\u00e9, o\u00f9 elle peut accueillir votre tasse du soir et vos derni\u00e8res lectures.<\/p>\n","protected":false},"excerpt":{"rendered":"<p>D\u00e9couvrez la Fold Table d&#8217;appoint, un charmant accessoire pour votre espace de vie qui \u00e9voque astucieusement une feuille de papier pli\u00e9e. Con\u00e7ue en acier rev\u00eatu de poudre dans une teinte p\u00e9trole, cette table garantit durabilit\u00e9 tout en arborant un design captivant. Disponible en deux variantes distinctes, chaque mod\u00e8le \u00e9voque une nostalgie, rappelant presque les travaux [&hellip;]<\/p>\n","protected":false},"featured_media":1113685,"template":"","meta":{"_acf_changed":false,"inline_featured_image":false},"product_brand":[],"product_cat":[2859,4027,6997],"product_tag":[],"class_list":{"0":"post-1006551","1":"product","2":"type-product","3":"status-publish","4":"has-post-thumbnail","6":"product_cat-tables-fr","7":"product_cat-tables-dappoint-fr","8":"product_cat-the-buzz-fr","9":"product_shipping_class-pk","11":"pa_color-bleu-ptrole","12":"pa_material-fer-fr","14":"first","15":"instock","16":"taxable","17":"shipping-taxable","18":"purchasable","19":"product-type-simple"},"exclude_global_add_ons":[],"addons":[],"acf":[],"yoast_head":"<!-- This site is optimized with the Yoast SEO plugin v26.4 - https:\/\/yoast.com\/wordpress\/plugins\/seo\/ -->\n<title>Fold Table d Bleu p\u00e9trole - H\u00fcbsch<\/title>\n<meta name=\"description\" content=\"D\u00e9couvrez la Fold Table d&#039;appoint, un charmant accessoire pour votre espace de vie qui \u00e9voque astucieusement une feuille de papier pli\u00e9e. Con\u00e7ue en acier\" \/>\n<meta name=\"robots\" content=\"index, follow, max-snippet:-1, max-image-preview:large, max-video-preview:-1\" \/>\n<link rel=\"canonical\" href=\"https:\/\/hubsch-interior.com\/fr\/wp-json\/wp\/v2\/product\/1006551\" \/>\n<meta property=\"og:locale\" content=\"fr_FR\" \/>\n<meta property=\"og:type\" content=\"article\" \/>\n<meta property=\"og:title\" content=\"Fold Table d Bleu p\u00e9trole - H\u00fcbsch\" \/>\n<meta property=\"og:description\" content=\"D\u00e9couvrez la Fold Table d&#039;appoint, un charmant accessoire pour votre espace de vie qui \u00e9voque astucieusement une feuille de papier pli\u00e9e. Con\u00e7ue en acier\" \/>\n<meta property=\"og:url\" content=\"https:\/\/hubsch-interior.com\/fr\/produit\/fold-table-d-bleu-petrole\/\" \/>\n<meta property=\"og:site_name\" content=\"H\u00fcbsch\" \/>\n<meta property=\"article:modified_time\" content=\"2026-04-09T03:19:35+00:00\" \/>\n<meta property=\"og:image\" content=\"https:\/\/hubsch-interior.com\/wp-content\/uploads\/2025\/04\/fold-side-table-petrol-b02800b87d1a32e096e6b54b6556dc25.jpg\" \/>\n\t<meta property=\"og:image:width\" content=\"1200\" \/>\n\t<meta property=\"og:image:height\" content=\"1200\" \/>\n\t<meta property=\"og:image:type\" content=\"image\/jpeg\" \/>\n<meta name=\"twitter:card\" content=\"summary_large_image\" \/>\n<script type=\"application\/ld+json\" class=\"yoast-schema-graph\">{\"@context\":\"https:\/\/schema.org\",\"@graph\":[{\"@type\":\"WebPage\",\"@id\":\"https:\/\/hubsch-interior.com\/fr\/produit\/fold-table-d-bleu-petrole\/\",\"url\":\"https:\/\/hubsch-interior.com\/fr\/produit\/fold-table-d-bleu-petrole\/\",\"name\":\"Fold Table d Bleu p\u00e9trole - H\u00fcbsch\",\"isPartOf\":{\"@id\":\"https:\/\/hubsch-interior.com\/fr\/#website\"},\"primaryImageOfPage\":{\"@id\":\"https:\/\/hubsch-interior.com\/fr\/produit\/fold-table-d-bleu-petrole\/#primaryimage\"},\"image\":{\"@id\":\"https:\/\/hubsch-interior.com\/fr\/produit\/fold-table-d-bleu-petrole\/#primaryimage\"},\"thumbnailUrl\":\"https:\/\/hubsch-interior.com\/wp-content\/uploads\/2026\/02\/fold-side-table-petrol-18e566d5e7dccd882f3e7f069be59ba6.jpg\",\"datePublished\":\"2025-01-14T11:57:49+00:00\",\"dateModified\":\"2026-04-09T03:19:35+00:00\",\"description\":\"D\u00e9couvrez la Fold Table d'appoint, un charmant accessoire pour votre espace de vie qui \u00e9voque astucieusement une feuille de papier pli\u00e9e. Con\u00e7ue en acier\",\"breadcrumb\":{\"@id\":\"https:\/\/hubsch-interior.com\/fr\/produit\/fold-table-d-bleu-petrole\/#breadcrumb\"},\"inLanguage\":\"fr-FR\",\"potentialAction\":[{\"@type\":\"ReadAction\",\"target\":[\"https:\/\/hubsch-interior.com\/fr\/produit\/fold-table-d-bleu-petrole\/\"]}]},{\"@type\":\"ImageObject\",\"inLanguage\":\"fr-FR\",\"@id\":\"https:\/\/hubsch-interior.com\/fr\/produit\/fold-table-d-bleu-petrole\/#primaryimage\",\"url\":\"https:\/\/hubsch-interior.com\/wp-content\/uploads\/2026\/02\/fold-side-table-petrol-18e566d5e7dccd882f3e7f069be59ba6.jpg\",\"contentUrl\":\"https:\/\/hubsch-interior.com\/wp-content\/uploads\/2026\/02\/fold-side-table-petrol-18e566d5e7dccd882f3e7f069be59ba6.jpg\",\"width\":1024,\"height\":1024},{\"@type\":\"BreadcrumbList\",\"@id\":\"https:\/\/hubsch-interior.com\/fr\/produit\/fold-table-d-bleu-petrole\/#breadcrumb\",\"itemListElement\":[{\"@type\":\"ListItem\",\"position\":1,\"name\":\"Page d'accueil\",\"item\":\"https:\/\/hubsch-interior.com\/fr\/\"},{\"@type\":\"ListItem\",\"position\":2,\"name\":\"Produits\",\"item\":\"https:\/\/hubsch-interior.com\/fr\/shop-2\/\"},{\"@type\":\"ListItem\",\"position\":3,\"name\":\"Meubles\",\"item\":\"https:\/\/hubsch-interior.com\/fr\/categorie-produit\/meubles\/\"},{\"@type\":\"ListItem\",\"position\":4,\"name\":\"Tables\",\"item\":\"https:\/\/hubsch-interior.com\/fr\/categorie-produit\/meubles\/tables-fr\/\"},{\"@type\":\"ListItem\",\"position\":5,\"name\":\"Tables d&#039;appoint\",\"item\":\"https:\/\/hubsch-interior.com\/fr\/categorie-produit\/meubles\/tables-fr\/tables-dappoint-fr\/\"},{\"@type\":\"ListItem\",\"position\":6,\"name\":\"Fold Table d Bleu p\u00e9trole\"}]},{\"@type\":\"WebSite\",\"@id\":\"https:\/\/hubsch-interior.com\/fr\/#website\",\"url\":\"https:\/\/hubsch-interior.com\/fr\/\",\"name\":\"H\u00fcbsch\",\"description\":\"Danish Home Interior and Design\",\"publisher\":{\"@id\":\"https:\/\/hubsch-interior.com\/fr\/#organization\"},\"potentialAction\":[{\"@type\":\"SearchAction\",\"target\":{\"@type\":\"EntryPoint\",\"urlTemplate\":\"https:\/\/hubsch-interior.com\/fr\/?s={search_term_string}\"},\"query-input\":{\"@type\":\"PropertyValueSpecification\",\"valueRequired\":true,\"valueName\":\"search_term_string\"}}],\"inLanguage\":\"fr-FR\"},{\"@type\":\"Organization\",\"@id\":\"https:\/\/hubsch-interior.com\/fr\/#organization\",\"name\":\"H\u00fcbsch\",\"url\":\"https:\/\/hubsch-interior.com\/fr\/\",\"logo\":{\"@type\":\"ImageObject\",\"inLanguage\":\"fr-FR\",\"@id\":\"https:\/\/hubsch-interior.com\/fr\/#\/schema\/logo\/image\/\",\"url\":\"https:\/\/hubsch-interior.com\/wp-content\/uploads\/2022\/12\/Hubsch_logo_black_one_line.svg\",\"contentUrl\":\"https:\/\/hubsch-interior.com\/wp-content\/uploads\/2022\/12\/Hubsch_logo_black_one_line.svg\",\"caption\":\"H\u00fcbsch\"},\"image\":{\"@id\":\"https:\/\/hubsch-interior.com\/fr\/#\/schema\/logo\/image\/\"}}]}<\/script>\n<!-- \/ Yoast SEO plugin. -->","yoast_head_json":{"title":"Fold Table d Bleu p\u00e9trole - H\u00fcbsch","description":"D\u00e9couvrez la Fold Table d'appoint, un charmant accessoire pour votre espace de vie qui \u00e9voque astucieusement une feuille de papier pli\u00e9e. Con\u00e7ue en acier","robots":{"index":"index","follow":"follow","max-snippet":"max-snippet:-1","max-image-preview":"max-image-preview:large","max-video-preview":"max-video-preview:-1"},"canonical":"https:\/\/hubsch-interior.com\/fr\/wp-json\/wp\/v2\/product\/1006551","og_locale":"fr_FR","og_type":"article","og_title":"Fold Table d Bleu p\u00e9trole - H\u00fcbsch","og_description":"D\u00e9couvrez la Fold Table d'appoint, un charmant accessoire pour votre espace de vie qui \u00e9voque astucieusement une feuille de papier pli\u00e9e. Con\u00e7ue en acier","og_url":"https:\/\/hubsch-interior.com\/fr\/produit\/fold-table-d-bleu-petrole\/","og_site_name":"H\u00fcbsch","article_modified_time":"2026-04-09T03:19:35+00:00","og_image":[{"width":1200,"height":1200,"url":"https:\/\/hubsch-interior.com\/wp-content\/uploads\/2025\/04\/fold-side-table-petrol-b02800b87d1a32e096e6b54b6556dc25.jpg","type":"image\/jpeg"}],"twitter_card":"summary_large_image","schema":{"@context":"https:\/\/schema.org","@graph":[{"@type":"WebPage","@id":"https:\/\/hubsch-interior.com\/fr\/produit\/fold-table-d-bleu-petrole\/","url":"https:\/\/hubsch-interior.com\/fr\/produit\/fold-table-d-bleu-petrole\/","name":"Fold Table d Bleu p\u00e9trole - H\u00fcbsch","isPartOf":{"@id":"https:\/\/hubsch-interior.com\/fr\/#website"},"primaryImageOfPage":{"@id":"https:\/\/hubsch-interior.com\/fr\/produit\/fold-table-d-bleu-petrole\/#primaryimage"},"image":{"@id":"https:\/\/hubsch-interior.com\/fr\/produit\/fold-table-d-bleu-petrole\/#primaryimage"},"thumbnailUrl":"https:\/\/hubsch-interior.com\/wp-content\/uploads\/2026\/02\/fold-side-table-petrol-18e566d5e7dccd882f3e7f069be59ba6.jpg","datePublished":"2025-01-14T11:57:49+00:00","dateModified":"2026-04-09T03:19:35+00:00","description":"D\u00e9couvrez la Fold Table d'appoint, un charmant accessoire pour votre espace de vie qui \u00e9voque astucieusement une feuille de papier pli\u00e9e. Con\u00e7ue en acier","breadcrumb":{"@id":"https:\/\/hubsch-interior.com\/fr\/produit\/fold-table-d-bleu-petrole\/#breadcrumb"},"inLanguage":"fr-FR","potentialAction":[{"@type":"ReadAction","target":["https:\/\/hubsch-interior.com\/fr\/produit\/fold-table-d-bleu-petrole\/"]}]},{"@type":"ImageObject","inLanguage":"fr-FR","@id":"https:\/\/hubsch-interior.com\/fr\/produit\/fold-table-d-bleu-petrole\/#primaryimage","url":"https:\/\/hubsch-interior.com\/wp-content\/uploads\/2026\/02\/fold-side-table-petrol-18e566d5e7dccd882f3e7f069be59ba6.jpg","contentUrl":"https:\/\/hubsch-interior.com\/wp-content\/uploads\/2026\/02\/fold-side-table-petrol-18e566d5e7dccd882f3e7f069be59ba6.jpg","width":1024,"height":1024},{"@type":"BreadcrumbList","@id":"https:\/\/hubsch-interior.com\/fr\/produit\/fold-table-d-bleu-petrole\/#breadcrumb","itemListElement":[{"@type":"ListItem","position":1,"name":"Page d'accueil","item":"https:\/\/hubsch-interior.com\/fr\/"},{"@type":"ListItem","position":2,"name":"Produits","item":"https:\/\/hubsch-interior.com\/fr\/shop-2\/"},{"@type":"ListItem","position":3,"name":"Meubles","item":"https:\/\/hubsch-interior.com\/fr\/categorie-produit\/meubles\/"},{"@type":"ListItem","position":4,"name":"Tables","item":"https:\/\/hubsch-interior.com\/fr\/categorie-produit\/meubles\/tables-fr\/"},{"@type":"ListItem","position":5,"name":"Tables d&#039;appoint","item":"https:\/\/hubsch-interior.com\/fr\/categorie-produit\/meubles\/tables-fr\/tables-dappoint-fr\/"},{"@type":"ListItem","position":6,"name":"Fold Table d Bleu p\u00e9trole"}]},{"@type":"WebSite","@id":"https:\/\/hubsch-interior.com\/fr\/#website","url":"https:\/\/hubsch-interior.com\/fr\/","name":"H\u00fcbsch","description":"Danish Home Interior and Design","publisher":{"@id":"https:\/\/hubsch-interior.com\/fr\/#organization"},"potentialAction":[{"@type":"SearchAction","target":{"@type":"EntryPoint","urlTemplate":"https:\/\/hubsch-interior.com\/fr\/?s={search_term_string}"},"query-input":{"@type":"PropertyValueSpecification","valueRequired":true,"valueName":"search_term_string"}}],"inLanguage":"fr-FR"},{"@type":"Organization","@id":"https:\/\/hubsch-interior.com\/fr\/#organization","name":"H\u00fcbsch","url":"https:\/\/hubsch-interior.com\/fr\/","logo":{"@type":"ImageObject","inLanguage":"fr-FR","@id":"https:\/\/hubsch-interior.com\/fr\/#\/schema\/logo\/image\/","url":"https:\/\/hubsch-interior.com\/wp-content\/uploads\/2022\/12\/Hubsch_logo_black_one_line.svg","contentUrl":"https:\/\/hubsch-interior.com\/wp-content\/uploads\/2022\/12\/Hubsch_logo_black_one_line.svg","caption":"H\u00fcbsch"},"image":{"@id":"https:\/\/hubsch-interior.com\/fr\/#\/schema\/logo\/image\/"}}]}},"_links":{"self":[{"href":"https:\/\/hubsch-interior.com\/fr\/wp-json\/wp\/v2\/product\/1006551","targetHints":{"allow":["GET"]}}],"collection":[{"href":"https:\/\/hubsch-interior.com\/fr\/wp-json\/wp\/v2\/product"}],"about":[{"href":"https:\/\/hubsch-interior.com\/fr\/wp-json\/wp\/v2\/types\/product"}],"wp:featuredmedia":[{"embeddable":true,"href":"https:\/\/hubsch-interior.com\/fr\/wp-json\/wp\/v2\/media\/1113685"}],"wp:attachment":[{"href":"https:\/\/hubsch-interior.com\/fr\/wp-json\/wp\/v2\/media?parent=1006551"}],"wp:term":[{"taxonomy":"product_brand","embeddable":true,"href":"https:\/\/hubsch-interior.com\/fr\/wp-json\/wp\/v2\/product_brand?post=1006551"},{"taxonomy":"product_cat","embeddable":true,"href":"https:\/\/hubsch-interior.com\/fr\/wp-json\/wp\/v2\/product_cat?post=1006551"},{"taxonomy":"product_tag","embeddable":true,"href":"https:\/\/hubsch-interior.com\/fr\/wp-json\/wp\/v2\/product_tag?post=1006551"}],"curies":[{"name":"wp","href":"https:\/\/api.w.org\/{rel}","templated":true}]}}