{"id":1006603,"date":"2025-01-14T12:59:54","date_gmt":"2025-01-14T11:59:54","guid":{"rendered":"https:\/\/hubsch-interior.com\/product\/product\/"},"modified":"2026-04-09T05:19:46","modified_gmt":"2026-04-09T03:19:46","slug":"inbetween-porte-revues-gris-clair","status":"publish","type":"product","link":"https:\/\/hubsch-interior.com\/fr\/produit\/inbetween-porte-revues-gris-clair\/","title":{"rendered":"Inbetween Porte-revues Gris clair"},"content":{"rendered":"<p>D\u00e9couvrez l&#8217;\u00e9l\u00e9gance de l&#8217;organisation avec le porte-revues Inbetween, un v\u00e9ritable hommage au design chic en m\u00e9tal gris clair. Ce porte-revues graphique n&#8217;est pas seulement fonctionnel, mais il est \u00e9galement une d\u00e9claration de style, pr\u00eat \u00e0 mettre en valeur vos livres audacieux ou vos magazines et \u00e0 les faire briller. Ses lignes \u00e9pur\u00e9es et sa teinte subtile embellissent n&#8217;importe quelle pi\u00e8ce, transformant le d\u00e9sordre en une vitrine soigneusement organis\u00e9e. Parfait pour le lecteur exigeant qui appr\u00e9cie \u00e0 la fois la forme et la fonction dans son espace de vie.<\/p>\n","protected":false},"excerpt":{"rendered":"<p>D\u00e9couvrez l&#8217;\u00e9l\u00e9gance de l&#8217;organisation avec le porte-revues Inbetween, un v\u00e9ritable hommage au design chic en m\u00e9tal gris clair. Ce porte-revues graphique n&#8217;est pas seulement fonctionnel, mais il est \u00e9galement une d\u00e9claration de style, pr\u00eat \u00e0 mettre en valeur vos livres audacieux ou vos magazines et \u00e0 les faire briller. Ses lignes \u00e9pur\u00e9es et sa teinte [&hellip;]<\/p>\n","protected":false},"featured_media":1113769,"template":"","meta":{"_acf_changed":false,"inline_featured_image":false},"product_brand":[],"product_cat":[6997,3110,4019,5026],"product_tag":[],"class_list":{"0":"post-1006603","1":"product","2":"type-product","3":"status-publish","4":"has-post-thumbnail","6":"product_cat-the-buzz-fr","7":"product_cat-espace-de-rangement-fr","8":"product_cat-porte-revues-fr","9":"product_cat-bestsellers-fr","10":"product_shipping_class-pk","12":"pa_color-gris-clair-2","13":"pa_material-fer-fr","15":"first","16":"instock","17":"featured","18":"taxable","19":"shipping-taxable","20":"purchasable","21":"product-type-simple"},"exclude_global_add_ons":[],"addons":[],"acf":[],"yoast_head":"<!-- This site is optimized with the Yoast SEO plugin v26.4 - https:\/\/yoast.com\/wordpress\/plugins\/seo\/ -->\n<title>Inbetween Porte-revues Gris clair - H\u00fcbsch<\/title>\n<meta name=\"description\" content=\"D\u00e9couvrez l&#039;\u00e9l\u00e9gance de l&#039;organisation avec le porte-revues Inbetween, un v\u00e9ritable hommage au design chic en m\u00e9tal gris clair. Ce porte-revues graphique\" \/>\n<meta name=\"robots\" content=\"index, follow, max-snippet:-1, max-image-preview:large, max-video-preview:-1\" \/>\n<link rel=\"canonical\" href=\"https:\/\/hubsch-interior.com\/fr\/wp-json\/wp\/v2\/product\/1006603\" \/>\n<meta property=\"og:locale\" content=\"fr_FR\" \/>\n<meta property=\"og:type\" content=\"article\" \/>\n<meta property=\"og:title\" content=\"Inbetween Porte-revues Gris clair - H\u00fcbsch\" \/>\n<meta property=\"og:description\" content=\"D\u00e9couvrez l&#039;\u00e9l\u00e9gance de l&#039;organisation avec le porte-revues Inbetween, un v\u00e9ritable hommage au design chic en m\u00e9tal gris clair. Ce porte-revues graphique\" \/>\n<meta property=\"og:url\" content=\"https:\/\/hubsch-interior.com\/fr\/produit\/inbetween-porte-revues-gris-clair\/\" \/>\n<meta property=\"og:site_name\" content=\"H\u00fcbsch\" \/>\n<meta property=\"article:modified_time\" content=\"2026-04-09T03:19:46+00:00\" \/>\n<meta property=\"og:image\" content=\"https:\/\/hubsch-interior.com\/wp-content\/uploads\/2025\/01\/inbetween-magazine-holder-light-grey-b592c19630b987117ceec08bad4e8a9a.jpg\" \/>\n\t<meta property=\"og:image:width\" content=\"1200\" \/>\n\t<meta property=\"og:image:height\" content=\"1200\" \/>\n\t<meta property=\"og:image:type\" content=\"image\/jpeg\" \/>\n<meta name=\"twitter:card\" content=\"summary_large_image\" \/>\n<script type=\"application\/ld+json\" class=\"yoast-schema-graph\">{\"@context\":\"https:\/\/schema.org\",\"@graph\":[{\"@type\":\"WebPage\",\"@id\":\"https:\/\/hubsch-interior.com\/fr\/produit\/inbetween-porte-revues-gris-clair\/\",\"url\":\"https:\/\/hubsch-interior.com\/fr\/produit\/inbetween-porte-revues-gris-clair\/\",\"name\":\"Inbetween Porte-revues Gris clair - H\u00fcbsch\",\"isPartOf\":{\"@id\":\"https:\/\/hubsch-interior.com\/fr\/#website\"},\"primaryImageOfPage\":{\"@id\":\"https:\/\/hubsch-interior.com\/fr\/produit\/inbetween-porte-revues-gris-clair\/#primaryimage\"},\"image\":{\"@id\":\"https:\/\/hubsch-interior.com\/fr\/produit\/inbetween-porte-revues-gris-clair\/#primaryimage\"},\"thumbnailUrl\":\"https:\/\/hubsch-interior.com\/wp-content\/uploads\/2026\/02\/inbetween-magazine-holder-light-grey-0377d304f21dc0aec7f650860e51c2ca.jpg\",\"datePublished\":\"2025-01-14T11:59:54+00:00\",\"dateModified\":\"2026-04-09T03:19:46+00:00\",\"description\":\"D\u00e9couvrez l'\u00e9l\u00e9gance de l'organisation avec le porte-revues Inbetween, un v\u00e9ritable hommage au design chic en m\u00e9tal gris clair. Ce porte-revues graphique\",\"breadcrumb\":{\"@id\":\"https:\/\/hubsch-interior.com\/fr\/produit\/inbetween-porte-revues-gris-clair\/#breadcrumb\"},\"inLanguage\":\"fr-FR\",\"potentialAction\":[{\"@type\":\"ReadAction\",\"target\":[\"https:\/\/hubsch-interior.com\/fr\/produit\/inbetween-porte-revues-gris-clair\/\"]}]},{\"@type\":\"ImageObject\",\"inLanguage\":\"fr-FR\",\"@id\":\"https:\/\/hubsch-interior.com\/fr\/produit\/inbetween-porte-revues-gris-clair\/#primaryimage\",\"url\":\"https:\/\/hubsch-interior.com\/wp-content\/uploads\/2026\/02\/inbetween-magazine-holder-light-grey-0377d304f21dc0aec7f650860e51c2ca.jpg\",\"contentUrl\":\"https:\/\/hubsch-interior.com\/wp-content\/uploads\/2026\/02\/inbetween-magazine-holder-light-grey-0377d304f21dc0aec7f650860e51c2ca.jpg\",\"width\":1024,\"height\":1024},{\"@type\":\"BreadcrumbList\",\"@id\":\"https:\/\/hubsch-interior.com\/fr\/produit\/inbetween-porte-revues-gris-clair\/#breadcrumb\",\"itemListElement\":[{\"@type\":\"ListItem\",\"position\":1,\"name\":\"Page d'accueil\",\"item\":\"https:\/\/hubsch-interior.com\/fr\/\"},{\"@type\":\"ListItem\",\"position\":2,\"name\":\"Produits\",\"item\":\"https:\/\/hubsch-interior.com\/fr\/shop-2\/\"},{\"@type\":\"ListItem\",\"position\":3,\"name\":\"Accessoires maison\",\"item\":\"https:\/\/hubsch-interior.com\/fr\/categorie-produit\/accessoires-maison\/\"},{\"@type\":\"ListItem\",\"position\":4,\"name\":\"Espace de rangement\",\"item\":\"https:\/\/hubsch-interior.com\/fr\/categorie-produit\/accessoires-maison\/espace-de-rangement-fr\/\"},{\"@type\":\"ListItem\",\"position\":5,\"name\":\"Porte-revues\",\"item\":\"https:\/\/hubsch-interior.com\/fr\/categorie-produit\/accessoires-maison\/espace-de-rangement-fr\/porte-revues-fr\/\"},{\"@type\":\"ListItem\",\"position\":6,\"name\":\"Inbetween Porte-revues Gris clair\"}]},{\"@type\":\"WebSite\",\"@id\":\"https:\/\/hubsch-interior.com\/fr\/#website\",\"url\":\"https:\/\/hubsch-interior.com\/fr\/\",\"name\":\"H\u00fcbsch\",\"description\":\"Danish Home Interior and Design\",\"publisher\":{\"@id\":\"https:\/\/hubsch-interior.com\/fr\/#organization\"},\"potentialAction\":[{\"@type\":\"SearchAction\",\"target\":{\"@type\":\"EntryPoint\",\"urlTemplate\":\"https:\/\/hubsch-interior.com\/fr\/?s={search_term_string}\"},\"query-input\":{\"@type\":\"PropertyValueSpecification\",\"valueRequired\":true,\"valueName\":\"search_term_string\"}}],\"inLanguage\":\"fr-FR\"},{\"@type\":\"Organization\",\"@id\":\"https:\/\/hubsch-interior.com\/fr\/#organization\",\"name\":\"H\u00fcbsch\",\"url\":\"https:\/\/hubsch-interior.com\/fr\/\",\"logo\":{\"@type\":\"ImageObject\",\"inLanguage\":\"fr-FR\",\"@id\":\"https:\/\/hubsch-interior.com\/fr\/#\/schema\/logo\/image\/\",\"url\":\"https:\/\/hubsch-interior.com\/wp-content\/uploads\/2022\/12\/Hubsch_logo_black_one_line.svg\",\"contentUrl\":\"https:\/\/hubsch-interior.com\/wp-content\/uploads\/2022\/12\/Hubsch_logo_black_one_line.svg\",\"caption\":\"H\u00fcbsch\"},\"image\":{\"@id\":\"https:\/\/hubsch-interior.com\/fr\/#\/schema\/logo\/image\/\"}}]}<\/script>\n<!-- \/ Yoast SEO plugin. -->","yoast_head_json":{"title":"Inbetween Porte-revues Gris clair - H\u00fcbsch","description":"D\u00e9couvrez l'\u00e9l\u00e9gance de l'organisation avec le porte-revues Inbetween, un v\u00e9ritable hommage au design chic en m\u00e9tal gris clair. Ce porte-revues graphique","robots":{"index":"index","follow":"follow","max-snippet":"max-snippet:-1","max-image-preview":"max-image-preview:large","max-video-preview":"max-video-preview:-1"},"canonical":"https:\/\/hubsch-interior.com\/fr\/wp-json\/wp\/v2\/product\/1006603","og_locale":"fr_FR","og_type":"article","og_title":"Inbetween Porte-revues Gris clair - H\u00fcbsch","og_description":"D\u00e9couvrez l'\u00e9l\u00e9gance de l'organisation avec le porte-revues Inbetween, un v\u00e9ritable hommage au design chic en m\u00e9tal gris clair. Ce porte-revues graphique","og_url":"https:\/\/hubsch-interior.com\/fr\/produit\/inbetween-porte-revues-gris-clair\/","og_site_name":"H\u00fcbsch","article_modified_time":"2026-04-09T03:19:46+00:00","og_image":[{"width":1200,"height":1200,"url":"https:\/\/hubsch-interior.com\/wp-content\/uploads\/2025\/01\/inbetween-magazine-holder-light-grey-b592c19630b987117ceec08bad4e8a9a.jpg","type":"image\/jpeg"}],"twitter_card":"summary_large_image","schema":{"@context":"https:\/\/schema.org","@graph":[{"@type":"WebPage","@id":"https:\/\/hubsch-interior.com\/fr\/produit\/inbetween-porte-revues-gris-clair\/","url":"https:\/\/hubsch-interior.com\/fr\/produit\/inbetween-porte-revues-gris-clair\/","name":"Inbetween Porte-revues Gris clair - H\u00fcbsch","isPartOf":{"@id":"https:\/\/hubsch-interior.com\/fr\/#website"},"primaryImageOfPage":{"@id":"https:\/\/hubsch-interior.com\/fr\/produit\/inbetween-porte-revues-gris-clair\/#primaryimage"},"image":{"@id":"https:\/\/hubsch-interior.com\/fr\/produit\/inbetween-porte-revues-gris-clair\/#primaryimage"},"thumbnailUrl":"https:\/\/hubsch-interior.com\/wp-content\/uploads\/2026\/02\/inbetween-magazine-holder-light-grey-0377d304f21dc0aec7f650860e51c2ca.jpg","datePublished":"2025-01-14T11:59:54+00:00","dateModified":"2026-04-09T03:19:46+00:00","description":"D\u00e9couvrez l'\u00e9l\u00e9gance de l'organisation avec le porte-revues Inbetween, un v\u00e9ritable hommage au design chic en m\u00e9tal gris clair. Ce porte-revues graphique","breadcrumb":{"@id":"https:\/\/hubsch-interior.com\/fr\/produit\/inbetween-porte-revues-gris-clair\/#breadcrumb"},"inLanguage":"fr-FR","potentialAction":[{"@type":"ReadAction","target":["https:\/\/hubsch-interior.com\/fr\/produit\/inbetween-porte-revues-gris-clair\/"]}]},{"@type":"ImageObject","inLanguage":"fr-FR","@id":"https:\/\/hubsch-interior.com\/fr\/produit\/inbetween-porte-revues-gris-clair\/#primaryimage","url":"https:\/\/hubsch-interior.com\/wp-content\/uploads\/2026\/02\/inbetween-magazine-holder-light-grey-0377d304f21dc0aec7f650860e51c2ca.jpg","contentUrl":"https:\/\/hubsch-interior.com\/wp-content\/uploads\/2026\/02\/inbetween-magazine-holder-light-grey-0377d304f21dc0aec7f650860e51c2ca.jpg","width":1024,"height":1024},{"@type":"BreadcrumbList","@id":"https:\/\/hubsch-interior.com\/fr\/produit\/inbetween-porte-revues-gris-clair\/#breadcrumb","itemListElement":[{"@type":"ListItem","position":1,"name":"Page d'accueil","item":"https:\/\/hubsch-interior.com\/fr\/"},{"@type":"ListItem","position":2,"name":"Produits","item":"https:\/\/hubsch-interior.com\/fr\/shop-2\/"},{"@type":"ListItem","position":3,"name":"Accessoires maison","item":"https:\/\/hubsch-interior.com\/fr\/categorie-produit\/accessoires-maison\/"},{"@type":"ListItem","position":4,"name":"Espace de rangement","item":"https:\/\/hubsch-interior.com\/fr\/categorie-produit\/accessoires-maison\/espace-de-rangement-fr\/"},{"@type":"ListItem","position":5,"name":"Porte-revues","item":"https:\/\/hubsch-interior.com\/fr\/categorie-produit\/accessoires-maison\/espace-de-rangement-fr\/porte-revues-fr\/"},{"@type":"ListItem","position":6,"name":"Inbetween Porte-revues Gris clair"}]},{"@type":"WebSite","@id":"https:\/\/hubsch-interior.com\/fr\/#website","url":"https:\/\/hubsch-interior.com\/fr\/","name":"H\u00fcbsch","description":"Danish Home Interior and Design","publisher":{"@id":"https:\/\/hubsch-interior.com\/fr\/#organization"},"potentialAction":[{"@type":"SearchAction","target":{"@type":"EntryPoint","urlTemplate":"https:\/\/hubsch-interior.com\/fr\/?s={search_term_string}"},"query-input":{"@type":"PropertyValueSpecification","valueRequired":true,"valueName":"search_term_string"}}],"inLanguage":"fr-FR"},{"@type":"Organization","@id":"https:\/\/hubsch-interior.com\/fr\/#organization","name":"H\u00fcbsch","url":"https:\/\/hubsch-interior.com\/fr\/","logo":{"@type":"ImageObject","inLanguage":"fr-FR","@id":"https:\/\/hubsch-interior.com\/fr\/#\/schema\/logo\/image\/","url":"https:\/\/hubsch-interior.com\/wp-content\/uploads\/2022\/12\/Hubsch_logo_black_one_line.svg","contentUrl":"https:\/\/hubsch-interior.com\/wp-content\/uploads\/2022\/12\/Hubsch_logo_black_one_line.svg","caption":"H\u00fcbsch"},"image":{"@id":"https:\/\/hubsch-interior.com\/fr\/#\/schema\/logo\/image\/"}}]}},"_links":{"self":[{"href":"https:\/\/hubsch-interior.com\/fr\/wp-json\/wp\/v2\/product\/1006603","targetHints":{"allow":["GET"]}}],"collection":[{"href":"https:\/\/hubsch-interior.com\/fr\/wp-json\/wp\/v2\/product"}],"about":[{"href":"https:\/\/hubsch-interior.com\/fr\/wp-json\/wp\/v2\/types\/product"}],"wp:featuredmedia":[{"embeddable":true,"href":"https:\/\/hubsch-interior.com\/fr\/wp-json\/wp\/v2\/media\/1113769"}],"wp:attachment":[{"href":"https:\/\/hubsch-interior.com\/fr\/wp-json\/wp\/v2\/media?parent=1006603"}],"wp:term":[{"taxonomy":"product_brand","embeddable":true,"href":"https:\/\/hubsch-interior.com\/fr\/wp-json\/wp\/v2\/product_brand?post=1006603"},{"taxonomy":"product_cat","embeddable":true,"href":"https:\/\/hubsch-interior.com\/fr\/wp-json\/wp\/v2\/product_cat?post=1006603"},{"taxonomy":"product_tag","embeddable":true,"href":"https:\/\/hubsch-interior.com\/fr\/wp-json\/wp\/v2\/product_tag?post=1006603"}],"curies":[{"name":"wp","href":"https:\/\/api.w.org\/{rel}","templated":true}]}}