{"id":1006623,"date":"2025-01-14T13:00:51","date_gmt":"2025-01-14T12:00:51","guid":{"rendered":"https:\/\/hubsch-interior.com\/product\/product\/"},"modified":"2026-04-05T05:23:16","modified_gmt":"2026-04-05T03:23:16","slug":"play-porte-rouleau-de-cuisine-bleu-gris-vert","status":"publish","type":"product","link":"https:\/\/hubsch-interior.com\/fr\/produit\/play-porte-rouleau-de-cuisine-bleu-gris-vert\/","title":{"rendered":"Play Porte-rouleau de cuisine Bleu\/Gris\/Vert"},"content":{"rendered":"<p>D\u00e9couvrez le charme de notre Play Porte-rouleau de cuisine, un m\u00e9lange s\u00e9duisant de bleu, de gris et de vert, ajoutant une touche color\u00e9e \u00e0 votre cuisine. Fabriqu\u00e9 en m\u00e9tal robuste, cet accessoire indispensable garantit durabilit\u00e9 avec une pointe de style. Il n&#8217;y a jamais un moment ennuyeux lorsque vous atteignez un morceau de papier de cuisine ; ce porte-rouleau assure que praticit\u00e9 rime avec panache. Qui pourrait se passer d&#8217;un ajout aussi vibrant et utile \u00e0 son espace cuisine ? Rendez chaque jour un peu plus lumineux avec cette combinaison color\u00e9e !<\/p>\n","protected":false},"excerpt":{"rendered":"<p>D\u00e9couvrez le charme de notre Play Porte-rouleau de cuisine, un m\u00e9lange s\u00e9duisant de bleu, de gris et de vert, ajoutant une touche color\u00e9e \u00e0 votre cuisine. Fabriqu\u00e9 en m\u00e9tal robuste, cet accessoire indispensable garantit durabilit\u00e9 avec une pointe de style. Il n&#8217;y a jamais un moment ennuyeux lorsque vous atteignez un morceau de papier de [&hellip;]<\/p>\n","protected":false},"featured_media":1113777,"template":"","meta":{"_acf_changed":false,"inline_featured_image":false},"product_brand":[],"product_cat":[7059,6997,7027,4053,4095,5026],"product_tag":[],"class_list":{"0":"post-1006623","1":"product","2":"type-product","3":"status-publish","4":"has-post-thumbnail","6":"product_cat-porte-rouleau-de-cuisine-fr","7":"product_cat-the-buzz-fr","8":"product_cat-vaisselle-fr-2","9":"product_cat-accessoires-de-cuisine-fr","10":"product_cat-vaisselle-fr","11":"product_cat-bestsellers-fr","12":"product_shipping_class-pk","14":"pa_color-bleu-2","15":"pa_color-gris-2","16":"pa_color-vert-2","17":"pa_material-fer-fr","19":"first","20":"outofstock","21":"featured","22":"taxable","23":"shipping-taxable","24":"purchasable","25":"product-type-simple"},"exclude_global_add_ons":[],"addons":[],"acf":[],"yoast_head":"<!-- This site is optimized with the Yoast SEO plugin v26.4 - https:\/\/yoast.com\/wordpress\/plugins\/seo\/ -->\n<title>Play Porte-rouleau de cuisine Bleu\/Gris\/Vert - H\u00fcbsch<\/title>\n<meta name=\"description\" content=\"D\u00e9couvrez le charme de notre Play Porte-rouleau de cuisine, un m\u00e9lange s\u00e9duisant de bleu, de gris et de vert, ajoutant une touche color\u00e9e \u00e0 votre cuisine.\" \/>\n<meta name=\"robots\" content=\"index, follow, max-snippet:-1, max-image-preview:large, max-video-preview:-1\" \/>\n<link rel=\"canonical\" href=\"https:\/\/hubsch-interior.com\/fr\/wp-json\/wp\/v2\/product\/1006623\" \/>\n<meta property=\"og:locale\" content=\"fr_FR\" \/>\n<meta property=\"og:type\" content=\"article\" \/>\n<meta property=\"og:title\" content=\"Play Porte-rouleau de cuisine Bleu\/Gris\/Vert - H\u00fcbsch\" \/>\n<meta property=\"og:description\" content=\"D\u00e9couvrez le charme de notre Play Porte-rouleau de cuisine, un m\u00e9lange s\u00e9duisant de bleu, de gris et de vert, ajoutant une touche color\u00e9e \u00e0 votre cuisine.\" \/>\n<meta property=\"og:url\" content=\"https:\/\/hubsch-interior.com\/fr\/produit\/play-porte-rouleau-de-cuisine-bleu-gris-vert\/\" \/>\n<meta property=\"og:site_name\" content=\"H\u00fcbsch\" \/>\n<meta property=\"article:modified_time\" content=\"2026-04-05T03:23:16+00:00\" \/>\n<meta property=\"og:image\" content=\"https:\/\/hubsch-interior.com\/wp-content\/uploads\/2025\/01\/play-kitchen-roll-holder-bluegreygreen-d5128a88e97f5fdb3a38863d5f0b04b4.jpg\" \/>\n\t<meta property=\"og:image:width\" content=\"1200\" \/>\n\t<meta property=\"og:image:height\" content=\"1200\" \/>\n\t<meta property=\"og:image:type\" content=\"image\/jpeg\" \/>\n<meta name=\"twitter:card\" content=\"summary_large_image\" \/>\n<script type=\"application\/ld+json\" class=\"yoast-schema-graph\">{\"@context\":\"https:\/\/schema.org\",\"@graph\":[{\"@type\":\"WebPage\",\"@id\":\"https:\/\/hubsch-interior.com\/fr\/produit\/play-porte-rouleau-de-cuisine-bleu-gris-vert\/\",\"url\":\"https:\/\/hubsch-interior.com\/fr\/produit\/play-porte-rouleau-de-cuisine-bleu-gris-vert\/\",\"name\":\"Play Porte-rouleau de cuisine Bleu\/Gris\/Vert - H\u00fcbsch\",\"isPartOf\":{\"@id\":\"https:\/\/hubsch-interior.com\/fr\/#website\"},\"primaryImageOfPage\":{\"@id\":\"https:\/\/hubsch-interior.com\/fr\/produit\/play-porte-rouleau-de-cuisine-bleu-gris-vert\/#primaryimage\"},\"image\":{\"@id\":\"https:\/\/hubsch-interior.com\/fr\/produit\/play-porte-rouleau-de-cuisine-bleu-gris-vert\/#primaryimage\"},\"thumbnailUrl\":\"https:\/\/hubsch-interior.com\/wp-content\/uploads\/2026\/02\/play-kitchen-roll-holder-bluegreygreen-cb6a2a8428f6b56d6e5fcd79ddf90819.jpg\",\"datePublished\":\"2025-01-14T12:00:51+00:00\",\"dateModified\":\"2026-04-05T03:23:16+00:00\",\"description\":\"D\u00e9couvrez le charme de notre Play Porte-rouleau de cuisine, un m\u00e9lange s\u00e9duisant de bleu, de gris et de vert, ajoutant une touche color\u00e9e \u00e0 votre cuisine.\",\"breadcrumb\":{\"@id\":\"https:\/\/hubsch-interior.com\/fr\/produit\/play-porte-rouleau-de-cuisine-bleu-gris-vert\/#breadcrumb\"},\"inLanguage\":\"fr-FR\",\"potentialAction\":[{\"@type\":\"ReadAction\",\"target\":[\"https:\/\/hubsch-interior.com\/fr\/produit\/play-porte-rouleau-de-cuisine-bleu-gris-vert\/\"]}]},{\"@type\":\"ImageObject\",\"inLanguage\":\"fr-FR\",\"@id\":\"https:\/\/hubsch-interior.com\/fr\/produit\/play-porte-rouleau-de-cuisine-bleu-gris-vert\/#primaryimage\",\"url\":\"https:\/\/hubsch-interior.com\/wp-content\/uploads\/2026\/02\/play-kitchen-roll-holder-bluegreygreen-cb6a2a8428f6b56d6e5fcd79ddf90819.jpg\",\"contentUrl\":\"https:\/\/hubsch-interior.com\/wp-content\/uploads\/2026\/02\/play-kitchen-roll-holder-bluegreygreen-cb6a2a8428f6b56d6e5fcd79ddf90819.jpg\",\"width\":1024,\"height\":1024},{\"@type\":\"BreadcrumbList\",\"@id\":\"https:\/\/hubsch-interior.com\/fr\/produit\/play-porte-rouleau-de-cuisine-bleu-gris-vert\/#breadcrumb\",\"itemListElement\":[{\"@type\":\"ListItem\",\"position\":1,\"name\":\"Page d'accueil\",\"item\":\"https:\/\/hubsch-interior.com\/fr\/\"},{\"@type\":\"ListItem\",\"position\":2,\"name\":\"Produits\",\"item\":\"https:\/\/hubsch-interior.com\/fr\/shop-2\/\"},{\"@type\":\"ListItem\",\"position\":3,\"name\":\"Cuisine\",\"item\":\"https:\/\/hubsch-interior.com\/fr\/categorie-produit\/cuisine\/\"},{\"@type\":\"ListItem\",\"position\":4,\"name\":\"Vaisselle\",\"item\":\"https:\/\/hubsch-interior.com\/fr\/categorie-produit\/cuisine\/vaisselle-fr-2\/\"},{\"@type\":\"ListItem\",\"position\":5,\"name\":\"Porte-rouleau de cuisine\",\"item\":\"https:\/\/hubsch-interior.com\/fr\/categorie-produit\/cuisine\/vaisselle-fr-2\/porte-rouleau-de-cuisine-fr\/\"},{\"@type\":\"ListItem\",\"position\":6,\"name\":\"Play Porte-rouleau de cuisine Bleu\/Gris\/Vert\"}]},{\"@type\":\"WebSite\",\"@id\":\"https:\/\/hubsch-interior.com\/fr\/#website\",\"url\":\"https:\/\/hubsch-interior.com\/fr\/\",\"name\":\"H\u00fcbsch\",\"description\":\"Danish Home Interior and Design\",\"publisher\":{\"@id\":\"https:\/\/hubsch-interior.com\/fr\/#organization\"},\"potentialAction\":[{\"@type\":\"SearchAction\",\"target\":{\"@type\":\"EntryPoint\",\"urlTemplate\":\"https:\/\/hubsch-interior.com\/fr\/?s={search_term_string}\"},\"query-input\":{\"@type\":\"PropertyValueSpecification\",\"valueRequired\":true,\"valueName\":\"search_term_string\"}}],\"inLanguage\":\"fr-FR\"},{\"@type\":\"Organization\",\"@id\":\"https:\/\/hubsch-interior.com\/fr\/#organization\",\"name\":\"H\u00fcbsch\",\"url\":\"https:\/\/hubsch-interior.com\/fr\/\",\"logo\":{\"@type\":\"ImageObject\",\"inLanguage\":\"fr-FR\",\"@id\":\"https:\/\/hubsch-interior.com\/fr\/#\/schema\/logo\/image\/\",\"url\":\"https:\/\/hubsch-interior.com\/wp-content\/uploads\/2022\/12\/Hubsch_logo_black_one_line.svg\",\"contentUrl\":\"https:\/\/hubsch-interior.com\/wp-content\/uploads\/2022\/12\/Hubsch_logo_black_one_line.svg\",\"caption\":\"H\u00fcbsch\"},\"image\":{\"@id\":\"https:\/\/hubsch-interior.com\/fr\/#\/schema\/logo\/image\/\"}}]}<\/script>\n<!-- \/ Yoast SEO plugin. -->","yoast_head_json":{"title":"Play Porte-rouleau de cuisine Bleu\/Gris\/Vert - H\u00fcbsch","description":"D\u00e9couvrez le charme de notre Play Porte-rouleau de cuisine, un m\u00e9lange s\u00e9duisant de bleu, de gris et de vert, ajoutant une touche color\u00e9e \u00e0 votre cuisine.","robots":{"index":"index","follow":"follow","max-snippet":"max-snippet:-1","max-image-preview":"max-image-preview:large","max-video-preview":"max-video-preview:-1"},"canonical":"https:\/\/hubsch-interior.com\/fr\/wp-json\/wp\/v2\/product\/1006623","og_locale":"fr_FR","og_type":"article","og_title":"Play Porte-rouleau de cuisine Bleu\/Gris\/Vert - H\u00fcbsch","og_description":"D\u00e9couvrez le charme de notre Play Porte-rouleau de cuisine, un m\u00e9lange s\u00e9duisant de bleu, de gris et de vert, ajoutant une touche color\u00e9e \u00e0 votre cuisine.","og_url":"https:\/\/hubsch-interior.com\/fr\/produit\/play-porte-rouleau-de-cuisine-bleu-gris-vert\/","og_site_name":"H\u00fcbsch","article_modified_time":"2026-04-05T03:23:16+00:00","og_image":[{"width":1200,"height":1200,"url":"https:\/\/hubsch-interior.com\/wp-content\/uploads\/2025\/01\/play-kitchen-roll-holder-bluegreygreen-d5128a88e97f5fdb3a38863d5f0b04b4.jpg","type":"image\/jpeg"}],"twitter_card":"summary_large_image","schema":{"@context":"https:\/\/schema.org","@graph":[{"@type":"WebPage","@id":"https:\/\/hubsch-interior.com\/fr\/produit\/play-porte-rouleau-de-cuisine-bleu-gris-vert\/","url":"https:\/\/hubsch-interior.com\/fr\/produit\/play-porte-rouleau-de-cuisine-bleu-gris-vert\/","name":"Play Porte-rouleau de cuisine Bleu\/Gris\/Vert - H\u00fcbsch","isPartOf":{"@id":"https:\/\/hubsch-interior.com\/fr\/#website"},"primaryImageOfPage":{"@id":"https:\/\/hubsch-interior.com\/fr\/produit\/play-porte-rouleau-de-cuisine-bleu-gris-vert\/#primaryimage"},"image":{"@id":"https:\/\/hubsch-interior.com\/fr\/produit\/play-porte-rouleau-de-cuisine-bleu-gris-vert\/#primaryimage"},"thumbnailUrl":"https:\/\/hubsch-interior.com\/wp-content\/uploads\/2026\/02\/play-kitchen-roll-holder-bluegreygreen-cb6a2a8428f6b56d6e5fcd79ddf90819.jpg","datePublished":"2025-01-14T12:00:51+00:00","dateModified":"2026-04-05T03:23:16+00:00","description":"D\u00e9couvrez le charme de notre Play Porte-rouleau de cuisine, un m\u00e9lange s\u00e9duisant de bleu, de gris et de vert, ajoutant une touche color\u00e9e \u00e0 votre cuisine.","breadcrumb":{"@id":"https:\/\/hubsch-interior.com\/fr\/produit\/play-porte-rouleau-de-cuisine-bleu-gris-vert\/#breadcrumb"},"inLanguage":"fr-FR","potentialAction":[{"@type":"ReadAction","target":["https:\/\/hubsch-interior.com\/fr\/produit\/play-porte-rouleau-de-cuisine-bleu-gris-vert\/"]}]},{"@type":"ImageObject","inLanguage":"fr-FR","@id":"https:\/\/hubsch-interior.com\/fr\/produit\/play-porte-rouleau-de-cuisine-bleu-gris-vert\/#primaryimage","url":"https:\/\/hubsch-interior.com\/wp-content\/uploads\/2026\/02\/play-kitchen-roll-holder-bluegreygreen-cb6a2a8428f6b56d6e5fcd79ddf90819.jpg","contentUrl":"https:\/\/hubsch-interior.com\/wp-content\/uploads\/2026\/02\/play-kitchen-roll-holder-bluegreygreen-cb6a2a8428f6b56d6e5fcd79ddf90819.jpg","width":1024,"height":1024},{"@type":"BreadcrumbList","@id":"https:\/\/hubsch-interior.com\/fr\/produit\/play-porte-rouleau-de-cuisine-bleu-gris-vert\/#breadcrumb","itemListElement":[{"@type":"ListItem","position":1,"name":"Page d'accueil","item":"https:\/\/hubsch-interior.com\/fr\/"},{"@type":"ListItem","position":2,"name":"Produits","item":"https:\/\/hubsch-interior.com\/fr\/shop-2\/"},{"@type":"ListItem","position":3,"name":"Cuisine","item":"https:\/\/hubsch-interior.com\/fr\/categorie-produit\/cuisine\/"},{"@type":"ListItem","position":4,"name":"Vaisselle","item":"https:\/\/hubsch-interior.com\/fr\/categorie-produit\/cuisine\/vaisselle-fr-2\/"},{"@type":"ListItem","position":5,"name":"Porte-rouleau de cuisine","item":"https:\/\/hubsch-interior.com\/fr\/categorie-produit\/cuisine\/vaisselle-fr-2\/porte-rouleau-de-cuisine-fr\/"},{"@type":"ListItem","position":6,"name":"Play Porte-rouleau de cuisine Bleu\/Gris\/Vert"}]},{"@type":"WebSite","@id":"https:\/\/hubsch-interior.com\/fr\/#website","url":"https:\/\/hubsch-interior.com\/fr\/","name":"H\u00fcbsch","description":"Danish Home Interior and Design","publisher":{"@id":"https:\/\/hubsch-interior.com\/fr\/#organization"},"potentialAction":[{"@type":"SearchAction","target":{"@type":"EntryPoint","urlTemplate":"https:\/\/hubsch-interior.com\/fr\/?s={search_term_string}"},"query-input":{"@type":"PropertyValueSpecification","valueRequired":true,"valueName":"search_term_string"}}],"inLanguage":"fr-FR"},{"@type":"Organization","@id":"https:\/\/hubsch-interior.com\/fr\/#organization","name":"H\u00fcbsch","url":"https:\/\/hubsch-interior.com\/fr\/","logo":{"@type":"ImageObject","inLanguage":"fr-FR","@id":"https:\/\/hubsch-interior.com\/fr\/#\/schema\/logo\/image\/","url":"https:\/\/hubsch-interior.com\/wp-content\/uploads\/2022\/12\/Hubsch_logo_black_one_line.svg","contentUrl":"https:\/\/hubsch-interior.com\/wp-content\/uploads\/2022\/12\/Hubsch_logo_black_one_line.svg","caption":"H\u00fcbsch"},"image":{"@id":"https:\/\/hubsch-interior.com\/fr\/#\/schema\/logo\/image\/"}}]}},"_links":{"self":[{"href":"https:\/\/hubsch-interior.com\/fr\/wp-json\/wp\/v2\/product\/1006623","targetHints":{"allow":["GET"]}}],"collection":[{"href":"https:\/\/hubsch-interior.com\/fr\/wp-json\/wp\/v2\/product"}],"about":[{"href":"https:\/\/hubsch-interior.com\/fr\/wp-json\/wp\/v2\/types\/product"}],"wp:featuredmedia":[{"embeddable":true,"href":"https:\/\/hubsch-interior.com\/fr\/wp-json\/wp\/v2\/media\/1113777"}],"wp:attachment":[{"href":"https:\/\/hubsch-interior.com\/fr\/wp-json\/wp\/v2\/media?parent=1006623"}],"wp:term":[{"taxonomy":"product_brand","embeddable":true,"href":"https:\/\/hubsch-interior.com\/fr\/wp-json\/wp\/v2\/product_brand?post=1006623"},{"taxonomy":"product_cat","embeddable":true,"href":"https:\/\/hubsch-interior.com\/fr\/wp-json\/wp\/v2\/product_cat?post=1006623"},{"taxonomy":"product_tag","embeddable":true,"href":"https:\/\/hubsch-interior.com\/fr\/wp-json\/wp\/v2\/product_tag?post=1006623"}],"curies":[{"name":"wp","href":"https:\/\/api.w.org\/{rel}","templated":true}]}}