{"id":1006631,"date":"2025-01-14T13:01:07","date_gmt":"2025-01-14T12:01:07","guid":{"rendered":"https:\/\/hubsch-interior.com\/product\/product\/"},"modified":"2026-04-11T05:16:37","modified_gmt":"2026-04-11T03:16:37","slug":"serendipity-applique-murale-noir","status":"publish","type":"product","link":"https:\/\/hubsch-interior.com\/fr\/produit\/serendipity-applique-murale-noir\/","title":{"rendered":"Serendipity Applique murale Noir"},"content":{"rendered":"<p>Illuminez votre coin pr\u00e9f\u00e9r\u00e9 avec la Serendipity Lampe murale, une lampe murale classique qui allie fonctionnalit\u00e9 et style. Fabriqu\u00e9e \u00e0 partir de m\u00e9tal robuste avec une finition noire chic, elle arbore un design minimaliste \u00e9l\u00e9gant qui s&#8217;int\u00e8gre parfaitement \u00e0 tout d\u00e9cor. La grande ampoule diffuse une lumi\u00e8re chaude et accueillante, id\u00e9ale pour se blottir avec un bon livre ou mettre en valeur votre retraite du soir. Transformez votre espace avec cet ajout \u00e9l\u00e9gant et pratique \u00e0 votre maison.<\/p>\n","protected":false},"excerpt":{"rendered":"<p>Illuminez votre coin pr\u00e9f\u00e9r\u00e9 avec la Serendipity Lampe murale, une lampe murale classique qui allie fonctionnalit\u00e9 et style. Fabriqu\u00e9e \u00e0 partir de m\u00e9tal robuste avec une finition noire chic, elle arbore un design minimaliste \u00e9l\u00e9gant qui s&#8217;int\u00e8gre parfaitement \u00e0 tout d\u00e9cor. La grande ampoule diffuse une lumi\u00e8re chaude et accueillante, id\u00e9ale pour se blottir avec [&hellip;]<\/p>\n","protected":false},"featured_media":1111292,"template":"","meta":{"_acf_changed":false,"inline_featured_image":false},"product_brand":[],"product_cat":[6997,3810,3407],"product_tag":[],"class_list":{"0":"post-1006631","1":"product","2":"type-product","3":"status-publish","4":"has-post-thumbnail","6":"product_cat-the-buzz-fr","7":"product_cat-luminaires","8":"product_cat-appliques-murales-fr","9":"product_shipping_class-pk","11":"pa_color-noir","12":"pa_material-fer-fr","14":"first","15":"instock","16":"taxable","17":"shipping-taxable","18":"purchasable","19":"product-type-simple"},"exclude_global_add_ons":[],"addons":[],"acf":[],"yoast_head":"<!-- This site is optimized with the Yoast SEO plugin v26.4 - https:\/\/yoast.com\/wordpress\/plugins\/seo\/ -->\n<title>Serendipity Applique murale Noir - H\u00fcbsch<\/title>\n<meta name=\"description\" content=\"Illuminez votre coin pr\u00e9f\u00e9r\u00e9 avec la Serendipity Lampe murale, une lampe murale classique qui allie fonctionnalit\u00e9 et style. Fabriqu\u00e9e \u00e0 partir de m\u00e9tal\" \/>\n<meta name=\"robots\" content=\"index, follow, max-snippet:-1, max-image-preview:large, max-video-preview:-1\" \/>\n<link rel=\"canonical\" href=\"https:\/\/hubsch-interior.com\/fr\/wp-json\/wp\/v2\/product\/1006631\" \/>\n<meta property=\"og:locale\" content=\"fr_FR\" \/>\n<meta property=\"og:type\" content=\"article\" \/>\n<meta property=\"og:title\" content=\"Serendipity Applique murale Noir - H\u00fcbsch\" \/>\n<meta property=\"og:description\" content=\"Illuminez votre coin pr\u00e9f\u00e9r\u00e9 avec la Serendipity Lampe murale, une lampe murale classique qui allie fonctionnalit\u00e9 et style. Fabriqu\u00e9e \u00e0 partir de m\u00e9tal\" \/>\n<meta property=\"og:url\" content=\"https:\/\/hubsch-interior.com\/fr\/produit\/serendipity-applique-murale-noir\/\" \/>\n<meta property=\"og:site_name\" content=\"H\u00fcbsch\" \/>\n<meta property=\"article:modified_time\" content=\"2026-04-11T03:16:37+00:00\" \/>\n<meta property=\"og:image\" content=\"https:\/\/hubsch-interior.com\/wp-content\/uploads\/2025\/01\/serendipity-wall-light-black-34e847af741feab3bf355e742f146987.jpg\" \/>\n\t<meta property=\"og:image:width\" content=\"1200\" \/>\n\t<meta property=\"og:image:height\" content=\"1200\" \/>\n\t<meta property=\"og:image:type\" content=\"image\/jpeg\" \/>\n<meta name=\"twitter:card\" content=\"summary_large_image\" \/>\n<script type=\"application\/ld+json\" class=\"yoast-schema-graph\">{\"@context\":\"https:\/\/schema.org\",\"@graph\":[{\"@type\":\"WebPage\",\"@id\":\"https:\/\/hubsch-interior.com\/fr\/produit\/serendipity-applique-murale-noir\/\",\"url\":\"https:\/\/hubsch-interior.com\/fr\/produit\/serendipity-applique-murale-noir\/\",\"name\":\"Serendipity Applique murale Noir - H\u00fcbsch\",\"isPartOf\":{\"@id\":\"https:\/\/hubsch-interior.com\/fr\/#website\"},\"primaryImageOfPage\":{\"@id\":\"https:\/\/hubsch-interior.com\/fr\/produit\/serendipity-applique-murale-noir\/#primaryimage\"},\"image\":{\"@id\":\"https:\/\/hubsch-interior.com\/fr\/produit\/serendipity-applique-murale-noir\/#primaryimage\"},\"thumbnailUrl\":\"https:\/\/hubsch-interior.com\/wp-content\/uploads\/2026\/02\/serendipity-wall-light-black-eadaa4203fe95a08aa06ca4313296a6f.jpg\",\"datePublished\":\"2025-01-14T12:01:07+00:00\",\"dateModified\":\"2026-04-11T03:16:37+00:00\",\"description\":\"Illuminez votre coin pr\u00e9f\u00e9r\u00e9 avec la Serendipity Lampe murale, une lampe murale classique qui allie fonctionnalit\u00e9 et style. Fabriqu\u00e9e \u00e0 partir de m\u00e9tal\",\"breadcrumb\":{\"@id\":\"https:\/\/hubsch-interior.com\/fr\/produit\/serendipity-applique-murale-noir\/#breadcrumb\"},\"inLanguage\":\"fr-FR\",\"potentialAction\":[{\"@type\":\"ReadAction\",\"target\":[\"https:\/\/hubsch-interior.com\/fr\/produit\/serendipity-applique-murale-noir\/\"]}]},{\"@type\":\"ImageObject\",\"inLanguage\":\"fr-FR\",\"@id\":\"https:\/\/hubsch-interior.com\/fr\/produit\/serendipity-applique-murale-noir\/#primaryimage\",\"url\":\"https:\/\/hubsch-interior.com\/wp-content\/uploads\/2026\/02\/serendipity-wall-light-black-eadaa4203fe95a08aa06ca4313296a6f.jpg\",\"contentUrl\":\"https:\/\/hubsch-interior.com\/wp-content\/uploads\/2026\/02\/serendipity-wall-light-black-eadaa4203fe95a08aa06ca4313296a6f.jpg\",\"width\":1024,\"height\":1024},{\"@type\":\"BreadcrumbList\",\"@id\":\"https:\/\/hubsch-interior.com\/fr\/produit\/serendipity-applique-murale-noir\/#breadcrumb\",\"itemListElement\":[{\"@type\":\"ListItem\",\"position\":1,\"name\":\"Page d'accueil\",\"item\":\"https:\/\/hubsch-interior.com\/fr\/\"},{\"@type\":\"ListItem\",\"position\":2,\"name\":\"Produits\",\"item\":\"https:\/\/hubsch-interior.com\/fr\/shop-2\/\"},{\"@type\":\"ListItem\",\"position\":3,\"name\":\"Luminaires\",\"item\":\"https:\/\/hubsch-interior.com\/fr\/categorie-produit\/luminaires\/\"},{\"@type\":\"ListItem\",\"position\":4,\"name\":\"Appliques murales\",\"item\":\"https:\/\/hubsch-interior.com\/fr\/categorie-produit\/luminaires\/appliques-murales-fr\/\"},{\"@type\":\"ListItem\",\"position\":5,\"name\":\"Serendipity Applique murale Noir\"}]},{\"@type\":\"WebSite\",\"@id\":\"https:\/\/hubsch-interior.com\/fr\/#website\",\"url\":\"https:\/\/hubsch-interior.com\/fr\/\",\"name\":\"H\u00fcbsch\",\"description\":\"Danish Home Interior and Design\",\"publisher\":{\"@id\":\"https:\/\/hubsch-interior.com\/fr\/#organization\"},\"potentialAction\":[{\"@type\":\"SearchAction\",\"target\":{\"@type\":\"EntryPoint\",\"urlTemplate\":\"https:\/\/hubsch-interior.com\/fr\/?s={search_term_string}\"},\"query-input\":{\"@type\":\"PropertyValueSpecification\",\"valueRequired\":true,\"valueName\":\"search_term_string\"}}],\"inLanguage\":\"fr-FR\"},{\"@type\":\"Organization\",\"@id\":\"https:\/\/hubsch-interior.com\/fr\/#organization\",\"name\":\"H\u00fcbsch\",\"url\":\"https:\/\/hubsch-interior.com\/fr\/\",\"logo\":{\"@type\":\"ImageObject\",\"inLanguage\":\"fr-FR\",\"@id\":\"https:\/\/hubsch-interior.com\/fr\/#\/schema\/logo\/image\/\",\"url\":\"https:\/\/hubsch-interior.com\/wp-content\/uploads\/2022\/12\/Hubsch_logo_black_one_line.svg\",\"contentUrl\":\"https:\/\/hubsch-interior.com\/wp-content\/uploads\/2022\/12\/Hubsch_logo_black_one_line.svg\",\"caption\":\"H\u00fcbsch\"},\"image\":{\"@id\":\"https:\/\/hubsch-interior.com\/fr\/#\/schema\/logo\/image\/\"}}]}<\/script>\n<!-- \/ Yoast SEO plugin. -->","yoast_head_json":{"title":"Serendipity Applique murale Noir - H\u00fcbsch","description":"Illuminez votre coin pr\u00e9f\u00e9r\u00e9 avec la Serendipity Lampe murale, une lampe murale classique qui allie fonctionnalit\u00e9 et style. Fabriqu\u00e9e \u00e0 partir de m\u00e9tal","robots":{"index":"index","follow":"follow","max-snippet":"max-snippet:-1","max-image-preview":"max-image-preview:large","max-video-preview":"max-video-preview:-1"},"canonical":"https:\/\/hubsch-interior.com\/fr\/wp-json\/wp\/v2\/product\/1006631","og_locale":"fr_FR","og_type":"article","og_title":"Serendipity Applique murale Noir - H\u00fcbsch","og_description":"Illuminez votre coin pr\u00e9f\u00e9r\u00e9 avec la Serendipity Lampe murale, une lampe murale classique qui allie fonctionnalit\u00e9 et style. Fabriqu\u00e9e \u00e0 partir de m\u00e9tal","og_url":"https:\/\/hubsch-interior.com\/fr\/produit\/serendipity-applique-murale-noir\/","og_site_name":"H\u00fcbsch","article_modified_time":"2026-04-11T03:16:37+00:00","og_image":[{"width":1200,"height":1200,"url":"https:\/\/hubsch-interior.com\/wp-content\/uploads\/2025\/01\/serendipity-wall-light-black-34e847af741feab3bf355e742f146987.jpg","type":"image\/jpeg"}],"twitter_card":"summary_large_image","schema":{"@context":"https:\/\/schema.org","@graph":[{"@type":"WebPage","@id":"https:\/\/hubsch-interior.com\/fr\/produit\/serendipity-applique-murale-noir\/","url":"https:\/\/hubsch-interior.com\/fr\/produit\/serendipity-applique-murale-noir\/","name":"Serendipity Applique murale Noir - H\u00fcbsch","isPartOf":{"@id":"https:\/\/hubsch-interior.com\/fr\/#website"},"primaryImageOfPage":{"@id":"https:\/\/hubsch-interior.com\/fr\/produit\/serendipity-applique-murale-noir\/#primaryimage"},"image":{"@id":"https:\/\/hubsch-interior.com\/fr\/produit\/serendipity-applique-murale-noir\/#primaryimage"},"thumbnailUrl":"https:\/\/hubsch-interior.com\/wp-content\/uploads\/2026\/02\/serendipity-wall-light-black-eadaa4203fe95a08aa06ca4313296a6f.jpg","datePublished":"2025-01-14T12:01:07+00:00","dateModified":"2026-04-11T03:16:37+00:00","description":"Illuminez votre coin pr\u00e9f\u00e9r\u00e9 avec la Serendipity Lampe murale, une lampe murale classique qui allie fonctionnalit\u00e9 et style. Fabriqu\u00e9e \u00e0 partir de m\u00e9tal","breadcrumb":{"@id":"https:\/\/hubsch-interior.com\/fr\/produit\/serendipity-applique-murale-noir\/#breadcrumb"},"inLanguage":"fr-FR","potentialAction":[{"@type":"ReadAction","target":["https:\/\/hubsch-interior.com\/fr\/produit\/serendipity-applique-murale-noir\/"]}]},{"@type":"ImageObject","inLanguage":"fr-FR","@id":"https:\/\/hubsch-interior.com\/fr\/produit\/serendipity-applique-murale-noir\/#primaryimage","url":"https:\/\/hubsch-interior.com\/wp-content\/uploads\/2026\/02\/serendipity-wall-light-black-eadaa4203fe95a08aa06ca4313296a6f.jpg","contentUrl":"https:\/\/hubsch-interior.com\/wp-content\/uploads\/2026\/02\/serendipity-wall-light-black-eadaa4203fe95a08aa06ca4313296a6f.jpg","width":1024,"height":1024},{"@type":"BreadcrumbList","@id":"https:\/\/hubsch-interior.com\/fr\/produit\/serendipity-applique-murale-noir\/#breadcrumb","itemListElement":[{"@type":"ListItem","position":1,"name":"Page d'accueil","item":"https:\/\/hubsch-interior.com\/fr\/"},{"@type":"ListItem","position":2,"name":"Produits","item":"https:\/\/hubsch-interior.com\/fr\/shop-2\/"},{"@type":"ListItem","position":3,"name":"Luminaires","item":"https:\/\/hubsch-interior.com\/fr\/categorie-produit\/luminaires\/"},{"@type":"ListItem","position":4,"name":"Appliques murales","item":"https:\/\/hubsch-interior.com\/fr\/categorie-produit\/luminaires\/appliques-murales-fr\/"},{"@type":"ListItem","position":5,"name":"Serendipity Applique murale Noir"}]},{"@type":"WebSite","@id":"https:\/\/hubsch-interior.com\/fr\/#website","url":"https:\/\/hubsch-interior.com\/fr\/","name":"H\u00fcbsch","description":"Danish Home Interior and Design","publisher":{"@id":"https:\/\/hubsch-interior.com\/fr\/#organization"},"potentialAction":[{"@type":"SearchAction","target":{"@type":"EntryPoint","urlTemplate":"https:\/\/hubsch-interior.com\/fr\/?s={search_term_string}"},"query-input":{"@type":"PropertyValueSpecification","valueRequired":true,"valueName":"search_term_string"}}],"inLanguage":"fr-FR"},{"@type":"Organization","@id":"https:\/\/hubsch-interior.com\/fr\/#organization","name":"H\u00fcbsch","url":"https:\/\/hubsch-interior.com\/fr\/","logo":{"@type":"ImageObject","inLanguage":"fr-FR","@id":"https:\/\/hubsch-interior.com\/fr\/#\/schema\/logo\/image\/","url":"https:\/\/hubsch-interior.com\/wp-content\/uploads\/2022\/12\/Hubsch_logo_black_one_line.svg","contentUrl":"https:\/\/hubsch-interior.com\/wp-content\/uploads\/2022\/12\/Hubsch_logo_black_one_line.svg","caption":"H\u00fcbsch"},"image":{"@id":"https:\/\/hubsch-interior.com\/fr\/#\/schema\/logo\/image\/"}}]}},"_links":{"self":[{"href":"https:\/\/hubsch-interior.com\/fr\/wp-json\/wp\/v2\/product\/1006631","targetHints":{"allow":["GET"]}}],"collection":[{"href":"https:\/\/hubsch-interior.com\/fr\/wp-json\/wp\/v2\/product"}],"about":[{"href":"https:\/\/hubsch-interior.com\/fr\/wp-json\/wp\/v2\/types\/product"}],"wp:featuredmedia":[{"embeddable":true,"href":"https:\/\/hubsch-interior.com\/fr\/wp-json\/wp\/v2\/media\/1111292"}],"wp:attachment":[{"href":"https:\/\/hubsch-interior.com\/fr\/wp-json\/wp\/v2\/media?parent=1006631"}],"wp:term":[{"taxonomy":"product_brand","embeddable":true,"href":"https:\/\/hubsch-interior.com\/fr\/wp-json\/wp\/v2\/product_brand?post=1006631"},{"taxonomy":"product_cat","embeddable":true,"href":"https:\/\/hubsch-interior.com\/fr\/wp-json\/wp\/v2\/product_cat?post=1006631"},{"taxonomy":"product_tag","embeddable":true,"href":"https:\/\/hubsch-interior.com\/fr\/wp-json\/wp\/v2\/product_tag?post=1006631"}],"curies":[{"name":"wp","href":"https:\/\/api.w.org\/{rel}","templated":true}]}}