{"id":1006663,"date":"2025-01-14T13:02:15","date_gmt":"2025-01-14T12:02:15","guid":{"rendered":"https:\/\/hubsch-interior.com\/product\/product\/"},"modified":"2026-04-09T05:19:57","modified_gmt":"2026-04-09T03:19:57","slug":"redux-organiseur-de-bureau-blanc-casse-jaune-clair-bleu-petrole-set-de-3","status":"publish","type":"product","link":"https:\/\/hubsch-interior.com\/fr\/produit\/redux-organiseur-de-bureau-blanc-casse-jaune-clair-bleu-petrole-set-de-3\/","title":{"rendered":"Redux Organiseur de bureau Blanc cass\u00e9\/Jaune clair\/Bleu p\u00e9trole (set de 3)"},"content":{"rendered":"<p>D\u00e9couvrez le Redux Organiseur de bureau, un ajout essentiel \u00e0 votre espace de travail. Fabriqu\u00e9 en pl\u00e2tre avec un aspect c\u00e9ramique \u00e9l\u00e9gant, cet accessoire robuste est disponible dans des couleurs compl\u00e9mentaires douces : blanc cass\u00e9, jaune clair et bleu p\u00e9trole. Ce n&#8217;est pas seulement un porte-documents ; c&#8217;est une affirmation de style. Gardez-vous organis\u00e9 avec cette pi\u00e8ce charmante, assurant que votre bureau reste sans encombrement tout en ajoutant une touche de sophistication. Parfait pour ceux qui appr\u00e9cient un m\u00e9lange de fonctionnalit\u00e9 et de charme esth\u00e9tique.<\/p>\n","protected":false},"excerpt":{"rendered":"<p>D\u00e9couvrez le Redux Organiseur de bureau, un ajout essentiel \u00e0 votre espace de travail. Fabriqu\u00e9 en pl\u00e2tre avec un aspect c\u00e9ramique \u00e9l\u00e9gant, cet accessoire robuste est disponible dans des couleurs compl\u00e9mentaires douces : blanc cass\u00e9, jaune clair et bleu p\u00e9trole. Ce n&#8217;est pas seulement un porte-documents ; c&#8217;est une affirmation de style. Gardez-vous organis\u00e9 avec [&hellip;]<\/p>\n","protected":false},"featured_media":1113789,"template":"","meta":{"_acf_changed":false,"inline_featured_image":false},"product_brand":[],"product_cat":[6997,4153,4960],"product_tag":[],"class_list":{"0":"post-1006663","1":"product","2":"type-product","3":"status-publish","4":"has-post-thumbnail","6":"product_cat-the-buzz-fr","7":"product_cat-espace-de-travail-fr","8":"product_cat-rangement-fr","9":"product_shipping_class-pk","11":"pa_color-bleu-ptrole","12":"pa_color-blanc-cass-2","13":"pa_color-jaune-clair","14":"pa_material-platre-fr","16":"first","17":"instock","18":"taxable","19":"shipping-taxable","20":"purchasable","21":"product-type-simple"},"exclude_global_add_ons":[],"addons":[],"acf":[],"yoast_head":"<!-- This site is optimized with the Yoast SEO plugin v26.4 - https:\/\/yoast.com\/wordpress\/plugins\/seo\/ -->\n<title>Redux Organiseur de bureau Blanc cass\u00e9\/Jaune clair\/Bleu p\u00e9trole (set de 3) - H\u00fcbsch<\/title>\n<meta name=\"description\" content=\"D\u00e9couvrez le Redux Organiseur de bureau, un ajout essentiel \u00e0 votre espace de travail. Fabriqu\u00e9 en pl\u00e2tre avec un aspect c\u00e9ramique \u00e9l\u00e9gant, cet accessoire\" \/>\n<meta name=\"robots\" content=\"index, follow, max-snippet:-1, max-image-preview:large, max-video-preview:-1\" \/>\n<link rel=\"canonical\" href=\"https:\/\/hubsch-interior.com\/fr\/wp-json\/wp\/v2\/product\/1006663\" \/>\n<meta property=\"og:locale\" content=\"fr_FR\" \/>\n<meta property=\"og:type\" content=\"article\" \/>\n<meta property=\"og:title\" content=\"Redux Organiseur de bureau Blanc cass\u00e9\/Jaune clair\/Bleu p\u00e9trole (set de 3) - H\u00fcbsch\" \/>\n<meta property=\"og:description\" content=\"D\u00e9couvrez le Redux Organiseur de bureau, un ajout essentiel \u00e0 votre espace de travail. Fabriqu\u00e9 en pl\u00e2tre avec un aspect c\u00e9ramique \u00e9l\u00e9gant, cet accessoire\" \/>\n<meta property=\"og:url\" content=\"https:\/\/hubsch-interior.com\/fr\/produit\/redux-organiseur-de-bureau-blanc-casse-jaune-clair-bleu-petrole-set-de-3\/\" \/>\n<meta property=\"og:site_name\" content=\"H\u00fcbsch\" \/>\n<meta property=\"article:modified_time\" content=\"2026-04-09T03:19:57+00:00\" \/>\n<meta property=\"og:image\" content=\"https:\/\/hubsch-interior.com\/wp-content\/uploads\/2025\/01\/redux-desk-organiser-offwhitelight-yellowpetrol-set-of-3-aa28fc637d6d9efe160a8e37978b1eb5.jpg\" \/>\n\t<meta property=\"og:image:width\" content=\"1200\" \/>\n\t<meta property=\"og:image:height\" content=\"1200\" \/>\n\t<meta property=\"og:image:type\" content=\"image\/jpeg\" \/>\n<meta name=\"twitter:card\" content=\"summary_large_image\" \/>\n<script type=\"application\/ld+json\" class=\"yoast-schema-graph\">{\"@context\":\"https:\/\/schema.org\",\"@graph\":[{\"@type\":\"WebPage\",\"@id\":\"https:\/\/hubsch-interior.com\/fr\/produit\/redux-organiseur-de-bureau-blanc-casse-jaune-clair-bleu-petrole-set-de-3\/\",\"url\":\"https:\/\/hubsch-interior.com\/fr\/produit\/redux-organiseur-de-bureau-blanc-casse-jaune-clair-bleu-petrole-set-de-3\/\",\"name\":\"Redux Organiseur de bureau Blanc cass\u00e9\/Jaune clair\/Bleu p\u00e9trole (set de 3) - H\u00fcbsch\",\"isPartOf\":{\"@id\":\"https:\/\/hubsch-interior.com\/fr\/#website\"},\"primaryImageOfPage\":{\"@id\":\"https:\/\/hubsch-interior.com\/fr\/produit\/redux-organiseur-de-bureau-blanc-casse-jaune-clair-bleu-petrole-set-de-3\/#primaryimage\"},\"image\":{\"@id\":\"https:\/\/hubsch-interior.com\/fr\/produit\/redux-organiseur-de-bureau-blanc-casse-jaune-clair-bleu-petrole-set-de-3\/#primaryimage\"},\"thumbnailUrl\":\"https:\/\/hubsch-interior.com\/wp-content\/uploads\/2026\/02\/redux-desk-organiser-offwhitelight-yellowpetrol-set-of-3-c84fee68547c095d779d9f86997722d9.jpg\",\"datePublished\":\"2025-01-14T12:02:15+00:00\",\"dateModified\":\"2026-04-09T03:19:57+00:00\",\"description\":\"D\u00e9couvrez le Redux Organiseur de bureau, un ajout essentiel \u00e0 votre espace de travail. Fabriqu\u00e9 en pl\u00e2tre avec un aspect c\u00e9ramique \u00e9l\u00e9gant, cet accessoire\",\"breadcrumb\":{\"@id\":\"https:\/\/hubsch-interior.com\/fr\/produit\/redux-organiseur-de-bureau-blanc-casse-jaune-clair-bleu-petrole-set-de-3\/#breadcrumb\"},\"inLanguage\":\"fr-FR\",\"potentialAction\":[{\"@type\":\"ReadAction\",\"target\":[\"https:\/\/hubsch-interior.com\/fr\/produit\/redux-organiseur-de-bureau-blanc-casse-jaune-clair-bleu-petrole-set-de-3\/\"]}]},{\"@type\":\"ImageObject\",\"inLanguage\":\"fr-FR\",\"@id\":\"https:\/\/hubsch-interior.com\/fr\/produit\/redux-organiseur-de-bureau-blanc-casse-jaune-clair-bleu-petrole-set-de-3\/#primaryimage\",\"url\":\"https:\/\/hubsch-interior.com\/wp-content\/uploads\/2026\/02\/redux-desk-organiser-offwhitelight-yellowpetrol-set-of-3-c84fee68547c095d779d9f86997722d9.jpg\",\"contentUrl\":\"https:\/\/hubsch-interior.com\/wp-content\/uploads\/2026\/02\/redux-desk-organiser-offwhitelight-yellowpetrol-set-of-3-c84fee68547c095d779d9f86997722d9.jpg\",\"width\":1024,\"height\":1024},{\"@type\":\"BreadcrumbList\",\"@id\":\"https:\/\/hubsch-interior.com\/fr\/produit\/redux-organiseur-de-bureau-blanc-casse-jaune-clair-bleu-petrole-set-de-3\/#breadcrumb\",\"itemListElement\":[{\"@type\":\"ListItem\",\"position\":1,\"name\":\"Page d'accueil\",\"item\":\"https:\/\/hubsch-interior.com\/fr\/\"},{\"@type\":\"ListItem\",\"position\":2,\"name\":\"Produits\",\"item\":\"https:\/\/hubsch-interior.com\/fr\/shop-2\/\"},{\"@type\":\"ListItem\",\"position\":3,\"name\":\"Accessoires maison\",\"item\":\"https:\/\/hubsch-interior.com\/fr\/categorie-produit\/accessoires-maison\/\"},{\"@type\":\"ListItem\",\"position\":4,\"name\":\"Espace de travail\",\"item\":\"https:\/\/hubsch-interior.com\/fr\/categorie-produit\/accessoires-maison\/espace-de-travail-fr\/\"},{\"@type\":\"ListItem\",\"position\":5,\"name\":\"Rangement\",\"item\":\"https:\/\/hubsch-interior.com\/fr\/categorie-produit\/accessoires-maison\/espace-de-travail-fr\/rangement-fr\/\"},{\"@type\":\"ListItem\",\"position\":6,\"name\":\"Redux Organiseur de bureau Blanc cass\u00e9\/Jaune clair\/Bleu p\u00e9trole (set de 3)\"}]},{\"@type\":\"WebSite\",\"@id\":\"https:\/\/hubsch-interior.com\/fr\/#website\",\"url\":\"https:\/\/hubsch-interior.com\/fr\/\",\"name\":\"H\u00fcbsch\",\"description\":\"Danish Home Interior and Design\",\"publisher\":{\"@id\":\"https:\/\/hubsch-interior.com\/fr\/#organization\"},\"potentialAction\":[{\"@type\":\"SearchAction\",\"target\":{\"@type\":\"EntryPoint\",\"urlTemplate\":\"https:\/\/hubsch-interior.com\/fr\/?s={search_term_string}\"},\"query-input\":{\"@type\":\"PropertyValueSpecification\",\"valueRequired\":true,\"valueName\":\"search_term_string\"}}],\"inLanguage\":\"fr-FR\"},{\"@type\":\"Organization\",\"@id\":\"https:\/\/hubsch-interior.com\/fr\/#organization\",\"name\":\"H\u00fcbsch\",\"url\":\"https:\/\/hubsch-interior.com\/fr\/\",\"logo\":{\"@type\":\"ImageObject\",\"inLanguage\":\"fr-FR\",\"@id\":\"https:\/\/hubsch-interior.com\/fr\/#\/schema\/logo\/image\/\",\"url\":\"https:\/\/hubsch-interior.com\/wp-content\/uploads\/2022\/12\/Hubsch_logo_black_one_line.svg\",\"contentUrl\":\"https:\/\/hubsch-interior.com\/wp-content\/uploads\/2022\/12\/Hubsch_logo_black_one_line.svg\",\"caption\":\"H\u00fcbsch\"},\"image\":{\"@id\":\"https:\/\/hubsch-interior.com\/fr\/#\/schema\/logo\/image\/\"}}]}<\/script>\n<!-- \/ Yoast SEO plugin. -->","yoast_head_json":{"title":"Redux Organiseur de bureau Blanc cass\u00e9\/Jaune clair\/Bleu p\u00e9trole (set de 3) - H\u00fcbsch","description":"D\u00e9couvrez le Redux Organiseur de bureau, un ajout essentiel \u00e0 votre espace de travail. Fabriqu\u00e9 en pl\u00e2tre avec un aspect c\u00e9ramique \u00e9l\u00e9gant, cet accessoire","robots":{"index":"index","follow":"follow","max-snippet":"max-snippet:-1","max-image-preview":"max-image-preview:large","max-video-preview":"max-video-preview:-1"},"canonical":"https:\/\/hubsch-interior.com\/fr\/wp-json\/wp\/v2\/product\/1006663","og_locale":"fr_FR","og_type":"article","og_title":"Redux Organiseur de bureau Blanc cass\u00e9\/Jaune clair\/Bleu p\u00e9trole (set de 3) - H\u00fcbsch","og_description":"D\u00e9couvrez le Redux Organiseur de bureau, un ajout essentiel \u00e0 votre espace de travail. Fabriqu\u00e9 en pl\u00e2tre avec un aspect c\u00e9ramique \u00e9l\u00e9gant, cet accessoire","og_url":"https:\/\/hubsch-interior.com\/fr\/produit\/redux-organiseur-de-bureau-blanc-casse-jaune-clair-bleu-petrole-set-de-3\/","og_site_name":"H\u00fcbsch","article_modified_time":"2026-04-09T03:19:57+00:00","og_image":[{"width":1200,"height":1200,"url":"https:\/\/hubsch-interior.com\/wp-content\/uploads\/2025\/01\/redux-desk-organiser-offwhitelight-yellowpetrol-set-of-3-aa28fc637d6d9efe160a8e37978b1eb5.jpg","type":"image\/jpeg"}],"twitter_card":"summary_large_image","schema":{"@context":"https:\/\/schema.org","@graph":[{"@type":"WebPage","@id":"https:\/\/hubsch-interior.com\/fr\/produit\/redux-organiseur-de-bureau-blanc-casse-jaune-clair-bleu-petrole-set-de-3\/","url":"https:\/\/hubsch-interior.com\/fr\/produit\/redux-organiseur-de-bureau-blanc-casse-jaune-clair-bleu-petrole-set-de-3\/","name":"Redux Organiseur de bureau Blanc cass\u00e9\/Jaune clair\/Bleu p\u00e9trole (set de 3) - H\u00fcbsch","isPartOf":{"@id":"https:\/\/hubsch-interior.com\/fr\/#website"},"primaryImageOfPage":{"@id":"https:\/\/hubsch-interior.com\/fr\/produit\/redux-organiseur-de-bureau-blanc-casse-jaune-clair-bleu-petrole-set-de-3\/#primaryimage"},"image":{"@id":"https:\/\/hubsch-interior.com\/fr\/produit\/redux-organiseur-de-bureau-blanc-casse-jaune-clair-bleu-petrole-set-de-3\/#primaryimage"},"thumbnailUrl":"https:\/\/hubsch-interior.com\/wp-content\/uploads\/2026\/02\/redux-desk-organiser-offwhitelight-yellowpetrol-set-of-3-c84fee68547c095d779d9f86997722d9.jpg","datePublished":"2025-01-14T12:02:15+00:00","dateModified":"2026-04-09T03:19:57+00:00","description":"D\u00e9couvrez le Redux Organiseur de bureau, un ajout essentiel \u00e0 votre espace de travail. Fabriqu\u00e9 en pl\u00e2tre avec un aspect c\u00e9ramique \u00e9l\u00e9gant, cet accessoire","breadcrumb":{"@id":"https:\/\/hubsch-interior.com\/fr\/produit\/redux-organiseur-de-bureau-blanc-casse-jaune-clair-bleu-petrole-set-de-3\/#breadcrumb"},"inLanguage":"fr-FR","potentialAction":[{"@type":"ReadAction","target":["https:\/\/hubsch-interior.com\/fr\/produit\/redux-organiseur-de-bureau-blanc-casse-jaune-clair-bleu-petrole-set-de-3\/"]}]},{"@type":"ImageObject","inLanguage":"fr-FR","@id":"https:\/\/hubsch-interior.com\/fr\/produit\/redux-organiseur-de-bureau-blanc-casse-jaune-clair-bleu-petrole-set-de-3\/#primaryimage","url":"https:\/\/hubsch-interior.com\/wp-content\/uploads\/2026\/02\/redux-desk-organiser-offwhitelight-yellowpetrol-set-of-3-c84fee68547c095d779d9f86997722d9.jpg","contentUrl":"https:\/\/hubsch-interior.com\/wp-content\/uploads\/2026\/02\/redux-desk-organiser-offwhitelight-yellowpetrol-set-of-3-c84fee68547c095d779d9f86997722d9.jpg","width":1024,"height":1024},{"@type":"BreadcrumbList","@id":"https:\/\/hubsch-interior.com\/fr\/produit\/redux-organiseur-de-bureau-blanc-casse-jaune-clair-bleu-petrole-set-de-3\/#breadcrumb","itemListElement":[{"@type":"ListItem","position":1,"name":"Page d'accueil","item":"https:\/\/hubsch-interior.com\/fr\/"},{"@type":"ListItem","position":2,"name":"Produits","item":"https:\/\/hubsch-interior.com\/fr\/shop-2\/"},{"@type":"ListItem","position":3,"name":"Accessoires maison","item":"https:\/\/hubsch-interior.com\/fr\/categorie-produit\/accessoires-maison\/"},{"@type":"ListItem","position":4,"name":"Espace de travail","item":"https:\/\/hubsch-interior.com\/fr\/categorie-produit\/accessoires-maison\/espace-de-travail-fr\/"},{"@type":"ListItem","position":5,"name":"Rangement","item":"https:\/\/hubsch-interior.com\/fr\/categorie-produit\/accessoires-maison\/espace-de-travail-fr\/rangement-fr\/"},{"@type":"ListItem","position":6,"name":"Redux Organiseur de bureau Blanc cass\u00e9\/Jaune clair\/Bleu p\u00e9trole (set de 3)"}]},{"@type":"WebSite","@id":"https:\/\/hubsch-interior.com\/fr\/#website","url":"https:\/\/hubsch-interior.com\/fr\/","name":"H\u00fcbsch","description":"Danish Home Interior and Design","publisher":{"@id":"https:\/\/hubsch-interior.com\/fr\/#organization"},"potentialAction":[{"@type":"SearchAction","target":{"@type":"EntryPoint","urlTemplate":"https:\/\/hubsch-interior.com\/fr\/?s={search_term_string}"},"query-input":{"@type":"PropertyValueSpecification","valueRequired":true,"valueName":"search_term_string"}}],"inLanguage":"fr-FR"},{"@type":"Organization","@id":"https:\/\/hubsch-interior.com\/fr\/#organization","name":"H\u00fcbsch","url":"https:\/\/hubsch-interior.com\/fr\/","logo":{"@type":"ImageObject","inLanguage":"fr-FR","@id":"https:\/\/hubsch-interior.com\/fr\/#\/schema\/logo\/image\/","url":"https:\/\/hubsch-interior.com\/wp-content\/uploads\/2022\/12\/Hubsch_logo_black_one_line.svg","contentUrl":"https:\/\/hubsch-interior.com\/wp-content\/uploads\/2022\/12\/Hubsch_logo_black_one_line.svg","caption":"H\u00fcbsch"},"image":{"@id":"https:\/\/hubsch-interior.com\/fr\/#\/schema\/logo\/image\/"}}]}},"_links":{"self":[{"href":"https:\/\/hubsch-interior.com\/fr\/wp-json\/wp\/v2\/product\/1006663","targetHints":{"allow":["GET"]}}],"collection":[{"href":"https:\/\/hubsch-interior.com\/fr\/wp-json\/wp\/v2\/product"}],"about":[{"href":"https:\/\/hubsch-interior.com\/fr\/wp-json\/wp\/v2\/types\/product"}],"wp:featuredmedia":[{"embeddable":true,"href":"https:\/\/hubsch-interior.com\/fr\/wp-json\/wp\/v2\/media\/1113789"}],"wp:attachment":[{"href":"https:\/\/hubsch-interior.com\/fr\/wp-json\/wp\/v2\/media?parent=1006663"}],"wp:term":[{"taxonomy":"product_brand","embeddable":true,"href":"https:\/\/hubsch-interior.com\/fr\/wp-json\/wp\/v2\/product_brand?post=1006663"},{"taxonomy":"product_cat","embeddable":true,"href":"https:\/\/hubsch-interior.com\/fr\/wp-json\/wp\/v2\/product_cat?post=1006663"},{"taxonomy":"product_tag","embeddable":true,"href":"https:\/\/hubsch-interior.com\/fr\/wp-json\/wp\/v2\/product_tag?post=1006663"}],"curies":[{"name":"wp","href":"https:\/\/api.w.org\/{rel}","templated":true}]}}