{"id":1006952,"date":"2025-01-16T09:21:37","date_gmt":"2025-01-16T08:21:37","guid":{"rendered":"https:\/\/hubsch-interior.com\/product\/product\/"},"modified":"2026-04-09T04:24:01","modified_gmt":"2026-04-09T02:24:01","slug":"villa-outdoor-chaise-noir","status":"publish","type":"product","link":"https:\/\/hubsch-interior.com\/fr\/produit\/villa-outdoor-chaise-noir\/","title":{"rendered":"Villa Outdoor Chaise Noir"},"content":{"rendered":"<p>D\u00e9couvrez la Villa Outdoor Chaise \u2014 l\u00e0 o\u00f9 l&#8217;\u00e9l\u00e9gance rencontre la durabilit\u00e9. Rev\u00eatue d&#8217;une teinte noire sophistiqu\u00e9e et fabriqu\u00e9e \u00e0 partir de m\u00e9tal robuste, cette chaise pr\u00e9sente une forme belle et graphique qui rehausse n&#8217;importe quel espace. Con\u00e7ue avec un rev\u00eatement solide et r\u00e9sistant, elle est pr\u00eate \u00e0 devenir un compagnon de longue dur\u00e9e. Rendez votre espace ext\u00e9rieur aussi confortable que votre int\u00e9rieur avec cette pi\u00e8ce exquise. N&#8217;oubliez pas, pour garantir une longue dur\u00e9e de vie, de la couvrir et de la ranger lorsqu&#8217;elle n&#8217;est pas utilis\u00e9e. Invitez-vous \u00e0 l&#8217;ext\u00e9rieur avec la Villa Chaise \u2014 une touche de charme l\u00e0 o\u00f9 vous vous y attendez le moins.<\/p>\n","protected":false},"excerpt":{"rendered":"<p>D\u00e9couvrez la Villa Outdoor Chaise \u2014 l\u00e0 o\u00f9 l&#8217;\u00e9l\u00e9gance rencontre la durabilit\u00e9. Rev\u00eatue d&#8217;une teinte noire sophistiqu\u00e9e et fabriqu\u00e9e \u00e0 partir de m\u00e9tal robuste, cette chaise pr\u00e9sente une forme belle et graphique qui rehausse n&#8217;importe quel espace. Con\u00e7ue avec un rev\u00eatement solide et r\u00e9sistant, elle est pr\u00eate \u00e0 devenir un compagnon de longue dur\u00e9e. Rendez [&hellip;]<\/p>\n","protected":false},"featured_media":1095427,"template":"","meta":{"_acf_changed":false,"inline_featured_image":false},"product_brand":[],"product_cat":[7098,2843,3041,5012,5026],"product_tag":[],"class_list":{"0":"post-1006952","1":"product","2":"type-product","3":"status-publish","4":"has-post-thumbnail","6":"product_cat-chaises-de-jardin-fr","7":"product_cat-assises-fr","8":"product_cat-tabouret-fr","9":"product_cat-mobilier-du-jardin-fr","10":"product_cat-bestsellers-fr","11":"product_shipping_class-p05","13":"pa_color-noir","14":"pa_material-fer-fr","16":"first","17":"instock","18":"featured","19":"taxable","20":"shipping-taxable","21":"purchasable","22":"product-type-simple"},"exclude_global_add_ons":[],"addons":[],"acf":[],"yoast_head":"<!-- This site is optimized with the Yoast SEO plugin v26.4 - https:\/\/yoast.com\/wordpress\/plugins\/seo\/ -->\n<title>Villa Outdoor Chaise Noir - H\u00fcbsch<\/title>\n<meta name=\"description\" content=\"D\u00e9couvrez la Villa Outdoor Chaise \u2014 l\u00e0 o\u00f9 l&#039;\u00e9l\u00e9gance rencontre la durabilit\u00e9. Rev\u00eatue d&#039;une teinte noire sophistiqu\u00e9e et fabriqu\u00e9e \u00e0 partir de m\u00e9tal\" \/>\n<meta name=\"robots\" content=\"index, follow, max-snippet:-1, max-image-preview:large, max-video-preview:-1\" \/>\n<link rel=\"canonical\" href=\"https:\/\/hubsch-interior.com\/fr\/wp-json\/wp\/v2\/product\/1006952\" \/>\n<meta property=\"og:locale\" content=\"fr_FR\" \/>\n<meta property=\"og:type\" content=\"article\" \/>\n<meta property=\"og:title\" content=\"Villa Outdoor Chaise Noir - H\u00fcbsch\" \/>\n<meta property=\"og:description\" content=\"D\u00e9couvrez la Villa Outdoor Chaise \u2014 l\u00e0 o\u00f9 l&#039;\u00e9l\u00e9gance rencontre la durabilit\u00e9. Rev\u00eatue d&#039;une teinte noire sophistiqu\u00e9e et fabriqu\u00e9e \u00e0 partir de m\u00e9tal\" \/>\n<meta property=\"og:url\" content=\"https:\/\/hubsch-interior.com\/fr\/produit\/villa-outdoor-chaise-noir\/\" \/>\n<meta property=\"og:site_name\" content=\"H\u00fcbsch\" \/>\n<meta property=\"article:modified_time\" content=\"2026-04-09T02:24:01+00:00\" \/>\n<meta property=\"og:image\" content=\"https:\/\/hubsch-interior.com\/wp-content\/uploads\/2026\/02\/villa-outdoor-chair-black-63f59d129ea294adbefd50939e8098b9.jpg\" \/>\n\t<meta property=\"og:image:width\" content=\"1024\" \/>\n\t<meta property=\"og:image:height\" content=\"1024\" \/>\n\t<meta property=\"og:image:type\" content=\"image\/jpeg\" \/>\n<meta name=\"twitter:card\" content=\"summary_large_image\" \/>\n<meta name=\"twitter:label1\" content=\"Dur\u00e9e de lecture estim\u00e9e\" \/>\n\t<meta name=\"twitter:data1\" content=\"1 minute\" \/>\n<script type=\"application\/ld+json\" class=\"yoast-schema-graph\">{\"@context\":\"https:\/\/schema.org\",\"@graph\":[{\"@type\":\"WebPage\",\"@id\":\"https:\/\/hubsch-interior.com\/fr\/produit\/villa-outdoor-chaise-noir\/\",\"url\":\"https:\/\/hubsch-interior.com\/fr\/produit\/villa-outdoor-chaise-noir\/\",\"name\":\"Villa Outdoor Chaise Noir - H\u00fcbsch\",\"isPartOf\":{\"@id\":\"https:\/\/hubsch-interior.com\/fr\/#website\"},\"primaryImageOfPage\":{\"@id\":\"https:\/\/hubsch-interior.com\/fr\/produit\/villa-outdoor-chaise-noir\/#primaryimage\"},\"image\":{\"@id\":\"https:\/\/hubsch-interior.com\/fr\/produit\/villa-outdoor-chaise-noir\/#primaryimage\"},\"thumbnailUrl\":\"https:\/\/hubsch-interior.com\/wp-content\/uploads\/2026\/02\/villa-outdoor-chair-black-63f59d129ea294adbefd50939e8098b9.jpg\",\"datePublished\":\"2025-01-16T08:21:37+00:00\",\"dateModified\":\"2026-04-09T02:24:01+00:00\",\"description\":\"D\u00e9couvrez la Villa Outdoor Chaise \u2014 l\u00e0 o\u00f9 l'\u00e9l\u00e9gance rencontre la durabilit\u00e9. Rev\u00eatue d'une teinte noire sophistiqu\u00e9e et fabriqu\u00e9e \u00e0 partir de m\u00e9tal\",\"breadcrumb\":{\"@id\":\"https:\/\/hubsch-interior.com\/fr\/produit\/villa-outdoor-chaise-noir\/#breadcrumb\"},\"inLanguage\":\"fr-FR\",\"potentialAction\":[{\"@type\":\"ReadAction\",\"target\":[\"https:\/\/hubsch-interior.com\/fr\/produit\/villa-outdoor-chaise-noir\/\"]}]},{\"@type\":\"ImageObject\",\"inLanguage\":\"fr-FR\",\"@id\":\"https:\/\/hubsch-interior.com\/fr\/produit\/villa-outdoor-chaise-noir\/#primaryimage\",\"url\":\"https:\/\/hubsch-interior.com\/wp-content\/uploads\/2026\/02\/villa-outdoor-chair-black-63f59d129ea294adbefd50939e8098b9.jpg\",\"contentUrl\":\"https:\/\/hubsch-interior.com\/wp-content\/uploads\/2026\/02\/villa-outdoor-chair-black-63f59d129ea294adbefd50939e8098b9.jpg\",\"width\":1024,\"height\":1024},{\"@type\":\"BreadcrumbList\",\"@id\":\"https:\/\/hubsch-interior.com\/fr\/produit\/villa-outdoor-chaise-noir\/#breadcrumb\",\"itemListElement\":[{\"@type\":\"ListItem\",\"position\":1,\"name\":\"Page d'accueil\",\"item\":\"https:\/\/hubsch-interior.com\/fr\/\"},{\"@type\":\"ListItem\",\"position\":2,\"name\":\"Produits\",\"item\":\"https:\/\/hubsch-interior.com\/fr\/shop-2\/\"},{\"@type\":\"ListItem\",\"position\":3,\"name\":\"Meubles\",\"item\":\"https:\/\/hubsch-interior.com\/fr\/categorie-produit\/meubles\/\"},{\"@type\":\"ListItem\",\"position\":4,\"name\":\"Mobilier du jardin\",\"item\":\"https:\/\/hubsch-interior.com\/fr\/categorie-produit\/meubles\/mobilier-du-jardin-fr\/\"},{\"@type\":\"ListItem\",\"position\":5,\"name\":\"Chaises de jardin\",\"item\":\"https:\/\/hubsch-interior.com\/fr\/categorie-produit\/meubles\/mobilier-du-jardin-fr\/chaises-de-jardin-fr\/\"},{\"@type\":\"ListItem\",\"position\":6,\"name\":\"Villa Outdoor Chaise Noir\"}]},{\"@type\":\"WebSite\",\"@id\":\"https:\/\/hubsch-interior.com\/fr\/#website\",\"url\":\"https:\/\/hubsch-interior.com\/fr\/\",\"name\":\"H\u00fcbsch\",\"description\":\"Danish Home Interior and Design\",\"publisher\":{\"@id\":\"https:\/\/hubsch-interior.com\/fr\/#organization\"},\"potentialAction\":[{\"@type\":\"SearchAction\",\"target\":{\"@type\":\"EntryPoint\",\"urlTemplate\":\"https:\/\/hubsch-interior.com\/fr\/?s={search_term_string}\"},\"query-input\":{\"@type\":\"PropertyValueSpecification\",\"valueRequired\":true,\"valueName\":\"search_term_string\"}}],\"inLanguage\":\"fr-FR\"},{\"@type\":\"Organization\",\"@id\":\"https:\/\/hubsch-interior.com\/fr\/#organization\",\"name\":\"H\u00fcbsch\",\"url\":\"https:\/\/hubsch-interior.com\/fr\/\",\"logo\":{\"@type\":\"ImageObject\",\"inLanguage\":\"fr-FR\",\"@id\":\"https:\/\/hubsch-interior.com\/fr\/#\/schema\/logo\/image\/\",\"url\":\"https:\/\/hubsch-interior.com\/wp-content\/uploads\/2022\/12\/Hubsch_logo_black_one_line.svg\",\"contentUrl\":\"https:\/\/hubsch-interior.com\/wp-content\/uploads\/2022\/12\/Hubsch_logo_black_one_line.svg\",\"caption\":\"H\u00fcbsch\"},\"image\":{\"@id\":\"https:\/\/hubsch-interior.com\/fr\/#\/schema\/logo\/image\/\"}}]}<\/script>\n<!-- \/ Yoast SEO plugin. -->","yoast_head_json":{"title":"Villa Outdoor Chaise Noir - H\u00fcbsch","description":"D\u00e9couvrez la Villa Outdoor Chaise \u2014 l\u00e0 o\u00f9 l'\u00e9l\u00e9gance rencontre la durabilit\u00e9. Rev\u00eatue d'une teinte noire sophistiqu\u00e9e et fabriqu\u00e9e \u00e0 partir de m\u00e9tal","robots":{"index":"index","follow":"follow","max-snippet":"max-snippet:-1","max-image-preview":"max-image-preview:large","max-video-preview":"max-video-preview:-1"},"canonical":"https:\/\/hubsch-interior.com\/fr\/wp-json\/wp\/v2\/product\/1006952","og_locale":"fr_FR","og_type":"article","og_title":"Villa Outdoor Chaise Noir - H\u00fcbsch","og_description":"D\u00e9couvrez la Villa Outdoor Chaise \u2014 l\u00e0 o\u00f9 l'\u00e9l\u00e9gance rencontre la durabilit\u00e9. Rev\u00eatue d'une teinte noire sophistiqu\u00e9e et fabriqu\u00e9e \u00e0 partir de m\u00e9tal","og_url":"https:\/\/hubsch-interior.com\/fr\/produit\/villa-outdoor-chaise-noir\/","og_site_name":"H\u00fcbsch","article_modified_time":"2026-04-09T02:24:01+00:00","og_image":[{"width":1024,"height":1024,"url":"https:\/\/hubsch-interior.com\/wp-content\/uploads\/2026\/02\/villa-outdoor-chair-black-63f59d129ea294adbefd50939e8098b9.jpg","type":"image\/jpeg"}],"twitter_card":"summary_large_image","twitter_misc":{"Dur\u00e9e de lecture estim\u00e9e":"1 minute"},"schema":{"@context":"https:\/\/schema.org","@graph":[{"@type":"WebPage","@id":"https:\/\/hubsch-interior.com\/fr\/produit\/villa-outdoor-chaise-noir\/","url":"https:\/\/hubsch-interior.com\/fr\/produit\/villa-outdoor-chaise-noir\/","name":"Villa Outdoor Chaise Noir - H\u00fcbsch","isPartOf":{"@id":"https:\/\/hubsch-interior.com\/fr\/#website"},"primaryImageOfPage":{"@id":"https:\/\/hubsch-interior.com\/fr\/produit\/villa-outdoor-chaise-noir\/#primaryimage"},"image":{"@id":"https:\/\/hubsch-interior.com\/fr\/produit\/villa-outdoor-chaise-noir\/#primaryimage"},"thumbnailUrl":"https:\/\/hubsch-interior.com\/wp-content\/uploads\/2026\/02\/villa-outdoor-chair-black-63f59d129ea294adbefd50939e8098b9.jpg","datePublished":"2025-01-16T08:21:37+00:00","dateModified":"2026-04-09T02:24:01+00:00","description":"D\u00e9couvrez la Villa Outdoor Chaise \u2014 l\u00e0 o\u00f9 l'\u00e9l\u00e9gance rencontre la durabilit\u00e9. Rev\u00eatue d'une teinte noire sophistiqu\u00e9e et fabriqu\u00e9e \u00e0 partir de m\u00e9tal","breadcrumb":{"@id":"https:\/\/hubsch-interior.com\/fr\/produit\/villa-outdoor-chaise-noir\/#breadcrumb"},"inLanguage":"fr-FR","potentialAction":[{"@type":"ReadAction","target":["https:\/\/hubsch-interior.com\/fr\/produit\/villa-outdoor-chaise-noir\/"]}]},{"@type":"ImageObject","inLanguage":"fr-FR","@id":"https:\/\/hubsch-interior.com\/fr\/produit\/villa-outdoor-chaise-noir\/#primaryimage","url":"https:\/\/hubsch-interior.com\/wp-content\/uploads\/2026\/02\/villa-outdoor-chair-black-63f59d129ea294adbefd50939e8098b9.jpg","contentUrl":"https:\/\/hubsch-interior.com\/wp-content\/uploads\/2026\/02\/villa-outdoor-chair-black-63f59d129ea294adbefd50939e8098b9.jpg","width":1024,"height":1024},{"@type":"BreadcrumbList","@id":"https:\/\/hubsch-interior.com\/fr\/produit\/villa-outdoor-chaise-noir\/#breadcrumb","itemListElement":[{"@type":"ListItem","position":1,"name":"Page d'accueil","item":"https:\/\/hubsch-interior.com\/fr\/"},{"@type":"ListItem","position":2,"name":"Produits","item":"https:\/\/hubsch-interior.com\/fr\/shop-2\/"},{"@type":"ListItem","position":3,"name":"Meubles","item":"https:\/\/hubsch-interior.com\/fr\/categorie-produit\/meubles\/"},{"@type":"ListItem","position":4,"name":"Mobilier du jardin","item":"https:\/\/hubsch-interior.com\/fr\/categorie-produit\/meubles\/mobilier-du-jardin-fr\/"},{"@type":"ListItem","position":5,"name":"Chaises de jardin","item":"https:\/\/hubsch-interior.com\/fr\/categorie-produit\/meubles\/mobilier-du-jardin-fr\/chaises-de-jardin-fr\/"},{"@type":"ListItem","position":6,"name":"Villa Outdoor Chaise Noir"}]},{"@type":"WebSite","@id":"https:\/\/hubsch-interior.com\/fr\/#website","url":"https:\/\/hubsch-interior.com\/fr\/","name":"H\u00fcbsch","description":"Danish Home Interior and Design","publisher":{"@id":"https:\/\/hubsch-interior.com\/fr\/#organization"},"potentialAction":[{"@type":"SearchAction","target":{"@type":"EntryPoint","urlTemplate":"https:\/\/hubsch-interior.com\/fr\/?s={search_term_string}"},"query-input":{"@type":"PropertyValueSpecification","valueRequired":true,"valueName":"search_term_string"}}],"inLanguage":"fr-FR"},{"@type":"Organization","@id":"https:\/\/hubsch-interior.com\/fr\/#organization","name":"H\u00fcbsch","url":"https:\/\/hubsch-interior.com\/fr\/","logo":{"@type":"ImageObject","inLanguage":"fr-FR","@id":"https:\/\/hubsch-interior.com\/fr\/#\/schema\/logo\/image\/","url":"https:\/\/hubsch-interior.com\/wp-content\/uploads\/2022\/12\/Hubsch_logo_black_one_line.svg","contentUrl":"https:\/\/hubsch-interior.com\/wp-content\/uploads\/2022\/12\/Hubsch_logo_black_one_line.svg","caption":"H\u00fcbsch"},"image":{"@id":"https:\/\/hubsch-interior.com\/fr\/#\/schema\/logo\/image\/"}}]}},"_links":{"self":[{"href":"https:\/\/hubsch-interior.com\/fr\/wp-json\/wp\/v2\/product\/1006952","targetHints":{"allow":["GET"]}}],"collection":[{"href":"https:\/\/hubsch-interior.com\/fr\/wp-json\/wp\/v2\/product"}],"about":[{"href":"https:\/\/hubsch-interior.com\/fr\/wp-json\/wp\/v2\/types\/product"}],"wp:featuredmedia":[{"embeddable":true,"href":"https:\/\/hubsch-interior.com\/fr\/wp-json\/wp\/v2\/media\/1095427"}],"wp:attachment":[{"href":"https:\/\/hubsch-interior.com\/fr\/wp-json\/wp\/v2\/media?parent=1006952"}],"wp:term":[{"taxonomy":"product_brand","embeddable":true,"href":"https:\/\/hubsch-interior.com\/fr\/wp-json\/wp\/v2\/product_brand?post=1006952"},{"taxonomy":"product_cat","embeddable":true,"href":"https:\/\/hubsch-interior.com\/fr\/wp-json\/wp\/v2\/product_cat?post=1006952"},{"taxonomy":"product_tag","embeddable":true,"href":"https:\/\/hubsch-interior.com\/fr\/wp-json\/wp\/v2\/product_tag?post=1006952"}],"curies":[{"name":"wp","href":"https:\/\/api.w.org\/{rel}","templated":true}]}}