{"id":1006968,"date":"2025-01-16T09:22:28","date_gmt":"2025-01-16T08:22:28","guid":{"rendered":"https:\/\/hubsch-interior.com\/product\/product\/"},"modified":"2026-04-09T04:24:05","modified_gmt":"2026-04-09T02:24:05","slug":"villa-outdoor-table-small-noir","status":"publish","type":"product","link":"https:\/\/hubsch-interior.com\/fr\/produit\/villa-outdoor-table-small-noir\/","title":{"rendered":"Villa Outdoor Table Small Noir"},"content":{"rendered":"<p>Table d&#8217;Ext\u00e9rieur Villa &#8211; un chef-d&#8217;\u0153uvre en noir, dot\u00e9 d&#8217;une forme belle et graphique qui rehausse sans effort tout espace qu&#8217;elle occupe. Fabriqu\u00e9e en m\u00e9tal avec un rev\u00eatement solide et robuste, cette table garantit durabilit\u00e9 et \u00e9l\u00e9gance. Rendez votre espace ext\u00e9rieur aussi confortable que votre int\u00e9rieur en profitant de longs repas d\u00e9tendus ou d&#8217;une tasse de th\u00e9 sous le ciel. Pour assurer une longue dur\u00e9e de vie, n&#8217;oubliez pas de couvrir vos meubles lorsqu&#8217;ils ne sont pas utilis\u00e9s et de les ranger pour l&#8217;hiver. Invitez-vous \u00e0 l&#8217;ext\u00e9rieur avec \u00e9l\u00e9gance !<\/p>\n","protected":false},"excerpt":{"rendered":"<p>Table d&#8217;Ext\u00e9rieur Villa &#8211; un chef-d&#8217;\u0153uvre en noir, dot\u00e9 d&#8217;une forme belle et graphique qui rehausse sans effort tout espace qu&#8217;elle occupe. Fabriqu\u00e9e en m\u00e9tal avec un rev\u00eatement solide et robuste, cette table garantit durabilit\u00e9 et \u00e9l\u00e9gance. Rendez votre espace ext\u00e9rieur aussi confortable que votre int\u00e9rieur en profitant de longs repas d\u00e9tendus ou d&#8217;une tasse [&hellip;]<\/p>\n","protected":false},"featured_media":1114292,"template":"","meta":{"_acf_changed":false,"inline_featured_image":false},"product_brand":[],"product_cat":[7102,2859,5012],"product_tag":[],"class_list":{"0":"post-1006968","1":"product","2":"type-product","3":"status-publish","4":"has-post-thumbnail","6":"product_cat-tables-de-jardin-fr","7":"product_cat-tables-fr","8":"product_cat-mobilier-du-jardin-fr","9":"product_shipping_class-p10","11":"pa_color-noir","12":"pa_material-fer-fr","14":"first","15":"instock","16":"taxable","17":"shipping-taxable","18":"purchasable","19":"product-type-simple"},"exclude_global_add_ons":[],"addons":[],"acf":[],"yoast_head":"<!-- This site is optimized with the Yoast SEO plugin v26.4 - https:\/\/yoast.com\/wordpress\/plugins\/seo\/ -->\n<title>Villa Outdoor Table Small Noir - H\u00fcbsch<\/title>\n<meta name=\"description\" content=\"Table d&#039;Ext\u00e9rieur Villa - un chef-d&#039;\u0153uvre en noir, dot\u00e9 d&#039;une forme belle et graphique qui rehausse sans effort tout espace qu&#039;elle occupe. Fabriqu\u00e9e en\" \/>\n<meta name=\"robots\" content=\"index, follow, max-snippet:-1, max-image-preview:large, max-video-preview:-1\" \/>\n<link rel=\"canonical\" href=\"https:\/\/hubsch-interior.com\/fr\/wp-json\/wp\/v2\/product\/1006968\" \/>\n<meta property=\"og:locale\" content=\"fr_FR\" \/>\n<meta property=\"og:type\" content=\"article\" \/>\n<meta property=\"og:title\" content=\"Villa Outdoor Table Small Noir - H\u00fcbsch\" \/>\n<meta property=\"og:description\" content=\"Table d&#039;Ext\u00e9rieur Villa - un chef-d&#039;\u0153uvre en noir, dot\u00e9 d&#039;une forme belle et graphique qui rehausse sans effort tout espace qu&#039;elle occupe. Fabriqu\u00e9e en\" \/>\n<meta property=\"og:url\" content=\"https:\/\/hubsch-interior.com\/fr\/produit\/villa-outdoor-table-small-noir\/\" \/>\n<meta property=\"og:site_name\" content=\"H\u00fcbsch\" \/>\n<meta property=\"article:modified_time\" content=\"2026-04-09T02:24:05+00:00\" \/>\n<meta property=\"og:image\" content=\"https:\/\/hubsch-interior.com\/wp-content\/uploads\/2026\/02\/villa-outdoor-table-small-black-5e11e29aba808d909e685c2b304fa9f1.jpg\" \/>\n\t<meta property=\"og:image:width\" content=\"1024\" \/>\n\t<meta property=\"og:image:height\" content=\"1024\" \/>\n\t<meta property=\"og:image:type\" content=\"image\/jpeg\" \/>\n<meta name=\"twitter:card\" content=\"summary_large_image\" \/>\n<meta name=\"twitter:label1\" content=\"Dur\u00e9e de lecture estim\u00e9e\" \/>\n\t<meta name=\"twitter:data1\" content=\"1 minute\" \/>\n<script type=\"application\/ld+json\" class=\"yoast-schema-graph\">{\"@context\":\"https:\/\/schema.org\",\"@graph\":[{\"@type\":\"WebPage\",\"@id\":\"https:\/\/hubsch-interior.com\/fr\/produit\/villa-outdoor-table-small-noir\/\",\"url\":\"https:\/\/hubsch-interior.com\/fr\/produit\/villa-outdoor-table-small-noir\/\",\"name\":\"Villa Outdoor Table Small Noir - H\u00fcbsch\",\"isPartOf\":{\"@id\":\"https:\/\/hubsch-interior.com\/fr\/#website\"},\"primaryImageOfPage\":{\"@id\":\"https:\/\/hubsch-interior.com\/fr\/produit\/villa-outdoor-table-small-noir\/#primaryimage\"},\"image\":{\"@id\":\"https:\/\/hubsch-interior.com\/fr\/produit\/villa-outdoor-table-small-noir\/#primaryimage\"},\"thumbnailUrl\":\"https:\/\/hubsch-interior.com\/wp-content\/uploads\/2026\/02\/villa-outdoor-table-small-black-5e11e29aba808d909e685c2b304fa9f1.jpg\",\"datePublished\":\"2025-01-16T08:22:28+00:00\",\"dateModified\":\"2026-04-09T02:24:05+00:00\",\"description\":\"Table d'Ext\u00e9rieur Villa - un chef-d'\u0153uvre en noir, dot\u00e9 d'une forme belle et graphique qui rehausse sans effort tout espace qu'elle occupe. Fabriqu\u00e9e en\",\"breadcrumb\":{\"@id\":\"https:\/\/hubsch-interior.com\/fr\/produit\/villa-outdoor-table-small-noir\/#breadcrumb\"},\"inLanguage\":\"fr-FR\",\"potentialAction\":[{\"@type\":\"ReadAction\",\"target\":[\"https:\/\/hubsch-interior.com\/fr\/produit\/villa-outdoor-table-small-noir\/\"]}]},{\"@type\":\"ImageObject\",\"inLanguage\":\"fr-FR\",\"@id\":\"https:\/\/hubsch-interior.com\/fr\/produit\/villa-outdoor-table-small-noir\/#primaryimage\",\"url\":\"https:\/\/hubsch-interior.com\/wp-content\/uploads\/2026\/02\/villa-outdoor-table-small-black-5e11e29aba808d909e685c2b304fa9f1.jpg\",\"contentUrl\":\"https:\/\/hubsch-interior.com\/wp-content\/uploads\/2026\/02\/villa-outdoor-table-small-black-5e11e29aba808d909e685c2b304fa9f1.jpg\",\"width\":1024,\"height\":1024},{\"@type\":\"BreadcrumbList\",\"@id\":\"https:\/\/hubsch-interior.com\/fr\/produit\/villa-outdoor-table-small-noir\/#breadcrumb\",\"itemListElement\":[{\"@type\":\"ListItem\",\"position\":1,\"name\":\"Page d'accueil\",\"item\":\"https:\/\/hubsch-interior.com\/fr\/\"},{\"@type\":\"ListItem\",\"position\":2,\"name\":\"Produits\",\"item\":\"https:\/\/hubsch-interior.com\/fr\/shop-2\/\"},{\"@type\":\"ListItem\",\"position\":3,\"name\":\"Meubles\",\"item\":\"https:\/\/hubsch-interior.com\/fr\/categorie-produit\/meubles\/\"},{\"@type\":\"ListItem\",\"position\":4,\"name\":\"Mobilier du jardin\",\"item\":\"https:\/\/hubsch-interior.com\/fr\/categorie-produit\/meubles\/mobilier-du-jardin-fr\/\"},{\"@type\":\"ListItem\",\"position\":5,\"name\":\"Tables de jardin\",\"item\":\"https:\/\/hubsch-interior.com\/fr\/categorie-produit\/meubles\/mobilier-du-jardin-fr\/tables-de-jardin-fr\/\"},{\"@type\":\"ListItem\",\"position\":6,\"name\":\"Villa Outdoor Table Small Noir\"}]},{\"@type\":\"WebSite\",\"@id\":\"https:\/\/hubsch-interior.com\/fr\/#website\",\"url\":\"https:\/\/hubsch-interior.com\/fr\/\",\"name\":\"H\u00fcbsch\",\"description\":\"Danish Home Interior and Design\",\"publisher\":{\"@id\":\"https:\/\/hubsch-interior.com\/fr\/#organization\"},\"potentialAction\":[{\"@type\":\"SearchAction\",\"target\":{\"@type\":\"EntryPoint\",\"urlTemplate\":\"https:\/\/hubsch-interior.com\/fr\/?s={search_term_string}\"},\"query-input\":{\"@type\":\"PropertyValueSpecification\",\"valueRequired\":true,\"valueName\":\"search_term_string\"}}],\"inLanguage\":\"fr-FR\"},{\"@type\":\"Organization\",\"@id\":\"https:\/\/hubsch-interior.com\/fr\/#organization\",\"name\":\"H\u00fcbsch\",\"url\":\"https:\/\/hubsch-interior.com\/fr\/\",\"logo\":{\"@type\":\"ImageObject\",\"inLanguage\":\"fr-FR\",\"@id\":\"https:\/\/hubsch-interior.com\/fr\/#\/schema\/logo\/image\/\",\"url\":\"https:\/\/hubsch-interior.com\/wp-content\/uploads\/2022\/12\/Hubsch_logo_black_one_line.svg\",\"contentUrl\":\"https:\/\/hubsch-interior.com\/wp-content\/uploads\/2022\/12\/Hubsch_logo_black_one_line.svg\",\"caption\":\"H\u00fcbsch\"},\"image\":{\"@id\":\"https:\/\/hubsch-interior.com\/fr\/#\/schema\/logo\/image\/\"}}]}<\/script>\n<!-- \/ Yoast SEO plugin. -->","yoast_head_json":{"title":"Villa Outdoor Table Small Noir - H\u00fcbsch","description":"Table d'Ext\u00e9rieur Villa - un chef-d'\u0153uvre en noir, dot\u00e9 d'une forme belle et graphique qui rehausse sans effort tout espace qu'elle occupe. Fabriqu\u00e9e en","robots":{"index":"index","follow":"follow","max-snippet":"max-snippet:-1","max-image-preview":"max-image-preview:large","max-video-preview":"max-video-preview:-1"},"canonical":"https:\/\/hubsch-interior.com\/fr\/wp-json\/wp\/v2\/product\/1006968","og_locale":"fr_FR","og_type":"article","og_title":"Villa Outdoor Table Small Noir - H\u00fcbsch","og_description":"Table d'Ext\u00e9rieur Villa - un chef-d'\u0153uvre en noir, dot\u00e9 d'une forme belle et graphique qui rehausse sans effort tout espace qu'elle occupe. Fabriqu\u00e9e en","og_url":"https:\/\/hubsch-interior.com\/fr\/produit\/villa-outdoor-table-small-noir\/","og_site_name":"H\u00fcbsch","article_modified_time":"2026-04-09T02:24:05+00:00","og_image":[{"width":1024,"height":1024,"url":"https:\/\/hubsch-interior.com\/wp-content\/uploads\/2026\/02\/villa-outdoor-table-small-black-5e11e29aba808d909e685c2b304fa9f1.jpg","type":"image\/jpeg"}],"twitter_card":"summary_large_image","twitter_misc":{"Dur\u00e9e de lecture estim\u00e9e":"1 minute"},"schema":{"@context":"https:\/\/schema.org","@graph":[{"@type":"WebPage","@id":"https:\/\/hubsch-interior.com\/fr\/produit\/villa-outdoor-table-small-noir\/","url":"https:\/\/hubsch-interior.com\/fr\/produit\/villa-outdoor-table-small-noir\/","name":"Villa Outdoor Table Small Noir - H\u00fcbsch","isPartOf":{"@id":"https:\/\/hubsch-interior.com\/fr\/#website"},"primaryImageOfPage":{"@id":"https:\/\/hubsch-interior.com\/fr\/produit\/villa-outdoor-table-small-noir\/#primaryimage"},"image":{"@id":"https:\/\/hubsch-interior.com\/fr\/produit\/villa-outdoor-table-small-noir\/#primaryimage"},"thumbnailUrl":"https:\/\/hubsch-interior.com\/wp-content\/uploads\/2026\/02\/villa-outdoor-table-small-black-5e11e29aba808d909e685c2b304fa9f1.jpg","datePublished":"2025-01-16T08:22:28+00:00","dateModified":"2026-04-09T02:24:05+00:00","description":"Table d'Ext\u00e9rieur Villa - un chef-d'\u0153uvre en noir, dot\u00e9 d'une forme belle et graphique qui rehausse sans effort tout espace qu'elle occupe. Fabriqu\u00e9e en","breadcrumb":{"@id":"https:\/\/hubsch-interior.com\/fr\/produit\/villa-outdoor-table-small-noir\/#breadcrumb"},"inLanguage":"fr-FR","potentialAction":[{"@type":"ReadAction","target":["https:\/\/hubsch-interior.com\/fr\/produit\/villa-outdoor-table-small-noir\/"]}]},{"@type":"ImageObject","inLanguage":"fr-FR","@id":"https:\/\/hubsch-interior.com\/fr\/produit\/villa-outdoor-table-small-noir\/#primaryimage","url":"https:\/\/hubsch-interior.com\/wp-content\/uploads\/2026\/02\/villa-outdoor-table-small-black-5e11e29aba808d909e685c2b304fa9f1.jpg","contentUrl":"https:\/\/hubsch-interior.com\/wp-content\/uploads\/2026\/02\/villa-outdoor-table-small-black-5e11e29aba808d909e685c2b304fa9f1.jpg","width":1024,"height":1024},{"@type":"BreadcrumbList","@id":"https:\/\/hubsch-interior.com\/fr\/produit\/villa-outdoor-table-small-noir\/#breadcrumb","itemListElement":[{"@type":"ListItem","position":1,"name":"Page d'accueil","item":"https:\/\/hubsch-interior.com\/fr\/"},{"@type":"ListItem","position":2,"name":"Produits","item":"https:\/\/hubsch-interior.com\/fr\/shop-2\/"},{"@type":"ListItem","position":3,"name":"Meubles","item":"https:\/\/hubsch-interior.com\/fr\/categorie-produit\/meubles\/"},{"@type":"ListItem","position":4,"name":"Mobilier du jardin","item":"https:\/\/hubsch-interior.com\/fr\/categorie-produit\/meubles\/mobilier-du-jardin-fr\/"},{"@type":"ListItem","position":5,"name":"Tables de jardin","item":"https:\/\/hubsch-interior.com\/fr\/categorie-produit\/meubles\/mobilier-du-jardin-fr\/tables-de-jardin-fr\/"},{"@type":"ListItem","position":6,"name":"Villa Outdoor Table Small Noir"}]},{"@type":"WebSite","@id":"https:\/\/hubsch-interior.com\/fr\/#website","url":"https:\/\/hubsch-interior.com\/fr\/","name":"H\u00fcbsch","description":"Danish Home Interior and Design","publisher":{"@id":"https:\/\/hubsch-interior.com\/fr\/#organization"},"potentialAction":[{"@type":"SearchAction","target":{"@type":"EntryPoint","urlTemplate":"https:\/\/hubsch-interior.com\/fr\/?s={search_term_string}"},"query-input":{"@type":"PropertyValueSpecification","valueRequired":true,"valueName":"search_term_string"}}],"inLanguage":"fr-FR"},{"@type":"Organization","@id":"https:\/\/hubsch-interior.com\/fr\/#organization","name":"H\u00fcbsch","url":"https:\/\/hubsch-interior.com\/fr\/","logo":{"@type":"ImageObject","inLanguage":"fr-FR","@id":"https:\/\/hubsch-interior.com\/fr\/#\/schema\/logo\/image\/","url":"https:\/\/hubsch-interior.com\/wp-content\/uploads\/2022\/12\/Hubsch_logo_black_one_line.svg","contentUrl":"https:\/\/hubsch-interior.com\/wp-content\/uploads\/2022\/12\/Hubsch_logo_black_one_line.svg","caption":"H\u00fcbsch"},"image":{"@id":"https:\/\/hubsch-interior.com\/fr\/#\/schema\/logo\/image\/"}}]}},"_links":{"self":[{"href":"https:\/\/hubsch-interior.com\/fr\/wp-json\/wp\/v2\/product\/1006968","targetHints":{"allow":["GET"]}}],"collection":[{"href":"https:\/\/hubsch-interior.com\/fr\/wp-json\/wp\/v2\/product"}],"about":[{"href":"https:\/\/hubsch-interior.com\/fr\/wp-json\/wp\/v2\/types\/product"}],"wp:featuredmedia":[{"embeddable":true,"href":"https:\/\/hubsch-interior.com\/fr\/wp-json\/wp\/v2\/media\/1114292"}],"wp:attachment":[{"href":"https:\/\/hubsch-interior.com\/fr\/wp-json\/wp\/v2\/media?parent=1006968"}],"wp:term":[{"taxonomy":"product_brand","embeddable":true,"href":"https:\/\/hubsch-interior.com\/fr\/wp-json\/wp\/v2\/product_brand?post=1006968"},{"taxonomy":"product_cat","embeddable":true,"href":"https:\/\/hubsch-interior.com\/fr\/wp-json\/wp\/v2\/product_cat?post=1006968"},{"taxonomy":"product_tag","embeddable":true,"href":"https:\/\/hubsch-interior.com\/fr\/wp-json\/wp\/v2\/product_tag?post=1006968"}],"curies":[{"name":"wp","href":"https:\/\/api.w.org\/{rel}","templated":true}]}}