{"id":1007120,"date":"2025-01-17T12:21:10","date_gmt":"2025-01-17T11:21:10","guid":{"rendered":"https:\/\/hubsch-interior.com\/product\/product\/"},"modified":"2026-04-09T04:20:18","modified_gmt":"2026-04-09T02:20:18","slug":"noir-tables-de-chevet-vert-blanc-casse","status":"publish","type":"product","link":"https:\/\/hubsch-interior.com\/fr\/produit\/noir-tables-de-chevet-vert-blanc-casse\/","title":{"rendered":"Noir Tables de chevet Vert\/Blanc cass\u00e9"},"content":{"rendered":"<p>Nous avons le plaisir de vous pr\u00e9senter la Table de Chevet Noir, un m\u00e9lange harmonieux de teintes sophistiqu\u00e9es vertes et blanc cass\u00e9. Fabriqu\u00e9e en placage de fr\u00eane de la meilleure qualit\u00e9 avec de d\u00e9licates finitions m\u00e9talliques, cette pi\u00e8ce promet d&#8217;enrichir votre routine nocturne. Imaginez-la \u00e0 c\u00f4t\u00e9 de votre lit, comme une sentinelle \u00e9l\u00e9gante tenant votre livre pr\u00e9f\u00e9r\u00e9, une lampe apaisante, et tous ces petits indispensables \u00e0 port\u00e9e de main. Avec son design \u00e9l\u00e9gant et sa praticit\u00e9, la Table de Chevet Noir n&#8217;est pas seulement un meuble ; c&#8217;est une compagne de nuit qui apporte \u00e0 la fois fonctionnalit\u00e9 et beaut\u00e9 \u00e0 votre sanctuaire personnel.<\/p>\n","protected":false},"excerpt":{"rendered":"<p>Nous avons le plaisir de vous pr\u00e9senter la Table de Chevet Noir, un m\u00e9lange harmonieux de teintes sophistiqu\u00e9es vertes et blanc cass\u00e9. Fabriqu\u00e9e en placage de fr\u00eane de la meilleure qualit\u00e9 avec de d\u00e9licates finitions m\u00e9talliques, cette pi\u00e8ce promet d&#8217;enrichir votre routine nocturne. Imaginez-la \u00e0 c\u00f4t\u00e9 de votre lit, comme une sentinelle \u00e9l\u00e9gante tenant votre [&hellip;]<\/p>\n","protected":false},"featured_media":1094051,"template":"","meta":{"_acf_changed":false,"inline_featured_image":false},"product_brand":[],"product_cat":[6997,6322,2859,4027,4802,5026],"product_tag":[],"class_list":{"0":"post-1007120","1":"product","2":"type-product","3":"status-publish","4":"has-post-thumbnail","6":"product_cat-the-buzz-fr","7":"product_cat-fsc-fr","8":"product_cat-tables-fr","9":"product_cat-tables-dappoint-fr","10":"product_cat-tables-de-chevet-fr","11":"product_cat-bestsellers-fr","12":"product_shipping_class-pk","14":"pa_color-vert-2","15":"pa_material-fer-fr","16":"pa_material-mdf-fr","17":"pa_material-placage-de-frne","19":"first","20":"instock","21":"featured","22":"taxable","23":"shipping-taxable","24":"purchasable","25":"product-type-simple"},"exclude_global_add_ons":[],"addons":[],"acf":[],"yoast_head":"<!-- This site is optimized with the Yoast SEO plugin v26.4 - https:\/\/yoast.com\/wordpress\/plugins\/seo\/ -->\n<title>Noir Tables de chevet Vert\/Blanc cass\u00e9 - H\u00fcbsch<\/title>\n<meta name=\"description\" content=\"Nous avons le plaisir de vous pr\u00e9senter la Table de Chevet Noir, un m\u00e9lange harmonieux de teintes sophistiqu\u00e9es vertes et blanc cass\u00e9. Fabriqu\u00e9e en\" \/>\n<meta name=\"robots\" content=\"index, follow, max-snippet:-1, max-image-preview:large, max-video-preview:-1\" \/>\n<link rel=\"canonical\" href=\"https:\/\/hubsch-interior.com\/fr\/wp-json\/wp\/v2\/product\/1007120\" \/>\n<meta property=\"og:locale\" content=\"fr_FR\" \/>\n<meta property=\"og:type\" content=\"article\" \/>\n<meta property=\"og:title\" content=\"Noir Tables de chevet Vert\/Blanc cass\u00e9 - H\u00fcbsch\" \/>\n<meta property=\"og:description\" content=\"Nous avons le plaisir de vous pr\u00e9senter la Table de Chevet Noir, un m\u00e9lange harmonieux de teintes sophistiqu\u00e9es vertes et blanc cass\u00e9. Fabriqu\u00e9e en\" \/>\n<meta property=\"og:url\" content=\"https:\/\/hubsch-interior.com\/fr\/produit\/noir-tables-de-chevet-vert-blanc-casse\/\" \/>\n<meta property=\"og:site_name\" content=\"H\u00fcbsch\" \/>\n<meta property=\"article:modified_time\" content=\"2026-04-09T02:20:18+00:00\" \/>\n<meta property=\"og:image\" content=\"https:\/\/hubsch-interior.com\/wp-content\/uploads\/2025\/01\/noir-bedside-table-greenoff-white-0e3ebbae4228c490f78764f043f9910a.jpg\" \/>\n\t<meta property=\"og:image:width\" content=\"1200\" \/>\n\t<meta property=\"og:image:height\" content=\"1200\" \/>\n\t<meta property=\"og:image:type\" content=\"image\/jpeg\" \/>\n<meta name=\"twitter:card\" content=\"summary_large_image\" \/>\n<meta name=\"twitter:label1\" content=\"Dur\u00e9e de lecture estim\u00e9e\" \/>\n\t<meta name=\"twitter:data1\" content=\"1 minute\" \/>\n<script type=\"application\/ld+json\" class=\"yoast-schema-graph\">{\"@context\":\"https:\/\/schema.org\",\"@graph\":[{\"@type\":\"WebPage\",\"@id\":\"https:\/\/hubsch-interior.com\/fr\/produit\/noir-tables-de-chevet-vert-blanc-casse\/\",\"url\":\"https:\/\/hubsch-interior.com\/fr\/produit\/noir-tables-de-chevet-vert-blanc-casse\/\",\"name\":\"Noir Tables de chevet Vert\/Blanc cass\u00e9 - H\u00fcbsch\",\"isPartOf\":{\"@id\":\"https:\/\/hubsch-interior.com\/fr\/#website\"},\"primaryImageOfPage\":{\"@id\":\"https:\/\/hubsch-interior.com\/fr\/produit\/noir-tables-de-chevet-vert-blanc-casse\/#primaryimage\"},\"image\":{\"@id\":\"https:\/\/hubsch-interior.com\/fr\/produit\/noir-tables-de-chevet-vert-blanc-casse\/#primaryimage\"},\"thumbnailUrl\":\"https:\/\/hubsch-interior.com\/wp-content\/uploads\/2026\/02\/noir-bedside-table-greenoff-white-3061fd9f14210c427d5c5a45d6bc7a44.jpg\",\"datePublished\":\"2025-01-17T11:21:10+00:00\",\"dateModified\":\"2026-04-09T02:20:18+00:00\",\"description\":\"Nous avons le plaisir de vous pr\u00e9senter la Table de Chevet Noir, un m\u00e9lange harmonieux de teintes sophistiqu\u00e9es vertes et blanc cass\u00e9. Fabriqu\u00e9e en\",\"breadcrumb\":{\"@id\":\"https:\/\/hubsch-interior.com\/fr\/produit\/noir-tables-de-chevet-vert-blanc-casse\/#breadcrumb\"},\"inLanguage\":\"fr-FR\",\"potentialAction\":[{\"@type\":\"ReadAction\",\"target\":[\"https:\/\/hubsch-interior.com\/fr\/produit\/noir-tables-de-chevet-vert-blanc-casse\/\"]}]},{\"@type\":\"ImageObject\",\"inLanguage\":\"fr-FR\",\"@id\":\"https:\/\/hubsch-interior.com\/fr\/produit\/noir-tables-de-chevet-vert-blanc-casse\/#primaryimage\",\"url\":\"https:\/\/hubsch-interior.com\/wp-content\/uploads\/2026\/02\/noir-bedside-table-greenoff-white-3061fd9f14210c427d5c5a45d6bc7a44.jpg\",\"contentUrl\":\"https:\/\/hubsch-interior.com\/wp-content\/uploads\/2026\/02\/noir-bedside-table-greenoff-white-3061fd9f14210c427d5c5a45d6bc7a44.jpg\",\"width\":1024,\"height\":1024},{\"@type\":\"BreadcrumbList\",\"@id\":\"https:\/\/hubsch-interior.com\/fr\/produit\/noir-tables-de-chevet-vert-blanc-casse\/#breadcrumb\",\"itemListElement\":[{\"@type\":\"ListItem\",\"position\":1,\"name\":\"Page d'accueil\",\"item\":\"https:\/\/hubsch-interior.com\/fr\/\"},{\"@type\":\"ListItem\",\"position\":2,\"name\":\"Produits\",\"item\":\"https:\/\/hubsch-interior.com\/fr\/shop-2\/\"},{\"@type\":\"ListItem\",\"position\":3,\"name\":\"Meubles\",\"item\":\"https:\/\/hubsch-interior.com\/fr\/categorie-produit\/meubles\/\"},{\"@type\":\"ListItem\",\"position\":4,\"name\":\"Tables\",\"item\":\"https:\/\/hubsch-interior.com\/fr\/categorie-produit\/meubles\/tables-fr\/\"},{\"@type\":\"ListItem\",\"position\":5,\"name\":\"Tables d&#039;appoint\",\"item\":\"https:\/\/hubsch-interior.com\/fr\/categorie-produit\/meubles\/tables-fr\/tables-dappoint-fr\/\"},{\"@type\":\"ListItem\",\"position\":6,\"name\":\"Noir Tables de chevet Vert\/Blanc cass\u00e9\"}]},{\"@type\":\"WebSite\",\"@id\":\"https:\/\/hubsch-interior.com\/fr\/#website\",\"url\":\"https:\/\/hubsch-interior.com\/fr\/\",\"name\":\"H\u00fcbsch\",\"description\":\"Danish Home Interior and Design\",\"publisher\":{\"@id\":\"https:\/\/hubsch-interior.com\/fr\/#organization\"},\"potentialAction\":[{\"@type\":\"SearchAction\",\"target\":{\"@type\":\"EntryPoint\",\"urlTemplate\":\"https:\/\/hubsch-interior.com\/fr\/?s={search_term_string}\"},\"query-input\":{\"@type\":\"PropertyValueSpecification\",\"valueRequired\":true,\"valueName\":\"search_term_string\"}}],\"inLanguage\":\"fr-FR\"},{\"@type\":\"Organization\",\"@id\":\"https:\/\/hubsch-interior.com\/fr\/#organization\",\"name\":\"H\u00fcbsch\",\"url\":\"https:\/\/hubsch-interior.com\/fr\/\",\"logo\":{\"@type\":\"ImageObject\",\"inLanguage\":\"fr-FR\",\"@id\":\"https:\/\/hubsch-interior.com\/fr\/#\/schema\/logo\/image\/\",\"url\":\"https:\/\/hubsch-interior.com\/wp-content\/uploads\/2022\/12\/Hubsch_logo_black_one_line.svg\",\"contentUrl\":\"https:\/\/hubsch-interior.com\/wp-content\/uploads\/2022\/12\/Hubsch_logo_black_one_line.svg\",\"caption\":\"H\u00fcbsch\"},\"image\":{\"@id\":\"https:\/\/hubsch-interior.com\/fr\/#\/schema\/logo\/image\/\"}}]}<\/script>\n<!-- \/ Yoast SEO plugin. -->","yoast_head_json":{"title":"Noir Tables de chevet Vert\/Blanc cass\u00e9 - H\u00fcbsch","description":"Nous avons le plaisir de vous pr\u00e9senter la Table de Chevet Noir, un m\u00e9lange harmonieux de teintes sophistiqu\u00e9es vertes et blanc cass\u00e9. Fabriqu\u00e9e en","robots":{"index":"index","follow":"follow","max-snippet":"max-snippet:-1","max-image-preview":"max-image-preview:large","max-video-preview":"max-video-preview:-1"},"canonical":"https:\/\/hubsch-interior.com\/fr\/wp-json\/wp\/v2\/product\/1007120","og_locale":"fr_FR","og_type":"article","og_title":"Noir Tables de chevet Vert\/Blanc cass\u00e9 - H\u00fcbsch","og_description":"Nous avons le plaisir de vous pr\u00e9senter la Table de Chevet Noir, un m\u00e9lange harmonieux de teintes sophistiqu\u00e9es vertes et blanc cass\u00e9. Fabriqu\u00e9e en","og_url":"https:\/\/hubsch-interior.com\/fr\/produit\/noir-tables-de-chevet-vert-blanc-casse\/","og_site_name":"H\u00fcbsch","article_modified_time":"2026-04-09T02:20:18+00:00","og_image":[{"width":1200,"height":1200,"url":"https:\/\/hubsch-interior.com\/wp-content\/uploads\/2025\/01\/noir-bedside-table-greenoff-white-0e3ebbae4228c490f78764f043f9910a.jpg","type":"image\/jpeg"}],"twitter_card":"summary_large_image","twitter_misc":{"Dur\u00e9e de lecture estim\u00e9e":"1 minute"},"schema":{"@context":"https:\/\/schema.org","@graph":[{"@type":"WebPage","@id":"https:\/\/hubsch-interior.com\/fr\/produit\/noir-tables-de-chevet-vert-blanc-casse\/","url":"https:\/\/hubsch-interior.com\/fr\/produit\/noir-tables-de-chevet-vert-blanc-casse\/","name":"Noir Tables de chevet Vert\/Blanc cass\u00e9 - H\u00fcbsch","isPartOf":{"@id":"https:\/\/hubsch-interior.com\/fr\/#website"},"primaryImageOfPage":{"@id":"https:\/\/hubsch-interior.com\/fr\/produit\/noir-tables-de-chevet-vert-blanc-casse\/#primaryimage"},"image":{"@id":"https:\/\/hubsch-interior.com\/fr\/produit\/noir-tables-de-chevet-vert-blanc-casse\/#primaryimage"},"thumbnailUrl":"https:\/\/hubsch-interior.com\/wp-content\/uploads\/2026\/02\/noir-bedside-table-greenoff-white-3061fd9f14210c427d5c5a45d6bc7a44.jpg","datePublished":"2025-01-17T11:21:10+00:00","dateModified":"2026-04-09T02:20:18+00:00","description":"Nous avons le plaisir de vous pr\u00e9senter la Table de Chevet Noir, un m\u00e9lange harmonieux de teintes sophistiqu\u00e9es vertes et blanc cass\u00e9. Fabriqu\u00e9e en","breadcrumb":{"@id":"https:\/\/hubsch-interior.com\/fr\/produit\/noir-tables-de-chevet-vert-blanc-casse\/#breadcrumb"},"inLanguage":"fr-FR","potentialAction":[{"@type":"ReadAction","target":["https:\/\/hubsch-interior.com\/fr\/produit\/noir-tables-de-chevet-vert-blanc-casse\/"]}]},{"@type":"ImageObject","inLanguage":"fr-FR","@id":"https:\/\/hubsch-interior.com\/fr\/produit\/noir-tables-de-chevet-vert-blanc-casse\/#primaryimage","url":"https:\/\/hubsch-interior.com\/wp-content\/uploads\/2026\/02\/noir-bedside-table-greenoff-white-3061fd9f14210c427d5c5a45d6bc7a44.jpg","contentUrl":"https:\/\/hubsch-interior.com\/wp-content\/uploads\/2026\/02\/noir-bedside-table-greenoff-white-3061fd9f14210c427d5c5a45d6bc7a44.jpg","width":1024,"height":1024},{"@type":"BreadcrumbList","@id":"https:\/\/hubsch-interior.com\/fr\/produit\/noir-tables-de-chevet-vert-blanc-casse\/#breadcrumb","itemListElement":[{"@type":"ListItem","position":1,"name":"Page d'accueil","item":"https:\/\/hubsch-interior.com\/fr\/"},{"@type":"ListItem","position":2,"name":"Produits","item":"https:\/\/hubsch-interior.com\/fr\/shop-2\/"},{"@type":"ListItem","position":3,"name":"Meubles","item":"https:\/\/hubsch-interior.com\/fr\/categorie-produit\/meubles\/"},{"@type":"ListItem","position":4,"name":"Tables","item":"https:\/\/hubsch-interior.com\/fr\/categorie-produit\/meubles\/tables-fr\/"},{"@type":"ListItem","position":5,"name":"Tables d&#039;appoint","item":"https:\/\/hubsch-interior.com\/fr\/categorie-produit\/meubles\/tables-fr\/tables-dappoint-fr\/"},{"@type":"ListItem","position":6,"name":"Noir Tables de chevet Vert\/Blanc cass\u00e9"}]},{"@type":"WebSite","@id":"https:\/\/hubsch-interior.com\/fr\/#website","url":"https:\/\/hubsch-interior.com\/fr\/","name":"H\u00fcbsch","description":"Danish Home Interior and Design","publisher":{"@id":"https:\/\/hubsch-interior.com\/fr\/#organization"},"potentialAction":[{"@type":"SearchAction","target":{"@type":"EntryPoint","urlTemplate":"https:\/\/hubsch-interior.com\/fr\/?s={search_term_string}"},"query-input":{"@type":"PropertyValueSpecification","valueRequired":true,"valueName":"search_term_string"}}],"inLanguage":"fr-FR"},{"@type":"Organization","@id":"https:\/\/hubsch-interior.com\/fr\/#organization","name":"H\u00fcbsch","url":"https:\/\/hubsch-interior.com\/fr\/","logo":{"@type":"ImageObject","inLanguage":"fr-FR","@id":"https:\/\/hubsch-interior.com\/fr\/#\/schema\/logo\/image\/","url":"https:\/\/hubsch-interior.com\/wp-content\/uploads\/2022\/12\/Hubsch_logo_black_one_line.svg","contentUrl":"https:\/\/hubsch-interior.com\/wp-content\/uploads\/2022\/12\/Hubsch_logo_black_one_line.svg","caption":"H\u00fcbsch"},"image":{"@id":"https:\/\/hubsch-interior.com\/fr\/#\/schema\/logo\/image\/"}}]}},"_links":{"self":[{"href":"https:\/\/hubsch-interior.com\/fr\/wp-json\/wp\/v2\/product\/1007120","targetHints":{"allow":["GET"]}}],"collection":[{"href":"https:\/\/hubsch-interior.com\/fr\/wp-json\/wp\/v2\/product"}],"about":[{"href":"https:\/\/hubsch-interior.com\/fr\/wp-json\/wp\/v2\/types\/product"}],"wp:featuredmedia":[{"embeddable":true,"href":"https:\/\/hubsch-interior.com\/fr\/wp-json\/wp\/v2\/media\/1094051"}],"wp:attachment":[{"href":"https:\/\/hubsch-interior.com\/fr\/wp-json\/wp\/v2\/media?parent=1007120"}],"wp:term":[{"taxonomy":"product_brand","embeddable":true,"href":"https:\/\/hubsch-interior.com\/fr\/wp-json\/wp\/v2\/product_brand?post=1007120"},{"taxonomy":"product_cat","embeddable":true,"href":"https:\/\/hubsch-interior.com\/fr\/wp-json\/wp\/v2\/product_cat?post=1007120"},{"taxonomy":"product_tag","embeddable":true,"href":"https:\/\/hubsch-interior.com\/fr\/wp-json\/wp\/v2\/product_tag?post=1007120"}],"curies":[{"name":"wp","href":"https:\/\/api.w.org\/{rel}","templated":true}]}}