{"id":1007140,"date":"2025-01-17T12:21:54","date_gmt":"2025-01-17T11:21:54","guid":{"rendered":"https:\/\/hubsch-interior.com\/product\/product\/"},"modified":"2026-04-05T04:20:23","modified_gmt":"2026-04-05T02:20:23","slug":"noir-tables-de-chevet-noir","status":"publish","type":"product","link":"https:\/\/hubsch-interior.com\/fr\/produit\/noir-tables-de-chevet-noir\/","title":{"rendered":"Noir Tables de chevet Noir"},"content":{"rendered":"<p>Nous vous pr\u00e9sentons la Table de Chevet Noir, un m\u00e9lange parfait de fonctionnalit\u00e9 et de style, par\u00e9e d&#8217;une \u00e9l\u00e9gante couleur noire. Fabriqu\u00e9e en placage de fr\u00eane avec des accents m\u00e9talliques, cette pi\u00e8ce apporte une touche audacieuse et \u00e9l\u00e9gante \u00e0 votre d\u00e9cor de chambre \u00e0 coucher. Dot\u00e9e d&#8217;un tiroir pratique, elle est id\u00e9ale pour ranger vos essentiels de chambre \u00e0 coucher, permettant de maintenir votre espace ordonn\u00e9. Sa surface est parfaitement adapt\u00e9e pour d\u00e9poser votre lecture du soir, assurant ainsi un rangement pratique \u00e0 proximit\u00e9 du lit. Transformez votre routine nocturne avec l&#8217;\u00e9l\u00e9gance pratique de la Table de Chevet Noir.<\/p>\n","protected":false},"excerpt":{"rendered":"<p>Nous vous pr\u00e9sentons la Table de Chevet Noir, un m\u00e9lange parfait de fonctionnalit\u00e9 et de style, par\u00e9e d&#8217;une \u00e9l\u00e9gante couleur noire. Fabriqu\u00e9e en placage de fr\u00eane avec des accents m\u00e9talliques, cette pi\u00e8ce apporte une touche audacieuse et \u00e9l\u00e9gante \u00e0 votre d\u00e9cor de chambre \u00e0 coucher. Dot\u00e9e d&#8217;un tiroir pratique, elle est id\u00e9ale pour ranger vos [&hellip;]<\/p>\n","protected":false},"featured_media":1094071,"template":"","meta":{"_acf_changed":false,"inline_featured_image":false},"product_brand":[],"product_cat":[6997,2859,4027,4802,5026],"product_tag":[],"class_list":{"0":"post-1007140","1":"product","2":"type-product","3":"status-publish","4":"has-post-thumbnail","6":"product_cat-the-buzz-fr","7":"product_cat-tables-fr","8":"product_cat-tables-dappoint-fr","9":"product_cat-tables-de-chevet-fr","10":"product_cat-bestsellers-fr","11":"product_shipping_class-pk","12":"pa_color-noir","13":"pa_material-fer-fr","14":"pa_material-mdf-fr","15":"pa_material-placage-de-frne","17":"first","18":"outofstock","19":"featured","20":"taxable","21":"shipping-taxable","22":"purchasable","23":"product-type-simple"},"exclude_global_add_ons":[],"addons":[],"acf":[],"yoast_head":"<!-- This site is optimized with the Yoast SEO plugin v26.4 - https:\/\/yoast.com\/wordpress\/plugins\/seo\/ -->\n<title>Noir Tables de chevet Noir - H\u00fcbsch<\/title>\n<meta name=\"description\" content=\"Nous vous pr\u00e9sentons la Table de Chevet Noir, un m\u00e9lange parfait de fonctionnalit\u00e9 et de style, par\u00e9e d&#039;une \u00e9l\u00e9gante couleur noire. Fabriqu\u00e9e en placage\" \/>\n<meta name=\"robots\" content=\"index, follow, max-snippet:-1, max-image-preview:large, max-video-preview:-1\" \/>\n<link rel=\"canonical\" href=\"https:\/\/hubsch-interior.com\/fr\/wp-json\/wp\/v2\/product\/1007140\" \/>\n<meta property=\"og:locale\" content=\"fr_FR\" \/>\n<meta property=\"og:type\" content=\"article\" \/>\n<meta property=\"og:title\" content=\"Noir Tables de chevet Noir - H\u00fcbsch\" \/>\n<meta property=\"og:description\" content=\"Nous vous pr\u00e9sentons la Table de Chevet Noir, un m\u00e9lange parfait de fonctionnalit\u00e9 et de style, par\u00e9e d&#039;une \u00e9l\u00e9gante couleur noire. Fabriqu\u00e9e en placage\" \/>\n<meta property=\"og:url\" content=\"https:\/\/hubsch-interior.com\/fr\/produit\/noir-tables-de-chevet-noir\/\" \/>\n<meta property=\"og:site_name\" content=\"H\u00fcbsch\" \/>\n<meta property=\"article:modified_time\" content=\"2026-04-05T02:20:23+00:00\" \/>\n<meta property=\"og:image\" content=\"https:\/\/hubsch-interior.com\/wp-content\/uploads\/2025\/01\/noir-bedside-table-black-06220af7a3cb4a0168b2cdacda47c1a7.jpg\" \/>\n\t<meta property=\"og:image:width\" content=\"1200\" \/>\n\t<meta property=\"og:image:height\" content=\"1200\" \/>\n\t<meta property=\"og:image:type\" content=\"image\/jpeg\" \/>\n<meta name=\"twitter:card\" content=\"summary_large_image\" \/>\n<meta name=\"twitter:label1\" content=\"Dur\u00e9e de lecture estim\u00e9e\" \/>\n\t<meta name=\"twitter:data1\" content=\"1 minute\" \/>\n<script type=\"application\/ld+json\" class=\"yoast-schema-graph\">{\"@context\":\"https:\/\/schema.org\",\"@graph\":[{\"@type\":\"WebPage\",\"@id\":\"https:\/\/hubsch-interior.com\/fr\/produit\/noir-tables-de-chevet-noir\/\",\"url\":\"https:\/\/hubsch-interior.com\/fr\/produit\/noir-tables-de-chevet-noir\/\",\"name\":\"Noir Tables de chevet Noir - H\u00fcbsch\",\"isPartOf\":{\"@id\":\"https:\/\/hubsch-interior.com\/fr\/#website\"},\"primaryImageOfPage\":{\"@id\":\"https:\/\/hubsch-interior.com\/fr\/produit\/noir-tables-de-chevet-noir\/#primaryimage\"},\"image\":{\"@id\":\"https:\/\/hubsch-interior.com\/fr\/produit\/noir-tables-de-chevet-noir\/#primaryimage\"},\"thumbnailUrl\":\"https:\/\/hubsch-interior.com\/wp-content\/uploads\/2026\/02\/noir-bedside-table-black-f5210f197f8d5c1e8790e5a33233c11c.jpg\",\"datePublished\":\"2025-01-17T11:21:54+00:00\",\"dateModified\":\"2026-04-05T02:20:23+00:00\",\"description\":\"Nous vous pr\u00e9sentons la Table de Chevet Noir, un m\u00e9lange parfait de fonctionnalit\u00e9 et de style, par\u00e9e d'une \u00e9l\u00e9gante couleur noire. Fabriqu\u00e9e en placage\",\"breadcrumb\":{\"@id\":\"https:\/\/hubsch-interior.com\/fr\/produit\/noir-tables-de-chevet-noir\/#breadcrumb\"},\"inLanguage\":\"fr-FR\",\"potentialAction\":[{\"@type\":\"ReadAction\",\"target\":[\"https:\/\/hubsch-interior.com\/fr\/produit\/noir-tables-de-chevet-noir\/\"]}]},{\"@type\":\"ImageObject\",\"inLanguage\":\"fr-FR\",\"@id\":\"https:\/\/hubsch-interior.com\/fr\/produit\/noir-tables-de-chevet-noir\/#primaryimage\",\"url\":\"https:\/\/hubsch-interior.com\/wp-content\/uploads\/2026\/02\/noir-bedside-table-black-f5210f197f8d5c1e8790e5a33233c11c.jpg\",\"contentUrl\":\"https:\/\/hubsch-interior.com\/wp-content\/uploads\/2026\/02\/noir-bedside-table-black-f5210f197f8d5c1e8790e5a33233c11c.jpg\",\"width\":1024,\"height\":1024},{\"@type\":\"BreadcrumbList\",\"@id\":\"https:\/\/hubsch-interior.com\/fr\/produit\/noir-tables-de-chevet-noir\/#breadcrumb\",\"itemListElement\":[{\"@type\":\"ListItem\",\"position\":1,\"name\":\"Page d'accueil\",\"item\":\"https:\/\/hubsch-interior.com\/fr\/\"},{\"@type\":\"ListItem\",\"position\":2,\"name\":\"Produits\",\"item\":\"https:\/\/hubsch-interior.com\/fr\/shop-2\/\"},{\"@type\":\"ListItem\",\"position\":3,\"name\":\"Meubles\",\"item\":\"https:\/\/hubsch-interior.com\/fr\/categorie-produit\/meubles\/\"},{\"@type\":\"ListItem\",\"position\":4,\"name\":\"Tables\",\"item\":\"https:\/\/hubsch-interior.com\/fr\/categorie-produit\/meubles\/tables-fr\/\"},{\"@type\":\"ListItem\",\"position\":5,\"name\":\"Tables d&#039;appoint\",\"item\":\"https:\/\/hubsch-interior.com\/fr\/categorie-produit\/meubles\/tables-fr\/tables-dappoint-fr\/\"},{\"@type\":\"ListItem\",\"position\":6,\"name\":\"Noir Tables de chevet Noir\"}]},{\"@type\":\"WebSite\",\"@id\":\"https:\/\/hubsch-interior.com\/fr\/#website\",\"url\":\"https:\/\/hubsch-interior.com\/fr\/\",\"name\":\"H\u00fcbsch\",\"description\":\"Danish Home Interior and Design\",\"publisher\":{\"@id\":\"https:\/\/hubsch-interior.com\/fr\/#organization\"},\"potentialAction\":[{\"@type\":\"SearchAction\",\"target\":{\"@type\":\"EntryPoint\",\"urlTemplate\":\"https:\/\/hubsch-interior.com\/fr\/?s={search_term_string}\"},\"query-input\":{\"@type\":\"PropertyValueSpecification\",\"valueRequired\":true,\"valueName\":\"search_term_string\"}}],\"inLanguage\":\"fr-FR\"},{\"@type\":\"Organization\",\"@id\":\"https:\/\/hubsch-interior.com\/fr\/#organization\",\"name\":\"H\u00fcbsch\",\"url\":\"https:\/\/hubsch-interior.com\/fr\/\",\"logo\":{\"@type\":\"ImageObject\",\"inLanguage\":\"fr-FR\",\"@id\":\"https:\/\/hubsch-interior.com\/fr\/#\/schema\/logo\/image\/\",\"url\":\"https:\/\/hubsch-interior.com\/wp-content\/uploads\/2022\/12\/Hubsch_logo_black_one_line.svg\",\"contentUrl\":\"https:\/\/hubsch-interior.com\/wp-content\/uploads\/2022\/12\/Hubsch_logo_black_one_line.svg\",\"caption\":\"H\u00fcbsch\"},\"image\":{\"@id\":\"https:\/\/hubsch-interior.com\/fr\/#\/schema\/logo\/image\/\"}}]}<\/script>\n<!-- \/ Yoast SEO plugin. -->","yoast_head_json":{"title":"Noir Tables de chevet Noir - H\u00fcbsch","description":"Nous vous pr\u00e9sentons la Table de Chevet Noir, un m\u00e9lange parfait de fonctionnalit\u00e9 et de style, par\u00e9e d'une \u00e9l\u00e9gante couleur noire. Fabriqu\u00e9e en placage","robots":{"index":"index","follow":"follow","max-snippet":"max-snippet:-1","max-image-preview":"max-image-preview:large","max-video-preview":"max-video-preview:-1"},"canonical":"https:\/\/hubsch-interior.com\/fr\/wp-json\/wp\/v2\/product\/1007140","og_locale":"fr_FR","og_type":"article","og_title":"Noir Tables de chevet Noir - H\u00fcbsch","og_description":"Nous vous pr\u00e9sentons la Table de Chevet Noir, un m\u00e9lange parfait de fonctionnalit\u00e9 et de style, par\u00e9e d'une \u00e9l\u00e9gante couleur noire. Fabriqu\u00e9e en placage","og_url":"https:\/\/hubsch-interior.com\/fr\/produit\/noir-tables-de-chevet-noir\/","og_site_name":"H\u00fcbsch","article_modified_time":"2026-04-05T02:20:23+00:00","og_image":[{"width":1200,"height":1200,"url":"https:\/\/hubsch-interior.com\/wp-content\/uploads\/2025\/01\/noir-bedside-table-black-06220af7a3cb4a0168b2cdacda47c1a7.jpg","type":"image\/jpeg"}],"twitter_card":"summary_large_image","twitter_misc":{"Dur\u00e9e de lecture estim\u00e9e":"1 minute"},"schema":{"@context":"https:\/\/schema.org","@graph":[{"@type":"WebPage","@id":"https:\/\/hubsch-interior.com\/fr\/produit\/noir-tables-de-chevet-noir\/","url":"https:\/\/hubsch-interior.com\/fr\/produit\/noir-tables-de-chevet-noir\/","name":"Noir Tables de chevet Noir - H\u00fcbsch","isPartOf":{"@id":"https:\/\/hubsch-interior.com\/fr\/#website"},"primaryImageOfPage":{"@id":"https:\/\/hubsch-interior.com\/fr\/produit\/noir-tables-de-chevet-noir\/#primaryimage"},"image":{"@id":"https:\/\/hubsch-interior.com\/fr\/produit\/noir-tables-de-chevet-noir\/#primaryimage"},"thumbnailUrl":"https:\/\/hubsch-interior.com\/wp-content\/uploads\/2026\/02\/noir-bedside-table-black-f5210f197f8d5c1e8790e5a33233c11c.jpg","datePublished":"2025-01-17T11:21:54+00:00","dateModified":"2026-04-05T02:20:23+00:00","description":"Nous vous pr\u00e9sentons la Table de Chevet Noir, un m\u00e9lange parfait de fonctionnalit\u00e9 et de style, par\u00e9e d'une \u00e9l\u00e9gante couleur noire. Fabriqu\u00e9e en placage","breadcrumb":{"@id":"https:\/\/hubsch-interior.com\/fr\/produit\/noir-tables-de-chevet-noir\/#breadcrumb"},"inLanguage":"fr-FR","potentialAction":[{"@type":"ReadAction","target":["https:\/\/hubsch-interior.com\/fr\/produit\/noir-tables-de-chevet-noir\/"]}]},{"@type":"ImageObject","inLanguage":"fr-FR","@id":"https:\/\/hubsch-interior.com\/fr\/produit\/noir-tables-de-chevet-noir\/#primaryimage","url":"https:\/\/hubsch-interior.com\/wp-content\/uploads\/2026\/02\/noir-bedside-table-black-f5210f197f8d5c1e8790e5a33233c11c.jpg","contentUrl":"https:\/\/hubsch-interior.com\/wp-content\/uploads\/2026\/02\/noir-bedside-table-black-f5210f197f8d5c1e8790e5a33233c11c.jpg","width":1024,"height":1024},{"@type":"BreadcrumbList","@id":"https:\/\/hubsch-interior.com\/fr\/produit\/noir-tables-de-chevet-noir\/#breadcrumb","itemListElement":[{"@type":"ListItem","position":1,"name":"Page d'accueil","item":"https:\/\/hubsch-interior.com\/fr\/"},{"@type":"ListItem","position":2,"name":"Produits","item":"https:\/\/hubsch-interior.com\/fr\/shop-2\/"},{"@type":"ListItem","position":3,"name":"Meubles","item":"https:\/\/hubsch-interior.com\/fr\/categorie-produit\/meubles\/"},{"@type":"ListItem","position":4,"name":"Tables","item":"https:\/\/hubsch-interior.com\/fr\/categorie-produit\/meubles\/tables-fr\/"},{"@type":"ListItem","position":5,"name":"Tables d&#039;appoint","item":"https:\/\/hubsch-interior.com\/fr\/categorie-produit\/meubles\/tables-fr\/tables-dappoint-fr\/"},{"@type":"ListItem","position":6,"name":"Noir Tables de chevet Noir"}]},{"@type":"WebSite","@id":"https:\/\/hubsch-interior.com\/fr\/#website","url":"https:\/\/hubsch-interior.com\/fr\/","name":"H\u00fcbsch","description":"Danish Home Interior and Design","publisher":{"@id":"https:\/\/hubsch-interior.com\/fr\/#organization"},"potentialAction":[{"@type":"SearchAction","target":{"@type":"EntryPoint","urlTemplate":"https:\/\/hubsch-interior.com\/fr\/?s={search_term_string}"},"query-input":{"@type":"PropertyValueSpecification","valueRequired":true,"valueName":"search_term_string"}}],"inLanguage":"fr-FR"},{"@type":"Organization","@id":"https:\/\/hubsch-interior.com\/fr\/#organization","name":"H\u00fcbsch","url":"https:\/\/hubsch-interior.com\/fr\/","logo":{"@type":"ImageObject","inLanguage":"fr-FR","@id":"https:\/\/hubsch-interior.com\/fr\/#\/schema\/logo\/image\/","url":"https:\/\/hubsch-interior.com\/wp-content\/uploads\/2022\/12\/Hubsch_logo_black_one_line.svg","contentUrl":"https:\/\/hubsch-interior.com\/wp-content\/uploads\/2022\/12\/Hubsch_logo_black_one_line.svg","caption":"H\u00fcbsch"},"image":{"@id":"https:\/\/hubsch-interior.com\/fr\/#\/schema\/logo\/image\/"}}]}},"_links":{"self":[{"href":"https:\/\/hubsch-interior.com\/fr\/wp-json\/wp\/v2\/product\/1007140","targetHints":{"allow":["GET"]}}],"collection":[{"href":"https:\/\/hubsch-interior.com\/fr\/wp-json\/wp\/v2\/product"}],"about":[{"href":"https:\/\/hubsch-interior.com\/fr\/wp-json\/wp\/v2\/types\/product"}],"wp:featuredmedia":[{"embeddable":true,"href":"https:\/\/hubsch-interior.com\/fr\/wp-json\/wp\/v2\/media\/1094071"}],"wp:attachment":[{"href":"https:\/\/hubsch-interior.com\/fr\/wp-json\/wp\/v2\/media?parent=1007140"}],"wp:term":[{"taxonomy":"product_brand","embeddable":true,"href":"https:\/\/hubsch-interior.com\/fr\/wp-json\/wp\/v2\/product_brand?post=1007140"},{"taxonomy":"product_cat","embeddable":true,"href":"https:\/\/hubsch-interior.com\/fr\/wp-json\/wp\/v2\/product_cat?post=1007140"},{"taxonomy":"product_tag","embeddable":true,"href":"https:\/\/hubsch-interior.com\/fr\/wp-json\/wp\/v2\/product_tag?post=1007140"}],"curies":[{"name":"wp","href":"https:\/\/api.w.org\/{rel}","templated":true}]}}