{"id":1007152,"date":"2025-01-17T12:22:53","date_gmt":"2025-01-17T11:22:53","guid":{"rendered":"https:\/\/hubsch-interior.com\/product\/product\/"},"modified":"2026-04-09T04:20:23","modified_gmt":"2026-04-09T02:20:23","slug":"galaxy-tablette-turquiose-bleu-gris","status":"publish","type":"product","link":"https:\/\/hubsch-interior.com\/fr\/produit\/galaxy-tablette-turquiose-bleu-gris\/","title":{"rendered":"Galaxy Tablette Turquiose\/Bleu\/Gris"},"content":{"rendered":"<p>D\u00e9couvrez la Galaxy Tablette, un chef-d&#8217;\u0153uvre en placage de fr\u00eane aux nuances turquoise, bleu et gris captivantes, qui transformera n&#8217;importe quelle pi\u00e8ce en un v\u00e9ritable manifeste de style. Fabriqu\u00e9e \u00e0 partir de bois certifi\u00e9 FSC, cette tablette ne s\u00e9duit pas seulement par son apparence ; elle est \u00e9galement le t\u00e9moignage d&#8217;une conception r\u00e9fl\u00e9chie. Dot\u00e9e d&#8217;un espace pour 12 tasses, vous pouvez exposer toutes vos jolies tasses \u00e0 caf\u00e9 ou mettre en valeur vos \u00e9l\u00e9ments de d\u00e9coration ou de cuisine pr\u00e9f\u00e9r\u00e9s. Id\u00e9ale pour tout espace en qu\u00eate d&#8217;une pi\u00e8ce ma\u00eetresse color\u00e9e, la Galaxy Tablette promet d&#8217;\u00eatre \u00e0 la fois un point central et un sujet de conversation.<\/p>\n","protected":false},"excerpt":{"rendered":"<p>D\u00e9couvrez la Galaxy Tablette, un chef-d&#8217;\u0153uvre en placage de fr\u00eane aux nuances turquoise, bleu et gris captivantes, qui transformera n&#8217;importe quelle pi\u00e8ce en un v\u00e9ritable manifeste de style. Fabriqu\u00e9e \u00e0 partir de bois certifi\u00e9 FSC, cette tablette ne s\u00e9duit pas seulement par son apparence ; elle est \u00e9galement le t\u00e9moignage d&#8217;une conception r\u00e9fl\u00e9chie. Dot\u00e9e d&#8217;un [&hellip;]<\/p>\n","protected":false},"featured_media":1094091,"template":"","meta":{"_acf_changed":false,"inline_featured_image":false},"product_brand":[],"product_cat":[6997,6322,4001,4023,5026],"product_tag":[],"class_list":{"0":"post-1007152","1":"product","2":"type-product","3":"status-publish","4":"has-post-thumbnail","6":"product_cat-the-buzz-fr","7":"product_cat-fsc-fr","8":"product_cat-etageres-et-meubles-de-rangement-fr","9":"product_cat-etageres-murales-fr","10":"product_cat-bestsellers-fr","11":"product_shipping_class-pk","13":"pa_color-bleu-2","14":"pa_color-gris-2","15":"pa_material-mdf-fr","16":"pa_material-placage-de-frne","18":"first","19":"instock","20":"featured","21":"taxable","22":"shipping-taxable","23":"purchasable","24":"product-type-simple"},"exclude_global_add_ons":[],"addons":[],"acf":[],"yoast_head":"<!-- This site is optimized with the Yoast SEO plugin v26.4 - https:\/\/yoast.com\/wordpress\/plugins\/seo\/ -->\n<title>Galaxy Tablette Turquiose\/Bleu\/Gris - H\u00fcbsch<\/title>\n<meta name=\"description\" content=\"D\u00e9couvrez la Galaxy Tablette, un chef-d&#039;\u0153uvre en placage de fr\u00eane aux nuances turquoise, bleu et gris captivantes, qui transformera n&#039;importe quelle pi\u00e8ce\" \/>\n<meta name=\"robots\" content=\"index, follow, max-snippet:-1, max-image-preview:large, max-video-preview:-1\" \/>\n<link rel=\"canonical\" href=\"https:\/\/hubsch-interior.com\/fr\/wp-json\/wp\/v2\/product\/1007152\" \/>\n<meta property=\"og:locale\" content=\"fr_FR\" \/>\n<meta property=\"og:type\" content=\"article\" \/>\n<meta property=\"og:title\" content=\"Galaxy Tablette Turquiose\/Bleu\/Gris - H\u00fcbsch\" \/>\n<meta property=\"og:description\" content=\"D\u00e9couvrez la Galaxy Tablette, un chef-d&#039;\u0153uvre en placage de fr\u00eane aux nuances turquoise, bleu et gris captivantes, qui transformera n&#039;importe quelle pi\u00e8ce\" \/>\n<meta property=\"og:url\" content=\"https:\/\/hubsch-interior.com\/fr\/produit\/galaxy-tablette-turquiose-bleu-gris\/\" \/>\n<meta property=\"og:site_name\" content=\"H\u00fcbsch\" \/>\n<meta property=\"article:modified_time\" content=\"2026-04-09T02:20:23+00:00\" \/>\n<meta property=\"og:image\" content=\"https:\/\/hubsch-interior.com\/wp-content\/uploads\/2025\/01\/galaxy-shelf-turquiosebluegrey-3f2ef06b704738bc0744622693780006.jpg\" \/>\n\t<meta property=\"og:image:width\" content=\"1200\" \/>\n\t<meta property=\"og:image:height\" content=\"1200\" \/>\n\t<meta property=\"og:image:type\" content=\"image\/jpeg\" \/>\n<meta name=\"twitter:card\" content=\"summary_large_image\" \/>\n<meta name=\"twitter:label1\" content=\"Dur\u00e9e de lecture estim\u00e9e\" \/>\n\t<meta name=\"twitter:data1\" content=\"1 minute\" \/>\n<script type=\"application\/ld+json\" class=\"yoast-schema-graph\">{\"@context\":\"https:\/\/schema.org\",\"@graph\":[{\"@type\":\"WebPage\",\"@id\":\"https:\/\/hubsch-interior.com\/fr\/produit\/galaxy-tablette-turquiose-bleu-gris\/\",\"url\":\"https:\/\/hubsch-interior.com\/fr\/produit\/galaxy-tablette-turquiose-bleu-gris\/\",\"name\":\"Galaxy Tablette Turquiose\/Bleu\/Gris - H\u00fcbsch\",\"isPartOf\":{\"@id\":\"https:\/\/hubsch-interior.com\/fr\/#website\"},\"primaryImageOfPage\":{\"@id\":\"https:\/\/hubsch-interior.com\/fr\/produit\/galaxy-tablette-turquiose-bleu-gris\/#primaryimage\"},\"image\":{\"@id\":\"https:\/\/hubsch-interior.com\/fr\/produit\/galaxy-tablette-turquiose-bleu-gris\/#primaryimage\"},\"thumbnailUrl\":\"https:\/\/hubsch-interior.com\/wp-content\/uploads\/2026\/02\/galaxy-shelf-turquiosebluegrey-101bf8a7d6c7e44670723a013519ff36.jpg\",\"datePublished\":\"2025-01-17T11:22:53+00:00\",\"dateModified\":\"2026-04-09T02:20:23+00:00\",\"description\":\"D\u00e9couvrez la Galaxy Tablette, un chef-d'\u0153uvre en placage de fr\u00eane aux nuances turquoise, bleu et gris captivantes, qui transformera n'importe quelle pi\u00e8ce\",\"breadcrumb\":{\"@id\":\"https:\/\/hubsch-interior.com\/fr\/produit\/galaxy-tablette-turquiose-bleu-gris\/#breadcrumb\"},\"inLanguage\":\"fr-FR\",\"potentialAction\":[{\"@type\":\"ReadAction\",\"target\":[\"https:\/\/hubsch-interior.com\/fr\/produit\/galaxy-tablette-turquiose-bleu-gris\/\"]}]},{\"@type\":\"ImageObject\",\"inLanguage\":\"fr-FR\",\"@id\":\"https:\/\/hubsch-interior.com\/fr\/produit\/galaxy-tablette-turquiose-bleu-gris\/#primaryimage\",\"url\":\"https:\/\/hubsch-interior.com\/wp-content\/uploads\/2026\/02\/galaxy-shelf-turquiosebluegrey-101bf8a7d6c7e44670723a013519ff36.jpg\",\"contentUrl\":\"https:\/\/hubsch-interior.com\/wp-content\/uploads\/2026\/02\/galaxy-shelf-turquiosebluegrey-101bf8a7d6c7e44670723a013519ff36.jpg\",\"width\":1024,\"height\":1024},{\"@type\":\"BreadcrumbList\",\"@id\":\"https:\/\/hubsch-interior.com\/fr\/produit\/galaxy-tablette-turquiose-bleu-gris\/#breadcrumb\",\"itemListElement\":[{\"@type\":\"ListItem\",\"position\":1,\"name\":\"Page d'accueil\",\"item\":\"https:\/\/hubsch-interior.com\/fr\/\"},{\"@type\":\"ListItem\",\"position\":2,\"name\":\"Produits\",\"item\":\"https:\/\/hubsch-interior.com\/fr\/shop-2\/\"},{\"@type\":\"ListItem\",\"position\":3,\"name\":\"Meubles\",\"item\":\"https:\/\/hubsch-interior.com\/fr\/categorie-produit\/meubles\/\"},{\"@type\":\"ListItem\",\"position\":4,\"name\":\"Etag&egrave;res et meubles de rangement\",\"item\":\"https:\/\/hubsch-interior.com\/fr\/categorie-produit\/meubles\/etageres-et-meubles-de-rangement-fr\/\"},{\"@type\":\"ListItem\",\"position\":5,\"name\":\"Etag&egrave;res murales\",\"item\":\"https:\/\/hubsch-interior.com\/fr\/categorie-produit\/meubles\/etageres-et-meubles-de-rangement-fr\/etageres-murales-fr\/\"},{\"@type\":\"ListItem\",\"position\":6,\"name\":\"Galaxy Tablette Turquiose\/Bleu\/Gris\"}]},{\"@type\":\"WebSite\",\"@id\":\"https:\/\/hubsch-interior.com\/fr\/#website\",\"url\":\"https:\/\/hubsch-interior.com\/fr\/\",\"name\":\"H\u00fcbsch\",\"description\":\"Danish Home Interior and Design\",\"publisher\":{\"@id\":\"https:\/\/hubsch-interior.com\/fr\/#organization\"},\"potentialAction\":[{\"@type\":\"SearchAction\",\"target\":{\"@type\":\"EntryPoint\",\"urlTemplate\":\"https:\/\/hubsch-interior.com\/fr\/?s={search_term_string}\"},\"query-input\":{\"@type\":\"PropertyValueSpecification\",\"valueRequired\":true,\"valueName\":\"search_term_string\"}}],\"inLanguage\":\"fr-FR\"},{\"@type\":\"Organization\",\"@id\":\"https:\/\/hubsch-interior.com\/fr\/#organization\",\"name\":\"H\u00fcbsch\",\"url\":\"https:\/\/hubsch-interior.com\/fr\/\",\"logo\":{\"@type\":\"ImageObject\",\"inLanguage\":\"fr-FR\",\"@id\":\"https:\/\/hubsch-interior.com\/fr\/#\/schema\/logo\/image\/\",\"url\":\"https:\/\/hubsch-interior.com\/wp-content\/uploads\/2022\/12\/Hubsch_logo_black_one_line.svg\",\"contentUrl\":\"https:\/\/hubsch-interior.com\/wp-content\/uploads\/2022\/12\/Hubsch_logo_black_one_line.svg\",\"caption\":\"H\u00fcbsch\"},\"image\":{\"@id\":\"https:\/\/hubsch-interior.com\/fr\/#\/schema\/logo\/image\/\"}}]}<\/script>\n<!-- \/ Yoast SEO plugin. -->","yoast_head_json":{"title":"Galaxy Tablette Turquiose\/Bleu\/Gris - H\u00fcbsch","description":"D\u00e9couvrez la Galaxy Tablette, un chef-d'\u0153uvre en placage de fr\u00eane aux nuances turquoise, bleu et gris captivantes, qui transformera n'importe quelle pi\u00e8ce","robots":{"index":"index","follow":"follow","max-snippet":"max-snippet:-1","max-image-preview":"max-image-preview:large","max-video-preview":"max-video-preview:-1"},"canonical":"https:\/\/hubsch-interior.com\/fr\/wp-json\/wp\/v2\/product\/1007152","og_locale":"fr_FR","og_type":"article","og_title":"Galaxy Tablette Turquiose\/Bleu\/Gris - H\u00fcbsch","og_description":"D\u00e9couvrez la Galaxy Tablette, un chef-d'\u0153uvre en placage de fr\u00eane aux nuances turquoise, bleu et gris captivantes, qui transformera n'importe quelle pi\u00e8ce","og_url":"https:\/\/hubsch-interior.com\/fr\/produit\/galaxy-tablette-turquiose-bleu-gris\/","og_site_name":"H\u00fcbsch","article_modified_time":"2026-04-09T02:20:23+00:00","og_image":[{"width":1200,"height":1200,"url":"https:\/\/hubsch-interior.com\/wp-content\/uploads\/2025\/01\/galaxy-shelf-turquiosebluegrey-3f2ef06b704738bc0744622693780006.jpg","type":"image\/jpeg"}],"twitter_card":"summary_large_image","twitter_misc":{"Dur\u00e9e de lecture estim\u00e9e":"1 minute"},"schema":{"@context":"https:\/\/schema.org","@graph":[{"@type":"WebPage","@id":"https:\/\/hubsch-interior.com\/fr\/produit\/galaxy-tablette-turquiose-bleu-gris\/","url":"https:\/\/hubsch-interior.com\/fr\/produit\/galaxy-tablette-turquiose-bleu-gris\/","name":"Galaxy Tablette Turquiose\/Bleu\/Gris - H\u00fcbsch","isPartOf":{"@id":"https:\/\/hubsch-interior.com\/fr\/#website"},"primaryImageOfPage":{"@id":"https:\/\/hubsch-interior.com\/fr\/produit\/galaxy-tablette-turquiose-bleu-gris\/#primaryimage"},"image":{"@id":"https:\/\/hubsch-interior.com\/fr\/produit\/galaxy-tablette-turquiose-bleu-gris\/#primaryimage"},"thumbnailUrl":"https:\/\/hubsch-interior.com\/wp-content\/uploads\/2026\/02\/galaxy-shelf-turquiosebluegrey-101bf8a7d6c7e44670723a013519ff36.jpg","datePublished":"2025-01-17T11:22:53+00:00","dateModified":"2026-04-09T02:20:23+00:00","description":"D\u00e9couvrez la Galaxy Tablette, un chef-d'\u0153uvre en placage de fr\u00eane aux nuances turquoise, bleu et gris captivantes, qui transformera n'importe quelle pi\u00e8ce","breadcrumb":{"@id":"https:\/\/hubsch-interior.com\/fr\/produit\/galaxy-tablette-turquiose-bleu-gris\/#breadcrumb"},"inLanguage":"fr-FR","potentialAction":[{"@type":"ReadAction","target":["https:\/\/hubsch-interior.com\/fr\/produit\/galaxy-tablette-turquiose-bleu-gris\/"]}]},{"@type":"ImageObject","inLanguage":"fr-FR","@id":"https:\/\/hubsch-interior.com\/fr\/produit\/galaxy-tablette-turquiose-bleu-gris\/#primaryimage","url":"https:\/\/hubsch-interior.com\/wp-content\/uploads\/2026\/02\/galaxy-shelf-turquiosebluegrey-101bf8a7d6c7e44670723a013519ff36.jpg","contentUrl":"https:\/\/hubsch-interior.com\/wp-content\/uploads\/2026\/02\/galaxy-shelf-turquiosebluegrey-101bf8a7d6c7e44670723a013519ff36.jpg","width":1024,"height":1024},{"@type":"BreadcrumbList","@id":"https:\/\/hubsch-interior.com\/fr\/produit\/galaxy-tablette-turquiose-bleu-gris\/#breadcrumb","itemListElement":[{"@type":"ListItem","position":1,"name":"Page d'accueil","item":"https:\/\/hubsch-interior.com\/fr\/"},{"@type":"ListItem","position":2,"name":"Produits","item":"https:\/\/hubsch-interior.com\/fr\/shop-2\/"},{"@type":"ListItem","position":3,"name":"Meubles","item":"https:\/\/hubsch-interior.com\/fr\/categorie-produit\/meubles\/"},{"@type":"ListItem","position":4,"name":"Etag&egrave;res et meubles de rangement","item":"https:\/\/hubsch-interior.com\/fr\/categorie-produit\/meubles\/etageres-et-meubles-de-rangement-fr\/"},{"@type":"ListItem","position":5,"name":"Etag&egrave;res murales","item":"https:\/\/hubsch-interior.com\/fr\/categorie-produit\/meubles\/etageres-et-meubles-de-rangement-fr\/etageres-murales-fr\/"},{"@type":"ListItem","position":6,"name":"Galaxy Tablette Turquiose\/Bleu\/Gris"}]},{"@type":"WebSite","@id":"https:\/\/hubsch-interior.com\/fr\/#website","url":"https:\/\/hubsch-interior.com\/fr\/","name":"H\u00fcbsch","description":"Danish Home Interior and Design","publisher":{"@id":"https:\/\/hubsch-interior.com\/fr\/#organization"},"potentialAction":[{"@type":"SearchAction","target":{"@type":"EntryPoint","urlTemplate":"https:\/\/hubsch-interior.com\/fr\/?s={search_term_string}"},"query-input":{"@type":"PropertyValueSpecification","valueRequired":true,"valueName":"search_term_string"}}],"inLanguage":"fr-FR"},{"@type":"Organization","@id":"https:\/\/hubsch-interior.com\/fr\/#organization","name":"H\u00fcbsch","url":"https:\/\/hubsch-interior.com\/fr\/","logo":{"@type":"ImageObject","inLanguage":"fr-FR","@id":"https:\/\/hubsch-interior.com\/fr\/#\/schema\/logo\/image\/","url":"https:\/\/hubsch-interior.com\/wp-content\/uploads\/2022\/12\/Hubsch_logo_black_one_line.svg","contentUrl":"https:\/\/hubsch-interior.com\/wp-content\/uploads\/2022\/12\/Hubsch_logo_black_one_line.svg","caption":"H\u00fcbsch"},"image":{"@id":"https:\/\/hubsch-interior.com\/fr\/#\/schema\/logo\/image\/"}}]}},"_links":{"self":[{"href":"https:\/\/hubsch-interior.com\/fr\/wp-json\/wp\/v2\/product\/1007152","targetHints":{"allow":["GET"]}}],"collection":[{"href":"https:\/\/hubsch-interior.com\/fr\/wp-json\/wp\/v2\/product"}],"about":[{"href":"https:\/\/hubsch-interior.com\/fr\/wp-json\/wp\/v2\/types\/product"}],"wp:featuredmedia":[{"embeddable":true,"href":"https:\/\/hubsch-interior.com\/fr\/wp-json\/wp\/v2\/media\/1094091"}],"wp:attachment":[{"href":"https:\/\/hubsch-interior.com\/fr\/wp-json\/wp\/v2\/media?parent=1007152"}],"wp:term":[{"taxonomy":"product_brand","embeddable":true,"href":"https:\/\/hubsch-interior.com\/fr\/wp-json\/wp\/v2\/product_brand?post=1007152"},{"taxonomy":"product_cat","embeddable":true,"href":"https:\/\/hubsch-interior.com\/fr\/wp-json\/wp\/v2\/product_cat?post=1007152"},{"taxonomy":"product_tag","embeddable":true,"href":"https:\/\/hubsch-interior.com\/fr\/wp-json\/wp\/v2\/product_tag?post=1007152"}],"curies":[{"name":"wp","href":"https:\/\/api.w.org\/{rel}","templated":true}]}}