{"id":1007168,"date":"2025-01-17T12:23:19","date_gmt":"2025-01-17T11:23:19","guid":{"rendered":"https:\/\/hubsch-interior.com\/product\/product\/"},"modified":"2026-04-09T04:20:28","modified_gmt":"2026-04-09T02:20:28","slug":"pep-tablette-jaune-gris","status":"publish","type":"product","link":"https:\/\/hubsch-interior.com\/fr\/produit\/pep-tablette-jaune-gris\/","title":{"rendered":"Pep Tablette Jaune\/Gris"},"content":{"rendered":"<p>Illuminez n&#8217;importe quelle pi\u00e8ce avec la charmante Pep Tablette, arborant de s\u00e9duisants tons jaunes et gris doux. Fabriqu\u00e9e en placage de fr\u00eane certifi\u00e9 FSC, cette \u00e9tag\u00e8re pratique est parfaite pour vos espaces personnels. Utilisez-la dans votre bureau pour organiser des accessoires ou dans la cuisine pour ranger les essentiels de votre coin caf\u00e9, \u00e9pices et th\u00e9s. Plus qu&#8217;utile, son design \u00e9l\u00e9gant en fait \u00e9galement un \u00e9l\u00e9ment de pr\u00e9sentation id\u00e9al, ajoutant une touche de chaleur et de personnalit\u00e9 \u00e0 votre maison.<\/p>\n","protected":false},"excerpt":{"rendered":"<p>Illuminez n&#8217;importe quelle pi\u00e8ce avec la charmante Pep Tablette, arborant de s\u00e9duisants tons jaunes et gris doux. Fabriqu\u00e9e en placage de fr\u00eane certifi\u00e9 FSC, cette \u00e9tag\u00e8re pratique est parfaite pour vos espaces personnels. Utilisez-la dans votre bureau pour organiser des accessoires ou dans la cuisine pour ranger les essentiels de votre coin caf\u00e9, \u00e9pices et [&hellip;]<\/p>\n","protected":false},"featured_media":1094345,"template":"","meta":{"_acf_changed":false,"inline_featured_image":false},"product_brand":[],"product_cat":[7071,7072,6997,6322,4001,4023,5026],"product_tag":[],"class_list":{"0":"post-1007168","1":"product","2":"type-product","3":"status-publish","4":"has-post-thumbnail","6":"product_cat-crochets-et-etageres-fr","7":"product_cat-cuisine-crochets-fr","8":"product_cat-the-buzz-fr","9":"product_cat-fsc-fr","10":"product_cat-etageres-et-meubles-de-rangement-fr","11":"product_cat-etageres-murales-fr","12":"product_cat-bestsellers-fr","13":"product_shipping_class-pk","15":"pa_color-jaune","16":"pa_color-gris-2","17":"pa_material-mdf-fr","18":"pa_material-placage-de-frne","20":"first","21":"instock","22":"featured","23":"taxable","24":"shipping-taxable","25":"purchasable","26":"product-type-simple"},"exclude_global_add_ons":[],"addons":[],"acf":[],"yoast_head":"<!-- This site is optimized with the Yoast SEO plugin v26.4 - https:\/\/yoast.com\/wordpress\/plugins\/seo\/ -->\n<title>Pep Tablette Jaune\/Gris - H\u00fcbsch<\/title>\n<meta name=\"description\" content=\"Illuminez n&#039;importe quelle pi\u00e8ce avec la charmante Pep Tablette, arborant de s\u00e9duisants tons jaunes et gris doux. Fabriqu\u00e9e en placage de fr\u00eane certifi\u00e9\" \/>\n<meta name=\"robots\" content=\"index, follow, max-snippet:-1, max-image-preview:large, max-video-preview:-1\" \/>\n<link rel=\"canonical\" href=\"https:\/\/hubsch-interior.com\/fr\/wp-json\/wp\/v2\/product\/1007168\" \/>\n<meta property=\"og:locale\" content=\"fr_FR\" \/>\n<meta property=\"og:type\" content=\"article\" \/>\n<meta property=\"og:title\" content=\"Pep Tablette Jaune\/Gris - H\u00fcbsch\" \/>\n<meta property=\"og:description\" content=\"Illuminez n&#039;importe quelle pi\u00e8ce avec la charmante Pep Tablette, arborant de s\u00e9duisants tons jaunes et gris doux. Fabriqu\u00e9e en placage de fr\u00eane certifi\u00e9\" \/>\n<meta property=\"og:url\" content=\"https:\/\/hubsch-interior.com\/fr\/produit\/pep-tablette-jaune-gris\/\" \/>\n<meta property=\"og:site_name\" content=\"H\u00fcbsch\" \/>\n<meta property=\"article:modified_time\" content=\"2026-04-09T02:20:28+00:00\" \/>\n<meta property=\"og:image\" content=\"https:\/\/hubsch-interior.com\/wp-content\/uploads\/2025\/01\/pep-shelf-yellowgrey-dd721c9b900d2345c44d6c8ffb528531.jpg\" \/>\n\t<meta property=\"og:image:width\" content=\"1200\" \/>\n\t<meta property=\"og:image:height\" content=\"1200\" \/>\n\t<meta property=\"og:image:type\" content=\"image\/jpeg\" \/>\n<meta name=\"twitter:card\" content=\"summary_large_image\" \/>\n<script type=\"application\/ld+json\" class=\"yoast-schema-graph\">{\"@context\":\"https:\/\/schema.org\",\"@graph\":[{\"@type\":\"WebPage\",\"@id\":\"https:\/\/hubsch-interior.com\/fr\/produit\/pep-tablette-jaune-gris\/\",\"url\":\"https:\/\/hubsch-interior.com\/fr\/produit\/pep-tablette-jaune-gris\/\",\"name\":\"Pep Tablette Jaune\/Gris - H\u00fcbsch\",\"isPartOf\":{\"@id\":\"https:\/\/hubsch-interior.com\/fr\/#website\"},\"primaryImageOfPage\":{\"@id\":\"https:\/\/hubsch-interior.com\/fr\/produit\/pep-tablette-jaune-gris\/#primaryimage\"},\"image\":{\"@id\":\"https:\/\/hubsch-interior.com\/fr\/produit\/pep-tablette-jaune-gris\/#primaryimage\"},\"thumbnailUrl\":\"https:\/\/hubsch-interior.com\/wp-content\/uploads\/2026\/02\/pep-shelf-yellowgrey-ae2f03b7a26f7db009c6aaf90391f89f.jpg\",\"datePublished\":\"2025-01-17T11:23:19+00:00\",\"dateModified\":\"2026-04-09T02:20:28+00:00\",\"description\":\"Illuminez n'importe quelle pi\u00e8ce avec la charmante Pep Tablette, arborant de s\u00e9duisants tons jaunes et gris doux. Fabriqu\u00e9e en placage de fr\u00eane certifi\u00e9\",\"breadcrumb\":{\"@id\":\"https:\/\/hubsch-interior.com\/fr\/produit\/pep-tablette-jaune-gris\/#breadcrumb\"},\"inLanguage\":\"fr-FR\",\"potentialAction\":[{\"@type\":\"ReadAction\",\"target\":[\"https:\/\/hubsch-interior.com\/fr\/produit\/pep-tablette-jaune-gris\/\"]}]},{\"@type\":\"ImageObject\",\"inLanguage\":\"fr-FR\",\"@id\":\"https:\/\/hubsch-interior.com\/fr\/produit\/pep-tablette-jaune-gris\/#primaryimage\",\"url\":\"https:\/\/hubsch-interior.com\/wp-content\/uploads\/2026\/02\/pep-shelf-yellowgrey-ae2f03b7a26f7db009c6aaf90391f89f.jpg\",\"contentUrl\":\"https:\/\/hubsch-interior.com\/wp-content\/uploads\/2026\/02\/pep-shelf-yellowgrey-ae2f03b7a26f7db009c6aaf90391f89f.jpg\",\"width\":1024,\"height\":1024},{\"@type\":\"BreadcrumbList\",\"@id\":\"https:\/\/hubsch-interior.com\/fr\/produit\/pep-tablette-jaune-gris\/#breadcrumb\",\"itemListElement\":[{\"@type\":\"ListItem\",\"position\":1,\"name\":\"Page d'accueil\",\"item\":\"https:\/\/hubsch-interior.com\/fr\/\"},{\"@type\":\"ListItem\",\"position\":2,\"name\":\"Produits\",\"item\":\"https:\/\/hubsch-interior.com\/fr\/shop-2\/\"},{\"@type\":\"ListItem\",\"position\":3,\"name\":\"Meubles\",\"item\":\"https:\/\/hubsch-interior.com\/fr\/categorie-produit\/meubles\/\"},{\"@type\":\"ListItem\",\"position\":4,\"name\":\"Etag&egrave;res et meubles de rangement\",\"item\":\"https:\/\/hubsch-interior.com\/fr\/categorie-produit\/meubles\/etageres-et-meubles-de-rangement-fr\/\"},{\"@type\":\"ListItem\",\"position\":5,\"name\":\"Etag&egrave;res murales\",\"item\":\"https:\/\/hubsch-interior.com\/fr\/categorie-produit\/meubles\/etageres-et-meubles-de-rangement-fr\/etageres-murales-fr\/\"},{\"@type\":\"ListItem\",\"position\":6,\"name\":\"Pep Tablette Jaune\/Gris\"}]},{\"@type\":\"WebSite\",\"@id\":\"https:\/\/hubsch-interior.com\/fr\/#website\",\"url\":\"https:\/\/hubsch-interior.com\/fr\/\",\"name\":\"H\u00fcbsch\",\"description\":\"Danish Home Interior and Design\",\"publisher\":{\"@id\":\"https:\/\/hubsch-interior.com\/fr\/#organization\"},\"potentialAction\":[{\"@type\":\"SearchAction\",\"target\":{\"@type\":\"EntryPoint\",\"urlTemplate\":\"https:\/\/hubsch-interior.com\/fr\/?s={search_term_string}\"},\"query-input\":{\"@type\":\"PropertyValueSpecification\",\"valueRequired\":true,\"valueName\":\"search_term_string\"}}],\"inLanguage\":\"fr-FR\"},{\"@type\":\"Organization\",\"@id\":\"https:\/\/hubsch-interior.com\/fr\/#organization\",\"name\":\"H\u00fcbsch\",\"url\":\"https:\/\/hubsch-interior.com\/fr\/\",\"logo\":{\"@type\":\"ImageObject\",\"inLanguage\":\"fr-FR\",\"@id\":\"https:\/\/hubsch-interior.com\/fr\/#\/schema\/logo\/image\/\",\"url\":\"https:\/\/hubsch-interior.com\/wp-content\/uploads\/2022\/12\/Hubsch_logo_black_one_line.svg\",\"contentUrl\":\"https:\/\/hubsch-interior.com\/wp-content\/uploads\/2022\/12\/Hubsch_logo_black_one_line.svg\",\"caption\":\"H\u00fcbsch\"},\"image\":{\"@id\":\"https:\/\/hubsch-interior.com\/fr\/#\/schema\/logo\/image\/\"}}]}<\/script>\n<!-- \/ Yoast SEO plugin. -->","yoast_head_json":{"title":"Pep Tablette Jaune\/Gris - H\u00fcbsch","description":"Illuminez n'importe quelle pi\u00e8ce avec la charmante Pep Tablette, arborant de s\u00e9duisants tons jaunes et gris doux. Fabriqu\u00e9e en placage de fr\u00eane certifi\u00e9","robots":{"index":"index","follow":"follow","max-snippet":"max-snippet:-1","max-image-preview":"max-image-preview:large","max-video-preview":"max-video-preview:-1"},"canonical":"https:\/\/hubsch-interior.com\/fr\/wp-json\/wp\/v2\/product\/1007168","og_locale":"fr_FR","og_type":"article","og_title":"Pep Tablette Jaune\/Gris - H\u00fcbsch","og_description":"Illuminez n'importe quelle pi\u00e8ce avec la charmante Pep Tablette, arborant de s\u00e9duisants tons jaunes et gris doux. Fabriqu\u00e9e en placage de fr\u00eane certifi\u00e9","og_url":"https:\/\/hubsch-interior.com\/fr\/produit\/pep-tablette-jaune-gris\/","og_site_name":"H\u00fcbsch","article_modified_time":"2026-04-09T02:20:28+00:00","og_image":[{"width":1200,"height":1200,"url":"https:\/\/hubsch-interior.com\/wp-content\/uploads\/2025\/01\/pep-shelf-yellowgrey-dd721c9b900d2345c44d6c8ffb528531.jpg","type":"image\/jpeg"}],"twitter_card":"summary_large_image","schema":{"@context":"https:\/\/schema.org","@graph":[{"@type":"WebPage","@id":"https:\/\/hubsch-interior.com\/fr\/produit\/pep-tablette-jaune-gris\/","url":"https:\/\/hubsch-interior.com\/fr\/produit\/pep-tablette-jaune-gris\/","name":"Pep Tablette Jaune\/Gris - H\u00fcbsch","isPartOf":{"@id":"https:\/\/hubsch-interior.com\/fr\/#website"},"primaryImageOfPage":{"@id":"https:\/\/hubsch-interior.com\/fr\/produit\/pep-tablette-jaune-gris\/#primaryimage"},"image":{"@id":"https:\/\/hubsch-interior.com\/fr\/produit\/pep-tablette-jaune-gris\/#primaryimage"},"thumbnailUrl":"https:\/\/hubsch-interior.com\/wp-content\/uploads\/2026\/02\/pep-shelf-yellowgrey-ae2f03b7a26f7db009c6aaf90391f89f.jpg","datePublished":"2025-01-17T11:23:19+00:00","dateModified":"2026-04-09T02:20:28+00:00","description":"Illuminez n'importe quelle pi\u00e8ce avec la charmante Pep Tablette, arborant de s\u00e9duisants tons jaunes et gris doux. Fabriqu\u00e9e en placage de fr\u00eane certifi\u00e9","breadcrumb":{"@id":"https:\/\/hubsch-interior.com\/fr\/produit\/pep-tablette-jaune-gris\/#breadcrumb"},"inLanguage":"fr-FR","potentialAction":[{"@type":"ReadAction","target":["https:\/\/hubsch-interior.com\/fr\/produit\/pep-tablette-jaune-gris\/"]}]},{"@type":"ImageObject","inLanguage":"fr-FR","@id":"https:\/\/hubsch-interior.com\/fr\/produit\/pep-tablette-jaune-gris\/#primaryimage","url":"https:\/\/hubsch-interior.com\/wp-content\/uploads\/2026\/02\/pep-shelf-yellowgrey-ae2f03b7a26f7db009c6aaf90391f89f.jpg","contentUrl":"https:\/\/hubsch-interior.com\/wp-content\/uploads\/2026\/02\/pep-shelf-yellowgrey-ae2f03b7a26f7db009c6aaf90391f89f.jpg","width":1024,"height":1024},{"@type":"BreadcrumbList","@id":"https:\/\/hubsch-interior.com\/fr\/produit\/pep-tablette-jaune-gris\/#breadcrumb","itemListElement":[{"@type":"ListItem","position":1,"name":"Page d'accueil","item":"https:\/\/hubsch-interior.com\/fr\/"},{"@type":"ListItem","position":2,"name":"Produits","item":"https:\/\/hubsch-interior.com\/fr\/shop-2\/"},{"@type":"ListItem","position":3,"name":"Meubles","item":"https:\/\/hubsch-interior.com\/fr\/categorie-produit\/meubles\/"},{"@type":"ListItem","position":4,"name":"Etag&egrave;res et meubles de rangement","item":"https:\/\/hubsch-interior.com\/fr\/categorie-produit\/meubles\/etageres-et-meubles-de-rangement-fr\/"},{"@type":"ListItem","position":5,"name":"Etag&egrave;res murales","item":"https:\/\/hubsch-interior.com\/fr\/categorie-produit\/meubles\/etageres-et-meubles-de-rangement-fr\/etageres-murales-fr\/"},{"@type":"ListItem","position":6,"name":"Pep Tablette Jaune\/Gris"}]},{"@type":"WebSite","@id":"https:\/\/hubsch-interior.com\/fr\/#website","url":"https:\/\/hubsch-interior.com\/fr\/","name":"H\u00fcbsch","description":"Danish Home Interior and Design","publisher":{"@id":"https:\/\/hubsch-interior.com\/fr\/#organization"},"potentialAction":[{"@type":"SearchAction","target":{"@type":"EntryPoint","urlTemplate":"https:\/\/hubsch-interior.com\/fr\/?s={search_term_string}"},"query-input":{"@type":"PropertyValueSpecification","valueRequired":true,"valueName":"search_term_string"}}],"inLanguage":"fr-FR"},{"@type":"Organization","@id":"https:\/\/hubsch-interior.com\/fr\/#organization","name":"H\u00fcbsch","url":"https:\/\/hubsch-interior.com\/fr\/","logo":{"@type":"ImageObject","inLanguage":"fr-FR","@id":"https:\/\/hubsch-interior.com\/fr\/#\/schema\/logo\/image\/","url":"https:\/\/hubsch-interior.com\/wp-content\/uploads\/2022\/12\/Hubsch_logo_black_one_line.svg","contentUrl":"https:\/\/hubsch-interior.com\/wp-content\/uploads\/2022\/12\/Hubsch_logo_black_one_line.svg","caption":"H\u00fcbsch"},"image":{"@id":"https:\/\/hubsch-interior.com\/fr\/#\/schema\/logo\/image\/"}}]}},"_links":{"self":[{"href":"https:\/\/hubsch-interior.com\/fr\/wp-json\/wp\/v2\/product\/1007168","targetHints":{"allow":["GET"]}}],"collection":[{"href":"https:\/\/hubsch-interior.com\/fr\/wp-json\/wp\/v2\/product"}],"about":[{"href":"https:\/\/hubsch-interior.com\/fr\/wp-json\/wp\/v2\/types\/product"}],"wp:featuredmedia":[{"embeddable":true,"href":"https:\/\/hubsch-interior.com\/fr\/wp-json\/wp\/v2\/media\/1094345"}],"wp:attachment":[{"href":"https:\/\/hubsch-interior.com\/fr\/wp-json\/wp\/v2\/media?parent=1007168"}],"wp:term":[{"taxonomy":"product_brand","embeddable":true,"href":"https:\/\/hubsch-interior.com\/fr\/wp-json\/wp\/v2\/product_brand?post=1007168"},{"taxonomy":"product_cat","embeddable":true,"href":"https:\/\/hubsch-interior.com\/fr\/wp-json\/wp\/v2\/product_cat?post=1007168"},{"taxonomy":"product_tag","embeddable":true,"href":"https:\/\/hubsch-interior.com\/fr\/wp-json\/wp\/v2\/product_tag?post=1007168"}],"curies":[{"name":"wp","href":"https:\/\/api.w.org\/{rel}","templated":true}]}}