{"id":1007537,"date":"2025-01-20T13:21:47","date_gmt":"2025-01-20T12:21:47","guid":{"rendered":"https:\/\/hubsch-interior.com\/product\/product\/"},"modified":"2026-04-09T04:20:35","modified_gmt":"2026-04-09T02:20:35","slug":"koi-bureau-vert-gris","status":"publish","type":"product","link":"https:\/\/hubsch-interior.com\/fr\/produit\/koi-bureau-vert-gris\/","title":{"rendered":"Koi Bureau Vert\/Gris"},"content":{"rendered":"<p>D\u00e9couvrez le Bureau Koi, un bijou mural pratique qui ne prend pas de place au sol, id\u00e9al pour ces jours de travail \u00e0 la maison. Fabriqu\u00e9 en bois certifi\u00e9 FSC avec un placage en fr\u00eane \u00e9l\u00e9gant et des accents m\u00e9talliques solides, ce bureau allie fonctionnalit\u00e9 et esth\u00e9tique gr\u00e2ce \u00e0 un m\u00e9lange de mat\u00e9riaux raffin\u00e9s. Sa teinte douce vert\/gris am\u00e9liore l&#8217;ambiance de toute pi\u00e8ce. Pour un aspect homog\u00e8ne, associez-le \u00e0 l&#8217;\u00e9tag\u00e8re Koi pour cr\u00e9er un ensemble de bureau complet aussi productif qu&#8217;agr\u00e9able.<\/p>\n","protected":false},"excerpt":{"rendered":"<p>D\u00e9couvrez le Bureau Koi, un bijou mural pratique qui ne prend pas de place au sol, id\u00e9al pour ces jours de travail \u00e0 la maison. Fabriqu\u00e9 en bois certifi\u00e9 FSC avec un placage en fr\u00eane \u00e9l\u00e9gant et des accents m\u00e9talliques solides, ce bureau allie fonctionnalit\u00e9 et esth\u00e9tique gr\u00e2ce \u00e0 un m\u00e9lange de mat\u00e9riaux raffin\u00e9s. Sa [&hellip;]<\/p>\n","protected":false},"featured_media":1094361,"template":"","meta":{"_acf_changed":false,"inline_featured_image":false},"product_brand":[],"product_cat":[6997,6322,2859,2905,4001,4023,5026],"product_tag":[],"class_list":{"0":"post-1007537","1":"product","2":"type-product","3":"status-publish","4":"has-post-thumbnail","6":"product_cat-the-buzz-fr","7":"product_cat-fsc-fr","8":"product_cat-tables-fr","9":"product_cat-bureaux-fr","10":"product_cat-etageres-et-meubles-de-rangement-fr","11":"product_cat-etageres-murales-fr","12":"product_cat-bestsellers-fr","13":"product_shipping_class-pk","15":"pa_color-gris-2","16":"pa_color-vert-2","17":"pa_material-fer-fr","18":"pa_material-mdf-fr","19":"pa_material-placage-de-frne","21":"first","22":"instock","23":"featured","24":"taxable","25":"shipping-taxable","26":"purchasable","27":"product-type-simple"},"exclude_global_add_ons":[],"addons":[],"acf":[],"yoast_head":"<!-- This site is optimized with the Yoast SEO plugin v26.4 - https:\/\/yoast.com\/wordpress\/plugins\/seo\/ -->\n<title>Koi Bureau Vert\/Gris - H\u00fcbsch<\/title>\n<meta name=\"description\" content=\"D\u00e9couvrez le Bureau Koi, un bijou mural pratique qui ne prend pas de place au sol, id\u00e9al pour ces jours de travail \u00e0 la maison. Fabriqu\u00e9 en bois certifi\u00e9\" \/>\n<meta name=\"robots\" content=\"index, follow, max-snippet:-1, max-image-preview:large, max-video-preview:-1\" \/>\n<link rel=\"canonical\" href=\"https:\/\/hubsch-interior.com\/fr\/wp-json\/wp\/v2\/product\/1007537\" \/>\n<meta property=\"og:locale\" content=\"fr_FR\" \/>\n<meta property=\"og:type\" content=\"article\" \/>\n<meta property=\"og:title\" content=\"Koi Bureau Vert\/Gris - H\u00fcbsch\" \/>\n<meta property=\"og:description\" content=\"D\u00e9couvrez le Bureau Koi, un bijou mural pratique qui ne prend pas de place au sol, id\u00e9al pour ces jours de travail \u00e0 la maison. Fabriqu\u00e9 en bois certifi\u00e9\" \/>\n<meta property=\"og:url\" content=\"https:\/\/hubsch-interior.com\/fr\/produit\/koi-bureau-vert-gris\/\" \/>\n<meta property=\"og:site_name\" content=\"H\u00fcbsch\" \/>\n<meta property=\"article:modified_time\" content=\"2026-04-09T02:20:35+00:00\" \/>\n<meta property=\"og:image\" content=\"https:\/\/hubsch-interior.com\/wp-content\/uploads\/2025\/01\/koi-desk-greengrey-0534d5a0e83c3a02456b3a40a5e2b240.jpg\" \/>\n\t<meta property=\"og:image:width\" content=\"1200\" \/>\n\t<meta property=\"og:image:height\" content=\"1200\" \/>\n\t<meta property=\"og:image:type\" content=\"image\/jpeg\" \/>\n<meta name=\"twitter:card\" content=\"summary_large_image\" \/>\n<script type=\"application\/ld+json\" class=\"yoast-schema-graph\">{\"@context\":\"https:\/\/schema.org\",\"@graph\":[{\"@type\":\"WebPage\",\"@id\":\"https:\/\/hubsch-interior.com\/fr\/produit\/koi-bureau-vert-gris\/\",\"url\":\"https:\/\/hubsch-interior.com\/fr\/produit\/koi-bureau-vert-gris\/\",\"name\":\"Koi Bureau Vert\/Gris - H\u00fcbsch\",\"isPartOf\":{\"@id\":\"https:\/\/hubsch-interior.com\/fr\/#website\"},\"primaryImageOfPage\":{\"@id\":\"https:\/\/hubsch-interior.com\/fr\/produit\/koi-bureau-vert-gris\/#primaryimage\"},\"image\":{\"@id\":\"https:\/\/hubsch-interior.com\/fr\/produit\/koi-bureau-vert-gris\/#primaryimage\"},\"thumbnailUrl\":\"https:\/\/hubsch-interior.com\/wp-content\/uploads\/2026\/02\/koi-desk-greengrey-f3c850625a76f0322a9bb97a5a7c005f.jpg\",\"datePublished\":\"2025-01-20T12:21:47+00:00\",\"dateModified\":\"2026-04-09T02:20:35+00:00\",\"description\":\"D\u00e9couvrez le Bureau Koi, un bijou mural pratique qui ne prend pas de place au sol, id\u00e9al pour ces jours de travail \u00e0 la maison. Fabriqu\u00e9 en bois certifi\u00e9\",\"breadcrumb\":{\"@id\":\"https:\/\/hubsch-interior.com\/fr\/produit\/koi-bureau-vert-gris\/#breadcrumb\"},\"inLanguage\":\"fr-FR\",\"potentialAction\":[{\"@type\":\"ReadAction\",\"target\":[\"https:\/\/hubsch-interior.com\/fr\/produit\/koi-bureau-vert-gris\/\"]}]},{\"@type\":\"ImageObject\",\"inLanguage\":\"fr-FR\",\"@id\":\"https:\/\/hubsch-interior.com\/fr\/produit\/koi-bureau-vert-gris\/#primaryimage\",\"url\":\"https:\/\/hubsch-interior.com\/wp-content\/uploads\/2026\/02\/koi-desk-greengrey-f3c850625a76f0322a9bb97a5a7c005f.jpg\",\"contentUrl\":\"https:\/\/hubsch-interior.com\/wp-content\/uploads\/2026\/02\/koi-desk-greengrey-f3c850625a76f0322a9bb97a5a7c005f.jpg\",\"width\":1024,\"height\":1024},{\"@type\":\"BreadcrumbList\",\"@id\":\"https:\/\/hubsch-interior.com\/fr\/produit\/koi-bureau-vert-gris\/#breadcrumb\",\"itemListElement\":[{\"@type\":\"ListItem\",\"position\":1,\"name\":\"Page d'accueil\",\"item\":\"https:\/\/hubsch-interior.com\/fr\/\"},{\"@type\":\"ListItem\",\"position\":2,\"name\":\"Produits\",\"item\":\"https:\/\/hubsch-interior.com\/fr\/shop-2\/\"},{\"@type\":\"ListItem\",\"position\":3,\"name\":\"Meubles\",\"item\":\"https:\/\/hubsch-interior.com\/fr\/categorie-produit\/meubles\/\"},{\"@type\":\"ListItem\",\"position\":4,\"name\":\"Tables\",\"item\":\"https:\/\/hubsch-interior.com\/fr\/categorie-produit\/meubles\/tables-fr\/\"},{\"@type\":\"ListItem\",\"position\":5,\"name\":\"Bureaux\",\"item\":\"https:\/\/hubsch-interior.com\/fr\/categorie-produit\/meubles\/tables-fr\/bureaux-fr\/\"},{\"@type\":\"ListItem\",\"position\":6,\"name\":\"Koi Bureau Vert\/Gris\"}]},{\"@type\":\"WebSite\",\"@id\":\"https:\/\/hubsch-interior.com\/fr\/#website\",\"url\":\"https:\/\/hubsch-interior.com\/fr\/\",\"name\":\"H\u00fcbsch\",\"description\":\"Danish Home Interior and Design\",\"publisher\":{\"@id\":\"https:\/\/hubsch-interior.com\/fr\/#organization\"},\"potentialAction\":[{\"@type\":\"SearchAction\",\"target\":{\"@type\":\"EntryPoint\",\"urlTemplate\":\"https:\/\/hubsch-interior.com\/fr\/?s={search_term_string}\"},\"query-input\":{\"@type\":\"PropertyValueSpecification\",\"valueRequired\":true,\"valueName\":\"search_term_string\"}}],\"inLanguage\":\"fr-FR\"},{\"@type\":\"Organization\",\"@id\":\"https:\/\/hubsch-interior.com\/fr\/#organization\",\"name\":\"H\u00fcbsch\",\"url\":\"https:\/\/hubsch-interior.com\/fr\/\",\"logo\":{\"@type\":\"ImageObject\",\"inLanguage\":\"fr-FR\",\"@id\":\"https:\/\/hubsch-interior.com\/fr\/#\/schema\/logo\/image\/\",\"url\":\"https:\/\/hubsch-interior.com\/wp-content\/uploads\/2022\/12\/Hubsch_logo_black_one_line.svg\",\"contentUrl\":\"https:\/\/hubsch-interior.com\/wp-content\/uploads\/2022\/12\/Hubsch_logo_black_one_line.svg\",\"caption\":\"H\u00fcbsch\"},\"image\":{\"@id\":\"https:\/\/hubsch-interior.com\/fr\/#\/schema\/logo\/image\/\"}}]}<\/script>\n<!-- \/ Yoast SEO plugin. -->","yoast_head_json":{"title":"Koi Bureau Vert\/Gris - H\u00fcbsch","description":"D\u00e9couvrez le Bureau Koi, un bijou mural pratique qui ne prend pas de place au sol, id\u00e9al pour ces jours de travail \u00e0 la maison. Fabriqu\u00e9 en bois certifi\u00e9","robots":{"index":"index","follow":"follow","max-snippet":"max-snippet:-1","max-image-preview":"max-image-preview:large","max-video-preview":"max-video-preview:-1"},"canonical":"https:\/\/hubsch-interior.com\/fr\/wp-json\/wp\/v2\/product\/1007537","og_locale":"fr_FR","og_type":"article","og_title":"Koi Bureau Vert\/Gris - H\u00fcbsch","og_description":"D\u00e9couvrez le Bureau Koi, un bijou mural pratique qui ne prend pas de place au sol, id\u00e9al pour ces jours de travail \u00e0 la maison. Fabriqu\u00e9 en bois certifi\u00e9","og_url":"https:\/\/hubsch-interior.com\/fr\/produit\/koi-bureau-vert-gris\/","og_site_name":"H\u00fcbsch","article_modified_time":"2026-04-09T02:20:35+00:00","og_image":[{"width":1200,"height":1200,"url":"https:\/\/hubsch-interior.com\/wp-content\/uploads\/2025\/01\/koi-desk-greengrey-0534d5a0e83c3a02456b3a40a5e2b240.jpg","type":"image\/jpeg"}],"twitter_card":"summary_large_image","schema":{"@context":"https:\/\/schema.org","@graph":[{"@type":"WebPage","@id":"https:\/\/hubsch-interior.com\/fr\/produit\/koi-bureau-vert-gris\/","url":"https:\/\/hubsch-interior.com\/fr\/produit\/koi-bureau-vert-gris\/","name":"Koi Bureau Vert\/Gris - H\u00fcbsch","isPartOf":{"@id":"https:\/\/hubsch-interior.com\/fr\/#website"},"primaryImageOfPage":{"@id":"https:\/\/hubsch-interior.com\/fr\/produit\/koi-bureau-vert-gris\/#primaryimage"},"image":{"@id":"https:\/\/hubsch-interior.com\/fr\/produit\/koi-bureau-vert-gris\/#primaryimage"},"thumbnailUrl":"https:\/\/hubsch-interior.com\/wp-content\/uploads\/2026\/02\/koi-desk-greengrey-f3c850625a76f0322a9bb97a5a7c005f.jpg","datePublished":"2025-01-20T12:21:47+00:00","dateModified":"2026-04-09T02:20:35+00:00","description":"D\u00e9couvrez le Bureau Koi, un bijou mural pratique qui ne prend pas de place au sol, id\u00e9al pour ces jours de travail \u00e0 la maison. Fabriqu\u00e9 en bois certifi\u00e9","breadcrumb":{"@id":"https:\/\/hubsch-interior.com\/fr\/produit\/koi-bureau-vert-gris\/#breadcrumb"},"inLanguage":"fr-FR","potentialAction":[{"@type":"ReadAction","target":["https:\/\/hubsch-interior.com\/fr\/produit\/koi-bureau-vert-gris\/"]}]},{"@type":"ImageObject","inLanguage":"fr-FR","@id":"https:\/\/hubsch-interior.com\/fr\/produit\/koi-bureau-vert-gris\/#primaryimage","url":"https:\/\/hubsch-interior.com\/wp-content\/uploads\/2026\/02\/koi-desk-greengrey-f3c850625a76f0322a9bb97a5a7c005f.jpg","contentUrl":"https:\/\/hubsch-interior.com\/wp-content\/uploads\/2026\/02\/koi-desk-greengrey-f3c850625a76f0322a9bb97a5a7c005f.jpg","width":1024,"height":1024},{"@type":"BreadcrumbList","@id":"https:\/\/hubsch-interior.com\/fr\/produit\/koi-bureau-vert-gris\/#breadcrumb","itemListElement":[{"@type":"ListItem","position":1,"name":"Page d'accueil","item":"https:\/\/hubsch-interior.com\/fr\/"},{"@type":"ListItem","position":2,"name":"Produits","item":"https:\/\/hubsch-interior.com\/fr\/shop-2\/"},{"@type":"ListItem","position":3,"name":"Meubles","item":"https:\/\/hubsch-interior.com\/fr\/categorie-produit\/meubles\/"},{"@type":"ListItem","position":4,"name":"Tables","item":"https:\/\/hubsch-interior.com\/fr\/categorie-produit\/meubles\/tables-fr\/"},{"@type":"ListItem","position":5,"name":"Bureaux","item":"https:\/\/hubsch-interior.com\/fr\/categorie-produit\/meubles\/tables-fr\/bureaux-fr\/"},{"@type":"ListItem","position":6,"name":"Koi Bureau Vert\/Gris"}]},{"@type":"WebSite","@id":"https:\/\/hubsch-interior.com\/fr\/#website","url":"https:\/\/hubsch-interior.com\/fr\/","name":"H\u00fcbsch","description":"Danish Home Interior and Design","publisher":{"@id":"https:\/\/hubsch-interior.com\/fr\/#organization"},"potentialAction":[{"@type":"SearchAction","target":{"@type":"EntryPoint","urlTemplate":"https:\/\/hubsch-interior.com\/fr\/?s={search_term_string}"},"query-input":{"@type":"PropertyValueSpecification","valueRequired":true,"valueName":"search_term_string"}}],"inLanguage":"fr-FR"},{"@type":"Organization","@id":"https:\/\/hubsch-interior.com\/fr\/#organization","name":"H\u00fcbsch","url":"https:\/\/hubsch-interior.com\/fr\/","logo":{"@type":"ImageObject","inLanguage":"fr-FR","@id":"https:\/\/hubsch-interior.com\/fr\/#\/schema\/logo\/image\/","url":"https:\/\/hubsch-interior.com\/wp-content\/uploads\/2022\/12\/Hubsch_logo_black_one_line.svg","contentUrl":"https:\/\/hubsch-interior.com\/wp-content\/uploads\/2022\/12\/Hubsch_logo_black_one_line.svg","caption":"H\u00fcbsch"},"image":{"@id":"https:\/\/hubsch-interior.com\/fr\/#\/schema\/logo\/image\/"}}]}},"_links":{"self":[{"href":"https:\/\/hubsch-interior.com\/fr\/wp-json\/wp\/v2\/product\/1007537","targetHints":{"allow":["GET"]}}],"collection":[{"href":"https:\/\/hubsch-interior.com\/fr\/wp-json\/wp\/v2\/product"}],"about":[{"href":"https:\/\/hubsch-interior.com\/fr\/wp-json\/wp\/v2\/types\/product"}],"wp:featuredmedia":[{"embeddable":true,"href":"https:\/\/hubsch-interior.com\/fr\/wp-json\/wp\/v2\/media\/1094361"}],"wp:attachment":[{"href":"https:\/\/hubsch-interior.com\/fr\/wp-json\/wp\/v2\/media?parent=1007537"}],"wp:term":[{"taxonomy":"product_brand","embeddable":true,"href":"https:\/\/hubsch-interior.com\/fr\/wp-json\/wp\/v2\/product_brand?post=1007537"},{"taxonomy":"product_cat","embeddable":true,"href":"https:\/\/hubsch-interior.com\/fr\/wp-json\/wp\/v2\/product_cat?post=1007537"},{"taxonomy":"product_tag","embeddable":true,"href":"https:\/\/hubsch-interior.com\/fr\/wp-json\/wp\/v2\/product_tag?post=1007537"}],"curies":[{"name":"wp","href":"https:\/\/api.w.org\/{rel}","templated":true}]}}