{"id":1007601,"date":"2025-01-20T13:23:28","date_gmt":"2025-01-20T12:23:28","guid":{"rendered":"https:\/\/hubsch-interior.com\/product\/product\/"},"modified":"2026-04-09T04:20:48","modified_gmt":"2026-04-09T02:20:48","slug":"koi-banc-bleu-bleu-fonce","status":"publish","type":"product","link":"https:\/\/hubsch-interior.com\/fr\/produit\/koi-banc-bleu-bleu-fonce\/","title":{"rendered":"Koi Banc Bleu\/Bleu fonc\u00e9"},"content":{"rendered":"<p>D\u00e9couvrez le charme du Koi Banc, o\u00f9 les tons bleus se m\u00ealent harmonieusement. Cette pi\u00e8ce exquise, fabriqu\u00e9e en bois certifi\u00e9 FSC avec placage de fr\u00eane et m\u00e9tal robuste, offre non seulement un r\u00e9gal visuel mais aussi une solution pratique. Son \u00e9l\u00e9gance bicolore cr\u00e9e l&#8217;endroit parfait pour s&#8217;asseoir dans votre entr\u00e9e, id\u00e9alement plac\u00e9 sous une rang\u00e9e de chaussures ou des paniers de rangement \u00e9l\u00e9gants. Laissez-vous s\u00e9duire par ce m\u00e9lange de mat\u00e9riaux dans votre maison, am\u00e9liorant la fonctionnalit\u00e9 quotidienne avec une touche de finesse.<\/p>\n","protected":false},"excerpt":{"rendered":"<p>D\u00e9couvrez le charme du Koi Banc, o\u00f9 les tons bleus se m\u00ealent harmonieusement. Cette pi\u00e8ce exquise, fabriqu\u00e9e en bois certifi\u00e9 FSC avec placage de fr\u00eane et m\u00e9tal robuste, offre non seulement un r\u00e9gal visuel mais aussi une solution pratique. Son \u00e9l\u00e9gance bicolore cr\u00e9e l&#8217;endroit parfait pour s&#8217;asseoir dans votre entr\u00e9e, id\u00e9alement plac\u00e9 sous une rang\u00e9e [&hellip;]<\/p>\n","protected":false},"featured_media":1094409,"template":"","meta":{"_acf_changed":false,"inline_featured_image":false},"product_brand":[],"product_cat":[6997,6322,2843,2877,5026],"product_tag":[],"class_list":{"0":"post-1007601","1":"product","2":"type-product","3":"status-publish","4":"has-post-thumbnail","6":"product_cat-the-buzz-fr","7":"product_cat-fsc-fr","8":"product_cat-assises-fr","9":"product_cat-bancs-fr","10":"product_cat-bestsellers-fr","11":"product_shipping_class-pk","13":"pa_color-bleu-2","14":"pa_color-bleu-fonc-2","15":"pa_material-fer-fr","16":"pa_material-mdf-fr","17":"pa_material-placage-de-frne","19":"first","20":"instock","21":"featured","22":"taxable","23":"shipping-taxable","24":"purchasable","25":"product-type-simple"},"exclude_global_add_ons":[],"addons":[],"acf":[],"yoast_head":"<!-- This site is optimized with the Yoast SEO plugin v26.4 - https:\/\/yoast.com\/wordpress\/plugins\/seo\/ -->\n<title>Koi Banc Bleu\/Bleu fonc\u00e9 - H\u00fcbsch<\/title>\n<meta name=\"description\" content=\"D\u00e9couvrez le charme du Koi Banc, o\u00f9 les tons bleus se m\u00ealent harmonieusement. Cette pi\u00e8ce exquise, fabriqu\u00e9e en bois certifi\u00e9 FSC avec placage de fr\u00eane et\" \/>\n<meta name=\"robots\" content=\"index, follow, max-snippet:-1, max-image-preview:large, max-video-preview:-1\" \/>\n<link rel=\"canonical\" href=\"https:\/\/hubsch-interior.com\/fr\/wp-json\/wp\/v2\/product\/1007601\" \/>\n<meta property=\"og:locale\" content=\"fr_FR\" \/>\n<meta property=\"og:type\" content=\"article\" \/>\n<meta property=\"og:title\" content=\"Koi Banc Bleu\/Bleu fonc\u00e9 - H\u00fcbsch\" \/>\n<meta property=\"og:description\" content=\"D\u00e9couvrez le charme du Koi Banc, o\u00f9 les tons bleus se m\u00ealent harmonieusement. Cette pi\u00e8ce exquise, fabriqu\u00e9e en bois certifi\u00e9 FSC avec placage de fr\u00eane et\" \/>\n<meta property=\"og:url\" content=\"https:\/\/hubsch-interior.com\/fr\/produit\/koi-banc-bleu-bleu-fonce\/\" \/>\n<meta property=\"og:site_name\" content=\"H\u00fcbsch\" \/>\n<meta property=\"article:modified_time\" content=\"2026-04-09T02:20:48+00:00\" \/>\n<meta property=\"og:image\" content=\"https:\/\/hubsch-interior.com\/wp-content\/uploads\/2025\/01\/koi-bench-bluedark-blue-8a3f7cb1ebc53d1bf3b5d82478d7314c.jpg\" \/>\n\t<meta property=\"og:image:width\" content=\"1200\" \/>\n\t<meta property=\"og:image:height\" content=\"1200\" \/>\n\t<meta property=\"og:image:type\" content=\"image\/jpeg\" \/>\n<meta name=\"twitter:card\" content=\"summary_large_image\" \/>\n<script type=\"application\/ld+json\" class=\"yoast-schema-graph\">{\"@context\":\"https:\/\/schema.org\",\"@graph\":[{\"@type\":\"WebPage\",\"@id\":\"https:\/\/hubsch-interior.com\/fr\/produit\/koi-banc-bleu-bleu-fonce\/\",\"url\":\"https:\/\/hubsch-interior.com\/fr\/produit\/koi-banc-bleu-bleu-fonce\/\",\"name\":\"Koi Banc Bleu\/Bleu fonc\u00e9 - H\u00fcbsch\",\"isPartOf\":{\"@id\":\"https:\/\/hubsch-interior.com\/fr\/#website\"},\"primaryImageOfPage\":{\"@id\":\"https:\/\/hubsch-interior.com\/fr\/produit\/koi-banc-bleu-bleu-fonce\/#primaryimage\"},\"image\":{\"@id\":\"https:\/\/hubsch-interior.com\/fr\/produit\/koi-banc-bleu-bleu-fonce\/#primaryimage\"},\"thumbnailUrl\":\"https:\/\/hubsch-interior.com\/wp-content\/uploads\/2026\/02\/koi-bench-bluedark-blue-03017f6fe6c10e43dcbd73351176ac7c.jpg\",\"datePublished\":\"2025-01-20T12:23:28+00:00\",\"dateModified\":\"2026-04-09T02:20:48+00:00\",\"description\":\"D\u00e9couvrez le charme du Koi Banc, o\u00f9 les tons bleus se m\u00ealent harmonieusement. Cette pi\u00e8ce exquise, fabriqu\u00e9e en bois certifi\u00e9 FSC avec placage de fr\u00eane et\",\"breadcrumb\":{\"@id\":\"https:\/\/hubsch-interior.com\/fr\/produit\/koi-banc-bleu-bleu-fonce\/#breadcrumb\"},\"inLanguage\":\"fr-FR\",\"potentialAction\":[{\"@type\":\"ReadAction\",\"target\":[\"https:\/\/hubsch-interior.com\/fr\/produit\/koi-banc-bleu-bleu-fonce\/\"]}]},{\"@type\":\"ImageObject\",\"inLanguage\":\"fr-FR\",\"@id\":\"https:\/\/hubsch-interior.com\/fr\/produit\/koi-banc-bleu-bleu-fonce\/#primaryimage\",\"url\":\"https:\/\/hubsch-interior.com\/wp-content\/uploads\/2026\/02\/koi-bench-bluedark-blue-03017f6fe6c10e43dcbd73351176ac7c.jpg\",\"contentUrl\":\"https:\/\/hubsch-interior.com\/wp-content\/uploads\/2026\/02\/koi-bench-bluedark-blue-03017f6fe6c10e43dcbd73351176ac7c.jpg\",\"width\":1024,\"height\":1024},{\"@type\":\"BreadcrumbList\",\"@id\":\"https:\/\/hubsch-interior.com\/fr\/produit\/koi-banc-bleu-bleu-fonce\/#breadcrumb\",\"itemListElement\":[{\"@type\":\"ListItem\",\"position\":1,\"name\":\"Page d'accueil\",\"item\":\"https:\/\/hubsch-interior.com\/fr\/\"},{\"@type\":\"ListItem\",\"position\":2,\"name\":\"Produits\",\"item\":\"https:\/\/hubsch-interior.com\/fr\/shop-2\/\"},{\"@type\":\"ListItem\",\"position\":3,\"name\":\"Meubles\",\"item\":\"https:\/\/hubsch-interior.com\/fr\/categorie-produit\/meubles\/\"},{\"@type\":\"ListItem\",\"position\":4,\"name\":\"Assises\",\"item\":\"https:\/\/hubsch-interior.com\/fr\/categorie-produit\/meubles\/assises-fr\/\"},{\"@type\":\"ListItem\",\"position\":5,\"name\":\"Bancs\",\"item\":\"https:\/\/hubsch-interior.com\/fr\/categorie-produit\/meubles\/assises-fr\/bancs-fr\/\"},{\"@type\":\"ListItem\",\"position\":6,\"name\":\"Koi Banc Bleu\/Bleu fonc\u00e9\"}]},{\"@type\":\"WebSite\",\"@id\":\"https:\/\/hubsch-interior.com\/fr\/#website\",\"url\":\"https:\/\/hubsch-interior.com\/fr\/\",\"name\":\"H\u00fcbsch\",\"description\":\"Danish Home Interior and Design\",\"publisher\":{\"@id\":\"https:\/\/hubsch-interior.com\/fr\/#organization\"},\"potentialAction\":[{\"@type\":\"SearchAction\",\"target\":{\"@type\":\"EntryPoint\",\"urlTemplate\":\"https:\/\/hubsch-interior.com\/fr\/?s={search_term_string}\"},\"query-input\":{\"@type\":\"PropertyValueSpecification\",\"valueRequired\":true,\"valueName\":\"search_term_string\"}}],\"inLanguage\":\"fr-FR\"},{\"@type\":\"Organization\",\"@id\":\"https:\/\/hubsch-interior.com\/fr\/#organization\",\"name\":\"H\u00fcbsch\",\"url\":\"https:\/\/hubsch-interior.com\/fr\/\",\"logo\":{\"@type\":\"ImageObject\",\"inLanguage\":\"fr-FR\",\"@id\":\"https:\/\/hubsch-interior.com\/fr\/#\/schema\/logo\/image\/\",\"url\":\"https:\/\/hubsch-interior.com\/wp-content\/uploads\/2022\/12\/Hubsch_logo_black_one_line.svg\",\"contentUrl\":\"https:\/\/hubsch-interior.com\/wp-content\/uploads\/2022\/12\/Hubsch_logo_black_one_line.svg\",\"caption\":\"H\u00fcbsch\"},\"image\":{\"@id\":\"https:\/\/hubsch-interior.com\/fr\/#\/schema\/logo\/image\/\"}}]}<\/script>\n<!-- \/ Yoast SEO plugin. -->","yoast_head_json":{"title":"Koi Banc Bleu\/Bleu fonc\u00e9 - H\u00fcbsch","description":"D\u00e9couvrez le charme du Koi Banc, o\u00f9 les tons bleus se m\u00ealent harmonieusement. Cette pi\u00e8ce exquise, fabriqu\u00e9e en bois certifi\u00e9 FSC avec placage de fr\u00eane et","robots":{"index":"index","follow":"follow","max-snippet":"max-snippet:-1","max-image-preview":"max-image-preview:large","max-video-preview":"max-video-preview:-1"},"canonical":"https:\/\/hubsch-interior.com\/fr\/wp-json\/wp\/v2\/product\/1007601","og_locale":"fr_FR","og_type":"article","og_title":"Koi Banc Bleu\/Bleu fonc\u00e9 - H\u00fcbsch","og_description":"D\u00e9couvrez le charme du Koi Banc, o\u00f9 les tons bleus se m\u00ealent harmonieusement. Cette pi\u00e8ce exquise, fabriqu\u00e9e en bois certifi\u00e9 FSC avec placage de fr\u00eane et","og_url":"https:\/\/hubsch-interior.com\/fr\/produit\/koi-banc-bleu-bleu-fonce\/","og_site_name":"H\u00fcbsch","article_modified_time":"2026-04-09T02:20:48+00:00","og_image":[{"width":1200,"height":1200,"url":"https:\/\/hubsch-interior.com\/wp-content\/uploads\/2025\/01\/koi-bench-bluedark-blue-8a3f7cb1ebc53d1bf3b5d82478d7314c.jpg","type":"image\/jpeg"}],"twitter_card":"summary_large_image","schema":{"@context":"https:\/\/schema.org","@graph":[{"@type":"WebPage","@id":"https:\/\/hubsch-interior.com\/fr\/produit\/koi-banc-bleu-bleu-fonce\/","url":"https:\/\/hubsch-interior.com\/fr\/produit\/koi-banc-bleu-bleu-fonce\/","name":"Koi Banc Bleu\/Bleu fonc\u00e9 - H\u00fcbsch","isPartOf":{"@id":"https:\/\/hubsch-interior.com\/fr\/#website"},"primaryImageOfPage":{"@id":"https:\/\/hubsch-interior.com\/fr\/produit\/koi-banc-bleu-bleu-fonce\/#primaryimage"},"image":{"@id":"https:\/\/hubsch-interior.com\/fr\/produit\/koi-banc-bleu-bleu-fonce\/#primaryimage"},"thumbnailUrl":"https:\/\/hubsch-interior.com\/wp-content\/uploads\/2026\/02\/koi-bench-bluedark-blue-03017f6fe6c10e43dcbd73351176ac7c.jpg","datePublished":"2025-01-20T12:23:28+00:00","dateModified":"2026-04-09T02:20:48+00:00","description":"D\u00e9couvrez le charme du Koi Banc, o\u00f9 les tons bleus se m\u00ealent harmonieusement. Cette pi\u00e8ce exquise, fabriqu\u00e9e en bois certifi\u00e9 FSC avec placage de fr\u00eane et","breadcrumb":{"@id":"https:\/\/hubsch-interior.com\/fr\/produit\/koi-banc-bleu-bleu-fonce\/#breadcrumb"},"inLanguage":"fr-FR","potentialAction":[{"@type":"ReadAction","target":["https:\/\/hubsch-interior.com\/fr\/produit\/koi-banc-bleu-bleu-fonce\/"]}]},{"@type":"ImageObject","inLanguage":"fr-FR","@id":"https:\/\/hubsch-interior.com\/fr\/produit\/koi-banc-bleu-bleu-fonce\/#primaryimage","url":"https:\/\/hubsch-interior.com\/wp-content\/uploads\/2026\/02\/koi-bench-bluedark-blue-03017f6fe6c10e43dcbd73351176ac7c.jpg","contentUrl":"https:\/\/hubsch-interior.com\/wp-content\/uploads\/2026\/02\/koi-bench-bluedark-blue-03017f6fe6c10e43dcbd73351176ac7c.jpg","width":1024,"height":1024},{"@type":"BreadcrumbList","@id":"https:\/\/hubsch-interior.com\/fr\/produit\/koi-banc-bleu-bleu-fonce\/#breadcrumb","itemListElement":[{"@type":"ListItem","position":1,"name":"Page d'accueil","item":"https:\/\/hubsch-interior.com\/fr\/"},{"@type":"ListItem","position":2,"name":"Produits","item":"https:\/\/hubsch-interior.com\/fr\/shop-2\/"},{"@type":"ListItem","position":3,"name":"Meubles","item":"https:\/\/hubsch-interior.com\/fr\/categorie-produit\/meubles\/"},{"@type":"ListItem","position":4,"name":"Assises","item":"https:\/\/hubsch-interior.com\/fr\/categorie-produit\/meubles\/assises-fr\/"},{"@type":"ListItem","position":5,"name":"Bancs","item":"https:\/\/hubsch-interior.com\/fr\/categorie-produit\/meubles\/assises-fr\/bancs-fr\/"},{"@type":"ListItem","position":6,"name":"Koi Banc Bleu\/Bleu fonc\u00e9"}]},{"@type":"WebSite","@id":"https:\/\/hubsch-interior.com\/fr\/#website","url":"https:\/\/hubsch-interior.com\/fr\/","name":"H\u00fcbsch","description":"Danish Home Interior and Design","publisher":{"@id":"https:\/\/hubsch-interior.com\/fr\/#organization"},"potentialAction":[{"@type":"SearchAction","target":{"@type":"EntryPoint","urlTemplate":"https:\/\/hubsch-interior.com\/fr\/?s={search_term_string}"},"query-input":{"@type":"PropertyValueSpecification","valueRequired":true,"valueName":"search_term_string"}}],"inLanguage":"fr-FR"},{"@type":"Organization","@id":"https:\/\/hubsch-interior.com\/fr\/#organization","name":"H\u00fcbsch","url":"https:\/\/hubsch-interior.com\/fr\/","logo":{"@type":"ImageObject","inLanguage":"fr-FR","@id":"https:\/\/hubsch-interior.com\/fr\/#\/schema\/logo\/image\/","url":"https:\/\/hubsch-interior.com\/wp-content\/uploads\/2022\/12\/Hubsch_logo_black_one_line.svg","contentUrl":"https:\/\/hubsch-interior.com\/wp-content\/uploads\/2022\/12\/Hubsch_logo_black_one_line.svg","caption":"H\u00fcbsch"},"image":{"@id":"https:\/\/hubsch-interior.com\/fr\/#\/schema\/logo\/image\/"}}]}},"_links":{"self":[{"href":"https:\/\/hubsch-interior.com\/fr\/wp-json\/wp\/v2\/product\/1007601","targetHints":{"allow":["GET"]}}],"collection":[{"href":"https:\/\/hubsch-interior.com\/fr\/wp-json\/wp\/v2\/product"}],"about":[{"href":"https:\/\/hubsch-interior.com\/fr\/wp-json\/wp\/v2\/types\/product"}],"wp:featuredmedia":[{"embeddable":true,"href":"https:\/\/hubsch-interior.com\/fr\/wp-json\/wp\/v2\/media\/1094409"}],"wp:attachment":[{"href":"https:\/\/hubsch-interior.com\/fr\/wp-json\/wp\/v2\/media?parent=1007601"}],"wp:term":[{"taxonomy":"product_brand","embeddable":true,"href":"https:\/\/hubsch-interior.com\/fr\/wp-json\/wp\/v2\/product_brand?post=1007601"},{"taxonomy":"product_cat","embeddable":true,"href":"https:\/\/hubsch-interior.com\/fr\/wp-json\/wp\/v2\/product_cat?post=1007601"},{"taxonomy":"product_tag","embeddable":true,"href":"https:\/\/hubsch-interior.com\/fr\/wp-json\/wp\/v2\/product_tag?post=1007601"}],"curies":[{"name":"wp","href":"https:\/\/api.w.org\/{rel}","templated":true}]}}