{"id":1007900,"date":"2025-01-21T15:21:27","date_gmt":"2025-01-21T14:21:27","guid":{"rendered":"https:\/\/hubsch-interior.com\/product\/product\/"},"modified":"2026-04-09T04:39:30","modified_gmt":"2026-04-09T02:39:30","slug":"sui-verre-a-eau-bubbles-transparent","status":"publish","type":"product","link":"https:\/\/hubsch-interior.com\/fr\/produit\/sui-verre-a-eau-bubbles-transparent\/","title":{"rendered":"Sui Verre \u00e0 eau Bubbles Transparent"},"content":{"rendered":"<p>Plongez dans le charme distinctif du Sui Verre \u00e0 eau, o\u00f9 chaque gorg\u00e9e se transforme en un instant de plaisir. Fabriqu\u00e9 en verre avec une forme asym\u00e9trique et organique, ce mod\u00e8le unique pr\u00e9sente de charmantes bulles d&#8217;air pour cr\u00e9er une texture qui ravit \u00e0 la fois la vue et le toucher. Son \u00e9l\u00e9gance subtile et sa prise en main confortable pourraient bien en faire vos nouveaux verres de pr\u00e9dilection pour les rafra\u00eechissements quotidiens ou les r\u00e9unions sp\u00e9ciales en int\u00e9rieur. Savourez vos boissons pr\u00e9f\u00e9r\u00e9es avec style gr\u00e2ce au Sui Verre \u00e0 eau, un reflet de votre go\u00fbt exquis.<\/p>\n","protected":false},"excerpt":{"rendered":"<p>Plongez dans le charme distinctif du Sui Verre \u00e0 eau, o\u00f9 chaque gorg\u00e9e se transforme en un instant de plaisir. Fabriqu\u00e9 en verre avec une forme asym\u00e9trique et organique, ce mod\u00e8le unique pr\u00e9sente de charmantes bulles d&#8217;air pour cr\u00e9er une texture qui ravit \u00e0 la fois la vue et le toucher. Son \u00e9l\u00e9gance subtile et [&hellip;]<\/p>\n","protected":false},"featured_media":1099532,"template":"","meta":{"_acf_changed":false,"inline_featured_image":false},"product_brand":[],"product_cat":[6971,6997,7027,7033,4053,4095,5026,5030,6535],"product_tag":[],"class_list":{"0":"post-1007900","1":"product","2":"type-product","3":"status-publish","4":"has-post-thumbnail","6":"product_cat-paques","7":"product_cat-the-buzz-fr","8":"product_cat-vaisselle-fr-2","9":"product_cat-verres-et-carafes-fr","10":"product_cat-accessoires-de-cuisine-fr","11":"product_cat-vaisselle-fr","12":"product_cat-bestsellers-fr","13":"product_cat-de-nouveau-en-stock-fr","14":"product_cat-outlet-fr","15":"product_shipping_class-pk","17":"pa_color-transparent","18":"pa_material-verre-fr","20":"first","21":"instock","22":"sale","23":"featured","24":"taxable","25":"shipping-taxable","26":"purchasable","27":"product-type-simple"},"exclude_global_add_ons":[],"addons":[],"acf":[],"yoast_head":"<!-- This site is optimized with the Yoast SEO plugin v26.4 - https:\/\/yoast.com\/wordpress\/plugins\/seo\/ -->\n<title>Sui Verre \u00e0 eau Bubbles Transparent - H\u00fcbsch<\/title>\n<meta name=\"description\" content=\"Plongez dans le charme distinctif du Sui Verre \u00e0 eau, o\u00f9 chaque gorg\u00e9e se transforme en un instant de plaisir. Fabriqu\u00e9 en verre avec une forme\" \/>\n<meta name=\"robots\" content=\"index, follow, max-snippet:-1, max-image-preview:large, max-video-preview:-1\" \/>\n<link rel=\"canonical\" href=\"https:\/\/hubsch-interior.com\/fr\/wp-json\/wp\/v2\/product\/1007900\" \/>\n<meta property=\"og:locale\" content=\"fr_FR\" \/>\n<meta property=\"og:type\" content=\"article\" \/>\n<meta property=\"og:title\" content=\"Sui Verre \u00e0 eau Bubbles Transparent - H\u00fcbsch\" \/>\n<meta property=\"og:description\" content=\"Plongez dans le charme distinctif du Sui Verre \u00e0 eau, o\u00f9 chaque gorg\u00e9e se transforme en un instant de plaisir. Fabriqu\u00e9 en verre avec une forme\" \/>\n<meta property=\"og:url\" content=\"https:\/\/hubsch-interior.com\/fr\/produit\/sui-verre-a-eau-bubbles-transparent\/\" \/>\n<meta property=\"og:site_name\" content=\"H\u00fcbsch\" \/>\n<meta property=\"article:modified_time\" content=\"2026-04-09T02:39:30+00:00\" \/>\n<meta property=\"og:image\" content=\"https:\/\/hubsch-interior.com\/wp-content\/uploads\/2025\/04\/sui-drinking-glass-bubbles-clear-304e6295ce41038d25b8f4b9c34429d1.jpg\" \/>\n\t<meta property=\"og:image:width\" content=\"1179\" \/>\n\t<meta property=\"og:image:height\" content=\"1179\" \/>\n\t<meta property=\"og:image:type\" content=\"image\/jpeg\" \/>\n<meta name=\"twitter:card\" content=\"summary_large_image\" \/>\n<meta name=\"twitter:label1\" content=\"Dur\u00e9e de lecture estim\u00e9e\" \/>\n\t<meta name=\"twitter:data1\" content=\"1 minute\" \/>\n<script type=\"application\/ld+json\" class=\"yoast-schema-graph\">{\"@context\":\"https:\/\/schema.org\",\"@graph\":[{\"@type\":\"WebPage\",\"@id\":\"https:\/\/hubsch-interior.com\/fr\/produit\/sui-verre-a-eau-bubbles-transparent\/\",\"url\":\"https:\/\/hubsch-interior.com\/fr\/produit\/sui-verre-a-eau-bubbles-transparent\/\",\"name\":\"Sui Verre \u00e0 eau Bubbles Transparent - H\u00fcbsch\",\"isPartOf\":{\"@id\":\"https:\/\/hubsch-interior.com\/fr\/#website\"},\"primaryImageOfPage\":{\"@id\":\"https:\/\/hubsch-interior.com\/fr\/produit\/sui-verre-a-eau-bubbles-transparent\/#primaryimage\"},\"image\":{\"@id\":\"https:\/\/hubsch-interior.com\/fr\/produit\/sui-verre-a-eau-bubbles-transparent\/#primaryimage\"},\"thumbnailUrl\":\"https:\/\/hubsch-interior.com\/wp-content\/uploads\/2026\/02\/sui-drinking-glass-bubbles-clear-c5f835e8a76487502360ade42b6da4d2.jpg\",\"datePublished\":\"2025-01-21T14:21:27+00:00\",\"dateModified\":\"2026-04-09T02:39:30+00:00\",\"description\":\"Plongez dans le charme distinctif du Sui Verre \u00e0 eau, o\u00f9 chaque gorg\u00e9e se transforme en un instant de plaisir. Fabriqu\u00e9 en verre avec une forme\",\"breadcrumb\":{\"@id\":\"https:\/\/hubsch-interior.com\/fr\/produit\/sui-verre-a-eau-bubbles-transparent\/#breadcrumb\"},\"inLanguage\":\"fr-FR\",\"potentialAction\":[{\"@type\":\"ReadAction\",\"target\":[\"https:\/\/hubsch-interior.com\/fr\/produit\/sui-verre-a-eau-bubbles-transparent\/\"]}]},{\"@type\":\"ImageObject\",\"inLanguage\":\"fr-FR\",\"@id\":\"https:\/\/hubsch-interior.com\/fr\/produit\/sui-verre-a-eau-bubbles-transparent\/#primaryimage\",\"url\":\"https:\/\/hubsch-interior.com\/wp-content\/uploads\/2026\/02\/sui-drinking-glass-bubbles-clear-c5f835e8a76487502360ade42b6da4d2.jpg\",\"contentUrl\":\"https:\/\/hubsch-interior.com\/wp-content\/uploads\/2026\/02\/sui-drinking-glass-bubbles-clear-c5f835e8a76487502360ade42b6da4d2.jpg\",\"width\":1024,\"height\":1024},{\"@type\":\"BreadcrumbList\",\"@id\":\"https:\/\/hubsch-interior.com\/fr\/produit\/sui-verre-a-eau-bubbles-transparent\/#breadcrumb\",\"itemListElement\":[{\"@type\":\"ListItem\",\"position\":1,\"name\":\"Page d'accueil\",\"item\":\"https:\/\/hubsch-interior.com\/fr\/\"},{\"@type\":\"ListItem\",\"position\":2,\"name\":\"Produits\",\"item\":\"https:\/\/hubsch-interior.com\/fr\/shop-2\/\"},{\"@type\":\"ListItem\",\"position\":3,\"name\":\"Cuisine\",\"item\":\"https:\/\/hubsch-interior.com\/fr\/categorie-produit\/cuisine\/\"},{\"@type\":\"ListItem\",\"position\":4,\"name\":\"Vaisselle\",\"item\":\"https:\/\/hubsch-interior.com\/fr\/categorie-produit\/cuisine\/vaisselle-fr-2\/\"},{\"@type\":\"ListItem\",\"position\":5,\"name\":\"Verres et Carafes\",\"item\":\"https:\/\/hubsch-interior.com\/fr\/categorie-produit\/cuisine\/vaisselle-fr-2\/verres-et-carafes-fr\/\"},{\"@type\":\"ListItem\",\"position\":6,\"name\":\"Sui Verre \u00e0 eau Bubbles Transparent\"}]},{\"@type\":\"WebSite\",\"@id\":\"https:\/\/hubsch-interior.com\/fr\/#website\",\"url\":\"https:\/\/hubsch-interior.com\/fr\/\",\"name\":\"H\u00fcbsch\",\"description\":\"Danish Home Interior and Design\",\"publisher\":{\"@id\":\"https:\/\/hubsch-interior.com\/fr\/#organization\"},\"potentialAction\":[{\"@type\":\"SearchAction\",\"target\":{\"@type\":\"EntryPoint\",\"urlTemplate\":\"https:\/\/hubsch-interior.com\/fr\/?s={search_term_string}\"},\"query-input\":{\"@type\":\"PropertyValueSpecification\",\"valueRequired\":true,\"valueName\":\"search_term_string\"}}],\"inLanguage\":\"fr-FR\"},{\"@type\":\"Organization\",\"@id\":\"https:\/\/hubsch-interior.com\/fr\/#organization\",\"name\":\"H\u00fcbsch\",\"url\":\"https:\/\/hubsch-interior.com\/fr\/\",\"logo\":{\"@type\":\"ImageObject\",\"inLanguage\":\"fr-FR\",\"@id\":\"https:\/\/hubsch-interior.com\/fr\/#\/schema\/logo\/image\/\",\"url\":\"https:\/\/hubsch-interior.com\/wp-content\/uploads\/2022\/12\/Hubsch_logo_black_one_line.svg\",\"contentUrl\":\"https:\/\/hubsch-interior.com\/wp-content\/uploads\/2022\/12\/Hubsch_logo_black_one_line.svg\",\"caption\":\"H\u00fcbsch\"},\"image\":{\"@id\":\"https:\/\/hubsch-interior.com\/fr\/#\/schema\/logo\/image\/\"}}]}<\/script>\n<!-- \/ Yoast SEO plugin. -->","yoast_head_json":{"title":"Sui Verre \u00e0 eau Bubbles Transparent - H\u00fcbsch","description":"Plongez dans le charme distinctif du Sui Verre \u00e0 eau, o\u00f9 chaque gorg\u00e9e se transforme en un instant de plaisir. Fabriqu\u00e9 en verre avec une forme","robots":{"index":"index","follow":"follow","max-snippet":"max-snippet:-1","max-image-preview":"max-image-preview:large","max-video-preview":"max-video-preview:-1"},"canonical":"https:\/\/hubsch-interior.com\/fr\/wp-json\/wp\/v2\/product\/1007900","og_locale":"fr_FR","og_type":"article","og_title":"Sui Verre \u00e0 eau Bubbles Transparent - H\u00fcbsch","og_description":"Plongez dans le charme distinctif du Sui Verre \u00e0 eau, o\u00f9 chaque gorg\u00e9e se transforme en un instant de plaisir. Fabriqu\u00e9 en verre avec une forme","og_url":"https:\/\/hubsch-interior.com\/fr\/produit\/sui-verre-a-eau-bubbles-transparent\/","og_site_name":"H\u00fcbsch","article_modified_time":"2026-04-09T02:39:30+00:00","og_image":[{"width":1179,"height":1179,"url":"https:\/\/hubsch-interior.com\/wp-content\/uploads\/2025\/04\/sui-drinking-glass-bubbles-clear-304e6295ce41038d25b8f4b9c34429d1.jpg","type":"image\/jpeg"}],"twitter_card":"summary_large_image","twitter_misc":{"Dur\u00e9e de lecture estim\u00e9e":"1 minute"},"schema":{"@context":"https:\/\/schema.org","@graph":[{"@type":"WebPage","@id":"https:\/\/hubsch-interior.com\/fr\/produit\/sui-verre-a-eau-bubbles-transparent\/","url":"https:\/\/hubsch-interior.com\/fr\/produit\/sui-verre-a-eau-bubbles-transparent\/","name":"Sui Verre \u00e0 eau Bubbles Transparent - H\u00fcbsch","isPartOf":{"@id":"https:\/\/hubsch-interior.com\/fr\/#website"},"primaryImageOfPage":{"@id":"https:\/\/hubsch-interior.com\/fr\/produit\/sui-verre-a-eau-bubbles-transparent\/#primaryimage"},"image":{"@id":"https:\/\/hubsch-interior.com\/fr\/produit\/sui-verre-a-eau-bubbles-transparent\/#primaryimage"},"thumbnailUrl":"https:\/\/hubsch-interior.com\/wp-content\/uploads\/2026\/02\/sui-drinking-glass-bubbles-clear-c5f835e8a76487502360ade42b6da4d2.jpg","datePublished":"2025-01-21T14:21:27+00:00","dateModified":"2026-04-09T02:39:30+00:00","description":"Plongez dans le charme distinctif du Sui Verre \u00e0 eau, o\u00f9 chaque gorg\u00e9e se transforme en un instant de plaisir. Fabriqu\u00e9 en verre avec une forme","breadcrumb":{"@id":"https:\/\/hubsch-interior.com\/fr\/produit\/sui-verre-a-eau-bubbles-transparent\/#breadcrumb"},"inLanguage":"fr-FR","potentialAction":[{"@type":"ReadAction","target":["https:\/\/hubsch-interior.com\/fr\/produit\/sui-verre-a-eau-bubbles-transparent\/"]}]},{"@type":"ImageObject","inLanguage":"fr-FR","@id":"https:\/\/hubsch-interior.com\/fr\/produit\/sui-verre-a-eau-bubbles-transparent\/#primaryimage","url":"https:\/\/hubsch-interior.com\/wp-content\/uploads\/2026\/02\/sui-drinking-glass-bubbles-clear-c5f835e8a76487502360ade42b6da4d2.jpg","contentUrl":"https:\/\/hubsch-interior.com\/wp-content\/uploads\/2026\/02\/sui-drinking-glass-bubbles-clear-c5f835e8a76487502360ade42b6da4d2.jpg","width":1024,"height":1024},{"@type":"BreadcrumbList","@id":"https:\/\/hubsch-interior.com\/fr\/produit\/sui-verre-a-eau-bubbles-transparent\/#breadcrumb","itemListElement":[{"@type":"ListItem","position":1,"name":"Page d'accueil","item":"https:\/\/hubsch-interior.com\/fr\/"},{"@type":"ListItem","position":2,"name":"Produits","item":"https:\/\/hubsch-interior.com\/fr\/shop-2\/"},{"@type":"ListItem","position":3,"name":"Cuisine","item":"https:\/\/hubsch-interior.com\/fr\/categorie-produit\/cuisine\/"},{"@type":"ListItem","position":4,"name":"Vaisselle","item":"https:\/\/hubsch-interior.com\/fr\/categorie-produit\/cuisine\/vaisselle-fr-2\/"},{"@type":"ListItem","position":5,"name":"Verres et Carafes","item":"https:\/\/hubsch-interior.com\/fr\/categorie-produit\/cuisine\/vaisselle-fr-2\/verres-et-carafes-fr\/"},{"@type":"ListItem","position":6,"name":"Sui Verre \u00e0 eau Bubbles Transparent"}]},{"@type":"WebSite","@id":"https:\/\/hubsch-interior.com\/fr\/#website","url":"https:\/\/hubsch-interior.com\/fr\/","name":"H\u00fcbsch","description":"Danish Home Interior and Design","publisher":{"@id":"https:\/\/hubsch-interior.com\/fr\/#organization"},"potentialAction":[{"@type":"SearchAction","target":{"@type":"EntryPoint","urlTemplate":"https:\/\/hubsch-interior.com\/fr\/?s={search_term_string}"},"query-input":{"@type":"PropertyValueSpecification","valueRequired":true,"valueName":"search_term_string"}}],"inLanguage":"fr-FR"},{"@type":"Organization","@id":"https:\/\/hubsch-interior.com\/fr\/#organization","name":"H\u00fcbsch","url":"https:\/\/hubsch-interior.com\/fr\/","logo":{"@type":"ImageObject","inLanguage":"fr-FR","@id":"https:\/\/hubsch-interior.com\/fr\/#\/schema\/logo\/image\/","url":"https:\/\/hubsch-interior.com\/wp-content\/uploads\/2022\/12\/Hubsch_logo_black_one_line.svg","contentUrl":"https:\/\/hubsch-interior.com\/wp-content\/uploads\/2022\/12\/Hubsch_logo_black_one_line.svg","caption":"H\u00fcbsch"},"image":{"@id":"https:\/\/hubsch-interior.com\/fr\/#\/schema\/logo\/image\/"}}]}},"_links":{"self":[{"href":"https:\/\/hubsch-interior.com\/fr\/wp-json\/wp\/v2\/product\/1007900","targetHints":{"allow":["GET"]}}],"collection":[{"href":"https:\/\/hubsch-interior.com\/fr\/wp-json\/wp\/v2\/product"}],"about":[{"href":"https:\/\/hubsch-interior.com\/fr\/wp-json\/wp\/v2\/types\/product"}],"wp:featuredmedia":[{"embeddable":true,"href":"https:\/\/hubsch-interior.com\/fr\/wp-json\/wp\/v2\/media\/1099532"}],"wp:attachment":[{"href":"https:\/\/hubsch-interior.com\/fr\/wp-json\/wp\/v2\/media?parent=1007900"}],"wp:term":[{"taxonomy":"product_brand","embeddable":true,"href":"https:\/\/hubsch-interior.com\/fr\/wp-json\/wp\/v2\/product_brand?post=1007900"},{"taxonomy":"product_cat","embeddable":true,"href":"https:\/\/hubsch-interior.com\/fr\/wp-json\/wp\/v2\/product_cat?post=1007900"},{"taxonomy":"product_tag","embeddable":true,"href":"https:\/\/hubsch-interior.com\/fr\/wp-json\/wp\/v2\/product_tag?post=1007900"}],"curies":[{"name":"wp","href":"https:\/\/api.w.org\/{rel}","templated":true}]}}