{"id":1007916,"date":"2025-01-21T15:21:54","date_gmt":"2025-01-21T14:21:54","guid":{"rendered":"https:\/\/hubsch-interior.com\/product\/product\/"},"modified":"2026-04-09T04:39:36","modified_gmt":"2026-04-09T02:39:36","slug":"sui-carafe-bubbles-transparent","status":"publish","type":"product","link":"https:\/\/hubsch-interior.com\/fr\/produit\/sui-carafe-bubbles-transparent\/","title":{"rendered":"Sui Carafe Bubbles Transparent"},"content":{"rendered":"<p>D\u00e9couvrez le charme envo\u00fbtant de la Carafe Sui, un chef-d&#8217;\u0153uvre en verre dot\u00e9 d&#8217;une forme asym\u00e9trique et organique qui captive le c\u0153ur. Ses d\u00e9licates bulles d&#8217;air cr\u00e9ent une texture fascinante, tandis que le jeu de lumi\u00e8re \u00e0 travers ses contours projette de magnifiques ombres au soleil, ajoutant une touche de magie \u00e0 vos espaces int\u00e9rieurs. Que vous serviez des boissons rafra\u00eechissantes ou que vous la posiez simplement sur votre \u00e9tag\u00e8re, la Carafe Sui transforme les moments quotidiens en po\u00e9sie visuelle.<\/p>\n","protected":false},"excerpt":{"rendered":"<p>D\u00e9couvrez le charme envo\u00fbtant de la Carafe Sui, un chef-d&#8217;\u0153uvre en verre dot\u00e9 d&#8217;une forme asym\u00e9trique et organique qui captive le c\u0153ur. Ses d\u00e9licates bulles d&#8217;air cr\u00e9ent une texture fascinante, tandis que le jeu de lumi\u00e8re \u00e0 travers ses contours projette de magnifiques ombres au soleil, ajoutant une touche de magie \u00e0 vos espaces int\u00e9rieurs. [&hellip;]<\/p>\n","protected":false},"featured_media":1099556,"template":"","meta":{"_acf_changed":false,"inline_featured_image":false},"product_brand":[],"product_cat":[6971,6997,7027,7033,4053,4095,5026,6535],"product_tag":[],"class_list":{"0":"post-1007916","1":"product","2":"type-product","3":"status-publish","4":"has-post-thumbnail","6":"product_cat-paques","7":"product_cat-the-buzz-fr","8":"product_cat-vaisselle-fr-2","9":"product_cat-verres-et-carafes-fr","10":"product_cat-accessoires-de-cuisine-fr","11":"product_cat-vaisselle-fr","12":"product_cat-bestsellers-fr","13":"product_cat-outlet-fr","14":"product_shipping_class-pk","16":"pa_color-transparent","17":"pa_material-verre-fr","19":"first","20":"instock","21":"sale","22":"featured","23":"taxable","24":"shipping-taxable","25":"purchasable","26":"product-type-simple"},"exclude_global_add_ons":[],"addons":[],"acf":[],"yoast_head":"<!-- This site is optimized with the Yoast SEO plugin v26.4 - https:\/\/yoast.com\/wordpress\/plugins\/seo\/ -->\n<title>Sui Carafe Bubbles Transparent - H\u00fcbsch<\/title>\n<meta name=\"description\" content=\"D\u00e9couvrez le charme envo\u00fbtant de la Carafe Sui, un chef-d&#039;\u0153uvre en verre dot\u00e9 d&#039;une forme asym\u00e9trique et organique qui captive le c\u0153ur. Ses d\u00e9licates\" \/>\n<meta name=\"robots\" content=\"index, follow, max-snippet:-1, max-image-preview:large, max-video-preview:-1\" \/>\n<link rel=\"canonical\" href=\"https:\/\/hubsch-interior.com\/fr\/wp-json\/wp\/v2\/product\/1007916\" \/>\n<meta property=\"og:locale\" content=\"fr_FR\" \/>\n<meta property=\"og:type\" content=\"article\" \/>\n<meta property=\"og:title\" content=\"Sui Carafe Bubbles Transparent - H\u00fcbsch\" \/>\n<meta property=\"og:description\" content=\"D\u00e9couvrez le charme envo\u00fbtant de la Carafe Sui, un chef-d&#039;\u0153uvre en verre dot\u00e9 d&#039;une forme asym\u00e9trique et organique qui captive le c\u0153ur. Ses d\u00e9licates\" \/>\n<meta property=\"og:url\" content=\"https:\/\/hubsch-interior.com\/fr\/produit\/sui-carafe-bubbles-transparent\/\" \/>\n<meta property=\"og:site_name\" content=\"H\u00fcbsch\" \/>\n<meta property=\"article:modified_time\" content=\"2026-04-09T02:39:36+00:00\" \/>\n<meta property=\"og:image\" content=\"https:\/\/hubsch-interior.com\/wp-content\/uploads\/2025\/04\/sui-jug-bubbles-clear-f1078e6b5799b03948b568368866d9b9.jpg\" \/>\n\t<meta property=\"og:image:width\" content=\"1200\" \/>\n\t<meta property=\"og:image:height\" content=\"1200\" \/>\n\t<meta property=\"og:image:type\" content=\"image\/jpeg\" \/>\n<meta name=\"twitter:card\" content=\"summary_large_image\" \/>\n<script type=\"application\/ld+json\" class=\"yoast-schema-graph\">{\"@context\":\"https:\/\/schema.org\",\"@graph\":[{\"@type\":\"WebPage\",\"@id\":\"https:\/\/hubsch-interior.com\/fr\/produit\/sui-carafe-bubbles-transparent\/\",\"url\":\"https:\/\/hubsch-interior.com\/fr\/produit\/sui-carafe-bubbles-transparent\/\",\"name\":\"Sui Carafe Bubbles Transparent - H\u00fcbsch\",\"isPartOf\":{\"@id\":\"https:\/\/hubsch-interior.com\/fr\/#website\"},\"primaryImageOfPage\":{\"@id\":\"https:\/\/hubsch-interior.com\/fr\/produit\/sui-carafe-bubbles-transparent\/#primaryimage\"},\"image\":{\"@id\":\"https:\/\/hubsch-interior.com\/fr\/produit\/sui-carafe-bubbles-transparent\/#primaryimage\"},\"thumbnailUrl\":\"https:\/\/hubsch-interior.com\/wp-content\/uploads\/2026\/02\/sui-jug-bubbles-clear-0f3674a88ac9e5fd670e45addc719a78.jpg\",\"datePublished\":\"2025-01-21T14:21:54+00:00\",\"dateModified\":\"2026-04-09T02:39:36+00:00\",\"description\":\"D\u00e9couvrez le charme envo\u00fbtant de la Carafe Sui, un chef-d'\u0153uvre en verre dot\u00e9 d'une forme asym\u00e9trique et organique qui captive le c\u0153ur. Ses d\u00e9licates\",\"breadcrumb\":{\"@id\":\"https:\/\/hubsch-interior.com\/fr\/produit\/sui-carafe-bubbles-transparent\/#breadcrumb\"},\"inLanguage\":\"fr-FR\",\"potentialAction\":[{\"@type\":\"ReadAction\",\"target\":[\"https:\/\/hubsch-interior.com\/fr\/produit\/sui-carafe-bubbles-transparent\/\"]}]},{\"@type\":\"ImageObject\",\"inLanguage\":\"fr-FR\",\"@id\":\"https:\/\/hubsch-interior.com\/fr\/produit\/sui-carafe-bubbles-transparent\/#primaryimage\",\"url\":\"https:\/\/hubsch-interior.com\/wp-content\/uploads\/2026\/02\/sui-jug-bubbles-clear-0f3674a88ac9e5fd670e45addc719a78.jpg\",\"contentUrl\":\"https:\/\/hubsch-interior.com\/wp-content\/uploads\/2026\/02\/sui-jug-bubbles-clear-0f3674a88ac9e5fd670e45addc719a78.jpg\",\"width\":1024,\"height\":1024},{\"@type\":\"BreadcrumbList\",\"@id\":\"https:\/\/hubsch-interior.com\/fr\/produit\/sui-carafe-bubbles-transparent\/#breadcrumb\",\"itemListElement\":[{\"@type\":\"ListItem\",\"position\":1,\"name\":\"Page d'accueil\",\"item\":\"https:\/\/hubsch-interior.com\/fr\/\"},{\"@type\":\"ListItem\",\"position\":2,\"name\":\"Produits\",\"item\":\"https:\/\/hubsch-interior.com\/fr\/shop-2\/\"},{\"@type\":\"ListItem\",\"position\":3,\"name\":\"Cuisine\",\"item\":\"https:\/\/hubsch-interior.com\/fr\/categorie-produit\/cuisine\/\"},{\"@type\":\"ListItem\",\"position\":4,\"name\":\"Vaisselle\",\"item\":\"https:\/\/hubsch-interior.com\/fr\/categorie-produit\/cuisine\/vaisselle-fr-2\/\"},{\"@type\":\"ListItem\",\"position\":5,\"name\":\"Verres et Carafes\",\"item\":\"https:\/\/hubsch-interior.com\/fr\/categorie-produit\/cuisine\/vaisselle-fr-2\/verres-et-carafes-fr\/\"},{\"@type\":\"ListItem\",\"position\":6,\"name\":\"Sui Carafe Bubbles Transparent\"}]},{\"@type\":\"WebSite\",\"@id\":\"https:\/\/hubsch-interior.com\/fr\/#website\",\"url\":\"https:\/\/hubsch-interior.com\/fr\/\",\"name\":\"H\u00fcbsch\",\"description\":\"Danish Home Interior and Design\",\"publisher\":{\"@id\":\"https:\/\/hubsch-interior.com\/fr\/#organization\"},\"potentialAction\":[{\"@type\":\"SearchAction\",\"target\":{\"@type\":\"EntryPoint\",\"urlTemplate\":\"https:\/\/hubsch-interior.com\/fr\/?s={search_term_string}\"},\"query-input\":{\"@type\":\"PropertyValueSpecification\",\"valueRequired\":true,\"valueName\":\"search_term_string\"}}],\"inLanguage\":\"fr-FR\"},{\"@type\":\"Organization\",\"@id\":\"https:\/\/hubsch-interior.com\/fr\/#organization\",\"name\":\"H\u00fcbsch\",\"url\":\"https:\/\/hubsch-interior.com\/fr\/\",\"logo\":{\"@type\":\"ImageObject\",\"inLanguage\":\"fr-FR\",\"@id\":\"https:\/\/hubsch-interior.com\/fr\/#\/schema\/logo\/image\/\",\"url\":\"https:\/\/hubsch-interior.com\/wp-content\/uploads\/2022\/12\/Hubsch_logo_black_one_line.svg\",\"contentUrl\":\"https:\/\/hubsch-interior.com\/wp-content\/uploads\/2022\/12\/Hubsch_logo_black_one_line.svg\",\"caption\":\"H\u00fcbsch\"},\"image\":{\"@id\":\"https:\/\/hubsch-interior.com\/fr\/#\/schema\/logo\/image\/\"}}]}<\/script>\n<!-- \/ Yoast SEO plugin. -->","yoast_head_json":{"title":"Sui Carafe Bubbles Transparent - H\u00fcbsch","description":"D\u00e9couvrez le charme envo\u00fbtant de la Carafe Sui, un chef-d'\u0153uvre en verre dot\u00e9 d'une forme asym\u00e9trique et organique qui captive le c\u0153ur. Ses d\u00e9licates","robots":{"index":"index","follow":"follow","max-snippet":"max-snippet:-1","max-image-preview":"max-image-preview:large","max-video-preview":"max-video-preview:-1"},"canonical":"https:\/\/hubsch-interior.com\/fr\/wp-json\/wp\/v2\/product\/1007916","og_locale":"fr_FR","og_type":"article","og_title":"Sui Carafe Bubbles Transparent - H\u00fcbsch","og_description":"D\u00e9couvrez le charme envo\u00fbtant de la Carafe Sui, un chef-d'\u0153uvre en verre dot\u00e9 d'une forme asym\u00e9trique et organique qui captive le c\u0153ur. Ses d\u00e9licates","og_url":"https:\/\/hubsch-interior.com\/fr\/produit\/sui-carafe-bubbles-transparent\/","og_site_name":"H\u00fcbsch","article_modified_time":"2026-04-09T02:39:36+00:00","og_image":[{"width":1200,"height":1200,"url":"https:\/\/hubsch-interior.com\/wp-content\/uploads\/2025\/04\/sui-jug-bubbles-clear-f1078e6b5799b03948b568368866d9b9.jpg","type":"image\/jpeg"}],"twitter_card":"summary_large_image","schema":{"@context":"https:\/\/schema.org","@graph":[{"@type":"WebPage","@id":"https:\/\/hubsch-interior.com\/fr\/produit\/sui-carafe-bubbles-transparent\/","url":"https:\/\/hubsch-interior.com\/fr\/produit\/sui-carafe-bubbles-transparent\/","name":"Sui Carafe Bubbles Transparent - H\u00fcbsch","isPartOf":{"@id":"https:\/\/hubsch-interior.com\/fr\/#website"},"primaryImageOfPage":{"@id":"https:\/\/hubsch-interior.com\/fr\/produit\/sui-carafe-bubbles-transparent\/#primaryimage"},"image":{"@id":"https:\/\/hubsch-interior.com\/fr\/produit\/sui-carafe-bubbles-transparent\/#primaryimage"},"thumbnailUrl":"https:\/\/hubsch-interior.com\/wp-content\/uploads\/2026\/02\/sui-jug-bubbles-clear-0f3674a88ac9e5fd670e45addc719a78.jpg","datePublished":"2025-01-21T14:21:54+00:00","dateModified":"2026-04-09T02:39:36+00:00","description":"D\u00e9couvrez le charme envo\u00fbtant de la Carafe Sui, un chef-d'\u0153uvre en verre dot\u00e9 d'une forme asym\u00e9trique et organique qui captive le c\u0153ur. Ses d\u00e9licates","breadcrumb":{"@id":"https:\/\/hubsch-interior.com\/fr\/produit\/sui-carafe-bubbles-transparent\/#breadcrumb"},"inLanguage":"fr-FR","potentialAction":[{"@type":"ReadAction","target":["https:\/\/hubsch-interior.com\/fr\/produit\/sui-carafe-bubbles-transparent\/"]}]},{"@type":"ImageObject","inLanguage":"fr-FR","@id":"https:\/\/hubsch-interior.com\/fr\/produit\/sui-carafe-bubbles-transparent\/#primaryimage","url":"https:\/\/hubsch-interior.com\/wp-content\/uploads\/2026\/02\/sui-jug-bubbles-clear-0f3674a88ac9e5fd670e45addc719a78.jpg","contentUrl":"https:\/\/hubsch-interior.com\/wp-content\/uploads\/2026\/02\/sui-jug-bubbles-clear-0f3674a88ac9e5fd670e45addc719a78.jpg","width":1024,"height":1024},{"@type":"BreadcrumbList","@id":"https:\/\/hubsch-interior.com\/fr\/produit\/sui-carafe-bubbles-transparent\/#breadcrumb","itemListElement":[{"@type":"ListItem","position":1,"name":"Page d'accueil","item":"https:\/\/hubsch-interior.com\/fr\/"},{"@type":"ListItem","position":2,"name":"Produits","item":"https:\/\/hubsch-interior.com\/fr\/shop-2\/"},{"@type":"ListItem","position":3,"name":"Cuisine","item":"https:\/\/hubsch-interior.com\/fr\/categorie-produit\/cuisine\/"},{"@type":"ListItem","position":4,"name":"Vaisselle","item":"https:\/\/hubsch-interior.com\/fr\/categorie-produit\/cuisine\/vaisselle-fr-2\/"},{"@type":"ListItem","position":5,"name":"Verres et Carafes","item":"https:\/\/hubsch-interior.com\/fr\/categorie-produit\/cuisine\/vaisselle-fr-2\/verres-et-carafes-fr\/"},{"@type":"ListItem","position":6,"name":"Sui Carafe Bubbles Transparent"}]},{"@type":"WebSite","@id":"https:\/\/hubsch-interior.com\/fr\/#website","url":"https:\/\/hubsch-interior.com\/fr\/","name":"H\u00fcbsch","description":"Danish Home Interior and Design","publisher":{"@id":"https:\/\/hubsch-interior.com\/fr\/#organization"},"potentialAction":[{"@type":"SearchAction","target":{"@type":"EntryPoint","urlTemplate":"https:\/\/hubsch-interior.com\/fr\/?s={search_term_string}"},"query-input":{"@type":"PropertyValueSpecification","valueRequired":true,"valueName":"search_term_string"}}],"inLanguage":"fr-FR"},{"@type":"Organization","@id":"https:\/\/hubsch-interior.com\/fr\/#organization","name":"H\u00fcbsch","url":"https:\/\/hubsch-interior.com\/fr\/","logo":{"@type":"ImageObject","inLanguage":"fr-FR","@id":"https:\/\/hubsch-interior.com\/fr\/#\/schema\/logo\/image\/","url":"https:\/\/hubsch-interior.com\/wp-content\/uploads\/2022\/12\/Hubsch_logo_black_one_line.svg","contentUrl":"https:\/\/hubsch-interior.com\/wp-content\/uploads\/2022\/12\/Hubsch_logo_black_one_line.svg","caption":"H\u00fcbsch"},"image":{"@id":"https:\/\/hubsch-interior.com\/fr\/#\/schema\/logo\/image\/"}}]}},"_links":{"self":[{"href":"https:\/\/hubsch-interior.com\/fr\/wp-json\/wp\/v2\/product\/1007916","targetHints":{"allow":["GET"]}}],"collection":[{"href":"https:\/\/hubsch-interior.com\/fr\/wp-json\/wp\/v2\/product"}],"about":[{"href":"https:\/\/hubsch-interior.com\/fr\/wp-json\/wp\/v2\/types\/product"}],"wp:featuredmedia":[{"embeddable":true,"href":"https:\/\/hubsch-interior.com\/fr\/wp-json\/wp\/v2\/media\/1099556"}],"wp:attachment":[{"href":"https:\/\/hubsch-interior.com\/fr\/wp-json\/wp\/v2\/media?parent=1007916"}],"wp:term":[{"taxonomy":"product_brand","embeddable":true,"href":"https:\/\/hubsch-interior.com\/fr\/wp-json\/wp\/v2\/product_brand?post=1007916"},{"taxonomy":"product_cat","embeddable":true,"href":"https:\/\/hubsch-interior.com\/fr\/wp-json\/wp\/v2\/product_cat?post=1007916"},{"taxonomy":"product_tag","embeddable":true,"href":"https:\/\/hubsch-interior.com\/fr\/wp-json\/wp\/v2\/product_tag?post=1007916"}],"curies":[{"name":"wp","href":"https:\/\/api.w.org\/{rel}","templated":true}]}}