{"id":1008544,"date":"2025-01-24T09:21:57","date_gmt":"2025-01-24T08:21:57","guid":{"rendered":"https:\/\/hubsch-interior.com\/product\/product\/"},"modified":"2026-04-09T04:20:56","modified_gmt":"2026-04-09T02:20:56","slug":"push-chariot-noir","status":"publish","type":"product","link":"https:\/\/hubsch-interior.com\/fr\/produit\/push-chariot-noir\/","title":{"rendered":"Push Chariot Noir"},"content":{"rendered":"<p>D\u00e9couvrez le charme du &#8216;Push Chariot&#8217;, votre nouvel alli\u00e9 pr\u00e9f\u00e9r\u00e9 pour d\u00e9sencombrer et embellir votre espace. Fabriqu\u00e9 en m\u00e9tal robuste et \u00e9l\u00e9gamment fini en noir, ce prodige polyvalent se glisse sans effort dans tous les coins de votre maison. Peut-il servir de mini-bar ou de station \u00e0 snacks ? Ou peut-\u00eatre l&#8217;utiliserez-vous comme un moyen de transport pour vos livres ? Employez-le comme rangement dans la cuisine ou le salon et profitez de sa facilit\u00e9 de d\u00e9placement. Vraiment, un indispensable pour garder tout ce que vous aimez \u00e0 port\u00e9e de main et facile \u00e0 d\u00e9placer.<\/p>\n","protected":false},"excerpt":{"rendered":"<p>D\u00e9couvrez le charme du &#8216;Push Chariot&#8217;, votre nouvel alli\u00e9 pr\u00e9f\u00e9r\u00e9 pour d\u00e9sencombrer et embellir votre espace. Fabriqu\u00e9 en m\u00e9tal robuste et \u00e9l\u00e9gamment fini en noir, ce prodige polyvalent se glisse sans effort dans tous les coins de votre maison. Peut-il servir de mini-bar ou de station \u00e0 snacks ? Ou peut-\u00eatre l&#8217;utiliserez-vous comme un moyen [&hellip;]<\/p>\n","protected":false},"featured_media":1094445,"template":"","meta":{"_acf_changed":false,"inline_featured_image":false},"product_brand":[],"product_cat":[6997,2859,6359,5026],"product_tag":[],"class_list":{"0":"post-1008544","1":"product","2":"type-product","3":"status-publish","4":"has-post-thumbnail","6":"product_cat-the-buzz-fr","7":"product_cat-tables-fr","8":"product_cat-dessertes-fr","9":"product_cat-bestsellers-fr","10":"product_shipping_class-pk","12":"pa_color-noir","13":"pa_material-fer-fr","15":"first","16":"instock","17":"featured","18":"taxable","19":"shipping-taxable","20":"purchasable","21":"product-type-simple"},"exclude_global_add_ons":[],"addons":[],"acf":[],"yoast_head":"<!-- This site is optimized with the Yoast SEO plugin v26.4 - https:\/\/yoast.com\/wordpress\/plugins\/seo\/ -->\n<title>Push Chariot Noir - H\u00fcbsch<\/title>\n<meta name=\"description\" content=\"D\u00e9couvrez le charme du &#039;Push Chariot&#039;, votre nouvel alli\u00e9 pr\u00e9f\u00e9r\u00e9 pour d\u00e9sencombrer et embellir votre espace. Fabriqu\u00e9 en m\u00e9tal robuste et \u00e9l\u00e9gamment fini\" \/>\n<meta name=\"robots\" content=\"index, follow, max-snippet:-1, max-image-preview:large, max-video-preview:-1\" \/>\n<link rel=\"canonical\" href=\"https:\/\/hubsch-interior.com\/fr\/wp-json\/wp\/v2\/product\/1008544\" \/>\n<meta property=\"og:locale\" content=\"fr_FR\" \/>\n<meta property=\"og:type\" content=\"article\" \/>\n<meta property=\"og:title\" content=\"Push Chariot Noir - H\u00fcbsch\" \/>\n<meta property=\"og:description\" content=\"D\u00e9couvrez le charme du &#039;Push Chariot&#039;, votre nouvel alli\u00e9 pr\u00e9f\u00e9r\u00e9 pour d\u00e9sencombrer et embellir votre espace. Fabriqu\u00e9 en m\u00e9tal robuste et \u00e9l\u00e9gamment fini\" \/>\n<meta property=\"og:url\" content=\"https:\/\/hubsch-interior.com\/fr\/produit\/push-chariot-noir\/\" \/>\n<meta property=\"og:site_name\" content=\"H\u00fcbsch\" \/>\n<meta property=\"article:modified_time\" content=\"2026-04-09T02:20:56+00:00\" \/>\n<meta property=\"og:image\" content=\"https:\/\/hubsch-interior.com\/wp-content\/uploads\/2025\/01\/push-trolley-black-5415c4626b9370ccd6087941e6195f84.jpg\" \/>\n\t<meta property=\"og:image:width\" content=\"1200\" \/>\n\t<meta property=\"og:image:height\" content=\"1200\" \/>\n\t<meta property=\"og:image:type\" content=\"image\/jpeg\" \/>\n<meta name=\"twitter:card\" content=\"summary_large_image\" \/>\n<meta name=\"twitter:label1\" content=\"Dur\u00e9e de lecture estim\u00e9e\" \/>\n\t<meta name=\"twitter:data1\" content=\"1 minute\" \/>\n<script type=\"application\/ld+json\" class=\"yoast-schema-graph\">{\"@context\":\"https:\/\/schema.org\",\"@graph\":[{\"@type\":\"WebPage\",\"@id\":\"https:\/\/hubsch-interior.com\/fr\/produit\/push-chariot-noir\/\",\"url\":\"https:\/\/hubsch-interior.com\/fr\/produit\/push-chariot-noir\/\",\"name\":\"Push Chariot Noir - H\u00fcbsch\",\"isPartOf\":{\"@id\":\"https:\/\/hubsch-interior.com\/fr\/#website\"},\"primaryImageOfPage\":{\"@id\":\"https:\/\/hubsch-interior.com\/fr\/produit\/push-chariot-noir\/#primaryimage\"},\"image\":{\"@id\":\"https:\/\/hubsch-interior.com\/fr\/produit\/push-chariot-noir\/#primaryimage\"},\"thumbnailUrl\":\"https:\/\/hubsch-interior.com\/wp-content\/uploads\/2026\/02\/push-trolley-black-5674ee18a8c780988edd5238ca063b0f.jpg\",\"datePublished\":\"2025-01-24T08:21:57+00:00\",\"dateModified\":\"2026-04-09T02:20:56+00:00\",\"description\":\"D\u00e9couvrez le charme du 'Push Chariot', votre nouvel alli\u00e9 pr\u00e9f\u00e9r\u00e9 pour d\u00e9sencombrer et embellir votre espace. Fabriqu\u00e9 en m\u00e9tal robuste et \u00e9l\u00e9gamment fini\",\"breadcrumb\":{\"@id\":\"https:\/\/hubsch-interior.com\/fr\/produit\/push-chariot-noir\/#breadcrumb\"},\"inLanguage\":\"fr-FR\",\"potentialAction\":[{\"@type\":\"ReadAction\",\"target\":[\"https:\/\/hubsch-interior.com\/fr\/produit\/push-chariot-noir\/\"]}]},{\"@type\":\"ImageObject\",\"inLanguage\":\"fr-FR\",\"@id\":\"https:\/\/hubsch-interior.com\/fr\/produit\/push-chariot-noir\/#primaryimage\",\"url\":\"https:\/\/hubsch-interior.com\/wp-content\/uploads\/2026\/02\/push-trolley-black-5674ee18a8c780988edd5238ca063b0f.jpg\",\"contentUrl\":\"https:\/\/hubsch-interior.com\/wp-content\/uploads\/2026\/02\/push-trolley-black-5674ee18a8c780988edd5238ca063b0f.jpg\",\"width\":1024,\"height\":1024},{\"@type\":\"BreadcrumbList\",\"@id\":\"https:\/\/hubsch-interior.com\/fr\/produit\/push-chariot-noir\/#breadcrumb\",\"itemListElement\":[{\"@type\":\"ListItem\",\"position\":1,\"name\":\"Page d'accueil\",\"item\":\"https:\/\/hubsch-interior.com\/fr\/\"},{\"@type\":\"ListItem\",\"position\":2,\"name\":\"Produits\",\"item\":\"https:\/\/hubsch-interior.com\/fr\/shop-2\/\"},{\"@type\":\"ListItem\",\"position\":3,\"name\":\"Meubles\",\"item\":\"https:\/\/hubsch-interior.com\/fr\/categorie-produit\/meubles\/\"},{\"@type\":\"ListItem\",\"position\":4,\"name\":\"Tables\",\"item\":\"https:\/\/hubsch-interior.com\/fr\/categorie-produit\/meubles\/tables-fr\/\"},{\"@type\":\"ListItem\",\"position\":5,\"name\":\"Dessertes\",\"item\":\"https:\/\/hubsch-interior.com\/fr\/categorie-produit\/meubles\/tables-fr\/dessertes-fr\/\"},{\"@type\":\"ListItem\",\"position\":6,\"name\":\"Push Chariot Noir\"}]},{\"@type\":\"WebSite\",\"@id\":\"https:\/\/hubsch-interior.com\/fr\/#website\",\"url\":\"https:\/\/hubsch-interior.com\/fr\/\",\"name\":\"H\u00fcbsch\",\"description\":\"Danish Home Interior and Design\",\"publisher\":{\"@id\":\"https:\/\/hubsch-interior.com\/fr\/#organization\"},\"potentialAction\":[{\"@type\":\"SearchAction\",\"target\":{\"@type\":\"EntryPoint\",\"urlTemplate\":\"https:\/\/hubsch-interior.com\/fr\/?s={search_term_string}\"},\"query-input\":{\"@type\":\"PropertyValueSpecification\",\"valueRequired\":true,\"valueName\":\"search_term_string\"}}],\"inLanguage\":\"fr-FR\"},{\"@type\":\"Organization\",\"@id\":\"https:\/\/hubsch-interior.com\/fr\/#organization\",\"name\":\"H\u00fcbsch\",\"url\":\"https:\/\/hubsch-interior.com\/fr\/\",\"logo\":{\"@type\":\"ImageObject\",\"inLanguage\":\"fr-FR\",\"@id\":\"https:\/\/hubsch-interior.com\/fr\/#\/schema\/logo\/image\/\",\"url\":\"https:\/\/hubsch-interior.com\/wp-content\/uploads\/2022\/12\/Hubsch_logo_black_one_line.svg\",\"contentUrl\":\"https:\/\/hubsch-interior.com\/wp-content\/uploads\/2022\/12\/Hubsch_logo_black_one_line.svg\",\"caption\":\"H\u00fcbsch\"},\"image\":{\"@id\":\"https:\/\/hubsch-interior.com\/fr\/#\/schema\/logo\/image\/\"}}]}<\/script>\n<!-- \/ Yoast SEO plugin. -->","yoast_head_json":{"title":"Push Chariot Noir - H\u00fcbsch","description":"D\u00e9couvrez le charme du 'Push Chariot', votre nouvel alli\u00e9 pr\u00e9f\u00e9r\u00e9 pour d\u00e9sencombrer et embellir votre espace. Fabriqu\u00e9 en m\u00e9tal robuste et \u00e9l\u00e9gamment fini","robots":{"index":"index","follow":"follow","max-snippet":"max-snippet:-1","max-image-preview":"max-image-preview:large","max-video-preview":"max-video-preview:-1"},"canonical":"https:\/\/hubsch-interior.com\/fr\/wp-json\/wp\/v2\/product\/1008544","og_locale":"fr_FR","og_type":"article","og_title":"Push Chariot Noir - H\u00fcbsch","og_description":"D\u00e9couvrez le charme du 'Push Chariot', votre nouvel alli\u00e9 pr\u00e9f\u00e9r\u00e9 pour d\u00e9sencombrer et embellir votre espace. Fabriqu\u00e9 en m\u00e9tal robuste et \u00e9l\u00e9gamment fini","og_url":"https:\/\/hubsch-interior.com\/fr\/produit\/push-chariot-noir\/","og_site_name":"H\u00fcbsch","article_modified_time":"2026-04-09T02:20:56+00:00","og_image":[{"width":1200,"height":1200,"url":"https:\/\/hubsch-interior.com\/wp-content\/uploads\/2025\/01\/push-trolley-black-5415c4626b9370ccd6087941e6195f84.jpg","type":"image\/jpeg"}],"twitter_card":"summary_large_image","twitter_misc":{"Dur\u00e9e de lecture estim\u00e9e":"1 minute"},"schema":{"@context":"https:\/\/schema.org","@graph":[{"@type":"WebPage","@id":"https:\/\/hubsch-interior.com\/fr\/produit\/push-chariot-noir\/","url":"https:\/\/hubsch-interior.com\/fr\/produit\/push-chariot-noir\/","name":"Push Chariot Noir - H\u00fcbsch","isPartOf":{"@id":"https:\/\/hubsch-interior.com\/fr\/#website"},"primaryImageOfPage":{"@id":"https:\/\/hubsch-interior.com\/fr\/produit\/push-chariot-noir\/#primaryimage"},"image":{"@id":"https:\/\/hubsch-interior.com\/fr\/produit\/push-chariot-noir\/#primaryimage"},"thumbnailUrl":"https:\/\/hubsch-interior.com\/wp-content\/uploads\/2026\/02\/push-trolley-black-5674ee18a8c780988edd5238ca063b0f.jpg","datePublished":"2025-01-24T08:21:57+00:00","dateModified":"2026-04-09T02:20:56+00:00","description":"D\u00e9couvrez le charme du 'Push Chariot', votre nouvel alli\u00e9 pr\u00e9f\u00e9r\u00e9 pour d\u00e9sencombrer et embellir votre espace. Fabriqu\u00e9 en m\u00e9tal robuste et \u00e9l\u00e9gamment fini","breadcrumb":{"@id":"https:\/\/hubsch-interior.com\/fr\/produit\/push-chariot-noir\/#breadcrumb"},"inLanguage":"fr-FR","potentialAction":[{"@type":"ReadAction","target":["https:\/\/hubsch-interior.com\/fr\/produit\/push-chariot-noir\/"]}]},{"@type":"ImageObject","inLanguage":"fr-FR","@id":"https:\/\/hubsch-interior.com\/fr\/produit\/push-chariot-noir\/#primaryimage","url":"https:\/\/hubsch-interior.com\/wp-content\/uploads\/2026\/02\/push-trolley-black-5674ee18a8c780988edd5238ca063b0f.jpg","contentUrl":"https:\/\/hubsch-interior.com\/wp-content\/uploads\/2026\/02\/push-trolley-black-5674ee18a8c780988edd5238ca063b0f.jpg","width":1024,"height":1024},{"@type":"BreadcrumbList","@id":"https:\/\/hubsch-interior.com\/fr\/produit\/push-chariot-noir\/#breadcrumb","itemListElement":[{"@type":"ListItem","position":1,"name":"Page d'accueil","item":"https:\/\/hubsch-interior.com\/fr\/"},{"@type":"ListItem","position":2,"name":"Produits","item":"https:\/\/hubsch-interior.com\/fr\/shop-2\/"},{"@type":"ListItem","position":3,"name":"Meubles","item":"https:\/\/hubsch-interior.com\/fr\/categorie-produit\/meubles\/"},{"@type":"ListItem","position":4,"name":"Tables","item":"https:\/\/hubsch-interior.com\/fr\/categorie-produit\/meubles\/tables-fr\/"},{"@type":"ListItem","position":5,"name":"Dessertes","item":"https:\/\/hubsch-interior.com\/fr\/categorie-produit\/meubles\/tables-fr\/dessertes-fr\/"},{"@type":"ListItem","position":6,"name":"Push Chariot Noir"}]},{"@type":"WebSite","@id":"https:\/\/hubsch-interior.com\/fr\/#website","url":"https:\/\/hubsch-interior.com\/fr\/","name":"H\u00fcbsch","description":"Danish Home Interior and Design","publisher":{"@id":"https:\/\/hubsch-interior.com\/fr\/#organization"},"potentialAction":[{"@type":"SearchAction","target":{"@type":"EntryPoint","urlTemplate":"https:\/\/hubsch-interior.com\/fr\/?s={search_term_string}"},"query-input":{"@type":"PropertyValueSpecification","valueRequired":true,"valueName":"search_term_string"}}],"inLanguage":"fr-FR"},{"@type":"Organization","@id":"https:\/\/hubsch-interior.com\/fr\/#organization","name":"H\u00fcbsch","url":"https:\/\/hubsch-interior.com\/fr\/","logo":{"@type":"ImageObject","inLanguage":"fr-FR","@id":"https:\/\/hubsch-interior.com\/fr\/#\/schema\/logo\/image\/","url":"https:\/\/hubsch-interior.com\/wp-content\/uploads\/2022\/12\/Hubsch_logo_black_one_line.svg","contentUrl":"https:\/\/hubsch-interior.com\/wp-content\/uploads\/2022\/12\/Hubsch_logo_black_one_line.svg","caption":"H\u00fcbsch"},"image":{"@id":"https:\/\/hubsch-interior.com\/fr\/#\/schema\/logo\/image\/"}}]}},"_links":{"self":[{"href":"https:\/\/hubsch-interior.com\/fr\/wp-json\/wp\/v2\/product\/1008544","targetHints":{"allow":["GET"]}}],"collection":[{"href":"https:\/\/hubsch-interior.com\/fr\/wp-json\/wp\/v2\/product"}],"about":[{"href":"https:\/\/hubsch-interior.com\/fr\/wp-json\/wp\/v2\/types\/product"}],"wp:featuredmedia":[{"embeddable":true,"href":"https:\/\/hubsch-interior.com\/fr\/wp-json\/wp\/v2\/media\/1094445"}],"wp:attachment":[{"href":"https:\/\/hubsch-interior.com\/fr\/wp-json\/wp\/v2\/media?parent=1008544"}],"wp:term":[{"taxonomy":"product_brand","embeddable":true,"href":"https:\/\/hubsch-interior.com\/fr\/wp-json\/wp\/v2\/product_brand?post=1008544"},{"taxonomy":"product_cat","embeddable":true,"href":"https:\/\/hubsch-interior.com\/fr\/wp-json\/wp\/v2\/product_cat?post=1008544"},{"taxonomy":"product_tag","embeddable":true,"href":"https:\/\/hubsch-interior.com\/fr\/wp-json\/wp\/v2\/product_tag?post=1008544"}],"curies":[{"name":"wp","href":"https:\/\/api.w.org\/{rel}","templated":true}]}}