{"id":1008564,"date":"2025-01-24T09:22:18","date_gmt":"2025-01-24T08:22:18","guid":{"rendered":"https:\/\/hubsch-interior.com\/product\/product\/"},"modified":"2026-04-09T04:21:01","modified_gmt":"2026-04-09T02:21:01","slug":"rocco-pouf-vert-clair","status":"publish","type":"product","link":"https:\/\/hubsch-interior.com\/fr\/produit\/rocco-pouf-vert-clair\/","title":{"rendered":"Rocco Pouf Vert Clair"},"content":{"rendered":"<p>D\u00e9couvrez le charmant Rocco Pouf, un \u00e9l\u00e9ment indispensable pour tout coin cosy de votre maison. Propos\u00e9 dans une splendide teinte de vert clair, ce mod\u00e8le est un hommage au confort \u00e9l\u00e9gant. Fabriqu\u00e9 en polyester durable, il pr\u00e9sente un magnifique m\u00e9lange de couleurs dans le tissu qui apporte une touche d&#8217;\u00e9l\u00e9gance \u00e0 toute pi\u00e8ce. Les d\u00e9tails de boutons offrent une touche classique, tandis que sa conception robuste se pr\u00eate \u00e0 merveille comme option de si\u00e8ge suppl\u00e9mentaire ou comme repose-pieds improvis\u00e9. Profitez du charme de ce pouf confortable et dodu dans votre espace de vie quotidien.<\/p>\n","protected":false},"excerpt":{"rendered":"<p>D\u00e9couvrez le charmant Rocco Pouf, un \u00e9l\u00e9ment indispensable pour tout coin cosy de votre maison. Propos\u00e9 dans une splendide teinte de vert clair, ce mod\u00e8le est un hommage au confort \u00e9l\u00e9gant. Fabriqu\u00e9 en polyester durable, il pr\u00e9sente un magnifique m\u00e9lange de couleurs dans le tissu qui apporte une touche d&#8217;\u00e9l\u00e9gance \u00e0 toute pi\u00e8ce. Les d\u00e9tails [&hellip;]<\/p>\n","protected":false},"featured_media":1094461,"template":"","meta":{"_acf_changed":false,"inline_featured_image":false},"product_brand":[],"product_cat":[6997,6322,2843,5457,3041,5030],"product_tag":[],"class_list":{"0":"post-1008564","1":"product","2":"type-product","3":"status-publish","4":"has-post-thumbnail","6":"product_cat-the-buzz-fr","7":"product_cat-fsc-fr","8":"product_cat-assises-fr","9":"product_cat-poufs-fr","10":"product_cat-tabouret-fr","11":"product_cat-de-nouveau-en-stock-fr","12":"product_shipping_class-pk","14":"pa_color-vert-clair-2","15":"pa_material-polyester-100-fr","17":"first","18":"instock","19":"taxable","20":"shipping-taxable","21":"purchasable","22":"product-type-simple"},"exclude_global_add_ons":[],"addons":[],"acf":[],"yoast_head":"<!-- This site is optimized with the Yoast SEO plugin v26.4 - https:\/\/yoast.com\/wordpress\/plugins\/seo\/ -->\n<title>Rocco Pouf Vert Clair - H\u00fcbsch<\/title>\n<meta name=\"description\" content=\"D\u00e9couvrez le charmant Rocco Pouf, un \u00e9l\u00e9ment indispensable pour tout coin cosy de votre maison. Propos\u00e9 dans une splendide teinte de vert clair, ce mod\u00e8le\" \/>\n<meta name=\"robots\" content=\"index, follow, max-snippet:-1, max-image-preview:large, max-video-preview:-1\" \/>\n<link rel=\"canonical\" href=\"https:\/\/hubsch-interior.com\/fr\/wp-json\/wp\/v2\/product\/1008564\" \/>\n<meta property=\"og:locale\" content=\"fr_FR\" \/>\n<meta property=\"og:type\" content=\"article\" \/>\n<meta property=\"og:title\" content=\"Rocco Pouf Vert Clair - H\u00fcbsch\" \/>\n<meta property=\"og:description\" content=\"D\u00e9couvrez le charmant Rocco Pouf, un \u00e9l\u00e9ment indispensable pour tout coin cosy de votre maison. Propos\u00e9 dans une splendide teinte de vert clair, ce mod\u00e8le\" \/>\n<meta property=\"og:url\" content=\"https:\/\/hubsch-interior.com\/fr\/produit\/rocco-pouf-vert-clair\/\" \/>\n<meta property=\"og:site_name\" content=\"H\u00fcbsch\" \/>\n<meta property=\"article:modified_time\" content=\"2026-04-09T02:21:01+00:00\" \/>\n<meta property=\"og:image\" content=\"https:\/\/hubsch-interior.com\/wp-content\/uploads\/2025\/01\/rocco-pouffe-light-green-e9ee971b4ac9e899237c0d32e6037e51.jpg\" \/>\n\t<meta property=\"og:image:width\" content=\"1200\" \/>\n\t<meta property=\"og:image:height\" content=\"1200\" \/>\n\t<meta property=\"og:image:type\" content=\"image\/jpeg\" \/>\n<meta name=\"twitter:card\" content=\"summary_large_image\" \/>\n<meta name=\"twitter:label1\" content=\"Dur\u00e9e de lecture estim\u00e9e\" \/>\n\t<meta name=\"twitter:data1\" content=\"1 minute\" \/>\n<script type=\"application\/ld+json\" class=\"yoast-schema-graph\">{\"@context\":\"https:\/\/schema.org\",\"@graph\":[{\"@type\":\"WebPage\",\"@id\":\"https:\/\/hubsch-interior.com\/fr\/produit\/rocco-pouf-vert-clair\/\",\"url\":\"https:\/\/hubsch-interior.com\/fr\/produit\/rocco-pouf-vert-clair\/\",\"name\":\"Rocco Pouf Vert Clair - H\u00fcbsch\",\"isPartOf\":{\"@id\":\"https:\/\/hubsch-interior.com\/fr\/#website\"},\"primaryImageOfPage\":{\"@id\":\"https:\/\/hubsch-interior.com\/fr\/produit\/rocco-pouf-vert-clair\/#primaryimage\"},\"image\":{\"@id\":\"https:\/\/hubsch-interior.com\/fr\/produit\/rocco-pouf-vert-clair\/#primaryimage\"},\"thumbnailUrl\":\"https:\/\/hubsch-interior.com\/wp-content\/uploads\/2026\/02\/rocco-pouffe-light-green-a7d70cb2d4b6f00502c8a41f25aeb30c.jpg\",\"datePublished\":\"2025-01-24T08:22:18+00:00\",\"dateModified\":\"2026-04-09T02:21:01+00:00\",\"description\":\"D\u00e9couvrez le charmant Rocco Pouf, un \u00e9l\u00e9ment indispensable pour tout coin cosy de votre maison. Propos\u00e9 dans une splendide teinte de vert clair, ce mod\u00e8le\",\"breadcrumb\":{\"@id\":\"https:\/\/hubsch-interior.com\/fr\/produit\/rocco-pouf-vert-clair\/#breadcrumb\"},\"inLanguage\":\"fr-FR\",\"potentialAction\":[{\"@type\":\"ReadAction\",\"target\":[\"https:\/\/hubsch-interior.com\/fr\/produit\/rocco-pouf-vert-clair\/\"]}]},{\"@type\":\"ImageObject\",\"inLanguage\":\"fr-FR\",\"@id\":\"https:\/\/hubsch-interior.com\/fr\/produit\/rocco-pouf-vert-clair\/#primaryimage\",\"url\":\"https:\/\/hubsch-interior.com\/wp-content\/uploads\/2026\/02\/rocco-pouffe-light-green-a7d70cb2d4b6f00502c8a41f25aeb30c.jpg\",\"contentUrl\":\"https:\/\/hubsch-interior.com\/wp-content\/uploads\/2026\/02\/rocco-pouffe-light-green-a7d70cb2d4b6f00502c8a41f25aeb30c.jpg\",\"width\":1024,\"height\":1024},{\"@type\":\"BreadcrumbList\",\"@id\":\"https:\/\/hubsch-interior.com\/fr\/produit\/rocco-pouf-vert-clair\/#breadcrumb\",\"itemListElement\":[{\"@type\":\"ListItem\",\"position\":1,\"name\":\"Page d'accueil\",\"item\":\"https:\/\/hubsch-interior.com\/fr\/\"},{\"@type\":\"ListItem\",\"position\":2,\"name\":\"Produits\",\"item\":\"https:\/\/hubsch-interior.com\/fr\/shop-2\/\"},{\"@type\":\"ListItem\",\"position\":3,\"name\":\"Meubles\",\"item\":\"https:\/\/hubsch-interior.com\/fr\/categorie-produit\/meubles\/\"},{\"@type\":\"ListItem\",\"position\":4,\"name\":\"Assises\",\"item\":\"https:\/\/hubsch-interior.com\/fr\/categorie-produit\/meubles\/assises-fr\/\"},{\"@type\":\"ListItem\",\"position\":5,\"name\":\"Poufs\",\"item\":\"https:\/\/hubsch-interior.com\/fr\/categorie-produit\/meubles\/assises-fr\/poufs-fr\/\"},{\"@type\":\"ListItem\",\"position\":6,\"name\":\"Rocco Pouf Vert Clair\"}]},{\"@type\":\"WebSite\",\"@id\":\"https:\/\/hubsch-interior.com\/fr\/#website\",\"url\":\"https:\/\/hubsch-interior.com\/fr\/\",\"name\":\"H\u00fcbsch\",\"description\":\"Danish Home Interior and Design\",\"publisher\":{\"@id\":\"https:\/\/hubsch-interior.com\/fr\/#organization\"},\"potentialAction\":[{\"@type\":\"SearchAction\",\"target\":{\"@type\":\"EntryPoint\",\"urlTemplate\":\"https:\/\/hubsch-interior.com\/fr\/?s={search_term_string}\"},\"query-input\":{\"@type\":\"PropertyValueSpecification\",\"valueRequired\":true,\"valueName\":\"search_term_string\"}}],\"inLanguage\":\"fr-FR\"},{\"@type\":\"Organization\",\"@id\":\"https:\/\/hubsch-interior.com\/fr\/#organization\",\"name\":\"H\u00fcbsch\",\"url\":\"https:\/\/hubsch-interior.com\/fr\/\",\"logo\":{\"@type\":\"ImageObject\",\"inLanguage\":\"fr-FR\",\"@id\":\"https:\/\/hubsch-interior.com\/fr\/#\/schema\/logo\/image\/\",\"url\":\"https:\/\/hubsch-interior.com\/wp-content\/uploads\/2022\/12\/Hubsch_logo_black_one_line.svg\",\"contentUrl\":\"https:\/\/hubsch-interior.com\/wp-content\/uploads\/2022\/12\/Hubsch_logo_black_one_line.svg\",\"caption\":\"H\u00fcbsch\"},\"image\":{\"@id\":\"https:\/\/hubsch-interior.com\/fr\/#\/schema\/logo\/image\/\"}}]}<\/script>\n<!-- \/ Yoast SEO plugin. -->","yoast_head_json":{"title":"Rocco Pouf Vert Clair - H\u00fcbsch","description":"D\u00e9couvrez le charmant Rocco Pouf, un \u00e9l\u00e9ment indispensable pour tout coin cosy de votre maison. Propos\u00e9 dans une splendide teinte de vert clair, ce mod\u00e8le","robots":{"index":"index","follow":"follow","max-snippet":"max-snippet:-1","max-image-preview":"max-image-preview:large","max-video-preview":"max-video-preview:-1"},"canonical":"https:\/\/hubsch-interior.com\/fr\/wp-json\/wp\/v2\/product\/1008564","og_locale":"fr_FR","og_type":"article","og_title":"Rocco Pouf Vert Clair - H\u00fcbsch","og_description":"D\u00e9couvrez le charmant Rocco Pouf, un \u00e9l\u00e9ment indispensable pour tout coin cosy de votre maison. Propos\u00e9 dans une splendide teinte de vert clair, ce mod\u00e8le","og_url":"https:\/\/hubsch-interior.com\/fr\/produit\/rocco-pouf-vert-clair\/","og_site_name":"H\u00fcbsch","article_modified_time":"2026-04-09T02:21:01+00:00","og_image":[{"width":1200,"height":1200,"url":"https:\/\/hubsch-interior.com\/wp-content\/uploads\/2025\/01\/rocco-pouffe-light-green-e9ee971b4ac9e899237c0d32e6037e51.jpg","type":"image\/jpeg"}],"twitter_card":"summary_large_image","twitter_misc":{"Dur\u00e9e de lecture estim\u00e9e":"1 minute"},"schema":{"@context":"https:\/\/schema.org","@graph":[{"@type":"WebPage","@id":"https:\/\/hubsch-interior.com\/fr\/produit\/rocco-pouf-vert-clair\/","url":"https:\/\/hubsch-interior.com\/fr\/produit\/rocco-pouf-vert-clair\/","name":"Rocco Pouf Vert Clair - H\u00fcbsch","isPartOf":{"@id":"https:\/\/hubsch-interior.com\/fr\/#website"},"primaryImageOfPage":{"@id":"https:\/\/hubsch-interior.com\/fr\/produit\/rocco-pouf-vert-clair\/#primaryimage"},"image":{"@id":"https:\/\/hubsch-interior.com\/fr\/produit\/rocco-pouf-vert-clair\/#primaryimage"},"thumbnailUrl":"https:\/\/hubsch-interior.com\/wp-content\/uploads\/2026\/02\/rocco-pouffe-light-green-a7d70cb2d4b6f00502c8a41f25aeb30c.jpg","datePublished":"2025-01-24T08:22:18+00:00","dateModified":"2026-04-09T02:21:01+00:00","description":"D\u00e9couvrez le charmant Rocco Pouf, un \u00e9l\u00e9ment indispensable pour tout coin cosy de votre maison. Propos\u00e9 dans une splendide teinte de vert clair, ce mod\u00e8le","breadcrumb":{"@id":"https:\/\/hubsch-interior.com\/fr\/produit\/rocco-pouf-vert-clair\/#breadcrumb"},"inLanguage":"fr-FR","potentialAction":[{"@type":"ReadAction","target":["https:\/\/hubsch-interior.com\/fr\/produit\/rocco-pouf-vert-clair\/"]}]},{"@type":"ImageObject","inLanguage":"fr-FR","@id":"https:\/\/hubsch-interior.com\/fr\/produit\/rocco-pouf-vert-clair\/#primaryimage","url":"https:\/\/hubsch-interior.com\/wp-content\/uploads\/2026\/02\/rocco-pouffe-light-green-a7d70cb2d4b6f00502c8a41f25aeb30c.jpg","contentUrl":"https:\/\/hubsch-interior.com\/wp-content\/uploads\/2026\/02\/rocco-pouffe-light-green-a7d70cb2d4b6f00502c8a41f25aeb30c.jpg","width":1024,"height":1024},{"@type":"BreadcrumbList","@id":"https:\/\/hubsch-interior.com\/fr\/produit\/rocco-pouf-vert-clair\/#breadcrumb","itemListElement":[{"@type":"ListItem","position":1,"name":"Page d'accueil","item":"https:\/\/hubsch-interior.com\/fr\/"},{"@type":"ListItem","position":2,"name":"Produits","item":"https:\/\/hubsch-interior.com\/fr\/shop-2\/"},{"@type":"ListItem","position":3,"name":"Meubles","item":"https:\/\/hubsch-interior.com\/fr\/categorie-produit\/meubles\/"},{"@type":"ListItem","position":4,"name":"Assises","item":"https:\/\/hubsch-interior.com\/fr\/categorie-produit\/meubles\/assises-fr\/"},{"@type":"ListItem","position":5,"name":"Poufs","item":"https:\/\/hubsch-interior.com\/fr\/categorie-produit\/meubles\/assises-fr\/poufs-fr\/"},{"@type":"ListItem","position":6,"name":"Rocco Pouf Vert Clair"}]},{"@type":"WebSite","@id":"https:\/\/hubsch-interior.com\/fr\/#website","url":"https:\/\/hubsch-interior.com\/fr\/","name":"H\u00fcbsch","description":"Danish Home Interior and Design","publisher":{"@id":"https:\/\/hubsch-interior.com\/fr\/#organization"},"potentialAction":[{"@type":"SearchAction","target":{"@type":"EntryPoint","urlTemplate":"https:\/\/hubsch-interior.com\/fr\/?s={search_term_string}"},"query-input":{"@type":"PropertyValueSpecification","valueRequired":true,"valueName":"search_term_string"}}],"inLanguage":"fr-FR"},{"@type":"Organization","@id":"https:\/\/hubsch-interior.com\/fr\/#organization","name":"H\u00fcbsch","url":"https:\/\/hubsch-interior.com\/fr\/","logo":{"@type":"ImageObject","inLanguage":"fr-FR","@id":"https:\/\/hubsch-interior.com\/fr\/#\/schema\/logo\/image\/","url":"https:\/\/hubsch-interior.com\/wp-content\/uploads\/2022\/12\/Hubsch_logo_black_one_line.svg","contentUrl":"https:\/\/hubsch-interior.com\/wp-content\/uploads\/2022\/12\/Hubsch_logo_black_one_line.svg","caption":"H\u00fcbsch"},"image":{"@id":"https:\/\/hubsch-interior.com\/fr\/#\/schema\/logo\/image\/"}}]}},"_links":{"self":[{"href":"https:\/\/hubsch-interior.com\/fr\/wp-json\/wp\/v2\/product\/1008564","targetHints":{"allow":["GET"]}}],"collection":[{"href":"https:\/\/hubsch-interior.com\/fr\/wp-json\/wp\/v2\/product"}],"about":[{"href":"https:\/\/hubsch-interior.com\/fr\/wp-json\/wp\/v2\/types\/product"}],"wp:featuredmedia":[{"embeddable":true,"href":"https:\/\/hubsch-interior.com\/fr\/wp-json\/wp\/v2\/media\/1094461"}],"wp:attachment":[{"href":"https:\/\/hubsch-interior.com\/fr\/wp-json\/wp\/v2\/media?parent=1008564"}],"wp:term":[{"taxonomy":"product_brand","embeddable":true,"href":"https:\/\/hubsch-interior.com\/fr\/wp-json\/wp\/v2\/product_brand?post=1008564"},{"taxonomy":"product_cat","embeddable":true,"href":"https:\/\/hubsch-interior.com\/fr\/wp-json\/wp\/v2\/product_cat?post=1008564"},{"taxonomy":"product_tag","embeddable":true,"href":"https:\/\/hubsch-interior.com\/fr\/wp-json\/wp\/v2\/product_tag?post=1008564"}],"curies":[{"name":"wp","href":"https:\/\/api.w.org\/{rel}","templated":true}]}}