{"id":1008636,"date":"2025-01-24T09:25:30","date_gmt":"2025-01-24T08:25:30","guid":{"rendered":"https:\/\/hubsch-interior.com\/product\/product\/"},"modified":"2026-04-11T04:20:38","modified_gmt":"2026-04-11T02:20:38","slug":"muted-coussin-d-vert-clair","status":"publish","type":"product","link":"https:\/\/hubsch-interior.com\/fr\/produit\/muted-coussin-d-vert-clair\/","title":{"rendered":"Muted  Coussin d Vert Clair"},"content":{"rendered":"<p>Un choix parfait pour ajouter un peu plus de confort \u00e0 votre chaise de salle \u00e0 manger ou votre banc : le Coussin d&#8217;assise Muted. Fabriqu\u00e9 en polyester durable, ce coussin ravissant offre non seulement du confort, mais aussi de la praticit\u00e9, car vous pouvez le placer et le retirer sans effort selon vos besoins. Disponible en trois variantes charmantes, il garantit que nous aimons tous un peu plus de confort, m\u00eame en mangeant. Optez pour cette \u00e9l\u00e9gante addition aujourd&#8217;hui et transformez vos si\u00e8ges int\u00e9rieurs en un havre de douceur et de style.<\/p>\n","protected":false},"excerpt":{"rendered":"<p>Un choix parfait pour ajouter un peu plus de confort \u00e0 votre chaise de salle \u00e0 manger ou votre banc : le Coussin d&#8217;assise Muted. Fabriqu\u00e9 en polyester durable, ce coussin ravissant offre non seulement du confort, mais aussi de la praticit\u00e9, car vous pouvez le placer et le retirer sans effort selon vos besoins. [&hellip;]<\/p>\n","protected":false},"featured_media":1094545,"template":"","meta":{"_acf_changed":false,"inline_featured_image":false},"product_brand":[],"product_cat":[6997,6322,3002,3003,5026],"product_tag":[],"class_list":{"0":"post-1008636","1":"product","2":"type-product","3":"status-publish","4":"has-post-thumbnail","6":"product_cat-the-buzz-fr","7":"product_cat-fsc-fr","8":"product_cat-textile","9":"product_cat-coussins-fr","10":"product_cat-bestsellers-fr","11":"product_shipping_class-pk","13":"pa_color-vert-clair-2","14":"pa_material-polyester-100-fr","16":"first","17":"instock","18":"featured","19":"taxable","20":"shipping-taxable","21":"purchasable","22":"product-type-simple"},"exclude_global_add_ons":[],"addons":[],"acf":[],"yoast_head":"<!-- This site is optimized with the Yoast SEO plugin v26.4 - https:\/\/yoast.com\/wordpress\/plugins\/seo\/ -->\n<title>Muted Coussin d Vert Clair - H\u00fcbsch<\/title>\n<meta name=\"description\" content=\"Un choix parfait pour ajouter un peu plus de confort \u00e0 votre chaise de salle \u00e0 manger ou votre banc : le Coussin d&#039;assise Muted. Fabriqu\u00e9 en polyester\" \/>\n<meta name=\"robots\" content=\"index, follow, max-snippet:-1, max-image-preview:large, max-video-preview:-1\" \/>\n<link rel=\"canonical\" href=\"https:\/\/hubsch-interior.com\/fr\/wp-json\/wp\/v2\/product\/1008636\" \/>\n<meta property=\"og:locale\" content=\"fr_FR\" \/>\n<meta property=\"og:type\" content=\"article\" \/>\n<meta property=\"og:title\" content=\"Muted Coussin d Vert Clair - H\u00fcbsch\" \/>\n<meta property=\"og:description\" content=\"Un choix parfait pour ajouter un peu plus de confort \u00e0 votre chaise de salle \u00e0 manger ou votre banc : le Coussin d&#039;assise Muted. Fabriqu\u00e9 en polyester\" \/>\n<meta property=\"og:url\" content=\"https:\/\/hubsch-interior.com\/fr\/produit\/muted-coussin-d-vert-clair\/\" \/>\n<meta property=\"og:site_name\" content=\"H\u00fcbsch\" \/>\n<meta property=\"article:modified_time\" content=\"2026-04-11T02:20:38+00:00\" \/>\n<meta property=\"og:image\" content=\"https:\/\/hubsch-interior.com\/wp-content\/uploads\/2025\/04\/muted-seat-cushion-light-green-0bfd461b36340c8a5d0664a92f851746.jpg\" \/>\n\t<meta property=\"og:image:width\" content=\"1200\" \/>\n\t<meta property=\"og:image:height\" content=\"1200\" \/>\n\t<meta property=\"og:image:type\" content=\"image\/jpeg\" \/>\n<meta name=\"twitter:card\" content=\"summary_large_image\" \/>\n<script type=\"application\/ld+json\" class=\"yoast-schema-graph\">{\"@context\":\"https:\/\/schema.org\",\"@graph\":[{\"@type\":\"WebPage\",\"@id\":\"https:\/\/hubsch-interior.com\/fr\/produit\/muted-coussin-d-vert-clair\/\",\"url\":\"https:\/\/hubsch-interior.com\/fr\/produit\/muted-coussin-d-vert-clair\/\",\"name\":\"Muted Coussin d Vert Clair - H\u00fcbsch\",\"isPartOf\":{\"@id\":\"https:\/\/hubsch-interior.com\/fr\/#website\"},\"primaryImageOfPage\":{\"@id\":\"https:\/\/hubsch-interior.com\/fr\/produit\/muted-coussin-d-vert-clair\/#primaryimage\"},\"image\":{\"@id\":\"https:\/\/hubsch-interior.com\/fr\/produit\/muted-coussin-d-vert-clair\/#primaryimage\"},\"thumbnailUrl\":\"https:\/\/hubsch-interior.com\/wp-content\/uploads\/2026\/02\/muted-seat-cushion-light-green-87506033aeba1cc951460958254ae0b4.jpg\",\"datePublished\":\"2025-01-24T08:25:30+00:00\",\"dateModified\":\"2026-04-11T02:20:38+00:00\",\"description\":\"Un choix parfait pour ajouter un peu plus de confort \u00e0 votre chaise de salle \u00e0 manger ou votre banc : le Coussin d'assise Muted. Fabriqu\u00e9 en polyester\",\"breadcrumb\":{\"@id\":\"https:\/\/hubsch-interior.com\/fr\/produit\/muted-coussin-d-vert-clair\/#breadcrumb\"},\"inLanguage\":\"fr-FR\",\"potentialAction\":[{\"@type\":\"ReadAction\",\"target\":[\"https:\/\/hubsch-interior.com\/fr\/produit\/muted-coussin-d-vert-clair\/\"]}]},{\"@type\":\"ImageObject\",\"inLanguage\":\"fr-FR\",\"@id\":\"https:\/\/hubsch-interior.com\/fr\/produit\/muted-coussin-d-vert-clair\/#primaryimage\",\"url\":\"https:\/\/hubsch-interior.com\/wp-content\/uploads\/2026\/02\/muted-seat-cushion-light-green-87506033aeba1cc951460958254ae0b4.jpg\",\"contentUrl\":\"https:\/\/hubsch-interior.com\/wp-content\/uploads\/2026\/02\/muted-seat-cushion-light-green-87506033aeba1cc951460958254ae0b4.jpg\",\"width\":1024,\"height\":1024},{\"@type\":\"BreadcrumbList\",\"@id\":\"https:\/\/hubsch-interior.com\/fr\/produit\/muted-coussin-d-vert-clair\/#breadcrumb\",\"itemListElement\":[{\"@type\":\"ListItem\",\"position\":1,\"name\":\"Page d'accueil\",\"item\":\"https:\/\/hubsch-interior.com\/fr\/\"},{\"@type\":\"ListItem\",\"position\":2,\"name\":\"Produits\",\"item\":\"https:\/\/hubsch-interior.com\/fr\/shop-2\/\"},{\"@type\":\"ListItem\",\"position\":3,\"name\":\"Textiles\",\"item\":\"https:\/\/hubsch-interior.com\/fr\/categorie-produit\/textile\/\"},{\"@type\":\"ListItem\",\"position\":4,\"name\":\"Coussins\",\"item\":\"https:\/\/hubsch-interior.com\/fr\/categorie-produit\/textile\/coussins-fr\/\"},{\"@type\":\"ListItem\",\"position\":5,\"name\":\"Muted Coussin d Vert Clair\"}]},{\"@type\":\"WebSite\",\"@id\":\"https:\/\/hubsch-interior.com\/fr\/#website\",\"url\":\"https:\/\/hubsch-interior.com\/fr\/\",\"name\":\"H\u00fcbsch\",\"description\":\"Danish Home Interior and Design\",\"publisher\":{\"@id\":\"https:\/\/hubsch-interior.com\/fr\/#organization\"},\"potentialAction\":[{\"@type\":\"SearchAction\",\"target\":{\"@type\":\"EntryPoint\",\"urlTemplate\":\"https:\/\/hubsch-interior.com\/fr\/?s={search_term_string}\"},\"query-input\":{\"@type\":\"PropertyValueSpecification\",\"valueRequired\":true,\"valueName\":\"search_term_string\"}}],\"inLanguage\":\"fr-FR\"},{\"@type\":\"Organization\",\"@id\":\"https:\/\/hubsch-interior.com\/fr\/#organization\",\"name\":\"H\u00fcbsch\",\"url\":\"https:\/\/hubsch-interior.com\/fr\/\",\"logo\":{\"@type\":\"ImageObject\",\"inLanguage\":\"fr-FR\",\"@id\":\"https:\/\/hubsch-interior.com\/fr\/#\/schema\/logo\/image\/\",\"url\":\"https:\/\/hubsch-interior.com\/wp-content\/uploads\/2022\/12\/Hubsch_logo_black_one_line.svg\",\"contentUrl\":\"https:\/\/hubsch-interior.com\/wp-content\/uploads\/2022\/12\/Hubsch_logo_black_one_line.svg\",\"caption\":\"H\u00fcbsch\"},\"image\":{\"@id\":\"https:\/\/hubsch-interior.com\/fr\/#\/schema\/logo\/image\/\"}}]}<\/script>\n<!-- \/ Yoast SEO plugin. -->","yoast_head_json":{"title":"Muted Coussin d Vert Clair - H\u00fcbsch","description":"Un choix parfait pour ajouter un peu plus de confort \u00e0 votre chaise de salle \u00e0 manger ou votre banc : le Coussin d'assise Muted. Fabriqu\u00e9 en polyester","robots":{"index":"index","follow":"follow","max-snippet":"max-snippet:-1","max-image-preview":"max-image-preview:large","max-video-preview":"max-video-preview:-1"},"canonical":"https:\/\/hubsch-interior.com\/fr\/wp-json\/wp\/v2\/product\/1008636","og_locale":"fr_FR","og_type":"article","og_title":"Muted Coussin d Vert Clair - H\u00fcbsch","og_description":"Un choix parfait pour ajouter un peu plus de confort \u00e0 votre chaise de salle \u00e0 manger ou votre banc : le Coussin d'assise Muted. Fabriqu\u00e9 en polyester","og_url":"https:\/\/hubsch-interior.com\/fr\/produit\/muted-coussin-d-vert-clair\/","og_site_name":"H\u00fcbsch","article_modified_time":"2026-04-11T02:20:38+00:00","og_image":[{"width":1200,"height":1200,"url":"https:\/\/hubsch-interior.com\/wp-content\/uploads\/2025\/04\/muted-seat-cushion-light-green-0bfd461b36340c8a5d0664a92f851746.jpg","type":"image\/jpeg"}],"twitter_card":"summary_large_image","schema":{"@context":"https:\/\/schema.org","@graph":[{"@type":"WebPage","@id":"https:\/\/hubsch-interior.com\/fr\/produit\/muted-coussin-d-vert-clair\/","url":"https:\/\/hubsch-interior.com\/fr\/produit\/muted-coussin-d-vert-clair\/","name":"Muted Coussin d Vert Clair - H\u00fcbsch","isPartOf":{"@id":"https:\/\/hubsch-interior.com\/fr\/#website"},"primaryImageOfPage":{"@id":"https:\/\/hubsch-interior.com\/fr\/produit\/muted-coussin-d-vert-clair\/#primaryimage"},"image":{"@id":"https:\/\/hubsch-interior.com\/fr\/produit\/muted-coussin-d-vert-clair\/#primaryimage"},"thumbnailUrl":"https:\/\/hubsch-interior.com\/wp-content\/uploads\/2026\/02\/muted-seat-cushion-light-green-87506033aeba1cc951460958254ae0b4.jpg","datePublished":"2025-01-24T08:25:30+00:00","dateModified":"2026-04-11T02:20:38+00:00","description":"Un choix parfait pour ajouter un peu plus de confort \u00e0 votre chaise de salle \u00e0 manger ou votre banc : le Coussin d'assise Muted. Fabriqu\u00e9 en polyester","breadcrumb":{"@id":"https:\/\/hubsch-interior.com\/fr\/produit\/muted-coussin-d-vert-clair\/#breadcrumb"},"inLanguage":"fr-FR","potentialAction":[{"@type":"ReadAction","target":["https:\/\/hubsch-interior.com\/fr\/produit\/muted-coussin-d-vert-clair\/"]}]},{"@type":"ImageObject","inLanguage":"fr-FR","@id":"https:\/\/hubsch-interior.com\/fr\/produit\/muted-coussin-d-vert-clair\/#primaryimage","url":"https:\/\/hubsch-interior.com\/wp-content\/uploads\/2026\/02\/muted-seat-cushion-light-green-87506033aeba1cc951460958254ae0b4.jpg","contentUrl":"https:\/\/hubsch-interior.com\/wp-content\/uploads\/2026\/02\/muted-seat-cushion-light-green-87506033aeba1cc951460958254ae0b4.jpg","width":1024,"height":1024},{"@type":"BreadcrumbList","@id":"https:\/\/hubsch-interior.com\/fr\/produit\/muted-coussin-d-vert-clair\/#breadcrumb","itemListElement":[{"@type":"ListItem","position":1,"name":"Page d'accueil","item":"https:\/\/hubsch-interior.com\/fr\/"},{"@type":"ListItem","position":2,"name":"Produits","item":"https:\/\/hubsch-interior.com\/fr\/shop-2\/"},{"@type":"ListItem","position":3,"name":"Textiles","item":"https:\/\/hubsch-interior.com\/fr\/categorie-produit\/textile\/"},{"@type":"ListItem","position":4,"name":"Coussins","item":"https:\/\/hubsch-interior.com\/fr\/categorie-produit\/textile\/coussins-fr\/"},{"@type":"ListItem","position":5,"name":"Muted Coussin d Vert Clair"}]},{"@type":"WebSite","@id":"https:\/\/hubsch-interior.com\/fr\/#website","url":"https:\/\/hubsch-interior.com\/fr\/","name":"H\u00fcbsch","description":"Danish Home Interior and Design","publisher":{"@id":"https:\/\/hubsch-interior.com\/fr\/#organization"},"potentialAction":[{"@type":"SearchAction","target":{"@type":"EntryPoint","urlTemplate":"https:\/\/hubsch-interior.com\/fr\/?s={search_term_string}"},"query-input":{"@type":"PropertyValueSpecification","valueRequired":true,"valueName":"search_term_string"}}],"inLanguage":"fr-FR"},{"@type":"Organization","@id":"https:\/\/hubsch-interior.com\/fr\/#organization","name":"H\u00fcbsch","url":"https:\/\/hubsch-interior.com\/fr\/","logo":{"@type":"ImageObject","inLanguage":"fr-FR","@id":"https:\/\/hubsch-interior.com\/fr\/#\/schema\/logo\/image\/","url":"https:\/\/hubsch-interior.com\/wp-content\/uploads\/2022\/12\/Hubsch_logo_black_one_line.svg","contentUrl":"https:\/\/hubsch-interior.com\/wp-content\/uploads\/2022\/12\/Hubsch_logo_black_one_line.svg","caption":"H\u00fcbsch"},"image":{"@id":"https:\/\/hubsch-interior.com\/fr\/#\/schema\/logo\/image\/"}}]}},"_links":{"self":[{"href":"https:\/\/hubsch-interior.com\/fr\/wp-json\/wp\/v2\/product\/1008636","targetHints":{"allow":["GET"]}}],"collection":[{"href":"https:\/\/hubsch-interior.com\/fr\/wp-json\/wp\/v2\/product"}],"about":[{"href":"https:\/\/hubsch-interior.com\/fr\/wp-json\/wp\/v2\/types\/product"}],"wp:featuredmedia":[{"embeddable":true,"href":"https:\/\/hubsch-interior.com\/fr\/wp-json\/wp\/v2\/media\/1094545"}],"wp:attachment":[{"href":"https:\/\/hubsch-interior.com\/fr\/wp-json\/wp\/v2\/media?parent=1008636"}],"wp:term":[{"taxonomy":"product_brand","embeddable":true,"href":"https:\/\/hubsch-interior.com\/fr\/wp-json\/wp\/v2\/product_brand?post=1008636"},{"taxonomy":"product_cat","embeddable":true,"href":"https:\/\/hubsch-interior.com\/fr\/wp-json\/wp\/v2\/product_cat?post=1008636"},{"taxonomy":"product_tag","embeddable":true,"href":"https:\/\/hubsch-interior.com\/fr\/wp-json\/wp\/v2\/product_tag?post=1008636"}],"curies":[{"name":"wp","href":"https:\/\/api.w.org\/{rel}","templated":true}]}}