{"id":1008674,"date":"2025-01-24T09:26:56","date_gmt":"2025-01-24T08:26:56","guid":{"rendered":"https:\/\/hubsch-interior.com\/product\/product\/"},"modified":"2026-04-05T04:21:25","modified_gmt":"2026-04-05T02:21:25","slug":"marshmellow-pouf-large-vert-clair","status":"publish","type":"product","link":"https:\/\/hubsch-interior.com\/fr\/produit\/marshmellow-pouf-large-vert-clair\/","title":{"rendered":"Marshmellow Pouf Large Vert Clair"},"content":{"rendered":"<p>Nous vous pr\u00e9sentons le Pouf Marshmellow \u2014 un pouf classique qui allie avec aisance style et fonctionnalit\u00e9. Disponible en trois charmantes variantes, ce mod\u00e8le est confectionn\u00e9 en polyester de premi\u00e8re qualit\u00e9, garantissant durabilit\u00e9 et facilit\u00e9 d&#8217;entretien. Que vous recherchiez un si\u00e8ge suppl\u00e9mentaire confortable ou un repose-pieds robuste, ce pouf r\u00e9pond \u00e0 ces deux besoins, en faisant un ajout parfait \u00e0 votre espace de vie. Id\u00e9al pour des soir\u00e9es douillettes ou comme un \u00e9l\u00e9ment d\u00e9coratif charmant dans n&#8217;importe quelle pi\u00e8ce.<\/p>\n","protected":false},"excerpt":{"rendered":"<p>Nous vous pr\u00e9sentons le Pouf Marshmellow \u2014 un pouf classique qui allie avec aisance style et fonctionnalit\u00e9. Disponible en trois charmantes variantes, ce mod\u00e8le est confectionn\u00e9 en polyester de premi\u00e8re qualit\u00e9, garantissant durabilit\u00e9 et facilit\u00e9 d&#8217;entretien. Que vous recherchiez un si\u00e8ge suppl\u00e9mentaire confortable ou un repose-pieds robuste, ce pouf r\u00e9pond \u00e0 ces deux besoins, en [&hellip;]<\/p>\n","protected":false},"featured_media":1094577,"template":"","meta":{"_acf_changed":false,"inline_featured_image":false},"product_brand":[],"product_cat":[2843,5026,5457,6997],"product_tag":[],"class_list":{"0":"post-1008674","1":"product","2":"type-product","3":"status-publish","4":"has-post-thumbnail","6":"product_cat-assises-fr","7":"product_cat-bestsellers-fr","8":"product_cat-poufs-fr","9":"product_cat-the-buzz-fr","10":"product_shipping_class-pk","12":"pa_color-vert-clair-2","13":"pa_material-polyester-100-fr","15":"first","16":"outofstock","17":"featured","18":"taxable","19":"shipping-taxable","20":"purchasable","21":"product-type-simple"},"exclude_global_add_ons":[],"addons":[],"acf":[],"yoast_head":"<!-- This site is optimized with the Yoast SEO plugin v26.4 - https:\/\/yoast.com\/wordpress\/plugins\/seo\/ -->\n<title>Marshmellow Pouf Large Vert Clair - H\u00fcbsch<\/title>\n<meta name=\"description\" content=\"Nous vous pr\u00e9sentons le Pouf Marshmellow \u2014 un pouf classique qui allie avec aisance style et fonctionnalit\u00e9. Disponible en trois charmantes variantes, ce\" \/>\n<meta name=\"robots\" content=\"index, follow, max-snippet:-1, max-image-preview:large, max-video-preview:-1\" \/>\n<link rel=\"canonical\" href=\"https:\/\/hubsch-interior.com\/fr\/wp-json\/wp\/v2\/product\/1008674\" \/>\n<meta property=\"og:locale\" content=\"fr_FR\" \/>\n<meta property=\"og:type\" content=\"article\" \/>\n<meta property=\"og:title\" content=\"Marshmellow Pouf Large Vert Clair - H\u00fcbsch\" \/>\n<meta property=\"og:description\" content=\"Nous vous pr\u00e9sentons le Pouf Marshmellow \u2014 un pouf classique qui allie avec aisance style et fonctionnalit\u00e9. Disponible en trois charmantes variantes, ce\" \/>\n<meta property=\"og:url\" content=\"https:\/\/hubsch-interior.com\/fr\/produit\/marshmellow-pouf-large-vert-clair\/\" \/>\n<meta property=\"og:site_name\" content=\"H\u00fcbsch\" \/>\n<meta property=\"article:modified_time\" content=\"2026-04-05T02:21:25+00:00\" \/>\n<meta property=\"og:image\" content=\"https:\/\/hubsch-interior.com\/wp-content\/uploads\/2025\/01\/marshmellow-pouffe-large-light-green-11d040508e139a98ec10dd78b228c160.jpg\" \/>\n\t<meta property=\"og:image:width\" content=\"1200\" \/>\n\t<meta property=\"og:image:height\" content=\"1200\" \/>\n\t<meta property=\"og:image:type\" content=\"image\/jpeg\" \/>\n<meta name=\"twitter:card\" content=\"summary_large_image\" \/>\n<script type=\"application\/ld+json\" class=\"yoast-schema-graph\">{\"@context\":\"https:\/\/schema.org\",\"@graph\":[{\"@type\":\"WebPage\",\"@id\":\"https:\/\/hubsch-interior.com\/fr\/produit\/marshmellow-pouf-large-vert-clair\/\",\"url\":\"https:\/\/hubsch-interior.com\/fr\/produit\/marshmellow-pouf-large-vert-clair\/\",\"name\":\"Marshmellow Pouf Large Vert Clair - H\u00fcbsch\",\"isPartOf\":{\"@id\":\"https:\/\/hubsch-interior.com\/fr\/#website\"},\"primaryImageOfPage\":{\"@id\":\"https:\/\/hubsch-interior.com\/fr\/produit\/marshmellow-pouf-large-vert-clair\/#primaryimage\"},\"image\":{\"@id\":\"https:\/\/hubsch-interior.com\/fr\/produit\/marshmellow-pouf-large-vert-clair\/#primaryimage\"},\"thumbnailUrl\":\"https:\/\/hubsch-interior.com\/wp-content\/uploads\/2026\/02\/marshmellow-pouffe-large-light-green-ea30177b8ef03706103818bc5ecc6734.jpg\",\"datePublished\":\"2025-01-24T08:26:56+00:00\",\"dateModified\":\"2026-04-05T02:21:25+00:00\",\"description\":\"Nous vous pr\u00e9sentons le Pouf Marshmellow \u2014 un pouf classique qui allie avec aisance style et fonctionnalit\u00e9. Disponible en trois charmantes variantes, ce\",\"breadcrumb\":{\"@id\":\"https:\/\/hubsch-interior.com\/fr\/produit\/marshmellow-pouf-large-vert-clair\/#breadcrumb\"},\"inLanguage\":\"fr-FR\",\"potentialAction\":[{\"@type\":\"ReadAction\",\"target\":[\"https:\/\/hubsch-interior.com\/fr\/produit\/marshmellow-pouf-large-vert-clair\/\"]}]},{\"@type\":\"ImageObject\",\"inLanguage\":\"fr-FR\",\"@id\":\"https:\/\/hubsch-interior.com\/fr\/produit\/marshmellow-pouf-large-vert-clair\/#primaryimage\",\"url\":\"https:\/\/hubsch-interior.com\/wp-content\/uploads\/2026\/02\/marshmellow-pouffe-large-light-green-ea30177b8ef03706103818bc5ecc6734.jpg\",\"contentUrl\":\"https:\/\/hubsch-interior.com\/wp-content\/uploads\/2026\/02\/marshmellow-pouffe-large-light-green-ea30177b8ef03706103818bc5ecc6734.jpg\",\"width\":1024,\"height\":1024},{\"@type\":\"BreadcrumbList\",\"@id\":\"https:\/\/hubsch-interior.com\/fr\/produit\/marshmellow-pouf-large-vert-clair\/#breadcrumb\",\"itemListElement\":[{\"@type\":\"ListItem\",\"position\":1,\"name\":\"Page d'accueil\",\"item\":\"https:\/\/hubsch-interior.com\/fr\/\"},{\"@type\":\"ListItem\",\"position\":2,\"name\":\"Produits\",\"item\":\"https:\/\/hubsch-interior.com\/fr\/shop-2\/\"},{\"@type\":\"ListItem\",\"position\":3,\"name\":\"Meubles\",\"item\":\"https:\/\/hubsch-interior.com\/fr\/categorie-produit\/meubles\/\"},{\"@type\":\"ListItem\",\"position\":4,\"name\":\"Assises\",\"item\":\"https:\/\/hubsch-interior.com\/fr\/categorie-produit\/meubles\/assises-fr\/\"},{\"@type\":\"ListItem\",\"position\":5,\"name\":\"Poufs\",\"item\":\"https:\/\/hubsch-interior.com\/fr\/categorie-produit\/meubles\/assises-fr\/poufs-fr\/\"},{\"@type\":\"ListItem\",\"position\":6,\"name\":\"Marshmellow Pouf Large Vert Clair\"}]},{\"@type\":\"WebSite\",\"@id\":\"https:\/\/hubsch-interior.com\/fr\/#website\",\"url\":\"https:\/\/hubsch-interior.com\/fr\/\",\"name\":\"H\u00fcbsch\",\"description\":\"Danish Home Interior and Design\",\"publisher\":{\"@id\":\"https:\/\/hubsch-interior.com\/fr\/#organization\"},\"potentialAction\":[{\"@type\":\"SearchAction\",\"target\":{\"@type\":\"EntryPoint\",\"urlTemplate\":\"https:\/\/hubsch-interior.com\/fr\/?s={search_term_string}\"},\"query-input\":{\"@type\":\"PropertyValueSpecification\",\"valueRequired\":true,\"valueName\":\"search_term_string\"}}],\"inLanguage\":\"fr-FR\"},{\"@type\":\"Organization\",\"@id\":\"https:\/\/hubsch-interior.com\/fr\/#organization\",\"name\":\"H\u00fcbsch\",\"url\":\"https:\/\/hubsch-interior.com\/fr\/\",\"logo\":{\"@type\":\"ImageObject\",\"inLanguage\":\"fr-FR\",\"@id\":\"https:\/\/hubsch-interior.com\/fr\/#\/schema\/logo\/image\/\",\"url\":\"https:\/\/hubsch-interior.com\/wp-content\/uploads\/2022\/12\/Hubsch_logo_black_one_line.svg\",\"contentUrl\":\"https:\/\/hubsch-interior.com\/wp-content\/uploads\/2022\/12\/Hubsch_logo_black_one_line.svg\",\"caption\":\"H\u00fcbsch\"},\"image\":{\"@id\":\"https:\/\/hubsch-interior.com\/fr\/#\/schema\/logo\/image\/\"}}]}<\/script>\n<!-- \/ Yoast SEO plugin. -->","yoast_head_json":{"title":"Marshmellow Pouf Large Vert Clair - H\u00fcbsch","description":"Nous vous pr\u00e9sentons le Pouf Marshmellow \u2014 un pouf classique qui allie avec aisance style et fonctionnalit\u00e9. Disponible en trois charmantes variantes, ce","robots":{"index":"index","follow":"follow","max-snippet":"max-snippet:-1","max-image-preview":"max-image-preview:large","max-video-preview":"max-video-preview:-1"},"canonical":"https:\/\/hubsch-interior.com\/fr\/wp-json\/wp\/v2\/product\/1008674","og_locale":"fr_FR","og_type":"article","og_title":"Marshmellow Pouf Large Vert Clair - H\u00fcbsch","og_description":"Nous vous pr\u00e9sentons le Pouf Marshmellow \u2014 un pouf classique qui allie avec aisance style et fonctionnalit\u00e9. Disponible en trois charmantes variantes, ce","og_url":"https:\/\/hubsch-interior.com\/fr\/produit\/marshmellow-pouf-large-vert-clair\/","og_site_name":"H\u00fcbsch","article_modified_time":"2026-04-05T02:21:25+00:00","og_image":[{"width":1200,"height":1200,"url":"https:\/\/hubsch-interior.com\/wp-content\/uploads\/2025\/01\/marshmellow-pouffe-large-light-green-11d040508e139a98ec10dd78b228c160.jpg","type":"image\/jpeg"}],"twitter_card":"summary_large_image","schema":{"@context":"https:\/\/schema.org","@graph":[{"@type":"WebPage","@id":"https:\/\/hubsch-interior.com\/fr\/produit\/marshmellow-pouf-large-vert-clair\/","url":"https:\/\/hubsch-interior.com\/fr\/produit\/marshmellow-pouf-large-vert-clair\/","name":"Marshmellow Pouf Large Vert Clair - H\u00fcbsch","isPartOf":{"@id":"https:\/\/hubsch-interior.com\/fr\/#website"},"primaryImageOfPage":{"@id":"https:\/\/hubsch-interior.com\/fr\/produit\/marshmellow-pouf-large-vert-clair\/#primaryimage"},"image":{"@id":"https:\/\/hubsch-interior.com\/fr\/produit\/marshmellow-pouf-large-vert-clair\/#primaryimage"},"thumbnailUrl":"https:\/\/hubsch-interior.com\/wp-content\/uploads\/2026\/02\/marshmellow-pouffe-large-light-green-ea30177b8ef03706103818bc5ecc6734.jpg","datePublished":"2025-01-24T08:26:56+00:00","dateModified":"2026-04-05T02:21:25+00:00","description":"Nous vous pr\u00e9sentons le Pouf Marshmellow \u2014 un pouf classique qui allie avec aisance style et fonctionnalit\u00e9. Disponible en trois charmantes variantes, ce","breadcrumb":{"@id":"https:\/\/hubsch-interior.com\/fr\/produit\/marshmellow-pouf-large-vert-clair\/#breadcrumb"},"inLanguage":"fr-FR","potentialAction":[{"@type":"ReadAction","target":["https:\/\/hubsch-interior.com\/fr\/produit\/marshmellow-pouf-large-vert-clair\/"]}]},{"@type":"ImageObject","inLanguage":"fr-FR","@id":"https:\/\/hubsch-interior.com\/fr\/produit\/marshmellow-pouf-large-vert-clair\/#primaryimage","url":"https:\/\/hubsch-interior.com\/wp-content\/uploads\/2026\/02\/marshmellow-pouffe-large-light-green-ea30177b8ef03706103818bc5ecc6734.jpg","contentUrl":"https:\/\/hubsch-interior.com\/wp-content\/uploads\/2026\/02\/marshmellow-pouffe-large-light-green-ea30177b8ef03706103818bc5ecc6734.jpg","width":1024,"height":1024},{"@type":"BreadcrumbList","@id":"https:\/\/hubsch-interior.com\/fr\/produit\/marshmellow-pouf-large-vert-clair\/#breadcrumb","itemListElement":[{"@type":"ListItem","position":1,"name":"Page d'accueil","item":"https:\/\/hubsch-interior.com\/fr\/"},{"@type":"ListItem","position":2,"name":"Produits","item":"https:\/\/hubsch-interior.com\/fr\/shop-2\/"},{"@type":"ListItem","position":3,"name":"Meubles","item":"https:\/\/hubsch-interior.com\/fr\/categorie-produit\/meubles\/"},{"@type":"ListItem","position":4,"name":"Assises","item":"https:\/\/hubsch-interior.com\/fr\/categorie-produit\/meubles\/assises-fr\/"},{"@type":"ListItem","position":5,"name":"Poufs","item":"https:\/\/hubsch-interior.com\/fr\/categorie-produit\/meubles\/assises-fr\/poufs-fr\/"},{"@type":"ListItem","position":6,"name":"Marshmellow Pouf Large Vert Clair"}]},{"@type":"WebSite","@id":"https:\/\/hubsch-interior.com\/fr\/#website","url":"https:\/\/hubsch-interior.com\/fr\/","name":"H\u00fcbsch","description":"Danish Home Interior and Design","publisher":{"@id":"https:\/\/hubsch-interior.com\/fr\/#organization"},"potentialAction":[{"@type":"SearchAction","target":{"@type":"EntryPoint","urlTemplate":"https:\/\/hubsch-interior.com\/fr\/?s={search_term_string}"},"query-input":{"@type":"PropertyValueSpecification","valueRequired":true,"valueName":"search_term_string"}}],"inLanguage":"fr-FR"},{"@type":"Organization","@id":"https:\/\/hubsch-interior.com\/fr\/#organization","name":"H\u00fcbsch","url":"https:\/\/hubsch-interior.com\/fr\/","logo":{"@type":"ImageObject","inLanguage":"fr-FR","@id":"https:\/\/hubsch-interior.com\/fr\/#\/schema\/logo\/image\/","url":"https:\/\/hubsch-interior.com\/wp-content\/uploads\/2022\/12\/Hubsch_logo_black_one_line.svg","contentUrl":"https:\/\/hubsch-interior.com\/wp-content\/uploads\/2022\/12\/Hubsch_logo_black_one_line.svg","caption":"H\u00fcbsch"},"image":{"@id":"https:\/\/hubsch-interior.com\/fr\/#\/schema\/logo\/image\/"}}]}},"_links":{"self":[{"href":"https:\/\/hubsch-interior.com\/fr\/wp-json\/wp\/v2\/product\/1008674","targetHints":{"allow":["GET"]}}],"collection":[{"href":"https:\/\/hubsch-interior.com\/fr\/wp-json\/wp\/v2\/product"}],"about":[{"href":"https:\/\/hubsch-interior.com\/fr\/wp-json\/wp\/v2\/types\/product"}],"wp:featuredmedia":[{"embeddable":true,"href":"https:\/\/hubsch-interior.com\/fr\/wp-json\/wp\/v2\/media\/1094577"}],"wp:attachment":[{"href":"https:\/\/hubsch-interior.com\/fr\/wp-json\/wp\/v2\/media?parent=1008674"}],"wp:term":[{"taxonomy":"product_brand","embeddable":true,"href":"https:\/\/hubsch-interior.com\/fr\/wp-json\/wp\/v2\/product_brand?post=1008674"},{"taxonomy":"product_cat","embeddable":true,"href":"https:\/\/hubsch-interior.com\/fr\/wp-json\/wp\/v2\/product_cat?post=1008674"},{"taxonomy":"product_tag","embeddable":true,"href":"https:\/\/hubsch-interior.com\/fr\/wp-json\/wp\/v2\/product_tag?post=1008674"}],"curies":[{"name":"wp","href":"https:\/\/api.w.org\/{rel}","templated":true}]}}