{"id":1008706,"date":"2025-01-24T09:27:43","date_gmt":"2025-01-24T08:27:43","guid":{"rendered":"https:\/\/hubsch-interior.com\/product\/product\/"},"modified":"2026-04-08T04:36:04","modified_gmt":"2026-04-08T02:36:04","slug":"ori-coussin-violet-beige","status":"publish","type":"product","link":"https:\/\/hubsch-interior.com\/fr\/produit\/ori-coussin-violet-beige\/","title":{"rendered":"Ori Coussin Violet\/Beige"},"content":{"rendered":"<p>D\u00e9couvrez le confort enchanteur du Coussin Ori, une magnifique pi\u00e8ce tiss\u00e9e agr\u00e9ment\u00e9e d&#8217;une touche d\u00e9licate de violet et d&#8217;une couleur sable douce. Certifi\u00e9 OEKO-TEX\u00ae STANDARD 100, ce coussin assure une douceur in\u00e9gal\u00e9e \u00e0 chaque \u00e9treinte. Parfaitement adapt\u00e9 \u00e0 votre coin douillet, associez-le \u00e0 d&#8217;autres coussins pour cr\u00e9er un espace ludique et accueillant directement dans votre salon. Laissez-vous s\u00e9duire par le charme et la chaleur d&#8217;Ori, o\u00f9 le confort rencontre l&#8217;\u00e9l\u00e9gance.<\/p>\n","protected":false},"excerpt":{"rendered":"<p>D\u00e9couvrez le confort enchanteur du Coussin Ori, une magnifique pi\u00e8ce tiss\u00e9e agr\u00e9ment\u00e9e d&#8217;une touche d\u00e9licate de violet et d&#8217;une couleur sable douce. Certifi\u00e9 OEKO-TEX\u00ae STANDARD 100, ce coussin assure une douceur in\u00e9gal\u00e9e \u00e0 chaque \u00e9treinte. Parfaitement adapt\u00e9 \u00e0 votre coin douillet, associez-le \u00e0 d&#8217;autres coussins pour cr\u00e9er un espace ludique et accueillant directement dans votre [&hellip;]<\/p>\n","protected":false},"featured_media":1098430,"template":"","meta":{"_acf_changed":false,"inline_featured_image":false},"product_brand":[],"product_cat":[6997,3002,3003],"product_tag":[],"class_list":{"0":"post-1008706","1":"product","2":"type-product","3":"status-publish","4":"has-post-thumbnail","6":"product_cat-the-buzz-fr","7":"product_cat-textile","8":"product_cat-coussins-fr","9":"product_shipping_class-pk","10":"pa_color-beige-3","11":"pa_color-violet","13":"first","14":"instock","15":"taxable","16":"shipping-taxable","17":"purchasable","18":"product-type-simple"},"exclude_global_add_ons":[],"addons":[],"acf":[],"yoast_head":"<!-- This site is optimized with the Yoast SEO plugin v26.4 - https:\/\/yoast.com\/wordpress\/plugins\/seo\/ -->\n<title>Ori Coussin Violet\/Beige - H\u00fcbsch<\/title>\n<meta name=\"description\" content=\"D\u00e9couvrez le confort enchanteur du Coussin Ori, une magnifique pi\u00e8ce tiss\u00e9e agr\u00e9ment\u00e9e d&#039;une touche d\u00e9licate de violet et d&#039;une couleur sable douce.\" \/>\n<meta name=\"robots\" content=\"index, follow, max-snippet:-1, max-image-preview:large, max-video-preview:-1\" \/>\n<link rel=\"canonical\" href=\"https:\/\/hubsch-interior.com\/fr\/wp-json\/wp\/v2\/product\/1008706\" \/>\n<meta property=\"og:locale\" content=\"fr_FR\" \/>\n<meta property=\"og:type\" content=\"article\" \/>\n<meta property=\"og:title\" content=\"Ori Coussin Violet\/Beige - H\u00fcbsch\" \/>\n<meta property=\"og:description\" content=\"D\u00e9couvrez le confort enchanteur du Coussin Ori, une magnifique pi\u00e8ce tiss\u00e9e agr\u00e9ment\u00e9e d&#039;une touche d\u00e9licate de violet et d&#039;une couleur sable douce.\" \/>\n<meta property=\"og:url\" content=\"https:\/\/hubsch-interior.com\/fr\/produit\/ori-coussin-violet-beige\/\" \/>\n<meta property=\"og:site_name\" content=\"H\u00fcbsch\" \/>\n<meta property=\"article:modified_time\" content=\"2026-04-08T02:36:04+00:00\" \/>\n<meta property=\"og:image\" content=\"https:\/\/hubsch-interior.com\/wp-content\/uploads\/2025\/01\/ori-cushion-purplebeige-dd99f4c50a0f75300c48012603ed6c7c.jpg\" \/>\n\t<meta property=\"og:image:width\" content=\"1200\" \/>\n\t<meta property=\"og:image:height\" content=\"1200\" \/>\n\t<meta property=\"og:image:type\" content=\"image\/jpeg\" \/>\n<meta name=\"twitter:card\" content=\"summary_large_image\" \/>\n<script type=\"application\/ld+json\" class=\"yoast-schema-graph\">{\"@context\":\"https:\/\/schema.org\",\"@graph\":[{\"@type\":\"WebPage\",\"@id\":\"https:\/\/hubsch-interior.com\/fr\/produit\/ori-coussin-violet-beige\/\",\"url\":\"https:\/\/hubsch-interior.com\/fr\/produit\/ori-coussin-violet-beige\/\",\"name\":\"Ori Coussin Violet\/Beige - H\u00fcbsch\",\"isPartOf\":{\"@id\":\"https:\/\/hubsch-interior.com\/fr\/#website\"},\"primaryImageOfPage\":{\"@id\":\"https:\/\/hubsch-interior.com\/fr\/produit\/ori-coussin-violet-beige\/#primaryimage\"},\"image\":{\"@id\":\"https:\/\/hubsch-interior.com\/fr\/produit\/ori-coussin-violet-beige\/#primaryimage\"},\"thumbnailUrl\":\"https:\/\/hubsch-interior.com\/wp-content\/uploads\/2026\/02\/ori-cushion-purplebeige-de76e9541ed78250b52f968b461da173.jpg\",\"datePublished\":\"2025-01-24T08:27:43+00:00\",\"dateModified\":\"2026-04-08T02:36:04+00:00\",\"description\":\"D\u00e9couvrez le confort enchanteur du Coussin Ori, une magnifique pi\u00e8ce tiss\u00e9e agr\u00e9ment\u00e9e d'une touche d\u00e9licate de violet et d'une couleur sable douce.\",\"breadcrumb\":{\"@id\":\"https:\/\/hubsch-interior.com\/fr\/produit\/ori-coussin-violet-beige\/#breadcrumb\"},\"inLanguage\":\"fr-FR\",\"potentialAction\":[{\"@type\":\"ReadAction\",\"target\":[\"https:\/\/hubsch-interior.com\/fr\/produit\/ori-coussin-violet-beige\/\"]}]},{\"@type\":\"ImageObject\",\"inLanguage\":\"fr-FR\",\"@id\":\"https:\/\/hubsch-interior.com\/fr\/produit\/ori-coussin-violet-beige\/#primaryimage\",\"url\":\"https:\/\/hubsch-interior.com\/wp-content\/uploads\/2026\/02\/ori-cushion-purplebeige-de76e9541ed78250b52f968b461da173.jpg\",\"contentUrl\":\"https:\/\/hubsch-interior.com\/wp-content\/uploads\/2026\/02\/ori-cushion-purplebeige-de76e9541ed78250b52f968b461da173.jpg\",\"width\":1024,\"height\":1024},{\"@type\":\"BreadcrumbList\",\"@id\":\"https:\/\/hubsch-interior.com\/fr\/produit\/ori-coussin-violet-beige\/#breadcrumb\",\"itemListElement\":[{\"@type\":\"ListItem\",\"position\":1,\"name\":\"Page d'accueil\",\"item\":\"https:\/\/hubsch-interior.com\/fr\/\"},{\"@type\":\"ListItem\",\"position\":2,\"name\":\"Produits\",\"item\":\"https:\/\/hubsch-interior.com\/fr\/shop-2\/\"},{\"@type\":\"ListItem\",\"position\":3,\"name\":\"Textiles\",\"item\":\"https:\/\/hubsch-interior.com\/fr\/categorie-produit\/textile\/\"},{\"@type\":\"ListItem\",\"position\":4,\"name\":\"Ori Coussin Violet\/Beige\"}]},{\"@type\":\"WebSite\",\"@id\":\"https:\/\/hubsch-interior.com\/fr\/#website\",\"url\":\"https:\/\/hubsch-interior.com\/fr\/\",\"name\":\"H\u00fcbsch\",\"description\":\"Danish Home Interior and Design\",\"publisher\":{\"@id\":\"https:\/\/hubsch-interior.com\/fr\/#organization\"},\"potentialAction\":[{\"@type\":\"SearchAction\",\"target\":{\"@type\":\"EntryPoint\",\"urlTemplate\":\"https:\/\/hubsch-interior.com\/fr\/?s={search_term_string}\"},\"query-input\":{\"@type\":\"PropertyValueSpecification\",\"valueRequired\":true,\"valueName\":\"search_term_string\"}}],\"inLanguage\":\"fr-FR\"},{\"@type\":\"Organization\",\"@id\":\"https:\/\/hubsch-interior.com\/fr\/#organization\",\"name\":\"H\u00fcbsch\",\"url\":\"https:\/\/hubsch-interior.com\/fr\/\",\"logo\":{\"@type\":\"ImageObject\",\"inLanguage\":\"fr-FR\",\"@id\":\"https:\/\/hubsch-interior.com\/fr\/#\/schema\/logo\/image\/\",\"url\":\"https:\/\/hubsch-interior.com\/wp-content\/uploads\/2022\/12\/Hubsch_logo_black_one_line.svg\",\"contentUrl\":\"https:\/\/hubsch-interior.com\/wp-content\/uploads\/2022\/12\/Hubsch_logo_black_one_line.svg\",\"caption\":\"H\u00fcbsch\"},\"image\":{\"@id\":\"https:\/\/hubsch-interior.com\/fr\/#\/schema\/logo\/image\/\"}}]}<\/script>\n<!-- \/ Yoast SEO plugin. -->","yoast_head_json":{"title":"Ori Coussin Violet\/Beige - H\u00fcbsch","description":"D\u00e9couvrez le confort enchanteur du Coussin Ori, une magnifique pi\u00e8ce tiss\u00e9e agr\u00e9ment\u00e9e d'une touche d\u00e9licate de violet et d'une couleur sable douce.","robots":{"index":"index","follow":"follow","max-snippet":"max-snippet:-1","max-image-preview":"max-image-preview:large","max-video-preview":"max-video-preview:-1"},"canonical":"https:\/\/hubsch-interior.com\/fr\/wp-json\/wp\/v2\/product\/1008706","og_locale":"fr_FR","og_type":"article","og_title":"Ori Coussin Violet\/Beige - H\u00fcbsch","og_description":"D\u00e9couvrez le confort enchanteur du Coussin Ori, une magnifique pi\u00e8ce tiss\u00e9e agr\u00e9ment\u00e9e d'une touche d\u00e9licate de violet et d'une couleur sable douce.","og_url":"https:\/\/hubsch-interior.com\/fr\/produit\/ori-coussin-violet-beige\/","og_site_name":"H\u00fcbsch","article_modified_time":"2026-04-08T02:36:04+00:00","og_image":[{"width":1200,"height":1200,"url":"https:\/\/hubsch-interior.com\/wp-content\/uploads\/2025\/01\/ori-cushion-purplebeige-dd99f4c50a0f75300c48012603ed6c7c.jpg","type":"image\/jpeg"}],"twitter_card":"summary_large_image","schema":{"@context":"https:\/\/schema.org","@graph":[{"@type":"WebPage","@id":"https:\/\/hubsch-interior.com\/fr\/produit\/ori-coussin-violet-beige\/","url":"https:\/\/hubsch-interior.com\/fr\/produit\/ori-coussin-violet-beige\/","name":"Ori Coussin Violet\/Beige - H\u00fcbsch","isPartOf":{"@id":"https:\/\/hubsch-interior.com\/fr\/#website"},"primaryImageOfPage":{"@id":"https:\/\/hubsch-interior.com\/fr\/produit\/ori-coussin-violet-beige\/#primaryimage"},"image":{"@id":"https:\/\/hubsch-interior.com\/fr\/produit\/ori-coussin-violet-beige\/#primaryimage"},"thumbnailUrl":"https:\/\/hubsch-interior.com\/wp-content\/uploads\/2026\/02\/ori-cushion-purplebeige-de76e9541ed78250b52f968b461da173.jpg","datePublished":"2025-01-24T08:27:43+00:00","dateModified":"2026-04-08T02:36:04+00:00","description":"D\u00e9couvrez le confort enchanteur du Coussin Ori, une magnifique pi\u00e8ce tiss\u00e9e agr\u00e9ment\u00e9e d'une touche d\u00e9licate de violet et d'une couleur sable douce.","breadcrumb":{"@id":"https:\/\/hubsch-interior.com\/fr\/produit\/ori-coussin-violet-beige\/#breadcrumb"},"inLanguage":"fr-FR","potentialAction":[{"@type":"ReadAction","target":["https:\/\/hubsch-interior.com\/fr\/produit\/ori-coussin-violet-beige\/"]}]},{"@type":"ImageObject","inLanguage":"fr-FR","@id":"https:\/\/hubsch-interior.com\/fr\/produit\/ori-coussin-violet-beige\/#primaryimage","url":"https:\/\/hubsch-interior.com\/wp-content\/uploads\/2026\/02\/ori-cushion-purplebeige-de76e9541ed78250b52f968b461da173.jpg","contentUrl":"https:\/\/hubsch-interior.com\/wp-content\/uploads\/2026\/02\/ori-cushion-purplebeige-de76e9541ed78250b52f968b461da173.jpg","width":1024,"height":1024},{"@type":"BreadcrumbList","@id":"https:\/\/hubsch-interior.com\/fr\/produit\/ori-coussin-violet-beige\/#breadcrumb","itemListElement":[{"@type":"ListItem","position":1,"name":"Page d'accueil","item":"https:\/\/hubsch-interior.com\/fr\/"},{"@type":"ListItem","position":2,"name":"Produits","item":"https:\/\/hubsch-interior.com\/fr\/shop-2\/"},{"@type":"ListItem","position":3,"name":"Textiles","item":"https:\/\/hubsch-interior.com\/fr\/categorie-produit\/textile\/"},{"@type":"ListItem","position":4,"name":"Ori Coussin Violet\/Beige"}]},{"@type":"WebSite","@id":"https:\/\/hubsch-interior.com\/fr\/#website","url":"https:\/\/hubsch-interior.com\/fr\/","name":"H\u00fcbsch","description":"Danish Home Interior and Design","publisher":{"@id":"https:\/\/hubsch-interior.com\/fr\/#organization"},"potentialAction":[{"@type":"SearchAction","target":{"@type":"EntryPoint","urlTemplate":"https:\/\/hubsch-interior.com\/fr\/?s={search_term_string}"},"query-input":{"@type":"PropertyValueSpecification","valueRequired":true,"valueName":"search_term_string"}}],"inLanguage":"fr-FR"},{"@type":"Organization","@id":"https:\/\/hubsch-interior.com\/fr\/#organization","name":"H\u00fcbsch","url":"https:\/\/hubsch-interior.com\/fr\/","logo":{"@type":"ImageObject","inLanguage":"fr-FR","@id":"https:\/\/hubsch-interior.com\/fr\/#\/schema\/logo\/image\/","url":"https:\/\/hubsch-interior.com\/wp-content\/uploads\/2022\/12\/Hubsch_logo_black_one_line.svg","contentUrl":"https:\/\/hubsch-interior.com\/wp-content\/uploads\/2022\/12\/Hubsch_logo_black_one_line.svg","caption":"H\u00fcbsch"},"image":{"@id":"https:\/\/hubsch-interior.com\/fr\/#\/schema\/logo\/image\/"}}]}},"_links":{"self":[{"href":"https:\/\/hubsch-interior.com\/fr\/wp-json\/wp\/v2\/product\/1008706","targetHints":{"allow":["GET"]}}],"collection":[{"href":"https:\/\/hubsch-interior.com\/fr\/wp-json\/wp\/v2\/product"}],"about":[{"href":"https:\/\/hubsch-interior.com\/fr\/wp-json\/wp\/v2\/types\/product"}],"wp:featuredmedia":[{"embeddable":true,"href":"https:\/\/hubsch-interior.com\/fr\/wp-json\/wp\/v2\/media\/1098430"}],"wp:attachment":[{"href":"https:\/\/hubsch-interior.com\/fr\/wp-json\/wp\/v2\/media?parent=1008706"}],"wp:term":[{"taxonomy":"product_brand","embeddable":true,"href":"https:\/\/hubsch-interior.com\/fr\/wp-json\/wp\/v2\/product_brand?post=1008706"},{"taxonomy":"product_cat","embeddable":true,"href":"https:\/\/hubsch-interior.com\/fr\/wp-json\/wp\/v2\/product_cat?post=1008706"},{"taxonomy":"product_tag","embeddable":true,"href":"https:\/\/hubsch-interior.com\/fr\/wp-json\/wp\/v2\/product_tag?post=1008706"}],"curies":[{"name":"wp","href":"https:\/\/api.w.org\/{rel}","templated":true}]}}