{"id":1008726,"date":"2025-01-24T09:28:08","date_gmt":"2025-01-24T08:28:08","guid":{"rendered":"https:\/\/hubsch-interior.com\/product\/product\/"},"modified":"2026-04-11T04:34:22","modified_gmt":"2026-04-11T02:34:22","slug":"ori-coussin-olive-beige","status":"publish","type":"product","link":"https:\/\/hubsch-interior.com\/fr\/produit\/ori-coussin-olive-beige\/","title":{"rendered":"Ori Coussin Olive\/Beige"},"content":{"rendered":"<p>D\u00e9couvrez le Ori Coussin, un magnifique coussin tiss\u00e9 qui combine l&#8217;\u00e9l\u00e9gance intemporelle du beige et du noir. Fabriqu\u00e9 \u00e0 partir d&#8217;un m\u00e9lange de coton et de polyester, cette pi\u00e8ce certifi\u00e9e OEKO-TEX\u00ae STANDARD 100 garantit \u00e0 la fois confort et tranquillit\u00e9 d&#8217;esprit. Parfait pour apporter une touche de sophistication \u00e0 n&#8217;importe quelle pi\u00e8ce, le Ori Coussin peut \u00eatre associ\u00e9 sans effort \u00e0 d&#8217;autres coussins pour cr\u00e9er une atmosph\u00e8re \u00e0 la fois ludique et raffin\u00e9e. Choisissez le Ori Coussin pour une mise \u00e0 jour calme et cosy de votre espace personnel.<\/p>\n","protected":false},"excerpt":{"rendered":"<p>D\u00e9couvrez le Ori Coussin, un magnifique coussin tiss\u00e9 qui combine l&#8217;\u00e9l\u00e9gance intemporelle du beige et du noir. Fabriqu\u00e9 \u00e0 partir d&#8217;un m\u00e9lange de coton et de polyester, cette pi\u00e8ce certifi\u00e9e OEKO-TEX\u00ae STANDARD 100 garantit \u00e0 la fois confort et tranquillit\u00e9 d&#8217;esprit. Parfait pour apporter une touche de sophistication \u00e0 n&#8217;importe quelle pi\u00e8ce, le Ori Coussin [&hellip;]<\/p>\n","protected":false},"featured_media":1098450,"template":"","meta":{"_acf_changed":false,"inline_featured_image":false},"product_brand":[],"product_cat":[6997,3002,3003,5026],"product_tag":[],"class_list":{"0":"post-1008726","1":"product","2":"type-product","3":"status-publish","4":"has-post-thumbnail","6":"product_cat-the-buzz-fr","7":"product_cat-textile","8":"product_cat-coussins-fr","9":"product_cat-bestsellers-fr","10":"product_shipping_class-pk","12":"pa_color-beige-3","13":"pa_color-olive-4","15":"first","16":"instock","17":"featured","18":"taxable","19":"shipping-taxable","20":"purchasable","21":"product-type-simple"},"exclude_global_add_ons":[],"addons":[],"acf":[],"yoast_head":"<!-- This site is optimized with the Yoast SEO plugin v26.4 - https:\/\/yoast.com\/wordpress\/plugins\/seo\/ -->\n<title>Ori Coussin Olive\/Beige - H\u00fcbsch<\/title>\n<meta name=\"description\" content=\"D\u00e9couvrez le Ori Coussin, un magnifique coussin tiss\u00e9 qui combine l&#039;\u00e9l\u00e9gance intemporelle du beige et du noir. Fabriqu\u00e9 \u00e0 partir d&#039;un m\u00e9lange de coton et\" \/>\n<meta name=\"robots\" content=\"index, follow, max-snippet:-1, max-image-preview:large, max-video-preview:-1\" \/>\n<link rel=\"canonical\" href=\"https:\/\/hubsch-interior.com\/fr\/wp-json\/wp\/v2\/product\/1008726\" \/>\n<meta property=\"og:locale\" content=\"fr_FR\" \/>\n<meta property=\"og:type\" content=\"article\" \/>\n<meta property=\"og:title\" content=\"Ori Coussin Olive\/Beige - H\u00fcbsch\" \/>\n<meta property=\"og:description\" content=\"D\u00e9couvrez le Ori Coussin, un magnifique coussin tiss\u00e9 qui combine l&#039;\u00e9l\u00e9gance intemporelle du beige et du noir. Fabriqu\u00e9 \u00e0 partir d&#039;un m\u00e9lange de coton et\" \/>\n<meta property=\"og:url\" content=\"https:\/\/hubsch-interior.com\/fr\/produit\/ori-coussin-olive-beige\/\" \/>\n<meta property=\"og:site_name\" content=\"H\u00fcbsch\" \/>\n<meta property=\"article:modified_time\" content=\"2026-04-11T02:34:22+00:00\" \/>\n<meta property=\"og:image\" content=\"https:\/\/hubsch-interior.com\/wp-content\/uploads\/2025\/01\/ori-cushion-olivebeige-1d244dbc220481d33f578b4da94fcae8.jpg\" \/>\n\t<meta property=\"og:image:width\" content=\"1200\" \/>\n\t<meta property=\"og:image:height\" content=\"1200\" \/>\n\t<meta property=\"og:image:type\" content=\"image\/jpeg\" \/>\n<meta name=\"twitter:card\" content=\"summary_large_image\" \/>\n<script type=\"application\/ld+json\" class=\"yoast-schema-graph\">{\"@context\":\"https:\/\/schema.org\",\"@graph\":[{\"@type\":\"WebPage\",\"@id\":\"https:\/\/hubsch-interior.com\/fr\/produit\/ori-coussin-olive-beige\/\",\"url\":\"https:\/\/hubsch-interior.com\/fr\/produit\/ori-coussin-olive-beige\/\",\"name\":\"Ori Coussin Olive\/Beige - H\u00fcbsch\",\"isPartOf\":{\"@id\":\"https:\/\/hubsch-interior.com\/fr\/#website\"},\"primaryImageOfPage\":{\"@id\":\"https:\/\/hubsch-interior.com\/fr\/produit\/ori-coussin-olive-beige\/#primaryimage\"},\"image\":{\"@id\":\"https:\/\/hubsch-interior.com\/fr\/produit\/ori-coussin-olive-beige\/#primaryimage\"},\"thumbnailUrl\":\"https:\/\/hubsch-interior.com\/wp-content\/uploads\/2026\/02\/ori-cushion-olivebeige-00f948daf495a1d8f884c22a14d9897c.jpg\",\"datePublished\":\"2025-01-24T08:28:08+00:00\",\"dateModified\":\"2026-04-11T02:34:22+00:00\",\"description\":\"D\u00e9couvrez le Ori Coussin, un magnifique coussin tiss\u00e9 qui combine l'\u00e9l\u00e9gance intemporelle du beige et du noir. Fabriqu\u00e9 \u00e0 partir d'un m\u00e9lange de coton et\",\"breadcrumb\":{\"@id\":\"https:\/\/hubsch-interior.com\/fr\/produit\/ori-coussin-olive-beige\/#breadcrumb\"},\"inLanguage\":\"fr-FR\",\"potentialAction\":[{\"@type\":\"ReadAction\",\"target\":[\"https:\/\/hubsch-interior.com\/fr\/produit\/ori-coussin-olive-beige\/\"]}]},{\"@type\":\"ImageObject\",\"inLanguage\":\"fr-FR\",\"@id\":\"https:\/\/hubsch-interior.com\/fr\/produit\/ori-coussin-olive-beige\/#primaryimage\",\"url\":\"https:\/\/hubsch-interior.com\/wp-content\/uploads\/2026\/02\/ori-cushion-olivebeige-00f948daf495a1d8f884c22a14d9897c.jpg\",\"contentUrl\":\"https:\/\/hubsch-interior.com\/wp-content\/uploads\/2026\/02\/ori-cushion-olivebeige-00f948daf495a1d8f884c22a14d9897c.jpg\",\"width\":1024,\"height\":1024},{\"@type\":\"BreadcrumbList\",\"@id\":\"https:\/\/hubsch-interior.com\/fr\/produit\/ori-coussin-olive-beige\/#breadcrumb\",\"itemListElement\":[{\"@type\":\"ListItem\",\"position\":1,\"name\":\"Page d'accueil\",\"item\":\"https:\/\/hubsch-interior.com\/fr\/\"},{\"@type\":\"ListItem\",\"position\":2,\"name\":\"Produits\",\"item\":\"https:\/\/hubsch-interior.com\/fr\/shop-2\/\"},{\"@type\":\"ListItem\",\"position\":3,\"name\":\"Textiles\",\"item\":\"https:\/\/hubsch-interior.com\/fr\/categorie-produit\/textile\/\"},{\"@type\":\"ListItem\",\"position\":4,\"name\":\"Ori Coussin Olive\/Beige\"}]},{\"@type\":\"WebSite\",\"@id\":\"https:\/\/hubsch-interior.com\/fr\/#website\",\"url\":\"https:\/\/hubsch-interior.com\/fr\/\",\"name\":\"H\u00fcbsch\",\"description\":\"Danish Home Interior and Design\",\"publisher\":{\"@id\":\"https:\/\/hubsch-interior.com\/fr\/#organization\"},\"potentialAction\":[{\"@type\":\"SearchAction\",\"target\":{\"@type\":\"EntryPoint\",\"urlTemplate\":\"https:\/\/hubsch-interior.com\/fr\/?s={search_term_string}\"},\"query-input\":{\"@type\":\"PropertyValueSpecification\",\"valueRequired\":true,\"valueName\":\"search_term_string\"}}],\"inLanguage\":\"fr-FR\"},{\"@type\":\"Organization\",\"@id\":\"https:\/\/hubsch-interior.com\/fr\/#organization\",\"name\":\"H\u00fcbsch\",\"url\":\"https:\/\/hubsch-interior.com\/fr\/\",\"logo\":{\"@type\":\"ImageObject\",\"inLanguage\":\"fr-FR\",\"@id\":\"https:\/\/hubsch-interior.com\/fr\/#\/schema\/logo\/image\/\",\"url\":\"https:\/\/hubsch-interior.com\/wp-content\/uploads\/2022\/12\/Hubsch_logo_black_one_line.svg\",\"contentUrl\":\"https:\/\/hubsch-interior.com\/wp-content\/uploads\/2022\/12\/Hubsch_logo_black_one_line.svg\",\"caption\":\"H\u00fcbsch\"},\"image\":{\"@id\":\"https:\/\/hubsch-interior.com\/fr\/#\/schema\/logo\/image\/\"}}]}<\/script>\n<!-- \/ Yoast SEO plugin. -->","yoast_head_json":{"title":"Ori Coussin Olive\/Beige - H\u00fcbsch","description":"D\u00e9couvrez le Ori Coussin, un magnifique coussin tiss\u00e9 qui combine l'\u00e9l\u00e9gance intemporelle du beige et du noir. Fabriqu\u00e9 \u00e0 partir d'un m\u00e9lange de coton et","robots":{"index":"index","follow":"follow","max-snippet":"max-snippet:-1","max-image-preview":"max-image-preview:large","max-video-preview":"max-video-preview:-1"},"canonical":"https:\/\/hubsch-interior.com\/fr\/wp-json\/wp\/v2\/product\/1008726","og_locale":"fr_FR","og_type":"article","og_title":"Ori Coussin Olive\/Beige - H\u00fcbsch","og_description":"D\u00e9couvrez le Ori Coussin, un magnifique coussin tiss\u00e9 qui combine l'\u00e9l\u00e9gance intemporelle du beige et du noir. Fabriqu\u00e9 \u00e0 partir d'un m\u00e9lange de coton et","og_url":"https:\/\/hubsch-interior.com\/fr\/produit\/ori-coussin-olive-beige\/","og_site_name":"H\u00fcbsch","article_modified_time":"2026-04-11T02:34:22+00:00","og_image":[{"width":1200,"height":1200,"url":"https:\/\/hubsch-interior.com\/wp-content\/uploads\/2025\/01\/ori-cushion-olivebeige-1d244dbc220481d33f578b4da94fcae8.jpg","type":"image\/jpeg"}],"twitter_card":"summary_large_image","schema":{"@context":"https:\/\/schema.org","@graph":[{"@type":"WebPage","@id":"https:\/\/hubsch-interior.com\/fr\/produit\/ori-coussin-olive-beige\/","url":"https:\/\/hubsch-interior.com\/fr\/produit\/ori-coussin-olive-beige\/","name":"Ori Coussin Olive\/Beige - H\u00fcbsch","isPartOf":{"@id":"https:\/\/hubsch-interior.com\/fr\/#website"},"primaryImageOfPage":{"@id":"https:\/\/hubsch-interior.com\/fr\/produit\/ori-coussin-olive-beige\/#primaryimage"},"image":{"@id":"https:\/\/hubsch-interior.com\/fr\/produit\/ori-coussin-olive-beige\/#primaryimage"},"thumbnailUrl":"https:\/\/hubsch-interior.com\/wp-content\/uploads\/2026\/02\/ori-cushion-olivebeige-00f948daf495a1d8f884c22a14d9897c.jpg","datePublished":"2025-01-24T08:28:08+00:00","dateModified":"2026-04-11T02:34:22+00:00","description":"D\u00e9couvrez le Ori Coussin, un magnifique coussin tiss\u00e9 qui combine l'\u00e9l\u00e9gance intemporelle du beige et du noir. Fabriqu\u00e9 \u00e0 partir d'un m\u00e9lange de coton et","breadcrumb":{"@id":"https:\/\/hubsch-interior.com\/fr\/produit\/ori-coussin-olive-beige\/#breadcrumb"},"inLanguage":"fr-FR","potentialAction":[{"@type":"ReadAction","target":["https:\/\/hubsch-interior.com\/fr\/produit\/ori-coussin-olive-beige\/"]}]},{"@type":"ImageObject","inLanguage":"fr-FR","@id":"https:\/\/hubsch-interior.com\/fr\/produit\/ori-coussin-olive-beige\/#primaryimage","url":"https:\/\/hubsch-interior.com\/wp-content\/uploads\/2026\/02\/ori-cushion-olivebeige-00f948daf495a1d8f884c22a14d9897c.jpg","contentUrl":"https:\/\/hubsch-interior.com\/wp-content\/uploads\/2026\/02\/ori-cushion-olivebeige-00f948daf495a1d8f884c22a14d9897c.jpg","width":1024,"height":1024},{"@type":"BreadcrumbList","@id":"https:\/\/hubsch-interior.com\/fr\/produit\/ori-coussin-olive-beige\/#breadcrumb","itemListElement":[{"@type":"ListItem","position":1,"name":"Page d'accueil","item":"https:\/\/hubsch-interior.com\/fr\/"},{"@type":"ListItem","position":2,"name":"Produits","item":"https:\/\/hubsch-interior.com\/fr\/shop-2\/"},{"@type":"ListItem","position":3,"name":"Textiles","item":"https:\/\/hubsch-interior.com\/fr\/categorie-produit\/textile\/"},{"@type":"ListItem","position":4,"name":"Ori Coussin Olive\/Beige"}]},{"@type":"WebSite","@id":"https:\/\/hubsch-interior.com\/fr\/#website","url":"https:\/\/hubsch-interior.com\/fr\/","name":"H\u00fcbsch","description":"Danish Home Interior and Design","publisher":{"@id":"https:\/\/hubsch-interior.com\/fr\/#organization"},"potentialAction":[{"@type":"SearchAction","target":{"@type":"EntryPoint","urlTemplate":"https:\/\/hubsch-interior.com\/fr\/?s={search_term_string}"},"query-input":{"@type":"PropertyValueSpecification","valueRequired":true,"valueName":"search_term_string"}}],"inLanguage":"fr-FR"},{"@type":"Organization","@id":"https:\/\/hubsch-interior.com\/fr\/#organization","name":"H\u00fcbsch","url":"https:\/\/hubsch-interior.com\/fr\/","logo":{"@type":"ImageObject","inLanguage":"fr-FR","@id":"https:\/\/hubsch-interior.com\/fr\/#\/schema\/logo\/image\/","url":"https:\/\/hubsch-interior.com\/wp-content\/uploads\/2022\/12\/Hubsch_logo_black_one_line.svg","contentUrl":"https:\/\/hubsch-interior.com\/wp-content\/uploads\/2022\/12\/Hubsch_logo_black_one_line.svg","caption":"H\u00fcbsch"},"image":{"@id":"https:\/\/hubsch-interior.com\/fr\/#\/schema\/logo\/image\/"}}]}},"_links":{"self":[{"href":"https:\/\/hubsch-interior.com\/fr\/wp-json\/wp\/v2\/product\/1008726","targetHints":{"allow":["GET"]}}],"collection":[{"href":"https:\/\/hubsch-interior.com\/fr\/wp-json\/wp\/v2\/product"}],"about":[{"href":"https:\/\/hubsch-interior.com\/fr\/wp-json\/wp\/v2\/types\/product"}],"wp:featuredmedia":[{"embeddable":true,"href":"https:\/\/hubsch-interior.com\/fr\/wp-json\/wp\/v2\/media\/1098450"}],"wp:attachment":[{"href":"https:\/\/hubsch-interior.com\/fr\/wp-json\/wp\/v2\/media?parent=1008726"}],"wp:term":[{"taxonomy":"product_brand","embeddable":true,"href":"https:\/\/hubsch-interior.com\/fr\/wp-json\/wp\/v2\/product_brand?post=1008726"},{"taxonomy":"product_cat","embeddable":true,"href":"https:\/\/hubsch-interior.com\/fr\/wp-json\/wp\/v2\/product_cat?post=1008726"},{"taxonomy":"product_tag","embeddable":true,"href":"https:\/\/hubsch-interior.com\/fr\/wp-json\/wp\/v2\/product_tag?post=1008726"}],"curies":[{"name":"wp","href":"https:\/\/api.w.org\/{rel}","templated":true}]}}