{"id":1008786,"date":"2025-01-24T09:29:24","date_gmt":"2025-01-24T08:29:24","guid":{"rendered":"https:\/\/hubsch-interior.com\/product\/product\/"},"modified":"2026-04-11T04:34:35","modified_gmt":"2026-04-11T02:34:35","slug":"rhythmic-coussin-beige-orange-noir","status":"publish","type":"product","link":"https:\/\/hubsch-interior.com\/fr\/produit\/rhythmic-coussin-beige-orange-noir\/","title":{"rendered":"Rhythmic Coussin Beige\/Orange\/Noir"},"content":{"rendered":"<p>D\u00e9couvrez le Rhythmic Coussin, une fusion parfaite de confort et de style, con\u00e7ue sp\u00e9cialement pour votre coin pr\u00e9f\u00e9r\u00e9. Rev\u00eatu d&#8217;un beige discret, rehauss\u00e9 de petites touches d&#8217;orange et de vert entrelac\u00e9es sur un fond sabl\u00e9, ce coussin offre une palette apaisante qui s&#8217;harmonise avec tout d\u00e9cor. Certifi\u00e9 OEKO-TEX\u00ae STANDARD 100, il est fabriqu\u00e9 \u00e0 partir d&#8217;un m\u00e9lange douillet de coton et de polyester, vous garantissant tranquillit\u00e9 d&#8217;esprit et facilit\u00e9 d&#8217;entretien. Son motif carr\u00e9 incarne un m\u00e9lange de rustique et de scandinave, id\u00e9al pour ajouter une touche de chaleur \u00e0 votre espace personnel.<\/p>\n","protected":false},"excerpt":{"rendered":"<p>D\u00e9couvrez le Rhythmic Coussin, une fusion parfaite de confort et de style, con\u00e7ue sp\u00e9cialement pour votre coin pr\u00e9f\u00e9r\u00e9. Rev\u00eatu d&#8217;un beige discret, rehauss\u00e9 de petites touches d&#8217;orange et de vert entrelac\u00e9es sur un fond sabl\u00e9, ce coussin offre une palette apaisante qui s&#8217;harmonise avec tout d\u00e9cor. Certifi\u00e9 OEKO-TEX\u00ae STANDARD 100, il est fabriqu\u00e9 \u00e0 partir [&hellip;]<\/p>\n","protected":false},"featured_media":1098510,"template":"","meta":{"_acf_changed":false,"inline_featured_image":false},"product_brand":[],"product_cat":[6997,3002,3003,5026],"product_tag":[],"class_list":{"0":"post-1008786","1":"product","2":"type-product","3":"status-publish","4":"has-post-thumbnail","6":"product_cat-the-buzz-fr","7":"product_cat-textile","8":"product_cat-coussins-fr","9":"product_cat-bestsellers-fr","10":"product_shipping_class-pk","12":"pa_color-beige-3","13":"pa_color-noir","14":"pa_color-orange-fr","16":"first","17":"instock","18":"featured","19":"taxable","20":"shipping-taxable","21":"purchasable","22":"product-type-simple"},"exclude_global_add_ons":[],"addons":[],"acf":[],"yoast_head":"<!-- This site is optimized with the Yoast SEO plugin v26.4 - https:\/\/yoast.com\/wordpress\/plugins\/seo\/ -->\n<title>Rhythmic Coussin Beige\/Orange\/Noir - H\u00fcbsch<\/title>\n<meta name=\"description\" content=\"D\u00e9couvrez le Rhythmic Coussin, une fusion parfaite de confort et de style, con\u00e7ue sp\u00e9cialement pour votre coin pr\u00e9f\u00e9r\u00e9. Rev\u00eatu d&#039;un beige discret,\" \/>\n<meta name=\"robots\" content=\"index, follow, max-snippet:-1, max-image-preview:large, max-video-preview:-1\" \/>\n<link rel=\"canonical\" href=\"https:\/\/hubsch-interior.com\/fr\/wp-json\/wp\/v2\/product\/1008786\" \/>\n<meta property=\"og:locale\" content=\"fr_FR\" \/>\n<meta property=\"og:type\" content=\"article\" \/>\n<meta property=\"og:title\" content=\"Rhythmic Coussin Beige\/Orange\/Noir - H\u00fcbsch\" \/>\n<meta property=\"og:description\" content=\"D\u00e9couvrez le Rhythmic Coussin, une fusion parfaite de confort et de style, con\u00e7ue sp\u00e9cialement pour votre coin pr\u00e9f\u00e9r\u00e9. Rev\u00eatu d&#039;un beige discret,\" \/>\n<meta property=\"og:url\" content=\"https:\/\/hubsch-interior.com\/fr\/produit\/rhythmic-coussin-beige-orange-noir\/\" \/>\n<meta property=\"og:site_name\" content=\"H\u00fcbsch\" \/>\n<meta property=\"article:modified_time\" content=\"2026-04-11T02:34:35+00:00\" \/>\n<meta property=\"og:image\" content=\"https:\/\/hubsch-interior.com\/wp-content\/uploads\/2025\/01\/rhythmic-cushion-beigeorangeblack-4db7db89fba3d890b51316e3f12f4774.jpg\" \/>\n\t<meta property=\"og:image:width\" content=\"1200\" \/>\n\t<meta property=\"og:image:height\" content=\"1200\" \/>\n\t<meta property=\"og:image:type\" content=\"image\/jpeg\" \/>\n<meta name=\"twitter:card\" content=\"summary_large_image\" \/>\n<meta name=\"twitter:label1\" content=\"Dur\u00e9e de lecture estim\u00e9e\" \/>\n\t<meta name=\"twitter:data1\" content=\"1 minute\" \/>\n<script type=\"application\/ld+json\" class=\"yoast-schema-graph\">{\"@context\":\"https:\/\/schema.org\",\"@graph\":[{\"@type\":\"WebPage\",\"@id\":\"https:\/\/hubsch-interior.com\/fr\/produit\/rhythmic-coussin-beige-orange-noir\/\",\"url\":\"https:\/\/hubsch-interior.com\/fr\/produit\/rhythmic-coussin-beige-orange-noir\/\",\"name\":\"Rhythmic Coussin Beige\/Orange\/Noir - H\u00fcbsch\",\"isPartOf\":{\"@id\":\"https:\/\/hubsch-interior.com\/fr\/#website\"},\"primaryImageOfPage\":{\"@id\":\"https:\/\/hubsch-interior.com\/fr\/produit\/rhythmic-coussin-beige-orange-noir\/#primaryimage\"},\"image\":{\"@id\":\"https:\/\/hubsch-interior.com\/fr\/produit\/rhythmic-coussin-beige-orange-noir\/#primaryimage\"},\"thumbnailUrl\":\"https:\/\/hubsch-interior.com\/wp-content\/uploads\/2026\/02\/rhythmic-cushion-beigeorangeblack-8d5ea188a346481eabf5d4ea309251eb.jpg\",\"datePublished\":\"2025-01-24T08:29:24+00:00\",\"dateModified\":\"2026-04-11T02:34:35+00:00\",\"description\":\"D\u00e9couvrez le Rhythmic Coussin, une fusion parfaite de confort et de style, con\u00e7ue sp\u00e9cialement pour votre coin pr\u00e9f\u00e9r\u00e9. Rev\u00eatu d'un beige discret,\",\"breadcrumb\":{\"@id\":\"https:\/\/hubsch-interior.com\/fr\/produit\/rhythmic-coussin-beige-orange-noir\/#breadcrumb\"},\"inLanguage\":\"fr-FR\",\"potentialAction\":[{\"@type\":\"ReadAction\",\"target\":[\"https:\/\/hubsch-interior.com\/fr\/produit\/rhythmic-coussin-beige-orange-noir\/\"]}]},{\"@type\":\"ImageObject\",\"inLanguage\":\"fr-FR\",\"@id\":\"https:\/\/hubsch-interior.com\/fr\/produit\/rhythmic-coussin-beige-orange-noir\/#primaryimage\",\"url\":\"https:\/\/hubsch-interior.com\/wp-content\/uploads\/2026\/02\/rhythmic-cushion-beigeorangeblack-8d5ea188a346481eabf5d4ea309251eb.jpg\",\"contentUrl\":\"https:\/\/hubsch-interior.com\/wp-content\/uploads\/2026\/02\/rhythmic-cushion-beigeorangeblack-8d5ea188a346481eabf5d4ea309251eb.jpg\",\"width\":1024,\"height\":1024},{\"@type\":\"BreadcrumbList\",\"@id\":\"https:\/\/hubsch-interior.com\/fr\/produit\/rhythmic-coussin-beige-orange-noir\/#breadcrumb\",\"itemListElement\":[{\"@type\":\"ListItem\",\"position\":1,\"name\":\"Page d'accueil\",\"item\":\"https:\/\/hubsch-interior.com\/fr\/\"},{\"@type\":\"ListItem\",\"position\":2,\"name\":\"Produits\",\"item\":\"https:\/\/hubsch-interior.com\/fr\/shop-2\/\"},{\"@type\":\"ListItem\",\"position\":3,\"name\":\"Textiles\",\"item\":\"https:\/\/hubsch-interior.com\/fr\/categorie-produit\/textile\/\"},{\"@type\":\"ListItem\",\"position\":4,\"name\":\"Rhythmic Coussin Beige\/Orange\/Noir\"}]},{\"@type\":\"WebSite\",\"@id\":\"https:\/\/hubsch-interior.com\/fr\/#website\",\"url\":\"https:\/\/hubsch-interior.com\/fr\/\",\"name\":\"H\u00fcbsch\",\"description\":\"Danish Home Interior and Design\",\"publisher\":{\"@id\":\"https:\/\/hubsch-interior.com\/fr\/#organization\"},\"potentialAction\":[{\"@type\":\"SearchAction\",\"target\":{\"@type\":\"EntryPoint\",\"urlTemplate\":\"https:\/\/hubsch-interior.com\/fr\/?s={search_term_string}\"},\"query-input\":{\"@type\":\"PropertyValueSpecification\",\"valueRequired\":true,\"valueName\":\"search_term_string\"}}],\"inLanguage\":\"fr-FR\"},{\"@type\":\"Organization\",\"@id\":\"https:\/\/hubsch-interior.com\/fr\/#organization\",\"name\":\"H\u00fcbsch\",\"url\":\"https:\/\/hubsch-interior.com\/fr\/\",\"logo\":{\"@type\":\"ImageObject\",\"inLanguage\":\"fr-FR\",\"@id\":\"https:\/\/hubsch-interior.com\/fr\/#\/schema\/logo\/image\/\",\"url\":\"https:\/\/hubsch-interior.com\/wp-content\/uploads\/2022\/12\/Hubsch_logo_black_one_line.svg\",\"contentUrl\":\"https:\/\/hubsch-interior.com\/wp-content\/uploads\/2022\/12\/Hubsch_logo_black_one_line.svg\",\"caption\":\"H\u00fcbsch\"},\"image\":{\"@id\":\"https:\/\/hubsch-interior.com\/fr\/#\/schema\/logo\/image\/\"}}]}<\/script>\n<!-- \/ Yoast SEO plugin. -->","yoast_head_json":{"title":"Rhythmic Coussin Beige\/Orange\/Noir - H\u00fcbsch","description":"D\u00e9couvrez le Rhythmic Coussin, une fusion parfaite de confort et de style, con\u00e7ue sp\u00e9cialement pour votre coin pr\u00e9f\u00e9r\u00e9. Rev\u00eatu d'un beige discret,","robots":{"index":"index","follow":"follow","max-snippet":"max-snippet:-1","max-image-preview":"max-image-preview:large","max-video-preview":"max-video-preview:-1"},"canonical":"https:\/\/hubsch-interior.com\/fr\/wp-json\/wp\/v2\/product\/1008786","og_locale":"fr_FR","og_type":"article","og_title":"Rhythmic Coussin Beige\/Orange\/Noir - H\u00fcbsch","og_description":"D\u00e9couvrez le Rhythmic Coussin, une fusion parfaite de confort et de style, con\u00e7ue sp\u00e9cialement pour votre coin pr\u00e9f\u00e9r\u00e9. Rev\u00eatu d'un beige discret,","og_url":"https:\/\/hubsch-interior.com\/fr\/produit\/rhythmic-coussin-beige-orange-noir\/","og_site_name":"H\u00fcbsch","article_modified_time":"2026-04-11T02:34:35+00:00","og_image":[{"width":1200,"height":1200,"url":"https:\/\/hubsch-interior.com\/wp-content\/uploads\/2025\/01\/rhythmic-cushion-beigeorangeblack-4db7db89fba3d890b51316e3f12f4774.jpg","type":"image\/jpeg"}],"twitter_card":"summary_large_image","twitter_misc":{"Dur\u00e9e de lecture estim\u00e9e":"1 minute"},"schema":{"@context":"https:\/\/schema.org","@graph":[{"@type":"WebPage","@id":"https:\/\/hubsch-interior.com\/fr\/produit\/rhythmic-coussin-beige-orange-noir\/","url":"https:\/\/hubsch-interior.com\/fr\/produit\/rhythmic-coussin-beige-orange-noir\/","name":"Rhythmic Coussin Beige\/Orange\/Noir - H\u00fcbsch","isPartOf":{"@id":"https:\/\/hubsch-interior.com\/fr\/#website"},"primaryImageOfPage":{"@id":"https:\/\/hubsch-interior.com\/fr\/produit\/rhythmic-coussin-beige-orange-noir\/#primaryimage"},"image":{"@id":"https:\/\/hubsch-interior.com\/fr\/produit\/rhythmic-coussin-beige-orange-noir\/#primaryimage"},"thumbnailUrl":"https:\/\/hubsch-interior.com\/wp-content\/uploads\/2026\/02\/rhythmic-cushion-beigeorangeblack-8d5ea188a346481eabf5d4ea309251eb.jpg","datePublished":"2025-01-24T08:29:24+00:00","dateModified":"2026-04-11T02:34:35+00:00","description":"D\u00e9couvrez le Rhythmic Coussin, une fusion parfaite de confort et de style, con\u00e7ue sp\u00e9cialement pour votre coin pr\u00e9f\u00e9r\u00e9. Rev\u00eatu d'un beige discret,","breadcrumb":{"@id":"https:\/\/hubsch-interior.com\/fr\/produit\/rhythmic-coussin-beige-orange-noir\/#breadcrumb"},"inLanguage":"fr-FR","potentialAction":[{"@type":"ReadAction","target":["https:\/\/hubsch-interior.com\/fr\/produit\/rhythmic-coussin-beige-orange-noir\/"]}]},{"@type":"ImageObject","inLanguage":"fr-FR","@id":"https:\/\/hubsch-interior.com\/fr\/produit\/rhythmic-coussin-beige-orange-noir\/#primaryimage","url":"https:\/\/hubsch-interior.com\/wp-content\/uploads\/2026\/02\/rhythmic-cushion-beigeorangeblack-8d5ea188a346481eabf5d4ea309251eb.jpg","contentUrl":"https:\/\/hubsch-interior.com\/wp-content\/uploads\/2026\/02\/rhythmic-cushion-beigeorangeblack-8d5ea188a346481eabf5d4ea309251eb.jpg","width":1024,"height":1024},{"@type":"BreadcrumbList","@id":"https:\/\/hubsch-interior.com\/fr\/produit\/rhythmic-coussin-beige-orange-noir\/#breadcrumb","itemListElement":[{"@type":"ListItem","position":1,"name":"Page d'accueil","item":"https:\/\/hubsch-interior.com\/fr\/"},{"@type":"ListItem","position":2,"name":"Produits","item":"https:\/\/hubsch-interior.com\/fr\/shop-2\/"},{"@type":"ListItem","position":3,"name":"Textiles","item":"https:\/\/hubsch-interior.com\/fr\/categorie-produit\/textile\/"},{"@type":"ListItem","position":4,"name":"Rhythmic Coussin Beige\/Orange\/Noir"}]},{"@type":"WebSite","@id":"https:\/\/hubsch-interior.com\/fr\/#website","url":"https:\/\/hubsch-interior.com\/fr\/","name":"H\u00fcbsch","description":"Danish Home Interior and Design","publisher":{"@id":"https:\/\/hubsch-interior.com\/fr\/#organization"},"potentialAction":[{"@type":"SearchAction","target":{"@type":"EntryPoint","urlTemplate":"https:\/\/hubsch-interior.com\/fr\/?s={search_term_string}"},"query-input":{"@type":"PropertyValueSpecification","valueRequired":true,"valueName":"search_term_string"}}],"inLanguage":"fr-FR"},{"@type":"Organization","@id":"https:\/\/hubsch-interior.com\/fr\/#organization","name":"H\u00fcbsch","url":"https:\/\/hubsch-interior.com\/fr\/","logo":{"@type":"ImageObject","inLanguage":"fr-FR","@id":"https:\/\/hubsch-interior.com\/fr\/#\/schema\/logo\/image\/","url":"https:\/\/hubsch-interior.com\/wp-content\/uploads\/2022\/12\/Hubsch_logo_black_one_line.svg","contentUrl":"https:\/\/hubsch-interior.com\/wp-content\/uploads\/2022\/12\/Hubsch_logo_black_one_line.svg","caption":"H\u00fcbsch"},"image":{"@id":"https:\/\/hubsch-interior.com\/fr\/#\/schema\/logo\/image\/"}}]}},"_links":{"self":[{"href":"https:\/\/hubsch-interior.com\/fr\/wp-json\/wp\/v2\/product\/1008786","targetHints":{"allow":["GET"]}}],"collection":[{"href":"https:\/\/hubsch-interior.com\/fr\/wp-json\/wp\/v2\/product"}],"about":[{"href":"https:\/\/hubsch-interior.com\/fr\/wp-json\/wp\/v2\/types\/product"}],"wp:featuredmedia":[{"embeddable":true,"href":"https:\/\/hubsch-interior.com\/fr\/wp-json\/wp\/v2\/media\/1098510"}],"wp:attachment":[{"href":"https:\/\/hubsch-interior.com\/fr\/wp-json\/wp\/v2\/media?parent=1008786"}],"wp:term":[{"taxonomy":"product_brand","embeddable":true,"href":"https:\/\/hubsch-interior.com\/fr\/wp-json\/wp\/v2\/product_brand?post=1008786"},{"taxonomy":"product_cat","embeddable":true,"href":"https:\/\/hubsch-interior.com\/fr\/wp-json\/wp\/v2\/product_cat?post=1008786"},{"taxonomy":"product_tag","embeddable":true,"href":"https:\/\/hubsch-interior.com\/fr\/wp-json\/wp\/v2\/product_tag?post=1008786"}],"curies":[{"name":"wp","href":"https:\/\/api.w.org\/{rel}","templated":true}]}}