{"id":1008826,"date":"2025-01-24T09:30:33","date_gmt":"2025-01-24T08:30:33","guid":{"rendered":"https:\/\/hubsch-interior.com\/product\/product\/"},"modified":"2026-04-09T04:44:55","modified_gmt":"2026-04-09T02:44:55","slug":"normu-pots-marron-vert-set-de-2","status":"publish","type":"product","link":"https:\/\/hubsch-interior.com\/fr\/produit\/normu-pots-marron-vert-set-de-2\/","title":{"rendered":"Normu Pots Marron\/Vert (set de 2)"},"content":{"rendered":"<p>D\u00e9couvrez les Normu Pots, un duo captivant aux couleurs vertes et brun argile qui s&#8217;int\u00e8grent parfaitement \u00e0 votre d\u00e9coration int\u00e9rieure. Fabriqu\u00e9s avec une attention m\u00e9ticuleuse, ces pots arborent un aspect naturel et brut, d\u00e9gageant un charme rustique. Parfaits pour accueillir vos plantes d&#8217;int\u00e9rieur, les Normu Pots cr\u00e9ent une interaction tr\u00e8s naturelle avec le feuillage, transformant votre espace de vie en un havre de paix. Rehaussez votre int\u00e9rieur avec cette addition exquise et artisanale, o\u00f9 la nature rencontre l&#8217;art.<\/p>\n","protected":false},"excerpt":{"rendered":"<p>D\u00e9couvrez les Normu Pots, un duo captivant aux couleurs vertes et brun argile qui s&#8217;int\u00e8grent parfaitement \u00e0 votre d\u00e9coration int\u00e9rieure. Fabriqu\u00e9s avec une attention m\u00e9ticuleuse, ces pots arborent un aspect naturel et brut, d\u00e9gageant un charme rustique. Parfaits pour accueillir vos plantes d&#8217;int\u00e9rieur, les Normu Pots cr\u00e9ent une interaction tr\u00e8s naturelle avec le feuillage, transformant [&hellip;]<\/p>\n","protected":false},"featured_media":1100952,"template":"","meta":{"_acf_changed":false,"inline_featured_image":false},"product_brand":[],"product_cat":[6997,4914,4924],"product_tag":[],"class_list":{"0":"post-1008826","1":"product","2":"type-product","3":"status-publish","4":"has-post-thumbnail","6":"product_cat-the-buzz-fr","7":"product_cat-pots-de-fleur-et-arrosior-fr","8":"product_cat-cache-pots-fr","9":"product_shipping_class-pk","11":"pa_color-marron","12":"pa_color-vert-2","13":"pa_material-cramique","15":"first","16":"instock","17":"taxable","18":"shipping-taxable","19":"purchasable","20":"product-type-simple"},"exclude_global_add_ons":[],"addons":[],"acf":[],"yoast_head":"<!-- This site is optimized with the Yoast SEO plugin v26.4 - https:\/\/yoast.com\/wordpress\/plugins\/seo\/ -->\n<title>Normu Pots Marron\/Vert (set de 2) - H\u00fcbsch<\/title>\n<meta name=\"description\" content=\"D\u00e9couvrez les Normu Pots, un duo captivant aux couleurs vertes et brun argile qui s&#039;int\u00e8grent parfaitement \u00e0 votre d\u00e9coration int\u00e9rieure. Fabriqu\u00e9s avec\" \/>\n<meta name=\"robots\" content=\"index, follow, max-snippet:-1, max-image-preview:large, max-video-preview:-1\" \/>\n<link rel=\"canonical\" href=\"https:\/\/hubsch-interior.com\/fr\/wp-json\/wp\/v2\/product\/1008826\" \/>\n<meta property=\"og:locale\" content=\"fr_FR\" \/>\n<meta property=\"og:type\" content=\"article\" \/>\n<meta property=\"og:title\" content=\"Normu Pots Marron\/Vert (set de 2) - H\u00fcbsch\" \/>\n<meta property=\"og:description\" content=\"D\u00e9couvrez les Normu Pots, un duo captivant aux couleurs vertes et brun argile qui s&#039;int\u00e8grent parfaitement \u00e0 votre d\u00e9coration int\u00e9rieure. Fabriqu\u00e9s avec\" \/>\n<meta property=\"og:url\" content=\"https:\/\/hubsch-interior.com\/fr\/produit\/normu-pots-marron-vert-set-de-2\/\" \/>\n<meta property=\"og:site_name\" content=\"H\u00fcbsch\" \/>\n<meta property=\"article:modified_time\" content=\"2026-04-09T02:44:55+00:00\" \/>\n<meta property=\"og:image\" content=\"https:\/\/hubsch-interior.com\/wp-content\/uploads\/2025\/01\/normu-pots-browngreen-set-of-2-9ec9fa76c78b3f02e4a83ca9c0406119.jpg\" \/>\n\t<meta property=\"og:image:width\" content=\"1200\" \/>\n\t<meta property=\"og:image:height\" content=\"1200\" \/>\n\t<meta property=\"og:image:type\" content=\"image\/jpeg\" \/>\n<meta name=\"twitter:card\" content=\"summary_large_image\" \/>\n<script type=\"application\/ld+json\" class=\"yoast-schema-graph\">{\"@context\":\"https:\/\/schema.org\",\"@graph\":[{\"@type\":\"WebPage\",\"@id\":\"https:\/\/hubsch-interior.com\/fr\/produit\/normu-pots-marron-vert-set-de-2\/\",\"url\":\"https:\/\/hubsch-interior.com\/fr\/produit\/normu-pots-marron-vert-set-de-2\/\",\"name\":\"Normu Pots Marron\/Vert (set de 2) - H\u00fcbsch\",\"isPartOf\":{\"@id\":\"https:\/\/hubsch-interior.com\/fr\/#website\"},\"primaryImageOfPage\":{\"@id\":\"https:\/\/hubsch-interior.com\/fr\/produit\/normu-pots-marron-vert-set-de-2\/#primaryimage\"},\"image\":{\"@id\":\"https:\/\/hubsch-interior.com\/fr\/produit\/normu-pots-marron-vert-set-de-2\/#primaryimage\"},\"thumbnailUrl\":\"https:\/\/hubsch-interior.com\/wp-content\/uploads\/2026\/02\/normu-pots-browngreen-set-of-2-0ed1c174be54ab69720fe201c52f4bc5.jpg\",\"datePublished\":\"2025-01-24T08:30:33+00:00\",\"dateModified\":\"2026-04-09T02:44:55+00:00\",\"description\":\"D\u00e9couvrez les Normu Pots, un duo captivant aux couleurs vertes et brun argile qui s'int\u00e8grent parfaitement \u00e0 votre d\u00e9coration int\u00e9rieure. Fabriqu\u00e9s avec\",\"breadcrumb\":{\"@id\":\"https:\/\/hubsch-interior.com\/fr\/produit\/normu-pots-marron-vert-set-de-2\/#breadcrumb\"},\"inLanguage\":\"fr-FR\",\"potentialAction\":[{\"@type\":\"ReadAction\",\"target\":[\"https:\/\/hubsch-interior.com\/fr\/produit\/normu-pots-marron-vert-set-de-2\/\"]}]},{\"@type\":\"ImageObject\",\"inLanguage\":\"fr-FR\",\"@id\":\"https:\/\/hubsch-interior.com\/fr\/produit\/normu-pots-marron-vert-set-de-2\/#primaryimage\",\"url\":\"https:\/\/hubsch-interior.com\/wp-content\/uploads\/2026\/02\/normu-pots-browngreen-set-of-2-0ed1c174be54ab69720fe201c52f4bc5.jpg\",\"contentUrl\":\"https:\/\/hubsch-interior.com\/wp-content\/uploads\/2026\/02\/normu-pots-browngreen-set-of-2-0ed1c174be54ab69720fe201c52f4bc5.jpg\",\"width\":1024,\"height\":1024},{\"@type\":\"BreadcrumbList\",\"@id\":\"https:\/\/hubsch-interior.com\/fr\/produit\/normu-pots-marron-vert-set-de-2\/#breadcrumb\",\"itemListElement\":[{\"@type\":\"ListItem\",\"position\":1,\"name\":\"Page d'accueil\",\"item\":\"https:\/\/hubsch-interior.com\/fr\/\"},{\"@type\":\"ListItem\",\"position\":2,\"name\":\"Produits\",\"item\":\"https:\/\/hubsch-interior.com\/fr\/shop-2\/\"},{\"@type\":\"ListItem\",\"position\":3,\"name\":\"Accessoires maison\",\"item\":\"https:\/\/hubsch-interior.com\/fr\/categorie-produit\/accessoires-maison\/\"},{\"@type\":\"ListItem\",\"position\":4,\"name\":\"Pots de fleur et arrosior\",\"item\":\"https:\/\/hubsch-interior.com\/fr\/categorie-produit\/accessoires-maison\/pots-de-fleur-et-arrosior-fr\/\"},{\"@type\":\"ListItem\",\"position\":5,\"name\":\"Cache pots\",\"item\":\"https:\/\/hubsch-interior.com\/fr\/categorie-produit\/accessoires-maison\/pots-de-fleur-et-arrosior-fr\/cache-pots-fr\/\"},{\"@type\":\"ListItem\",\"position\":6,\"name\":\"Normu Pots Marron\/Vert (set de 2)\"}]},{\"@type\":\"WebSite\",\"@id\":\"https:\/\/hubsch-interior.com\/fr\/#website\",\"url\":\"https:\/\/hubsch-interior.com\/fr\/\",\"name\":\"H\u00fcbsch\",\"description\":\"Danish Home Interior and Design\",\"publisher\":{\"@id\":\"https:\/\/hubsch-interior.com\/fr\/#organization\"},\"potentialAction\":[{\"@type\":\"SearchAction\",\"target\":{\"@type\":\"EntryPoint\",\"urlTemplate\":\"https:\/\/hubsch-interior.com\/fr\/?s={search_term_string}\"},\"query-input\":{\"@type\":\"PropertyValueSpecification\",\"valueRequired\":true,\"valueName\":\"search_term_string\"}}],\"inLanguage\":\"fr-FR\"},{\"@type\":\"Organization\",\"@id\":\"https:\/\/hubsch-interior.com\/fr\/#organization\",\"name\":\"H\u00fcbsch\",\"url\":\"https:\/\/hubsch-interior.com\/fr\/\",\"logo\":{\"@type\":\"ImageObject\",\"inLanguage\":\"fr-FR\",\"@id\":\"https:\/\/hubsch-interior.com\/fr\/#\/schema\/logo\/image\/\",\"url\":\"https:\/\/hubsch-interior.com\/wp-content\/uploads\/2022\/12\/Hubsch_logo_black_one_line.svg\",\"contentUrl\":\"https:\/\/hubsch-interior.com\/wp-content\/uploads\/2022\/12\/Hubsch_logo_black_one_line.svg\",\"caption\":\"H\u00fcbsch\"},\"image\":{\"@id\":\"https:\/\/hubsch-interior.com\/fr\/#\/schema\/logo\/image\/\"}}]}<\/script>\n<!-- \/ Yoast SEO plugin. -->","yoast_head_json":{"title":"Normu Pots Marron\/Vert (set de 2) - H\u00fcbsch","description":"D\u00e9couvrez les Normu Pots, un duo captivant aux couleurs vertes et brun argile qui s'int\u00e8grent parfaitement \u00e0 votre d\u00e9coration int\u00e9rieure. Fabriqu\u00e9s avec","robots":{"index":"index","follow":"follow","max-snippet":"max-snippet:-1","max-image-preview":"max-image-preview:large","max-video-preview":"max-video-preview:-1"},"canonical":"https:\/\/hubsch-interior.com\/fr\/wp-json\/wp\/v2\/product\/1008826","og_locale":"fr_FR","og_type":"article","og_title":"Normu Pots Marron\/Vert (set de 2) - H\u00fcbsch","og_description":"D\u00e9couvrez les Normu Pots, un duo captivant aux couleurs vertes et brun argile qui s'int\u00e8grent parfaitement \u00e0 votre d\u00e9coration int\u00e9rieure. Fabriqu\u00e9s avec","og_url":"https:\/\/hubsch-interior.com\/fr\/produit\/normu-pots-marron-vert-set-de-2\/","og_site_name":"H\u00fcbsch","article_modified_time":"2026-04-09T02:44:55+00:00","og_image":[{"width":1200,"height":1200,"url":"https:\/\/hubsch-interior.com\/wp-content\/uploads\/2025\/01\/normu-pots-browngreen-set-of-2-9ec9fa76c78b3f02e4a83ca9c0406119.jpg","type":"image\/jpeg"}],"twitter_card":"summary_large_image","schema":{"@context":"https:\/\/schema.org","@graph":[{"@type":"WebPage","@id":"https:\/\/hubsch-interior.com\/fr\/produit\/normu-pots-marron-vert-set-de-2\/","url":"https:\/\/hubsch-interior.com\/fr\/produit\/normu-pots-marron-vert-set-de-2\/","name":"Normu Pots Marron\/Vert (set de 2) - H\u00fcbsch","isPartOf":{"@id":"https:\/\/hubsch-interior.com\/fr\/#website"},"primaryImageOfPage":{"@id":"https:\/\/hubsch-interior.com\/fr\/produit\/normu-pots-marron-vert-set-de-2\/#primaryimage"},"image":{"@id":"https:\/\/hubsch-interior.com\/fr\/produit\/normu-pots-marron-vert-set-de-2\/#primaryimage"},"thumbnailUrl":"https:\/\/hubsch-interior.com\/wp-content\/uploads\/2026\/02\/normu-pots-browngreen-set-of-2-0ed1c174be54ab69720fe201c52f4bc5.jpg","datePublished":"2025-01-24T08:30:33+00:00","dateModified":"2026-04-09T02:44:55+00:00","description":"D\u00e9couvrez les Normu Pots, un duo captivant aux couleurs vertes et brun argile qui s'int\u00e8grent parfaitement \u00e0 votre d\u00e9coration int\u00e9rieure. Fabriqu\u00e9s avec","breadcrumb":{"@id":"https:\/\/hubsch-interior.com\/fr\/produit\/normu-pots-marron-vert-set-de-2\/#breadcrumb"},"inLanguage":"fr-FR","potentialAction":[{"@type":"ReadAction","target":["https:\/\/hubsch-interior.com\/fr\/produit\/normu-pots-marron-vert-set-de-2\/"]}]},{"@type":"ImageObject","inLanguage":"fr-FR","@id":"https:\/\/hubsch-interior.com\/fr\/produit\/normu-pots-marron-vert-set-de-2\/#primaryimage","url":"https:\/\/hubsch-interior.com\/wp-content\/uploads\/2026\/02\/normu-pots-browngreen-set-of-2-0ed1c174be54ab69720fe201c52f4bc5.jpg","contentUrl":"https:\/\/hubsch-interior.com\/wp-content\/uploads\/2026\/02\/normu-pots-browngreen-set-of-2-0ed1c174be54ab69720fe201c52f4bc5.jpg","width":1024,"height":1024},{"@type":"BreadcrumbList","@id":"https:\/\/hubsch-interior.com\/fr\/produit\/normu-pots-marron-vert-set-de-2\/#breadcrumb","itemListElement":[{"@type":"ListItem","position":1,"name":"Page d'accueil","item":"https:\/\/hubsch-interior.com\/fr\/"},{"@type":"ListItem","position":2,"name":"Produits","item":"https:\/\/hubsch-interior.com\/fr\/shop-2\/"},{"@type":"ListItem","position":3,"name":"Accessoires maison","item":"https:\/\/hubsch-interior.com\/fr\/categorie-produit\/accessoires-maison\/"},{"@type":"ListItem","position":4,"name":"Pots de fleur et arrosior","item":"https:\/\/hubsch-interior.com\/fr\/categorie-produit\/accessoires-maison\/pots-de-fleur-et-arrosior-fr\/"},{"@type":"ListItem","position":5,"name":"Cache pots","item":"https:\/\/hubsch-interior.com\/fr\/categorie-produit\/accessoires-maison\/pots-de-fleur-et-arrosior-fr\/cache-pots-fr\/"},{"@type":"ListItem","position":6,"name":"Normu Pots Marron\/Vert (set de 2)"}]},{"@type":"WebSite","@id":"https:\/\/hubsch-interior.com\/fr\/#website","url":"https:\/\/hubsch-interior.com\/fr\/","name":"H\u00fcbsch","description":"Danish Home Interior and Design","publisher":{"@id":"https:\/\/hubsch-interior.com\/fr\/#organization"},"potentialAction":[{"@type":"SearchAction","target":{"@type":"EntryPoint","urlTemplate":"https:\/\/hubsch-interior.com\/fr\/?s={search_term_string}"},"query-input":{"@type":"PropertyValueSpecification","valueRequired":true,"valueName":"search_term_string"}}],"inLanguage":"fr-FR"},{"@type":"Organization","@id":"https:\/\/hubsch-interior.com\/fr\/#organization","name":"H\u00fcbsch","url":"https:\/\/hubsch-interior.com\/fr\/","logo":{"@type":"ImageObject","inLanguage":"fr-FR","@id":"https:\/\/hubsch-interior.com\/fr\/#\/schema\/logo\/image\/","url":"https:\/\/hubsch-interior.com\/wp-content\/uploads\/2022\/12\/Hubsch_logo_black_one_line.svg","contentUrl":"https:\/\/hubsch-interior.com\/wp-content\/uploads\/2022\/12\/Hubsch_logo_black_one_line.svg","caption":"H\u00fcbsch"},"image":{"@id":"https:\/\/hubsch-interior.com\/fr\/#\/schema\/logo\/image\/"}}]}},"_links":{"self":[{"href":"https:\/\/hubsch-interior.com\/fr\/wp-json\/wp\/v2\/product\/1008826","targetHints":{"allow":["GET"]}}],"collection":[{"href":"https:\/\/hubsch-interior.com\/fr\/wp-json\/wp\/v2\/product"}],"about":[{"href":"https:\/\/hubsch-interior.com\/fr\/wp-json\/wp\/v2\/types\/product"}],"wp:featuredmedia":[{"embeddable":true,"href":"https:\/\/hubsch-interior.com\/fr\/wp-json\/wp\/v2\/media\/1100952"}],"wp:attachment":[{"href":"https:\/\/hubsch-interior.com\/fr\/wp-json\/wp\/v2\/media?parent=1008826"}],"wp:term":[{"taxonomy":"product_brand","embeddable":true,"href":"https:\/\/hubsch-interior.com\/fr\/wp-json\/wp\/v2\/product_brand?post=1008826"},{"taxonomy":"product_cat","embeddable":true,"href":"https:\/\/hubsch-interior.com\/fr\/wp-json\/wp\/v2\/product_cat?post=1008826"},{"taxonomy":"product_tag","embeddable":true,"href":"https:\/\/hubsch-interior.com\/fr\/wp-json\/wp\/v2\/product_tag?post=1008826"}],"curies":[{"name":"wp","href":"https:\/\/api.w.org\/{rel}","templated":true}]}}