{"id":1008886,"date":"2025-01-24T09:32:59","date_gmt":"2025-01-24T08:32:59","guid":{"rendered":"https:\/\/hubsch-interior.com\/product\/product\/"},"modified":"2026-04-09T04:53:31","modified_gmt":"2026-04-09T02:53:31","slug":"cosplay-porte-manteaux-naturel","status":"publish","type":"product","link":"https:\/\/hubsch-interior.com\/fr\/produit\/cosplay-porte-manteaux-naturel\/","title":{"rendered":"Cosplay Porte-manteaux  Naturel"},"content":{"rendered":"<p>Plongez dans un univers o\u00f9 la fonctionnalit\u00e9 rencontre votre entr\u00e9e avec le Cosplay Porte-manteaux. Fabriqu\u00e9 \u00e0 partir du meilleur bois de ch\u00eane et placage certifi\u00e9s FSC, ce porte-manteaux arbore une teinte naturelle charmante qui compl\u00e8te calmement tout int\u00e9rieur. Dot\u00e9 de 9 crochets, il offre amplement d&#8217;espace pour accrocher vos essentiels et plus encore. Si vous appr\u00e9ciez une entr\u00e9e ordonn\u00e9e, cette pi\u00e8ce \u00e9l\u00e9gante et fine, disponible en deux variantes distinctes, est certaine d&#8217;enchanter votre espace int\u00e9rieur.<\/p>\n","protected":false},"excerpt":{"rendered":"<p>Plongez dans un univers o\u00f9 la fonctionnalit\u00e9 rencontre votre entr\u00e9e avec le Cosplay Porte-manteaux. Fabriqu\u00e9 \u00e0 partir du meilleur bois de ch\u00eane et placage certifi\u00e9s FSC, ce porte-manteaux arbore une teinte naturelle charmante qui compl\u00e8te calmement tout int\u00e9rieur. Dot\u00e9 de 9 crochets, il offre amplement d&#8217;espace pour accrocher vos essentiels et plus encore. Si vous [&hellip;]<\/p>\n","protected":false},"featured_media":1104116,"template":"","meta":{"_acf_changed":false,"inline_featured_image":false},"product_brand":[],"product_cat":[6997,6322,4041,4042,5026,5030],"product_tag":[],"class_list":{"0":"post-1008886","1":"product","2":"type-product","3":"status-publish","4":"has-post-thumbnail","6":"product_cat-the-buzz-fr","7":"product_cat-fsc-fr","8":"product_cat-pateres-porte-manteaux-fr","9":"product_cat-porte-manteaux-fr","10":"product_cat-bestsellers-fr","11":"product_cat-de-nouveau-en-stock-fr","12":"product_shipping_class-pk","14":"pa_color-naturel-2","15":"pa_material-mdf-fr","16":"pa_material-bois-de-chne-2","17":"pa_material-placage-de-chne-2","19":"first","20":"instock","21":"featured","22":"taxable","23":"shipping-taxable","24":"purchasable","25":"product-type-simple"},"exclude_global_add_ons":[],"addons":[],"acf":[],"yoast_head":"<!-- This site is optimized with the Yoast SEO plugin v26.4 - https:\/\/yoast.com\/wordpress\/plugins\/seo\/ -->\n<title>Cosplay Porte-manteaux Naturel - H\u00fcbsch<\/title>\n<meta name=\"description\" content=\"Plongez dans un univers o\u00f9 la fonctionnalit\u00e9 rencontre votre entr\u00e9e avec le Cosplay Porte-manteaux. Fabriqu\u00e9 \u00e0 partir du meilleur bois de ch\u00eane et placage\" \/>\n<meta name=\"robots\" content=\"index, follow, max-snippet:-1, max-image-preview:large, max-video-preview:-1\" \/>\n<link rel=\"canonical\" href=\"https:\/\/hubsch-interior.com\/fr\/wp-json\/wp\/v2\/product\/1008886\" \/>\n<meta property=\"og:locale\" content=\"fr_FR\" \/>\n<meta property=\"og:type\" content=\"article\" \/>\n<meta property=\"og:title\" content=\"Cosplay Porte-manteaux Naturel - H\u00fcbsch\" \/>\n<meta property=\"og:description\" content=\"Plongez dans un univers o\u00f9 la fonctionnalit\u00e9 rencontre votre entr\u00e9e avec le Cosplay Porte-manteaux. Fabriqu\u00e9 \u00e0 partir du meilleur bois de ch\u00eane et placage\" \/>\n<meta property=\"og:url\" content=\"https:\/\/hubsch-interior.com\/fr\/produit\/cosplay-porte-manteaux-naturel\/\" \/>\n<meta property=\"og:site_name\" content=\"H\u00fcbsch\" \/>\n<meta property=\"article:modified_time\" content=\"2026-04-09T02:53:31+00:00\" \/>\n<meta property=\"og:image\" content=\"https:\/\/hubsch-interior.com\/wp-content\/uploads\/2025\/01\/cosplay-coatrack-l100-cm-natural-4f23fa897ce72984eebe7064c720d43f.jpg\" \/>\n\t<meta property=\"og:image:width\" content=\"1200\" \/>\n\t<meta property=\"og:image:height\" content=\"1200\" \/>\n\t<meta property=\"og:image:type\" content=\"image\/jpeg\" \/>\n<meta name=\"twitter:card\" content=\"summary_large_image\" \/>\n<script type=\"application\/ld+json\" class=\"yoast-schema-graph\">{\"@context\":\"https:\/\/schema.org\",\"@graph\":[{\"@type\":\"WebPage\",\"@id\":\"https:\/\/hubsch-interior.com\/fr\/produit\/cosplay-porte-manteaux-naturel\/\",\"url\":\"https:\/\/hubsch-interior.com\/fr\/produit\/cosplay-porte-manteaux-naturel\/\",\"name\":\"Cosplay Porte-manteaux Naturel - H\u00fcbsch\",\"isPartOf\":{\"@id\":\"https:\/\/hubsch-interior.com\/fr\/#website\"},\"primaryImageOfPage\":{\"@id\":\"https:\/\/hubsch-interior.com\/fr\/produit\/cosplay-porte-manteaux-naturel\/#primaryimage\"},\"image\":{\"@id\":\"https:\/\/hubsch-interior.com\/fr\/produit\/cosplay-porte-manteaux-naturel\/#primaryimage\"},\"thumbnailUrl\":\"https:\/\/hubsch-interior.com\/wp-content\/uploads\/2026\/02\/cosplay-coatrack-l100-cm-natural-5efd4b3f769ca98793c717b35fc9efff.jpg\",\"datePublished\":\"2025-01-24T08:32:59+00:00\",\"dateModified\":\"2026-04-09T02:53:31+00:00\",\"description\":\"Plongez dans un univers o\u00f9 la fonctionnalit\u00e9 rencontre votre entr\u00e9e avec le Cosplay Porte-manteaux. Fabriqu\u00e9 \u00e0 partir du meilleur bois de ch\u00eane et placage\",\"breadcrumb\":{\"@id\":\"https:\/\/hubsch-interior.com\/fr\/produit\/cosplay-porte-manteaux-naturel\/#breadcrumb\"},\"inLanguage\":\"fr-FR\",\"potentialAction\":[{\"@type\":\"ReadAction\",\"target\":[\"https:\/\/hubsch-interior.com\/fr\/produit\/cosplay-porte-manteaux-naturel\/\"]}]},{\"@type\":\"ImageObject\",\"inLanguage\":\"fr-FR\",\"@id\":\"https:\/\/hubsch-interior.com\/fr\/produit\/cosplay-porte-manteaux-naturel\/#primaryimage\",\"url\":\"https:\/\/hubsch-interior.com\/wp-content\/uploads\/2026\/02\/cosplay-coatrack-l100-cm-natural-5efd4b3f769ca98793c717b35fc9efff.jpg\",\"contentUrl\":\"https:\/\/hubsch-interior.com\/wp-content\/uploads\/2026\/02\/cosplay-coatrack-l100-cm-natural-5efd4b3f769ca98793c717b35fc9efff.jpg\",\"width\":1024,\"height\":1024},{\"@type\":\"BreadcrumbList\",\"@id\":\"https:\/\/hubsch-interior.com\/fr\/produit\/cosplay-porte-manteaux-naturel\/#breadcrumb\",\"itemListElement\":[{\"@type\":\"ListItem\",\"position\":1,\"name\":\"Page d'accueil\",\"item\":\"https:\/\/hubsch-interior.com\/fr\/\"},{\"@type\":\"ListItem\",\"position\":2,\"name\":\"Produits\",\"item\":\"https:\/\/hubsch-interior.com\/fr\/shop-2\/\"},{\"@type\":\"ListItem\",\"position\":3,\"name\":\"Accessoires maison\",\"item\":\"https:\/\/hubsch-interior.com\/fr\/categorie-produit\/accessoires-maison\/\"},{\"@type\":\"ListItem\",\"position\":4,\"name\":\"Pat&egrave;res &amp; porte-manteaux\",\"item\":\"https:\/\/hubsch-interior.com\/fr\/categorie-produit\/accessoires-maison\/pateres-porte-manteaux-fr\/\"},{\"@type\":\"ListItem\",\"position\":5,\"name\":\"Porte-manteaux\",\"item\":\"https:\/\/hubsch-interior.com\/fr\/categorie-produit\/accessoires-maison\/pateres-porte-manteaux-fr\/porte-manteaux-fr\/\"},{\"@type\":\"ListItem\",\"position\":6,\"name\":\"Cosplay Porte-manteaux Naturel\"}]},{\"@type\":\"WebSite\",\"@id\":\"https:\/\/hubsch-interior.com\/fr\/#website\",\"url\":\"https:\/\/hubsch-interior.com\/fr\/\",\"name\":\"H\u00fcbsch\",\"description\":\"Danish Home Interior and Design\",\"publisher\":{\"@id\":\"https:\/\/hubsch-interior.com\/fr\/#organization\"},\"potentialAction\":[{\"@type\":\"SearchAction\",\"target\":{\"@type\":\"EntryPoint\",\"urlTemplate\":\"https:\/\/hubsch-interior.com\/fr\/?s={search_term_string}\"},\"query-input\":{\"@type\":\"PropertyValueSpecification\",\"valueRequired\":true,\"valueName\":\"search_term_string\"}}],\"inLanguage\":\"fr-FR\"},{\"@type\":\"Organization\",\"@id\":\"https:\/\/hubsch-interior.com\/fr\/#organization\",\"name\":\"H\u00fcbsch\",\"url\":\"https:\/\/hubsch-interior.com\/fr\/\",\"logo\":{\"@type\":\"ImageObject\",\"inLanguage\":\"fr-FR\",\"@id\":\"https:\/\/hubsch-interior.com\/fr\/#\/schema\/logo\/image\/\",\"url\":\"https:\/\/hubsch-interior.com\/wp-content\/uploads\/2022\/12\/Hubsch_logo_black_one_line.svg\",\"contentUrl\":\"https:\/\/hubsch-interior.com\/wp-content\/uploads\/2022\/12\/Hubsch_logo_black_one_line.svg\",\"caption\":\"H\u00fcbsch\"},\"image\":{\"@id\":\"https:\/\/hubsch-interior.com\/fr\/#\/schema\/logo\/image\/\"}}]}<\/script>\n<!-- \/ Yoast SEO plugin. -->","yoast_head_json":{"title":"Cosplay Porte-manteaux Naturel - H\u00fcbsch","description":"Plongez dans un univers o\u00f9 la fonctionnalit\u00e9 rencontre votre entr\u00e9e avec le Cosplay Porte-manteaux. Fabriqu\u00e9 \u00e0 partir du meilleur bois de ch\u00eane et placage","robots":{"index":"index","follow":"follow","max-snippet":"max-snippet:-1","max-image-preview":"max-image-preview:large","max-video-preview":"max-video-preview:-1"},"canonical":"https:\/\/hubsch-interior.com\/fr\/wp-json\/wp\/v2\/product\/1008886","og_locale":"fr_FR","og_type":"article","og_title":"Cosplay Porte-manteaux Naturel - H\u00fcbsch","og_description":"Plongez dans un univers o\u00f9 la fonctionnalit\u00e9 rencontre votre entr\u00e9e avec le Cosplay Porte-manteaux. Fabriqu\u00e9 \u00e0 partir du meilleur bois de ch\u00eane et placage","og_url":"https:\/\/hubsch-interior.com\/fr\/produit\/cosplay-porte-manteaux-naturel\/","og_site_name":"H\u00fcbsch","article_modified_time":"2026-04-09T02:53:31+00:00","og_image":[{"width":1200,"height":1200,"url":"https:\/\/hubsch-interior.com\/wp-content\/uploads\/2025\/01\/cosplay-coatrack-l100-cm-natural-4f23fa897ce72984eebe7064c720d43f.jpg","type":"image\/jpeg"}],"twitter_card":"summary_large_image","schema":{"@context":"https:\/\/schema.org","@graph":[{"@type":"WebPage","@id":"https:\/\/hubsch-interior.com\/fr\/produit\/cosplay-porte-manteaux-naturel\/","url":"https:\/\/hubsch-interior.com\/fr\/produit\/cosplay-porte-manteaux-naturel\/","name":"Cosplay Porte-manteaux Naturel - H\u00fcbsch","isPartOf":{"@id":"https:\/\/hubsch-interior.com\/fr\/#website"},"primaryImageOfPage":{"@id":"https:\/\/hubsch-interior.com\/fr\/produit\/cosplay-porte-manteaux-naturel\/#primaryimage"},"image":{"@id":"https:\/\/hubsch-interior.com\/fr\/produit\/cosplay-porte-manteaux-naturel\/#primaryimage"},"thumbnailUrl":"https:\/\/hubsch-interior.com\/wp-content\/uploads\/2026\/02\/cosplay-coatrack-l100-cm-natural-5efd4b3f769ca98793c717b35fc9efff.jpg","datePublished":"2025-01-24T08:32:59+00:00","dateModified":"2026-04-09T02:53:31+00:00","description":"Plongez dans un univers o\u00f9 la fonctionnalit\u00e9 rencontre votre entr\u00e9e avec le Cosplay Porte-manteaux. Fabriqu\u00e9 \u00e0 partir du meilleur bois de ch\u00eane et placage","breadcrumb":{"@id":"https:\/\/hubsch-interior.com\/fr\/produit\/cosplay-porte-manteaux-naturel\/#breadcrumb"},"inLanguage":"fr-FR","potentialAction":[{"@type":"ReadAction","target":["https:\/\/hubsch-interior.com\/fr\/produit\/cosplay-porte-manteaux-naturel\/"]}]},{"@type":"ImageObject","inLanguage":"fr-FR","@id":"https:\/\/hubsch-interior.com\/fr\/produit\/cosplay-porte-manteaux-naturel\/#primaryimage","url":"https:\/\/hubsch-interior.com\/wp-content\/uploads\/2026\/02\/cosplay-coatrack-l100-cm-natural-5efd4b3f769ca98793c717b35fc9efff.jpg","contentUrl":"https:\/\/hubsch-interior.com\/wp-content\/uploads\/2026\/02\/cosplay-coatrack-l100-cm-natural-5efd4b3f769ca98793c717b35fc9efff.jpg","width":1024,"height":1024},{"@type":"BreadcrumbList","@id":"https:\/\/hubsch-interior.com\/fr\/produit\/cosplay-porte-manteaux-naturel\/#breadcrumb","itemListElement":[{"@type":"ListItem","position":1,"name":"Page d'accueil","item":"https:\/\/hubsch-interior.com\/fr\/"},{"@type":"ListItem","position":2,"name":"Produits","item":"https:\/\/hubsch-interior.com\/fr\/shop-2\/"},{"@type":"ListItem","position":3,"name":"Accessoires maison","item":"https:\/\/hubsch-interior.com\/fr\/categorie-produit\/accessoires-maison\/"},{"@type":"ListItem","position":4,"name":"Pat&egrave;res &amp; porte-manteaux","item":"https:\/\/hubsch-interior.com\/fr\/categorie-produit\/accessoires-maison\/pateres-porte-manteaux-fr\/"},{"@type":"ListItem","position":5,"name":"Porte-manteaux","item":"https:\/\/hubsch-interior.com\/fr\/categorie-produit\/accessoires-maison\/pateres-porte-manteaux-fr\/porte-manteaux-fr\/"},{"@type":"ListItem","position":6,"name":"Cosplay Porte-manteaux Naturel"}]},{"@type":"WebSite","@id":"https:\/\/hubsch-interior.com\/fr\/#website","url":"https:\/\/hubsch-interior.com\/fr\/","name":"H\u00fcbsch","description":"Danish Home Interior and Design","publisher":{"@id":"https:\/\/hubsch-interior.com\/fr\/#organization"},"potentialAction":[{"@type":"SearchAction","target":{"@type":"EntryPoint","urlTemplate":"https:\/\/hubsch-interior.com\/fr\/?s={search_term_string}"},"query-input":{"@type":"PropertyValueSpecification","valueRequired":true,"valueName":"search_term_string"}}],"inLanguage":"fr-FR"},{"@type":"Organization","@id":"https:\/\/hubsch-interior.com\/fr\/#organization","name":"H\u00fcbsch","url":"https:\/\/hubsch-interior.com\/fr\/","logo":{"@type":"ImageObject","inLanguage":"fr-FR","@id":"https:\/\/hubsch-interior.com\/fr\/#\/schema\/logo\/image\/","url":"https:\/\/hubsch-interior.com\/wp-content\/uploads\/2022\/12\/Hubsch_logo_black_one_line.svg","contentUrl":"https:\/\/hubsch-interior.com\/wp-content\/uploads\/2022\/12\/Hubsch_logo_black_one_line.svg","caption":"H\u00fcbsch"},"image":{"@id":"https:\/\/hubsch-interior.com\/fr\/#\/schema\/logo\/image\/"}}]}},"_links":{"self":[{"href":"https:\/\/hubsch-interior.com\/fr\/wp-json\/wp\/v2\/product\/1008886","targetHints":{"allow":["GET"]}}],"collection":[{"href":"https:\/\/hubsch-interior.com\/fr\/wp-json\/wp\/v2\/product"}],"about":[{"href":"https:\/\/hubsch-interior.com\/fr\/wp-json\/wp\/v2\/types\/product"}],"wp:featuredmedia":[{"embeddable":true,"href":"https:\/\/hubsch-interior.com\/fr\/wp-json\/wp\/v2\/media\/1104116"}],"wp:attachment":[{"href":"https:\/\/hubsch-interior.com\/fr\/wp-json\/wp\/v2\/media?parent=1008886"}],"wp:term":[{"taxonomy":"product_brand","embeddable":true,"href":"https:\/\/hubsch-interior.com\/fr\/wp-json\/wp\/v2\/product_brand?post=1008886"},{"taxonomy":"product_cat","embeddable":true,"href":"https:\/\/hubsch-interior.com\/fr\/wp-json\/wp\/v2\/product_cat?post=1008886"},{"taxonomy":"product_tag","embeddable":true,"href":"https:\/\/hubsch-interior.com\/fr\/wp-json\/wp\/v2\/product_tag?post=1008886"}],"curies":[{"name":"wp","href":"https:\/\/api.w.org\/{rel}","templated":true}]}}