{"id":1008898,"date":"2025-01-24T09:33:23","date_gmt":"2025-01-24T08:33:23","guid":{"rendered":"https:\/\/hubsch-interior.com\/product\/product\/"},"modified":"2026-04-08T04:53:33","modified_gmt":"2026-04-08T02:53:33","slug":"cosplay-porte-manteaux-naturel-2","status":"publish","type":"product","link":"https:\/\/hubsch-interior.com\/fr\/produit\/cosplay-porte-manteaux-naturel-2\/","title":{"rendered":"Cosplay Porte-manteaux  Naturel"},"content":{"rendered":"<p>D\u00e9couvrez le Porte-manteaux Cosplay, une solution \u00e9l\u00e9gante et compacte con\u00e7ue pour votre entr\u00e9e ou votre chambre \u00e0 coucher. Cette charmante version s&#8217;harmonise parfaitement avec tous les d\u00e9cors. Fabriqu\u00e9 en bois de ch\u00eane et placage certifi\u00e9s FSC, il garantit qualit\u00e9 et durabilit\u00e9. Dot\u00e9 de 5 crochets, il offre juste assez d&#8217;espace pour accrocher vos essentiels, des vestes aux sacoches. Optez pour ce mod\u00e8le charmant et discret pour garder vos affaires organis\u00e9es avec style. Disponible en trois variantes pour r\u00e9pondre \u00e0 vos besoins personnels.<\/p>\n","protected":false},"excerpt":{"rendered":"<p>D\u00e9couvrez le Porte-manteaux Cosplay, une solution \u00e9l\u00e9gante et compacte con\u00e7ue pour votre entr\u00e9e ou votre chambre \u00e0 coucher. Cette charmante version s&#8217;harmonise parfaitement avec tous les d\u00e9cors. Fabriqu\u00e9 en bois de ch\u00eane et placage certifi\u00e9s FSC, il garantit qualit\u00e9 et durabilit\u00e9. Dot\u00e9 de 5 crochets, il offre juste assez d&#8217;espace pour accrocher vos essentiels, des [&hellip;]<\/p>\n","protected":false},"featured_media":1104128,"template":"","meta":{"_acf_changed":false,"inline_featured_image":false},"product_brand":[],"product_cat":[6997,4041,4042],"product_tag":[],"class_list":{"0":"post-1008898","1":"product","2":"type-product","3":"status-publish","4":"has-post-thumbnail","6":"product_cat-the-buzz-fr","7":"product_cat-pateres-porte-manteaux-fr","8":"product_cat-porte-manteaux-fr","9":"product_shipping_class-pk","10":"pa_color-naturel-2","11":"pa_material-mdf-fr","12":"pa_material-bois-de-chne-2","13":"pa_material-placage-de-chne-2","15":"first","16":"outofstock","17":"taxable","18":"shipping-taxable","19":"purchasable","20":"product-type-simple"},"exclude_global_add_ons":[],"addons":[],"acf":[],"yoast_head":"<!-- This site is optimized with the Yoast SEO plugin v26.4 - https:\/\/yoast.com\/wordpress\/plugins\/seo\/ -->\n<title>Cosplay Porte-manteaux Naturel - H\u00fcbsch<\/title>\n<meta name=\"description\" content=\"D\u00e9couvrez le Porte-manteaux Cosplay, une solution \u00e9l\u00e9gante et compacte con\u00e7ue pour votre entr\u00e9e ou votre chambre \u00e0 coucher. Cette charmante version\" \/>\n<meta name=\"robots\" content=\"index, follow, max-snippet:-1, max-image-preview:large, max-video-preview:-1\" \/>\n<link rel=\"canonical\" href=\"https:\/\/hubsch-interior.com\/fr\/wp-json\/wp\/v2\/product\/1008898\" \/>\n<meta property=\"og:locale\" content=\"fr_FR\" \/>\n<meta property=\"og:type\" content=\"article\" \/>\n<meta property=\"og:title\" content=\"Cosplay Porte-manteaux Naturel - H\u00fcbsch\" \/>\n<meta property=\"og:description\" content=\"D\u00e9couvrez le Porte-manteaux Cosplay, une solution \u00e9l\u00e9gante et compacte con\u00e7ue pour votre entr\u00e9e ou votre chambre \u00e0 coucher. Cette charmante version\" \/>\n<meta property=\"og:url\" content=\"https:\/\/hubsch-interior.com\/fr\/produit\/cosplay-porte-manteaux-naturel-2\/\" \/>\n<meta property=\"og:site_name\" content=\"H\u00fcbsch\" \/>\n<meta property=\"article:modified_time\" content=\"2026-04-08T02:53:33+00:00\" \/>\n<meta property=\"og:image\" content=\"https:\/\/hubsch-interior.com\/wp-content\/uploads\/2026\/02\/cosplay-coatrack-l60-cm-natural-8394816f0f0b633165217e895fbf6625.jpg\" \/>\n\t<meta property=\"og:image:width\" content=\"1024\" \/>\n\t<meta property=\"og:image:height\" content=\"1024\" \/>\n\t<meta property=\"og:image:type\" content=\"image\/jpeg\" \/>\n<meta name=\"twitter:card\" content=\"summary_large_image\" \/>\n<script type=\"application\/ld+json\" class=\"yoast-schema-graph\">{\"@context\":\"https:\/\/schema.org\",\"@graph\":[{\"@type\":\"WebPage\",\"@id\":\"https:\/\/hubsch-interior.com\/fr\/produit\/cosplay-porte-manteaux-naturel-2\/\",\"url\":\"https:\/\/hubsch-interior.com\/fr\/produit\/cosplay-porte-manteaux-naturel-2\/\",\"name\":\"Cosplay Porte-manteaux Naturel - H\u00fcbsch\",\"isPartOf\":{\"@id\":\"https:\/\/hubsch-interior.com\/fr\/#website\"},\"primaryImageOfPage\":{\"@id\":\"https:\/\/hubsch-interior.com\/fr\/produit\/cosplay-porte-manteaux-naturel-2\/#primaryimage\"},\"image\":{\"@id\":\"https:\/\/hubsch-interior.com\/fr\/produit\/cosplay-porte-manteaux-naturel-2\/#primaryimage\"},\"thumbnailUrl\":\"https:\/\/hubsch-interior.com\/wp-content\/uploads\/2026\/02\/cosplay-coatrack-l60-cm-natural-8394816f0f0b633165217e895fbf6625.jpg\",\"datePublished\":\"2025-01-24T08:33:23+00:00\",\"dateModified\":\"2026-04-08T02:53:33+00:00\",\"description\":\"D\u00e9couvrez le Porte-manteaux Cosplay, une solution \u00e9l\u00e9gante et compacte con\u00e7ue pour votre entr\u00e9e ou votre chambre \u00e0 coucher. Cette charmante version\",\"breadcrumb\":{\"@id\":\"https:\/\/hubsch-interior.com\/fr\/produit\/cosplay-porte-manteaux-naturel-2\/#breadcrumb\"},\"inLanguage\":\"fr-FR\",\"potentialAction\":[{\"@type\":\"ReadAction\",\"target\":[\"https:\/\/hubsch-interior.com\/fr\/produit\/cosplay-porte-manteaux-naturel-2\/\"]}]},{\"@type\":\"ImageObject\",\"inLanguage\":\"fr-FR\",\"@id\":\"https:\/\/hubsch-interior.com\/fr\/produit\/cosplay-porte-manteaux-naturel-2\/#primaryimage\",\"url\":\"https:\/\/hubsch-interior.com\/wp-content\/uploads\/2026\/02\/cosplay-coatrack-l60-cm-natural-8394816f0f0b633165217e895fbf6625.jpg\",\"contentUrl\":\"https:\/\/hubsch-interior.com\/wp-content\/uploads\/2026\/02\/cosplay-coatrack-l60-cm-natural-8394816f0f0b633165217e895fbf6625.jpg\",\"width\":1024,\"height\":1024},{\"@type\":\"BreadcrumbList\",\"@id\":\"https:\/\/hubsch-interior.com\/fr\/produit\/cosplay-porte-manteaux-naturel-2\/#breadcrumb\",\"itemListElement\":[{\"@type\":\"ListItem\",\"position\":1,\"name\":\"Page d'accueil\",\"item\":\"https:\/\/hubsch-interior.com\/fr\/\"},{\"@type\":\"ListItem\",\"position\":2,\"name\":\"Produits\",\"item\":\"https:\/\/hubsch-interior.com\/fr\/shop-2\/\"},{\"@type\":\"ListItem\",\"position\":3,\"name\":\"Accessoires maison\",\"item\":\"https:\/\/hubsch-interior.com\/fr\/categorie-produit\/accessoires-maison\/\"},{\"@type\":\"ListItem\",\"position\":4,\"name\":\"Pat&egrave;res &amp; porte-manteaux\",\"item\":\"https:\/\/hubsch-interior.com\/fr\/categorie-produit\/accessoires-maison\/pateres-porte-manteaux-fr\/\"},{\"@type\":\"ListItem\",\"position\":5,\"name\":\"Porte-manteaux\",\"item\":\"https:\/\/hubsch-interior.com\/fr\/categorie-produit\/accessoires-maison\/pateres-porte-manteaux-fr\/porte-manteaux-fr\/\"},{\"@type\":\"ListItem\",\"position\":6,\"name\":\"Cosplay Porte-manteaux Naturel\"}]},{\"@type\":\"WebSite\",\"@id\":\"https:\/\/hubsch-interior.com\/fr\/#website\",\"url\":\"https:\/\/hubsch-interior.com\/fr\/\",\"name\":\"H\u00fcbsch\",\"description\":\"Danish Home Interior and Design\",\"publisher\":{\"@id\":\"https:\/\/hubsch-interior.com\/fr\/#organization\"},\"potentialAction\":[{\"@type\":\"SearchAction\",\"target\":{\"@type\":\"EntryPoint\",\"urlTemplate\":\"https:\/\/hubsch-interior.com\/fr\/?s={search_term_string}\"},\"query-input\":{\"@type\":\"PropertyValueSpecification\",\"valueRequired\":true,\"valueName\":\"search_term_string\"}}],\"inLanguage\":\"fr-FR\"},{\"@type\":\"Organization\",\"@id\":\"https:\/\/hubsch-interior.com\/fr\/#organization\",\"name\":\"H\u00fcbsch\",\"url\":\"https:\/\/hubsch-interior.com\/fr\/\",\"logo\":{\"@type\":\"ImageObject\",\"inLanguage\":\"fr-FR\",\"@id\":\"https:\/\/hubsch-interior.com\/fr\/#\/schema\/logo\/image\/\",\"url\":\"https:\/\/hubsch-interior.com\/wp-content\/uploads\/2022\/12\/Hubsch_logo_black_one_line.svg\",\"contentUrl\":\"https:\/\/hubsch-interior.com\/wp-content\/uploads\/2022\/12\/Hubsch_logo_black_one_line.svg\",\"caption\":\"H\u00fcbsch\"},\"image\":{\"@id\":\"https:\/\/hubsch-interior.com\/fr\/#\/schema\/logo\/image\/\"}}]}<\/script>\n<!-- \/ Yoast SEO plugin. -->","yoast_head_json":{"title":"Cosplay Porte-manteaux Naturel - H\u00fcbsch","description":"D\u00e9couvrez le Porte-manteaux Cosplay, une solution \u00e9l\u00e9gante et compacte con\u00e7ue pour votre entr\u00e9e ou votre chambre \u00e0 coucher. Cette charmante version","robots":{"index":"index","follow":"follow","max-snippet":"max-snippet:-1","max-image-preview":"max-image-preview:large","max-video-preview":"max-video-preview:-1"},"canonical":"https:\/\/hubsch-interior.com\/fr\/wp-json\/wp\/v2\/product\/1008898","og_locale":"fr_FR","og_type":"article","og_title":"Cosplay Porte-manteaux Naturel - H\u00fcbsch","og_description":"D\u00e9couvrez le Porte-manteaux Cosplay, une solution \u00e9l\u00e9gante et compacte con\u00e7ue pour votre entr\u00e9e ou votre chambre \u00e0 coucher. Cette charmante version","og_url":"https:\/\/hubsch-interior.com\/fr\/produit\/cosplay-porte-manteaux-naturel-2\/","og_site_name":"H\u00fcbsch","article_modified_time":"2026-04-08T02:53:33+00:00","og_image":[{"width":1024,"height":1024,"url":"https:\/\/hubsch-interior.com\/wp-content\/uploads\/2026\/02\/cosplay-coatrack-l60-cm-natural-8394816f0f0b633165217e895fbf6625.jpg","type":"image\/jpeg"}],"twitter_card":"summary_large_image","schema":{"@context":"https:\/\/schema.org","@graph":[{"@type":"WebPage","@id":"https:\/\/hubsch-interior.com\/fr\/produit\/cosplay-porte-manteaux-naturel-2\/","url":"https:\/\/hubsch-interior.com\/fr\/produit\/cosplay-porte-manteaux-naturel-2\/","name":"Cosplay Porte-manteaux Naturel - H\u00fcbsch","isPartOf":{"@id":"https:\/\/hubsch-interior.com\/fr\/#website"},"primaryImageOfPage":{"@id":"https:\/\/hubsch-interior.com\/fr\/produit\/cosplay-porte-manteaux-naturel-2\/#primaryimage"},"image":{"@id":"https:\/\/hubsch-interior.com\/fr\/produit\/cosplay-porte-manteaux-naturel-2\/#primaryimage"},"thumbnailUrl":"https:\/\/hubsch-interior.com\/wp-content\/uploads\/2026\/02\/cosplay-coatrack-l60-cm-natural-8394816f0f0b633165217e895fbf6625.jpg","datePublished":"2025-01-24T08:33:23+00:00","dateModified":"2026-04-08T02:53:33+00:00","description":"D\u00e9couvrez le Porte-manteaux Cosplay, une solution \u00e9l\u00e9gante et compacte con\u00e7ue pour votre entr\u00e9e ou votre chambre \u00e0 coucher. Cette charmante version","breadcrumb":{"@id":"https:\/\/hubsch-interior.com\/fr\/produit\/cosplay-porte-manteaux-naturel-2\/#breadcrumb"},"inLanguage":"fr-FR","potentialAction":[{"@type":"ReadAction","target":["https:\/\/hubsch-interior.com\/fr\/produit\/cosplay-porte-manteaux-naturel-2\/"]}]},{"@type":"ImageObject","inLanguage":"fr-FR","@id":"https:\/\/hubsch-interior.com\/fr\/produit\/cosplay-porte-manteaux-naturel-2\/#primaryimage","url":"https:\/\/hubsch-interior.com\/wp-content\/uploads\/2026\/02\/cosplay-coatrack-l60-cm-natural-8394816f0f0b633165217e895fbf6625.jpg","contentUrl":"https:\/\/hubsch-interior.com\/wp-content\/uploads\/2026\/02\/cosplay-coatrack-l60-cm-natural-8394816f0f0b633165217e895fbf6625.jpg","width":1024,"height":1024},{"@type":"BreadcrumbList","@id":"https:\/\/hubsch-interior.com\/fr\/produit\/cosplay-porte-manteaux-naturel-2\/#breadcrumb","itemListElement":[{"@type":"ListItem","position":1,"name":"Page d'accueil","item":"https:\/\/hubsch-interior.com\/fr\/"},{"@type":"ListItem","position":2,"name":"Produits","item":"https:\/\/hubsch-interior.com\/fr\/shop-2\/"},{"@type":"ListItem","position":3,"name":"Accessoires maison","item":"https:\/\/hubsch-interior.com\/fr\/categorie-produit\/accessoires-maison\/"},{"@type":"ListItem","position":4,"name":"Pat&egrave;res &amp; porte-manteaux","item":"https:\/\/hubsch-interior.com\/fr\/categorie-produit\/accessoires-maison\/pateres-porte-manteaux-fr\/"},{"@type":"ListItem","position":5,"name":"Porte-manteaux","item":"https:\/\/hubsch-interior.com\/fr\/categorie-produit\/accessoires-maison\/pateres-porte-manteaux-fr\/porte-manteaux-fr\/"},{"@type":"ListItem","position":6,"name":"Cosplay Porte-manteaux Naturel"}]},{"@type":"WebSite","@id":"https:\/\/hubsch-interior.com\/fr\/#website","url":"https:\/\/hubsch-interior.com\/fr\/","name":"H\u00fcbsch","description":"Danish Home Interior and Design","publisher":{"@id":"https:\/\/hubsch-interior.com\/fr\/#organization"},"potentialAction":[{"@type":"SearchAction","target":{"@type":"EntryPoint","urlTemplate":"https:\/\/hubsch-interior.com\/fr\/?s={search_term_string}"},"query-input":{"@type":"PropertyValueSpecification","valueRequired":true,"valueName":"search_term_string"}}],"inLanguage":"fr-FR"},{"@type":"Organization","@id":"https:\/\/hubsch-interior.com\/fr\/#organization","name":"H\u00fcbsch","url":"https:\/\/hubsch-interior.com\/fr\/","logo":{"@type":"ImageObject","inLanguage":"fr-FR","@id":"https:\/\/hubsch-interior.com\/fr\/#\/schema\/logo\/image\/","url":"https:\/\/hubsch-interior.com\/wp-content\/uploads\/2022\/12\/Hubsch_logo_black_one_line.svg","contentUrl":"https:\/\/hubsch-interior.com\/wp-content\/uploads\/2022\/12\/Hubsch_logo_black_one_line.svg","caption":"H\u00fcbsch"},"image":{"@id":"https:\/\/hubsch-interior.com\/fr\/#\/schema\/logo\/image\/"}}]}},"_links":{"self":[{"href":"https:\/\/hubsch-interior.com\/fr\/wp-json\/wp\/v2\/product\/1008898","targetHints":{"allow":["GET"]}}],"collection":[{"href":"https:\/\/hubsch-interior.com\/fr\/wp-json\/wp\/v2\/product"}],"about":[{"href":"https:\/\/hubsch-interior.com\/fr\/wp-json\/wp\/v2\/types\/product"}],"wp:featuredmedia":[{"embeddable":true,"href":"https:\/\/hubsch-interior.com\/fr\/wp-json\/wp\/v2\/media\/1104128"}],"wp:attachment":[{"href":"https:\/\/hubsch-interior.com\/fr\/wp-json\/wp\/v2\/media?parent=1008898"}],"wp:term":[{"taxonomy":"product_brand","embeddable":true,"href":"https:\/\/hubsch-interior.com\/fr\/wp-json\/wp\/v2\/product_brand?post=1008898"},{"taxonomy":"product_cat","embeddable":true,"href":"https:\/\/hubsch-interior.com\/fr\/wp-json\/wp\/v2\/product_cat?post=1008898"},{"taxonomy":"product_tag","embeddable":true,"href":"https:\/\/hubsch-interior.com\/fr\/wp-json\/wp\/v2\/product_tag?post=1008898"}],"curies":[{"name":"wp","href":"https:\/\/api.w.org\/{rel}","templated":true}]}}