{"id":1008906,"date":"2025-01-24T09:33:51","date_gmt":"2025-01-24T08:33:51","guid":{"rendered":"https:\/\/hubsch-interior.com\/product\/product\/"},"modified":"2026-04-09T04:53:37","modified_gmt":"2026-04-09T02:53:37","slug":"cosplay-porte-manteaux-naturel-3","status":"publish","type":"product","link":"https:\/\/hubsch-interior.com\/fr\/produit\/cosplay-porte-manteaux-naturel-3\/","title":{"rendered":"Cosplay Porte-manteaux  Naturel"},"content":{"rendered":"<p>D\u00e9couvrez le **Cosplay Porte-manteaux**, un objet remarquable con\u00e7u sp\u00e9cialement pour vos essentiels de couloir. Fabriqu\u00e9 \u00e0 partir de bois de ch\u00eane certifi\u00e9 FSC et de placage de ch\u00eane, ce mod\u00e8le \u00e9lanc\u00e9 et naturel incarne une \u00e9l\u00e9gance intemporelle. \u00c9quip\u00e9 de 3 crochets, il repr\u00e9sente l&#8217;endroit id\u00e9al pour accrocher vos pi\u00e8ces les plus importantes ; que ce soit un manteau, des cl\u00e9s ou un sac. Disponible en trois tailles diff\u00e9rentes, il allie parfaitement fonctionnalit\u00e9 et style, faisant de lui un ajout charmant \u00e0 tout int\u00e9rieur de maison.<\/p>\n","protected":false},"excerpt":{"rendered":"<p>D\u00e9couvrez le **Cosplay Porte-manteaux**, un objet remarquable con\u00e7u sp\u00e9cialement pour vos essentiels de couloir. Fabriqu\u00e9 \u00e0 partir de bois de ch\u00eane certifi\u00e9 FSC et de placage de ch\u00eane, ce mod\u00e8le \u00e9lanc\u00e9 et naturel incarne une \u00e9l\u00e9gance intemporelle. \u00c9quip\u00e9 de 3 crochets, il repr\u00e9sente l&#8217;endroit id\u00e9al pour accrocher vos pi\u00e8ces les plus importantes ; que ce [&hellip;]<\/p>\n","protected":false},"featured_media":1104144,"template":"","meta":{"_acf_changed":false,"inline_featured_image":false},"product_brand":[],"product_cat":[7071,7066,6997,6322,4041,4042,5026,5030],"product_tag":[],"class_list":{"0":"post-1008906","1":"product","2":"type-product","3":"status-publish","4":"has-post-thumbnail","6":"product_cat-crochets-et-etageres-fr","7":"product_cat-cuisine-etageres-fr","8":"product_cat-the-buzz-fr","9":"product_cat-fsc-fr","10":"product_cat-pateres-porte-manteaux-fr","11":"product_cat-porte-manteaux-fr","12":"product_cat-bestsellers-fr","13":"product_cat-de-nouveau-en-stock-fr","14":"product_shipping_class-pk","16":"pa_color-naturel-2","17":"pa_material-mdf-fr","18":"pa_material-bois-de-chne-2","19":"pa_material-placage-de-chne-2","21":"first","22":"instock","23":"featured","24":"taxable","25":"shipping-taxable","26":"purchasable","27":"product-type-simple"},"exclude_global_add_ons":[],"addons":[],"acf":[],"yoast_head":"<!-- This site is optimized with the Yoast SEO plugin v26.4 - https:\/\/yoast.com\/wordpress\/plugins\/seo\/ -->\n<title>Cosplay Porte-manteaux Naturel - H\u00fcbsch<\/title>\n<meta name=\"description\" content=\"D\u00e9couvrez le **Cosplay Porte-manteaux**, un objet remarquable con\u00e7u sp\u00e9cialement pour vos essentiels de couloir. Fabriqu\u00e9 \u00e0 partir de bois de ch\u00eane\" \/>\n<meta name=\"robots\" content=\"index, follow, max-snippet:-1, max-image-preview:large, max-video-preview:-1\" \/>\n<link rel=\"canonical\" href=\"https:\/\/hubsch-interior.com\/fr\/wp-json\/wp\/v2\/product\/1008906\" \/>\n<meta property=\"og:locale\" content=\"fr_FR\" \/>\n<meta property=\"og:type\" content=\"article\" \/>\n<meta property=\"og:title\" content=\"Cosplay Porte-manteaux Naturel - H\u00fcbsch\" \/>\n<meta property=\"og:description\" content=\"D\u00e9couvrez le **Cosplay Porte-manteaux**, un objet remarquable con\u00e7u sp\u00e9cialement pour vos essentiels de couloir. Fabriqu\u00e9 \u00e0 partir de bois de ch\u00eane\" \/>\n<meta property=\"og:url\" content=\"https:\/\/hubsch-interior.com\/fr\/produit\/cosplay-porte-manteaux-naturel-3\/\" \/>\n<meta property=\"og:site_name\" content=\"H\u00fcbsch\" \/>\n<meta property=\"article:modified_time\" content=\"2026-04-09T02:53:37+00:00\" \/>\n<meta property=\"og:image\" content=\"https:\/\/hubsch-interior.com\/wp-content\/uploads\/2026\/02\/cosplay-coatrack-l40-cm-natural-fc328df7884aa10916e02be17798127a.jpg\" \/>\n\t<meta property=\"og:image:width\" content=\"1024\" \/>\n\t<meta property=\"og:image:height\" content=\"1024\" \/>\n\t<meta property=\"og:image:type\" content=\"image\/jpeg\" \/>\n<meta name=\"twitter:card\" content=\"summary_large_image\" \/>\n<script type=\"application\/ld+json\" class=\"yoast-schema-graph\">{\"@context\":\"https:\/\/schema.org\",\"@graph\":[{\"@type\":\"WebPage\",\"@id\":\"https:\/\/hubsch-interior.com\/fr\/produit\/cosplay-porte-manteaux-naturel-3\/\",\"url\":\"https:\/\/hubsch-interior.com\/fr\/produit\/cosplay-porte-manteaux-naturel-3\/\",\"name\":\"Cosplay Porte-manteaux Naturel - H\u00fcbsch\",\"isPartOf\":{\"@id\":\"https:\/\/hubsch-interior.com\/fr\/#website\"},\"primaryImageOfPage\":{\"@id\":\"https:\/\/hubsch-interior.com\/fr\/produit\/cosplay-porte-manteaux-naturel-3\/#primaryimage\"},\"image\":{\"@id\":\"https:\/\/hubsch-interior.com\/fr\/produit\/cosplay-porte-manteaux-naturel-3\/#primaryimage\"},\"thumbnailUrl\":\"https:\/\/hubsch-interior.com\/wp-content\/uploads\/2026\/02\/cosplay-coatrack-l40-cm-natural-fc328df7884aa10916e02be17798127a.jpg\",\"datePublished\":\"2025-01-24T08:33:51+00:00\",\"dateModified\":\"2026-04-09T02:53:37+00:00\",\"description\":\"D\u00e9couvrez le **Cosplay Porte-manteaux**, un objet remarquable con\u00e7u sp\u00e9cialement pour vos essentiels de couloir. Fabriqu\u00e9 \u00e0 partir de bois de ch\u00eane\",\"breadcrumb\":{\"@id\":\"https:\/\/hubsch-interior.com\/fr\/produit\/cosplay-porte-manteaux-naturel-3\/#breadcrumb\"},\"inLanguage\":\"fr-FR\",\"potentialAction\":[{\"@type\":\"ReadAction\",\"target\":[\"https:\/\/hubsch-interior.com\/fr\/produit\/cosplay-porte-manteaux-naturel-3\/\"]}]},{\"@type\":\"ImageObject\",\"inLanguage\":\"fr-FR\",\"@id\":\"https:\/\/hubsch-interior.com\/fr\/produit\/cosplay-porte-manteaux-naturel-3\/#primaryimage\",\"url\":\"https:\/\/hubsch-interior.com\/wp-content\/uploads\/2026\/02\/cosplay-coatrack-l40-cm-natural-fc328df7884aa10916e02be17798127a.jpg\",\"contentUrl\":\"https:\/\/hubsch-interior.com\/wp-content\/uploads\/2026\/02\/cosplay-coatrack-l40-cm-natural-fc328df7884aa10916e02be17798127a.jpg\",\"width\":1024,\"height\":1024},{\"@type\":\"BreadcrumbList\",\"@id\":\"https:\/\/hubsch-interior.com\/fr\/produit\/cosplay-porte-manteaux-naturel-3\/#breadcrumb\",\"itemListElement\":[{\"@type\":\"ListItem\",\"position\":1,\"name\":\"Page d'accueil\",\"item\":\"https:\/\/hubsch-interior.com\/fr\/\"},{\"@type\":\"ListItem\",\"position\":2,\"name\":\"Produits\",\"item\":\"https:\/\/hubsch-interior.com\/fr\/shop-2\/\"},{\"@type\":\"ListItem\",\"position\":3,\"name\":\"Accessoires maison\",\"item\":\"https:\/\/hubsch-interior.com\/fr\/categorie-produit\/accessoires-maison\/\"},{\"@type\":\"ListItem\",\"position\":4,\"name\":\"Pat&egrave;res &amp; porte-manteaux\",\"item\":\"https:\/\/hubsch-interior.com\/fr\/categorie-produit\/accessoires-maison\/pateres-porte-manteaux-fr\/\"},{\"@type\":\"ListItem\",\"position\":5,\"name\":\"Porte-manteaux\",\"item\":\"https:\/\/hubsch-interior.com\/fr\/categorie-produit\/accessoires-maison\/pateres-porte-manteaux-fr\/porte-manteaux-fr\/\"},{\"@type\":\"ListItem\",\"position\":6,\"name\":\"Cosplay Porte-manteaux Naturel\"}]},{\"@type\":\"WebSite\",\"@id\":\"https:\/\/hubsch-interior.com\/fr\/#website\",\"url\":\"https:\/\/hubsch-interior.com\/fr\/\",\"name\":\"H\u00fcbsch\",\"description\":\"Danish Home Interior and Design\",\"publisher\":{\"@id\":\"https:\/\/hubsch-interior.com\/fr\/#organization\"},\"potentialAction\":[{\"@type\":\"SearchAction\",\"target\":{\"@type\":\"EntryPoint\",\"urlTemplate\":\"https:\/\/hubsch-interior.com\/fr\/?s={search_term_string}\"},\"query-input\":{\"@type\":\"PropertyValueSpecification\",\"valueRequired\":true,\"valueName\":\"search_term_string\"}}],\"inLanguage\":\"fr-FR\"},{\"@type\":\"Organization\",\"@id\":\"https:\/\/hubsch-interior.com\/fr\/#organization\",\"name\":\"H\u00fcbsch\",\"url\":\"https:\/\/hubsch-interior.com\/fr\/\",\"logo\":{\"@type\":\"ImageObject\",\"inLanguage\":\"fr-FR\",\"@id\":\"https:\/\/hubsch-interior.com\/fr\/#\/schema\/logo\/image\/\",\"url\":\"https:\/\/hubsch-interior.com\/wp-content\/uploads\/2022\/12\/Hubsch_logo_black_one_line.svg\",\"contentUrl\":\"https:\/\/hubsch-interior.com\/wp-content\/uploads\/2022\/12\/Hubsch_logo_black_one_line.svg\",\"caption\":\"H\u00fcbsch\"},\"image\":{\"@id\":\"https:\/\/hubsch-interior.com\/fr\/#\/schema\/logo\/image\/\"}}]}<\/script>\n<!-- \/ Yoast SEO plugin. -->","yoast_head_json":{"title":"Cosplay Porte-manteaux Naturel - H\u00fcbsch","description":"D\u00e9couvrez le **Cosplay Porte-manteaux**, un objet remarquable con\u00e7u sp\u00e9cialement pour vos essentiels de couloir. Fabriqu\u00e9 \u00e0 partir de bois de ch\u00eane","robots":{"index":"index","follow":"follow","max-snippet":"max-snippet:-1","max-image-preview":"max-image-preview:large","max-video-preview":"max-video-preview:-1"},"canonical":"https:\/\/hubsch-interior.com\/fr\/wp-json\/wp\/v2\/product\/1008906","og_locale":"fr_FR","og_type":"article","og_title":"Cosplay Porte-manteaux Naturel - H\u00fcbsch","og_description":"D\u00e9couvrez le **Cosplay Porte-manteaux**, un objet remarquable con\u00e7u sp\u00e9cialement pour vos essentiels de couloir. Fabriqu\u00e9 \u00e0 partir de bois de ch\u00eane","og_url":"https:\/\/hubsch-interior.com\/fr\/produit\/cosplay-porte-manteaux-naturel-3\/","og_site_name":"H\u00fcbsch","article_modified_time":"2026-04-09T02:53:37+00:00","og_image":[{"width":1024,"height":1024,"url":"https:\/\/hubsch-interior.com\/wp-content\/uploads\/2026\/02\/cosplay-coatrack-l40-cm-natural-fc328df7884aa10916e02be17798127a.jpg","type":"image\/jpeg"}],"twitter_card":"summary_large_image","schema":{"@context":"https:\/\/schema.org","@graph":[{"@type":"WebPage","@id":"https:\/\/hubsch-interior.com\/fr\/produit\/cosplay-porte-manteaux-naturel-3\/","url":"https:\/\/hubsch-interior.com\/fr\/produit\/cosplay-porte-manteaux-naturel-3\/","name":"Cosplay Porte-manteaux Naturel - H\u00fcbsch","isPartOf":{"@id":"https:\/\/hubsch-interior.com\/fr\/#website"},"primaryImageOfPage":{"@id":"https:\/\/hubsch-interior.com\/fr\/produit\/cosplay-porte-manteaux-naturel-3\/#primaryimage"},"image":{"@id":"https:\/\/hubsch-interior.com\/fr\/produit\/cosplay-porte-manteaux-naturel-3\/#primaryimage"},"thumbnailUrl":"https:\/\/hubsch-interior.com\/wp-content\/uploads\/2026\/02\/cosplay-coatrack-l40-cm-natural-fc328df7884aa10916e02be17798127a.jpg","datePublished":"2025-01-24T08:33:51+00:00","dateModified":"2026-04-09T02:53:37+00:00","description":"D\u00e9couvrez le **Cosplay Porte-manteaux**, un objet remarquable con\u00e7u sp\u00e9cialement pour vos essentiels de couloir. Fabriqu\u00e9 \u00e0 partir de bois de ch\u00eane","breadcrumb":{"@id":"https:\/\/hubsch-interior.com\/fr\/produit\/cosplay-porte-manteaux-naturel-3\/#breadcrumb"},"inLanguage":"fr-FR","potentialAction":[{"@type":"ReadAction","target":["https:\/\/hubsch-interior.com\/fr\/produit\/cosplay-porte-manteaux-naturel-3\/"]}]},{"@type":"ImageObject","inLanguage":"fr-FR","@id":"https:\/\/hubsch-interior.com\/fr\/produit\/cosplay-porte-manteaux-naturel-3\/#primaryimage","url":"https:\/\/hubsch-interior.com\/wp-content\/uploads\/2026\/02\/cosplay-coatrack-l40-cm-natural-fc328df7884aa10916e02be17798127a.jpg","contentUrl":"https:\/\/hubsch-interior.com\/wp-content\/uploads\/2026\/02\/cosplay-coatrack-l40-cm-natural-fc328df7884aa10916e02be17798127a.jpg","width":1024,"height":1024},{"@type":"BreadcrumbList","@id":"https:\/\/hubsch-interior.com\/fr\/produit\/cosplay-porte-manteaux-naturel-3\/#breadcrumb","itemListElement":[{"@type":"ListItem","position":1,"name":"Page d'accueil","item":"https:\/\/hubsch-interior.com\/fr\/"},{"@type":"ListItem","position":2,"name":"Produits","item":"https:\/\/hubsch-interior.com\/fr\/shop-2\/"},{"@type":"ListItem","position":3,"name":"Accessoires maison","item":"https:\/\/hubsch-interior.com\/fr\/categorie-produit\/accessoires-maison\/"},{"@type":"ListItem","position":4,"name":"Pat&egrave;res &amp; porte-manteaux","item":"https:\/\/hubsch-interior.com\/fr\/categorie-produit\/accessoires-maison\/pateres-porte-manteaux-fr\/"},{"@type":"ListItem","position":5,"name":"Porte-manteaux","item":"https:\/\/hubsch-interior.com\/fr\/categorie-produit\/accessoires-maison\/pateres-porte-manteaux-fr\/porte-manteaux-fr\/"},{"@type":"ListItem","position":6,"name":"Cosplay Porte-manteaux Naturel"}]},{"@type":"WebSite","@id":"https:\/\/hubsch-interior.com\/fr\/#website","url":"https:\/\/hubsch-interior.com\/fr\/","name":"H\u00fcbsch","description":"Danish Home Interior and Design","publisher":{"@id":"https:\/\/hubsch-interior.com\/fr\/#organization"},"potentialAction":[{"@type":"SearchAction","target":{"@type":"EntryPoint","urlTemplate":"https:\/\/hubsch-interior.com\/fr\/?s={search_term_string}"},"query-input":{"@type":"PropertyValueSpecification","valueRequired":true,"valueName":"search_term_string"}}],"inLanguage":"fr-FR"},{"@type":"Organization","@id":"https:\/\/hubsch-interior.com\/fr\/#organization","name":"H\u00fcbsch","url":"https:\/\/hubsch-interior.com\/fr\/","logo":{"@type":"ImageObject","inLanguage":"fr-FR","@id":"https:\/\/hubsch-interior.com\/fr\/#\/schema\/logo\/image\/","url":"https:\/\/hubsch-interior.com\/wp-content\/uploads\/2022\/12\/Hubsch_logo_black_one_line.svg","contentUrl":"https:\/\/hubsch-interior.com\/wp-content\/uploads\/2022\/12\/Hubsch_logo_black_one_line.svg","caption":"H\u00fcbsch"},"image":{"@id":"https:\/\/hubsch-interior.com\/fr\/#\/schema\/logo\/image\/"}}]}},"_links":{"self":[{"href":"https:\/\/hubsch-interior.com\/fr\/wp-json\/wp\/v2\/product\/1008906","targetHints":{"allow":["GET"]}}],"collection":[{"href":"https:\/\/hubsch-interior.com\/fr\/wp-json\/wp\/v2\/product"}],"about":[{"href":"https:\/\/hubsch-interior.com\/fr\/wp-json\/wp\/v2\/types\/product"}],"wp:featuredmedia":[{"embeddable":true,"href":"https:\/\/hubsch-interior.com\/fr\/wp-json\/wp\/v2\/media\/1104144"}],"wp:attachment":[{"href":"https:\/\/hubsch-interior.com\/fr\/wp-json\/wp\/v2\/media?parent=1008906"}],"wp:term":[{"taxonomy":"product_brand","embeddable":true,"href":"https:\/\/hubsch-interior.com\/fr\/wp-json\/wp\/v2\/product_brand?post=1008906"},{"taxonomy":"product_cat","embeddable":true,"href":"https:\/\/hubsch-interior.com\/fr\/wp-json\/wp\/v2\/product_cat?post=1008906"},{"taxonomy":"product_tag","embeddable":true,"href":"https:\/\/hubsch-interior.com\/fr\/wp-json\/wp\/v2\/product_tag?post=1008906"}],"curies":[{"name":"wp","href":"https:\/\/api.w.org\/{rel}","templated":true}]}}