{"id":1008950,"date":"2025-01-24T09:34:48","date_gmt":"2025-01-24T08:34:48","guid":{"rendered":"https:\/\/hubsch-interior.com\/product\/product\/"},"modified":"2026-04-05T04:57:04","modified_gmt":"2026-04-05T02:57:04","slug":"poetic-boite-vitrine-small-naturel","status":"publish","type":"product","link":"https:\/\/hubsch-interior.com\/fr\/produit\/poetic-boite-vitrine-small-naturel\/","title":{"rendered":"Poetic Bo\u00eete vitrine Small Naturel"},"content":{"rendered":"<p>D\u00e9couvrez le charme de notre Poetic Bo\u00eete vitrine, con\u00e7ue avec une finition naturelle apaisante. Cette pi\u00e8ce \u00e9l\u00e9gante poss\u00e8de un dessus en verre qui permet \u00e0 la lumi\u00e8re de danser autour de vos objets pr\u00e9cieux, qu&#8217;il s&#8217;agisse de bijoux, d&#8217;accessoires ou de tout tr\u00e9sor cher \u00e0 votre c\u0153ur. L&#8217;\u00e9tag\u00e8re en verre amovible s&#8217;adapte \u00e0 vos besoins d&#8217;exposition, en faisant une vitrine versatile et personnelle pour tout ce que vous ch\u00e9rissez. Ce n&#8217;est pas qu&#8217;une simple bo\u00eete ; c&#8217;est une sc\u00e8ne pour vos histoires les plus pr\u00e9cieuses.<\/p>\n","protected":false},"excerpt":{"rendered":"<p>D\u00e9couvrez le charme de notre Poetic Bo\u00eete vitrine, con\u00e7ue avec une finition naturelle apaisante. Cette pi\u00e8ce \u00e9l\u00e9gante poss\u00e8de un dessus en verre qui permet \u00e0 la lumi\u00e8re de danser autour de vos objets pr\u00e9cieux, qu&#8217;il s&#8217;agisse de bijoux, d&#8217;accessoires ou de tout tr\u00e9sor cher \u00e0 votre c\u0153ur. L&#8217;\u00e9tag\u00e8re en verre amovible s&#8217;adapte \u00e0 vos besoins [&hellip;]<\/p>\n","protected":false},"featured_media":1104172,"template":"","meta":{"_acf_changed":false,"inline_featured_image":false},"product_brand":[],"product_cat":[6997,4001,4002,3110,5026],"product_tag":[],"class_list":{"0":"post-1008950","1":"product","2":"type-product","3":"status-publish","4":"has-post-thumbnail","6":"product_cat-the-buzz-fr","7":"product_cat-etageres-et-meubles-de-rangement-fr","8":"product_cat-vitrines-fr","9":"product_cat-espace-de-rangement-fr","10":"product_cat-bestsellers-fr","11":"product_shipping_class-pk","12":"pa_color-naturel-2","13":"pa_material-mdf-fr","14":"pa_material-verre-fr","15":"pa_material-bois-de-chne-2","16":"pa_material-placage-de-chne-2","18":"first","19":"outofstock","20":"featured","21":"taxable","22":"shipping-taxable","23":"purchasable","24":"product-type-simple"},"exclude_global_add_ons":[],"addons":[],"acf":[],"yoast_head":"<!-- This site is optimized with the Yoast SEO plugin v26.4 - https:\/\/yoast.com\/wordpress\/plugins\/seo\/ -->\n<title>Poetic Bo\u00eete vitrine Small Naturel - H\u00fcbsch<\/title>\n<meta name=\"description\" content=\"D\u00e9couvrez le charme de notre Poetic Bo\u00eete vitrine, con\u00e7ue avec une finition naturelle apaisante. Cette pi\u00e8ce \u00e9l\u00e9gante poss\u00e8de un dessus en verre qui\" \/>\n<meta name=\"robots\" content=\"index, follow, max-snippet:-1, max-image-preview:large, max-video-preview:-1\" \/>\n<link rel=\"canonical\" href=\"https:\/\/hubsch-interior.com\/fr\/wp-json\/wp\/v2\/product\/1008950\" \/>\n<meta property=\"og:locale\" content=\"fr_FR\" \/>\n<meta property=\"og:type\" content=\"article\" \/>\n<meta property=\"og:title\" content=\"Poetic Bo\u00eete vitrine Small Naturel - H\u00fcbsch\" \/>\n<meta property=\"og:description\" content=\"D\u00e9couvrez le charme de notre Poetic Bo\u00eete vitrine, con\u00e7ue avec une finition naturelle apaisante. Cette pi\u00e8ce \u00e9l\u00e9gante poss\u00e8de un dessus en verre qui\" \/>\n<meta property=\"og:url\" content=\"https:\/\/hubsch-interior.com\/fr\/produit\/poetic-boite-vitrine-small-naturel\/\" \/>\n<meta property=\"og:site_name\" content=\"H\u00fcbsch\" \/>\n<meta property=\"article:modified_time\" content=\"2026-04-05T02:57:04+00:00\" \/>\n<meta property=\"og:image\" content=\"https:\/\/hubsch-interior.com\/wp-content\/uploads\/2025\/01\/poetic-display-box-small-natural-2575c7a70c68a6972fd3919c10979606.jpg\" \/>\n\t<meta property=\"og:image:width\" content=\"1200\" \/>\n\t<meta property=\"og:image:height\" content=\"1200\" \/>\n\t<meta property=\"og:image:type\" content=\"image\/jpeg\" \/>\n<meta name=\"twitter:card\" content=\"summary_large_image\" \/>\n<script type=\"application\/ld+json\" class=\"yoast-schema-graph\">{\"@context\":\"https:\/\/schema.org\",\"@graph\":[{\"@type\":\"WebPage\",\"@id\":\"https:\/\/hubsch-interior.com\/fr\/produit\/poetic-boite-vitrine-small-naturel\/\",\"url\":\"https:\/\/hubsch-interior.com\/fr\/produit\/poetic-boite-vitrine-small-naturel\/\",\"name\":\"Poetic Bo\u00eete vitrine Small Naturel - H\u00fcbsch\",\"isPartOf\":{\"@id\":\"https:\/\/hubsch-interior.com\/fr\/#website\"},\"primaryImageOfPage\":{\"@id\":\"https:\/\/hubsch-interior.com\/fr\/produit\/poetic-boite-vitrine-small-naturel\/#primaryimage\"},\"image\":{\"@id\":\"https:\/\/hubsch-interior.com\/fr\/produit\/poetic-boite-vitrine-small-naturel\/#primaryimage\"},\"thumbnailUrl\":\"https:\/\/hubsch-interior.com\/wp-content\/uploads\/2026\/02\/poetic-display-box-small-natural-ba60e669110c83bb74e0438b660cbd7b.jpg\",\"datePublished\":\"2025-01-24T08:34:48+00:00\",\"dateModified\":\"2026-04-05T02:57:04+00:00\",\"description\":\"D\u00e9couvrez le charme de notre Poetic Bo\u00eete vitrine, con\u00e7ue avec une finition naturelle apaisante. Cette pi\u00e8ce \u00e9l\u00e9gante poss\u00e8de un dessus en verre qui\",\"breadcrumb\":{\"@id\":\"https:\/\/hubsch-interior.com\/fr\/produit\/poetic-boite-vitrine-small-naturel\/#breadcrumb\"},\"inLanguage\":\"fr-FR\",\"potentialAction\":[{\"@type\":\"ReadAction\",\"target\":[\"https:\/\/hubsch-interior.com\/fr\/produit\/poetic-boite-vitrine-small-naturel\/\"]}]},{\"@type\":\"ImageObject\",\"inLanguage\":\"fr-FR\",\"@id\":\"https:\/\/hubsch-interior.com\/fr\/produit\/poetic-boite-vitrine-small-naturel\/#primaryimage\",\"url\":\"https:\/\/hubsch-interior.com\/wp-content\/uploads\/2026\/02\/poetic-display-box-small-natural-ba60e669110c83bb74e0438b660cbd7b.jpg\",\"contentUrl\":\"https:\/\/hubsch-interior.com\/wp-content\/uploads\/2026\/02\/poetic-display-box-small-natural-ba60e669110c83bb74e0438b660cbd7b.jpg\",\"width\":1024,\"height\":1024},{\"@type\":\"BreadcrumbList\",\"@id\":\"https:\/\/hubsch-interior.com\/fr\/produit\/poetic-boite-vitrine-small-naturel\/#breadcrumb\",\"itemListElement\":[{\"@type\":\"ListItem\",\"position\":1,\"name\":\"Page d'accueil\",\"item\":\"https:\/\/hubsch-interior.com\/fr\/\"},{\"@type\":\"ListItem\",\"position\":2,\"name\":\"Produits\",\"item\":\"https:\/\/hubsch-interior.com\/fr\/shop-2\/\"},{\"@type\":\"ListItem\",\"position\":3,\"name\":\"Meubles\",\"item\":\"https:\/\/hubsch-interior.com\/fr\/categorie-produit\/meubles\/\"},{\"@type\":\"ListItem\",\"position\":4,\"name\":\"Etag&egrave;res et meubles de rangement\",\"item\":\"https:\/\/hubsch-interior.com\/fr\/categorie-produit\/meubles\/etageres-et-meubles-de-rangement-fr\/\"},{\"@type\":\"ListItem\",\"position\":5,\"name\":\"Vitrines\",\"item\":\"https:\/\/hubsch-interior.com\/fr\/categorie-produit\/meubles\/etageres-et-meubles-de-rangement-fr\/vitrines-fr\/\"},{\"@type\":\"ListItem\",\"position\":6,\"name\":\"Poetic Bo\u00eete vitrine Small Naturel\"}]},{\"@type\":\"WebSite\",\"@id\":\"https:\/\/hubsch-interior.com\/fr\/#website\",\"url\":\"https:\/\/hubsch-interior.com\/fr\/\",\"name\":\"H\u00fcbsch\",\"description\":\"Danish Home Interior and Design\",\"publisher\":{\"@id\":\"https:\/\/hubsch-interior.com\/fr\/#organization\"},\"potentialAction\":[{\"@type\":\"SearchAction\",\"target\":{\"@type\":\"EntryPoint\",\"urlTemplate\":\"https:\/\/hubsch-interior.com\/fr\/?s={search_term_string}\"},\"query-input\":{\"@type\":\"PropertyValueSpecification\",\"valueRequired\":true,\"valueName\":\"search_term_string\"}}],\"inLanguage\":\"fr-FR\"},{\"@type\":\"Organization\",\"@id\":\"https:\/\/hubsch-interior.com\/fr\/#organization\",\"name\":\"H\u00fcbsch\",\"url\":\"https:\/\/hubsch-interior.com\/fr\/\",\"logo\":{\"@type\":\"ImageObject\",\"inLanguage\":\"fr-FR\",\"@id\":\"https:\/\/hubsch-interior.com\/fr\/#\/schema\/logo\/image\/\",\"url\":\"https:\/\/hubsch-interior.com\/wp-content\/uploads\/2022\/12\/Hubsch_logo_black_one_line.svg\",\"contentUrl\":\"https:\/\/hubsch-interior.com\/wp-content\/uploads\/2022\/12\/Hubsch_logo_black_one_line.svg\",\"caption\":\"H\u00fcbsch\"},\"image\":{\"@id\":\"https:\/\/hubsch-interior.com\/fr\/#\/schema\/logo\/image\/\"}}]}<\/script>\n<!-- \/ Yoast SEO plugin. -->","yoast_head_json":{"title":"Poetic Bo\u00eete vitrine Small Naturel - H\u00fcbsch","description":"D\u00e9couvrez le charme de notre Poetic Bo\u00eete vitrine, con\u00e7ue avec une finition naturelle apaisante. Cette pi\u00e8ce \u00e9l\u00e9gante poss\u00e8de un dessus en verre qui","robots":{"index":"index","follow":"follow","max-snippet":"max-snippet:-1","max-image-preview":"max-image-preview:large","max-video-preview":"max-video-preview:-1"},"canonical":"https:\/\/hubsch-interior.com\/fr\/wp-json\/wp\/v2\/product\/1008950","og_locale":"fr_FR","og_type":"article","og_title":"Poetic Bo\u00eete vitrine Small Naturel - H\u00fcbsch","og_description":"D\u00e9couvrez le charme de notre Poetic Bo\u00eete vitrine, con\u00e7ue avec une finition naturelle apaisante. Cette pi\u00e8ce \u00e9l\u00e9gante poss\u00e8de un dessus en verre qui","og_url":"https:\/\/hubsch-interior.com\/fr\/produit\/poetic-boite-vitrine-small-naturel\/","og_site_name":"H\u00fcbsch","article_modified_time":"2026-04-05T02:57:04+00:00","og_image":[{"width":1200,"height":1200,"url":"https:\/\/hubsch-interior.com\/wp-content\/uploads\/2025\/01\/poetic-display-box-small-natural-2575c7a70c68a6972fd3919c10979606.jpg","type":"image\/jpeg"}],"twitter_card":"summary_large_image","schema":{"@context":"https:\/\/schema.org","@graph":[{"@type":"WebPage","@id":"https:\/\/hubsch-interior.com\/fr\/produit\/poetic-boite-vitrine-small-naturel\/","url":"https:\/\/hubsch-interior.com\/fr\/produit\/poetic-boite-vitrine-small-naturel\/","name":"Poetic Bo\u00eete vitrine Small Naturel - H\u00fcbsch","isPartOf":{"@id":"https:\/\/hubsch-interior.com\/fr\/#website"},"primaryImageOfPage":{"@id":"https:\/\/hubsch-interior.com\/fr\/produit\/poetic-boite-vitrine-small-naturel\/#primaryimage"},"image":{"@id":"https:\/\/hubsch-interior.com\/fr\/produit\/poetic-boite-vitrine-small-naturel\/#primaryimage"},"thumbnailUrl":"https:\/\/hubsch-interior.com\/wp-content\/uploads\/2026\/02\/poetic-display-box-small-natural-ba60e669110c83bb74e0438b660cbd7b.jpg","datePublished":"2025-01-24T08:34:48+00:00","dateModified":"2026-04-05T02:57:04+00:00","description":"D\u00e9couvrez le charme de notre Poetic Bo\u00eete vitrine, con\u00e7ue avec une finition naturelle apaisante. Cette pi\u00e8ce \u00e9l\u00e9gante poss\u00e8de un dessus en verre qui","breadcrumb":{"@id":"https:\/\/hubsch-interior.com\/fr\/produit\/poetic-boite-vitrine-small-naturel\/#breadcrumb"},"inLanguage":"fr-FR","potentialAction":[{"@type":"ReadAction","target":["https:\/\/hubsch-interior.com\/fr\/produit\/poetic-boite-vitrine-small-naturel\/"]}]},{"@type":"ImageObject","inLanguage":"fr-FR","@id":"https:\/\/hubsch-interior.com\/fr\/produit\/poetic-boite-vitrine-small-naturel\/#primaryimage","url":"https:\/\/hubsch-interior.com\/wp-content\/uploads\/2026\/02\/poetic-display-box-small-natural-ba60e669110c83bb74e0438b660cbd7b.jpg","contentUrl":"https:\/\/hubsch-interior.com\/wp-content\/uploads\/2026\/02\/poetic-display-box-small-natural-ba60e669110c83bb74e0438b660cbd7b.jpg","width":1024,"height":1024},{"@type":"BreadcrumbList","@id":"https:\/\/hubsch-interior.com\/fr\/produit\/poetic-boite-vitrine-small-naturel\/#breadcrumb","itemListElement":[{"@type":"ListItem","position":1,"name":"Page d'accueil","item":"https:\/\/hubsch-interior.com\/fr\/"},{"@type":"ListItem","position":2,"name":"Produits","item":"https:\/\/hubsch-interior.com\/fr\/shop-2\/"},{"@type":"ListItem","position":3,"name":"Meubles","item":"https:\/\/hubsch-interior.com\/fr\/categorie-produit\/meubles\/"},{"@type":"ListItem","position":4,"name":"Etag&egrave;res et meubles de rangement","item":"https:\/\/hubsch-interior.com\/fr\/categorie-produit\/meubles\/etageres-et-meubles-de-rangement-fr\/"},{"@type":"ListItem","position":5,"name":"Vitrines","item":"https:\/\/hubsch-interior.com\/fr\/categorie-produit\/meubles\/etageres-et-meubles-de-rangement-fr\/vitrines-fr\/"},{"@type":"ListItem","position":6,"name":"Poetic Bo\u00eete vitrine Small Naturel"}]},{"@type":"WebSite","@id":"https:\/\/hubsch-interior.com\/fr\/#website","url":"https:\/\/hubsch-interior.com\/fr\/","name":"H\u00fcbsch","description":"Danish Home Interior and Design","publisher":{"@id":"https:\/\/hubsch-interior.com\/fr\/#organization"},"potentialAction":[{"@type":"SearchAction","target":{"@type":"EntryPoint","urlTemplate":"https:\/\/hubsch-interior.com\/fr\/?s={search_term_string}"},"query-input":{"@type":"PropertyValueSpecification","valueRequired":true,"valueName":"search_term_string"}}],"inLanguage":"fr-FR"},{"@type":"Organization","@id":"https:\/\/hubsch-interior.com\/fr\/#organization","name":"H\u00fcbsch","url":"https:\/\/hubsch-interior.com\/fr\/","logo":{"@type":"ImageObject","inLanguage":"fr-FR","@id":"https:\/\/hubsch-interior.com\/fr\/#\/schema\/logo\/image\/","url":"https:\/\/hubsch-interior.com\/wp-content\/uploads\/2022\/12\/Hubsch_logo_black_one_line.svg","contentUrl":"https:\/\/hubsch-interior.com\/wp-content\/uploads\/2022\/12\/Hubsch_logo_black_one_line.svg","caption":"H\u00fcbsch"},"image":{"@id":"https:\/\/hubsch-interior.com\/fr\/#\/schema\/logo\/image\/"}}]}},"_links":{"self":[{"href":"https:\/\/hubsch-interior.com\/fr\/wp-json\/wp\/v2\/product\/1008950","targetHints":{"allow":["GET"]}}],"collection":[{"href":"https:\/\/hubsch-interior.com\/fr\/wp-json\/wp\/v2\/product"}],"about":[{"href":"https:\/\/hubsch-interior.com\/fr\/wp-json\/wp\/v2\/types\/product"}],"wp:featuredmedia":[{"embeddable":true,"href":"https:\/\/hubsch-interior.com\/fr\/wp-json\/wp\/v2\/media\/1104172"}],"wp:attachment":[{"href":"https:\/\/hubsch-interior.com\/fr\/wp-json\/wp\/v2\/media?parent=1008950"}],"wp:term":[{"taxonomy":"product_brand","embeddable":true,"href":"https:\/\/hubsch-interior.com\/fr\/wp-json\/wp\/v2\/product_brand?post=1008950"},{"taxonomy":"product_cat","embeddable":true,"href":"https:\/\/hubsch-interior.com\/fr\/wp-json\/wp\/v2\/product_cat?post=1008950"},{"taxonomy":"product_tag","embeddable":true,"href":"https:\/\/hubsch-interior.com\/fr\/wp-json\/wp\/v2\/product_tag?post=1008950"}],"curies":[{"name":"wp","href":"https:\/\/api.w.org\/{rel}","templated":true}]}}